{"id":30059,"date":"2020-02-26T21:42:26","date_gmt":"2020-02-26T21:42:26","guid":{"rendered":"https:\/\/sexner.com\/?page_id=30059"},"modified":"2023-04-27T11:13:08","modified_gmt":"2023-04-27T16:13:08","slug":"mitchell-s-sexner","status":"publish","type":"page","link":"https:\/\/chicagoinjurylawyer.net\/es\/sobre-nosotros\/mitchell-s-sexner\/","title":{"rendered":"Mitchell S. Sexner"},"content":{"rendered":"<h1>Abogado Mitchell S. Sexner<\/h1>\n<img decoding=\"async\" alt=\"Mitchell S. Sexner\" class=\"attorney-img size-full wp-image-31401 alignright\" src=\"\/wp-content\/uploads\/2021\/02\/sexner-new-bio.jpg\" width=\"292\" height=\"292\" \/>\n<p>Mitchell S. Sexner es el abogado fundador de Sexner Injury Lawyers LLC, un bufete de abogados establecido por primera vez en 1990. Graduado de la Universidad Northwestern en Evanston y del IIT Chicago Kent College of Law en Chicago, es un residente de toda la vida del \u00e1rea de Chicago que ha dedicado su carrera a la protecci\u00f3n y defensa de asuntos penales y de tr\u00e1fico, as\u00ed como de los heridos por negligencia de otros.<\/p>\n<p>El Sr. Sexner comenz\u00f3 su carrera legal en la Oficina del Fiscal del Estado del Condado de Cook, donde proces\u00f3 miles de casos relacionados con asuntos de tr\u00e1fico, DUI, delitos juveniles y todo tipo de delitos que van desde conducta desordenada hasta intento de asesinato. A veces manejando m\u00e1s de cien casos en un solo d\u00eda, mantuvo una gran atenci\u00f3n al detalle, mientras ganaba la gran mayor\u00eda de sus juicios, a menudo se le ped\u00eda que supervisara o educara a otros fiscales sobre la ley durante su mandato. El Sr. Sexner ha sido comentarista invitado de televisi\u00f3n y trabaj\u00f3 durante un per\u00edodo de tiempo para la secretaria del Estado de Illinois, as\u00ed como para el secretario del Tribunal de Circuito del Condado de Cook, ampliando a\u00fan m\u00e1s su conocimiento del sistema judicial y los privilegios de la licencia de conducir. Es admitido en el Federal Trial Bar y en los tribunales de distrito de EE. UU. En Illinois, Hawaii, Texas y Wisconsin.<\/p>\n<p>Despu\u00e9s de abandonar la Oficina del Fiscal del Estado, abri\u00f3 las Oficinas Legales de Mitchell S. Sexner en 1990, primero en los suburbios del noroeste de Chicago y luego se expandi\u00f3 a una oficina adicional en la ciudad de Chicago para atender mejor las necesidades legales de todos los residentes en el norte de Illinois. Durante los \u00faltimos 30 a\u00f1os, ha seleccionado meticulosamente un grupo selecto de abogados experimentados y personal de apoyo para proporcionar los m\u00e1s altos est\u00e1ndares de servicios legales a los necesitados. Adem\u00e1s de cientos de casos criminales y de tr\u00e1fico litigados con \u00e9xito, su firma tambi\u00e9n ha sido responsable de asegurar m\u00e1s de $ 25,000,000 en acuerdos y veredictos para clientes lesionados.<\/p>\n<p>Para m\u00e1s informaci\u00f3n o para programar una consulta gratuita para discutir su asunto legal, comun\u00edquese con Mitch Sexner al <a href=\"tel:3122439922\">(312) 243-9922<\/a> o por correo electr\u00f3nico a <a href=\"mailto:mitch@sexner.com\">mitch@sexner.com<\/a>.<\/p>\n","protected":false},"excerpt":{"rendered":"<p>Abogado Mitchell S. Sexner Mitchell S. Sexner es el abogado fundador de , un bufete de abogados establecido por primera vez en 1990. Graduado de la Universidad Northwestern en Evanston y del IIT Chicago Kent College of Law en Chicago, es un residente de toda la vida del \u00e1rea de Chicago que ha dedicado su [&hellip;]<\/p>\n","protected":false},"author":1,"featured_media":30102,"parent":3775,"menu_order":0,"comment_status":"closed","ping_status":"closed","template":"","meta":{"_acf_changed":false,"footnotes":""},"class_list":["post-30059","page","type-page","status-publish","has-post-thumbnail","hentry"],"acf":[],"yoast_head":"<!-- This site is optimized with the Yoast SEO plugin v27.4 - https:\/\/yoast.com\/product\/yoast-seo-wordpress\/ -->\n<title>Abogado Mitchell S. Sexner - Sexner Injury Lawyers LLC<\/title>\n<meta name=\"description\" content=\"Mitchell S. Sexner es el abogado fundador de Sexner Injury Lawyers LLC, un bufete de abogados establecido por primera vez en 1990.\" \/>\n<meta name=\"robots\" content=\"index, follow, max-snippet:-1, max-image-preview:large, max-video-preview:-1\" \/>\n<link rel=\"canonical\" href=\"https:\/\/chicagoinjurylawyer.net\/es\/sobre-nosotros\/mitchell-s-sexner\/\" \/>\n<meta property=\"og:locale\" content=\"es_ES\" \/>\n<meta property=\"og:type\" content=\"article\" \/>\n<meta property=\"og:title\" content=\"Abogado Mitchell S. Sexner - Sexner Injury Lawyers LLC\" \/>\n<meta property=\"og:description\" content=\"Mitchell S. Sexner es el abogado fundador de Sexner Injury Lawyers LLC, un bufete de abogados establecido por primera vez en 1990.\" \/>\n<meta property=\"og:url\" content=\"https:\/\/chicagoinjurylawyer.net\/es\/sobre-nosotros\/mitchell-s-sexner\/\" \/>\n<meta property=\"og:site_name\" content=\"Sexner Injury Lawyers LLC\" \/>\n<meta property=\"article:modified_time\" content=\"2023-04-27T16:13:08+00:00\" \/>\n<meta property=\"og:image\" content=\"https:\/\/chicagoinjurylawyer.net\/wp-content\/uploads\/2020\/03\/Mitchell-S.-Sexner.jpg\" \/>\n\t<meta property=\"og:image:width\" content=\"748\" \/>\n\t<meta property=\"og:image:height\" content=\"748\" \/>\n\t<meta property=\"og:image:type\" content=\"image\/jpeg\" \/>\n<meta name=\"twitter:card\" content=\"summary_large_image\" \/>\n<meta name=\"twitter:label1\" content=\"Tiempo de lectura\" \/>\n\t<meta name=\"twitter:data1\" content=\"2 minutos\" \/>\n<!-- \/ Yoast SEO plugin. -->","yoast_head_json":{"title":"Abogado Mitchell S. Sexner - Sexner Injury Lawyers LLC","description":"Mitchell S. Sexner es el abogado fundador de Sexner Injury Lawyers LLC, un bufete de abogados establecido por primera vez en 1990.","robots":{"index":"index","follow":"follow","max-snippet":"max-snippet:-1","max-image-preview":"max-image-preview:large","max-video-preview":"max-video-preview:-1"},"canonical":"https:\/\/chicagoinjurylawyer.net\/es\/sobre-nosotros\/mitchell-s-sexner\/","og_locale":"es_ES","og_type":"article","og_title":"Abogado Mitchell S. Sexner - Sexner Injury Lawyers LLC","og_description":"Mitchell S. Sexner es el abogado fundador de Sexner Injury Lawyers LLC, un bufete de abogados establecido por primera vez en 1990.","og_url":"https:\/\/chicagoinjurylawyer.net\/es\/sobre-nosotros\/mitchell-s-sexner\/","og_site_name":"Sexner Injury Lawyers LLC","article_modified_time":"2023-04-27T16:13:08+00:00","og_image":[{"width":748,"height":748,"url":"https:\/\/chicagoinjurylawyer.net\/wp-content\/uploads\/2020\/03\/Mitchell-S.-Sexner.jpg","type":"image\/jpeg"}],"twitter_card":"summary_large_image","twitter_misc":{"Tiempo de lectura":"2 minutos"},"schema":{"@context":"https:\/\/schema.org","@graph":[{"@type":"WebPage","@id":"https:\/\/chicagoinjurylawyer.net\/es\/sobre-nosotros\/mitchell-s-sexner\/","url":"https:\/\/chicagoinjurylawyer.net\/es\/sobre-nosotros\/mitchell-s-sexner\/","name":"Abogado Mitchell S. Sexner - Sexner Injury Lawyers LLC","isPartOf":{"@id":"https:\/\/chicagoinjurylawyer.net\/es\/#website"},"primaryImageOfPage":{"@id":"https:\/\/chicagoinjurylawyer.net\/es\/sobre-nosotros\/mitchell-s-sexner\/#primaryimage"},"image":{"@id":"https:\/\/chicagoinjurylawyer.net\/es\/sobre-nosotros\/mitchell-s-sexner\/#primaryimage"},"thumbnailUrl":"https:\/\/chicagoinjurylawyer.net\/wp-content\/uploads\/2020\/03\/Mitchell-S.-Sexner.jpg","datePublished":"2020-02-26T21:42:26+00:00","dateModified":"2023-04-27T16:13:08+00:00","description":"Mitchell S. Sexner es el abogado fundador de [firm-name], un bufete de abogados establecido por primera vez en 1990.","breadcrumb":{"@id":"https:\/\/chicagoinjurylawyer.net\/es\/sobre-nosotros\/mitchell-s-sexner\/#breadcrumb"},"inLanguage":"es","potentialAction":[{"@type":"ReadAction","target":["https:\/\/chicagoinjurylawyer.net\/es\/sobre-nosotros\/mitchell-s-sexner\/"]}]},{"@type":"ImageObject","inLanguage":"es","@id":"https:\/\/chicagoinjurylawyer.net\/es\/sobre-nosotros\/mitchell-s-sexner\/#primaryimage","url":"https:\/\/chicagoinjurylawyer.net\/wp-content\/uploads\/2020\/03\/Mitchell-S.-Sexner.jpg","contentUrl":"https:\/\/chicagoinjurylawyer.net\/wp-content\/uploads\/2020\/03\/Mitchell-S.-Sexner.jpg","width":748,"height":748,"caption":"Mitchell S. Sexner"},{"@type":"BreadcrumbList","@id":"https:\/\/chicagoinjurylawyer.net\/es\/sobre-nosotros\/mitchell-s-sexner\/#breadcrumb","itemListElement":[{"@type":"ListItem","position":1,"name":"Sobre Nosotros","item":"https:\/\/chicagoinjurylawyer.net\/es\/sobre-nosotros\/"},{"@type":"ListItem","position":2,"name":"Mitchell S. Sexner"}]},{"@type":"WebSite","@id":"https:\/\/chicagoinjurylawyer.net\/es\/#website","url":"https:\/\/chicagoinjurylawyer.net\/es\/","name":"Sexner Injury Lawyers LLC","description":"Chicago Personal Injury Attorneys","publisher":{"@id":"https:\/\/chicagoinjurylawyer.net\/es\/#organization"},"potentialAction":[{"@type":"SearchAction","target":{"@type":"EntryPoint","urlTemplate":"https:\/\/chicagoinjurylawyer.net\/es\/?s={search_term_string}"},"query-input":{"@type":"PropertyValueSpecification","valueRequired":true,"valueName":"search_term_string"}}],"inLanguage":"es"},{"@type":"Organization","@id":"https:\/\/chicagoinjurylawyer.net\/es\/#organization","name":"[firm-name]","url":"https:\/\/chicagoinjurylawyer.net\/es\/","logo":{"@type":"ImageObject","inLanguage":"es","@id":"https:\/\/chicagoinjurylawyer.net\/es\/#\/schema\/logo\/image\/","url":"https:\/\/chicagoinjurylawyer.net\/wp-content\/uploads\/2019\/06\/msx-logo-1.png","contentUrl":"https:\/\/chicagoinjurylawyer.net\/wp-content\/uploads\/2019\/06\/msx-logo-1.png","width":180,"height":83,"caption":"[firm-name]"},"image":{"@id":"https:\/\/chicagoinjurylawyer.net\/es\/#\/schema\/logo\/image\/"}}]}},"_links":{"self":[{"href":"https:\/\/chicagoinjurylawyer.net\/es\/wp-json\/wp\/v2\/pages\/30059","targetHints":{"allow":["GET"]}}],"collection":[{"href":"https:\/\/chicagoinjurylawyer.net\/es\/wp-json\/wp\/v2\/pages"}],"about":[{"href":"https:\/\/chicagoinjurylawyer.net\/es\/wp-json\/wp\/v2\/types\/page"}],"author":[{"embeddable":true,"href":"https:\/\/chicagoinjurylawyer.net\/es\/wp-json\/wp\/v2\/users\/1"}],"replies":[{"embeddable":true,"href":"https:\/\/chicagoinjurylawyer.net\/es\/wp-json\/wp\/v2\/comments?post=30059"}],"version-history":[{"count":7,"href":"https:\/\/chicagoinjurylawyer.net\/es\/wp-json\/wp\/v2\/pages\/30059\/revisions"}],"predecessor-version":[{"id":33917,"href":"https:\/\/chicagoinjurylawyer.net\/es\/wp-json\/wp\/v2\/pages\/30059\/revisions\/33917"}],"up":[{"embeddable":true,"href":"https:\/\/chicagoinjurylawyer.net\/es\/wp-json\/wp\/v2\/pages\/3775"}],"wp:featuredmedia":[{"embeddable":true,"href":"https:\/\/chicagoinjurylawyer.net\/es\/wp-json\/wp\/v2\/media\/30102"}],"wp:attachment":[{"href":"https:\/\/chicagoinjurylawyer.net\/es\/wp-json\/wp\/v2\/media?parent=30059"}],"curies":[{"name":"wp","href":"https:\/\/api.w.org\/{rel}","templated":true}]}}