{"id":31258,"date":"2020-10-20T16:04:59","date_gmt":"2020-10-20T21:04:59","guid":{"rendered":"https:\/\/sexner.com\/?page_id=31258"},"modified":"2022-01-31T17:12:33","modified_gmt":"2022-01-31T23:12:33","slug":"areas-de-practica","status":"publish","type":"page","link":"https:\/\/chicagoinjurylawyer.net\/es\/areas-de-practica\/","title":{"rendered":"\u00c1reas de Pr\u00e1ctica"},"content":{"rendered":"<h1>Abogado de Lesiones Personales de Chicago<\/h1>\n<p><img decoding=\"async\" class=\" wp-image-7452 alignleft\" src=\"\/wp-content\/uploads\/2019\/06\/best-attorney-150x150-1.png\" alt=\"The National Trial Lawyers Best Attorney\" width=\"171\" height=\"171\" \/>En Sexner Injury Lawyers LLC, que representan los derechos de los heridos y har\u00e1n cuanto est\u00e9 a nuestro alcance para asegurar a las v\u00edctimas y sus familias reciban la indemnizaci\u00f3n m\u00e1xima permitida por la ley.<\/p>\n<p><strong>Clientes de nuestra red de abogados han sido ayudados a recibir <a href=\"\/es\/nuestro-exito\/\">veredictos y acuerdos<\/a>\u00a0que van desde $ 100,000 a m\u00e1s de $ 10 millones.<\/strong><\/p>\n<p>Porque creemos en la protecci\u00f3n de los derechos de los heridos, las consultas iniciales son 100% gratis! Vamos a revisar cuidadosamente los hechos de su caso y explicar sus opciones legales, sin costo alguno. Y manejamos casos de lesiones personales en base a honorarios de contingencia, lo que significa que no hay gastos legales a menos que ganemos su caso, ya sea por sentencia o resoluci\u00f3n.<\/p>\n<h2>Sexner Injury Lawyers LLC: Conocimiento - Experiencia - Resultados<\/h2>\n<p>Ya sea que usted est\u00e1 tratando con crecientes gastos m\u00e9dicos, salarios perdidos o rehabilitaci\u00f3n en curso, usted no tiene que lidiar con eso solo, eso es lo que estamos aqu\u00ed. Tenemos la red de abogados de lesiones personales, el personal, los recursos y la experiencia para manejar una variedad de casos, incluyendo:<\/p>\n<ul>\n<li><a href=\"\/es\/accidentes-de-trafico\/\">Accidentes Automovil\u00edsticos<\/a><\/li>\n<li><a href=\"\/es\/accidentes-de-avion\/\">Accidentes de Aviaci\u00f3n<\/a><\/li>\n<li><a href=\"\/es\/accidentes-en-parque-tematico\/\">Accidentes en Parques Tem\u00e1ticos<\/a><\/li>\n<li><a href=\"\/es\/asbestos-mesothelioma\/\">Asbestos y Mesotelioma<\/a><\/li>\n<li><a href=\"\/es\/accidentes-de-bicicletas\/\">Accidentes de Bicicleta<\/a><\/li>\n<li><a href=\"\/es\/accidentes-de-barco\/\">Accidentes de Paseos de Barco<\/a><\/li>\n<li><a href=\"\/es\/compensacion-de-trabajadores\/accidentes-en-la-construccion\/\">Accidentes de Construcci\u00f3n<\/a><\/li>\n<li><a href=\"\/es\/accidentes-de-trafico\/conductores-ebrios\/\">Accidentes de Conductores Ebrios<\/a><\/li>\n<li><a href=\"\/es\/descarga-electrica\/\">Accidentes El\u00e9ctricos<\/a><\/li>\n<li><a href=\"\/es\/accidente-de-motocicleta\/\">Accidentes de motocicleta<\/a><\/li>\n<li><a href=\"\/es\/accidentes-de-transporte-publico\/\">Accidentes de Transporte P\u00fablico<\/a><\/li>\n<li><a href=\"\/es\/accidentes-de-ferrocarril\/\">Accidentes de Ferrocarril<\/a><\/li>\n<li><a href=\"\/es\/accidentes-de-camiones\/\">Accidentes de Camiones<\/a><\/li>\n<li><a href=\"\/es\/abuso-sexual\/\">Abuso Sexual<\/a><\/li>\n<li><a href=\"\/es\/abuso-de-asilo-de-ancianos\/\">Abuso de Asilo de Ancianos<\/a><\/li>\n<li><a href=\"\/es\/compensacion-de-trabajadores\/\">Compensaci\u00f3n de los Trabajadores<\/a><\/li>\n<li><a href=\"\/es\/lesiones-relacionados-al-producto\/defectos-de-auto\/\">Defectos de Auto<\/a><\/li>\n<li><a href=\"\/es\/lesiones-relacionados-al-producto\/\">Defectos del Producto<\/a><\/li>\n<li><a href=\"\/es\/novatadas\/\">Novatadas<\/a><\/li>\n<li><a href=\"\/es\/accidentes-de-trafico\/huesos-fracturados\/\">Huesos Fracturados<\/a><\/li>\n<li><a href=\"\/es\/envenenamiento-por-alimentos\/\">Intoxicaci\u00f3n Alimentaria<\/a><\/li>\n<li><a href=\"\/es\/lesiones-cerebrales-traumaticas\/\">Las Lesiones Cerebrales Traum\u00e1ticas<\/a><\/li>\n<li><a href=\"\/es\/lesiones-de-organos-internos\/\">Lesiones de \u00d3rganos Internos<\/a><\/li>\n<li><a href=\"\/es\/quemaduras\/\">Lesiones por Quemaduras<\/a><\/li>\n<li><a href=\"\/es\/lesiones-quimicas\/\">Lesiones Qu\u00edmicas<\/a><\/li>\n<li><a href=\"\/es\/lesiones-de-conciertos-y-deportivos\/\">Lesiones de Concierto, Clubes Nocturnos y Eventos Deportivos<\/a><\/li>\n<li><a href=\"\/es\/mordeduras-de-perro\/\">Lesiones por Mordedura de Perro<\/a><\/li>\n<li><a href=\"\/es\/accidentes-de-trafico\/lesiones-pasajero\/\">Lesiones de Pasajeros<\/a><\/li>\n<li><a href=\"\/es\/lesiones-de-peatones\/\">Lesiones de Peatones<\/a><\/li>\n<li><a href=\"\/es\/negligencia-medica\/defectos-de-nacimiento\/\">Defectos de Nacimiento<\/a><\/li>\n<li><a href=\"\/es\/lesiones-infantiles\/\">Lesiones Infantiles <\/a><\/li>\n<li><a href=\"\/es\/resbalones-tropiezos-y-caidas\/\">Lesiones de Resbalones, Tropiezos y Ca\u00eddas<\/a><\/li>\n<li><a href=\"\/es\/lesiones-de-la-medula-espinal\/\">Lesiones de M\u00e9dula Espinal<\/a><\/li>\n<li><a href=\"\/es\/accidentes-en-piscina\/\">Lesionesde Piscina<\/a><\/li>\n<li><a href=\"\/es\/muerte-injusta\/\">Muerte por Negligencia<\/a><\/li>\n<li><a href=\"\/es\/negligencia-medica\/\">Negligencia M\u00e9dica<\/a><\/li>\n<li><a href=\"\/es\/responsabilidad-de-locales\/\">Responsabilidad de Locales<\/a><\/li>\n<li><a href=\"\/es\/saturnismo\/\">Saturnismo<\/a><\/li>\n<\/ul>\n<h2>Experimentado Bufete de Lesiones de Chicago, Illinois<\/h2>\n<p><img decoding=\"async\" class=\"size-full wp-image-7454 alignleft\" src=\"\/wp-content\/uploads\/2019\/06\/personal-injury-law-firm1.jpg\" alt=\"Sexner Team\" width=\"274\" height=\"202\" \/>Le garantizamos que vamos a utilizar una combinaci\u00f3n de todos nuestros recursos y a nuestros abogados con muchos a\u00f1os de experiencia, para tratar de obtener el mejor resultado posible en su caso espec\u00edfico.<\/p>\n<p>Usted no puede prepararse para este tipo de cosas que otro coche se estrella en el suyo, para el error de un m\u00e9dico durante una cirug\u00eda de rutina, o por lesionar el hombro al levantar una caja pesada en el trabajo. Cada una de estas situaciones pueden tener el mismo resultado potencial: un impacto catastr\u00f3fico en su bienestar y sustento. Si usted fue seriamente da\u00f1ado debido al acto de negligencia de otro o sufri\u00f3 una lesi\u00f3n relacionada con el trabajo, estamos aqu\u00ed para proteger sus derechos.<\/p>\n<h2>Conf\u00eda en nosotros para obtener resultados<\/h2>\n<p>Estamos orgullosos de la representaci\u00f3n legal agresiva pero compasiva para todo tipo de lesiones personales, accidentes del trabajo y casos de negligencia m\u00e9dica. Centr\u00e9monos en la obtenci\u00f3n de justicia para que usted pueda centrarse en su curaci\u00f3n y el bienestar en general. Con una amplia gama de experiencia en Chicago y en todo el estado de Illinois, seremos defensores incansables por sus derechos a medida que comience a poner su vida en orden.<\/p>\n<p>Si usted es necesidad de un abogado de lesiones personales, nosotros podemos ayudarle. Si usted sufri\u00f3 una lesi\u00f3n o enfermedad relacionada con el trabajo, podemos ayudarle. Nuestro trabajo es asegurarse de que usted reciba la compensaci\u00f3n que se merece. Ya sea que su lesi\u00f3n se debi\u00f3 a la negligencia de otro o que se lesion\u00f3 en el trabajo, vamos a estar ah\u00ed en cada paso del camino.<\/p>\n<p>Durante m\u00e1s de 25 a\u00f1os, hemos trabajado diligentemente para asegurar sentencias que suman muchos millones de d\u00f3lares para nuestros clientes.\u00a0<a href=\"\/es\/contactenos\/\">Ll\u00e1menos hoy<\/a>\u00a0y se le trata como persona, no como un caso.<\/p>\n","protected":false},"excerpt":{"rendered":"<p>Abogado de Lesiones Personales de Chicago En , que representan los derechos de los heridos y har\u00e1n cuanto est\u00e9 a nuestro alcance para asegurar a las v\u00edctimas y sus familias reciban la indemnizaci\u00f3n m\u00e1xima permitida por la ley. Clientes de nuestra red de abogados han sido ayudados a recibir veredictos y acuerdos\u00a0que van desde $ [&hellip;]<\/p>\n","protected":false},"author":1,"featured_media":0,"parent":0,"menu_order":0,"comment_status":"closed","ping_status":"open","template":"","meta":{"_acf_changed":false,"footnotes":""},"class_list":["post-31258","page","type-page","status-publish","hentry"],"acf":[],"yoast_head":"<!-- This site is optimized with the Yoast SEO plugin v27.3 - https:\/\/yoast.com\/product\/yoast-seo-wordpress\/ -->\n<title>Abogado de Lesiones Personales de Chicago - Sexner Injury Lawyers LLC<\/title>\n<meta name=\"description\" content=\"Call top-rated Chicago injury lawyers at Sexner Injury Lawyers LLC today at (312) 243-9922 for a FREE accident case evaluation.\" \/>\n<meta name=\"robots\" content=\"index, follow, max-snippet:-1, max-image-preview:large, max-video-preview:-1\" \/>\n<link rel=\"canonical\" href=\"https:\/\/chicagoinjurylawyer.net\/es\/areas-de-practica\/\" \/>\n<meta property=\"og:locale\" content=\"es_ES\" \/>\n<meta property=\"og:type\" content=\"article\" \/>\n<meta property=\"og:title\" content=\"Abogado de Lesiones Personales de Chicago - Sexner Injury Lawyers LLC\" \/>\n<meta property=\"og:description\" content=\"Call top-rated Chicago injury lawyers at Sexner Injury Lawyers LLC today at (312) 243-9922 for a FREE accident case evaluation.\" \/>\n<meta property=\"og:url\" content=\"https:\/\/chicagoinjurylawyer.net\/es\/areas-de-practica\/\" \/>\n<meta property=\"og:site_name\" content=\"Sexner Injury Lawyers LLC\" \/>\n<meta property=\"article:modified_time\" content=\"2022-01-31T23:12:33+00:00\" \/>\n<meta property=\"og:image\" content=\"https:\/\/chicagoinjurylawyer.net\/wp-content\/uploads\/2019\/06\/best-attorney-150x150-1.png\" \/>\n<meta name=\"twitter:card\" content=\"summary_large_image\" \/>\n<meta name=\"twitter:label1\" content=\"Tiempo de lectura\" \/>\n\t<meta name=\"twitter:data1\" content=\"3 minutos\" \/>\n<!-- \/ Yoast SEO plugin. -->","yoast_head_json":{"title":"Abogado de Lesiones Personales de Chicago - Sexner Injury Lawyers LLC","description":"Call top-rated Chicago injury lawyers at Sexner Injury Lawyers LLC today at (312) 243-9922 for a FREE accident case evaluation.","robots":{"index":"index","follow":"follow","max-snippet":"max-snippet:-1","max-image-preview":"max-image-preview:large","max-video-preview":"max-video-preview:-1"},"canonical":"https:\/\/chicagoinjurylawyer.net\/es\/areas-de-practica\/","og_locale":"es_ES","og_type":"article","og_title":"Abogado de Lesiones Personales de Chicago - Sexner Injury Lawyers LLC","og_description":"Call top-rated Chicago injury lawyers at Sexner Injury Lawyers LLC today at (312) 243-9922 for a FREE accident case evaluation.","og_url":"https:\/\/chicagoinjurylawyer.net\/es\/areas-de-practica\/","og_site_name":"Sexner Injury Lawyers LLC","article_modified_time":"2022-01-31T23:12:33+00:00","og_image":[{"url":"https:\/\/chicagoinjurylawyer.net\/wp-content\/uploads\/2019\/06\/best-attorney-150x150-1.png","type":"","width":"","height":""}],"twitter_card":"summary_large_image","twitter_misc":{"Tiempo de lectura":"3 minutos"},"schema":{"@context":"https:\/\/schema.org","@graph":[{"@type":"WebPage","@id":"https:\/\/chicagoinjurylawyer.net\/es\/areas-de-practica\/","url":"https:\/\/chicagoinjurylawyer.net\/es\/areas-de-practica\/","name":"Abogado de Lesiones Personales de Chicago - Sexner Injury Lawyers LLC","isPartOf":{"@id":"https:\/\/chicagoinjurylawyer.net\/es\/#website"},"datePublished":"2020-10-20T21:04:59+00:00","dateModified":"2022-01-31T23:12:33+00:00","description":"Call top-rated Chicago injury lawyers at [firm-name] today at [phone-number] for a FREE accident case evaluation.","inLanguage":"es","potentialAction":[{"@type":"ReadAction","target":["https:\/\/chicagoinjurylawyer.net\/es\/areas-de-practica\/"]}]},{"@type":"WebSite","@id":"https:\/\/chicagoinjurylawyer.net\/es\/#website","url":"https:\/\/chicagoinjurylawyer.net\/es\/","name":"Sexner Injury Lawyers LLC","description":"Chicago Personal Injury Attorneys","publisher":{"@id":"https:\/\/chicagoinjurylawyer.net\/es\/#organization"},"potentialAction":[{"@type":"SearchAction","target":{"@type":"EntryPoint","urlTemplate":"https:\/\/chicagoinjurylawyer.net\/es\/?s={search_term_string}"},"query-input":{"@type":"PropertyValueSpecification","valueRequired":true,"valueName":"search_term_string"}}],"inLanguage":"es"},{"@type":"Organization","@id":"https:\/\/chicagoinjurylawyer.net\/es\/#organization","name":"[firm-name]","url":"https:\/\/chicagoinjurylawyer.net\/es\/","logo":{"@type":"ImageObject","inLanguage":"es","@id":"https:\/\/chicagoinjurylawyer.net\/es\/#\/schema\/logo\/image\/","url":"https:\/\/chicagoinjurylawyer.net\/wp-content\/uploads\/2019\/06\/msx-logo-1.png","contentUrl":"https:\/\/chicagoinjurylawyer.net\/wp-content\/uploads\/2019\/06\/msx-logo-1.png","width":180,"height":83,"caption":"[firm-name]"},"image":{"@id":"https:\/\/chicagoinjurylawyer.net\/es\/#\/schema\/logo\/image\/"}}]}},"_links":{"self":[{"href":"https:\/\/chicagoinjurylawyer.net\/es\/wp-json\/wp\/v2\/pages\/31258","targetHints":{"allow":["GET"]}}],"collection":[{"href":"https:\/\/chicagoinjurylawyer.net\/es\/wp-json\/wp\/v2\/pages"}],"about":[{"href":"https:\/\/chicagoinjurylawyer.net\/es\/wp-json\/wp\/v2\/types\/page"}],"author":[{"embeddable":true,"href":"https:\/\/chicagoinjurylawyer.net\/es\/wp-json\/wp\/v2\/users\/1"}],"replies":[{"embeddable":true,"href":"https:\/\/chicagoinjurylawyer.net\/es\/wp-json\/wp\/v2\/comments?post=31258"}],"version-history":[{"count":12,"href":"https:\/\/chicagoinjurylawyer.net\/es\/wp-json\/wp\/v2\/pages\/31258\/revisions"}],"predecessor-version":[{"id":33405,"href":"https:\/\/chicagoinjurylawyer.net\/es\/wp-json\/wp\/v2\/pages\/31258\/revisions\/33405"}],"wp:attachment":[{"href":"https:\/\/chicagoinjurylawyer.net\/es\/wp-json\/wp\/v2\/media?parent=31258"}],"curies":[{"name":"wp","href":"https:\/\/api.w.org\/{rel}","templated":true}]}}