{"id":32274,"date":"2021-10-27T14:39:32","date_gmt":"2021-10-27T19:39:32","guid":{"rendered":"https:\/\/pi-sexner.tseg.co\/?page_id=32274"},"modified":"2021-12-07T14:38:18","modified_gmt":"2021-12-07T20:38:18","slug":"plexo-braquial","status":"publish","type":"page","link":"https:\/\/chicagoinjurylawyer.net\/es\/negligencia-medica\/lesiones-de-nacimiento\/plexo-braquial\/","title":{"rendered":"Plexo Braquial"},"content":{"rendered":"<h1>Abogados de Lesiones del Plexo Braquial en Chicago<\/h1>\n<p><img decoding=\"async\" class=\"alignright wp-image-32285\" src=\"\/wp-content\/uploads\/2021\/10\/Abogados-de-Lesiones-del-Plexo-Braquial-en-Chicago.jpg\" alt=\"Abogados de Lesiones del Plexo Braquial en Chicago\" width=\"400\" height=\"402\" srcset=\"https:\/\/chicagoinjurylawyer.net\/wp-content\/uploads\/2021\/10\/Abogados-de-Lesiones-del-Plexo-Braquial-en-Chicago.jpg 994w, https:\/\/chicagoinjurylawyer.net\/wp-content\/uploads\/2021\/10\/Abogados-de-Lesiones-del-Plexo-Braquial-en-Chicago-298x300.jpg 298w, https:\/\/chicagoinjurylawyer.net\/wp-content\/uploads\/2021\/10\/Abogados-de-Lesiones-del-Plexo-Braquial-en-Chicago-150x150.jpg 150w, https:\/\/chicagoinjurylawyer.net\/wp-content\/uploads\/2021\/10\/Abogados-de-Lesiones-del-Plexo-Braquial-en-Chicago-768x773.jpg 768w\" sizes=\"(max-width: 400px) 100vw, 400px\" \/>Seg\u00fan algunas estimaciones, una lesi\u00f3n del plexo braquial le ocurre a aproximadamente 1 de cada 1000 beb\u00e9s que nacen cada a\u00f1o. El plexo braquial es una red nerviosa que comienza en la m\u00e9dula espinal en el costado del cuello y luego se extiende al brazo despu\u00e9s de haber atravesado la clav\u00edcula (clav\u00edcula). Permite la transmisi\u00f3n de mensajes desde <a href=\"\/es\/lesiones-cerebrales-traumaticas\/\">el cerebro<\/a> a cada uno de los hombros, brazos y manos. \"Plexo\" significa un grupo, red o autopista de nervios. Cuando esta red nerviosa sufre da\u00f1o durante el nacimiento, puede ocurrir un debilitamiento o par\u00e1lisis como resultado de la lesi\u00f3n del plexo braquial (BPI).<\/p>\n<p>Las lesiones del plexo braquial (BPI) ocurren cuando los nervios de la parte superior de la columna se lesionan durante el parto. Estos nervios pueden causar lesiones duraderas. Este trauma de nacimiento conduce a una discapacidad permanente en aproximadamente el 10% de los casos. La neuro praxia, que es una forma leve de lesi\u00f3n del plexo braquial, ocurre cuando se estiran los nervios. El neuroma, un tipo de lesi\u00f3n de nacimiento m\u00e1s grave, ocurre cuando se desgarra un nervio. El tipo m\u00e1s grave de lesi\u00f3n del plexo braquial, la avulsi\u00f3n, a menudo resulta en par\u00e1lisis total. La avulsi\u00f3n ocurre cuando todos los nervios se desgarran de la parte superior de la columna vertebral, lo que provoca un traumatismo significativo en el nacimiento y da\u00f1o a los nervios.<\/p>\n<p>Los BPI crean problemas para el beb\u00e9; es posible que no pueda controlar los movimientos o sentir una sensaci\u00f3n en el hombro, el codo, la mu\u00f1eca o la mano. Esto tambi\u00e9n se conoce como una lesi\u00f3n de par\u00e1lisis de nacimiento del plexo braquial (BPBP, por sus siglas en ingl\u00e9s). Una lesi\u00f3n nerviosa grave se puede clasificar como \"completa\" o \"parcial\" seg\u00fan la extensi\u00f3n del da\u00f1o. La p\u00e9rdida completa de la funci\u00f3n del brazo a veces se denomina \"brazo inestable\" o \"par\u00e1lisis del brazo\".<\/p>\n<ul>\n<li><strong>La par\u00e1lisis de Erb<\/strong> es una forma de par\u00e1lisis del plexo braquial que se refiere a una lesi\u00f3n del nervio del plexo braquial superior y da como resultado una p\u00e9rdida de movimiento del hombro y una incapacidad para flexionar normalmente el codo.<\/li>\n<li><strong>La par\u00e1lisis de Klumpke<\/strong> es una forma de par\u00e1lisis del plexo braquial que se refiere a una lesi\u00f3n de los nervios del plexo braquial inferior y provoca la p\u00e9rdida de movimiento de la mano y la mu\u00f1eca.<\/li>\n<\/ul>\n<p>Durante m\u00e1s de 30 a\u00f1os, nuestro equipo legal ha ayudado a familias afectadas por negligencia m\u00e9dica. Llame a los abogados de lesiones del plexo braquial de Chicago de Sexner Injury Lawyers LLC las 24 horas del d\u00eda para obtener informaci\u00f3n \u00fatil y gratuita al (312) 243-9922.<\/p>\n<h2>Tipos de Lesi\u00f3n del Plexo Braquial Infantil<\/h2>\n<p>Dependiendo de la extensi\u00f3n del da\u00f1o al nervio que ocurre durante el parto, una lesi\u00f3n del plexo braquial se clasifica como:<\/p>\n<ul>\n<li><strong>Avulsi\u00f3n:<\/strong> Cuando el nervio se ha extra\u00eddo por completo de la m\u00e9dula espinal sin posibilidad de recuperaci\u00f3n o reparaci\u00f3n. Esta es la m\u00e1s grave de estas lesiones.<\/li>\n<li><strong>Ruptura:<\/strong> Cuando el nervio se ha desgarrado o roto parcialmente, pero no en la ubicaci\u00f3n de la m\u00e9dula espinal. Tal lesi\u00f3n necesitar\u00e1 asistencia m\u00e9dica y el cirujano puede sugerir un injerto de nervio de donante.<\/li>\n<li><strong>Neura praxia:<\/strong> Cuando el nervio se ha comprimido o estirado suavemente, pero no se ha desgarrado y permanece adherido. Este es el tipo m\u00e1s com\u00fan de lesi\u00f3n del plexo braquial y tiene una alta probabilidad de una recuperaci\u00f3n r\u00e1pida, a menudo dentro de los tres meses.<\/li>\n<li><strong>Neurog\u00e9nesis:<\/strong> Cuando se ha dividido todo el nervio. Las lesiones de este tipo tienen un pron\u00f3stico de recuperaci\u00f3n muy precario.<\/li>\n<li><strong>Axonotemesis:<\/strong> Cuando los axones nerviosos han sido cortados. Las lesiones de este tipo tienen un pron\u00f3stico de recuperaci\u00f3n moderado.<\/li>\n<li><strong>Neuroma:<\/strong> Cuando el tejido cicatricial ha crecido para rodear un nervio da\u00f1ado.<\/li>\n<\/ul>\n<img decoding=\"async\" class=\"aligncenter size-full wp-image-32283\" src=\"\/wp-content\/uploads\/2021\/10\/Abogados-de-Lesiones-del-Plexo-Braquial.jpg\" alt=\"Abogados de Lesiones del Plexo Braquial\" width=\"1000\" height=\"562\" srcset=\"https:\/\/chicagoinjurylawyer.net\/wp-content\/uploads\/2021\/10\/Abogados-de-Lesiones-del-Plexo-Braquial.jpg 1000w, https:\/\/chicagoinjurylawyer.net\/wp-content\/uploads\/2021\/10\/Abogados-de-Lesiones-del-Plexo-Braquial-300x169.jpg 300w, https:\/\/chicagoinjurylawyer.net\/wp-content\/uploads\/2021\/10\/Abogados-de-Lesiones-del-Plexo-Braquial-768x432.jpg 768w\" sizes=\"(max-width: 1000px) 100vw, 1000px\" \/>\n<h2>S\u00edntomas de Lesiones Despu\u00e9s del Nacimiento<\/h2>\n<p>Algunas lesiones del plexo braquial son de naturaleza leve y el rango de movimiento completo volver\u00e1 al beb\u00e9 en un corto per\u00edodo de tiempo. Pero otras lesiones son permanentes y pueden requerir m\u00faltiples cirug\u00edas para corregir o mejorar la perspectiva m\u00e9dica futura del ni\u00f1o. Algunos de los s\u00edntomas m\u00e1s comunes que puede presentar un beb\u00e9 despu\u00e9s del parto, lo que sugiere que ocurri\u00f3 una BPI, incluyen:<\/p>\n<ul>\n<li>No exhibir el reflejo de Moro (reflejos que exhiben los beb\u00e9s cuando creen que se est\u00e1n cayendo) en el lado afectado;<\/li>\n<li>Falta de movimiento en la parte superior o inferior del brazo o la mano;<\/li>\n<li>Agarre reducido exhibido en el lado afectado;<\/li>\n<li>Brazo doblado (flexionado) en el codo y sostenido cerca del cuerpo.<\/li>\n<\/ul>\n<h2>Demandas por Negligencia M\u00e9dica por Lesiones del Plexo Braquial en Chicago<\/h2>\n<p><a href=\"\/es\/negligencia-medica\/lesiones-de-nacimiento\/\">Las lesiones de nacimiento<\/a> del plexo braquial no solo afectan al ni\u00f1o, sino tambi\u00e9n a la familia. A menudo son necesarios ex\u00e1menes m\u00e9dicos frecuentes para controlar al ni\u00f1o y citas constantes de rehabilitaci\u00f3n o terapia. Como resultado, los costos de atenci\u00f3n m\u00e9dica suelen ser m\u00e1s altos para que las familias cuiden adecuadamente a un ni\u00f1o con un BPI. Cuando ocurre una condici\u00f3n m\u00e9dica grave de por vida debido a un error, se puede entablar una demanda para recuperar los da\u00f1os monetarios para ayudar a la familia a lidiar con estos costos y hacer que el futuro del beb\u00e9 sea m\u00e1s c\u00f3modo.<\/p>\n<p>Aunque las muertes y lesiones infantiles alguna vez fueron muy comunes, con el advenimiento de nuevas y mejores t\u00e9cnicas de parto, las lesiones como las BPI se han reducido enormemente. Espec\u00edficamente, la disponibilidad del parto por ces\u00e1rea permite a los obstetras y al personal del hospital evitar muchos de los peligros potenciales del parto natural cuando aparecen las se\u00f1ales de advertencia.<\/p>\n<p>Sin embargo, ciertamente todav\u00eda ocurren <a href=\"\/es\/negligencia-medica\/\">errores m\u00e9dicos<\/a>. Ocurren todos los d\u00edas cuando los m\u00e9dicos ignoran las se\u00f1ales de advertencia e intentan dar a luz a beb\u00e9s m\u00e1s grandes de lo normal, o contin\u00faan con el parto vaginal a pesar de las indicaciones de un beb\u00e9 de nalgas. Siempre que un m\u00e9dico se desv\u00eda de los est\u00e1ndares aceptables de pr\u00e1ctica durante el parto, se ha producido una negligencia m\u00e9dica y la familia del beb\u00e9 tiene el derecho absoluto de buscar justicia. Algunos de los muchos errores m\u00e9dicos que pueden conducir a un BPI incluyen:<\/p>\n<ul>\n<li>El estiramiento o desgarro del plexo braquial durante el parto cuando las enfermeras o los m\u00e9dicos tienen dificultades para sacar el hombro del beb\u00e9 (distocia de hombros);<\/li>\n<li>El hombro del beb\u00e9 puede verse impactado o retenido por el hueso p\u00fabico de la madre, lo que podr\u00eda da\u00f1ar el plexo braquial del beb\u00e9;<\/li>\n<li>La lesi\u00f3n puede ocurrir cuando la cabeza y el cuello del beb\u00e9 se tiran hacia un lado durante el parto;<\/li>\n<li>La lesi\u00f3n puede ocurrir debido a un tir\u00f3n en el cuello o la cabeza del beb\u00e9 durante un parto con la cabeza primero;<\/li>\n<li>La lesi\u00f3n puede ocurrir por la presi\u00f3n sobre los brazos levantados del beb\u00e9 durante un parto con los pies primero (nalgas);<\/li>\n<li>Tener un beb\u00e9 m\u00e1s grande que el promedio (las madres diab\u00e9ticas generalmente tienen este riesgo) aumenta la probabilidad de sufrir una lesi\u00f3n de este tipo.<\/li>\n<\/ul>\n<h2>P\u00f3ngase en Contacto con Nuestros Abogados de Lesiones del Plexo Braquial de Chicago Hoy<\/h2>\n<p><img decoding=\"async\" class=\"alignright wp-image-32281\" src=\"\/wp-content\/uploads\/2021\/10\/Lesiones-del-Plexo-Braquial.jpg\" alt=\"Lesiones del Plexo Braquial\" width=\"400\" height=\"266\" srcset=\"https:\/\/chicagoinjurylawyer.net\/wp-content\/uploads\/2021\/10\/Lesiones-del-Plexo-Braquial.jpg 1000w, https:\/\/chicagoinjurylawyer.net\/wp-content\/uploads\/2021\/10\/Lesiones-del-Plexo-Braquial-300x200.jpg 300w, https:\/\/chicagoinjurylawyer.net\/wp-content\/uploads\/2021\/10\/Lesiones-del-Plexo-Braquial-768x511.jpg 768w\" sizes=\"(max-width: 400px) 100vw, 400px\" \/>Desde 1990, <a href=\"\/es\/\">Sexner Injury Lawyers LLC<\/a> y los abogados afiliados de lesiones de nacimiento en Chicago han estado ayudando a las familias afectadas negativamente por la negligencia m\u00e9dica de m\u00e9dicos, <a href=\"\/es\/negligencia-medica\/errores-de-sala-emergencia\/\">hospitales<\/a> y otros proveedores de servicios m\u00e9dicos. Se han recuperado muchos millones de d\u00f3lares para nuestros clientes merecedores. Nunca se cobran tarifas a menos que tengamos \u00e9xito en nombre de su familia. As\u00ed que cont\u00e1ctenos las 24 horas del d\u00eda para obtener respuestas legales gratuitas, comprensivas y compasivas a sus preguntas al (312) 243-9922.<\/p>\n","protected":false},"excerpt":{"rendered":"<p>Abogados de Lesiones del Plexo Braquial en Chicago Seg\u00fan algunas estimaciones, una lesi\u00f3n del plexo braquial le ocurre a aproximadamente 1 de cada 1000 beb\u00e9s que nacen cada a\u00f1o. El plexo braquial es una red nerviosa que comienza en la m\u00e9dula espinal en el costado del cuello y luego se extiende al brazo despu\u00e9s de [&hellip;]<\/p>\n","protected":false},"author":1,"featured_media":0,"parent":7394,"menu_order":0,"comment_status":"closed","ping_status":"open","template":"","meta":{"_acf_changed":false,"footnotes":""},"class_list":["post-32274","page","type-page","status-publish","hentry"],"acf":[],"yoast_head":"<!-- This site is optimized with the Yoast SEO plugin v27.4 - https:\/\/yoast.com\/product\/yoast-seo-wordpress\/ -->\n<title>Abogados de Lesiones del Plexo Braquial en Chicago - Sexner Injury Lawyers LLC<\/title>\n<meta name=\"description\" content=\"Durante m\u00e1s de 30 a\u00f1os, nuestro equipo legal ha ayudado a familias afectadas por negligencia m\u00e9dica. Llame a los abogados de lesiones del plexo braquial de Chicago de Sexner Injury Lawyers LLC las 24 horas del d\u00eda para obtener informaci\u00f3n \u00fatil y gratuita al (312) 243-9922.\" \/>\n<meta name=\"robots\" content=\"index, follow, max-snippet:-1, max-image-preview:large, max-video-preview:-1\" \/>\n<link rel=\"canonical\" href=\"https:\/\/chicagoinjurylawyer.net\/es\/negligencia-medica\/lesiones-de-nacimiento\/plexo-braquial\/\" \/>\n<meta property=\"og:locale\" content=\"es_ES\" \/>\n<meta property=\"og:type\" content=\"article\" \/>\n<meta property=\"og:title\" content=\"-1178\" \/>\n<meta property=\"og:description\" content=\"30\" \/>\n<meta property=\"og:url\" content=\"https:\/\/chicagoinjurylawyer.net\/es\/negligencia-medica\/lesiones-de-nacimiento\/plexo-braquial\/\" \/>\n<meta property=\"og:site_name\" content=\"Sexner Injury Lawyers LLC\" \/>\n<meta property=\"article:modified_time\" content=\"2021-12-07T20:38:18+00:00\" \/>\n<meta property=\"og:image\" content=\"http:\/\/false\" \/>\n<meta name=\"twitter:card\" content=\"summary_large_image\" \/>\n<meta name=\"twitter:label1\" content=\"Tiempo de lectura\" \/>\n\t<meta name=\"twitter:data1\" content=\"7 minutos\" \/>\n<!-- \/ Yoast SEO plugin. -->","yoast_head_json":{"title":"Abogados de Lesiones del Plexo Braquial en Chicago - Sexner Injury Lawyers LLC","description":"Durante m\u00e1s de 30 a\u00f1os, nuestro equipo legal ha ayudado a familias afectadas por negligencia m\u00e9dica. Llame a los abogados de lesiones del plexo braquial de Chicago de Sexner Injury Lawyers LLC las 24 horas del d\u00eda para obtener informaci\u00f3n \u00fatil y gratuita al (312) 243-9922.","robots":{"index":"index","follow":"follow","max-snippet":"max-snippet:-1","max-image-preview":"max-image-preview:large","max-video-preview":"max-video-preview:-1"},"canonical":"https:\/\/chicagoinjurylawyer.net\/es\/negligencia-medica\/lesiones-de-nacimiento\/plexo-braquial\/","og_locale":"es_ES","og_type":"article","og_title":"-1178","og_description":"30","og_url":"https:\/\/chicagoinjurylawyer.net\/es\/negligencia-medica\/lesiones-de-nacimiento\/plexo-braquial\/","og_site_name":"Sexner Injury Lawyers LLC","article_modified_time":"2021-12-07T20:38:18+00:00","og_image":[{"url":"false","type":"","width":"","height":""}],"twitter_card":"summary_large_image","twitter_misc":{"Tiempo de lectura":"7 minutos"},"schema":{"@context":"https:\/\/schema.org","@graph":[{"@type":"WebPage","@id":"https:\/\/chicagoinjurylawyer.net\/es\/negligencia-medica\/lesiones-de-nacimiento\/plexo-braquial\/","url":"https:\/\/chicagoinjurylawyer.net\/es\/negligencia-medica\/lesiones-de-nacimiento\/plexo-braquial\/","name":"Abogados de Lesiones del Plexo Braquial en Chicago - Sexner Injury Lawyers LLC","isPartOf":{"@id":"https:\/\/chicagoinjurylawyer.net\/es\/#website"},"datePublished":"2021-10-27T19:39:32+00:00","dateModified":"2021-12-07T20:38:18+00:00","description":"Durante m\u00e1s de 30 a\u00f1os, nuestro equipo legal ha ayudado a familias afectadas por negligencia m\u00e9dica. Llame a los abogados de lesiones del plexo braquial de Chicago de [firm-name] las 24 horas del d\u00eda para obtener informaci\u00f3n \u00fatil y gratuita al [phone-number].","breadcrumb":{"@id":"https:\/\/chicagoinjurylawyer.net\/es\/negligencia-medica\/lesiones-de-nacimiento\/plexo-braquial\/#breadcrumb"},"inLanguage":"es","potentialAction":[{"@type":"ReadAction","target":["https:\/\/chicagoinjurylawyer.net\/es\/negligencia-medica\/lesiones-de-nacimiento\/plexo-braquial\/"]}]},{"@type":"BreadcrumbList","@id":"https:\/\/chicagoinjurylawyer.net\/es\/negligencia-medica\/lesiones-de-nacimiento\/plexo-braquial\/#breadcrumb","itemListElement":[{"@type":"ListItem","position":1,"name":"Negligencia M\u00e9dica","item":"https:\/\/chicagoinjurylawyer.net\/es\/negligencia-medica\/"},{"@type":"ListItem","position":2,"name":"Lesiones De Nacimiento","item":"https:\/\/chicagoinjurylawyer.net\/es\/negligencia-medica\/lesiones-de-nacimiento\/"},{"@type":"ListItem","position":3,"name":"Plexo Braquial"}]},{"@type":"WebSite","@id":"https:\/\/chicagoinjurylawyer.net\/es\/#website","url":"https:\/\/chicagoinjurylawyer.net\/es\/","name":"Sexner Injury Lawyers LLC","description":"Chicago Personal Injury Attorneys","publisher":{"@id":"https:\/\/chicagoinjurylawyer.net\/es\/#organization"},"potentialAction":[{"@type":"SearchAction","target":{"@type":"EntryPoint","urlTemplate":"https:\/\/chicagoinjurylawyer.net\/es\/?s={search_term_string}"},"query-input":{"@type":"PropertyValueSpecification","valueRequired":true,"valueName":"search_term_string"}}],"inLanguage":"es"},{"@type":"Organization","@id":"https:\/\/chicagoinjurylawyer.net\/es\/#organization","name":"[firm-name]","url":"https:\/\/chicagoinjurylawyer.net\/es\/","logo":{"@type":"ImageObject","inLanguage":"es","@id":"https:\/\/chicagoinjurylawyer.net\/es\/#\/schema\/logo\/image\/","url":"https:\/\/chicagoinjurylawyer.net\/wp-content\/uploads\/2019\/06\/msx-logo-1.png","contentUrl":"https:\/\/chicagoinjurylawyer.net\/wp-content\/uploads\/2019\/06\/msx-logo-1.png","width":180,"height":83,"caption":"[firm-name]"},"image":{"@id":"https:\/\/chicagoinjurylawyer.net\/es\/#\/schema\/logo\/image\/"}}]}},"_links":{"self":[{"href":"https:\/\/chicagoinjurylawyer.net\/es\/wp-json\/wp\/v2\/pages\/32274","targetHints":{"allow":["GET"]}}],"collection":[{"href":"https:\/\/chicagoinjurylawyer.net\/es\/wp-json\/wp\/v2\/pages"}],"about":[{"href":"https:\/\/chicagoinjurylawyer.net\/es\/wp-json\/wp\/v2\/types\/page"}],"author":[{"embeddable":true,"href":"https:\/\/chicagoinjurylawyer.net\/es\/wp-json\/wp\/v2\/users\/1"}],"replies":[{"embeddable":true,"href":"https:\/\/chicagoinjurylawyer.net\/es\/wp-json\/wp\/v2\/comments?post=32274"}],"version-history":[{"count":7,"href":"https:\/\/chicagoinjurylawyer.net\/es\/wp-json\/wp\/v2\/pages\/32274\/revisions"}],"predecessor-version":[{"id":32669,"href":"https:\/\/chicagoinjurylawyer.net\/es\/wp-json\/wp\/v2\/pages\/32274\/revisions\/32669"}],"up":[{"embeddable":true,"href":"https:\/\/chicagoinjurylawyer.net\/es\/wp-json\/wp\/v2\/pages\/7394"}],"wp:attachment":[{"href":"https:\/\/chicagoinjurylawyer.net\/es\/wp-json\/wp\/v2\/media?parent=32274"}],"curies":[{"name":"wp","href":"https:\/\/api.w.org\/{rel}","templated":true}]}}