{"id":32980,"date":"2022-01-06T11:40:11","date_gmt":"2022-01-06T17:40:11","guid":{"rendered":"https:\/\/pi-sexner.tseg.co\/?page_id=32980"},"modified":"2022-02-03T13:19:04","modified_gmt":"2022-02-03T19:19:04","slug":"abuso-de-alzheimer","status":"publish","type":"page","link":"https:\/\/chicagoinjurylawyer.net\/es\/abuso-de-asilo-de-ancianos\/abuso-de-alzheimer\/","title":{"rendered":"Abuso de Alzheimer"},"content":{"rendered":"<h1>Abogados de V\u00edctimas de Abuso de Alzheimer en Chicago<\/h1>\n<p><script>$('.tseg-main.inner-page > .container > .row > .col-xs-12.col-md-5').unwrap();<\/script><img decoding=\"async\" class=\"alignright wp-image-32983\" src=\"\/wp-content\/uploads\/2022\/01\/alzheimers-abuse.jpg\" alt=\"alzheimer's abuse\" width=\"400\" height=\"267\" srcset=\"https:\/\/chicagoinjurylawyer.net\/wp-content\/uploads\/2022\/01\/alzheimers-abuse.jpg 800w, https:\/\/chicagoinjurylawyer.net\/wp-content\/uploads\/2022\/01\/alzheimers-abuse-300x200.jpg 300w, https:\/\/chicagoinjurylawyer.net\/wp-content\/uploads\/2022\/01\/alzheimers-abuse-768x513.jpg 768w\" sizes=\"(max-width: 400px) 100vw, 400px\" \/>Durante las primeras etapas de la enfermedad de Alzheimer, los pacientes a\u00fan pueden cuidarse a s\u00ed mismos. En realidad, solo se necesita un cuidador para recordarle al paciente ciertos asuntos y brindar ayuda ocasional en ciertas \u00e1reas. Pero a medida que la enfermedad progresa hacia una etapa moderada y tard\u00eda de Alzheimer, una instalaci\u00f3n especializada se vuelve cada vez m\u00e1s una necesidad. Estas instalaciones especializadas, a menudo denominadas Centros de atenci\u00f3n de la enfermedad de Alzheimer o Unidades de atenci\u00f3n de la memoria, est\u00e1n dise\u00f1adas espec\u00edficamente para estos pacientes y est\u00e1n destinadas a brindar atenci\u00f3n especializada para esta enfermedad, as\u00ed como otras formas de demencia.<\/p>\n<p>Desafortunadamente, debido a que los pacientes con Alzheimer y aquellos con demencia son m\u00e1s vulnerables, tambi\u00e9n tienen un mayor riesgo de abuso.<\/p>\n<p>Cualquier forma de abuso de ancianos es detestable, pero cuando se inflige a aquellos cuyas funciones mentales est\u00e1n limitadas por una enfermedad, el abuso es particularmente vil. Si sospecha que su ser querido mayor es v\u00edctima de abuso, comun\u00edquese de inmediato con la polic\u00eda local y el Departamento de Salud P\u00fablica de Illinois. Luego llame a los abogados de abuso de Alzheimer en <a href=\"\/es\/abuso-de-asilo-de-ancianos\/\"><strong>hogares de ancianos de Chicago<\/strong><\/a> en Sexner Injury Lawyers LLC al <a href=\"tel:3122439922\">(312) 243-9922<\/a> para hablar sobre sus opciones legales.<\/p>\n<h2>\u00bfQu\u00e9 es la Enfermedad de Alzheimer?<\/h2>\n<p><img decoding=\"async\" class=\"size-full wp-image-32986 alignright\" src=\"\/wp-content\/uploads\/2022\/01\/alzheimers-symptoms.jpg\" alt=\"alzheimer's symptoms\" width=\"400\" height=\"314\" srcset=\"https:\/\/chicagoinjurylawyer.net\/wp-content\/uploads\/2022\/01\/alzheimers-symptoms.jpg 400w, https:\/\/chicagoinjurylawyer.net\/wp-content\/uploads\/2022\/01\/alzheimers-symptoms-300x236.jpg 300w\" sizes=\"(max-width: 400px) 100vw, 400px\" \/>La enfermedad de Alzheimer es una forma relativamente com\u00fan de demencia que generalmente ocurre en personas mayores de 60 a\u00f1os, aunque se han producido algunos casos de Alzheimer de aparici\u00f3n temprana. Limita y restringe las funciones cognitivas de una persona y puede causar problemas de comunicaci\u00f3n, realizar tareas diarias y rutinarias y reconocer y comportarse de manera apropiada en las relaciones. La retenci\u00f3n y el recuerdo de la memoria a menudo se ven afectados, lo que puede causar confusi\u00f3n, frustraci\u00f3n e ira en la persona que padece la enfermedad.<\/p>\n<h2>Formas de Abuso de Alzheimer<\/h2>\n<p>La mayor parte del abuso de Alzheimer es similar al abuso general de ancianos por parte de amigos, familiares o cuidadores. Sin embargo, debido a la demencia, es posible que la v\u00edctima no pueda recordar el abuso o comprender completamente lo que sucedi\u00f3 y, por lo tanto, no pueda obtener ayuda. Los tipos comunes de abuso de Alzheimer incluyen:<\/p>\n<ul>\n<li><strong><a href=\"\/es\/abuso-de-asilo-de-ancianos\/abuso-fisico\/\">Abuso f\u00edsico<\/a><\/strong>: Aunque el abuso f\u00edsico puede tomar muchas formas, generalmente implica un contacto f\u00edsico violento que causa dolor o lesiones. Puede incluir golpes y el uso innecesario de restricciones.<\/li>\n<li><strong>Abuso emocional<\/strong>: Este tipo de abuso psicol\u00f3gico a menudo implica amenazas e intimidaci\u00f3n, as\u00ed como acoso verbal. Dado que no deja marcas, y los pacientes de Alzheimer pueden no recordar el abuso, puede ser particularmente destructivo ya que la v\u00edctima solo retiene la ansiedad y la angustia sin una causa clara.<\/li>\n<li><strong><a href=\"\/es\/abuso-de-asilo-de-ancianos\/abuso-sexual\/\">Abuso sexual<\/a>: Cualquier tipo de contacto sexual sin consentimiento es una forma de abuso de personas mayores. Es posible que los pacientes de Alzheimer que han sufrido p\u00e9rdidas cognitivas graves ya no puedan dar su consentimiento real, lo que hace que cualquier conducta sexual con ellos sea abusiva.<\/strong><\/li>\n<li><strong>Negligencia<\/strong>: Dado que los pacientes con Alzheimer grave pueden no poder cuidarse por s\u00ed mismos, el trabajo de un cuidador es muy importante. No realizar las tareas necesarias puede provocar \u00falceras por presi\u00f3n, desnutrici\u00f3n y otras afecciones graves de salud.<\/li>\n<\/ul>\n<h2>Abuso Financiero de Alzheimer<\/h2>\n<p>El abuso financiero de personas con enfermedad de Alzheimer ha aumentado en los \u00faltimos a\u00f1os. Puede hacerlo el personal de un centro de atenci\u00f3n de la enfermedad de Alzheimer, quitando bienes o dinero de la persona a su cuidado; o realizado por miembros de la familia, para obtener el dinero que creen que se merecen. Debido a la naturaleza de la enfermedad, los pacientes generalmente no pueden recordar cu\u00e1nto dinero deber\u00edan tener, lo que los convierte en blancos f\u00e1ciles de tal abuso.<\/p>\n<p>Seg\u00fan un estudio, alrededor del 15% de los pacientes que padecen Alzheimer u otras formas de demencia han sido v\u00edctimas de abuso financiero. M\u00e1s del 60% de los cuidadores de pacientes ancianos informaron que sus pacientes de Alzheimer hab\u00edan sido contactados por vendedores telef\u00f3nicos o de puerta en puerta, y el 70% de los pacientes informaron que fueron atacados, repetidamente, por vendedores telef\u00f3nicos. Los pacientes con Alzheimer son particularmente vulnerables a los estafadores y aquellos que buscan cometer fraude.<\/p>\n<h2>Se\u00f1ales de Advertencia de Abuso<\/h2>\n<p>Para cuidar a nuestros seres queridos, necesitamos saber qu\u00e9 buscar, especialmente porque las personas con Alzheimer a menudo no pueden saber qu\u00e9 les sucedi\u00f3. Estas se\u00f1ales de advertencia incluyen:<\/p>\n<ul>\n<li>Moretones inexplicables y otras lesiones f\u00edsicas.<\/li>\n<li>Cambios de humor repentinos, a menudo violentos.<\/li>\n<li>Desnutrici\u00f3n o deshidrataci\u00f3n.<\/li>\n<li>Desarrollo o avance repentino y significativo de la demencia.<\/li>\n<li>Nuevo comportamiento antisocial, incluido el aislamiento y la depresi\u00f3n.<\/li>\n<li>Cargos inexplicables en tarjetas de cr\u00e9dito o retiros de cuentas bancarias.<\/li>\n<li>Objetos perdidos, como joyas u obras de arte.<\/li>\n<\/ul>\n<h2>\u00bfQui\u00e9n Comete el Abuso de Alzheimer?<\/h2>\n<p>Los cuidadores son las personas m\u00e1s propensas a abusar de los pacientes con Alzheimer. Esto puede incluir cuidadores profesionales, como enfermeras y otro personal del centro de atenci\u00f3n, pero es posible que no se detenga all\u00ed. Los miembros de la familia son estad\u00edsticamente los m\u00e1s propensos a participar en abusos financieros, especialmente si tienen acceso a cuentas bancarias y otros activos. Estas personas pueden sentir que solo est\u00e1n tomando lo que merecen o recibir\u00e1n una herencia de todos modos, pero aun as\u00ed es un robo. Si otra (s) persona (s) est\u00e1 manejando los asuntos financieros de un paciente con Alzheimer, entonces otros miembros de la familia deben supervisar para prevenir el abuso financiero.<\/p>\n<h2>Si Sospecha de Abuso de Alzheimer, Hable con un Abogado Especializado en Abuso<\/h2>\n<p>Durante m\u00e1s de 25 a\u00f1os, los experimentados abogados de abuso en hogares de ancianos de Chicago de <a href=\"\/es\/\">Sexner Injury Lawyers LLC<\/a> han estado ayudando a los ancianos y sus familias a defender sus derechos y dignidad. Aquellos que corren mayor riesgo de abuso y negligencia necesitan un compa\u00f1ero fuerte y agresivo para responsabilizar a los dem\u00e1s cuando no protegen a los ancianos. Ya se han recuperado millones de d\u00f3lares para nuestros clientes y sus familias para ayudarlos en estos momentos dif\u00edciles. Ll\u00e1menos las 24 horas del d\u00eda al (312) 243-9922 si cree que un ser querido ha sido lastimado por otro de alguna manera. Nunca hay que pagar una tarifa para discutir su situaci\u00f3n.<\/p>\n","protected":false},"excerpt":{"rendered":"<p>Abogados de V\u00edctimas de Abuso de Alzheimer en Chicago Durante las primeras etapas de la enfermedad de Alzheimer, los pacientes a\u00fan pueden cuidarse a s\u00ed mismos. En realidad, solo se necesita un cuidador para recordarle al paciente ciertos asuntos y brindar ayuda ocasional en ciertas \u00e1reas. Pero a medida que la enfermedad progresa hacia una [&hellip;]<\/p>\n","protected":false},"author":1,"featured_media":0,"parent":7276,"menu_order":0,"comment_status":"closed","ping_status":"closed","template":"","meta":{"_acf_changed":false,"footnotes":""},"class_list":["post-32980","page","type-page","status-publish","hentry"],"acf":[],"yoast_head":"<!-- This site is optimized with the Yoast SEO plugin v27.4 - https:\/\/yoast.com\/product\/yoast-seo-wordpress\/ -->\n<title>Abogados de V\u00edctimas de Abuso de Alzheimer en Chicago<\/title>\n<meta name=\"description\" content=\"Llame a los abogados de abuso de Alzheimer en hogares de ancianos de Chicago en Sexner Injury Lawyers LLC al (312) 243-9922 para hablar sobre sus opciones legales.\" \/>\n<meta name=\"robots\" content=\"index, follow, max-snippet:-1, max-image-preview:large, max-video-preview:-1\" \/>\n<link rel=\"canonical\" href=\"https:\/\/chicagoinjurylawyer.net\/es\/abuso-de-asilo-de-ancianos\/abuso-de-alzheimer\/\" \/>\n<meta property=\"og:locale\" content=\"es_ES\" \/>\n<meta property=\"og:type\" content=\"article\" \/>\n<meta property=\"og:title\" content=\"Abogados de V\u00edctimas de Abuso de Alzheimer en Chicago\" \/>\n<meta property=\"og:description\" content=\"Llame a los abogados de abuso de Alzheimer en hogares de ancianos de Chicago en Sexner Injury Lawyers LLC al (312) 243-9922 para hablar sobre sus opciones legales.\" \/>\n<meta property=\"og:url\" content=\"https:\/\/chicagoinjurylawyer.net\/es\/abuso-de-asilo-de-ancianos\/abuso-de-alzheimer\/\" \/>\n<meta property=\"og:site_name\" content=\"Sexner Injury Lawyers LLC\" \/>\n<meta property=\"article:modified_time\" content=\"2022-02-03T19:19:04+00:00\" \/>\n<meta property=\"og:image\" content=\"https:\/\/chicagoinjurylawyer.net\/wp-content\/uploads\/2022\/01\/alzheimers-abuse.jpg\" \/>\n<meta name=\"twitter:card\" content=\"summary_large_image\" \/>\n<meta name=\"twitter:label1\" content=\"Tiempo de lectura\" \/>\n\t<meta name=\"twitter:data1\" content=\"6 minutos\" \/>\n<!-- \/ Yoast SEO plugin. -->","yoast_head_json":{"title":"Abogados de V\u00edctimas de Abuso de Alzheimer en Chicago","description":"Llame a los abogados de abuso de Alzheimer en hogares de ancianos de Chicago en Sexner Injury Lawyers LLC al (312) 243-9922 para hablar sobre sus opciones legales.","robots":{"index":"index","follow":"follow","max-snippet":"max-snippet:-1","max-image-preview":"max-image-preview:large","max-video-preview":"max-video-preview:-1"},"canonical":"https:\/\/chicagoinjurylawyer.net\/es\/abuso-de-asilo-de-ancianos\/abuso-de-alzheimer\/","og_locale":"es_ES","og_type":"article","og_title":"Abogados de V\u00edctimas de Abuso de Alzheimer en Chicago","og_description":"Llame a los abogados de abuso de Alzheimer en hogares de ancianos de Chicago en Sexner Injury Lawyers LLC al (312) 243-9922 para hablar sobre sus opciones legales.","og_url":"https:\/\/chicagoinjurylawyer.net\/es\/abuso-de-asilo-de-ancianos\/abuso-de-alzheimer\/","og_site_name":"Sexner Injury Lawyers LLC","article_modified_time":"2022-02-03T19:19:04+00:00","og_image":[{"url":"https:\/\/chicagoinjurylawyer.net\/wp-content\/uploads\/2022\/01\/alzheimers-abuse.jpg","type":"","width":"","height":""}],"twitter_card":"summary_large_image","twitter_misc":{"Tiempo de lectura":"6 minutos"},"schema":{"@context":"https:\/\/schema.org","@graph":[{"@type":"WebPage","@id":"https:\/\/chicagoinjurylawyer.net\/es\/abuso-de-asilo-de-ancianos\/abuso-de-alzheimer\/","url":"https:\/\/chicagoinjurylawyer.net\/es\/abuso-de-asilo-de-ancianos\/abuso-de-alzheimer\/","name":"Abogados de V\u00edctimas de Abuso de Alzheimer en Chicago","isPartOf":{"@id":"https:\/\/chicagoinjurylawyer.net\/es\/#website"},"datePublished":"2022-01-06T17:40:11+00:00","dateModified":"2022-02-03T19:19:04+00:00","description":"Llame a los abogados de abuso de Alzheimer en hogares de ancianos de Chicago en [firm-name] al [phone-number] para hablar sobre sus opciones legales.","breadcrumb":{"@id":"https:\/\/chicagoinjurylawyer.net\/es\/abuso-de-asilo-de-ancianos\/abuso-de-alzheimer\/#breadcrumb"},"inLanguage":"es","potentialAction":[{"@type":"ReadAction","target":["https:\/\/chicagoinjurylawyer.net\/es\/abuso-de-asilo-de-ancianos\/abuso-de-alzheimer\/"]}]},{"@type":"BreadcrumbList","@id":"https:\/\/chicagoinjurylawyer.net\/es\/abuso-de-asilo-de-ancianos\/abuso-de-alzheimer\/#breadcrumb","itemListElement":[{"@type":"ListItem","position":1,"name":"Abuso De Asilo De Ancianos","item":"https:\/\/chicagoinjurylawyer.net\/es\/abuso-de-asilo-de-ancianos\/"},{"@type":"ListItem","position":2,"name":"Abuso de Alzheimer"}]},{"@type":"WebSite","@id":"https:\/\/chicagoinjurylawyer.net\/es\/#website","url":"https:\/\/chicagoinjurylawyer.net\/es\/","name":"Sexner Injury Lawyers LLC","description":"Chicago Personal Injury Attorneys","publisher":{"@id":"https:\/\/chicagoinjurylawyer.net\/es\/#organization"},"potentialAction":[{"@type":"SearchAction","target":{"@type":"EntryPoint","urlTemplate":"https:\/\/chicagoinjurylawyer.net\/es\/?s={search_term_string}"},"query-input":{"@type":"PropertyValueSpecification","valueRequired":true,"valueName":"search_term_string"}}],"inLanguage":"es"},{"@type":"Organization","@id":"https:\/\/chicagoinjurylawyer.net\/es\/#organization","name":"[firm-name]","url":"https:\/\/chicagoinjurylawyer.net\/es\/","logo":{"@type":"ImageObject","inLanguage":"es","@id":"https:\/\/chicagoinjurylawyer.net\/es\/#\/schema\/logo\/image\/","url":"https:\/\/chicagoinjurylawyer.net\/wp-content\/uploads\/2019\/06\/msx-logo-1.png","contentUrl":"https:\/\/chicagoinjurylawyer.net\/wp-content\/uploads\/2019\/06\/msx-logo-1.png","width":180,"height":83,"caption":"[firm-name]"},"image":{"@id":"https:\/\/chicagoinjurylawyer.net\/es\/#\/schema\/logo\/image\/"}}]}},"_links":{"self":[{"href":"https:\/\/chicagoinjurylawyer.net\/es\/wp-json\/wp\/v2\/pages\/32980","targetHints":{"allow":["GET"]}}],"collection":[{"href":"https:\/\/chicagoinjurylawyer.net\/es\/wp-json\/wp\/v2\/pages"}],"about":[{"href":"https:\/\/chicagoinjurylawyer.net\/es\/wp-json\/wp\/v2\/types\/page"}],"author":[{"embeddable":true,"href":"https:\/\/chicagoinjurylawyer.net\/es\/wp-json\/wp\/v2\/users\/1"}],"replies":[{"embeddable":true,"href":"https:\/\/chicagoinjurylawyer.net\/es\/wp-json\/wp\/v2\/comments?post=32980"}],"version-history":[{"count":6,"href":"https:\/\/chicagoinjurylawyer.net\/es\/wp-json\/wp\/v2\/pages\/32980\/revisions"}],"predecessor-version":[{"id":33566,"href":"https:\/\/chicagoinjurylawyer.net\/es\/wp-json\/wp\/v2\/pages\/32980\/revisions\/33566"}],"up":[{"embeddable":true,"href":"https:\/\/chicagoinjurylawyer.net\/es\/wp-json\/wp\/v2\/pages\/7276"}],"wp:attachment":[{"href":"https:\/\/chicagoinjurylawyer.net\/es\/wp-json\/wp\/v2\/media?parent=32980"}],"curies":[{"name":"wp","href":"https:\/\/api.w.org\/{rel}","templated":true}]}}