{"id":33003,"date":"2022-01-06T15:53:14","date_gmt":"2022-01-06T21:53:14","guid":{"rendered":"https:\/\/pi-sexner.tseg.co\/?page_id=33003"},"modified":"2022-01-06T15:53:14","modified_gmt":"2022-01-06T21:53:14","slug":"ulceras-por-decubito","status":"publish","type":"page","link":"https:\/\/chicagoinjurylawyer.net\/es\/abuso-de-asilo-de-ancianos\/ulceras-por-decubito\/","title":{"rendered":"\u00dalceras por Dec\u00fabito"},"content":{"rendered":"<h1>Abogados de \u00dalceras por Dec\u00fabito de Chicago<\/h1>\n<p>Las \u00falceras de dec\u00fabito se encuentran entre las afecciones m\u00e9dicas m\u00e1s comunes y potencialmente graves que pueden desarrollarse como resultado de la negligencia y el abuso en los asilos de ancianos. Los Centros para el Control y la Prevenci\u00f3n de Enfermedades estiman que 1 de cada 10 residentes en hogares de ancianos en todo el pa\u00eds sufre actualmente de \u00falceras por presi\u00f3n. Si bien algunos residentes pueden ingresar a una instalaci\u00f3n con \u00falceras por dec\u00fabito, con mayor frecuencia ocurren como resultado de la negligencia y la falta de atenci\u00f3n por parte del personal del asilo de ancianos.<\/p>\n<p>Si detecta \u00falceras por dec\u00fabito en un ser querido mientras visita un <a href=\"\/es\/abuso-de-asilo-de-ancianos\/\">hogar de ancianos<\/a>,\u00a0 no se quede callado al respecto. Aseg\u00farese de que sus seres queridos mayores reciban el tratamiento que merecen y, si sospecha de abuso o negligencia, inf\u00f3rmelo de inmediato. Tome medidas para proteger a sus seres queridos y llame a los abogados de llagas en Chicago de <a href=\"\/es\/\">Sexner Injury Lawyers LLC<\/a> al <a href=\"tel:3122439922\">(312) 243-9922<\/a> para discutir sus opciones legales en el futuro.<\/p>\n<img decoding=\"async\" class=\"aligncenter size-full wp-image-33006\" src=\"\/wp-content\/uploads\/2022\/01\/Abogados-de-U\u0301lceras-por-Decu\u0301bito-de-Chicago.jpg\" alt=\"Abogados de U\u0301lceras por Decu\u0301bito de Chicago\" width=\"1000\" height=\"428\" srcset=\"https:\/\/chicagoinjurylawyer.net\/wp-content\/uploads\/2022\/01\/Abogados-de-U\u0301lceras-por-Decu\u0301bito-de-Chicago.jpg 1000w, https:\/\/chicagoinjurylawyer.net\/wp-content\/uploads\/2022\/01\/Abogados-de-U\u0301lceras-por-Decu\u0301bito-de-Chicago-300x128.jpg 300w, https:\/\/chicagoinjurylawyer.net\/wp-content\/uploads\/2022\/01\/Abogados-de-U\u0301lceras-por-Decu\u0301bito-de-Chicago-768x329.jpg 768w\" sizes=\"(max-width: 1000px) 100vw, 1000px\" \/>\n<h2>\u00bfQu\u00e9 son las \u00dalceras por Dec\u00fabito?<\/h2>\n<p>Las \u00falceras de dec\u00fabito, tambi\u00e9n conocidas como \u00falceras por presi\u00f3n, son un signo com\u00fan de abuso, negligencia o incluso <a href=\"\/es\/abuso-de-asilo-de-ancianos\/abuso-de-ancianos-de-cuidadores\/\">negligencia hospitalaria<\/a> hogares de ancianos. Son causadas por la presi\u00f3n en la piel que limita el flujo sangu\u00edneo a esa \u00e1rea. Las personas que tienen movilidad limitada son especialmente vulnerables.<\/p>\n<p>Las \u00falceras por dec\u00fabito crecen si no se alivian simplemente moviendo o girando a una persona confinada a una cama o silla de ruedas. Es decir, pueden ser prevenidos por completo por enfermeras que atiendan adecuadamente a los residentes ancianos sedentarios. Con el cuidado adecuado, las \u00falceras por presi\u00f3n nunca se forman en primer lugar, pero si no se tratan pueden volverse muy graves.<\/p>\n<h2>S\u00edntomas de las \u00dalceras por Dec\u00fabito<\/h2>\n<p>Estos son los signos de advertencia de las \u00falceras por dec\u00fabito:<\/p>\n<ul>\n<li>Cambios en el color o la textura de la piel (generalmente rojo con bordes blancos)<\/li>\n<li>Parches de piel inflamados<\/li>\n<li>Drenaje similar al pus<\/li>\n<li>La piel se siente m\u00e1s caliente o m\u00e1s fr\u00eda al tacto que las \u00e1reas circundantes.<\/li>\n<li>La piel es tierna al tacto.<\/li>\n<\/ul>\n<h2>\u00bfD\u00f3nde Ves las \u00dalceras por Dec\u00fabito?<\/h2>\n<p>Cualquier lugar del cuerpo donde haya una combinaci\u00f3n de presi\u00f3n, fricci\u00f3n y \"cizallamiento\", que ocurre cuando dos superficies se mueven en la direcci\u00f3n opuesta. Suelen aparecer en:<\/p>\n<ul>\n<li>Parte posterior o lateral de la cabeza<\/li>\n<li>Espalda baja<\/li>\n<li>Coxis o gl\u00fateos<\/li>\n<li>Om\u00f3platos y columna vertebral<\/li>\n<li>Dorso de brazos y piernas<\/li>\n<li>Detr\u00e1s de la rodilla, tobillos, talones.<\/li>\n<\/ul>\n<p>B\u00e1sicamente, las \u00e1reas \u00f3seas corren un mayor riesgo, ya que el hueso debajo de la piel lo presiona contra la superficie sobre la que descansa. La fuerza de la gravedad sobre un paciente acostado o sentado en una silla de ruedas durante un per\u00edodo prolongado de tiempo tambi\u00e9n est\u00e1 causando da\u00f1o.<\/p>\n<h2>Diferentes Etapas del Desarrollo de \u00dalceras por Dec\u00fabito<\/h2>\n<p>Hay cuatro etapas de desarrollo de \u00falceras por dec\u00fabito que aumentan en gravedad a medida que no se tratan. Las cuatro etapas son:<\/p>\n<ul>\n<li><strong>Etapa uno<\/strong>: Cuando las \u00falceras por dec\u00fabito comienzan a desarrollarse, aparecen como \u00e1reas enrojecidas que pueden ser duras y calientes al tacto. En este momento, no hay p\u00e9rdida de da\u00f1o en la piel o los tejidos, y cuando se detecta temprano, se pueden tratar con bastante facilidad.<\/li>\n<li><strong>Etapa dos<\/strong>: En este punto, las llagas se desarrollan m\u00e1s completamente y se extienden hacia las capas de la piel, pero no a trav\u00e9s de ellas. La piel misma se ha perdido parcialmente y es necesario un tratamiento inmediato para evitar m\u00e1s lesiones.<\/li>\n<li><strong>Etapa tres<\/strong>: Cuando las \u00falceras por dec\u00fabito alcanzan este punto, las capas de la piel se han perdido por completo y ha comenzado la necrosis de las capas de tejido blando debajo de la piel.<\/li>\n<li><strong>Etapa cuatro<\/strong>: Las \u00falceras por dec\u00fabito han ido m\u00e1s all\u00e1 de la piel y los tejidos blandos y han comenzado a da\u00f1ar los huesos y los m\u00fasculos. Estas llagas son muy graves y requieren una intervenci\u00f3n m\u00e9dica importante para evitar infecciones y otras complicaciones a largo plazo, incluida la sepsis.<\/li>\n<\/ul>\n<h2>\u00bfEs la Negligencia una Forma de Abuso?<\/h2>\n<p>S\u00ed, la negligencia y la falta de atenci\u00f3n adecuada por parte de un hogar de ancianos es absolutamente una forma de abuso, ya que confiamos en ellos para cuidar a nuestros seres queridos. El personal de un hogar de ancianos debe estar debidamente capacitado y comprender los riesgos de desnutrici\u00f3n, infecciones y formaci\u00f3n de \u00falceras por presi\u00f3n. No realizar sus tareas de manera adecuada para garantizar la salud de los residentes va en contra del sentido com\u00fan; es irrazonable, lo que lo convierte en una forma de negligencia en t\u00e9rminos legales<\/p>\n<p>En otras palabras, si su ser querido ha sido descuidado y ha sufrido a causa de ello, es posible que pueda presentar una demanda civil contra la instalaci\u00f3n en la que confi\u00f3 para cuidarlo. Esto no solo puede ayudar a compensar los nuevos costos m\u00e9dicos, sino que responsabiliza a la instalaci\u00f3n y a sus empleados por el abuso.<\/p>\n<img decoding=\"async\" class=\"aligncenter size-full wp-image-33004\" src=\"\/wp-content\/uploads\/2022\/01\/Abogados-de-U\u0301lceras-por-Decu\u0301bito.jpg\" alt=\"Abogados de U\u0301lceras por Decu\u0301bito\" width=\"1000\" height=\"792\" srcset=\"https:\/\/chicagoinjurylawyer.net\/wp-content\/uploads\/2022\/01\/Abogados-de-U\u0301lceras-por-Decu\u0301bito.jpg 1000w, https:\/\/chicagoinjurylawyer.net\/wp-content\/uploads\/2022\/01\/Abogados-de-U\u0301lceras-por-Decu\u0301bito-300x238.jpg 300w, https:\/\/chicagoinjurylawyer.net\/wp-content\/uploads\/2022\/01\/Abogados-de-U\u0301lceras-por-Decu\u0301bito-768x608.jpg 768w\" sizes=\"(max-width: 1000px) 100vw, 1000px\" \/>\n<h2>\u00bfPreocupado por Su Ser Querido? Ll\u00e1manos Ahora.<\/h2>\n<p>Si cree que su ser querido mayor no ha recibido la atenci\u00f3n adecuada en un asilo de ancianos, debe actuar de inmediato. Primero, comun\u00edquese con el Departamento de Salud P\u00fablica de Illinois, que supervisa los hogares de ancianos. Luego, ll\u00e1menos a Sexner Injury Lawyers LLC al <a href=\"tel:3122439922\">(312) 243-9922<\/a> para hablar sobre sus opciones en el futuro. Durante m\u00e1s de 30 a\u00f1os, nuestros abogados afiliados han recuperado muchos <a href=\"\/es\/nuestro-exito\/\">acuerdos<\/a> importantes para clientes merecedores y sus familias. Ofrecemos informaci\u00f3n gratuita las 24 horas del d\u00eda, los 7 d\u00edas de la semana, as\u00ed que no se demore; ll\u00e1menos y hable con un abogado con experiencia en negligencia en hogares de ancianos en Chicago.<\/p>\n","protected":false},"excerpt":{"rendered":"<p>Abogados de \u00dalceras por Dec\u00fabito de Chicago Las \u00falceras de dec\u00fabito se encuentran entre las afecciones m\u00e9dicas m\u00e1s comunes y potencialmente graves que pueden desarrollarse como resultado de la negligencia y el abuso en los asilos de ancianos. Los Centros para el Control y la Prevenci\u00f3n de Enfermedades estiman que 1 de cada 10 residentes [&hellip;]<\/p>\n","protected":false},"author":1,"featured_media":0,"parent":7276,"menu_order":0,"comment_status":"closed","ping_status":"closed","template":"","meta":{"_acf_changed":false,"footnotes":""},"class_list":["post-33003","page","type-page","status-publish","hentry"],"acf":[],"yoast_head":"<!-- This site is optimized with the Yoast SEO plugin v27.4 - https:\/\/yoast.com\/product\/yoast-seo-wordpress\/ -->\n<title>Abogados de \u00dalceras por Dec\u00fabito de Chicago - Sexner Injury Lawyers LLC<\/title>\n<meta name=\"description\" content=\"Si cree que su ser querido mayor no ha recibido la atenci\u00f3n adecuada en un asilo de ancianos, debe actuar de inmediato. Ll\u00e1menos al (312) 243-9922 para hablar sobre sus opciones en el futuro.\" \/>\n<meta name=\"robots\" content=\"index, follow, max-snippet:-1, max-image-preview:large, max-video-preview:-1\" \/>\n<link rel=\"canonical\" href=\"https:\/\/chicagoinjurylawyer.net\/es\/abuso-de-asilo-de-ancianos\/ulceras-por-decubito\/\" \/>\n<meta property=\"og:locale\" content=\"es_ES\" \/>\n<meta property=\"og:type\" content=\"article\" \/>\n<meta property=\"og:title\" content=\"Abogados de \u00dalceras por Dec\u00fabito de Chicago - Sexner Injury Lawyers LLC\" \/>\n<meta property=\"og:description\" content=\"Si cree que su ser querido mayor no ha recibido la atenci\u00f3n adecuada en un asilo de ancianos, debe actuar de inmediato. Ll\u00e1menos al (312) 243-9922 para hablar sobre sus opciones en el futuro.\" \/>\n<meta property=\"og:url\" content=\"https:\/\/chicagoinjurylawyer.net\/es\/abuso-de-asilo-de-ancianos\/ulceras-por-decubito\/\" \/>\n<meta property=\"og:site_name\" content=\"Sexner Injury Lawyers LLC\" \/>\n<meta property=\"og:image\" content=\"https:\/\/chicagoinjurylawyer.net\/wp-content\/uploads\/2022\/01\/Abogados-de-U\u0301lceras-por-Decu\u0301bito-de-Chicago.jpg\" \/>\n<meta name=\"twitter:card\" content=\"summary_large_image\" \/>\n<meta name=\"twitter:label1\" content=\"Tiempo de lectura\" \/>\n\t<meta name=\"twitter:data1\" content=\"5 minutos\" \/>\n<!-- \/ Yoast SEO plugin. -->","yoast_head_json":{"title":"Abogados de \u00dalceras por Dec\u00fabito de Chicago - Sexner Injury Lawyers LLC","description":"Si cree que su ser querido mayor no ha recibido la atenci\u00f3n adecuada en un asilo de ancianos, debe actuar de inmediato. Ll\u00e1menos al (312) 243-9922 para hablar sobre sus opciones en el futuro.","robots":{"index":"index","follow":"follow","max-snippet":"max-snippet:-1","max-image-preview":"max-image-preview:large","max-video-preview":"max-video-preview:-1"},"canonical":"https:\/\/chicagoinjurylawyer.net\/es\/abuso-de-asilo-de-ancianos\/ulceras-por-decubito\/","og_locale":"es_ES","og_type":"article","og_title":"Abogados de \u00dalceras por Dec\u00fabito de Chicago - Sexner Injury Lawyers LLC","og_description":"Si cree que su ser querido mayor no ha recibido la atenci\u00f3n adecuada en un asilo de ancianos, debe actuar de inmediato. Ll\u00e1menos al (312) 243-9922 para hablar sobre sus opciones en el futuro.","og_url":"https:\/\/chicagoinjurylawyer.net\/es\/abuso-de-asilo-de-ancianos\/ulceras-por-decubito\/","og_site_name":"Sexner Injury Lawyers LLC","og_image":[{"url":"https:\/\/chicagoinjurylawyer.net\/wp-content\/uploads\/2022\/01\/Abogados-de-U\u0301lceras-por-Decu\u0301bito-de-Chicago.jpg","type":"","width":"","height":""}],"twitter_card":"summary_large_image","twitter_misc":{"Tiempo de lectura":"5 minutos"},"schema":{"@context":"https:\/\/schema.org","@graph":[{"@type":"WebPage","@id":"https:\/\/chicagoinjurylawyer.net\/es\/abuso-de-asilo-de-ancianos\/ulceras-por-decubito\/","url":"https:\/\/chicagoinjurylawyer.net\/es\/abuso-de-asilo-de-ancianos\/ulceras-por-decubito\/","name":"Abogados de \u00dalceras por Dec\u00fabito de Chicago - Sexner Injury Lawyers LLC","isPartOf":{"@id":"https:\/\/chicagoinjurylawyer.net\/es\/#website"},"datePublished":"2022-01-06T21:53:14+00:00","description":"Si cree que su ser querido mayor no ha recibido la atenci\u00f3n adecuada en un asilo de ancianos, debe actuar de inmediato. Ll\u00e1menos al [phone-number] para hablar sobre sus opciones en el futuro.","breadcrumb":{"@id":"https:\/\/chicagoinjurylawyer.net\/es\/abuso-de-asilo-de-ancianos\/ulceras-por-decubito\/#breadcrumb"},"inLanguage":"es","potentialAction":[{"@type":"ReadAction","target":["https:\/\/chicagoinjurylawyer.net\/es\/abuso-de-asilo-de-ancianos\/ulceras-por-decubito\/"]}]},{"@type":"BreadcrumbList","@id":"https:\/\/chicagoinjurylawyer.net\/es\/abuso-de-asilo-de-ancianos\/ulceras-por-decubito\/#breadcrumb","itemListElement":[{"@type":"ListItem","position":1,"name":"Abuso De Asilo De Ancianos","item":"https:\/\/chicagoinjurylawyer.net\/es\/abuso-de-asilo-de-ancianos\/"},{"@type":"ListItem","position":2,"name":"\u00dalceras por Dec\u00fabito"}]},{"@type":"WebSite","@id":"https:\/\/chicagoinjurylawyer.net\/es\/#website","url":"https:\/\/chicagoinjurylawyer.net\/es\/","name":"Sexner Injury Lawyers LLC","description":"Chicago Personal Injury Attorneys","publisher":{"@id":"https:\/\/chicagoinjurylawyer.net\/es\/#organization"},"potentialAction":[{"@type":"SearchAction","target":{"@type":"EntryPoint","urlTemplate":"https:\/\/chicagoinjurylawyer.net\/es\/?s={search_term_string}"},"query-input":{"@type":"PropertyValueSpecification","valueRequired":true,"valueName":"search_term_string"}}],"inLanguage":"es"},{"@type":"Organization","@id":"https:\/\/chicagoinjurylawyer.net\/es\/#organization","name":"[firm-name]","url":"https:\/\/chicagoinjurylawyer.net\/es\/","logo":{"@type":"ImageObject","inLanguage":"es","@id":"https:\/\/chicagoinjurylawyer.net\/es\/#\/schema\/logo\/image\/","url":"https:\/\/chicagoinjurylawyer.net\/wp-content\/uploads\/2019\/06\/msx-logo-1.png","contentUrl":"https:\/\/chicagoinjurylawyer.net\/wp-content\/uploads\/2019\/06\/msx-logo-1.png","width":180,"height":83,"caption":"[firm-name]"},"image":{"@id":"https:\/\/chicagoinjurylawyer.net\/es\/#\/schema\/logo\/image\/"}}]}},"_links":{"self":[{"href":"https:\/\/chicagoinjurylawyer.net\/es\/wp-json\/wp\/v2\/pages\/33003","targetHints":{"allow":["GET"]}}],"collection":[{"href":"https:\/\/chicagoinjurylawyer.net\/es\/wp-json\/wp\/v2\/pages"}],"about":[{"href":"https:\/\/chicagoinjurylawyer.net\/es\/wp-json\/wp\/v2\/types\/page"}],"author":[{"embeddable":true,"href":"https:\/\/chicagoinjurylawyer.net\/es\/wp-json\/wp\/v2\/users\/1"}],"replies":[{"embeddable":true,"href":"https:\/\/chicagoinjurylawyer.net\/es\/wp-json\/wp\/v2\/comments?post=33003"}],"version-history":[{"count":1,"href":"https:\/\/chicagoinjurylawyer.net\/es\/wp-json\/wp\/v2\/pages\/33003\/revisions"}],"predecessor-version":[{"id":33009,"href":"https:\/\/chicagoinjurylawyer.net\/es\/wp-json\/wp\/v2\/pages\/33003\/revisions\/33009"}],"up":[{"embeddable":true,"href":"https:\/\/chicagoinjurylawyer.net\/es\/wp-json\/wp\/v2\/pages\/7276"}],"wp:attachment":[{"href":"https:\/\/chicagoinjurylawyer.net\/es\/wp-json\/wp\/v2\/media?parent=33003"}],"curies":[{"name":"wp","href":"https:\/\/api.w.org\/{rel}","templated":true}]}}