{"id":33008,"date":"2022-01-06T16:06:06","date_gmt":"2022-01-06T22:06:06","guid":{"rendered":"https:\/\/pi-sexner.tseg.co\/?page_id=33008"},"modified":"2022-02-02T16:08:43","modified_gmt":"2022-02-02T22:08:43","slug":"abuso-de-ancianos-de-cuidadores","status":"publish","type":"page","link":"https:\/\/chicagoinjurylawyer.net\/es\/abuso-de-asilo-de-ancianos\/abuso-de-ancianos-de-cuidadores\/","title":{"rendered":"Abuso de Ancianos de Cuidadores"},"content":{"rendered":"<h1>Abogado de Abuso de Ancianos de Cuidadores en Chicago<\/h1>\n<p><img decoding=\"async\" class=\"alignright wp-image-33012\" src=\"\/wp-content\/uploads\/2022\/01\/Abogado-de-Abuso-de-Ancianos-de-Cuidadores-en-Chicago.jpg\" alt=\"Abuso de Ancianos de Cuidadores en Chicago\" width=\"400\" height=\"267\" srcset=\"https:\/\/chicagoinjurylawyer.net\/wp-content\/uploads\/2022\/01\/Abogado-de-Abuso-de-Ancianos-de-Cuidadores-en-Chicago.jpg 1000w, https:\/\/chicagoinjurylawyer.net\/wp-content\/uploads\/2022\/01\/Abogado-de-Abuso-de-Ancianos-de-Cuidadores-en-Chicago-300x200.jpg 300w, https:\/\/chicagoinjurylawyer.net\/wp-content\/uploads\/2022\/01\/Abogado-de-Abuso-de-Ancianos-de-Cuidadores-en-Chicago-768x512.jpg 768w\" sizes=\"(max-width: 400px) 100vw, 400px\" \/>El <a href=\"\/es\/abuso-de-asilo-de-ancianos\/abuso-fisico\/\">abuso f\u00edsico<\/a>\u00a0y el abuso psicol\u00f3gico se encuentran entre las formas m\u00e1s comunes de abuso en hogares de ancianos. Estos abusos suelen ser perpetrados por el cuidador directamente responsable de la salud y el bienestar de la persona mayor. Estos cuidadores abusivos pueden ser enfermeras profesionales o personal de un <a href=\"\/es\/abuso-de-asilo-de-ancianos\/\">hogar de ancianos<\/a>, o pueden ser amigos y familiares en quienes se conf\u00eda para cuidar al ser querido anciano.<\/p>\n<p>Cuando un cuidador profesional se aprovecha o abusa de las personas mayores, no solo comete un delito, sino que tambi\u00e9n viola las leyes civiles destinadas a proteger a las personas mayores. Es importante reportar cualquier abuso de este tipo a la polic\u00eda y al Departamento de Salud P\u00fablica de Illinois. Una vez que lo haya hecho, o incluso antes, ll\u00e1menos a Sexner <a href=\"\/es\/\"><strong>Injury<\/strong><\/a> Lawyers LLC al <a href=\"tel:3122439922\">(312) 243-9922<\/a>. Nuestros abogados con experiencia en abuso de ancianos en Chicago pueden discutir todas sus opciones en el futuro.<\/p>\n<h2>\u00bfQu\u00e9 es un Cuidador Profesional?<\/h2>\n<p>Aproximadamente el 30% del tiempo, los cuidadores no son remunerados; por lo general, son miembros de la familia, como hijos, padres o hermanos. Vecinos, miembros de la iglesia u otros voluntarios tambi\u00e9n forman parte de las filas de estos cuidadores no profesionales.<\/p>\n<p>El resto del tiempo, los \"cuidadores profesionales\" son empleados remunerados que trabajan para hogares de ancianos, hogares de convalecencia, centros de internaci\u00f3n, hospitales, consultorios m\u00e9dicos o aut\u00f3nomos. Estos cuidadores profesionales deben ofrecer el m\u00e1s alto grado de atenci\u00f3n y compasi\u00f3n por sus pacientes. Por desgracia, este no es siempre el caso.<\/p>\n<h2>Causas del Abuso de los Cuidadores<\/h2>\n<p>Al igual que la poblaci\u00f3n en general, los cuidadores tienen sus propios problemas. No son inmunes a la depresi\u00f3n, el abuso de drogas, las tendencias violentas, la pereza, la falsedad, la ansiedad u otros trastornos psiqui\u00e1tricos y psicol\u00f3gicos. Independientemente de si el cuidador recibe pago o no, siempre existe la posibilidad de abuso.<\/p>\n<p>Adem\u00e1s de cualquier tendencia natural o deficiencia del cuidador, tambi\u00e9n hay:<\/p>\n<ul>\n<li>Trabajo excesivo,<\/li>\n<li>Falta de formaci\u00f3n y<\/li>\n<li>El estr\u00e9s general que conlleva un trabajo que tiene altas expectativas.<\/li>\n<\/ul>\n<p>El cuidador puede sentirse atrapado, indefenso y subvalorado. Como resultado, el cuidador puede arremeter contra el paciente.<\/p>\n<h2>Tipos Comunes de Abuso de Cuidadores<\/h2>\n<ul>\n<li><strong>Descuido o abandono<\/strong>: El descuido ocurre cuando un cuidador no brinda atenci\u00f3n b\u00e1sica a la persona mayor. Esto puede ser intencional o accidental y es la forma m\u00e1s com\u00fan de abuso por parte del cuidador. El abandono es cuando el cuidador simplemente deja al paciente solo, a veces en un lugar p\u00fablico, durante largos per\u00edodos de tiempo (o nunca regresa). Tal exposici\u00f3n puede resultar fatal para el paciente anciano.<\/li>\n<li><strong>F\u00edsico<\/strong>: Esto se refiere al uso no accidental de fuerza excesiva contra una persona mayor, lo que resulta en dolor f\u00edsico y lesiones. El abuso f\u00edsico puede incluir golpes y empujones, as\u00ed como el uso inapropiado de restricciones f\u00edsicas.<\/li>\n<li><strong>Emocional<\/strong>: este tipo de abuso psicol\u00f3gico incluye el uso de palabras y comportamientos que causan angustia emocional y ansiedad a una persona mayor. Puede incluir amenazas verbales e intimidaci\u00f3n, humillaci\u00f3n y aislar a la persona de los dem\u00e1s.<\/li>\n<li><strong>Sexual<\/strong>: Cualquier forma de contacto sexual sin el consentimiento previo de una persona mayor constituye <a href=\"\/es\/abuso-de-asilo-de-ancianos\/abuso-sexual\/\">abuso sexual<\/a>. Esto incluye involucrar a la persona en actos sexuales, desnudarla de manera inapropiada, tocarla f\u00edsicamente y m\u00e1s.<\/li>\n<li><strong>Financiero<\/strong>: El robo de propiedad, el acceso a cuentas bancarias y el fraude son todas formas de abuso financiero. Cuando un cuidador es un c\u00f3nyuge u otro miembro de la familia, este tipo de abuso puede ser dif\u00edcil de notar, pero sigue siendo una violaci\u00f3n de la confianza.<\/li>\n<\/ul>\n<img decoding=\"async\" class=\"aligncenter size-full wp-image-33014\" src=\"\/wp-content\/uploads\/2022\/01\/Abogado-de-Abuso-de-Ancianos-de-Cuidadores.jpg\" alt=\"Abogado de Abuso de Ancianos de Cuidadores\" width=\"1000\" height=\"667\" srcset=\"https:\/\/chicagoinjurylawyer.net\/wp-content\/uploads\/2022\/01\/Abogado-de-Abuso-de-Ancianos-de-Cuidadores.jpg 1000w, https:\/\/chicagoinjurylawyer.net\/wp-content\/uploads\/2022\/01\/Abogado-de-Abuso-de-Ancianos-de-Cuidadores-300x200.jpg 300w, https:\/\/chicagoinjurylawyer.net\/wp-content\/uploads\/2022\/01\/Abogado-de-Abuso-de-Ancianos-de-Cuidadores-768x512.jpg 768w\" sizes=\"(max-width: 1000px) 100vw, 1000px\" \/>\n<h2>\u00bfCu\u00e1les Son las Se\u00f1ales de Advertencia de Abuso por Parte de los Cuidadores?<\/h2>\n<p>Si alguna de las siguientes se\u00f1ales de advertencia est\u00e1 presente, es posible que haya una relaci\u00f3n abusiva o que se desarrolle. En tales circunstancias, el paciente debe ser retirado inmediatamente del cuidado de ese cuidador y debe considerar ponerse en contacto con las autoridades. Algunas de las se\u00f1ales de advertencia de tal cuidador incluyen:<\/p>\n<ul>\n<li>Depresi\u00f3n<\/li>\n<li>Baja autoestima<\/li>\n<li>Mala actitud y resentimiento hacia la familia<\/li>\n<li>Ver al paciente como una carga indebida<\/li>\n<li>Actitud indiferente hacia el paciente anciano<\/li>\n<\/ul>\n<h2>Factores de Riesgo Que Aumentan las Posibilidades de Abuso<\/h2>\n<p>Brindar atenci\u00f3n a los ancianos puede ser una experiencia profundamente gratificante, ya que el cuidador ayuda a las personas que ya no pueden cuidar de s\u00ed mismas por completo. Sin embargo, ya sea que se realice de manera profesional o para un miembro de la familia, este es un rol extremadamente exigente de desempe\u00f1ar y puede desgastar la autoestima, el estilo de vida y la felicidad de una persona. Es importante que tanto los cuidadores como los seres queridos comprendan qu\u00e9 aumenta la probabilidad de abuso y tomen medidas para prevenirlo siempre que sea posible.<\/p>\n<p>Algunos factores de riesgo que aumentan la posibilidad de que un cuidador abuse de la persona mayor bajo su cuidado incluyen:<\/p>\n<ul>\n<li>Entrenamiento deficiente o insuficiente.<\/li>\n<li>Deficientes estrategias de afrontamiento para lidiar con el estr\u00e9s.<\/li>\n<li>Se\u00f1ales de advertencia de depresi\u00f3n.<\/li>\n<li>Falta de apoyo de otros cuidadores profesionales o de amigos y familiares.<\/li>\n<\/ul>\n<p>Si bien el abuso nunca es culpa de la v\u00edctima, ciertos factores pueden hacer que una persona mayor sea m\u00e1s vulnerable al abuso cuando un cuidador no puede manejar la situaci\u00f3n. \u00c9stos incluyen:<\/p>\n<ul>\n<li>Enfermedades intensas y afecciones mentales, como demencia o Alzheimer.<\/li>\n<li>La tendencia de una persona mayor a ser verbalmente abusiva o agresiva con los dem\u00e1s.<\/li>\n<li>Historial pasado entre el anciano y el cuidador, como el abuso previo de un padre hacia un hijo o entre c\u00f3nyuges, que puede causar resentimiento o un deseo de venganza.<\/li>\n<li>Aislamiento del anciano y cuidador sin mucha interacci\u00f3n social con los dem\u00e1s.<\/li>\n<\/ul>\n<h2>Prevenir el Abuso<\/h2>\n<p><img decoding=\"async\" class=\"alignright size-medium wp-image-33016\" src=\"\/wp-content\/uploads\/2022\/01\/Abuso-de-Ancianos-de-Cuidadores-en-Chicago-300x300.jpg\" alt=\"Abogado de Abuso de Ancianos de Cuidadores en Chicago\" width=\"300\" height=\"300\" srcset=\"https:\/\/chicagoinjurylawyer.net\/wp-content\/uploads\/2022\/01\/Abuso-de-Ancianos-de-Cuidadores-en-Chicago-300x300.jpg 300w, https:\/\/chicagoinjurylawyer.net\/wp-content\/uploads\/2022\/01\/Abuso-de-Ancianos-de-Cuidadores-en-Chicago-150x150.jpg 150w, https:\/\/chicagoinjurylawyer.net\/wp-content\/uploads\/2022\/01\/Abuso-de-Ancianos-de-Cuidadores-en-Chicago-768x768.jpg 768w, https:\/\/chicagoinjurylawyer.net\/wp-content\/uploads\/2022\/01\/Abuso-de-Ancianos-de-Cuidadores-en-Chicago.jpg 1000w\" sizes=\"(max-width: 300px) 100vw, 300px\" \/>Para estar atento a las se\u00f1ales de advertencia, es importante hablar con sus seres queridos ancianos ubicados en hogares de ancianos, y con sus enfermeras y otros cuidadores, ya sean profesionales o miembros de la familia.<\/p>\n<p>Los cuidadores deben encontrar formas de manejar el estr\u00e9s y de cuidarse a s\u00ed mismos, tanto f\u00edsica como emocionalmente. Es vital que los cuidadores familiares encuentren oportunidades para, a veces, alejarse del ser querido anciano que cuidan y tomarse un tiempo para s\u00ed mismos de una manera que no descuide a la persona que necesita atenci\u00f3n.<\/p>\n<p>Sin embargo, si observa alg\u00fan indicio de abuso, act\u00fae de inmediato. Hable con otros cuidadores o familiares si tiene inquietudes. Presente un informe de inmediato con el Departamento de Salud P\u00fablica de Illinois y comun\u00edquese con la polic\u00eda local si corresponde. Luego, llame a los abogados de abuso de ancianos en Chicago de Sexner Injury Lawyers LLC al <a href=\"tel:3122439922\">(312) 243-9922<\/a>, para discutir las formas en que puede proteger a su ser querido y sus derechos legales. Nuestros abogados afiliados han logrado acuerdos multimillonarios para muchas familias de clientes que han sido perjudicadas. Ll\u00e1menos hoy para una consulta gratuita.<\/p>\n","protected":false},"excerpt":{"rendered":"<p>Abogado de Abuso de Ancianos de Cuidadores en Chicago El abuso f\u00edsico\u00a0y el abuso psicol\u00f3gico se encuentran entre las formas m\u00e1s comunes de abuso en hogares de ancianos. Estos abusos suelen ser perpetrados por el cuidador directamente responsable de la salud y el bienestar de la persona mayor. Estos cuidadores abusivos pueden ser enfermeras profesionales [&hellip;]<\/p>\n","protected":false},"author":1,"featured_media":0,"parent":7276,"menu_order":0,"comment_status":"closed","ping_status":"closed","template":"","meta":{"_acf_changed":false,"footnotes":""},"class_list":["post-33008","page","type-page","status-publish","hentry"],"acf":[],"yoast_head":"<!-- This site is optimized with the Yoast SEO plugin v27.4 - https:\/\/yoast.com\/product\/yoast-seo-wordpress\/ -->\n<title>Abuso de Ancianos de Cuidadores - Sexner Injury Lawyers LLC<\/title>\n<meta name=\"robots\" content=\"index, follow, max-snippet:-1, max-image-preview:large, max-video-preview:-1\" \/>\n<link rel=\"canonical\" href=\"https:\/\/chicagoinjurylawyer.net\/es\/abuso-de-asilo-de-ancianos\/abuso-de-ancianos-de-cuidadores\/\" \/>\n<meta property=\"og:locale\" content=\"es_ES\" \/>\n<meta property=\"og:type\" content=\"article\" \/>\n<meta property=\"og:title\" content=\"Abuso de Ancianos de Cuidadores - Sexner Injury Lawyers LLC\" \/>\n<meta property=\"og:description\" content=\"Abogado de Abuso de Ancianos de Cuidadores en Chicago El abuso f\u00edsico\u00a0y el abuso psicol\u00f3gico se encuentran entre las formas m\u00e1s comunes de abuso en hogares de ancianos. Estos abusos suelen ser perpetrados por el cuidador directamente responsable de la salud y el bienestar de la persona mayor. Estos cuidadores abusivos pueden ser enfermeras profesionales [&hellip;]\" \/>\n<meta property=\"og:url\" content=\"https:\/\/chicagoinjurylawyer.net\/es\/abuso-de-asilo-de-ancianos\/abuso-de-ancianos-de-cuidadores\/\" \/>\n<meta property=\"og:site_name\" content=\"Sexner Injury Lawyers LLC\" \/>\n<meta property=\"article:modified_time\" content=\"2022-02-02T22:08:43+00:00\" \/>\n<meta property=\"og:image\" content=\"https:\/\/chicagoinjurylawyer.net\/wp-content\/uploads\/2022\/01\/Abogado-de-Abuso-de-Ancianos-de-Cuidadores-en-Chicago.jpg\" \/>\n<meta name=\"twitter:card\" content=\"summary_large_image\" \/>\n<meta name=\"twitter:label1\" content=\"Tiempo de lectura\" \/>\n\t<meta name=\"twitter:data1\" content=\"6 minutos\" \/>\n<!-- \/ Yoast SEO plugin. -->","yoast_head_json":{"title":"Abuso de Ancianos de Cuidadores - Sexner Injury Lawyers LLC","robots":{"index":"index","follow":"follow","max-snippet":"max-snippet:-1","max-image-preview":"max-image-preview:large","max-video-preview":"max-video-preview:-1"},"canonical":"https:\/\/chicagoinjurylawyer.net\/es\/abuso-de-asilo-de-ancianos\/abuso-de-ancianos-de-cuidadores\/","og_locale":"es_ES","og_type":"article","og_title":"Abuso de Ancianos de Cuidadores - Sexner Injury Lawyers LLC","og_description":"Abogado de Abuso de Ancianos de Cuidadores en Chicago El abuso f\u00edsico\u00a0y el abuso psicol\u00f3gico se encuentran entre las formas m\u00e1s comunes de abuso en hogares de ancianos. Estos abusos suelen ser perpetrados por el cuidador directamente responsable de la salud y el bienestar de la persona mayor. Estos cuidadores abusivos pueden ser enfermeras profesionales [&hellip;]","og_url":"https:\/\/chicagoinjurylawyer.net\/es\/abuso-de-asilo-de-ancianos\/abuso-de-ancianos-de-cuidadores\/","og_site_name":"Sexner Injury Lawyers LLC","article_modified_time":"2022-02-02T22:08:43+00:00","og_image":[{"url":"https:\/\/chicagoinjurylawyer.net\/wp-content\/uploads\/2022\/01\/Abogado-de-Abuso-de-Ancianos-de-Cuidadores-en-Chicago.jpg","type":"","width":"","height":""}],"twitter_card":"summary_large_image","twitter_misc":{"Tiempo de lectura":"6 minutos"},"schema":{"@context":"https:\/\/schema.org","@graph":[{"@type":"WebPage","@id":"https:\/\/chicagoinjurylawyer.net\/es\/abuso-de-asilo-de-ancianos\/abuso-de-ancianos-de-cuidadores\/","url":"https:\/\/chicagoinjurylawyer.net\/es\/abuso-de-asilo-de-ancianos\/abuso-de-ancianos-de-cuidadores\/","name":"Abuso de Ancianos de Cuidadores - Sexner Injury Lawyers LLC","isPartOf":{"@id":"https:\/\/chicagoinjurylawyer.net\/es\/#website"},"datePublished":"2022-01-06T22:06:06+00:00","dateModified":"2022-02-02T22:08:43+00:00","breadcrumb":{"@id":"https:\/\/chicagoinjurylawyer.net\/es\/abuso-de-asilo-de-ancianos\/abuso-de-ancianos-de-cuidadores\/#breadcrumb"},"inLanguage":"es","potentialAction":[{"@type":"ReadAction","target":["https:\/\/chicagoinjurylawyer.net\/es\/abuso-de-asilo-de-ancianos\/abuso-de-ancianos-de-cuidadores\/"]}]},{"@type":"BreadcrumbList","@id":"https:\/\/chicagoinjurylawyer.net\/es\/abuso-de-asilo-de-ancianos\/abuso-de-ancianos-de-cuidadores\/#breadcrumb","itemListElement":[{"@type":"ListItem","position":1,"name":"Abuso De Asilo De Ancianos","item":"https:\/\/chicagoinjurylawyer.net\/es\/abuso-de-asilo-de-ancianos\/"},{"@type":"ListItem","position":2,"name":"Abuso de Ancianos de Cuidadores"}]},{"@type":"WebSite","@id":"https:\/\/chicagoinjurylawyer.net\/es\/#website","url":"https:\/\/chicagoinjurylawyer.net\/es\/","name":"Sexner Injury Lawyers LLC","description":"Chicago Personal Injury Attorneys","publisher":{"@id":"https:\/\/chicagoinjurylawyer.net\/es\/#organization"},"potentialAction":[{"@type":"SearchAction","target":{"@type":"EntryPoint","urlTemplate":"https:\/\/chicagoinjurylawyer.net\/es\/?s={search_term_string}"},"query-input":{"@type":"PropertyValueSpecification","valueRequired":true,"valueName":"search_term_string"}}],"inLanguage":"es"},{"@type":"Organization","@id":"https:\/\/chicagoinjurylawyer.net\/es\/#organization","name":"[firm-name]","url":"https:\/\/chicagoinjurylawyer.net\/es\/","logo":{"@type":"ImageObject","inLanguage":"es","@id":"https:\/\/chicagoinjurylawyer.net\/es\/#\/schema\/logo\/image\/","url":"https:\/\/chicagoinjurylawyer.net\/wp-content\/uploads\/2019\/06\/msx-logo-1.png","contentUrl":"https:\/\/chicagoinjurylawyer.net\/wp-content\/uploads\/2019\/06\/msx-logo-1.png","width":180,"height":83,"caption":"[firm-name]"},"image":{"@id":"https:\/\/chicagoinjurylawyer.net\/es\/#\/schema\/logo\/image\/"}}]}},"_links":{"self":[{"href":"https:\/\/chicagoinjurylawyer.net\/es\/wp-json\/wp\/v2\/pages\/33008","targetHints":{"allow":["GET"]}}],"collection":[{"href":"https:\/\/chicagoinjurylawyer.net\/es\/wp-json\/wp\/v2\/pages"}],"about":[{"href":"https:\/\/chicagoinjurylawyer.net\/es\/wp-json\/wp\/v2\/types\/page"}],"author":[{"embeddable":true,"href":"https:\/\/chicagoinjurylawyer.net\/es\/wp-json\/wp\/v2\/users\/1"}],"replies":[{"embeddable":true,"href":"https:\/\/chicagoinjurylawyer.net\/es\/wp-json\/wp\/v2\/comments?post=33008"}],"version-history":[{"count":4,"href":"https:\/\/chicagoinjurylawyer.net\/es\/wp-json\/wp\/v2\/pages\/33008\/revisions"}],"predecessor-version":[{"id":33521,"href":"https:\/\/chicagoinjurylawyer.net\/es\/wp-json\/wp\/v2\/pages\/33008\/revisions\/33521"}],"up":[{"embeddable":true,"href":"https:\/\/chicagoinjurylawyer.net\/es\/wp-json\/wp\/v2\/pages\/7276"}],"wp:attachment":[{"href":"https:\/\/chicagoinjurylawyer.net\/es\/wp-json\/wp\/v2\/media?parent=33008"}],"curies":[{"name":"wp","href":"https:\/\/api.w.org\/{rel}","templated":true}]}}