{"id":33018,"date":"2022-01-06T16:30:33","date_gmt":"2022-01-06T22:30:33","guid":{"rendered":"https:\/\/pi-sexner.tseg.co\/?page_id=33018"},"modified":"2022-01-06T16:30:33","modified_gmt":"2022-01-06T22:30:33","slug":"abuso-fisico","status":"publish","type":"page","link":"https:\/\/chicagoinjurylawyer.net\/es\/abuso-de-asilo-de-ancianos\/abuso-fisico\/","title":{"rendered":"Abuso F\u00edsico"},"content":{"rendered":"<h1>Abogados de Abuso F\u00edsico en Hogares de Ancianos en Chicago<\/h1>\n<h2>\u00bfSu Ser Querido Ha Sufrido Abuso F\u00edsico en un Hogar de Ancianos?<\/h2>\n<p>El abuso se define como el trato cruel o violento de otra persona. En el contexto de los <a href=\"\/es\/abuso-de-asilo-de-ancianos\/\">hogares de ancianos<\/a>, este tipo de abuso adopta muchas formas. Aunque en un mundo ideal no habr\u00eda ning\u00fan abuso en las instalaciones de atenci\u00f3n al paciente, y en algunos lugares, de hecho, no hay abuso perceptible, en otros el abuso es desenfrenado. Las estad\u00edsticas demuestran que las personas mayores que sufren abusos tienen una tasa de <a href=\"\/es\/muerte-injusta\/\">muerte prematura<\/a> mucho m\u00e1s alta que otras. Seg\u00fan algunos informes, uno de cada tres residentes de un hogar de ancianos informa haber sido objeto de abuso en un momento u otro. El abuso adopta muchas formas, pero se considera que el abuso f\u00edsico es el m\u00e1s com\u00fan.<\/p>\n<img decoding=\"async\" class=\"aligncenter size-full wp-image-32131\" src=\"\/wp-content\/uploads\/2021\/10\/Abuso-De-Asilo-De-Ancianos.jpg\" alt=\"Abogados de V\u00edctimas de Abuso en Hogares de Ancianos de Chicago\" width=\"1000\" height=\"667\" srcset=\"https:\/\/chicagoinjurylawyer.net\/wp-content\/uploads\/2021\/10\/Abuso-De-Asilo-De-Ancianos.jpg 1000w, https:\/\/chicagoinjurylawyer.net\/wp-content\/uploads\/2021\/10\/Abuso-De-Asilo-De-Ancianos-300x200.jpg 300w, https:\/\/chicagoinjurylawyer.net\/wp-content\/uploads\/2021\/10\/Abuso-De-Asilo-De-Ancianos-768x512.jpg 768w\" sizes=\"(max-width: 1000px) 100vw, 1000px\" \/>\n<h2>Se\u00f1ales de Advertencia de Abuso F\u00edsico en Hogares de Ancianos<\/h2>\n<p>Hay muchos tipos de abuso que son dif\u00edciles de detectar o identificar. Por ejemplo, el abuso psicol\u00f3gico o el abuso financiero no se pueden ver f\u00e1cilmente con solo mirar al residente del asilo de ancianos. Por otro lado, el abuso f\u00edsico de un paciente a menudo (pero no siempre) deja se\u00f1ales reveladoras de que ha ocurrido un evento abusivo. Algunos de estos signos pueden incluir:<\/p>\n<ul>\n<li>Manifestaciones visuales de abuso como hematomas, cortes, raspaduras.<\/li>\n<li>Aparici\u00f3n de lesiones en mu\u00f1ecas, brazos o tobillos que sugieran que se usaron restricciones f\u00edsicas<\/li>\n<li>Lesiones similares recurrentes<\/li>\n<li>Lesiones que no se pueden explicar<\/li>\n<li>Personal del hogar de ancianos que se niega a dejar al paciente solo con su familia<\/li>\n<li>Deshidrataci\u00f3n<\/li>\n<li>Desnutrici\u00f3n<\/li>\n<li>P\u00e9rdida de peso inusual<\/li>\n<\/ul>\n<p>Los miembros de la familia deben permanecer en guardia durante cada visita para detectar tales se\u00f1ales, independientemente de si la instalaci\u00f3n est\u00e1 altamente calificada y sin un historial de quejas. Aunque algunos empleados del personal m\u00e9dico permanecen en sus puestos durante per\u00edodos prolongados, muchos otros van y vienen. No se sabe cu\u00e1ndo un nuevo empleado de la \u201cmanzana podrida\u201d puede unirse a un equipo que de otro modo ser\u00eda profesional.<\/p>\n<h2>Perpetradores de Abuso F\u00edsico en Hogares de Ancianos<\/h2>\n<p>Pero \u00bfqui\u00e9nes son estas personas que abusan de los residentes de hogares de ancianos? Generalmente, provienen de tres grupos diferentes que incluyen:<\/p>\n<ul>\n<li><strong>Residentes de enfermer\u00eda existentes<\/strong>: Como probablemente esperar\u00eda, los residentes de hogares de ancianos incluyen una muestra representativa de personas que de otra manera se encontrar\u00edan en la poblaci\u00f3n general. En consecuencia, en cualquier hogar de ancianos en particular, adem\u00e1s de personas amables y agradables, tambi\u00e9n esperar\u00eda encontrar personas desagradables, violentas, mezquinas y psicol\u00f3gicamente desequilibradas. Por lo tanto, no deber\u00eda sorprender que las v\u00edctimas de abuso a veces sean abusadas por otros residentes cuando la familia y el personal m\u00e9dico no est\u00e1n presentes.<\/li>\n<li><strong>Miembros de la familia<\/strong>: Cr\u00e9alo o no, a veces son los propios miembros de la familia del paciente los que abusan f\u00edsicamente. Cuando el personal m\u00e9dico no est\u00e1 mirando, dicha familia puede abusar f\u00edsica o psicol\u00f3gicamente de los suyos. Especialmente si ha habido un historial de abuso, otros miembros de la familia deben estar atentos a las se\u00f1ales de advertencia.<\/li>\n<li><strong>Cuidadores y personal m\u00e9dico<\/strong>: Aunque los miembros de la familia y otros pacientes son de hecho responsables de una cierta cantidad de abuso f\u00edsico en los asilos de ancianos, con mucho la fuente de abuso m\u00e1s prevalente est\u00e1 en manos del personal del asilo de ancianos. Por supuesto, no hay necesidad de lanzar una red amplia sobre dicho personal, porque por cada <a href=\"\/es\/abuso-de-asilo-de-ancianos\/abuso-de-ancianos-de-cuidadores\/\">cuidador abusivo<\/a> hay indudablemente otros dos que son cari\u00f1osos y bien intencionados.<\/li>\n<\/ul>\n<p>Parte de este abuso f\u00edsico surge de la frustraci\u00f3n debido a la falta de personal, la falta de recursos suficientes y la falta de capacitaci\u00f3n adecuada del personal m\u00e9dico. Otras veces, el cuidador es simplemente una persona mala y maliciosa. El abuso tambi\u00e9n es involuntario en algunas situaciones. Sin embargo, independientemente de la fuente, no existen circunstancias en las que se pueda tolerar el abuso f\u00edsico.<\/p>\n<h2>Tipos de Abuso F\u00edsico en Hogares de Ancianos<\/h2>\n<p>As\u00ed como hay muchos tipos de abusadores, tambi\u00e9n existen muchos tipos de abuso f\u00edsico. Pero en general, el abuso f\u00edsico cae dentro de una de tres categor\u00edas distintas que incluyen:<\/p>\n<h3>Negligencia F\u00edsica<\/h3>\n<p>Este tipo de abuso puede ser intencional o no intencional. A veces, el cuidador deliberadamente no brinda la atenci\u00f3n necesaria para que el paciente prospere, mientras que otras veces, la falla en brindar los servicios adecuados se debe a la falta de capacitaci\u00f3n adecuada o de los recursos necesarios. Cuando ocurre la negligencia, las necesidades b\u00e1sicas que se requieren para el mantenimiento de la dignidad y la supervivencia se retienen o no se satisfacen. Estos pueden incluir:<\/p>\n<ul>\n<li>Suministro de agua y alimentos suficientes<\/li>\n<li>Provisi\u00f3n de la medicaci\u00f3n adecuada<\/li>\n<li>Provisi\u00f3n de ropa necesaria<\/li>\n<li>Provisi\u00f3n de un ambiente higi\u00e9nico, seguro y limpio.<\/li>\n<\/ul>\n<h3>Restricciones F\u00edsicas<\/h3>\n<p>Hay un lugar para las restricciones f\u00edsicas en los hogares de ancianos, pero solo bajo ciertas condiciones m\u00e9dicas muy limitadas. Incluso durante tales situaciones, las sujeciones deben usarse durante per\u00edodos de tiempo cortos y espec\u00edficos. Hacer lo contrario es una violaci\u00f3n de las regulaciones y leyes federales de los asilos de ancianos. Esto se debe a que el uso prolongado de restricciones a menudo conduce a lesiones, ya que los pacientes de los asilos de ancianos, comprensiblemente, luchan por liberarse de tal confinamiento. Bajo ninguna circunstancia deben usarse restricciones f\u00edsicas para la conveniencia del personal m\u00e9dico o con fines de castigo. Cuando esto ocurre, el uso de restricciones no solo es una negligencia m\u00e9dica e inapropiada, sino que tambi\u00e9n puede ser de naturaleza criminal.<\/p>\n<h3>Abuso Activo<\/h3>\n<p>Este es el tipo de abuso en el que las personas piensan con mayor frecuencia cuando consideran el abuso en un asilo de ancianos. Puede involucrar a un paciente que es golpeado, golpeado, abofeteado, pellizcado, pateado, <a href=\"\/es\/abuso-de-asilo-de-ancianos\/abuso-sexual\/\">abusado sexualmente<\/a> o violado f\u00edsicamente de otra manera. Este tipo de abuso f\u00edsico es intencional y a menudo se puede discernir por la apariencia f\u00edsica del residente del asilo de ancianos. Tambi\u00e9n suele ser el m\u00e1s grave y puede provocar lesiones permanentes muy graves o muerte por negligencia.<\/p>\n<img decoding=\"async\" class=\"aligncenter size-full wp-image-33020\" src=\"\/wp-content\/uploads\/2022\/01\/Abogados-de-Abuso-Fi\u0301sico-en-Hogares-de-Ancianos-en-Chicago.jpg\" alt=\"Abogados de Abuso F\u00edsico en Hogares de Ancianos en Chicago\" width=\"1000\" height=\"668\" srcset=\"https:\/\/chicagoinjurylawyer.net\/wp-content\/uploads\/2022\/01\/Abogados-de-Abuso-Fi\u0301sico-en-Hogares-de-Ancianos-en-Chicago.jpg 1000w, https:\/\/chicagoinjurylawyer.net\/wp-content\/uploads\/2022\/01\/Abogados-de-Abuso-Fi\u0301sico-en-Hogares-de-Ancianos-en-Chicago-300x200.jpg 300w, https:\/\/chicagoinjurylawyer.net\/wp-content\/uploads\/2022\/01\/Abogados-de-Abuso-Fi\u0301sico-en-Hogares-de-Ancianos-en-Chicago-768x513.jpg 768w\" sizes=\"(max-width: 1000px) 100vw, 1000px\" \/>\n<h2>P\u00f3ngase en Contacto Con un Abogado Con Experiencia en Casos de Abuso F\u00edsico en Hogares de Ancianos en Chicago<\/h2>\n<p>Durante m\u00e1s de veinticinco a\u00f1os, los abogados experimentados, atentos y conocedores asociados con Sexner Injury Lawyers LLC han estado ayudando a los residentes de hogares de ancianos y sus familias a responsabilizar a otros por <a href=\"\/es\/\">lesiones<\/a>, muertes y abusos, ya sea que ocurrieron intencionalmente o no. Llame a nuestros abogados de abuso en hogares de ancianos de Chicago las 24 horas del d\u00eda al <a href=\"tel:3122439922\">(312) 243-9922<\/a> para obtener informaci\u00f3n gratuita y sin compromiso.<\/p>\n","protected":false},"excerpt":{"rendered":"<p>Abogados de Abuso F\u00edsico en Hogares de Ancianos en Chicago \u00bfSu Ser Querido Ha Sufrido Abuso F\u00edsico en un Hogar de Ancianos? El abuso se define como el trato cruel o violento de otra persona. En el contexto de los hogares de ancianos, este tipo de abuso adopta muchas formas. Aunque en un mundo ideal [&hellip;]<\/p>\n","protected":false},"author":1,"featured_media":0,"parent":7276,"menu_order":0,"comment_status":"closed","ping_status":"closed","template":"","meta":{"_acf_changed":false,"footnotes":""},"class_list":["post-33018","page","type-page","status-publish","hentry"],"acf":[],"yoast_head":"<!-- This site is optimized with the Yoast SEO plugin v27.4 - https:\/\/yoast.com\/product\/yoast-seo-wordpress\/ -->\n<title>Abogados de Abuso F\u00edsico en Hogares de Ancianos en Chicago<\/title>\n<meta name=\"description\" content=\"El abuso se define como el trato cruel o violento de otra persona. En el contexto de los hogares de ancianos, este tipo de abuso adopta muchas formas.\" \/>\n<meta name=\"robots\" content=\"index, follow, max-snippet:-1, max-image-preview:large, max-video-preview:-1\" \/>\n<link rel=\"canonical\" href=\"https:\/\/chicagoinjurylawyer.net\/es\/abuso-de-asilo-de-ancianos\/abuso-fisico\/\" \/>\n<meta property=\"og:locale\" content=\"es_ES\" \/>\n<meta property=\"og:type\" content=\"article\" \/>\n<meta property=\"og:title\" content=\"Abogados de Abuso F\u00edsico en Hogares de Ancianos en Chicago\" \/>\n<meta property=\"og:description\" content=\"El abuso se define como el trato cruel o violento de otra persona. En el contexto de los hogares de ancianos, este tipo de abuso adopta muchas formas.\" \/>\n<meta property=\"og:url\" content=\"https:\/\/chicagoinjurylawyer.net\/es\/abuso-de-asilo-de-ancianos\/abuso-fisico\/\" \/>\n<meta property=\"og:site_name\" content=\"Sexner Injury Lawyers LLC\" \/>\n<meta property=\"og:image\" content=\"https:\/\/chicagoinjurylawyer.net\/wp-content\/uploads\/2021\/10\/Abuso-De-Asilo-De-Ancianos.jpg\" \/>\n<meta name=\"twitter:card\" content=\"summary_large_image\" \/>\n<meta name=\"twitter:label1\" content=\"Tiempo de lectura\" \/>\n\t<meta name=\"twitter:data1\" content=\"6 minutos\" \/>\n<!-- \/ Yoast SEO plugin. -->","yoast_head_json":{"title":"Abogados de Abuso F\u00edsico en Hogares de Ancianos en Chicago","description":"El abuso se define como el trato cruel o violento de otra persona. En el contexto de los hogares de ancianos, este tipo de abuso adopta muchas formas.","robots":{"index":"index","follow":"follow","max-snippet":"max-snippet:-1","max-image-preview":"max-image-preview:large","max-video-preview":"max-video-preview:-1"},"canonical":"https:\/\/chicagoinjurylawyer.net\/es\/abuso-de-asilo-de-ancianos\/abuso-fisico\/","og_locale":"es_ES","og_type":"article","og_title":"Abogados de Abuso F\u00edsico en Hogares de Ancianos en Chicago","og_description":"El abuso se define como el trato cruel o violento de otra persona. En el contexto de los hogares de ancianos, este tipo de abuso adopta muchas formas.","og_url":"https:\/\/chicagoinjurylawyer.net\/es\/abuso-de-asilo-de-ancianos\/abuso-fisico\/","og_site_name":"Sexner Injury Lawyers LLC","og_image":[{"url":"https:\/\/chicagoinjurylawyer.net\/wp-content\/uploads\/2021\/10\/Abuso-De-Asilo-De-Ancianos.jpg","type":"","width":"","height":""}],"twitter_card":"summary_large_image","twitter_misc":{"Tiempo de lectura":"6 minutos"},"schema":{"@context":"https:\/\/schema.org","@graph":[{"@type":"WebPage","@id":"https:\/\/chicagoinjurylawyer.net\/es\/abuso-de-asilo-de-ancianos\/abuso-fisico\/","url":"https:\/\/chicagoinjurylawyer.net\/es\/abuso-de-asilo-de-ancianos\/abuso-fisico\/","name":"Abogados de Abuso F\u00edsico en Hogares de Ancianos en Chicago","isPartOf":{"@id":"https:\/\/chicagoinjurylawyer.net\/es\/#website"},"datePublished":"2022-01-06T22:30:33+00:00","description":"El abuso se define como el trato cruel o violento de otra persona. En el contexto de los hogares de ancianos, este tipo de abuso adopta muchas formas.","breadcrumb":{"@id":"https:\/\/chicagoinjurylawyer.net\/es\/abuso-de-asilo-de-ancianos\/abuso-fisico\/#breadcrumb"},"inLanguage":"es","potentialAction":[{"@type":"ReadAction","target":["https:\/\/chicagoinjurylawyer.net\/es\/abuso-de-asilo-de-ancianos\/abuso-fisico\/"]}]},{"@type":"BreadcrumbList","@id":"https:\/\/chicagoinjurylawyer.net\/es\/abuso-de-asilo-de-ancianos\/abuso-fisico\/#breadcrumb","itemListElement":[{"@type":"ListItem","position":1,"name":"Abuso De Asilo De Ancianos","item":"https:\/\/chicagoinjurylawyer.net\/es\/abuso-de-asilo-de-ancianos\/"},{"@type":"ListItem","position":2,"name":"Abuso F\u00edsico"}]},{"@type":"WebSite","@id":"https:\/\/chicagoinjurylawyer.net\/es\/#website","url":"https:\/\/chicagoinjurylawyer.net\/es\/","name":"Sexner Injury Lawyers LLC","description":"Chicago Personal Injury Attorneys","publisher":{"@id":"https:\/\/chicagoinjurylawyer.net\/es\/#organization"},"potentialAction":[{"@type":"SearchAction","target":{"@type":"EntryPoint","urlTemplate":"https:\/\/chicagoinjurylawyer.net\/es\/?s={search_term_string}"},"query-input":{"@type":"PropertyValueSpecification","valueRequired":true,"valueName":"search_term_string"}}],"inLanguage":"es"},{"@type":"Organization","@id":"https:\/\/chicagoinjurylawyer.net\/es\/#organization","name":"[firm-name]","url":"https:\/\/chicagoinjurylawyer.net\/es\/","logo":{"@type":"ImageObject","inLanguage":"es","@id":"https:\/\/chicagoinjurylawyer.net\/es\/#\/schema\/logo\/image\/","url":"https:\/\/chicagoinjurylawyer.net\/wp-content\/uploads\/2019\/06\/msx-logo-1.png","contentUrl":"https:\/\/chicagoinjurylawyer.net\/wp-content\/uploads\/2019\/06\/msx-logo-1.png","width":180,"height":83,"caption":"[firm-name]"},"image":{"@id":"https:\/\/chicagoinjurylawyer.net\/es\/#\/schema\/logo\/image\/"}}]}},"_links":{"self":[{"href":"https:\/\/chicagoinjurylawyer.net\/es\/wp-json\/wp\/v2\/pages\/33018","targetHints":{"allow":["GET"]}}],"collection":[{"href":"https:\/\/chicagoinjurylawyer.net\/es\/wp-json\/wp\/v2\/pages"}],"about":[{"href":"https:\/\/chicagoinjurylawyer.net\/es\/wp-json\/wp\/v2\/types\/page"}],"author":[{"embeddable":true,"href":"https:\/\/chicagoinjurylawyer.net\/es\/wp-json\/wp\/v2\/users\/1"}],"replies":[{"embeddable":true,"href":"https:\/\/chicagoinjurylawyer.net\/es\/wp-json\/wp\/v2\/comments?post=33018"}],"version-history":[{"count":1,"href":"https:\/\/chicagoinjurylawyer.net\/es\/wp-json\/wp\/v2\/pages\/33018\/revisions"}],"predecessor-version":[{"id":33028,"href":"https:\/\/chicagoinjurylawyer.net\/es\/wp-json\/wp\/v2\/pages\/33018\/revisions\/33028"}],"up":[{"embeddable":true,"href":"https:\/\/chicagoinjurylawyer.net\/es\/wp-json\/wp\/v2\/pages\/7276"}],"wp:attachment":[{"href":"https:\/\/chicagoinjurylawyer.net\/es\/wp-json\/wp\/v2\/media?parent=33018"}],"curies":[{"name":"wp","href":"https:\/\/api.w.org\/{rel}","templated":true}]}}