{"id":33022,"date":"2022-01-06T16:29:23","date_gmt":"2022-01-06T22:29:23","guid":{"rendered":"https:\/\/pi-sexner.tseg.co\/?page_id=33022"},"modified":"2026-01-09T14:15:36","modified_gmt":"2026-01-09T20:15:36","slug":"abuso-sexual","status":"publish","type":"page","link":"https:\/\/chicagoinjurylawyer.net\/es\/abuso-de-asilo-de-ancianos\/abuso-sexual\/","title":{"rendered":"Abuso Sexual en Hogares de Ancianos"},"content":{"rendered":"<h1>Abogados de Abuso Sexual en Hogares de Ancianos en Chicago<\/h1>\n<p><img decoding=\"async\" class=\"alignright wp-image-33025\" src=\"\/wp-content\/uploads\/2022\/01\/Abogados-de-Abuso-Sexual-en-Hogares-de-Ancianos-en-Chicago-300x200.jpg\" alt=\"Abogados de Abuso Sexual en Hogares de Ancianos en Chicago\" width=\"425\" height=\"283\" srcset=\"https:\/\/chicagoinjurylawyer.net\/wp-content\/uploads\/2022\/01\/Abogados-de-Abuso-Sexual-en-Hogares-de-Ancianos-en-Chicago-300x200.jpg 300w, https:\/\/chicagoinjurylawyer.net\/wp-content\/uploads\/2022\/01\/Abogados-de-Abuso-Sexual-en-Hogares-de-Ancianos-en-Chicago-768x512.jpg 768w, https:\/\/chicagoinjurylawyer.net\/wp-content\/uploads\/2022\/01\/Abogados-de-Abuso-Sexual-en-Hogares-de-Ancianos-en-Chicago.jpg 1000w\" sizes=\"(max-width: 425px) 100vw, 425px\" \/>Una situaci\u00f3n de abuso particularmente espantosa es el abuso sexual de ancianos, enfermos u otros pacientes que no pueden cuidar de s\u00ed mismos por completo. Los abusadores a menudo se dirigen a las v\u00edctimas m\u00e1s indefensas, incluidas aquellas con demencia y <a href=\"\/es\/abuso-de-asilo-de-ancianos\/abuso-de-alzheimer\/\">Alzheimer<\/a>. Parece ser su teor\u00eda que, si abusan sexualmente de una persona as\u00ed, las autoridades no creer\u00e1n que el abuso ocurri\u00f3. Lamentablemente, muchas personas mayores que son abusadas sexualmente no quieren o no pueden denunciar el crimen en su contra, lo que significa que sus amigos y familiares deben permanecer atentos para detectar signos de abuso.<\/p>\n<p>Si sospecha que su ser querido mayor ha sido v\u00edctima de alg\u00fan tipo de abuso sexual, incluso acoso, debe informar de inmediato sus sospechas. Es posible que no quiera admitir ni siquiera ante s\u00ed mismo que es una posibilidad, pero conf\u00ede en sus instintos y proteja a los que le importan. Comun\u00edquese con la polic\u00eda local de inmediato, as\u00ed como con el Departamento de Salud P\u00fablica de Illinois. Luego, llame a Sexner Injury Lawyers LLC al <a href=\"tel:3122439922\">(312) 243-9922<\/a>. Nuestros abogados con experiencia en abuso sexual en <a href=\"\/es\/abuso-de-asilo-de-ancianos\/\">hogares de ancianos de Chicago<\/a> pueden sentarse con usted para discutir lo que ha sucedido y las opciones disponibles para usted y su familia.<\/p>\n<h2>\u00bfQu\u00e9 es el Abuso Sexual de Ancianos?<\/h2>\n<p>Cualquier inicio de conducta sexual con un paciente anciano se considera abuso sexual cuando ese contacto no es deseado o no consensuado. (Esto tambi\u00e9n incluye el contacto sexual con cualquier paciente que no pueda dar un consentimiento significativo). Aunque el abuso sexual de personas mayores puede ocurrir en cualquier lugar, desafortunadamente, ocurre con mayor frecuencia en hogares de ancianos. Algunos ejemplos de abuso sexual de personas mayores incluyen:<\/p>\n<ul>\n<li>Agresi\u00f3n de car\u00e1cter sexual<\/li>\n<li>Fotograf\u00eda de desnudos<\/li>\n<li>Toques sexuales no deseados<\/li>\n<li>Violaci\u00f3n<\/li>\n<\/ul>\n<p>Este tipo de contacto f\u00edsico o agresi\u00f3n sexual no solo es una base para una demanda civil contra el centro de enfermer\u00eda, sino que tambi\u00e9n es un acto criminal y debe informarse de inmediato a la polic\u00eda y al Departamento de Salud P\u00fablica de Illinois para una mayor investigaci\u00f3n.<\/p>\n<h2>Se\u00f1ales de Advertencia de Abuso Sexual de Ancianos<\/h2>\n<p>Cuando una persona anciana o enferma es abusada sexualmente, puede haber se\u00f1ales f\u00edsicas de que tal abuso ha tenido lugar. Otras veces, puede que no haya signos f\u00edsicos obvios en absoluto, pero en cambio, pueden aparecer pistas psicol\u00f3gicas. Es de suma importancia que la familia y los amigos vigilen de manera cuidadosa y constante a sus seres queridos mayores para buscar tales se\u00f1ales o pistas. Algunos incluyen:<\/p>\n<ul>\n<li>Retraimiento social o depresi\u00f3n<\/li>\n<li>Cambios inusuales y abruptos en el estado de \u00e1nimo.<\/li>\n<li>Moretones que aparecen en los senos, los muslos o el \u00e1rea genital<\/li>\n<li>Sangrado vaginal<\/li>\n<li>Infecciones<\/li>\n<li>Enfermedades de transmisi\u00f3n sexual (ETS)<\/li>\n<li>Ropa o ropa interior ensangrentada<\/li>\n<li>Dificultad para sentarse o caminar<\/li>\n<li>Miedo al cuidador o mayor ansiedad<\/li>\n<\/ul>\n<h2>\u00bfQui\u00e9nes Son los Perpetradores y las V\u00edctimas?<\/h2>\n<p>La informaci\u00f3n sobre el abuso sexual de personas mayores es algo escasa debido a la naturaleza del delito. Por un lado, ninguno de nosotros quiere pensar en ello o discutirlo, pero es una realidad y debe entenderse. Solo alrededor del 30% de las v\u00edctimas de abuso sexual de ancianos denuncian a sus abusadores a la polic\u00eda; esto contribuye a la dificultad de obtener informaci\u00f3n sobre estos delitos. Lo que se sabe, seg\u00fan estudios, es que:<\/p>\n<ul>\n<li>En m\u00e1s del 80% de los casos, el infractor es el <a href=\"\/es\/abuso-de-asilo-de-ancianos\/abuso-de-ancianos-de-cuidadores\/\">cuidador del anciano<\/a>.<\/li>\n<li>M\u00e1s del 80% de las v\u00edctimas viven en un centro de atenci\u00f3n institucional, como un hogar de ancianos.<\/li>\n<li>Aproximadamente el 67% del abuso sexual de personas mayores es cometido por miembros de la familia.<\/li>\n<li>El personal y los asistentes de los asilos de ancianos, las enfermeras residentes y los amigos tambi\u00e9n han cometido abusos.<\/li>\n<li>Otros proveedores de atenci\u00f3n que se quedan solos con los pacientes han sido acusados \u200b\u200bde abuso en varios casos.<\/li>\n<li>En m\u00e1s del 75% de los casos, hay al menos un testigo del abuso.<\/li>\n<li>Las mujeres tienen 6 veces m\u00e1s probabilidades de ser v\u00edctimas de abuso sexual de ancianos que los hombres.<\/li>\n<li>Cuanto mayor sea la v\u00edctima de abuso, es menos probable que el delincuente sea condenado.<\/li>\n<li>Es menos probable que se crea a las v\u00edctimas de abuso sexual de personas mayores si no hay signos de trauma f\u00edsico.<\/li>\n<\/ul>\n<h2>\u00bfD\u00f3nde Suele Ocurrir el Abuso Sexual de Personas Mayores?<\/h2>\n<p>En todas partes: el abuso puede ocurrir en el hogar de una persona, en un hogar de ancianos o en un centro similar, o en el hogar de otro amigo o familiar. Una vez m\u00e1s, las estad\u00edsticas sobre este tipo de casos son algo escasas, pero lo que se sabe es que:<\/p>\n<ul>\n<li>Aproximadamente el 12% de las v\u00edctimas de abuso sexual de ancianos son agredidas en su propia casa.<\/li>\n<li>Otro 14% de las v\u00edctimas son agredidas en el hogar del delincuente sexual.<\/li>\n<li>Aproximadamente el 70% de los casos de abuso sexual de ancianos ocurren espec\u00edficamente en hogares de ancianos.<\/li>\n<\/ul>\n<p>Como puede ver, la gran mayor\u00eda de los casos reportados tienen lugar en hogares de ancianos y, por lo general, un cuidador los conf\u00eda a la v\u00edctima. Por eso es tan importante que los amigos y familiares est\u00e9n atentos a las se\u00f1ales de abuso y permanezcan alerta cuando sus seres queridos se encuentran en estas instalaciones.<\/p>\n<img decoding=\"async\" class=\"aligncenter size-full wp-image-33023\" src=\"\/wp-content\/uploads\/2022\/01\/Abogados-de-Abuso-Sexual-en-Hogares-de-Ancianos.jpg\" alt=\"Abogados de Abuso Sexual en Hogares de Ancianos\" width=\"1000\" height=\"480\" srcset=\"https:\/\/chicagoinjurylawyer.net\/wp-content\/uploads\/2022\/01\/Abogados-de-Abuso-Sexual-en-Hogares-de-Ancianos.jpg 1000w, https:\/\/chicagoinjurylawyer.net\/wp-content\/uploads\/2022\/01\/Abogados-de-Abuso-Sexual-en-Hogares-de-Ancianos-300x144.jpg 300w, https:\/\/chicagoinjurylawyer.net\/wp-content\/uploads\/2022\/01\/Abogados-de-Abuso-Sexual-en-Hogares-de-Ancianos-768x369.jpg 768w\" sizes=\"(max-width: 1000px) 100vw, 1000px\" \/>\n<h2>\u00bfQu\u00e9 Se Puede Hacer?<\/h2>\n<p>Si sospecha que algo anda mal, conf\u00ede en sus instintos y haga algo al respecto. En primer lugar, el abuso sexual de personas mayores es un delito grave, por lo que debe informar de inmediato sus sospechas a las autoridades locales. Presente un informe y una queja ante el Departamento de Salud P\u00fablica de Illinois, que es responsable de supervisar y otorgar licencias a los hogares de ancianos e instalaciones similares. Luego, debe proteger a su ser querido y buscar una compensaci\u00f3n por su dolor y sufrimiento. Esto no solo asegurar\u00e1 el futuro del cuidado de su ser querido, sino que tambi\u00e9n castigar\u00e1 al depredador sexual o la instalaci\u00f3n que le permiti\u00f3 abusar de su ser querido.<\/p>\n<p>Llame a los abogados de abuso en hogares de ancianos de Chicago afiliados a <a href=\"\/es\/\">Sexner Injury Lawyers LLC<\/a> al <a href=\"tel:3122439922\">(312) 243-9922<\/a> para hablar sobre los derechos y las opciones legales de su ser querido. Contamos con m\u00e1s de 30 a\u00f1os de experiencia y brindamos una representaci\u00f3n decidida para nuestros clientes y sus familias.<\/p>\n","protected":false},"excerpt":{"rendered":"<p>Abogados de Abuso Sexual en Hogares de Ancianos en Chicago Una situaci\u00f3n de abuso particularmente espantosa es el abuso sexual de ancianos, enfermos u otros pacientes que no pueden cuidar de s\u00ed mismos por completo. Los abusadores a menudo se dirigen a las v\u00edctimas m\u00e1s indefensas, incluidas aquellas con demencia y Alzheimer. Parece ser su [&hellip;]<\/p>\n","protected":false},"author":1,"featured_media":0,"parent":7276,"menu_order":0,"comment_status":"closed","ping_status":"closed","template":"","meta":{"_acf_changed":false,"footnotes":""},"class_list":["post-33022","page","type-page","status-publish","hentry"],"acf":[],"yoast_head":"<!-- This site is optimized with the Yoast SEO plugin v27.3 - https:\/\/yoast.com\/product\/yoast-seo-wordpress\/ -->\n<title>Abogados de Abuso Sexual en Hogares de Ancianos en Chicago<\/title>\n<meta name=\"description\" content=\"Llame a los abogados de abuso en hogares de ancianos de Chicago afiliados a Sexner Injury Lawyers LLC al (312) 243-9922 para hablar sobre los derechos y las opciones legales de su ser querido.\" \/>\n<meta name=\"robots\" content=\"index, follow, max-snippet:-1, max-image-preview:large, max-video-preview:-1\" \/>\n<link rel=\"canonical\" href=\"https:\/\/chicagoinjurylawyer.net\/es\/abuso-de-asilo-de-ancianos\/abuso-sexual\/\" \/>\n<meta property=\"og:locale\" content=\"es_ES\" \/>\n<meta property=\"og:type\" content=\"article\" \/>\n<meta property=\"og:title\" content=\"Abogados de Abuso Sexual en Hogares de Ancianos en Chicago\" \/>\n<meta property=\"og:description\" content=\"Llame a los abogados de abuso en hogares de ancianos de Chicago afiliados a Sexner Injury Lawyers LLC al (312) 243-9922 para hablar sobre los derechos y las opciones legales de su ser querido.\" \/>\n<meta property=\"og:url\" content=\"https:\/\/chicagoinjurylawyer.net\/es\/abuso-de-asilo-de-ancianos\/abuso-sexual\/\" \/>\n<meta property=\"og:site_name\" content=\"Sexner Injury Lawyers LLC\" \/>\n<meta property=\"article:modified_time\" content=\"2026-01-09T20:15:36+00:00\" \/>\n<meta name=\"twitter:card\" content=\"summary_large_image\" \/>\n<meta name=\"twitter:label1\" content=\"Tiempo de lectura\" \/>\n\t<meta name=\"twitter:data1\" content=\"5 minutos\" \/>\n<!-- \/ Yoast SEO plugin. -->","yoast_head_json":{"title":"Abogados de Abuso Sexual en Hogares de Ancianos en Chicago","description":"Llame a los abogados de abuso en hogares de ancianos de Chicago afiliados a Sexner Injury Lawyers LLC al (312) 243-9922 para hablar sobre los derechos y las opciones legales de su ser querido.","robots":{"index":"index","follow":"follow","max-snippet":"max-snippet:-1","max-image-preview":"max-image-preview:large","max-video-preview":"max-video-preview:-1"},"canonical":"https:\/\/chicagoinjurylawyer.net\/es\/abuso-de-asilo-de-ancianos\/abuso-sexual\/","og_locale":"es_ES","og_type":"article","og_title":"Abogados de Abuso Sexual en Hogares de Ancianos en Chicago","og_description":"Llame a los abogados de abuso en hogares de ancianos de Chicago afiliados a Sexner Injury Lawyers LLC al (312) 243-9922 para hablar sobre los derechos y las opciones legales de su ser querido.","og_url":"https:\/\/chicagoinjurylawyer.net\/es\/abuso-de-asilo-de-ancianos\/abuso-sexual\/","og_site_name":"Sexner Injury Lawyers LLC","article_modified_time":"2026-01-09T20:15:36+00:00","twitter_card":"summary_large_image","twitter_misc":{"Tiempo de lectura":"5 minutos"},"schema":{"@context":"https:\/\/schema.org","@graph":[{"@type":"WebPage","@id":"https:\/\/chicagoinjurylawyer.net\/es\/abuso-de-asilo-de-ancianos\/abuso-sexual\/","url":"https:\/\/chicagoinjurylawyer.net\/es\/abuso-de-asilo-de-ancianos\/abuso-sexual\/","name":"Abogados de Abuso Sexual en Hogares de Ancianos en Chicago","isPartOf":{"@id":"https:\/\/chicagoinjurylawyer.net\/es\/#website"},"datePublished":"2022-01-06T22:29:23+00:00","dateModified":"2026-01-09T20:15:36+00:00","description":"Llame a los abogados de abuso en hogares de ancianos de Chicago afiliados a [firm-name] al [phone-number] para hablar sobre los derechos y las opciones legales de su ser querido.","breadcrumb":{"@id":"https:\/\/chicagoinjurylawyer.net\/es\/abuso-de-asilo-de-ancianos\/abuso-sexual\/#breadcrumb"},"inLanguage":"es","potentialAction":[{"@type":"ReadAction","target":["https:\/\/chicagoinjurylawyer.net\/es\/abuso-de-asilo-de-ancianos\/abuso-sexual\/"]}]},{"@type":"BreadcrumbList","@id":"https:\/\/chicagoinjurylawyer.net\/es\/abuso-de-asilo-de-ancianos\/abuso-sexual\/#breadcrumb","itemListElement":[{"@type":"ListItem","position":1,"name":"Abuso De Asilo De Ancianos","item":"https:\/\/chicagoinjurylawyer.net\/es\/abuso-de-asilo-de-ancianos\/"},{"@type":"ListItem","position":2,"name":"Abuso Sexual en Hogares de Ancianos"}]},{"@type":"WebSite","@id":"https:\/\/chicagoinjurylawyer.net\/es\/#website","url":"https:\/\/chicagoinjurylawyer.net\/es\/","name":"Sexner Injury Lawyers LLC","description":"Chicago Personal Injury Attorneys","publisher":{"@id":"https:\/\/chicagoinjurylawyer.net\/es\/#organization"},"potentialAction":[{"@type":"SearchAction","target":{"@type":"EntryPoint","urlTemplate":"https:\/\/chicagoinjurylawyer.net\/es\/?s={search_term_string}"},"query-input":{"@type":"PropertyValueSpecification","valueRequired":true,"valueName":"search_term_string"}}],"inLanguage":"es"},{"@type":"Organization","@id":"https:\/\/chicagoinjurylawyer.net\/es\/#organization","name":"[firm-name]","url":"https:\/\/chicagoinjurylawyer.net\/es\/","logo":{"@type":"ImageObject","inLanguage":"es","@id":"https:\/\/chicagoinjurylawyer.net\/es\/#\/schema\/logo\/image\/","url":"https:\/\/chicagoinjurylawyer.net\/wp-content\/uploads\/2019\/06\/msx-logo-1.png","contentUrl":"https:\/\/chicagoinjurylawyer.net\/wp-content\/uploads\/2019\/06\/msx-logo-1.png","width":180,"height":83,"caption":"[firm-name]"},"image":{"@id":"https:\/\/chicagoinjurylawyer.net\/es\/#\/schema\/logo\/image\/"}}]}},"_links":{"self":[{"href":"https:\/\/chicagoinjurylawyer.net\/es\/wp-json\/wp\/v2\/pages\/33022","targetHints":{"allow":["GET"]}}],"collection":[{"href":"https:\/\/chicagoinjurylawyer.net\/es\/wp-json\/wp\/v2\/pages"}],"about":[{"href":"https:\/\/chicagoinjurylawyer.net\/es\/wp-json\/wp\/v2\/types\/page"}],"author":[{"embeddable":true,"href":"https:\/\/chicagoinjurylawyer.net\/es\/wp-json\/wp\/v2\/users\/1"}],"replies":[{"embeddable":true,"href":"https:\/\/chicagoinjurylawyer.net\/es\/wp-json\/wp\/v2\/comments?post=33022"}],"version-history":[{"count":2,"href":"https:\/\/chicagoinjurylawyer.net\/es\/wp-json\/wp\/v2\/pages\/33022\/revisions"}],"predecessor-version":[{"id":34555,"href":"https:\/\/chicagoinjurylawyer.net\/es\/wp-json\/wp\/v2\/pages\/33022\/revisions\/34555"}],"up":[{"embeddable":true,"href":"https:\/\/chicagoinjurylawyer.net\/es\/wp-json\/wp\/v2\/pages\/7276"}],"wp:attachment":[{"href":"https:\/\/chicagoinjurylawyer.net\/es\/wp-json\/wp\/v2\/media?parent=33022"}],"curies":[{"name":"wp","href":"https:\/\/api.w.org\/{rel}","templated":true}]}}