{"id":33065,"date":"2022-01-07T16:50:22","date_gmt":"2022-01-07T22:50:22","guid":{"rendered":"https:\/\/pi-sexner.tseg.co\/?page_id=33065"},"modified":"2022-01-07T16:54:53","modified_gmt":"2022-01-07T22:54:53","slug":"abuso-psicologico","status":"publish","type":"page","link":"https:\/\/chicagoinjurylawyer.net\/es\/abuso-de-asilo-de-ancianos\/abuso-psicologico\/","title":{"rendered":"Abuso Psicol\u00f3gico"},"content":{"rendered":"<h1>Abogados de Abuso Psicol\u00f3gico en Hogares de Ancianos de Chicago<\/h1>\n<p><img decoding=\"async\" class=\"alignright wp-image-33066\" src=\"\/wp-content\/uploads\/2022\/01\/Abogados-de-Abuso-Psicolo\u0301gico-en-Hogares-de-Ancianos-de-Chicago.jpg\" alt=\"Abogados de Abuso Psicol\u00f3gico en Hogares de Ancianos\" width=\"400\" height=\"267\" srcset=\"https:\/\/chicagoinjurylawyer.net\/wp-content\/uploads\/2022\/01\/Abogados-de-Abuso-Psicolo\u0301gico-en-Hogares-de-Ancianos-de-Chicago.jpg 1000w, https:\/\/chicagoinjurylawyer.net\/wp-content\/uploads\/2022\/01\/Abogados-de-Abuso-Psicolo\u0301gico-en-Hogares-de-Ancianos-de-Chicago-300x200.jpg 300w, https:\/\/chicagoinjurylawyer.net\/wp-content\/uploads\/2022\/01\/Abogados-de-Abuso-Psicolo\u0301gico-en-Hogares-de-Ancianos-de-Chicago-768x512.jpg 768w\" sizes=\"(max-width: 400px) 100vw, 400px\" \/>En comparaci\u00f3n con otras formas de abuso y negligencia, el <a href=\"\/es\/abuso-de-asilo-de-ancianos\/abuso-fisico\/\">abuso f\u00edsico<\/a> de los ancianos u otros residentes de hogares de ancianos a veces es mucho m\u00e1s f\u00e1cil de detectar. Los moretones, golpes, cortes, huesos rotos, <a href=\"\/es\/abuso-de-asilo-de-ancianos\/ulceras-por-decubito\/\">\u00falceras de dec\u00fabito<\/a> y otras manifestaciones f\u00edsicas de abuso f\u00edsico suelen estar presentes y son signos claros que justifican una mayor investigaci\u00f3n. Luego, un m\u00e9dico puede examinar estas lesiones f\u00edsicas, hablar con el residente anciano y ayudar a determinar si fueron el resultado de un abuso intencional o si fueron un accidente inocente.<\/p>\n<p>Pero, la mente es un lugar misterioso que no muestra magulladuras ni roturas. No se puede entrar en un hogar de ancianos y determinar r\u00e1pidamente qu\u00e9 pacientes de edad avanzada han sido v\u00edctimas de abuso psicol\u00f3gico o emocional. En consecuencia, es de suma importancia que los familiares y amigos permanezcan atentos en todo momento a las se\u00f1ales de advertencia cuando visiten y hablen con los residentes de las instalaciones de enfermer\u00eda y de hospitalizaci\u00f3n. Si sospecha que su ser querido est\u00e1 siendo maltratado en un hogar de ancianos, los abogados de abuso psicol\u00f3gico en <a href=\"\/es\/abuso-de-asilo-de-ancianos\/\">hogares de ancianos de Chicago<\/a> de Sexner Injury Lawyers LLC pueden ayudarlo a superar los desaf\u00edos de responsabilizar a los abusadores. Cont\u00e1ctenos al <a href=\"tel:3122439922\">(312) 243-9922<\/a> para una consulta gratuita.<\/p>\n<h2>Se\u00f1ales de Advertencia de Abuso Psicol\u00f3gico en Hogares de Ancianos<\/h2>\n<p>Los efectos del abuso psicol\u00f3gico var\u00edan mucho de una persona a otra. Algunas v\u00edctimas de abuso pueden volverse retra\u00eddas o m\u00e1s t\u00edmidas, mientras que otras pueden volverse demasiado agresivas y confrontativas. No existe un conjunto espec\u00edfico de reacciones que sea cierto para todas esas v\u00edctimas de abuso<\/p>\n<p>Ciertamente, las se\u00f1ales de abuso psicol\u00f3gico pueden ser dif\u00edciles de identificar, y una familia nunca debe sentirse responsable si no puede detectar r\u00e1pidamente estas se\u00f1ales de advertencia. Pero, despu\u00e9s de la exposici\u00f3n continua a tal da\u00f1o, estos son algunos de los signos de advertencia m\u00e1s comunes:<\/p>\n<ul>\n<li>Debilitamiento del sistema inmunol\u00f3gico.<\/li>\n<li>Agitaci\u00f3n<\/li>\n<li>Cambios repentinos en el comportamiento o la personalidad.<\/li>\n<li>Insomnio e incapacidad para dormir.<\/li>\n<li>Retiro de actividades<\/li>\n<li>Depresi\u00f3n<\/li>\n<li>Miedo inusual o excesivo<\/li>\n<li>Negativa repentina a hablar o interactuar con los dem\u00e1s.<\/li>\n<li>P\u00e9rdida repentina de peso.<\/li>\n<li>P\u00e9rdida repentina del apetito<\/li>\n<li>Susceptibilidad a infecciones y lesiones.<\/li>\n<li>Negarse a tomar medicamentos<\/li>\n<li>Nuevos comportamientos inusuales (que pueden incluir mecer, morder o chupar)<\/li>\n<\/ul>\n<h2>Tipos de Abuso Psicol\u00f3gico<\/h2>\n<p>El abuso psicol\u00f3gico o emocional de pacientes en hogares de ancianos o institucionales puede tomar muchas formas. Pero, en general, se pueden dividir en dos categor\u00edas b\u00e1sicas, verbales y no verbales.<\/p>\n<h3>Abuso Verbal<\/h3>\n<p>Este tipo de abuso implica gritos verbales, acoso y ataques emocionales a la v\u00edctima anciana o enferma. Si el miembro de la familia est\u00e1 presente cuando esto ocurre, puede resultar bastante obvio que se est\u00e1 produciendo un abuso psicol\u00f3gico de ese tipo. La gran mayor\u00eda de los abusadores que trabajan en hogares de ancianos se cuidar\u00e1n mucho de tratar a los pacientes con respeto cuando los miembros de la familia est\u00e9n presentes. Solo cuando los familiares se han ido, comienza el abuso. Por lo tanto, al igual que con cualquier otro tipo de sospecha de abuso, es muy importante estar atento a las se\u00f1ales de advertencia. Algunos ejemplos de abuso verbal incluyen:<\/p>\n<ul>\n<li>Gritar, gritar o gritarle al paciente.<\/li>\n<li>Amenaza de da\u00f1o al residente<\/li>\n<li>Fingir que el paciente ser\u00e1 lastimado<\/li>\n<li>Ridiculizar, insultar o insultar<\/li>\n<li>Tratar al residente como si fuera un ni\u00f1o<\/li>\n<li>Intencionalmente hacer que el paciente se sienta molesto o culpable<\/li>\n<li>Culpar al residente por algo que no hizo<\/li>\n<li>Avergonzar intencionalmente al paciente<\/li>\n<li>Ser malo o indiferente<\/li>\n<li>Intimidar al residente del asilo de ancianos<\/li>\n<\/ul>\n<h3>Abuso No Verbal<\/h3>\n<p>Si el abuso verbal es m\u00e1s dif\u00edcil de detectar que las se\u00f1ales de advertencia obvias de abuso f\u00edsico, entonces el abuso no verbal es a\u00fan m\u00e1s dif\u00edcil de detectar. Las mismas se\u00f1ales de advertencia de lesi\u00f3n se aplican al abuso no verbal, pero debido a que el miembro del personal m\u00e9dico no est\u00e1 reprendiendo, acosando o insultando verbalmente al paciente, a menudo es m\u00e1s dif\u00edcil de notar. Sin embargo, los efectos no son menos graves y pueden incluir sentimientos de aislamiento, miedo e impotencia. Algunos ejemplos de tal abuso no verbal incluyen:<\/p>\n<ul>\n<li>Ignorar al paciente<\/li>\n<li>Esconder, robar o llevarse art\u00edculos personales.<\/li>\n<li>Ignorar al paciente o darle la \"espalda fr\u00eda\"<\/li>\n<li>Aislar al residente de otras personas<\/li>\n<li>Impedir que el paciente salga a la calle u otras interacciones.<\/li>\n<li>Fingir causar da\u00f1o f\u00edsico<\/li>\n<li>Restringir el acceso del paciente al agua, la comida o el ba\u00f1o.<\/li>\n<\/ul>\n<h2>Factores de Riesgo de Abuso Psicol\u00f3gico en Hogares de Ancianos<\/h2>\n<p>El abuso psicol\u00f3gico y emocional de un paciente puede ocurrir en cualquier lugar. No se limita \u00fanicamente a los residentes de hogares de ancianos o instalaciones para pacientes hospitalizados. Ocurre con la misma frecuencia en hospitales y consultorios m\u00e9dicos a manos de m\u00e9dicos y enfermeras. No se limita a las personas mayores o con una capacidad disminuida para defenderse. Pero es cierto que quienes se encuentran en la posici\u00f3n m\u00e1s d\u00e9bil para cuidarse a s\u00ed mismos son a menudo quienes corren mayor riesgo de abuso.<\/p>\n<p>Aunque los abusadores generalmente se aprovechan de los d\u00e9biles, en \u00faltima instancia, no son las caracter\u00edsticas de los abusados \u200b\u200blas que hacen que el abuso sea m\u00e1s o menos probable. Sugerirlo implicar\u00eda alg\u00fan aspecto de culpabilidad por parte de la v\u00edctima. Con m\u00e1s exactitud, son generalmente las caracter\u00edsticas del miembro del personal o del cuidador las que predicen con mayor probabilidad si es probable que ocurra un abuso. En muchos establecimientos m\u00e9dicos, hogares de ancianos e instalaciones para pacientes hospitalizados, el personal recibe un salario insuficiente, falta de personal y est\u00e1 poco capacitado. Algunos miembros del personal m\u00e9dico sufren de depresi\u00f3n, luchan contra la adicci\u00f3n a las drogas o tienen serios problemas econ\u00f3micos, mientras que otros tienen antecedentes de agresi\u00f3n violenta o problemas psiqui\u00e1tricos. Como puede imaginar, estos miembros del personal m\u00e9dico corren un riesgo mucho mayor de participar en un comportamiento abusivo contra los residentes de los asilos de ancianos.<\/p>\n<h2>Prevenci\u00f3n y Denuncia de Abuso Psicol\u00f3gico en Hogares de Ancianos en Chicago<\/h2>\n<p><img decoding=\"async\" class=\"alignright wp-image-33070\" src=\"\/wp-content\/uploads\/2022\/01\/Abogados-de-Abuso-Psicolo\u0301gico-en-Hogares-de-Ancianos.jpg\" alt=\"Abogados de Abuso Psicol\u00f3gico en Hogares de Ancianos\" width=\"400\" height=\"267\" srcset=\"https:\/\/chicagoinjurylawyer.net\/wp-content\/uploads\/2022\/01\/Abogados-de-Abuso-Psicolo\u0301gico-en-Hogares-de-Ancianos.jpg 1000w, https:\/\/chicagoinjurylawyer.net\/wp-content\/uploads\/2022\/01\/Abogados-de-Abuso-Psicolo\u0301gico-en-Hogares-de-Ancianos-300x200.jpg 300w, https:\/\/chicagoinjurylawyer.net\/wp-content\/uploads\/2022\/01\/Abogados-de-Abuso-Psicolo\u0301gico-en-Hogares-de-Ancianos-768x512.jpg 768w\" sizes=\"(max-width: 400px) 100vw, 400px\" \/>Seleccionar cuidadosamente a los cuidadores y las instalaciones de los hogares de ancianos y luego observar diligentemente las se\u00f1ales de advertencia es todo lo que se puede esperar razonablemente de los miembros de la familia. Con suerte, el abuso psicol\u00f3gico se puede evitar cuando se hace esto. En el caso de que se detecte un abuso, es muy importante que la familia informe de inmediato dicho comportamiento ilegal a las agencias gubernamentales encargadas de regular los asilos de ancianos y simult\u00e1neamente se comunique con el experimentado equipo legal de Sexner Injury Lawyers LLC. El Departamento de Salud P\u00fablica de Illinois (IDPH) es sin duda un buen lugar para comenzar y probablemente realizar\u00e1n una inspecci\u00f3n o investigaci\u00f3n una vez que haya presentado dicha queja.<\/p>\n<p>Pero de igual importancia, comun\u00edquese con un abogado de abuso en hogares de ancianos de Chicago en <a href=\"\/es\/\">Sexner Injury Lawyers LLC<\/a> llamando al <a href=\"tel:3122439922\">(312) 243-9922<\/a> en cualquier momento del d\u00eda o de la noche para obtener asistencia profesional inmediata para responsabilizar a los malhechores. Nunca se cobra una tarifa legal a menos que tengamos \u00e9xito en nombre de su familia. Ya se han recaudado muchos millones de d\u00f3lares para nuestros clientes. Llama hoy.<\/p>\n","protected":false},"excerpt":{"rendered":"<p>Abogados de Abuso Psicol\u00f3gico en Hogares de Ancianos de Chicago En comparaci\u00f3n con otras formas de abuso y negligencia, el abuso f\u00edsico de los ancianos u otros residentes de hogares de ancianos a veces es mucho m\u00e1s f\u00e1cil de detectar. Los moretones, golpes, cortes, huesos rotos, \u00falceras de dec\u00fabito y otras manifestaciones f\u00edsicas de abuso [&hellip;]<\/p>\n","protected":false},"author":1,"featured_media":0,"parent":7276,"menu_order":0,"comment_status":"closed","ping_status":"closed","template":"","meta":{"_acf_changed":false,"footnotes":""},"class_list":["post-33065","page","type-page","status-publish","hentry"],"acf":[],"yoast_head":"<!-- This site is optimized with the Yoast SEO plugin v27.5 - https:\/\/yoast.com\/product\/yoast-seo-wordpress\/ -->\n<title>Abogados de Abuso Psicol\u00f3gico en Hogares de Ancianos de Chicago<\/title>\n<meta name=\"description\" content=\"Si sospecha que su ser querido est\u00e1 siendo maltratado en un hogar de ancianos, los abogados de abuso psicol\u00f3gico en hogares de ancianos de Chicago de Sexner Injury Lawyers LLC pueden ayudarlo.\" \/>\n<meta name=\"robots\" content=\"index, follow, max-snippet:-1, max-image-preview:large, max-video-preview:-1\" \/>\n<link rel=\"canonical\" href=\"https:\/\/chicagoinjurylawyer.net\/es\/abuso-de-asilo-de-ancianos\/abuso-psicologico\/\" \/>\n<meta property=\"og:locale\" content=\"es_ES\" \/>\n<meta property=\"og:type\" content=\"article\" \/>\n<meta property=\"og:title\" content=\"Abogados de Abuso Psicol\u00f3gico en Hogares de Ancianos de Chicago\" \/>\n<meta property=\"og:description\" content=\"Si sospecha que su ser querido est\u00e1 siendo maltratado en un hogar de ancianos, los abogados de abuso psicol\u00f3gico en hogares de ancianos de Chicago de Sexner Injury Lawyers LLC pueden ayudarlo.\" \/>\n<meta property=\"og:url\" content=\"https:\/\/chicagoinjurylawyer.net\/es\/abuso-de-asilo-de-ancianos\/abuso-psicologico\/\" \/>\n<meta property=\"og:site_name\" content=\"Sexner Injury Lawyers LLC\" \/>\n<meta property=\"article:modified_time\" content=\"2022-01-07T22:54:53+00:00\" \/>\n<meta property=\"og:image\" content=\"https:\/\/chicagoinjurylawyer.net\/wp-content\/uploads\/2022\/01\/Abogados-de-Abuso-Psicolo\u0301gico-en-Hogares-de-Ancianos-de-Chicago.jpg\" \/>\n<meta name=\"twitter:card\" content=\"summary_large_image\" \/>\n<meta name=\"twitter:label1\" content=\"Tiempo de lectura\" \/>\n\t<meta name=\"twitter:data1\" content=\"6 minutos\" \/>\n<!-- \/ Yoast SEO plugin. -->","yoast_head_json":{"title":"Abogados de Abuso Psicol\u00f3gico en Hogares de Ancianos de Chicago","description":"Si sospecha que su ser querido est\u00e1 siendo maltratado en un hogar de ancianos, los abogados de abuso psicol\u00f3gico en hogares de ancianos de Chicago de Sexner Injury Lawyers LLC pueden ayudarlo.","robots":{"index":"index","follow":"follow","max-snippet":"max-snippet:-1","max-image-preview":"max-image-preview:large","max-video-preview":"max-video-preview:-1"},"canonical":"https:\/\/chicagoinjurylawyer.net\/es\/abuso-de-asilo-de-ancianos\/abuso-psicologico\/","og_locale":"es_ES","og_type":"article","og_title":"Abogados de Abuso Psicol\u00f3gico en Hogares de Ancianos de Chicago","og_description":"Si sospecha que su ser querido est\u00e1 siendo maltratado en un hogar de ancianos, los abogados de abuso psicol\u00f3gico en hogares de ancianos de Chicago de Sexner Injury Lawyers LLC pueden ayudarlo.","og_url":"https:\/\/chicagoinjurylawyer.net\/es\/abuso-de-asilo-de-ancianos\/abuso-psicologico\/","og_site_name":"Sexner Injury Lawyers LLC","article_modified_time":"2022-01-07T22:54:53+00:00","og_image":[{"url":"https:\/\/chicagoinjurylawyer.net\/wp-content\/uploads\/2022\/01\/Abogados-de-Abuso-Psicolo\u0301gico-en-Hogares-de-Ancianos-de-Chicago.jpg","type":"","width":"","height":""}],"twitter_card":"summary_large_image","twitter_misc":{"Tiempo de lectura":"6 minutos"},"schema":{"@context":"https:\/\/schema.org","@graph":[{"@type":"WebPage","@id":"https:\/\/chicagoinjurylawyer.net\/es\/abuso-de-asilo-de-ancianos\/abuso-psicologico\/","url":"https:\/\/chicagoinjurylawyer.net\/es\/abuso-de-asilo-de-ancianos\/abuso-psicologico\/","name":"Abogados de Abuso Psicol\u00f3gico en Hogares de Ancianos de Chicago","isPartOf":{"@id":"https:\/\/chicagoinjurylawyer.net\/es\/#website"},"datePublished":"2022-01-07T22:50:22+00:00","dateModified":"2022-01-07T22:54:53+00:00","description":"Si sospecha que su ser querido est\u00e1 siendo maltratado en un hogar de ancianos, los abogados de abuso psicol\u00f3gico en hogares de ancianos de Chicago de [firm-name] pueden ayudarlo.","breadcrumb":{"@id":"https:\/\/chicagoinjurylawyer.net\/es\/abuso-de-asilo-de-ancianos\/abuso-psicologico\/#breadcrumb"},"inLanguage":"es","potentialAction":[{"@type":"ReadAction","target":["https:\/\/chicagoinjurylawyer.net\/es\/abuso-de-asilo-de-ancianos\/abuso-psicologico\/"]}]},{"@type":"BreadcrumbList","@id":"https:\/\/chicagoinjurylawyer.net\/es\/abuso-de-asilo-de-ancianos\/abuso-psicologico\/#breadcrumb","itemListElement":[{"@type":"ListItem","position":1,"name":"Abuso De Asilo De Ancianos","item":"https:\/\/chicagoinjurylawyer.net\/es\/abuso-de-asilo-de-ancianos\/"},{"@type":"ListItem","position":2,"name":"Abuso Psicol\u00f3gico"}]},{"@type":"WebSite","@id":"https:\/\/chicagoinjurylawyer.net\/es\/#website","url":"https:\/\/chicagoinjurylawyer.net\/es\/","name":"Sexner Injury Lawyers LLC","description":"Chicago Personal Injury Attorneys","publisher":{"@id":"https:\/\/chicagoinjurylawyer.net\/es\/#organization"},"potentialAction":[{"@type":"SearchAction","target":{"@type":"EntryPoint","urlTemplate":"https:\/\/chicagoinjurylawyer.net\/es\/?s={search_term_string}"},"query-input":{"@type":"PropertyValueSpecification","valueRequired":true,"valueName":"search_term_string"}}],"inLanguage":"es"},{"@type":"Organization","@id":"https:\/\/chicagoinjurylawyer.net\/es\/#organization","name":"[firm-name]","url":"https:\/\/chicagoinjurylawyer.net\/es\/","logo":{"@type":"ImageObject","inLanguage":"es","@id":"https:\/\/chicagoinjurylawyer.net\/es\/#\/schema\/logo\/image\/","url":"https:\/\/chicagoinjurylawyer.net\/wp-content\/uploads\/2019\/06\/msx-logo-1.png","contentUrl":"https:\/\/chicagoinjurylawyer.net\/wp-content\/uploads\/2019\/06\/msx-logo-1.png","width":180,"height":83,"caption":"[firm-name]"},"image":{"@id":"https:\/\/chicagoinjurylawyer.net\/es\/#\/schema\/logo\/image\/"}}]}},"_links":{"self":[{"href":"https:\/\/chicagoinjurylawyer.net\/es\/wp-json\/wp\/v2\/pages\/33065","targetHints":{"allow":["GET"]}}],"collection":[{"href":"https:\/\/chicagoinjurylawyer.net\/es\/wp-json\/wp\/v2\/pages"}],"about":[{"href":"https:\/\/chicagoinjurylawyer.net\/es\/wp-json\/wp\/v2\/types\/page"}],"author":[{"embeddable":true,"href":"https:\/\/chicagoinjurylawyer.net\/es\/wp-json\/wp\/v2\/users\/1"}],"replies":[{"embeddable":true,"href":"https:\/\/chicagoinjurylawyer.net\/es\/wp-json\/wp\/v2\/comments?post=33065"}],"version-history":[{"count":3,"href":"https:\/\/chicagoinjurylawyer.net\/es\/wp-json\/wp\/v2\/pages\/33065\/revisions"}],"predecessor-version":[{"id":33072,"href":"https:\/\/chicagoinjurylawyer.net\/es\/wp-json\/wp\/v2\/pages\/33065\/revisions\/33072"}],"up":[{"embeddable":true,"href":"https:\/\/chicagoinjurylawyer.net\/es\/wp-json\/wp\/v2\/pages\/7276"}],"wp:attachment":[{"href":"https:\/\/chicagoinjurylawyer.net\/es\/wp-json\/wp\/v2\/media?parent=33065"}],"curies":[{"name":"wp","href":"https:\/\/api.w.org\/{rel}","templated":true}]}}