{"id":33078,"date":"2022-01-11T11:57:00","date_gmt":"2022-01-11T17:57:00","guid":{"rendered":"https:\/\/pi-sexner.tseg.co\/?page_id=33078"},"modified":"2022-02-02T16:13:12","modified_gmt":"2022-02-02T22:13:12","slug":"accidentes-de-mineria","status":"publish","type":"page","link":"https:\/\/chicagoinjurylawyer.net\/es\/compensacion-de-trabajadores\/accidentes-de-mineria\/","title":{"rendered":"Accidentes de Miner\u00eda"},"content":{"rendered":"<h1>Abogados de Accidentes de Miner\u00eda en Chicago<\/h1>\n<p><img decoding=\"async\" class=\"alignright wp-image-33079\" src=\"\/wp-content\/uploads\/2022\/01\/Abogados-de-Accidentes-de-Mineri\u0301a.jpg\" alt=\"Abogados de Accidentes de Miner\u00eda\" width=\"400\" height=\"267\" srcset=\"https:\/\/chicagoinjurylawyer.net\/wp-content\/uploads\/2022\/01\/Abogados-de-Accidentes-de-Mineri\u0301a.jpg 1000w, https:\/\/chicagoinjurylawyer.net\/wp-content\/uploads\/2022\/01\/Abogados-de-Accidentes-de-Mineri\u0301a-300x200.jpg 300w, https:\/\/chicagoinjurylawyer.net\/wp-content\/uploads\/2022\/01\/Abogados-de-Accidentes-de-Mineri\u0301a-768x512.jpg 768w\" sizes=\"(max-width: 400px) 100vw, 400px\" \/>Si bien la miner\u00eda es una ocupaci\u00f3n m\u00e1s segura que hace 100 a\u00f1os, sigue siendo muy peligrosa. Las lesiones graves y las muertes ocurren con regularidad. En promedio, m\u00e1s de 40 mineros pierden la vida cada a\u00f1o en los Estados Unidos, dejando a familias en duelo que luchan por sobrevivir. En 2010, 29 mineros murieron en el desastre de la mina Upper Big Branch, una tragedia que result\u00f3 en cargos penales contra el superintendente de la operaci\u00f3n.<\/p>\n<p>Esta es una preocupaci\u00f3n constante. Sobre todo, porque algunos estados, incluido Illinois, han reducido recientemente las inspecciones mineras, optando en cambio por dar \"sesiones de entrenamiento de seguridad\" a los hombres que arriesgan sus vidas en el trabajo todos los d\u00edas.<\/p>\n<p>Seg\u00fan el Departamento de Recursos Naturales de Illinois, la Ley de Miner\u00eda de Carb\u00f3n estipula que estas inspecciones se realizan una vez al mes en todas las minas del estado. Pero \u00bfson suficientes? No si los mineros siguen muriendo debido a <a href=\"\/es\/\">lesiones<\/a> evitables.<\/p>\n<h2>Industria Minera en Illinois<\/h2>\n<p>La industria minera en Illinois es prevalente y lucrativa. Hay m\u00e1s de 200 minas activas en todo el estado, que se extienden desde Thornton Quarry, una de las canteras de agregados m\u00e1s grandes del mundo, hasta las minas de carb\u00f3n del Peque\u00f1o Egipto. Si bien la miner\u00eda ha dado trabajo a miles de ciudadanos de Illinois, muchos de ellos han sido mutilados o asesinados.<\/p>\n<h2>Tipos Comunes de Accidentes Mineros<\/h2>\n<p>Algunos de los accidentes mineros m\u00e1s comunes y peligrosos son las explosiones causadas por gas metano o explosiones consecutivas de polvo de carb\u00f3n. Las capas de carb\u00f3n atrapan bolsas de gas metano, que es muy vol\u00e1til. El uso inadecuado de maquinaria, o el uso de dispositivos y m\u00e1quinas defectuosas, puede hacer que el metano o el polvo de carb\u00f3n se enciendan, lo que resultar\u00e1 en una o m\u00e1s explosiones. Estas explosiones a menudo provocan que los mineros del carb\u00f3n queden atrapados bajo tierra en derrumbes y han provocado los accidentes de minas m\u00e1s mortales que se hayan registrado, con miles de muertes.<\/p>\n<p>Una capacitaci\u00f3n o una supervisi\u00f3n deficientes tambi\u00e9n pueden provocar lesiones en la miner\u00eda, a menudo por accidentes causados \u200b\u200bpor el uso inadecuado de las m\u00e1quinas. Al igual que en las obras de construcci\u00f3n, es de vital importancia que cada empleado comprenda correctamente c\u00f3mo utilizar cualquier m\u00e1quina que se espera que opere. Sin la capacitaci\u00f3n adecuada, es muy f\u00e1cil que un empleado se lastime o lastime a otra persona con una m\u00e1quina poderosa.<\/p>\n<p>La voladura es otra causa com\u00fan de accidentes y lesiones durante la miner\u00eda. Las rocas que vuelan pueden lesionar gravemente y matar a los mineros demasiado cerca de una explosi\u00f3n. Tambi\u00e9n pueden producirse lesiones graves por el lanzamiento de escombros m\u00e1s lejos de lo esperado. Las explosiones prematuras tambi\u00e9n pueden ser incre\u00edblemente peligrosas, porque algunos mineros pueden no estar en un \u00e1rea segura cuando ocurre la explosi\u00f3n. Los fallos de encendido tambi\u00e9n pueden ser mortales, ya que los explosivos sin detonar pueden permanecer en el \u00e1rea minera si no estallaron correctamente durante la detonaci\u00f3n.<\/p>\n<h2>Enfermedad del Pulm\u00f3n Negro<\/h2>\n<p>La enfermedad del pulm\u00f3n negro, o neumoconiosis de los trabajadores del carb\u00f3n, es una condici\u00f3n incurable, dolorosa y fatal provocada por la inhalaci\u00f3n de polvo de carb\u00f3n. Se ha asociado con la miner\u00eda del carb\u00f3n durante siglos y se ha cobrado m\u00e1s de 78.000 vidas en los Estados Unidos desde 1968. Ahora se requiere que los mineros usen m\u00e1scaras respiratorias mientras est\u00e1n bajo tierra; a\u00fan no se ha medido qu\u00e9 tan efectivos son. La exposici\u00f3n al gas es una de las principales causas de muerte bajo tierra.<\/p>\n<h2>Los Accidentes Mineros Caen Bajo la Indemnizaci\u00f3n Laboral<\/h2>\n<p>Si un trabajador se lesiona o muere en un accidente minero, entrar\u00eda en el marco legal de la compensaci\u00f3n del trabajador, un tipo de seguro que los empleadores deben tener para cubrir a sus empleados. Los beneficios se pagan independientemente de la culpa. Supuestamente, esto protege a los trabajadores y sus familias, quienes son elegibles para recibir:<\/p>\n<ul>\n<li>Atenci\u00f3n m\u00e9dica que es \"razonable\"<\/li>\n<li><a href=\"\/es\/compensacion-de-trabajadores\/incapacidad-total-temporal\/\">Discapacidad total temporal (TTD)<\/a><\/li>\n<li>Rehabilitaci\u00f3n vocacional<\/li>\n<li><a href=\"\/es\/compensacion-de-trabajadores\/incapacidad-parcial-permanente\/\">Discapacidad parcial permanente (PPD)<\/a> y <a href=\"\/es\/compensacion-de-trabajadores\/incapacidad-parcial-temporal\/\">discapacidad total permanente (PTD)<\/a><\/li>\n<li><a href=\"\/es\/compensacion-de-trabajadores\/mi-familia-califica-para-los-beneficios-por-muerte-de-chicago\/\">Beneficios por muerte<\/a><\/li>\n<\/ul>\n<p>Las reclamaciones de indemnizaci\u00f3n laboral no son f\u00e1ciles de presentar. Hay plazos y cargas de prueba que deben cumplirse. Y su empleador nunca presentar\u00e1 una para usted o su familia; depende de usted buscar esa compensaci\u00f3n tan necesaria. No importa qui\u00e9n fue responsable o negligente, excepto en casos raros. La compensaci\u00f3n de trabajadores est\u00e1 destinada a protegerlo, as\u00ed que aseg\u00farese de que lo haga.<\/p>\n<img decoding=\"async\" class=\"aligncenter size-full wp-image-33081\" src=\"\/wp-content\/uploads\/2022\/01\/Abogados-de-Accidentes-de-Mineri\u0301a-en-Chicago.jpg\" alt=\"Abogados de Accidentes de Miner\u00eda en Chicago\" width=\"1000\" height=\"664\" srcset=\"https:\/\/chicagoinjurylawyer.net\/wp-content\/uploads\/2022\/01\/Abogados-de-Accidentes-de-Mineri\u0301a-en-Chicago.jpg 1000w, https:\/\/chicagoinjurylawyer.net\/wp-content\/uploads\/2022\/01\/Abogados-de-Accidentes-de-Mineri\u0301a-en-Chicago-300x199.jpg 300w, https:\/\/chicagoinjurylawyer.net\/wp-content\/uploads\/2022\/01\/Abogados-de-Accidentes-de-Mineri\u0301a-en-Chicago-768x510.jpg 768w\" sizes=\"(max-width: 1000px) 100vw, 1000px\" \/>\n<h2>Cuando Necesita un Abogado de Compensaci\u00f3n Laboral<\/h2>\n<p>Si se lesion\u00f3 o perdi\u00f3 a un ser querido en un accidente minero en Illinois, usted y su familia merecen ser compensados \u200b\u200bpor facturas m\u00e9dicas, dolor y sufrimiento, salarios perdidos y mucho m\u00e1s. Si bien los empleadores est\u00e1n obligados a proporcionar beneficios de compensaci\u00f3n laboral a sus empleados, no siempre es adecuado para las lesiones sufridas en un accidente minero. Adem\u00e1s de eso, muchos empleadores niegan reclamos leg\u00edtimos simplemente porque saben que los trabajadores no se defender\u00e1n.<\/p>\n<p>Ah\u00ed es cuando necesita ayuda legal. Para obtener el mejor acuerdo posible (o lidiar con la denegaci\u00f3n de su reclamo), necesita un <a href=\"\/es\/compensacion-de-trabajadores\/\">abogado de compensaci\u00f3n de trabajadores<\/a> experimentado y duro. \u00c9l o ella examinar\u00e1 toda la evidencia, notificar\u00e1 a su empleador, le conseguir\u00e1 revisiones m\u00e9dicas \u201cindependientes\u201d, completar\u00e1 y presentar\u00e1 su documentaci\u00f3n de reclamos, hablar\u00e1 con las compa\u00f1\u00edas de seguros y proteger\u00e1 sus derechos. Tener a ese negociador agresivo de su lado marcar\u00e1 la diferencia en su caso.<\/p>\n<p>Para obtener un acuerdo digno de sus lesiones y p\u00e9rdidas, comun\u00edquese con el equipo legal de Sexner Injury Lawyers LLC para una evaluaci\u00f3n gratuita de su caso, al (312) 243-9922.<\/p>\n","protected":false},"excerpt":{"rendered":"<p>Abogados de Accidentes de Miner\u00eda en Chicago Si bien la miner\u00eda es una ocupaci\u00f3n m\u00e1s segura que hace 100 a\u00f1os, sigue siendo muy peligrosa. Las lesiones graves y las muertes ocurren con regularidad. En promedio, m\u00e1s de 40 mineros pierden la vida cada a\u00f1o en los Estados Unidos, dejando a familias en duelo que luchan [&hellip;]<\/p>\n","protected":false},"author":1,"featured_media":0,"parent":7790,"menu_order":0,"comment_status":"closed","ping_status":"closed","template":"","meta":{"_acf_changed":false,"footnotes":""},"class_list":["post-33078","page","type-page","status-publish","hentry"],"acf":[],"yoast_head":"<!-- This site is optimized with the Yoast SEO plugin v27.4 - https:\/\/yoast.com\/product\/yoast-seo-wordpress\/ -->\n<title>Accidentes de Miner\u00eda - Sexner Injury Lawyers LLC<\/title>\n<meta name=\"robots\" content=\"index, follow, max-snippet:-1, max-image-preview:large, max-video-preview:-1\" \/>\n<link rel=\"canonical\" href=\"https:\/\/chicagoinjurylawyer.net\/es\/compensacion-de-trabajadores\/accidentes-de-mineria\/\" \/>\n<meta property=\"og:locale\" content=\"es_ES\" \/>\n<meta property=\"og:type\" content=\"article\" \/>\n<meta property=\"og:title\" content=\"Accidentes de Miner\u00eda - Sexner Injury Lawyers LLC\" \/>\n<meta property=\"og:description\" content=\"Abogados de Accidentes de Miner\u00eda en Chicago Si bien la miner\u00eda es una ocupaci\u00f3n m\u00e1s segura que hace 100 a\u00f1os, sigue siendo muy peligrosa. Las lesiones graves y las muertes ocurren con regularidad. En promedio, m\u00e1s de 40 mineros pierden la vida cada a\u00f1o en los Estados Unidos, dejando a familias en duelo que luchan [&hellip;]\" \/>\n<meta property=\"og:url\" content=\"https:\/\/chicagoinjurylawyer.net\/es\/compensacion-de-trabajadores\/accidentes-de-mineria\/\" \/>\n<meta property=\"og:site_name\" content=\"Sexner Injury Lawyers LLC\" \/>\n<meta property=\"article:modified_time\" content=\"2022-02-02T22:13:12+00:00\" \/>\n<meta property=\"og:image\" content=\"https:\/\/chicagoinjurylawyer.net\/wp-content\/uploads\/2022\/01\/Abogados-de-Accidentes-de-Mineri\u0301a.jpg\" \/>\n<meta name=\"twitter:card\" content=\"summary_large_image\" \/>\n<meta name=\"twitter:label1\" content=\"Tiempo de lectura\" \/>\n\t<meta name=\"twitter:data1\" content=\"5 minutos\" \/>\n<!-- \/ Yoast SEO plugin. -->","yoast_head_json":{"title":"Accidentes de Miner\u00eda - Sexner Injury Lawyers LLC","robots":{"index":"index","follow":"follow","max-snippet":"max-snippet:-1","max-image-preview":"max-image-preview:large","max-video-preview":"max-video-preview:-1"},"canonical":"https:\/\/chicagoinjurylawyer.net\/es\/compensacion-de-trabajadores\/accidentes-de-mineria\/","og_locale":"es_ES","og_type":"article","og_title":"Accidentes de Miner\u00eda - Sexner Injury Lawyers LLC","og_description":"Abogados de Accidentes de Miner\u00eda en Chicago Si bien la miner\u00eda es una ocupaci\u00f3n m\u00e1s segura que hace 100 a\u00f1os, sigue siendo muy peligrosa. Las lesiones graves y las muertes ocurren con regularidad. En promedio, m\u00e1s de 40 mineros pierden la vida cada a\u00f1o en los Estados Unidos, dejando a familias en duelo que luchan [&hellip;]","og_url":"https:\/\/chicagoinjurylawyer.net\/es\/compensacion-de-trabajadores\/accidentes-de-mineria\/","og_site_name":"Sexner Injury Lawyers LLC","article_modified_time":"2022-02-02T22:13:12+00:00","og_image":[{"url":"https:\/\/chicagoinjurylawyer.net\/wp-content\/uploads\/2022\/01\/Abogados-de-Accidentes-de-Mineri\u0301a.jpg","type":"","width":"","height":""}],"twitter_card":"summary_large_image","twitter_misc":{"Tiempo de lectura":"5 minutos"},"schema":{"@context":"https:\/\/schema.org","@graph":[{"@type":"WebPage","@id":"https:\/\/chicagoinjurylawyer.net\/es\/compensacion-de-trabajadores\/accidentes-de-mineria\/","url":"https:\/\/chicagoinjurylawyer.net\/es\/compensacion-de-trabajadores\/accidentes-de-mineria\/","name":"Accidentes de Miner\u00eda - Sexner Injury Lawyers LLC","isPartOf":{"@id":"https:\/\/chicagoinjurylawyer.net\/es\/#website"},"datePublished":"2022-01-11T17:57:00+00:00","dateModified":"2022-02-02T22:13:12+00:00","breadcrumb":{"@id":"https:\/\/chicagoinjurylawyer.net\/es\/compensacion-de-trabajadores\/accidentes-de-mineria\/#breadcrumb"},"inLanguage":"es","potentialAction":[{"@type":"ReadAction","target":["https:\/\/chicagoinjurylawyer.net\/es\/compensacion-de-trabajadores\/accidentes-de-mineria\/"]}]},{"@type":"BreadcrumbList","@id":"https:\/\/chicagoinjurylawyer.net\/es\/compensacion-de-trabajadores\/accidentes-de-mineria\/#breadcrumb","itemListElement":[{"@type":"ListItem","position":1,"name":"Compensaci\u00f3n De Trabajadores","item":"https:\/\/chicagoinjurylawyer.net\/es\/compensacion-de-trabajadores\/"},{"@type":"ListItem","position":2,"name":"Accidentes de Miner\u00eda"}]},{"@type":"WebSite","@id":"https:\/\/chicagoinjurylawyer.net\/es\/#website","url":"https:\/\/chicagoinjurylawyer.net\/es\/","name":"Sexner Injury Lawyers LLC","description":"Chicago Personal Injury Attorneys","publisher":{"@id":"https:\/\/chicagoinjurylawyer.net\/es\/#organization"},"potentialAction":[{"@type":"SearchAction","target":{"@type":"EntryPoint","urlTemplate":"https:\/\/chicagoinjurylawyer.net\/es\/?s={search_term_string}"},"query-input":{"@type":"PropertyValueSpecification","valueRequired":true,"valueName":"search_term_string"}}],"inLanguage":"es"},{"@type":"Organization","@id":"https:\/\/chicagoinjurylawyer.net\/es\/#organization","name":"[firm-name]","url":"https:\/\/chicagoinjurylawyer.net\/es\/","logo":{"@type":"ImageObject","inLanguage":"es","@id":"https:\/\/chicagoinjurylawyer.net\/es\/#\/schema\/logo\/image\/","url":"https:\/\/chicagoinjurylawyer.net\/wp-content\/uploads\/2019\/06\/msx-logo-1.png","contentUrl":"https:\/\/chicagoinjurylawyer.net\/wp-content\/uploads\/2019\/06\/msx-logo-1.png","width":180,"height":83,"caption":"[firm-name]"},"image":{"@id":"https:\/\/chicagoinjurylawyer.net\/es\/#\/schema\/logo\/image\/"}}]}},"_links":{"self":[{"href":"https:\/\/chicagoinjurylawyer.net\/es\/wp-json\/wp\/v2\/pages\/33078","targetHints":{"allow":["GET"]}}],"collection":[{"href":"https:\/\/chicagoinjurylawyer.net\/es\/wp-json\/wp\/v2\/pages"}],"about":[{"href":"https:\/\/chicagoinjurylawyer.net\/es\/wp-json\/wp\/v2\/types\/page"}],"author":[{"embeddable":true,"href":"https:\/\/chicagoinjurylawyer.net\/es\/wp-json\/wp\/v2\/users\/1"}],"replies":[{"embeddable":true,"href":"https:\/\/chicagoinjurylawyer.net\/es\/wp-json\/wp\/v2\/comments?post=33078"}],"version-history":[{"count":3,"href":"https:\/\/chicagoinjurylawyer.net\/es\/wp-json\/wp\/v2\/pages\/33078\/revisions"}],"predecessor-version":[{"id":33522,"href":"https:\/\/chicagoinjurylawyer.net\/es\/wp-json\/wp\/v2\/pages\/33078\/revisions\/33522"}],"up":[{"embeddable":true,"href":"https:\/\/chicagoinjurylawyer.net\/es\/wp-json\/wp\/v2\/pages\/7790"}],"wp:attachment":[{"href":"https:\/\/chicagoinjurylawyer.net\/es\/wp-json\/wp\/v2\/media?parent=33078"}],"curies":[{"name":"wp","href":"https:\/\/api.w.org\/{rel}","templated":true}]}}