{"id":33083,"date":"2022-01-11T11:56:23","date_gmt":"2022-01-11T17:56:23","guid":{"rendered":"https:\/\/pi-sexner.tseg.co\/?page_id=33083"},"modified":"2022-02-01T15:38:52","modified_gmt":"2022-02-01T21:38:52","slug":"mi-familia-califica-para-los-beneficios-por-muerte-de-chicago","status":"publish","type":"page","link":"https:\/\/chicagoinjurylawyer.net\/es\/compensacion-de-trabajadores\/mi-familia-califica-para-los-beneficios-por-muerte-de-chicago\/","title":{"rendered":"\u00bfMi Familia Califica para los Beneficios por Muerte de Chicago?"},"content":{"rendered":"<h1>\u00bfMi Familia Califica para los Beneficios por Muerte de Chicago?<\/h1>\n<p>Seg\u00fan las leyes de <a href=\"\/es\/compensacion-de-trabajadores\/\">compensaci\u00f3n para trabajadores<\/a> de Illinois, se pagan beneficios monetarios a un empleado si sufre una lesi\u00f3n temporal o permanente mientras est\u00e1 en el trabajo. De manera similar, los beneficios familiares por <a href=\"\/es\/muerte-injusta\/\">muerte<\/a> est\u00e1n disponibles si un empleado muere a causa de una lesi\u00f3n relacionada con el trabajo. En este caso, sin embargo, los pagos se realizan a los dependientes del empleado.<\/p>\n<img decoding=\"async\" class=\"aligncenter size-full wp-image-33084\" src=\"\/wp-content\/uploads\/2022\/01\/\u00bfMi-Familia-Califica-para-los-Beneficios-por-Muerte-de-Chicago.jpg\" alt=\"\u00bfMi Familia Califica para los Beneficios por Muerte de Chicago?\" width=\"1000\" height=\"655\" srcset=\"https:\/\/chicagoinjurylawyer.net\/wp-content\/uploads\/2022\/01\/\u00bfMi-Familia-Califica-para-los-Beneficios-por-Muerte-de-Chicago.jpg 1000w, https:\/\/chicagoinjurylawyer.net\/wp-content\/uploads\/2022\/01\/\u00bfMi-Familia-Califica-para-los-Beneficios-por-Muerte-de-Chicago-300x197.jpg 300w, https:\/\/chicagoinjurylawyer.net\/wp-content\/uploads\/2022\/01\/\u00bfMi-Familia-Califica-para-los-Beneficios-por-Muerte-de-Chicago-768x503.jpg 768w\" sizes=\"(max-width: 1000px) 100vw, 1000px\" \/>\n<h2>\u00bfQui\u00e9n es Elegible para los Beneficios Familiares por Fallecimiento?<\/h2>\n<p>Despu\u00e9s de una muerte o enfermedad fatal relacionada con el trabajo, las leyes de compensaci\u00f3n para trabajadores en Illinois estipulan que los beneficios se pagar\u00e1n a un c\u00f3nyuge, hijos menores, ciertos familiares sobrevivientes y, a veces, otras personas que depend\u00edan econ\u00f3micamente del trabajador fallecido. En situaciones en las que la persona no estaba casada y no ten\u00eda hijos menores, los beneficios por fallecimiento pueden pagarse a los padres dependientes. Si los padres no eran totalmente dependientes, se pueden pagar beneficios a las personas que depend\u00edan principalmente del empleado en el momento de su muerte.<\/p>\n<p>Si perdi\u00f3 a un ser querido en un accidente de trabajo o debido a una enfermedad o afecci\u00f3n relacionada con el trabajo, es imperativo que obtenga ayuda legal. Un abogado de compensaci\u00f3n para trabajadores puede determinar si usted es elegible para tales beneficios y ayudarlo a guiarlo a trav\u00e9s del proceso, para que los beneficios monetarios m\u00e1ximos se reciban de inmediato.<\/p>\n<h3>La Muerte Debe Estar Relacionada con el Trabajo para Calificar para los Beneficios<\/h3>\n<p>Al igual que las lesiones laborales no mortales, es importante que el abogado establezca que la muerte fue el resultado de un evento relacionado con el trabajo y que el trabajador era, de hecho, un empleado. Por supuesto, existen muchas circunstancias bajo las cuales una persona puede lesionarse en el trabajo, aunque no todas las lesiones que ocurren en el trabajo califican como un caso de compensaci\u00f3n para trabajadores.<\/p>\n<p>De acuerdo con el requisito de que la lesi\u00f3n est\u00e9 relacionada con el trabajo, la compensaci\u00f3n al trabajador se aplica solo a los empleados, no a los contratistas independientes. Pero el simple hecho de que un empleador haya designado a alguien como tal no siempre significa que el trabajador sea realmente un contratista independiente. Un abogado con experiencia en beneficios por muerte familiar en Chicago puede ayudar a un trabajador lesionado a determinar si realmente es un empleado, si la lesi\u00f3n estuvo relacionada con el trabajo y si su caso <a href=\"\/es\/compensacion-de-trabajadores\/elegibilidad\/\">califica para los beneficios<\/a>.<\/p>\n<h3>\u00bfQu\u00e9 Sucede si un Trabajador Sufre una Lesi\u00f3n Relacionada con el Trabajo y Luego Muere?<\/h3>\n<p>En algunos casos, la muerte puede estar claramente relacionada con un trabajo, como una lesi\u00f3n por aplastamiento de una m\u00e1quina de f\u00e1brica. Pero en otros casos, puede ser m\u00e1s dif\u00edcil relacionar la muerte con el empleo. Sin establecer estos v\u00ednculos vitales, la compa\u00f1\u00eda de seguros de compensaci\u00f3n para trabajadores nunca pagar\u00e1 un solo d\u00f3lar por los beneficios por fallecimiento de la familia.<\/p>\n<p>Esto se debe a que las compa\u00f1\u00edas de seguros simplemente no est\u00e1n en el negocio de pagar si pueden encontrar una oportunidad para evitarlo. A veces, se necesita mano firme y una representaci\u00f3n legal agresiva para que una <a href=\"\/es\/compensacion-de-trabajadores\/puedo-confiar-en-la-compania-de-seguros\/\">compa\u00f1\u00eda de seguros<\/a> pague los beneficios por fallecimiento. En Sexner Injury Lawyers LLC, nuestros abogados conocen las mejores formas de hacer que esto suceda.<\/p>\n<h3>\u00bfC\u00f3mo Se Calculan los Beneficios por Fallecimiento?<\/h3>\n<p>Si las circunstancias de la muerte de un trabajador cumplen los requisitos de la ley, el sistema de compensaci\u00f3n para trabajadores requiere que se paguen fondos para el entierro y que se pague una compensaci\u00f3n por la p\u00e9rdida de ingresos debido a la muerte.<\/p>\n<p>Se paga una cantidad fija para ayudar a pagar los costos del funeral y el entierro, que actualmente se establece en $8,000. Los montos adicionales que se pagan a los sobrevivientes y beneficiarios pueden variar y se basan principalmente en los ingresos del trabajador fallecido. Estos beneficios para sobrevivientes est\u00e1n sujetos a ciertos m\u00ednimos y m\u00e1ximos, pero generalmente corresponden a dos tercios del ingreso bruto semanal devengado por el trabajador, promediado durante las 52 semanas anteriores de empleo. Los beneficios por muerte se pagan hasta por 25 a\u00f1os, o hasta un l\u00edmite de $500,000, y dependiendo del salario que haya ganado el fallecido, dichos beneficios por muerte pueden exceder medio mill\u00f3n de d\u00f3lares con el tiempo.<\/p>\n<h2>Reclamaciones de Beneficios por Denegaci\u00f3n de Muerte<\/h2>\n<p>Al presentar un reclamo por beneficios por muerte, el sistema de compensaci\u00f3n para trabajadores est\u00e1 configurado para que la familia y los dependientes del empleado fallecido deben presentar un reclamo alegando que la muerte fue el resultado de un accidente, enfermedad o lesi\u00f3n relacionada con el trabajo. Esto significa que, si un miembro de la familia fallece debido a una exposici\u00f3n prolongada a toxinas, <a href=\"\/es\/\">un accidente<\/a>, una explosi\u00f3n u otro incidente fatal, se debe proporcionar evidencia de respaldo completa para que se apruebe el reclamo. Los beneficios por fallecimiento a veces se pueden negar a una familia en dificultades simplemente porque faltaba la documentaci\u00f3n necesaria o porque un \u00e1rbitro de la Comisi\u00f3n de Compensaci\u00f3n para Trabajadores de Illinois determin\u00f3 incorrectamente que la muerte no estaba relacionada con el trabajo.<\/p>\n<p>Por lo tanto, se recomienda encarecidamente que busque ayuda legal con experiencia desde el principio. Pero es a\u00fan m\u00e1s importante que busque ayuda legal de inmediato si su reclamo de beneficio por fallecimiento familiar ya ha sido denegado; podemos tomar medidas para apelar esta decisi\u00f3n y tratar de revertirla. Nuestro equipo legal est\u00e1 muy familiarizado con el trabajo dentro del sistema de compensaci\u00f3n de trabajadores, y sabemos lo que se necesita para que una familia obtenga la <a href=\"\/es\/nuestro-exito\/\"><strong>compensaci\u00f3n monetaria<\/strong><\/a> que necesitan y merecen.<\/p>\n<h2>La Experiencia Importa. Obtenga Ayuda de un Abogado Especializado en Compensaci\u00f3n para Trabajadores<\/h2>\n<p><img decoding=\"async\" class=\"alignright wp-image-33407\" src=\"\/wp-content\/uploads\/2022\/02\/Beneficios-por-Denegacio\u0301n-de-Muerte.jpg\" alt=\"Beneficios por Denegaci\u00f3n de Muerte\" width=\"400\" height=\"400\" srcset=\"https:\/\/chicagoinjurylawyer.net\/wp-content\/uploads\/2022\/02\/Beneficios-por-Denegacio\u0301n-de-Muerte.jpg 1000w, https:\/\/chicagoinjurylawyer.net\/wp-content\/uploads\/2022\/02\/Beneficios-por-Denegacio\u0301n-de-Muerte-300x300.jpg 300w, https:\/\/chicagoinjurylawyer.net\/wp-content\/uploads\/2022\/02\/Beneficios-por-Denegacio\u0301n-de-Muerte-150x150.jpg 150w, https:\/\/chicagoinjurylawyer.net\/wp-content\/uploads\/2022\/02\/Beneficios-por-Denegacio\u0301n-de-Muerte-768x768.jpg 768w\" sizes=\"(max-width: 400px) 100vw, 400px\" \/>Si ha perdido a un ser querido en un accidente laboral o por una enfermedad adquirida en el trabajo, Sexner Injury Lawyers LLC puede hacer que su reclamo avance sin demora. Ya se han recuperado millones de d\u00f3lares para las familias de nuestros clientes. Hable hoy con uno de nuestros abogados expertos sobre un posible reclamo de beneficios por muerte familiar y perm\u00edtanos ayudarlo a evitar demoras o denegaciones de reclamos.<\/p>\n<p>El proceso de solicitud de beneficios por muerte no es necesariamente simple o sencillo y requerir\u00e1 formularios correctos que se presenten dentro de ciertas limitaciones de tiempo estrictas. Muchas personas encuentran que el <a href=\"\/es\/compensacion-de-trabajadores\/esta-archivado-mi-reclamo\/\">proceso de reclamos<\/a> es confuso y dif\u00edcil, pero nuestro bufete de abogados tiene m\u00e1s de 30 a\u00f1os de experiencia en esta \u00e1rea. Nuestros abogados son compasivos, comprensivos y est\u00e1n bien informados en todos los asuntos de compensaci\u00f3n para trabajadores, incluidos los beneficios por fallecimiento. Tampoco se cobran tarifas a menos que tengamos \u00e9xito en su nombre. Llame al (312) 243-9922 ahora.<\/p>\n","protected":false},"excerpt":{"rendered":"<p>\u00bfMi Familia Califica para los Beneficios por Muerte de Chicago? Seg\u00fan las leyes de compensaci\u00f3n para trabajadores de Illinois, se pagan beneficios monetarios a un empleado si sufre una lesi\u00f3n temporal o permanente mientras est\u00e1 en el trabajo. De manera similar, los beneficios familiares por muerte est\u00e1n disponibles si un empleado muere a causa de [&hellip;]<\/p>\n","protected":false},"author":1,"featured_media":0,"parent":7790,"menu_order":0,"comment_status":"closed","ping_status":"closed","template":"","meta":{"_acf_changed":false,"footnotes":""},"class_list":["post-33083","page","type-page","status-publish","hentry"],"acf":[],"yoast_head":"<!-- This site is optimized with the Yoast SEO plugin v27.4 - https:\/\/yoast.com\/product\/yoast-seo-wordpress\/ -->\n<title>\u00bfMi Familia Califica para los Beneficios por Muerte de Chicago? - Sexner Injury Lawyers LLC<\/title>\n<meta name=\"description\" content=\"Si ha perdido a un ser querido en un accidente laboral o por una enfermedad adquirida en el trabajo, Sexner Injury Lawyers LLC puede hacer que su reclamo avance sin demora.\" \/>\n<meta name=\"robots\" content=\"index, follow, max-snippet:-1, max-image-preview:large, max-video-preview:-1\" \/>\n<link rel=\"canonical\" href=\"https:\/\/chicagoinjurylawyer.net\/es\/compensacion-de-trabajadores\/mi-familia-califica-para-los-beneficios-por-muerte-de-chicago\/\" \/>\n<meta property=\"og:locale\" content=\"es_ES\" \/>\n<meta property=\"og:type\" content=\"article\" \/>\n<meta property=\"og:title\" content=\"\u00bfMi Familia Califica para los Beneficios por Muerte de Chicago? - Sexner Injury Lawyers LLC\" \/>\n<meta property=\"og:description\" content=\"Si ha perdido a un ser querido en un accidente laboral o por una enfermedad adquirida en el trabajo, Sexner Injury Lawyers LLC puede hacer que su reclamo avance sin demora.\" \/>\n<meta property=\"og:url\" content=\"https:\/\/chicagoinjurylawyer.net\/es\/compensacion-de-trabajadores\/mi-familia-califica-para-los-beneficios-por-muerte-de-chicago\/\" \/>\n<meta property=\"og:site_name\" content=\"Sexner Injury Lawyers LLC\" \/>\n<meta property=\"article:modified_time\" content=\"2022-02-01T21:38:52+00:00\" \/>\n<meta property=\"og:image\" content=\"https:\/\/chicagoinjurylawyer.net\/wp-content\/uploads\/2022\/01\/\u00bfMi-Familia-Califica-para-los-Beneficios-por-Muerte-de-Chicago.jpg\" \/>\n<meta name=\"twitter:card\" content=\"summary_large_image\" \/>\n<meta name=\"twitter:label1\" content=\"Tiempo de lectura\" \/>\n\t<meta name=\"twitter:data1\" content=\"6 minutos\" \/>\n<!-- \/ Yoast SEO plugin. -->","yoast_head_json":{"title":"\u00bfMi Familia Califica para los Beneficios por Muerte de Chicago? - Sexner Injury Lawyers LLC","description":"Si ha perdido a un ser querido en un accidente laboral o por una enfermedad adquirida en el trabajo, Sexner Injury Lawyers LLC puede hacer que su reclamo avance sin demora.","robots":{"index":"index","follow":"follow","max-snippet":"max-snippet:-1","max-image-preview":"max-image-preview:large","max-video-preview":"max-video-preview:-1"},"canonical":"https:\/\/chicagoinjurylawyer.net\/es\/compensacion-de-trabajadores\/mi-familia-califica-para-los-beneficios-por-muerte-de-chicago\/","og_locale":"es_ES","og_type":"article","og_title":"\u00bfMi Familia Califica para los Beneficios por Muerte de Chicago? - Sexner Injury Lawyers LLC","og_description":"Si ha perdido a un ser querido en un accidente laboral o por una enfermedad adquirida en el trabajo, Sexner Injury Lawyers LLC puede hacer que su reclamo avance sin demora.","og_url":"https:\/\/chicagoinjurylawyer.net\/es\/compensacion-de-trabajadores\/mi-familia-califica-para-los-beneficios-por-muerte-de-chicago\/","og_site_name":"Sexner Injury Lawyers LLC","article_modified_time":"2022-02-01T21:38:52+00:00","og_image":[{"url":"https:\/\/chicagoinjurylawyer.net\/wp-content\/uploads\/2022\/01\/\u00bfMi-Familia-Califica-para-los-Beneficios-por-Muerte-de-Chicago.jpg","type":"","width":"","height":""}],"twitter_card":"summary_large_image","twitter_misc":{"Tiempo de lectura":"6 minutos"},"schema":{"@context":"https:\/\/schema.org","@graph":[{"@type":"WebPage","@id":"https:\/\/chicagoinjurylawyer.net\/es\/compensacion-de-trabajadores\/mi-familia-califica-para-los-beneficios-por-muerte-de-chicago\/","url":"https:\/\/chicagoinjurylawyer.net\/es\/compensacion-de-trabajadores\/mi-familia-califica-para-los-beneficios-por-muerte-de-chicago\/","name":"\u00bfMi Familia Califica para los Beneficios por Muerte de Chicago? - Sexner Injury Lawyers LLC","isPartOf":{"@id":"https:\/\/chicagoinjurylawyer.net\/es\/#website"},"datePublished":"2022-01-11T17:56:23+00:00","dateModified":"2022-02-01T21:38:52+00:00","description":"Si ha perdido a un ser querido en un accidente laboral o por una enfermedad adquirida en el trabajo, [firm-name] puede hacer que su reclamo avance sin demora.","breadcrumb":{"@id":"https:\/\/chicagoinjurylawyer.net\/es\/compensacion-de-trabajadores\/mi-familia-califica-para-los-beneficios-por-muerte-de-chicago\/#breadcrumb"},"inLanguage":"es","potentialAction":[{"@type":"ReadAction","target":["https:\/\/chicagoinjurylawyer.net\/es\/compensacion-de-trabajadores\/mi-familia-califica-para-los-beneficios-por-muerte-de-chicago\/"]}]},{"@type":"BreadcrumbList","@id":"https:\/\/chicagoinjurylawyer.net\/es\/compensacion-de-trabajadores\/mi-familia-califica-para-los-beneficios-por-muerte-de-chicago\/#breadcrumb","itemListElement":[{"@type":"ListItem","position":1,"name":"Compensaci\u00f3n De Trabajadores","item":"https:\/\/chicagoinjurylawyer.net\/es\/compensacion-de-trabajadores\/"},{"@type":"ListItem","position":2,"name":"\u00bfMi Familia Califica para los Beneficios por Muerte de Chicago?"}]},{"@type":"WebSite","@id":"https:\/\/chicagoinjurylawyer.net\/es\/#website","url":"https:\/\/chicagoinjurylawyer.net\/es\/","name":"Sexner Injury Lawyers LLC","description":"Chicago Personal Injury Attorneys","publisher":{"@id":"https:\/\/chicagoinjurylawyer.net\/es\/#organization"},"potentialAction":[{"@type":"SearchAction","target":{"@type":"EntryPoint","urlTemplate":"https:\/\/chicagoinjurylawyer.net\/es\/?s={search_term_string}"},"query-input":{"@type":"PropertyValueSpecification","valueRequired":true,"valueName":"search_term_string"}}],"inLanguage":"es"},{"@type":"Organization","@id":"https:\/\/chicagoinjurylawyer.net\/es\/#organization","name":"[firm-name]","url":"https:\/\/chicagoinjurylawyer.net\/es\/","logo":{"@type":"ImageObject","inLanguage":"es","@id":"https:\/\/chicagoinjurylawyer.net\/es\/#\/schema\/logo\/image\/","url":"https:\/\/chicagoinjurylawyer.net\/wp-content\/uploads\/2019\/06\/msx-logo-1.png","contentUrl":"https:\/\/chicagoinjurylawyer.net\/wp-content\/uploads\/2019\/06\/msx-logo-1.png","width":180,"height":83,"caption":"[firm-name]"},"image":{"@id":"https:\/\/chicagoinjurylawyer.net\/es\/#\/schema\/logo\/image\/"}}]}},"_links":{"self":[{"href":"https:\/\/chicagoinjurylawyer.net\/es\/wp-json\/wp\/v2\/pages\/33083","targetHints":{"allow":["GET"]}}],"collection":[{"href":"https:\/\/chicagoinjurylawyer.net\/es\/wp-json\/wp\/v2\/pages"}],"about":[{"href":"https:\/\/chicagoinjurylawyer.net\/es\/wp-json\/wp\/v2\/types\/page"}],"author":[{"embeddable":true,"href":"https:\/\/chicagoinjurylawyer.net\/es\/wp-json\/wp\/v2\/users\/1"}],"replies":[{"embeddable":true,"href":"https:\/\/chicagoinjurylawyer.net\/es\/wp-json\/wp\/v2\/comments?post=33083"}],"version-history":[{"count":3,"href":"https:\/\/chicagoinjurylawyer.net\/es\/wp-json\/wp\/v2\/pages\/33083\/revisions"}],"predecessor-version":[{"id":33410,"href":"https:\/\/chicagoinjurylawyer.net\/es\/wp-json\/wp\/v2\/pages\/33083\/revisions\/33410"}],"up":[{"embeddable":true,"href":"https:\/\/chicagoinjurylawyer.net\/es\/wp-json\/wp\/v2\/pages\/7790"}],"wp:attachment":[{"href":"https:\/\/chicagoinjurylawyer.net\/es\/wp-json\/wp\/v2\/media?parent=33083"}],"curies":[{"name":"wp","href":"https:\/\/api.w.org\/{rel}","templated":true}]}}