{"id":33088,"date":"2022-01-11T16:32:15","date_gmt":"2022-01-11T22:32:15","guid":{"rendered":"https:\/\/pi-sexner.tseg.co\/?page_id=33088"},"modified":"2022-02-01T16:51:19","modified_gmt":"2022-02-01T22:51:19","slug":"responsabilidad-de-locales","status":"publish","type":"page","link":"https:\/\/chicagoinjurylawyer.net\/es\/responsabilidad-de-locales\/","title":{"rendered":"Responsabilidad de Locales"},"content":{"rendered":"<h1>Abogados de Responsabilidad de Locales en Chicago<\/h1>\n<p><img decoding=\"async\" class=\"alignright wp-image-33432\" src=\"\/wp-content\/uploads\/2022\/02\/Responsabilidad-de-Locales.jpg\" alt=\"Responsabilidad de Locales\" width=\"400\" height=\"267\" srcset=\"https:\/\/chicagoinjurylawyer.net\/wp-content\/uploads\/2022\/02\/Responsabilidad-de-Locales.jpg 1000w, https:\/\/chicagoinjurylawyer.net\/wp-content\/uploads\/2022\/02\/Responsabilidad-de-Locales-300x200.jpg 300w, https:\/\/chicagoinjurylawyer.net\/wp-content\/uploads\/2022\/02\/Responsabilidad-de-Locales-768x512.jpg 768w\" sizes=\"(max-width: 400px) 100vw, 400px\" \/>En nuestra sociedad, confiamos en que nuestros conciudadanos act\u00faen de manera razonable con el fin de mantener a todos lo m\u00e1s seguros posible. Sin embargo, cuando alguien no lo hace, existe un peligro muy real de <a href=\"\/es\/\">accidentes graves<\/a>\u00a0y lesiones graves. M\u00e1s de 130,000 personas visitan el departamento de emergencias anualmente. \u00bfCu\u00e1ntas de esas visitas podr\u00edan haberse evitado con un poco de cuidado por parte de los propietarios?<\/p>\n<p>Si usted o un ser querido ha resultado lesionado en un accidente causado por una condici\u00f3n insegura en la propiedad de otra persona, el due\u00f1o o administrador de esa propiedad puede ser considerado responsable. Si se puede establecer que la negligencia del due\u00f1o de la propiedad es lo que caus\u00f3 su accidente, tiene los motivos para presentar un reclamo o una demanda por responsabilidad local.<\/p>\n<p>Un abogado de responsabilidad de locales de Chicago podr\u00e1 evaluar su caso y asesorarlo sobre sus derechos legales para buscar da\u00f1os monetarios. Se puede buscar compensaci\u00f3n para cubrir facturas m\u00e9dicas, salarios perdidos, potencial de ingresos perdidos, desfiguraci\u00f3n, dolor, sufrimiento y otros da\u00f1os, dependiendo de los hechos de su caso.<\/p>\n<h2>Deber de Cuidado de los Propietarios<\/h2>\n<p>Los propietarios tienen la responsabilidad de proteger la seguridad de los inquilinos, residentes, visitantes e invitados. Se espera que mantengan sus instalaciones en buen estado y libres de peligros. Cuando el due\u00f1o de una propiedad es negligente en el deber de cuidado, una condici\u00f3n insegura o defectuosa puede conducir f\u00e1cilmente a lesiones graves o <a href=\"\/es\/muerte-injusta\/\">la muerte<\/a>.<\/p>\n<p>No todos los accidentes en la propiedad de otra persona pueden atribuirse a la negligencia del propietario. Su capacidad para recibir da\u00f1os depender\u00e1 de si puede probar:<\/p>\n<ul>\n<li>El propietario sab\u00eda o deber\u00eda haber sabido razonablemente que las instalaciones no eran seguras;<\/li>\n<li>El due\u00f1o o administrador de la propiedad no la mantuvo adecuadamente mantenida;<\/li>\n<li>No se tomaron medidas para remediar la situaci\u00f3n;<\/li>\n<li>El propietario o administrador de la propiedad no advirti\u00f3 a los visitantes o invitados de los peligros potenciales.<\/li>\n<\/ul>\n<p>En \u00faltima instancia, todo se reduce a si el due\u00f1o de la propiedad pudo haber prevenido sus lesiones con un poco de \"cuidado razonable\". Los detalles espec\u00edficos de su situaci\u00f3n determinar\u00e1n qu\u00e9 tan s\u00f3lido es su caso, as\u00ed que hable con un abogado hoy mismo.<\/p>\n<h2>Tipos de Accidentes de Responsabilidad Civil<\/h2>\n<p>Cualquier tipo de lesi\u00f3n en la propiedad de otra persona puede clasificarse como un caso de responsabilidad local. Algunos de los tipos m\u00e1s comunes de accidentes de responsabilidad de locales incluyen:<\/p>\n<ul>\n<li><a href=\"\/es\/resbalones-tropiezos-y-caidas\/\">Accidentes por resbalones y ca\u00eddas<\/a><\/li>\n<li><a href=\"\/es\/mordeduras-de-perro\/\">Mordeduras o ataques de perros<\/a><\/li>\n<li><a href=\"\/es\/accidentes-en-piscina\/\">Ahogamiento en la piscina<\/a><\/li>\n<li>Lesiones por iluminaci\u00f3n insuficiente<\/li>\n<li>Asalto por falta de seguridad<\/li>\n<li>Accidentes de ascensores o escaleras mec\u00e1nicas<\/li>\n<li>Aceras o escaleras defectuosas<\/li>\n<li><a href=\"\/es\/descarga-electrica\/\">Accidentes de electrocuci\u00f3n<\/a><\/li>\n<li>Exposici\u00f3n a sustancias t\u00f3xicas<\/li>\n<\/ul>\n<h2>Responsabilidad Civil por Traspaso y Propiedad<\/h2>\n<p>Es f\u00e1cil suponer que alguien que invade una propiedad privada es responsable de su propia seguridad. Pero ese no es siempre el caso. Hay situaciones en las que el propietario puede ser responsable, en particular con los intrusos y los ni\u00f1os conocidos.<\/p>\n<ul>\n<li>Los intrusos conocidos son exactamente lo que parecen: personas que deambulan por la tierra de un propietario sin permiso, pero el propietario es plenamente consciente de que est\u00e1n all\u00ed. A menudo, pistas como bebidas vac\u00edas y otra basura son suficientes para notificar a un propietario que tiene intrusos. Una vez que lo sepa, debe tomar medidas para corregir cualquier peligro en la propiedad o publicar advertencias para evitar que nadie resulte da\u00f1ado. Alternativamente, el propietario puede intentar reforzar su seguridad y mantener a la gente alejada.<\/li>\n<li>Los ni\u00f1os no entienden la \"entrada ilegal\" como lo hacen los adultos y no est\u00e1n sujetos a los mismos est\u00e1ndares. En cambio, la responsabilidad recae sobre el due\u00f1o de la propiedad para mantenerlos fuera. Los ni\u00f1os pueden tener la tentaci\u00f3n de pasar el rato o jugar en un sitio de construcci\u00f3n o en un negocio que est\u00e1 cerrado por remodelaci\u00f3n. Si bien no deben traspasar, debe existir la seguridad adecuada para garantizar que no puedan acceder f\u00e1cilmente a dichos lugares.<\/li>\n<\/ul>\n<h2>\u00bfQu\u00e9 Es una \"Molestia Atractiva\"?<\/h2>\n<p>Los propietarios tienen un deber especial de cuidado de los ni\u00f1os, y el concepto de derecho consuetudinario de \"molestia atractiva\" sostiene que ciertas caracter\u00edsticas de una propiedad (un ejemplo que se usa con frecuencia es una piscina) atraen a los ni\u00f1os, est\u00e9n o no legalmente permitidos estar all\u00ed. Por lo tanto, los propietarios con molestias atractivas son responsables si un ni\u00f1o curioso puede entrar y salir lastimado.<\/p>\n<p>En Illinois, la Ley de Cerramientos de Piscinas Privadas requiere que \u201clas nuevas piscinas al aire libre en propiedades residenciales privadas est\u00e9n rodeadas por una cerca, pared u otra barrera permanente efectiva de 42 pulgadas o m\u00e1s de altura\u201d. Adem\u00e1s, otorga a los gobiernos locales y las asociaciones de propietarios el permiso para hacer que las regulaciones sean a\u00fan m\u00e1s estrictas (pero no menos estrictas).<\/p>\n<h2>\u00bfQui\u00e9nes Corren Mayor Riesgo de Sufrir Lesiones?<\/h2>\n<p><img decoding=\"async\" class=\"alignright wp-image-33434\" src=\"\/wp-content\/uploads\/2022\/02\/Abogados-de-Responsabilidad-de-Locales.jpg\" alt=\"Abogados de Responsabilidad de Locales\" width=\"400\" height=\"267\" srcset=\"https:\/\/chicagoinjurylawyer.net\/wp-content\/uploads\/2022\/02\/Abogados-de-Responsabilidad-de-Locales.jpg 1000w, https:\/\/chicagoinjurylawyer.net\/wp-content\/uploads\/2022\/02\/Abogados-de-Responsabilidad-de-Locales-300x200.jpg 300w, https:\/\/chicagoinjurylawyer.net\/wp-content\/uploads\/2022\/02\/Abogados-de-Responsabilidad-de-Locales-768x512.jpg 768w\" sizes=\"(max-width: 400px) 100vw, 400px\" \/>Los ni\u00f1os se encuentran entre los que corren mayor riesgo de sufrir lesiones en la propiedad de otras personas. Los accidentes en piscinas y las mordeduras de perros suelen afectar a los ni\u00f1os de manera desproporcionada. Los ni\u00f1os no reconocen muchos peligros en el mundo, por eso esperamos que los adultos los protejan tanto como sea posible.<\/p>\n<p>Los ancianos tienen un riesgo mucho mayor de sufrir ca\u00eddas da\u00f1inas, especialmente aquellos que padecen demencia o trastornos cognitivos similares. Es posible que no se den cuenta de que est\u00e1n entrando en una situaci\u00f3n peligrosa, por lo que los asilos de ancianos y las instalaciones similares deben tener la seguridad adecuada para evitar que los residentes deambulen hacia el tr\u00e1fico o hacia un sitio de construcci\u00f3n peligroso.<\/p>\n<p>Sin embargo, cualquiera podr\u00eda ser v\u00edctima de negligencia. Las ca\u00eddas involuntarias mataron a casi 32,000 personas en los EE. UU. En 2013. Y, de hecho, el mayor porcentaje de visitas a la sala de emergencias ese a\u00f1o fue de personas de 25 a 44 a\u00f1os. Estos accidentes ocurren en todas partes, todo el tiempo y, lamentablemente, muchos de ellos se pueden prevenir.<\/p>\n<h2>Por Qu\u00e9 Necesita un Abogado Calificado en Responsabilidad de Locales en Chicago<\/h2>\n<p>Probar la negligencia no siempre es una tarea sencilla. Si cree que las lesiones que sufri\u00f3 en propiedad p\u00fablica, privada, comercial o gubernamental fueron el resultado de negligencia, es fundamental que obtenga representaci\u00f3n legal calificada para ayudarlo.<\/p>\n<p>Los abogados expertos en lesiones personales de Chicago de Sexner Injury Lawyers LLC tienen a\u00f1os de experiencia y entienden lo que se necesita para demostrar la responsabilidad. Sabemos qu\u00e9 preguntas hacer y c\u00f3mo obtener la evidencia necesaria para presentar para probar su reclamo. Trabajaremos diligentemente para ayudarlo a obtener la m\u00e1xima compensaci\u00f3n por sus lesiones y p\u00e9rdidas. Nunca se cobran tarifas a menos que lo ayudemos a ganar.<\/p>\n<img decoding=\"async\" class=\"aligncenter size-full wp-image-33436\" src=\"\/wp-content\/uploads\/2022\/02\/Abogados-de-Responsabilidad-de-Locales-en-Chicago.jpg\" alt=\"Abogados de Responsabilidad de Locales en Chicago\" width=\"1000\" height=\"668\" srcset=\"https:\/\/chicagoinjurylawyer.net\/wp-content\/uploads\/2022\/02\/Abogados-de-Responsabilidad-de-Locales-en-Chicago.jpg 1000w, https:\/\/chicagoinjurylawyer.net\/wp-content\/uploads\/2022\/02\/Abogados-de-Responsabilidad-de-Locales-en-Chicago-300x200.jpg 300w, https:\/\/chicagoinjurylawyer.net\/wp-content\/uploads\/2022\/02\/Abogados-de-Responsabilidad-de-Locales-en-Chicago-768x513.jpg 768w\" sizes=\"(max-width: 1000px) 100vw, 1000px\" \/>\n<p>Para comenzar, llame a nuestros abogados de responsabilidad civil de locales de Chicago ahora. Puede comunicarse con nosotros al (312) 243-9922.<\/p>\n","protected":false},"excerpt":{"rendered":"<p>Abogados de Responsabilidad de Locales en Chicago En nuestra sociedad, confiamos en que nuestros conciudadanos act\u00faen de manera razonable con el fin de mantener a todos lo m\u00e1s seguros posible. Sin embargo, cuando alguien no lo hace, existe un peligro muy real de accidentes graves\u00a0y lesiones graves. M\u00e1s de 130,000 personas visitan el departamento de [&hellip;]<\/p>\n","protected":false},"author":1,"featured_media":0,"parent":0,"menu_order":0,"comment_status":"closed","ping_status":"closed","template":"","meta":{"_acf_changed":false,"footnotes":""},"class_list":["post-33088","page","type-page","status-publish","hentry"],"acf":[],"yoast_head":"<!-- This site is optimized with the Yoast SEO plugin v27.4 - https:\/\/yoast.com\/product\/yoast-seo-wordpress\/ -->\n<title>Responsabilidad de Locales - Sexner Injury Lawyers LLC<\/title>\n<meta name=\"description\" content=\"Un abogado de responsabilidad de locales de Chicago podr\u00e1 evaluar su caso y asesorarlo sobre sus derechos legales para buscar da\u00f1os monetarios.\" \/>\n<meta name=\"robots\" content=\"index, follow, max-snippet:-1, max-image-preview:large, max-video-preview:-1\" \/>\n<link rel=\"canonical\" href=\"https:\/\/chicagoinjurylawyer.net\/es\/responsabilidad-de-locales\/\" \/>\n<meta property=\"og:locale\" content=\"es_ES\" \/>\n<meta property=\"og:type\" content=\"article\" \/>\n<meta property=\"og:title\" content=\"Responsabilidad de Locales - Sexner Injury Lawyers LLC\" \/>\n<meta property=\"og:description\" content=\"Un abogado de responsabilidad de locales de Chicago podr\u00e1 evaluar su caso y asesorarlo sobre sus derechos legales para buscar da\u00f1os monetarios.\" \/>\n<meta property=\"og:url\" content=\"https:\/\/chicagoinjurylawyer.net\/es\/responsabilidad-de-locales\/\" \/>\n<meta property=\"og:site_name\" content=\"Sexner Injury Lawyers LLC\" \/>\n<meta property=\"article:modified_time\" content=\"2022-02-01T22:51:19+00:00\" \/>\n<meta property=\"og:image\" content=\"https:\/\/chicagoinjurylawyer.net\/wp-content\/uploads\/2022\/02\/Responsabilidad-de-Locales.jpg\" \/>\n<meta name=\"twitter:card\" content=\"summary_large_image\" \/>\n<meta name=\"twitter:label1\" content=\"Tiempo de lectura\" \/>\n\t<meta name=\"twitter:data1\" content=\"6 minutos\" \/>\n<!-- \/ Yoast SEO plugin. -->","yoast_head_json":{"title":"Responsabilidad de Locales - Sexner Injury Lawyers LLC","description":"Un abogado de responsabilidad de locales de Chicago podr\u00e1 evaluar su caso y asesorarlo sobre sus derechos legales para buscar da\u00f1os monetarios.","robots":{"index":"index","follow":"follow","max-snippet":"max-snippet:-1","max-image-preview":"max-image-preview:large","max-video-preview":"max-video-preview:-1"},"canonical":"https:\/\/chicagoinjurylawyer.net\/es\/responsabilidad-de-locales\/","og_locale":"es_ES","og_type":"article","og_title":"Responsabilidad de Locales - Sexner Injury Lawyers LLC","og_description":"Un abogado de responsabilidad de locales de Chicago podr\u00e1 evaluar su caso y asesorarlo sobre sus derechos legales para buscar da\u00f1os monetarios.","og_url":"https:\/\/chicagoinjurylawyer.net\/es\/responsabilidad-de-locales\/","og_site_name":"Sexner Injury Lawyers LLC","article_modified_time":"2022-02-01T22:51:19+00:00","og_image":[{"url":"https:\/\/chicagoinjurylawyer.net\/wp-content\/uploads\/2022\/02\/Responsabilidad-de-Locales.jpg","type":"","width":"","height":""}],"twitter_card":"summary_large_image","twitter_misc":{"Tiempo de lectura":"6 minutos"},"schema":{"@context":"https:\/\/schema.org","@graph":[{"@type":"WebPage","@id":"https:\/\/chicagoinjurylawyer.net\/es\/responsabilidad-de-locales\/","url":"https:\/\/chicagoinjurylawyer.net\/es\/responsabilidad-de-locales\/","name":"Responsabilidad de Locales - Sexner Injury Lawyers LLC","isPartOf":{"@id":"https:\/\/chicagoinjurylawyer.net\/es\/#website"},"datePublished":"2022-01-11T22:32:15+00:00","dateModified":"2022-02-01T22:51:19+00:00","description":"Un abogado de responsabilidad de locales de Chicago podr\u00e1 evaluar su caso y asesorarlo sobre sus derechos legales para buscar da\u00f1os monetarios.","inLanguage":"es","potentialAction":[{"@type":"ReadAction","target":["https:\/\/chicagoinjurylawyer.net\/es\/responsabilidad-de-locales\/"]}]},{"@type":"WebSite","@id":"https:\/\/chicagoinjurylawyer.net\/es\/#website","url":"https:\/\/chicagoinjurylawyer.net\/es\/","name":"Sexner Injury Lawyers LLC","description":"Chicago Personal Injury Attorneys","publisher":{"@id":"https:\/\/chicagoinjurylawyer.net\/es\/#organization"},"potentialAction":[{"@type":"SearchAction","target":{"@type":"EntryPoint","urlTemplate":"https:\/\/chicagoinjurylawyer.net\/es\/?s={search_term_string}"},"query-input":{"@type":"PropertyValueSpecification","valueRequired":true,"valueName":"search_term_string"}}],"inLanguage":"es"},{"@type":"Organization","@id":"https:\/\/chicagoinjurylawyer.net\/es\/#organization","name":"[firm-name]","url":"https:\/\/chicagoinjurylawyer.net\/es\/","logo":{"@type":"ImageObject","inLanguage":"es","@id":"https:\/\/chicagoinjurylawyer.net\/es\/#\/schema\/logo\/image\/","url":"https:\/\/chicagoinjurylawyer.net\/wp-content\/uploads\/2019\/06\/msx-logo-1.png","contentUrl":"https:\/\/chicagoinjurylawyer.net\/wp-content\/uploads\/2019\/06\/msx-logo-1.png","width":180,"height":83,"caption":"[firm-name]"},"image":{"@id":"https:\/\/chicagoinjurylawyer.net\/es\/#\/schema\/logo\/image\/"}}]}},"_links":{"self":[{"href":"https:\/\/chicagoinjurylawyer.net\/es\/wp-json\/wp\/v2\/pages\/33088","targetHints":{"allow":["GET"]}}],"collection":[{"href":"https:\/\/chicagoinjurylawyer.net\/es\/wp-json\/wp\/v2\/pages"}],"about":[{"href":"https:\/\/chicagoinjurylawyer.net\/es\/wp-json\/wp\/v2\/types\/page"}],"author":[{"embeddable":true,"href":"https:\/\/chicagoinjurylawyer.net\/es\/wp-json\/wp\/v2\/users\/1"}],"replies":[{"embeddable":true,"href":"https:\/\/chicagoinjurylawyer.net\/es\/wp-json\/wp\/v2\/comments?post=33088"}],"version-history":[{"count":3,"href":"https:\/\/chicagoinjurylawyer.net\/es\/wp-json\/wp\/v2\/pages\/33088\/revisions"}],"predecessor-version":[{"id":33439,"href":"https:\/\/chicagoinjurylawyer.net\/es\/wp-json\/wp\/v2\/pages\/33088\/revisions\/33439"}],"wp:attachment":[{"href":"https:\/\/chicagoinjurylawyer.net\/es\/wp-json\/wp\/v2\/media?parent=33088"}],"curies":[{"name":"wp","href":"https:\/\/api.w.org\/{rel}","templated":true}]}}