{"id":33091,"date":"2022-01-11T16:51:09","date_gmt":"2022-01-11T22:51:09","guid":{"rendered":"https:\/\/pi-sexner.tseg.co\/?page_id=33091"},"modified":"2022-02-01T16:32:21","modified_gmt":"2022-02-01T22:32:21","slug":"uber","status":"publish","type":"page","link":"https:\/\/chicagoinjurylawyer.net\/es\/accidentes-de-trafico\/uber\/","title":{"rendered":"Accidentes de Uber"},"content":{"rendered":"<h1>Abogados de Accidentes de Uber en Chicago<\/h1>\n<p><img decoding=\"async\" class=\"alignright wp-image-33424\" src=\"\/wp-content\/uploads\/2022\/02\/Abogados-de-Accidentes-de-Uber-en-Chicago.jpg\" alt=\"Abogados de Accidentes de Uber en Chicago\" width=\"400\" height=\"400\" srcset=\"https:\/\/chicagoinjurylawyer.net\/wp-content\/uploads\/2022\/02\/Abogados-de-Accidentes-de-Uber-en-Chicago.jpg 1000w, https:\/\/chicagoinjurylawyer.net\/wp-content\/uploads\/2022\/02\/Abogados-de-Accidentes-de-Uber-en-Chicago-300x300.jpg 300w, https:\/\/chicagoinjurylawyer.net\/wp-content\/uploads\/2022\/02\/Abogados-de-Accidentes-de-Uber-en-Chicago-150x150.jpg 150w, https:\/\/chicagoinjurylawyer.net\/wp-content\/uploads\/2022\/02\/Abogados-de-Accidentes-de-Uber-en-Chicago-768x768.jpg 768w\" sizes=\"(max-width: 400px) 100vw, 400px\" \/>En estos d\u00edas, cada vez son menos las personas que conducen hasta sus destinos. Especialmente en \u00e1reas urbanas concurridas como Chicago; A veces es m\u00e1s f\u00e1cil y menos costoso viajar en taxi o en viaje compartido. En lugar de conducir su propio autom\u00f3vil, estos servicios est\u00e1n a solo una llamada (o una aplicaci\u00f3n) de distancia y le permiten ahorrar el costo de la gasolina y el estacionamiento. Pero, \u00bfqu\u00e9 sucede cuando el conductor se ve involucrado en un accidente y usted o un miembro de su familia resulta herido?<\/p>\n<p>A diferencia de los taxis, que de una forma u otra han existido durante m\u00e1s de 100 a\u00f1os, las opciones m\u00e1s nuevas de Uber, Lyft, Sidecar y Curb tienen reglas algo diferentes sobre c\u00f3mo y cu\u00e1ndo una persona lesionada puede tener derecho a una <a href=\"\/es\/nuestro-exito\/\">compensaci\u00f3n financiera<\/a>. Quiz\u00e1s haya visto un comercial de accidentes de Uber en la televisi\u00f3n y tenga preguntas. A continuaci\u00f3n, se muestran algunas respuestas a algunas de las preguntas m\u00e1s frecuentes:<\/p>\n<h2>\u00bfPor qu\u00e9 es tan importante determinar si el conductor es un empleado?<\/h2>\n<p>Si alguien ha resultado <a href=\"\/es\/\">lesionado en un accidente<\/a> debido a la negligencia de un conductor contratado, una de las diferencias m\u00e1s importantes entre los conductores de taxis \/ limusinas y los conductores de Uber \/ Lyft implica la cuesti\u00f3n de si el conductor es un \"empleado\" o un \"contratista independiente\". . \"<\/p>\n<p>Si el conductor es considerado un empleado, entonces su compa\u00f1\u00eda (y por lo tanto la compa\u00f1\u00eda de seguros de la compa\u00f1\u00eda) generalmente es responsable de todos los da\u00f1os monetarios. Esto se debe a que en la mayor\u00eda de los lugares (como Chicago) los empleadores son responsables de las acciones de sus trabajadores. Esto se llama responsabilidad indirecta y, a menudo, es la mejor situaci\u00f3n posible para usted, porque estas compa\u00f1\u00edas de seguros suelen tener p\u00f3lizas con l\u00edmites de millones de d\u00f3lares para pagar. Generalmente, un conductor se considera un empleado si su jefe le dice cu\u00e1ndo trabajar, d\u00f3nde trabajar y c\u00f3mo trabajar.<\/p>\n<p>Pero a veces el conductor se considera un contratista independiente, lo que significa que aunque el conductor trabaja para la empresa de viajes compartidos, \u00e9l o ella toma la mayor\u00eda de las decisiones (no el jefe) sobre c\u00f3mo, d\u00f3nde y cu\u00e1ndo trabajar. Cuando alguien es un contratista independiente, generalmente es la compa\u00f1\u00eda de seguros personal de esa persona la responsable, no la compa\u00f1\u00eda del empleador. Eso podr\u00eda ser un problema si la persona tiene un l\u00edmite de p\u00f3liza muy bajo de $ 25,000 o no tiene seguro.<\/p>\n<h2>\u00bfC\u00f3mo intenta Uber evitar pagar las lesiones?<\/h2>\n<p>Las compa\u00f1\u00edas de viajes compartidos como Uber (y muchas compa\u00f1\u00edas de taxis \/ limusinas tambi\u00e9n) quieren que deje en paz a su compa\u00f1\u00eda de seguros. Eso es porque cuando una persona lesionada recibe dinero de su compa\u00f1\u00eda de seguros, sus tarifas aumentan. Preferir\u00edan que molestaras a la compa\u00f1\u00eda de seguros personales del conductor. \u00bfC\u00f3mo intentan hacer eso? Al argumentar que el conductor era un \"contratista independiente\" y no realmente su \"empleado\".<\/p>\n<p>La compa\u00f1\u00eda de seguros de Uber tambi\u00e9n intenta evitar la responsabilidad por lesiones dependiendo de si el conductor de Uber estaba conectado a la aplicaci\u00f3n Uber y transportaba pasajeros en el momento del accidente, si hab\u00eda iniciado sesi\u00f3n, pero esperando a un pasajero, en camino a recoger a un pasajero, o sin iniciar sesi\u00f3n en absoluto.<\/p>\n<p>Pero los abogados con experiencia en accidentes automovil\u00edsticos de Chicago como los de Sexner Injury Lawyers LLC saben c\u00f3mo luchar contra las grandes empresas y ganar. El hecho de que Uber diga que su conductor no es un \"empleado\" no significa que sea cierto.<\/p>\n<h2>\u00bfPor qu\u00e9 ocurren los accidentes de Uber?<\/h2>\n<p><img decoding=\"async\" class=\"alignright wp-image-33426\" src=\"\/wp-content\/uploads\/2022\/02\/Abogados-de-Accidentes-de-Uber.jpg\" alt=\"Abogados de Accidentes de Uber\" width=\"400\" height=\"267\" srcset=\"https:\/\/chicagoinjurylawyer.net\/wp-content\/uploads\/2022\/02\/Abogados-de-Accidentes-de-Uber.jpg 1000w, https:\/\/chicagoinjurylawyer.net\/wp-content\/uploads\/2022\/02\/Abogados-de-Accidentes-de-Uber-300x200.jpg 300w, https:\/\/chicagoinjurylawyer.net\/wp-content\/uploads\/2022\/02\/Abogados-de-Accidentes-de-Uber-768x512.jpg 768w\" sizes=\"(max-width: 400px) 100vw, 400px\" \/>Cuando eres el pasajero en el coche de un amigo, el conductor tiene en cuenta tus mejores intereses. Al conductor no se le paga por transportarlo y lo m\u00e1s importante en su mente es llegar al destino de manera segura. Pero cuando usa un taxi, una limusina o un viaje compartido como Uber, tambi\u00e9n hay otras cosas en la mente del conductor, espec\u00edficamente, cu\u00e1nto le pagar\u00e1n. A veces, a un conductor de taxi o limusina se le paga una cantidad fija en d\u00f3lares para que lo lleve a alg\u00fan lugar, como el aeropuerto Midway de Chicago o el aeropuerto O'Hare. Pero otras veces, la paga del conductor est\u00e1 directamente relacionada con la rapidez con la que puede llevarlo all\u00ed, cu\u00e1ntos otros pasajeros puede transportar en un d\u00eda y cu\u00e1ntas horas en un d\u00eda trabaja.<\/p>\n<p>Por supuesto, trabajar muchas horas o acelerar aumenta las posibilidades de <a href=\"\/es\/accidentes-de-trafico\/\">accidentes<\/a>. Los giros inseguros, el no usar correctamente las se\u00f1ales de giro, las maniobras de adelantamiento peligrosas y el uso inadecuado de los carriles pueden ayudar a su conductor de Uber a ganar dinero extra, pero conducir de manera insegura lo pone en peligro, ya sea como pasajero o como conductor de su propio autom\u00f3vil.<\/p>\n<p>Por lo tanto, las preocupaciones financieras a menudo ejercen una presi\u00f3n adicional sobre el conductor, lo que conduce a una conducci\u00f3n insegura. Pero existen otros problemas comunes con los conductores de taxis, limusinas y Uber que aumentan el riesgo de accidentes, lesiones o <a href=\"\/es\/muerte-injusta\/\">muerte por negligencia<\/a>. \u00c9stos incluyen:<\/p>\n<ul>\n<li><strong>Mantenimiento deficiente del veh\u00edculo<\/strong>: Especialmente con los conductores de Uber\/Lyft que deben mantener sus propios autos; a veces simplemente est\u00e1n demasiado ocupados (o les resulta demasiado caro) para mantener sus coches en buen estado mientras conducen tantas millas. Los neum\u00e1ticos calvos y los problemas mec\u00e1nicos aumentan el riesgo de sufrir da\u00f1os.<\/li>\n<li><strong>Conductores con exceso de trabajo\/cansados<\/strong>: Cuando el salario de un conductor est\u00e1 directamente relacionado con la rapidez y el tiempo que trabaja, el conductor puede adormecerse o distraerse, lo que puede provocar accidentes y lesiones.<\/li>\n<li><strong>Uso de tel\u00e9fonos inteligentes<\/strong>: Los conductores de taxis y viajes compartidos est\u00e1n constantemente en sus tel\u00e9fonos, ya sea para acceder a las direcciones del GPS, hablar con la oficina de la empresa para obtener instrucciones o acceder a la aplicaci\u00f3n Uber mientras transportan pasajeros. Cada momento en que un conductor aparta la vista de la carretera para revisar su tel\u00e9fono es un momento que puede provocar la muerte o lesiones.<\/li>\n<li><strong>Uso de alcohol o drogas<\/strong>: Los conductores de taxis, limusinas y Uber pueden verse tentados a consumir <a href=\"\/es\/accidentes-de-trafico\/conductores-ebrios\/\">drogas o alcohol<\/a> para pasar el largo d\u00eda o para mantenerlos despiertos. Adem\u00e1s de que dicho uso es un delito en Chicago y en todo Illinois, estas acciones obviamente aumentan las posibilidades de accidentes graves.<\/li>\n<li><strong>Conductores distra\u00eddos<\/strong>: Conversar con los pasajeros, hablar por tel\u00e9fono, mirar aplicaciones en l\u00ednea y ver las instrucciones de navegaci\u00f3n mientras conduce puede provocar f\u00e1cilmente un accidente. Hay suficientes disturbios en la carretera para mantener ocupado a cualquier conductor sin estas fuentes adicionales de distracci\u00f3n.<\/li>\n<\/ul>\n<h2>Agresiones sexuales de Uber y detecci\u00f3n de conductores<\/h2>\n<p>Cuando se contrata a una enfermera para trabajar en un <a href=\"\/es\/abuso-de-asilo-de-ancianos\/\">hogar de ancianos<\/a>, el empleador realiza una verificaci\u00f3n de antecedentes exhaustiva para asegurarse de que este empleado no tenga antecedentes penales de uso de drogas, delitos sexuales o violencia hacia otros.<\/p>\n<p>\u00bfTodas las empresas de taxis \/ limusinas y viajes compartidos realizan una verificaci\u00f3n de antecedentes tan exhaustiva como deber\u00edan?<\/p>\n<p><strong><em>Absolutamente no.<\/em><\/strong><\/p>\n<p>Al menos en el entorno de un hogar de ancianos, es de suponer que hay otros empleados alrededor para hacer que tales ataques sean menos probables. Pero en un Uber o taxi, por lo general son solo dos personas, a menudo a altas horas de la noche, conduciendo por calles vac\u00edas. A veces, el pasajero est\u00e1 intoxicado, incapaz de defenderse de un posible ataque.<\/p>\n<p>Aunque en general, un empleador no es responsable de las acciones criminales de un empleado, no siempre es as\u00ed. Se han recuperado muchos millones de d\u00f3lares para las v\u00edctimas de agresiones en tales circunstancias. Pero se necesita un abogado agresivo y con conocimientos para recuperar un acuerdo financiero o veredicto, ya que los abogados de alto poder que representan a estas compa\u00f1\u00edas de transporte luchar\u00e1n contra usted en cada paso del camino.<\/p>\n<h2>C\u00f3mo Ganar y Lograr la Justicia<\/h2>\n<p><img decoding=\"async\" class=\"alignright wp-image-33428\" src=\"\/wp-content\/uploads\/2022\/02\/Accidentes-de-Uber-en-Chicago.jpg\" alt=\"Accidentes de Uber en Chicago\" width=\"400\" height=\"267\" srcset=\"https:\/\/chicagoinjurylawyer.net\/wp-content\/uploads\/2022\/02\/Accidentes-de-Uber-en-Chicago.jpg 1000w, https:\/\/chicagoinjurylawyer.net\/wp-content\/uploads\/2022\/02\/Accidentes-de-Uber-en-Chicago-300x200.jpg 300w, https:\/\/chicagoinjurylawyer.net\/wp-content\/uploads\/2022\/02\/Accidentes-de-Uber-en-Chicago-768x512.jpg 768w\" sizes=\"(max-width: 400px) 100vw, 400px\" \/>Las compa\u00f1\u00edas de transporte y sus compa\u00f1\u00edas de seguros no se dedican a pagarle dinero. No importa lo que sea justo o correcto. Para ellos es solo un negocio y cuanto menos dinero pagan, m\u00e1s dinero ganan. Realmente es as\u00ed de simple.<\/p>\n<p>Pero desde 1990, el equipo legal de Sexner Injury Lawyers LLC ha luchado agresivamente contra estas empresas. Nuestros abogados afiliados est\u00e1n considerados entre los mejores del pa\u00eds y han ganado millones y millones de d\u00f3lares para clientes lesionados y familias de quienes sufrieron una muerte por negligencia debido a la negligencia de otros.<\/p>\n<p>No se demore. Las limitaciones de tiempo para presentar un caso se aplican a todas las demandas por lesiones y muerte. Ll\u00e1menos ahora para obtener informaci\u00f3n gratuita para saber qu\u00e9 l\u00edmites de tiempo se aplican a su caso particular y c\u00f3mo podemos ayudarlo a lograr justicia. Nunca hay tarifas a menos que tengamos \u00e9xito en su nombre. Puede comunicarse con nuestro compasivo y experimentado equipo legal las 24 horas del d\u00eda al (312) 243-9922.<\/p>\n","protected":false},"excerpt":{"rendered":"<p>Abogados de Accidentes de Uber en Chicago En estos d\u00edas, cada vez son menos las personas que conducen hasta sus destinos. Especialmente en \u00e1reas urbanas concurridas como Chicago; A veces es m\u00e1s f\u00e1cil y menos costoso viajar en taxi o en viaje compartido. En lugar de conducir su propio autom\u00f3vil, estos servicios est\u00e1n a solo [&hellip;]<\/p>\n","protected":false},"author":1,"featured_media":0,"parent":3804,"menu_order":0,"comment_status":"closed","ping_status":"closed","template":"","meta":{"_acf_changed":false,"footnotes":""},"class_list":["post-33091","page","type-page","status-publish","hentry"],"acf":[],"yoast_head":"<!-- This site is optimized with the Yoast SEO plugin v27.4 - https:\/\/yoast.com\/product\/yoast-seo-wordpress\/ -->\n<title>Abogados de Accidentes de Uber en Chicago - Sexner Injury Lawyers LLC<\/title>\n<meta name=\"description\" content=\"Las compa\u00f1\u00edas de transporte y sus compa\u00f1\u00edas de seguros no se dedican a pagarle dinero. No importa lo que sea justo o correcto. Para ellos es solo un negocio y cuanto menos dinero pagan, m\u00e1s dinero ganan. Realmente es as\u00ed de simple.\" \/>\n<meta name=\"robots\" content=\"index, follow, max-snippet:-1, max-image-preview:large, max-video-preview:-1\" \/>\n<link rel=\"canonical\" href=\"https:\/\/chicagoinjurylawyer.net\/es\/accidentes-de-trafico\/uber\/\" \/>\n<meta property=\"og:locale\" content=\"es_ES\" \/>\n<meta property=\"og:type\" content=\"article\" \/>\n<meta property=\"og:title\" content=\"Abogados de Accidentes de Uber en Chicago - Sexner Injury Lawyers LLC\" \/>\n<meta property=\"og:description\" content=\"Las compa\u00f1\u00edas de transporte y sus compa\u00f1\u00edas de seguros no se dedican a pagarle dinero. No importa lo que sea justo o correcto. Para ellos es solo un negocio y cuanto menos dinero pagan, m\u00e1s dinero ganan. Realmente es as\u00ed de simple.\" \/>\n<meta property=\"og:url\" content=\"https:\/\/chicagoinjurylawyer.net\/es\/accidentes-de-trafico\/uber\/\" \/>\n<meta property=\"og:site_name\" content=\"Sexner Injury Lawyers LLC\" \/>\n<meta property=\"article:modified_time\" content=\"2022-02-01T22:32:21+00:00\" \/>\n<meta property=\"og:image\" content=\"https:\/\/chicagoinjurylawyer.net\/wp-content\/uploads\/2022\/02\/Abogados-de-Accidentes-de-Uber-en-Chicago.jpg\" \/>\n<meta name=\"twitter:card\" content=\"summary_large_image\" \/>\n<meta name=\"twitter:label1\" content=\"Tiempo de lectura\" \/>\n\t<meta name=\"twitter:data1\" content=\"7 minutos\" \/>\n<!-- \/ Yoast SEO plugin. -->","yoast_head_json":{"title":"Abogados de Accidentes de Uber en Chicago - Sexner Injury Lawyers LLC","description":"Las compa\u00f1\u00edas de transporte y sus compa\u00f1\u00edas de seguros no se dedican a pagarle dinero. No importa lo que sea justo o correcto. Para ellos es solo un negocio y cuanto menos dinero pagan, m\u00e1s dinero ganan. Realmente es as\u00ed de simple.","robots":{"index":"index","follow":"follow","max-snippet":"max-snippet:-1","max-image-preview":"max-image-preview:large","max-video-preview":"max-video-preview:-1"},"canonical":"https:\/\/chicagoinjurylawyer.net\/es\/accidentes-de-trafico\/uber\/","og_locale":"es_ES","og_type":"article","og_title":"Abogados de Accidentes de Uber en Chicago - Sexner Injury Lawyers LLC","og_description":"Las compa\u00f1\u00edas de transporte y sus compa\u00f1\u00edas de seguros no se dedican a pagarle dinero. No importa lo que sea justo o correcto. Para ellos es solo un negocio y cuanto menos dinero pagan, m\u00e1s dinero ganan. Realmente es as\u00ed de simple.","og_url":"https:\/\/chicagoinjurylawyer.net\/es\/accidentes-de-trafico\/uber\/","og_site_name":"Sexner Injury Lawyers LLC","article_modified_time":"2022-02-01T22:32:21+00:00","og_image":[{"url":"https:\/\/chicagoinjurylawyer.net\/wp-content\/uploads\/2022\/02\/Abogados-de-Accidentes-de-Uber-en-Chicago.jpg","type":"","width":"","height":""}],"twitter_card":"summary_large_image","twitter_misc":{"Tiempo de lectura":"7 minutos"},"schema":{"@context":"https:\/\/schema.org","@graph":[{"@type":"WebPage","@id":"https:\/\/chicagoinjurylawyer.net\/es\/accidentes-de-trafico\/uber\/","url":"https:\/\/chicagoinjurylawyer.net\/es\/accidentes-de-trafico\/uber\/","name":"Abogados de Accidentes de Uber en Chicago - Sexner Injury Lawyers LLC","isPartOf":{"@id":"https:\/\/chicagoinjurylawyer.net\/es\/#website"},"datePublished":"2022-01-11T22:51:09+00:00","dateModified":"2022-02-01T22:32:21+00:00","description":"Las compa\u00f1\u00edas de transporte y sus compa\u00f1\u00edas de seguros no se dedican a pagarle dinero. No importa lo que sea justo o correcto. Para ellos es solo un negocio y cuanto menos dinero pagan, m\u00e1s dinero ganan. Realmente es as\u00ed de simple.","breadcrumb":{"@id":"https:\/\/chicagoinjurylawyer.net\/es\/accidentes-de-trafico\/uber\/#breadcrumb"},"inLanguage":"es","potentialAction":[{"@type":"ReadAction","target":["https:\/\/chicagoinjurylawyer.net\/es\/accidentes-de-trafico\/uber\/"]}]},{"@type":"BreadcrumbList","@id":"https:\/\/chicagoinjurylawyer.net\/es\/accidentes-de-trafico\/uber\/#breadcrumb","itemListElement":[{"@type":"ListItem","position":1,"name":"Accidentes De Tr\u00e1fico","item":"https:\/\/chicagoinjurylawyer.net\/es\/accidentes-de-trafico\/"},{"@type":"ListItem","position":2,"name":"Accidentes de Uber"}]},{"@type":"WebSite","@id":"https:\/\/chicagoinjurylawyer.net\/es\/#website","url":"https:\/\/chicagoinjurylawyer.net\/es\/","name":"Sexner Injury Lawyers LLC","description":"Chicago Personal Injury Attorneys","publisher":{"@id":"https:\/\/chicagoinjurylawyer.net\/es\/#organization"},"potentialAction":[{"@type":"SearchAction","target":{"@type":"EntryPoint","urlTemplate":"https:\/\/chicagoinjurylawyer.net\/es\/?s={search_term_string}"},"query-input":{"@type":"PropertyValueSpecification","valueRequired":true,"valueName":"search_term_string"}}],"inLanguage":"es"},{"@type":"Organization","@id":"https:\/\/chicagoinjurylawyer.net\/es\/#organization","name":"[firm-name]","url":"https:\/\/chicagoinjurylawyer.net\/es\/","logo":{"@type":"ImageObject","inLanguage":"es","@id":"https:\/\/chicagoinjurylawyer.net\/es\/#\/schema\/logo\/image\/","url":"https:\/\/chicagoinjurylawyer.net\/wp-content\/uploads\/2019\/06\/msx-logo-1.png","contentUrl":"https:\/\/chicagoinjurylawyer.net\/wp-content\/uploads\/2019\/06\/msx-logo-1.png","width":180,"height":83,"caption":"[firm-name]"},"image":{"@id":"https:\/\/chicagoinjurylawyer.net\/es\/#\/schema\/logo\/image\/"}}]}},"_links":{"self":[{"href":"https:\/\/chicagoinjurylawyer.net\/es\/wp-json\/wp\/v2\/pages\/33091","targetHints":{"allow":["GET"]}}],"collection":[{"href":"https:\/\/chicagoinjurylawyer.net\/es\/wp-json\/wp\/v2\/pages"}],"about":[{"href":"https:\/\/chicagoinjurylawyer.net\/es\/wp-json\/wp\/v2\/types\/page"}],"author":[{"embeddable":true,"href":"https:\/\/chicagoinjurylawyer.net\/es\/wp-json\/wp\/v2\/users\/1"}],"replies":[{"embeddable":true,"href":"https:\/\/chicagoinjurylawyer.net\/es\/wp-json\/wp\/v2\/comments?post=33091"}],"version-history":[{"count":3,"href":"https:\/\/chicagoinjurylawyer.net\/es\/wp-json\/wp\/v2\/pages\/33091\/revisions"}],"predecessor-version":[{"id":33431,"href":"https:\/\/chicagoinjurylawyer.net\/es\/wp-json\/wp\/v2\/pages\/33091\/revisions\/33431"}],"up":[{"embeddable":true,"href":"https:\/\/chicagoinjurylawyer.net\/es\/wp-json\/wp\/v2\/pages\/3804"}],"wp:attachment":[{"href":"https:\/\/chicagoinjurylawyer.net\/es\/wp-json\/wp\/v2\/media?parent=33091"}],"curies":[{"name":"wp","href":"https:\/\/api.w.org\/{rel}","templated":true}]}}