{"id":33094,"date":"2022-01-11T17:00:16","date_gmt":"2022-01-11T23:00:16","guid":{"rendered":"https:\/\/pi-sexner.tseg.co\/?page_id=33094"},"modified":"2022-02-01T16:23:42","modified_gmt":"2022-02-01T22:23:42","slug":"violaciones-de-osha","status":"publish","type":"page","link":"https:\/\/chicagoinjurylawyer.net\/es\/compensacion-de-trabajadores\/violaciones-de-osha\/","title":{"rendered":"Violaci\u00f3nes de OSHA"},"content":{"rendered":"<h1>Abogados de Lesiones por Violaci\u00f3n de OSHA en Chicago<\/h1>\n<p><img decoding=\"async\" class=\"alignright wp-image-33417\" src=\"\/wp-content\/uploads\/2022\/02\/Abogados-de-Lesiones-por-Violacio\u0301n-de-OSHA.jpg\" alt=\"Abogados de Lesiones por Violacio\u0301n de OSHA\" width=\"400\" height=\"267\" srcset=\"https:\/\/chicagoinjurylawyer.net\/wp-content\/uploads\/2022\/02\/Abogados-de-Lesiones-por-Violacio\u0301n-de-OSHA.jpg 1000w, https:\/\/chicagoinjurylawyer.net\/wp-content\/uploads\/2022\/02\/Abogados-de-Lesiones-por-Violacio\u0301n-de-OSHA-300x200.jpg 300w, https:\/\/chicagoinjurylawyer.net\/wp-content\/uploads\/2022\/02\/Abogados-de-Lesiones-por-Violacio\u0301n-de-OSHA-768x512.jpg 768w\" sizes=\"(max-width: 400px) 100vw, 400px\" \/>La Asociaci\u00f3n de Salud y Seguridad Ocupacional (OSHA) establece reglas y pautas estrictas que gobiernan c\u00f3mo deben operar varios lugares de trabajo diferentes. El prop\u00f3sito de estas reglas es mantener a los trabajadores seguros y minimizar no solo las lesiones graves y las <a href=\"\/es\/muerte-injusta\/\">muertes<\/a>, sino tambi\u00e9n la p\u00e9rdida de ganancias e ingresos para las empresas y los trabajadores por igual. Cuando se siguen estas reglas, la probabilidad de accidentes y lesiones graves en el lugar de trabajo disminuye significativamente. Sin embargo, cuando no se siguen, se producen lesiones y las empresas pueden ser responsables de los da\u00f1os debidos a tales infracciones.<\/p>\n<p>Si usted o alguien que conoce ha resultado lesionado en el lugar de trabajo debido a una violaci\u00f3n de OSHA, esto puede ayudar a reforzar su reclamo de <a href=\"\/es\/compensacion-de-trabajadores\/\">compensaci\u00f3n para trabajadores<\/a>. Llame a los abogados con experiencia en violaciones de OSHA de Chicago de Sexner Injury Lawyers LLC hoy al (312) 243-9922. Podemos discutir su caso y hablar sobre sus opciones.<\/p>\n<h2>\u00bfQu\u00e9 son las Infracciones de OSHA?<\/h2>\n<p>Las violaciones de OSHA generalmente se refieren a cualquier cosa que viole las normas y regulaciones establecidas por OSHA y el Departamento de Trabajo de Illinois. Algunas de estas infracciones son relativamente menores y se pueden solucionar con un esfuerzo m\u00ednimo para evitar una posible multa. Otras infracciones son mucho m\u00e1s graves y pueden resultar en multas muy graves o incluso en procesos penales contra un empleador por poner en peligro imprudente u otros delitos. Todas estas infracciones suelen significar que un lugar de trabajo no es tan seguro como deber\u00eda ser y, por lo tanto, debe repararse de inmediato.<\/p>\n<h2>Tipos de Infracciones<\/h2>\n<p>Cuando un inspector de OSHA llega a una empresa o lugar de trabajo, generalmente busca asegurarse de que se sigan correctamente numerosas pol\u00edticas y leyes. Cuando se encuentra una infracci\u00f3n, el inspector generalmente toma nota de la naturaleza de s\u00ed misma, c\u00f3mo se puede corregir y, a menudo, establece una fecha para la cual deben cumplirse las medidas correctivas o de lo contrario pueden producirse multas o sanciones adicionales. El inspector generalmente citar\u00e1 una infracci\u00f3n como uno de cuatro tipos:<\/p>\n<ul>\n<li><strong>Premeditado<\/strong> - Las infracciones intencionales ocurren cuando un empleador deliberadamente no cumple con un requisito o act\u00faa con indiferencia hacia la seguridad de los empleados.<\/li>\n<li><strong>Graves<\/strong> - Estas violaciones se refieren a aquellas que pueden causar directamente un accidente o enfermedad que probablemente resulte en la muerte o lesiones f\u00edsicas graves para los trabajadores. Puede incluir cosas como maquinaria mal usada o asegurada, violaciones del uso adecuado de materiales t\u00f3xicos y capacitaci\u00f3n inadecuada para los empleados.<\/li>\n<li><strong>Repetidas<\/strong> - Las infracciones repetidas se notan cuando un empleador ha sido citado por el mismo problema m\u00e1s de una vez en un per\u00edodo de cinco a\u00f1os.<\/li>\n<li><strong>Otras que no sean graves<\/strong> - Es probable que estas infracciones provoquen lesiones o enfermedades, pero no las que normalmente pueden causar la muerte o el desmembramiento f\u00edsico.<\/li>\n<\/ul>\n<h2>\u00bfQui\u00e9n es Responsable de las Infracciones de OSHA?<\/h2>\n<p>Si bien se espera que los empleados cumplan con todas y cada una de las regulaciones apropiadas de OSHA, en \u00faltima instancia, es responsabilidad del empleador asegurarse de que se sigan correctamente. El empleador debe asegurarse de que los lugares de trabajo sean seguros y libres de peligros o sustancias t\u00f3xicas, y de que se sigan las pol\u00edticas adecuadas de contenci\u00f3n y manipulaci\u00f3n. Si el empleador ve que un empleado no sigue las regulaciones necesarias y no act\u00faa de manera adecuada, entonces ese empleador podr\u00eda ser, en \u00faltima instancia, responsable de las lesiones que resulten de tales acciones.<\/p>\n<h2>Sanciones por Violar las Regulaciones de OSHA<\/h2>\n<p>Es posible que las infracciones menores no justifiquen una multa inmediata, sino que simplemente requieran una acci\u00f3n r\u00e1pida y adecuada para corregirlas. Las infracciones m\u00e1s graves pueden resultar en multas para el empleador, que a menudo aumentan debido a que no se corrigi\u00f3 una situaci\u00f3n o si el problema era particularmente grave. En algunos casos, cuando ocurren violaciones de OSHA, un empleador puede emprender acciones penales o civiles contra la empresa o el propietario de una empresa.<\/p>\n<h2>Negligencia del Empleador<\/h2>\n<p>Cuando va a trabajar, asume que su empleador est\u00e1 haciendo todo lo posible para mantenerlo seguro y saludable en el lugar de trabajo. A veces, sin embargo, eso no es cierto. La negligencia que ocurre durante la jornada laboral puede provocar <a href=\"\/es\/\">lesiones<\/a> leves como las que resultan de resbalones y <a href=\"\/es\/resbalones-tropiezos-y-caidas\/\">ca\u00eddas<\/a>, enfermedades graves que cambian la vida debido a la exposici\u00f3n a sustancias t\u00f3xicas o incluso la muerte. Adem\u00e1s de la protecci\u00f3n de compensaci\u00f3n laboral bajo la ley, cuando la negligencia de otra parte resulta en lesiones o muerte, bajo algunas circunstancias limitadas tambi\u00e9n se puede entablar una demanda civil contra algunas partes.<\/p>\n<h3>\u00bfQu\u00e9 es la Negligencia del Empleador?<\/h3>\n<p>La negligencia, en general, se refiere a situaciones en las que una persona es consciente de un peligro o situaci\u00f3n peligrosa y no act\u00faa de manera razonable para corregir o reparar esa situaci\u00f3n. Cuando dicha negligencia es directamente responsable de la lesi\u00f3n o enfermedad de otra persona, a veces existe una base para una demanda civil a fin de asegurarse de que esa persona sea responsable de sus acciones.<\/p>\n<p>La negligencia del empleador, por lo tanto, es cuando un empleador es consciente de que una situaci\u00f3n podr\u00eda causar una enfermedad o lesi\u00f3n a uno o m\u00e1s empleados, pero no act\u00faa correctamente para prevenirla. Esto puede incluir cosas como que un empleador vea que el equipo est\u00e1 da\u00f1ado o mal mantenido, empleadores que no capaciten adecuadamente a los empleados en el uso de <a href=\"\/es\/compensacion-de-trabajadores\/accidentes-de-maquinaria\/\">m\u00e1quinas<\/a> o sustancias peligrosas, o un empleador que permita que un empleado intoxicado o demasiado cansado opere maquinaria pesada.<\/p>\n<h3>Violaciones de OSHA y negligencia del empleador<\/h3>\n<p>Si bien la responsabilidad de la indemnizaci\u00f3n laboral no depende de una violaci\u00f3n de las reglas y normas de OSHA, hay situaciones en las que pueden superponerse. Por ejemplo, existen pol\u00edticas estrictas de OSHA con respecto a la contenci\u00f3n, manipulaci\u00f3n y capacitaci\u00f3n de los empleados con respecto a sustancias t\u00f3xicas y qu\u00edmicos. Si un empleador no capacita adecuadamente a un empleado y no proporciona el equipo de seguridad adecuado, esa falla puede ser una clara violaci\u00f3n de OSHA. En ese caso, la infracci\u00f3n tambi\u00e9n podr\u00eda describirse como negligencia del empleador, y un informe de un inspector de OSHA puede confirmar la existencia de dicha infracci\u00f3n.<\/p>\n<h2>Las Infracciones de OSHA son Graves<\/h2>\n<p><img decoding=\"async\" class=\"alignright wp-image-33419\" src=\"\/wp-content\/uploads\/2022\/02\/Abogados-de-Lesiones-por-Violacio\u0301n-de-OSHA-en-Chicago.jpg\" alt=\"Abogados de Lesiones por Violacio\u0301n de OSHA en Chicago\" width=\"400\" height=\"300\" srcset=\"https:\/\/chicagoinjurylawyer.net\/wp-content\/uploads\/2022\/02\/Abogados-de-Lesiones-por-Violacio\u0301n-de-OSHA-en-Chicago.jpg 1000w, https:\/\/chicagoinjurylawyer.net\/wp-content\/uploads\/2022\/02\/Abogados-de-Lesiones-por-Violacio\u0301n-de-OSHA-en-Chicago-300x225.jpg 300w, https:\/\/chicagoinjurylawyer.net\/wp-content\/uploads\/2022\/02\/Abogados-de-Lesiones-por-Violacio\u0301n-de-OSHA-en-Chicago-768x576.jpg 768w\" sizes=\"(max-width: 400px) 100vw, 400px\" \/>Si observa alguna infracci\u00f3n en su lugar de trabajo, notifique a un gerente o supervisor de inmediato para que se puedan tomar las medidas adecuadas para rectificar la situaci\u00f3n. Tales violaciones pueden resultar en lesiones graves, amputaciones e incluso la muerte. Si usted o un ser querido ha sufrido debido a una violaci\u00f3n de OSHA, llame hoy mismo a los abogados con experiencia en lesiones de Sexner Injury Lawyers LLC en Chicago al (312) 243-9922 para discutir su caso y hablar sobre sus opciones.<\/p>\n","protected":false},"excerpt":{"rendered":"<p>Abogados de Lesiones por Violaci\u00f3n de OSHA en Chicago La Asociaci\u00f3n de Salud y Seguridad Ocupacional (OSHA) establece reglas y pautas estrictas que gobiernan c\u00f3mo deben operar varios lugares de trabajo diferentes. El prop\u00f3sito de estas reglas es mantener a los trabajadores seguros y minimizar no solo las lesiones graves y las muertes, sino tambi\u00e9n [&hellip;]<\/p>\n","protected":false},"author":1,"featured_media":0,"parent":7790,"menu_order":0,"comment_status":"closed","ping_status":"closed","template":"","meta":{"_acf_changed":false,"footnotes":""},"class_list":["post-33094","page","type-page","status-publish","hentry"],"acf":[],"yoast_head":"<!-- This site is optimized with the Yoast SEO plugin v27.4 - https:\/\/yoast.com\/product\/yoast-seo-wordpress\/ -->\n<title>Violaci\u00f3nes de OSHA - Sexner Injury Lawyers LLC<\/title>\n<meta name=\"description\" content=\"Si observa alguna infracci\u00f3n en su lugar de trabajo, notifique a un gerente o supervisor de inmediato para que se puedan tomar las medidas adecuadas para rectificar la situaci\u00f3n.\" \/>\n<meta name=\"robots\" content=\"index, follow, max-snippet:-1, max-image-preview:large, max-video-preview:-1\" \/>\n<link rel=\"canonical\" href=\"https:\/\/chicagoinjurylawyer.net\/es\/compensacion-de-trabajadores\/violaciones-de-osha\/\" \/>\n<meta property=\"og:locale\" content=\"es_ES\" \/>\n<meta property=\"og:type\" content=\"article\" \/>\n<meta property=\"og:title\" content=\"Violaci\u00f3nes de OSHA - Sexner Injury Lawyers LLC\" \/>\n<meta property=\"og:description\" content=\"Si observa alguna infracci\u00f3n en su lugar de trabajo, notifique a un gerente o supervisor de inmediato para que se puedan tomar las medidas adecuadas para rectificar la situaci\u00f3n.\" \/>\n<meta property=\"og:url\" content=\"https:\/\/chicagoinjurylawyer.net\/es\/compensacion-de-trabajadores\/violaciones-de-osha\/\" \/>\n<meta property=\"og:site_name\" content=\"Sexner Injury Lawyers LLC\" \/>\n<meta property=\"article:modified_time\" content=\"2022-02-01T22:23:42+00:00\" \/>\n<meta property=\"og:image\" content=\"https:\/\/chicagoinjurylawyer.net\/wp-content\/uploads\/2022\/02\/Abogados-de-Lesiones-por-Violacio\u0301n-de-OSHA.jpg\" \/>\n<meta name=\"twitter:card\" content=\"summary_large_image\" \/>\n<meta name=\"twitter:label1\" content=\"Tiempo de lectura\" \/>\n\t<meta name=\"twitter:data1\" content=\"6 minutos\" \/>\n<!-- \/ Yoast SEO plugin. -->","yoast_head_json":{"title":"Violaci\u00f3nes de OSHA - Sexner Injury Lawyers LLC","description":"Si observa alguna infracci\u00f3n en su lugar de trabajo, notifique a un gerente o supervisor de inmediato para que se puedan tomar las medidas adecuadas para rectificar la situaci\u00f3n.","robots":{"index":"index","follow":"follow","max-snippet":"max-snippet:-1","max-image-preview":"max-image-preview:large","max-video-preview":"max-video-preview:-1"},"canonical":"https:\/\/chicagoinjurylawyer.net\/es\/compensacion-de-trabajadores\/violaciones-de-osha\/","og_locale":"es_ES","og_type":"article","og_title":"Violaci\u00f3nes de OSHA - Sexner Injury Lawyers LLC","og_description":"Si observa alguna infracci\u00f3n en su lugar de trabajo, notifique a un gerente o supervisor de inmediato para que se puedan tomar las medidas adecuadas para rectificar la situaci\u00f3n.","og_url":"https:\/\/chicagoinjurylawyer.net\/es\/compensacion-de-trabajadores\/violaciones-de-osha\/","og_site_name":"Sexner Injury Lawyers LLC","article_modified_time":"2022-02-01T22:23:42+00:00","og_image":[{"url":"https:\/\/chicagoinjurylawyer.net\/wp-content\/uploads\/2022\/02\/Abogados-de-Lesiones-por-Violacio\u0301n-de-OSHA.jpg","type":"","width":"","height":""}],"twitter_card":"summary_large_image","twitter_misc":{"Tiempo de lectura":"6 minutos"},"schema":{"@context":"https:\/\/schema.org","@graph":[{"@type":"WebPage","@id":"https:\/\/chicagoinjurylawyer.net\/es\/compensacion-de-trabajadores\/violaciones-de-osha\/","url":"https:\/\/chicagoinjurylawyer.net\/es\/compensacion-de-trabajadores\/violaciones-de-osha\/","name":"Violaci\u00f3nes de OSHA - Sexner Injury Lawyers LLC","isPartOf":{"@id":"https:\/\/chicagoinjurylawyer.net\/es\/#website"},"datePublished":"2022-01-11T23:00:16+00:00","dateModified":"2022-02-01T22:23:42+00:00","description":"Si observa alguna infracci\u00f3n en su lugar de trabajo, notifique a un gerente o supervisor de inmediato para que se puedan tomar las medidas adecuadas para rectificar la situaci\u00f3n.","breadcrumb":{"@id":"https:\/\/chicagoinjurylawyer.net\/es\/compensacion-de-trabajadores\/violaciones-de-osha\/#breadcrumb"},"inLanguage":"es","potentialAction":[{"@type":"ReadAction","target":["https:\/\/chicagoinjurylawyer.net\/es\/compensacion-de-trabajadores\/violaciones-de-osha\/"]}]},{"@type":"BreadcrumbList","@id":"https:\/\/chicagoinjurylawyer.net\/es\/compensacion-de-trabajadores\/violaciones-de-osha\/#breadcrumb","itemListElement":[{"@type":"ListItem","position":1,"name":"Compensaci\u00f3n De Trabajadores","item":"https:\/\/chicagoinjurylawyer.net\/es\/compensacion-de-trabajadores\/"},{"@type":"ListItem","position":2,"name":"Violaci\u00f3nes de OSHA"}]},{"@type":"WebSite","@id":"https:\/\/chicagoinjurylawyer.net\/es\/#website","url":"https:\/\/chicagoinjurylawyer.net\/es\/","name":"Sexner Injury Lawyers LLC","description":"Chicago Personal Injury Attorneys","publisher":{"@id":"https:\/\/chicagoinjurylawyer.net\/es\/#organization"},"potentialAction":[{"@type":"SearchAction","target":{"@type":"EntryPoint","urlTemplate":"https:\/\/chicagoinjurylawyer.net\/es\/?s={search_term_string}"},"query-input":{"@type":"PropertyValueSpecification","valueRequired":true,"valueName":"search_term_string"}}],"inLanguage":"es"},{"@type":"Organization","@id":"https:\/\/chicagoinjurylawyer.net\/es\/#organization","name":"[firm-name]","url":"https:\/\/chicagoinjurylawyer.net\/es\/","logo":{"@type":"ImageObject","inLanguage":"es","@id":"https:\/\/chicagoinjurylawyer.net\/es\/#\/schema\/logo\/image\/","url":"https:\/\/chicagoinjurylawyer.net\/wp-content\/uploads\/2019\/06\/msx-logo-1.png","contentUrl":"https:\/\/chicagoinjurylawyer.net\/wp-content\/uploads\/2019\/06\/msx-logo-1.png","width":180,"height":83,"caption":"[firm-name]"},"image":{"@id":"https:\/\/chicagoinjurylawyer.net\/es\/#\/schema\/logo\/image\/"}}]}},"_links":{"self":[{"href":"https:\/\/chicagoinjurylawyer.net\/es\/wp-json\/wp\/v2\/pages\/33094","targetHints":{"allow":["GET"]}}],"collection":[{"href":"https:\/\/chicagoinjurylawyer.net\/es\/wp-json\/wp\/v2\/pages"}],"about":[{"href":"https:\/\/chicagoinjurylawyer.net\/es\/wp-json\/wp\/v2\/types\/page"}],"author":[{"embeddable":true,"href":"https:\/\/chicagoinjurylawyer.net\/es\/wp-json\/wp\/v2\/users\/1"}],"replies":[{"embeddable":true,"href":"https:\/\/chicagoinjurylawyer.net\/es\/wp-json\/wp\/v2\/comments?post=33094"}],"version-history":[{"count":5,"href":"https:\/\/chicagoinjurylawyer.net\/es\/wp-json\/wp\/v2\/pages\/33094\/revisions"}],"predecessor-version":[{"id":33423,"href":"https:\/\/chicagoinjurylawyer.net\/es\/wp-json\/wp\/v2\/pages\/33094\/revisions\/33423"}],"up":[{"embeddable":true,"href":"https:\/\/chicagoinjurylawyer.net\/es\/wp-json\/wp\/v2\/pages\/7790"}],"wp:attachment":[{"href":"https:\/\/chicagoinjurylawyer.net\/es\/wp-json\/wp\/v2\/media?parent=33094"}],"curies":[{"name":"wp","href":"https:\/\/api.w.org\/{rel}","templated":true}]}}