{"id":33097,"date":"2022-01-11T17:04:35","date_gmt":"2022-01-11T23:04:35","guid":{"rendered":"https:\/\/pi-sexner.tseg.co\/?page_id=33097"},"modified":"2022-02-01T16:15:28","modified_gmt":"2022-02-01T22:15:28","slug":"accidentes-de-maquinaria","status":"publish","type":"page","link":"https:\/\/chicagoinjurylawyer.net\/es\/compensacion-de-trabajadores\/accidentes-de-maquinaria\/","title":{"rendered":"Accidentes de Maquinaria"},"content":{"rendered":"<h1>Abogado de Accidentes de Maquinaria en Chicago<\/h1>\n<h2>Representando a Los Heridos por M\u00e1quinas en el Lugar de Trabajo<\/h2>\n<p><img decoding=\"async\" class=\"alignright wp-image-33411\" src=\"\/wp-content\/uploads\/2022\/02\/Abogado-de-Accidentes-de-Maquinaria-en-Chicago.jpg\" alt=\"Abogado de Accidentes de Maquinaria en Chicago\" width=\"400\" height=\"267\" srcset=\"https:\/\/chicagoinjurylawyer.net\/wp-content\/uploads\/2022\/02\/Abogado-de-Accidentes-de-Maquinaria-en-Chicago.jpg 1000w, https:\/\/chicagoinjurylawyer.net\/wp-content\/uploads\/2022\/02\/Abogado-de-Accidentes-de-Maquinaria-en-Chicago-300x200.jpg 300w, https:\/\/chicagoinjurylawyer.net\/wp-content\/uploads\/2022\/02\/Abogado-de-Accidentes-de-Maquinaria-en-Chicago-768x512.jpg 768w\" sizes=\"(max-width: 400px) 100vw, 400px\" \/>Las m\u00e1quinas pueden ayudar a las empresas de Chicago a operar de forma m\u00e1s sencilla, r\u00e1pida e incluso m\u00e1s segura en muchas situaciones. Cuando se usa correctamente y se mantiene seg\u00fan sea necesario, incluso las m\u00e1quinas grandes pueden operarse en un entorno seguro libre de accidentes y <a href=\"\/es\/\">lesiones<\/a>. A veces, sin embargo, las lesiones pueden ocurrir como resultado de negligencia o simplemente por accidente. Cuando esto sucede, el costo para la familia y los seres queridos de una persona lesionada puede ser muy grave, no solo financieramente, sino tambi\u00e9n en t\u00e9rminos de confusi\u00f3n emocional, estr\u00e9s y ansiedad.<\/p>\n<p>Si usted o un ser querido ha resultado lesionado debido a un accidente de m\u00e1quina, no espere que todo salga bien. Comun\u00edquese con un <a href=\"\/es\/compensacion-de-trabajadores\/\">abogado de compensaci\u00f3n laboral<\/a> de Chicago de Sexner Injury Lawyers LLC para que lo ayude a comprender sus opciones y trabajar para proteger sus derechos. Ll\u00e1menos hoy al (312) 243-9922 para discutir su caso.<\/p>\n<h2>Mal Funcionamiento de la M\u00e1quina<\/h2>\n<p>Cuando una gran pieza de maquinaria falla, puede causar desde un inconveniente menor hasta una lesi\u00f3n grave o incluso <a href=\"\/es\/muerte-injusta\/\">la muerte<\/a>. Las piezas pesadas de maquinaria que se utilizan en la fabricaci\u00f3n y la construcci\u00f3n pueden causar lesiones graves por aplastamiento, <a href=\"\/es\/amputacion\/\">amputaciones<\/a> y laceraciones, que pueden provocar complicaciones, discapacidades y otras consecuencias de por vida. A veces, este tipo de aver\u00edas son puramente accidentales, sin que nadie sepa que suceder\u00eda. La compensaci\u00f3n de trabajadores debe cubrir tales accidentes, ya que la culpa y la responsabilidad no importan al presentar tal reclamo.<\/p>\n<p>En algunos casos, sin embargo, es posible que se evite una lesi\u00f3n grave o la muerte si alguien fuera consciente de la posibilidad de un mal funcionamiento y no actu\u00f3 de una manera razonable para prevenirlo o advertir a otros al respecto. Esto puede incluir a un empleador o compa\u00f1ero de trabajo que se da cuenta de un posible mal funcionamiento en el futuro, o que no sigue correctamente los procedimientos de mantenimiento y mantenimiento que provocan el mal funcionamiento. Cuando esto sucede, pueden ser responsables de los da\u00f1os en una demanda civil, lo que puede sumarse a la asistencia financiera de la compensaci\u00f3n para trabajadores.<\/p>\n<p>Tambi\u00e9n es posible que el fabricante de un equipo o maquinaria sea responsable de los da\u00f1os causados \u200b\u200bpor un mal funcionamiento. Esto puede ser muy dif\u00edcil de probar y requiere que la compa\u00f1\u00eda supiera que podr\u00eda ocurrir un mal funcionamiento y no actu\u00f3 razonablemente para prevenirlo o advertir a otros al respecto. Si sospecha que una lesi\u00f3n que usted o un ser querido sufri\u00f3 fue causada por la negligencia de otra persona, comun\u00edquese con un abogado con experiencia en lesiones personales para discutir su caso.<\/p>\n<h2>Accidentes de M\u00e1quinas Causados por Entornos de Trabajo Inseguros<\/h2>\n<p><img decoding=\"async\" class=\"alignright wp-image-33413\" src=\"\/wp-content\/uploads\/2022\/02\/Abogado-de-Accidentes-de-Maquinaria.jpg\" alt=\"Abogado de Accidentes de Maquinaria\" width=\"400\" height=\"267\" srcset=\"https:\/\/chicagoinjurylawyer.net\/wp-content\/uploads\/2022\/02\/Abogado-de-Accidentes-de-Maquinaria.jpg 1000w, https:\/\/chicagoinjurylawyer.net\/wp-content\/uploads\/2022\/02\/Abogado-de-Accidentes-de-Maquinaria-300x200.jpg 300w, https:\/\/chicagoinjurylawyer.net\/wp-content\/uploads\/2022\/02\/Abogado-de-Accidentes-de-Maquinaria-768x512.jpg 768w\" sizes=\"(max-width: 400px) 100vw, 400px\" \/>OSHA y otras organizaciones establecen reglas y mejores pr\u00e1cticas para una amplia variedad de lugares de trabajo para garantizar que sean lo m\u00e1s seguros posible para los trabajadores. Sin embargo, cuando se ignoran o violan estas pol\u00edticas, se puede crear un entorno de trabajo inseguro, que puede contribuir a una lesi\u00f3n o da\u00f1o causado por una pieza de maquinaria o equipo grande. Dicha negligencia no es necesaria para un reclamo de compensaci\u00f3n de trabajadores, pero puede ser motivo de una demanda civil.<\/p>\n<p>Los factores del entorno de trabajo inseguro que pueden causar un accidente de m\u00e1quina incluyen:<\/p>\n<ul>\n<li><strong>Mantenimiento inadecuado<\/strong> - Las m\u00e1quinas grandes normalmente necesitan un mantenimiento regular; Si no se realiza dicho mantenimiento, es posible que se produzcan accidentes y lesiones.<\/li>\n<li><strong>\u00c1reas peque\u00f1as u obstruidas<\/strong> - Las m\u00e1quinas generalmente necesitan una cierta cantidad de espacio para funcionar correctamente y permitir que los usuarios se mantengan a una distancia segura de ellas mientras est\u00e1n en uso.<\/li>\n<li><strong>Condiciones desordenadas o sucias<\/strong> - La falta de limpieza puede provocar incendios u otros accidentes, y las \u00e1reas desordenadas pueden provocar tropiezos y ca\u00eddas que pueden da\u00f1ar una m\u00e1quina o causar m\u00e1s lesiones.<\/li>\n<li><strong>Capacitaci\u00f3n inadecuada<\/strong> - Todas las personas en un lugar de trabajo que utilicen una m\u00e1quina grande deben recibir capacitaci\u00f3n adecuada sobre su uso seguro, y los equipos nuevos requieren capacitaci\u00f3n continua y adicional.<\/li>\n<\/ul>\n<p>La fabricaci\u00f3n y construcci\u00f3n en el \u00e1rea de Chicago a menudo implica el uso de m\u00e1quinas grandes y potencialmente peligrosas. Cuando se utilizan correctamente, estos equipos pueden hacer que un lugar de trabajo sea m\u00e1s eficiente y productivo. Sin embargo, si ocurre un accidente, la parte lesionada puede reclamar una indemnizaci\u00f3n por accidentes de trabajo y posiblemente incluso presentar una demanda civil.<\/p>\n<p>Si usted o alguien que conoce ha resultado lesionado debido a maquinaria peligrosa, comun\u00edquese hoy mismo con los abogados de accidentes de m\u00e1quinas en Chicago de Sexner Injury Lawyers LLC. Ll\u00e1menos al (312) 243-9922 para hablar sobre su caso y analizar sus opciones.<\/p>\n","protected":false},"excerpt":{"rendered":"<p>Abogado de Accidentes de Maquinaria en Chicago Representando a Los Heridos por M\u00e1quinas en el Lugar de Trabajo Las m\u00e1quinas pueden ayudar a las empresas de Chicago a operar de forma m\u00e1s sencilla, r\u00e1pida e incluso m\u00e1s segura en muchas situaciones. Cuando se usa correctamente y se mantiene seg\u00fan sea necesario, incluso las m\u00e1quinas grandes [&hellip;]<\/p>\n","protected":false},"author":1,"featured_media":0,"parent":7790,"menu_order":0,"comment_status":"closed","ping_status":"closed","template":"","meta":{"_acf_changed":false,"footnotes":""},"class_list":["post-33097","page","type-page","status-publish","hentry"],"acf":[],"yoast_head":"<!-- This site is optimized with the Yoast SEO plugin v27.4 - https:\/\/yoast.com\/product\/yoast-seo-wordpress\/ -->\n<title>Abogado de Accidentes de Maquinaria en Chicago - Sexner Injury Lawyers LLC<\/title>\n<meta name=\"description\" content=\"Si usted o alguien que conoce ha resultado lesionado debido a maquinaria peligrosa, comun\u00edquese hoy mismo con los abogados de accidentes de m\u00e1quinas en Chicago de Sexner Injury Lawyers LLC.\" \/>\n<meta name=\"robots\" content=\"index, follow, max-snippet:-1, max-image-preview:large, max-video-preview:-1\" \/>\n<link rel=\"canonical\" href=\"https:\/\/chicagoinjurylawyer.net\/es\/compensacion-de-trabajadores\/accidentes-de-maquinaria\/\" \/>\n<meta property=\"og:locale\" content=\"es_ES\" \/>\n<meta property=\"og:type\" content=\"article\" \/>\n<meta property=\"og:title\" content=\"Abogado de Accidentes de Maquinaria en Chicago - Sexner Injury Lawyers LLC\" \/>\n<meta property=\"og:description\" content=\"Si usted o alguien que conoce ha resultado lesionado debido a maquinaria peligrosa, comun\u00edquese hoy mismo con los abogados de accidentes de m\u00e1quinas en Chicago de Sexner Injury Lawyers LLC.\" \/>\n<meta property=\"og:url\" content=\"https:\/\/chicagoinjurylawyer.net\/es\/compensacion-de-trabajadores\/accidentes-de-maquinaria\/\" \/>\n<meta property=\"og:site_name\" content=\"Sexner Injury Lawyers LLC\" \/>\n<meta property=\"article:modified_time\" content=\"2022-02-01T22:15:28+00:00\" \/>\n<meta property=\"og:image\" content=\"https:\/\/chicagoinjurylawyer.net\/wp-content\/uploads\/2022\/02\/Abogado-de-Accidentes-de-Maquinaria-en-Chicago.jpg\" \/>\n<meta name=\"twitter:card\" content=\"summary_large_image\" \/>\n<meta name=\"twitter:label1\" content=\"Tiempo de lectura\" \/>\n\t<meta name=\"twitter:data1\" content=\"4 minutos\" \/>\n<!-- \/ Yoast SEO plugin. -->","yoast_head_json":{"title":"Abogado de Accidentes de Maquinaria en Chicago - Sexner Injury Lawyers LLC","description":"Si usted o alguien que conoce ha resultado lesionado debido a maquinaria peligrosa, comun\u00edquese hoy mismo con los abogados de accidentes de m\u00e1quinas en Chicago de Sexner Injury Lawyers LLC.","robots":{"index":"index","follow":"follow","max-snippet":"max-snippet:-1","max-image-preview":"max-image-preview:large","max-video-preview":"max-video-preview:-1"},"canonical":"https:\/\/chicagoinjurylawyer.net\/es\/compensacion-de-trabajadores\/accidentes-de-maquinaria\/","og_locale":"es_ES","og_type":"article","og_title":"Abogado de Accidentes de Maquinaria en Chicago - Sexner Injury Lawyers LLC","og_description":"Si usted o alguien que conoce ha resultado lesionado debido a maquinaria peligrosa, comun\u00edquese hoy mismo con los abogados de accidentes de m\u00e1quinas en Chicago de Sexner Injury Lawyers LLC.","og_url":"https:\/\/chicagoinjurylawyer.net\/es\/compensacion-de-trabajadores\/accidentes-de-maquinaria\/","og_site_name":"Sexner Injury Lawyers LLC","article_modified_time":"2022-02-01T22:15:28+00:00","og_image":[{"url":"https:\/\/chicagoinjurylawyer.net\/wp-content\/uploads\/2022\/02\/Abogado-de-Accidentes-de-Maquinaria-en-Chicago.jpg","type":"","width":"","height":""}],"twitter_card":"summary_large_image","twitter_misc":{"Tiempo de lectura":"4 minutos"},"schema":{"@context":"https:\/\/schema.org","@graph":[{"@type":"WebPage","@id":"https:\/\/chicagoinjurylawyer.net\/es\/compensacion-de-trabajadores\/accidentes-de-maquinaria\/","url":"https:\/\/chicagoinjurylawyer.net\/es\/compensacion-de-trabajadores\/accidentes-de-maquinaria\/","name":"Abogado de Accidentes de Maquinaria en Chicago - Sexner Injury Lawyers LLC","isPartOf":{"@id":"https:\/\/chicagoinjurylawyer.net\/es\/#website"},"datePublished":"2022-01-11T23:04:35+00:00","dateModified":"2022-02-01T22:15:28+00:00","description":"Si usted o alguien que conoce ha resultado lesionado debido a maquinaria peligrosa, comun\u00edquese hoy mismo con los abogados de accidentes de m\u00e1quinas en Chicago de [firm-name].","breadcrumb":{"@id":"https:\/\/chicagoinjurylawyer.net\/es\/compensacion-de-trabajadores\/accidentes-de-maquinaria\/#breadcrumb"},"inLanguage":"es","potentialAction":[{"@type":"ReadAction","target":["https:\/\/chicagoinjurylawyer.net\/es\/compensacion-de-trabajadores\/accidentes-de-maquinaria\/"]}]},{"@type":"BreadcrumbList","@id":"https:\/\/chicagoinjurylawyer.net\/es\/compensacion-de-trabajadores\/accidentes-de-maquinaria\/#breadcrumb","itemListElement":[{"@type":"ListItem","position":1,"name":"Compensaci\u00f3n De Trabajadores","item":"https:\/\/chicagoinjurylawyer.net\/es\/compensacion-de-trabajadores\/"},{"@type":"ListItem","position":2,"name":"Accidentes de Maquinaria"}]},{"@type":"WebSite","@id":"https:\/\/chicagoinjurylawyer.net\/es\/#website","url":"https:\/\/chicagoinjurylawyer.net\/es\/","name":"Sexner Injury Lawyers LLC","description":"Chicago Personal Injury Attorneys","publisher":{"@id":"https:\/\/chicagoinjurylawyer.net\/es\/#organization"},"potentialAction":[{"@type":"SearchAction","target":{"@type":"EntryPoint","urlTemplate":"https:\/\/chicagoinjurylawyer.net\/es\/?s={search_term_string}"},"query-input":{"@type":"PropertyValueSpecification","valueRequired":true,"valueName":"search_term_string"}}],"inLanguage":"es"},{"@type":"Organization","@id":"https:\/\/chicagoinjurylawyer.net\/es\/#organization","name":"[firm-name]","url":"https:\/\/chicagoinjurylawyer.net\/es\/","logo":{"@type":"ImageObject","inLanguage":"es","@id":"https:\/\/chicagoinjurylawyer.net\/es\/#\/schema\/logo\/image\/","url":"https:\/\/chicagoinjurylawyer.net\/wp-content\/uploads\/2019\/06\/msx-logo-1.png","contentUrl":"https:\/\/chicagoinjurylawyer.net\/wp-content\/uploads\/2019\/06\/msx-logo-1.png","width":180,"height":83,"caption":"[firm-name]"},"image":{"@id":"https:\/\/chicagoinjurylawyer.net\/es\/#\/schema\/logo\/image\/"}}]}},"_links":{"self":[{"href":"https:\/\/chicagoinjurylawyer.net\/es\/wp-json\/wp\/v2\/pages\/33097","targetHints":{"allow":["GET"]}}],"collection":[{"href":"https:\/\/chicagoinjurylawyer.net\/es\/wp-json\/wp\/v2\/pages"}],"about":[{"href":"https:\/\/chicagoinjurylawyer.net\/es\/wp-json\/wp\/v2\/types\/page"}],"author":[{"embeddable":true,"href":"https:\/\/chicagoinjurylawyer.net\/es\/wp-json\/wp\/v2\/users\/1"}],"replies":[{"embeddable":true,"href":"https:\/\/chicagoinjurylawyer.net\/es\/wp-json\/wp\/v2\/comments?post=33097"}],"version-history":[{"count":3,"href":"https:\/\/chicagoinjurylawyer.net\/es\/wp-json\/wp\/v2\/pages\/33097\/revisions"}],"predecessor-version":[{"id":33416,"href":"https:\/\/chicagoinjurylawyer.net\/es\/wp-json\/wp\/v2\/pages\/33097\/revisions\/33416"}],"up":[{"embeddable":true,"href":"https:\/\/chicagoinjurylawyer.net\/es\/wp-json\/wp\/v2\/pages\/7790"}],"wp:attachment":[{"href":"https:\/\/chicagoinjurylawyer.net\/es\/wp-json\/wp\/v2\/media?parent=33097"}],"curies":[{"name":"wp","href":"https:\/\/api.w.org\/{rel}","templated":true}]}}