{"id":33105,"date":"2022-01-12T14:27:28","date_gmt":"2022-01-12T20:27:28","guid":{"rendered":"https:\/\/pi-sexner.tseg.co\/?page_id=33105"},"modified":"2022-02-02T12:51:18","modified_gmt":"2022-02-02T18:51:18","slug":"craneosinostosis","status":"publish","type":"page","link":"https:\/\/chicagoinjurylawyer.net\/es\/defectos-de-nacimiento\/craneosinostosis\/","title":{"rendered":"Craneosinostosis"},"content":{"rendered":"<h1>Abogados de Craneosinostosis en Chicago<\/h1>\n<p><img decoding=\"async\" class=\"alignright wp-image-33223\" src=\"\/wp-content\/uploads\/2022\/01\/Abogados-de-Defectos-de-Nacimiento-por-Hipospadias-en-Chicago.jpg\" alt=\"Abogados de Defectos de Nacimiento por Hipospadias en Chicago\" width=\"400\" height=\"235\" srcset=\"https:\/\/chicagoinjurylawyer.net\/wp-content\/uploads\/2022\/01\/Abogados-de-Defectos-de-Nacimiento-por-Hipospadias-en-Chicago.jpg 1000w, https:\/\/chicagoinjurylawyer.net\/wp-content\/uploads\/2022\/01\/Abogados-de-Defectos-de-Nacimiento-por-Hipospadias-en-Chicago-300x176.jpg 300w, https:\/\/chicagoinjurylawyer.net\/wp-content\/uploads\/2022\/01\/Abogados-de-Defectos-de-Nacimiento-por-Hipospadias-en-Chicago-768x451.jpg 768w\" sizes=\"(max-width: 400px) 100vw, 400px\" \/>En un beb\u00e9 que se desarrolla normalmente, los huesos del cr\u00e1neo no se fusionan hasta aproximadamente los dos a\u00f1os. Entre los huesos (suturas craneales) hay un material flexible que permite que el cerebro crezca sin restricciones. Pero un defecto cong\u00e9nito llamado craneosinostosis hace que las suturas se fusionen prematuramente, lo que aumenta la presi\u00f3n y hace que el crecimiento del cerebro del beb\u00e9 se ralentice o limite. Cuando los espacios entre los huesos \"se cierran\" y el cerebro contin\u00faa expandi\u00e9ndose, el resultado suele ser un cr\u00e1neo deformado. Algunos casos de craneosinostosis est\u00e1n relacionados con el uso por parte de la madre de medicamentos ISRS (inhibidores selectivos de la recaptaci\u00f3n de serotonina), que a veces los m\u00e9dicos los recetan durante el embarazo.<\/p>\n<p>Si su hijo naci\u00f3 con craneosinostosis, los abogados de defectos cong\u00e9nitos de Sexner Injury Lawyers LLC en Chicago pueden ayudarlo a obtener la compensaci\u00f3n que necesita para pagar el costoso tratamiento m\u00e9dico y los dispositivos que su hijo necesitar\u00e1 como resultado de esta afecci\u00f3n. Llame al (312) 243-9922.<\/p>\n<h2>Tipos de Craneosinostosis<\/h2>\n<ul>\n<li>Escafocefalia (sinostitis sagital): el tipo m\u00e1s com\u00fan, implica una fusi\u00f3n prematura de la sutura en la parte superior de la cabeza de un beb\u00e9.<\/li>\n<li>Braquicefalia (sinostotis bicoronal): ocurre cuando ambas suturas coronales se fusionan prematuramente.<\/li>\n<li>Plagiocefalia anterior (sinostosis coronal): ocurre cuando una de las suturas coronales se fusiona prematuramente.<\/li>\n<li>Plagiocefalia posterior (sinostosis lambdoidea): ocurre cuando la sutura lambdoidea se cierra prematuramente.<\/li>\n<li>Trigonocefalia (sinostosis met\u00f3pica): fusi\u00f3n prematura de la sutura met\u00f3pica.<\/li>\n<\/ul>\n<h2>Signos de Craneosinostosis<\/h2>\n<ul>\n<li>Presi\u00f3n intracraneal (aumento de la presi\u00f3n dentro del cr\u00e1neo)<\/li>\n<li>Un cr\u00e1neo deforme<\/li>\n<li>Desaparici\u00f3n del \"punto blando\" conocido como fontanela<\/li>\n<li>Falta de crecimiento del cr\u00e1neo a medida que el beb\u00e9 crece<\/li>\n<li>Crestas duras y elevadas a lo largo de las suturas afectadas<\/li>\n<\/ul>\n<h2>Reclamaciones por Negligencia M\u00e9dica por Craneosinostosis<\/h2>\n<p>Hay una serie de medicamentos y f\u00e1rmacos que, cuando se toman durante el embarazo (y especialmente durante el primer trimestre), se han relacionado estrechamente con muchos defectos de nacimiento cong\u00e9nitos, incluida la craneosinostosis. Es responsabilidad m\u00e9dica y legal del m\u00e9dico ayudar a guiar a una futura madre durante su embarazo, ya que la mayor\u00eda no tiene idea de qu\u00e9 medicamentos son seguros y cu\u00e1les no. Cuando un m\u00e9dico falla en este sentido y, como resultado, se produce una <a href=\"\/es\/negligencia-medica\/lesiones-de-nacimiento\/\">lesi\u00f3n de nacimiento<\/a>, es posible que se haya producido una <a href=\"\/es\/negligencia-medica\/\">negligencia m\u00e9dica<\/a>.<\/p>\n<p>En otros casos, es posible que el m\u00e9dico no haya tenido ning\u00fan papel en el desarrollo de este defecto, pero puede haber sido <a href=\"\/es\/negligencia-medica\/diagnostico-erroneo\/\">negligente al diagnosticar<\/a> o tratar la anomal\u00eda. Tales fallas son igualmente graves en la mayor\u00eda de los casos. Cuando se trata de craneosinostosis, el tratamiento adecuado y la intervenci\u00f3n quir\u00fargica son incre\u00edblemente importantes despu\u00e9s del nacimiento. Cuando el cerebro no tiene espacio para crecer, puede ocurrir ceguera, retraso mental o m\u00e1s <a href=\"\/es\/lesiones-cerebrales-traumaticas\/\">da\u00f1o cerebral<\/a>. El tiempo es esencial y, para evitar m\u00e1s da\u00f1os, se debe tratar al beb\u00e9 lo antes posible despu\u00e9s del diagn\u00f3stico. Las fallas m\u00e9dicas al hacerlo tambi\u00e9n se consideran negligencia m\u00e9dica y pueden permitir que una familia demande al m\u00e9dico, al hospital o al personal de enfermer\u00eda.<\/p>\n<h2>Comun\u00edquese con los Abogados de Craneosinostosis de Chicago en Sexner Injury Lawyers LLC<\/h2>\n<p>Aunque la causa de la mayor\u00eda de los defectos de nacimiento cong\u00e9nitos no se puede determinar f\u00e1cilmente, en ciertos casos la afecci\u00f3n puede ser el resultado de una atenci\u00f3n prenatal inadecuada o una falla en el diagn\u00f3stico adecuado o el tratamiento oportuno de la craneosinostosis. Pero no es necesario preguntarse si el error de un m\u00e9dico contribuy\u00f3 a la <a href=\"\/es\/\">lesi\u00f3n<\/a> de su beb\u00e9. Comun\u00edquese con un abogado especializado en defectos de nacimiento en Chicago de Sexner Injury Lawyers LLC en cualquier momento del d\u00eda para obtener informaci\u00f3n gratuita. Podemos examinar sus registros m\u00e9dicos de forma gratuita para determinar si ocurri\u00f3 una negligencia. Ll\u00e1manos ahora sin compromiso al (312) 243-9922.<\/p>\n","protected":false},"excerpt":{"rendered":"<p>Abogados de Craneosinostosis en Chicago En un beb\u00e9 que se desarrolla normalmente, los huesos del cr\u00e1neo no se fusionan hasta aproximadamente los dos a\u00f1os. Entre los huesos (suturas craneales) hay un material flexible que permite que el cerebro crezca sin restricciones. Pero un defecto cong\u00e9nito llamado craneosinostosis hace que las suturas se fusionen prematuramente, lo [&hellip;]<\/p>\n","protected":false},"author":1,"featured_media":0,"parent":33110,"menu_order":0,"comment_status":"closed","ping_status":"closed","template":"","meta":{"_acf_changed":false,"footnotes":""},"class_list":["post-33105","page","type-page","status-publish","hentry"],"acf":[],"yoast_head":"<!-- This site is optimized with the Yoast SEO plugin v27.4 - https:\/\/yoast.com\/product\/yoast-seo-wordpress\/ -->\n<title>Abogados de Craneosinostosis en Chicago - Sexner Injury Lawyers LLC<\/title>\n<meta name=\"description\" content=\"Si su hijo naci\u00f3 con craneosinostosis, los abogados de defectos cong\u00e9nitos de Sexner Injury Lawyers LLC en Chicago pueden ayudarlo a obtener la compensaci\u00f3n que necesita para pagar el costoso tratamiento m\u00e9dico y los dispositivos que su hijo necesitar\u00e1 como resultado de esta afecci\u00f3n.\" \/>\n<meta name=\"robots\" content=\"index, follow, max-snippet:-1, max-image-preview:large, max-video-preview:-1\" \/>\n<link rel=\"canonical\" href=\"https:\/\/chicagoinjurylawyer.net\/es\/defectos-de-nacimiento\/craneosinostosis\/\" \/>\n<meta property=\"og:locale\" content=\"es_ES\" \/>\n<meta property=\"og:type\" content=\"article\" \/>\n<meta property=\"og:title\" content=\"Abogados de Craneosinostosis en Chicago - Sexner Injury Lawyers LLC\" \/>\n<meta property=\"og:description\" content=\"Si su hijo naci\u00f3 con craneosinostosis, los abogados de defectos cong\u00e9nitos de Sexner Injury Lawyers LLC en Chicago pueden ayudarlo a obtener la compensaci\u00f3n que necesita para pagar el costoso tratamiento m\u00e9dico y los dispositivos que su hijo necesitar\u00e1 como resultado de esta afecci\u00f3n.\" \/>\n<meta property=\"og:url\" content=\"https:\/\/chicagoinjurylawyer.net\/es\/defectos-de-nacimiento\/craneosinostosis\/\" \/>\n<meta property=\"og:site_name\" content=\"Sexner Injury Lawyers LLC\" \/>\n<meta property=\"article:modified_time\" content=\"2022-02-02T18:51:18+00:00\" \/>\n<meta property=\"og:image\" content=\"https:\/\/chicagoinjurylawyer.net\/wp-content\/uploads\/2022\/01\/Abogados-de-Defectos-de-Nacimiento-por-Hipospadias-en-Chicago.jpg\" \/>\n<meta name=\"twitter:card\" content=\"summary_large_image\" \/>\n<meta name=\"twitter:label1\" content=\"Tiempo de lectura\" \/>\n\t<meta name=\"twitter:data1\" content=\"3 minutos\" \/>\n<!-- \/ Yoast SEO plugin. -->","yoast_head_json":{"title":"Abogados de Craneosinostosis en Chicago - Sexner Injury Lawyers LLC","description":"Si su hijo naci\u00f3 con craneosinostosis, los abogados de defectos cong\u00e9nitos de Sexner Injury Lawyers LLC en Chicago pueden ayudarlo a obtener la compensaci\u00f3n que necesita para pagar el costoso tratamiento m\u00e9dico y los dispositivos que su hijo necesitar\u00e1 como resultado de esta afecci\u00f3n.","robots":{"index":"index","follow":"follow","max-snippet":"max-snippet:-1","max-image-preview":"max-image-preview:large","max-video-preview":"max-video-preview:-1"},"canonical":"https:\/\/chicagoinjurylawyer.net\/es\/defectos-de-nacimiento\/craneosinostosis\/","og_locale":"es_ES","og_type":"article","og_title":"Abogados de Craneosinostosis en Chicago - Sexner Injury Lawyers LLC","og_description":"Si su hijo naci\u00f3 con craneosinostosis, los abogados de defectos cong\u00e9nitos de Sexner Injury Lawyers LLC en Chicago pueden ayudarlo a obtener la compensaci\u00f3n que necesita para pagar el costoso tratamiento m\u00e9dico y los dispositivos que su hijo necesitar\u00e1 como resultado de esta afecci\u00f3n.","og_url":"https:\/\/chicagoinjurylawyer.net\/es\/defectos-de-nacimiento\/craneosinostosis\/","og_site_name":"Sexner Injury Lawyers LLC","article_modified_time":"2022-02-02T18:51:18+00:00","og_image":[{"url":"https:\/\/chicagoinjurylawyer.net\/wp-content\/uploads\/2022\/01\/Abogados-de-Defectos-de-Nacimiento-por-Hipospadias-en-Chicago.jpg","type":"","width":"","height":""}],"twitter_card":"summary_large_image","twitter_misc":{"Tiempo de lectura":"3 minutos"},"schema":{"@context":"https:\/\/schema.org","@graph":[{"@type":"WebPage","@id":"https:\/\/chicagoinjurylawyer.net\/es\/defectos-de-nacimiento\/craneosinostosis\/","url":"https:\/\/chicagoinjurylawyer.net\/es\/defectos-de-nacimiento\/craneosinostosis\/","name":"Abogados de Craneosinostosis en Chicago - Sexner Injury Lawyers LLC","isPartOf":{"@id":"https:\/\/chicagoinjurylawyer.net\/es\/#website"},"datePublished":"2022-01-12T20:27:28+00:00","dateModified":"2022-02-02T18:51:18+00:00","description":"Si su hijo naci\u00f3 con craneosinostosis, los abogados de defectos cong\u00e9nitos de [firm-name] en Chicago pueden ayudarlo a obtener la compensaci\u00f3n que necesita para pagar el costoso tratamiento m\u00e9dico y los dispositivos que su hijo necesitar\u00e1 como resultado de esta afecci\u00f3n.","breadcrumb":{"@id":"https:\/\/chicagoinjurylawyer.net\/es\/defectos-de-nacimiento\/craneosinostosis\/#breadcrumb"},"inLanguage":"es","potentialAction":[{"@type":"ReadAction","target":["https:\/\/chicagoinjurylawyer.net\/es\/defectos-de-nacimiento\/craneosinostosis\/"]}]},{"@type":"BreadcrumbList","@id":"https:\/\/chicagoinjurylawyer.net\/es\/defectos-de-nacimiento\/craneosinostosis\/#breadcrumb","itemListElement":[{"@type":"ListItem","position":1,"name":"Negligencia M\u00e9dica","item":"https:\/\/chicagoinjurylawyer.net\/es\/negligencia-medica\/"},{"@type":"ListItem","position":2,"name":"Defectos de Nacimiento","item":"https:\/\/chicagoinjurylawyer.net\/es\/negligencia-medica\/defectos-de-nacimiento\/"},{"@type":"ListItem","position":3,"name":"Craneosinostosis"}]},{"@type":"WebSite","@id":"https:\/\/chicagoinjurylawyer.net\/es\/#website","url":"https:\/\/chicagoinjurylawyer.net\/es\/","name":"Sexner Injury Lawyers LLC","description":"Chicago Personal Injury Attorneys","publisher":{"@id":"https:\/\/chicagoinjurylawyer.net\/es\/#organization"},"potentialAction":[{"@type":"SearchAction","target":{"@type":"EntryPoint","urlTemplate":"https:\/\/chicagoinjurylawyer.net\/es\/?s={search_term_string}"},"query-input":{"@type":"PropertyValueSpecification","valueRequired":true,"valueName":"search_term_string"}}],"inLanguage":"es"},{"@type":"Organization","@id":"https:\/\/chicagoinjurylawyer.net\/es\/#organization","name":"[firm-name]","url":"https:\/\/chicagoinjurylawyer.net\/es\/","logo":{"@type":"ImageObject","inLanguage":"es","@id":"https:\/\/chicagoinjurylawyer.net\/es\/#\/schema\/logo\/image\/","url":"https:\/\/chicagoinjurylawyer.net\/wp-content\/uploads\/2019\/06\/msx-logo-1.png","contentUrl":"https:\/\/chicagoinjurylawyer.net\/wp-content\/uploads\/2019\/06\/msx-logo-1.png","width":180,"height":83,"caption":"[firm-name]"},"image":{"@id":"https:\/\/chicagoinjurylawyer.net\/es\/#\/schema\/logo\/image\/"}}]}},"_links":{"self":[{"href":"https:\/\/chicagoinjurylawyer.net\/es\/wp-json\/wp\/v2\/pages\/33105","targetHints":{"allow":["GET"]}}],"collection":[{"href":"https:\/\/chicagoinjurylawyer.net\/es\/wp-json\/wp\/v2\/pages"}],"about":[{"href":"https:\/\/chicagoinjurylawyer.net\/es\/wp-json\/wp\/v2\/types\/page"}],"author":[{"embeddable":true,"href":"https:\/\/chicagoinjurylawyer.net\/es\/wp-json\/wp\/v2\/users\/1"}],"replies":[{"embeddable":true,"href":"https:\/\/chicagoinjurylawyer.net\/es\/wp-json\/wp\/v2\/comments?post=33105"}],"version-history":[{"count":3,"href":"https:\/\/chicagoinjurylawyer.net\/es\/wp-json\/wp\/v2\/pages\/33105\/revisions"}],"predecessor-version":[{"id":33478,"href":"https:\/\/chicagoinjurylawyer.net\/es\/wp-json\/wp\/v2\/pages\/33105\/revisions\/33478"}],"up":[{"embeddable":true,"href":"https:\/\/chicagoinjurylawyer.net\/es\/wp-json\/wp\/v2\/pages\/33110"}],"wp:attachment":[{"href":"https:\/\/chicagoinjurylawyer.net\/es\/wp-json\/wp\/v2\/media?parent=33105"}],"curies":[{"name":"wp","href":"https:\/\/api.w.org\/{rel}","templated":true}]}}