{"id":33110,"date":"2022-01-12T14:36:48","date_gmt":"2022-01-12T20:36:48","guid":{"rendered":"https:\/\/pi-sexner.tseg.co\/?page_id=33110"},"modified":"2022-02-02T11:18:15","modified_gmt":"2022-02-02T17:18:15","slug":"defectos-de-nacimiento","status":"publish","type":"page","link":"https:\/\/chicagoinjurylawyer.net\/es\/defectos-de-nacimiento\/","title":{"rendered":"Defectos de Nacimiento"},"content":{"rendered":"<h1>Abogados de Defectos de Nacimiento en Chicago<\/h1>\n<p><img decoding=\"async\" class=\"alignright wp-image-33450\" src=\"\/wp-content\/uploads\/2022\/02\/Abogados-de-Defectos-de-Nacimiento.jpg\" alt=\"Abogados de Defectos de Nacimiento\" width=\"400\" height=\"267\" srcset=\"https:\/\/chicagoinjurylawyer.net\/wp-content\/uploads\/2022\/02\/Abogados-de-Defectos-de-Nacimiento.jpg 1000w, https:\/\/chicagoinjurylawyer.net\/wp-content\/uploads\/2022\/02\/Abogados-de-Defectos-de-Nacimiento-300x200.jpg 300w, https:\/\/chicagoinjurylawyer.net\/wp-content\/uploads\/2022\/02\/Abogados-de-Defectos-de-Nacimiento-768x512.jpg 768w\" sizes=\"(max-width: 400px) 100vw, 400px\" \/>Confiamos en que los profesionales m\u00e9dicos tratar\u00e1n adecuadamente nuestras afecciones y responder\u00e1n de manera adecuada a las emergencias m\u00e9dicas. Sin embargo, dado que los m\u00e9dicos y otros proveedores m\u00e9dicos son humanos, esto puede significar errores potencialmente graves. Cuando las personas piensan en estos <a href=\"\/es\/negligencia-medica\/errores-quirurgicos\/\">errores m\u00e9dicos<\/a>, a menudo piensan en errores quir\u00fargicos. Si bien es cierto que la mayor\u00eda de las negligencias m\u00e9dicas entran en la categor\u00eda quir\u00fargica, los errores m\u00e9dicos pueden ocurrir de muchas formas diferentes. Esto incluye errores que ocurren antes del nacimiento y durante el embarazo. Un abogado con experiencia en defectos de nacimiento en Chicago puede investigar si un defecto de nacimiento o una lesi\u00f3n es el resultado de un error m\u00e9dico.<\/p>\n<p>La negligencia m\u00e9dica relacionada con los defectos de nacimiento adopta varias formas. Es posible que a una madre se le haya recetado un medicamento espec\u00edfico por negligencia durante el embarazo, sin saber que podr\u00eda da\u00f1ar a su beb\u00e9. Es posible que un m\u00e9dico no haya realizado correctamente una ecograf\u00eda u otra prueba de diagn\u00f3stico. Siempre que un m\u00e9dico, especialista, anestesi\u00f3logo u otro profesional m\u00e9dico no act\u00fae de acuerdo con lo que se considera el \"est\u00e1ndar m\u00e9dico aceptado de atenci\u00f3n\" y se produzcan da\u00f1os, una demanda o reclamo por lesiones de nacimiento puede ser el mejor curso de acci\u00f3n.<\/p>\n<p>Comun\u00edquese con Sexner Injury Lawyers LLC ahora al (312) 243-9922 para una evaluaci\u00f3n gratuita de su caso.<\/p>\n<h2>Por Qu\u00e9 Deber\u00eda Presentar una Reclamaci\u00f3n por Defectos de Nacimiento<\/h2>\n<p>La existencia de un defecto cong\u00e9nito es un hecho desgarrador para todos los involucrados. Es aterrador y abrumador incluso para la familia m\u00e1s firme. Adem\u00e1s del costo emocional, el tratamiento de la mayor\u00eda de los defectos de nacimiento implica cuidados de por vida y, a veces, muchas cirug\u00edas. Sin embargo, recibir una excelente asistencia m\u00e9dica nunca es gratis y puede costar muchos millones de d\u00f3lares durante la vida de su hijo. \u00bfQui\u00e9n debe asumir estos costos? \u00bfDeber\u00eda ser la familia o los profesionales m\u00e9dicos cuya negligencia pudo haber contribuido al defecto de nacimiento?<\/p>\n<p>La respuesta es obvia. Si se puede establecer que un m\u00e9dico o un hospital eran de alguna manera legalmente responsables, este peso econ\u00f3mico no deber\u00eda ser una carga para la familia. Para determinar si se puede responsabilizar a los proveedores m\u00e9dicos, es necesario que abogados con conocimientos en defectos de nacimiento en Chicago no lleven a cabo una investigaci\u00f3n.<\/p>\n<p>Los abogados experimentados, como el equipo de Sexner Injury Lawyers LLC, generalmente ofrecer\u00e1n este servicio de forma gratuita y examinar\u00e1n cuidadosamente los registros de nacimiento disponibles para tomar una determinaci\u00f3n. Entonces, si una demanda parece ser la opci\u00f3n correcta, nunca se cobrar\u00e1n honorarios a la familia a menos que logremos recuperar una compensaci\u00f3n financiera.<\/p>\n<h2>\u00bfC\u00f3mo Funcionan las Reclamaciones por Defectos de Nacimiento en Illinois?<\/h2>\n<p>Illinois tiene estatutos de limitaci\u00f3n (l\u00edmites de tiempo) que se aplican a los casos de defectos de nacimiento. Si est\u00e1 presentando un caso de negligencia m\u00e9dica por un defecto cong\u00e9nito, debe presentarse dentro de un cierto per\u00edodo de tiempo desde el momento en que ocurri\u00f3 la lesi\u00f3n o desde la fecha en que se descubri\u00f3 la lesi\u00f3n, si el diagn\u00f3stico no se hizo de inmediato. . Si est\u00e1 presentando un reclamo por lesiones de nacimiento, tiene un plazo de prescripci\u00f3n m\u00e1s largo, pero cualquier demanda a\u00fan debe presentarse antes de que el ni\u00f1o alcance cierta edad. Un caso de <a href=\"\/es\/muerte-injusta\/\">muerte por negligencia<\/a> generalmente debe presentarse dentro de los dos a\u00f1os a partir de la fecha de la muerte.<\/p>\n<p>Por tanto, el tiempo es un factor muy importante a la hora de presentar un caso de este tipo. Una vez que se haya realizado un diagn\u00f3stico m\u00e9dico, debe comunicarse con un abogado experimentado de inmediato, ya que una investigaci\u00f3n adecuada por parte del abogado tomar\u00e1 alg\u00fan tiempo para completarse correctamente. Para presentar un caso de <a href=\"\/es\/\">lesiones<\/a> por defectos de nacimiento, su abogado deber\u00e1 establecer:<\/p>\n<ul>\n<li>Que el beb\u00e9 o la madre estaban recibiendo tratamiento m\u00e9dico o estaban bajo un \"deber de cuidado\" del acusado (s).<\/li>\n<li>Que el (los) acusado (s) incumplieron el deber est\u00e1ndar de cuidado o cometieron un error mientras el beb\u00e9 o la madre estaban bajo su cuidado.<\/li>\n<li>Que el incumplimiento del deber de cuidado provoc\u00f3, contribuy\u00f3 o agrav\u00f3 el defecto de nacimiento.<\/li>\n<\/ul>\n<p>Debido a la gran cantidad de detalles y conocimientos t\u00e9cnicos que se requieren en un reclamo por defectos de nacimiento, casi siempre se necesita un abogado experimentado para tener \u00e9xito. Hay muchos tipos diferentes de reclamaciones, que van desde el embarazo por negligencia hasta las lesiones durante el parto y la negligencia m\u00e9dica. Cada estado tiene diferentes fechas l\u00edmite, reglas y variaciones de las leyes que rigen dichos reclamos. Pero, sobre todo, se necesita tiempo para investigar estos asuntos serios, por lo que la acci\u00f3n r\u00e1pida es fundamental.<br \/>\n<img decoding=\"async\" class=\"aligncenter size-full wp-image-33448\" src=\"\/wp-content\/uploads\/2022\/02\/Abogados-de-Defectos-de-Nacimiento-en-Chicago.jpg\" alt=\"Abogados de Defectos de Nacimiento en Chicago\" width=\"1000\" height=\"667\" srcset=\"https:\/\/chicagoinjurylawyer.net\/wp-content\/uploads\/2022\/02\/Abogados-de-Defectos-de-Nacimiento-en-Chicago.jpg 1000w, https:\/\/chicagoinjurylawyer.net\/wp-content\/uploads\/2022\/02\/Abogados-de-Defectos-de-Nacimiento-en-Chicago-300x200.jpg 300w, https:\/\/chicagoinjurylawyer.net\/wp-content\/uploads\/2022\/02\/Abogados-de-Defectos-de-Nacimiento-en-Chicago-768x512.jpg 768w\" sizes=\"(max-width: 1000px) 100vw, 1000px\" \/><\/p>\n<h2>Defectos de Nacimiento Comunes<\/h2>\n<p>En \u00faltima instancia, si su abogado puede negociar un acuerdo monetario u obtener un veredicto exitoso en nombre de su familia, puede ayudar a brindarle a su hijo una atenci\u00f3n de por vida. Sexner Injury Lawyers LLC ya ha recuperado muchos millones de d\u00f3lares para las familias de nuestros clientes. Le instamos a que se comunique con nuestro equipo de abogados de defectos cong\u00e9nitos en Chicago si a su hijo se le ha diagnosticado alguno de los siguientes:<\/p>\n<ul>\n<li><a href=\"\/es\/negligencia-medica\/defectos-de-nacimiento\/anencefalia\/\">Anencefalia<\/a><\/li>\n<li><a href=\"\/es\/negligencia-medica\/defectos-de-nacimiento\/paladar-hendido-y-labio-leporino\/\">Paladar hendido y labios<\/a><\/li>\n<li><a href=\"\/es\/negligencia-medica\/defectos-de-nacimiento\/craneosinostosis\/\">Craneosinostosis<\/a><\/li>\n<li><a href=\"\/es\/negligencia-medica\/defectos-de-nacimiento\/deficiencias-de-las-extremidades\/\">Deficiencias Cong\u00e9nitas de las Extremidades<\/a><\/li>\n<li><a href=\"\/es\/negligencia-medica\/defectos-de-nacimiento\/defectos-cardiacos\/\">Defectos card\u00edacos cong\u00e9nitos<\/a><\/li>\n<li><a href=\"\/es\/negligencia-medica\/defectos-de-nacimiento\/negligencia-del-sindrome-de-down\/\">S\u00edndrome de Down<\/a><\/li>\n<li><a href=\"\/es\/negligencia-medica\/defectos-de-nacimiento\/encefalocele\/\">Encefalocele<\/a> (defecto del tubo neural)<\/li>\n<li><a href=\"\/es\/negligencia-medica\/defectos-de-nacimiento\/gastrosquisis\/\">Gastrosquisis<\/a><\/li>\n<li><a href=\"\/es\/negligencia-medica\/defectos-de-nacimiento\/hipospadias\/\">Hipospadias<\/a><\/li>\n<li><a href=\"\/es\/negligencia-medica\/defectos-de-nacimiento\/microcefalia\/\">Microcefalia<\/a><\/li>\n<li><a href=\"\/es\/negligencia-medica\/defectos-de-nacimiento\/microftalmia-y-anoftalmia\/\">Microftalmia y anoftalmia<\/a><\/li>\n<li><a href=\"\/es\/negligencia-medica\/defectos-de-nacimiento\/microtia-y-anotia\/\">Microtia y Anotia<\/a><\/li>\n<li><a href=\"\/es\/negligencia-medica\/defectos-de-nacimiento\/onfalocele-infantil\/\">Onfalocele Infantil<\/a><\/li>\n<li>Hernia umbilical<\/li>\n<li>Fenilcetonuria (PKU)<\/li>\n<li><a href=\"\/es\/negligencia-medica\/defectos-de-nacimiento\/espina-bifida\/\">Espina b\u00edfida<\/a><\/li>\n<\/ul>\n<h3>Fenilcetonuria (PKU)<\/h3>\n<p>La fenilcetonuria, tambi\u00e9n llamada PKU para abreviar, es un trastorno hereditario que conduce a una acumulaci\u00f3n de fenilalanina en el cuerpo. La fenilalanina es un amino\u00e1cido importante para nuestro organismo en peque\u00f1as cantidades, pero que puede ser bastante peligroso en grandes cantidades. Si bien la PKU es un trastorno gen\u00e9tico hereditario y, como tal, no se incluye en el \u00e1mbito de la negligencia m\u00e9dica, es una buena idea consultar a un abogado especializado en defectos cong\u00e9nitos en Chicago si a su hijo se le ha diagnosticado.<\/p>\n<h3>Defectos del tubo neural<\/h3>\n<p>Los defectos del tubo neural son un tipo de defecto cong\u00e9nito que afecta el cerebro o la m\u00e9dula espinal. Es un t\u00e9rmino gen\u00e9rico para varios defectos, los dos m\u00e1s comunes son la espina b\u00edfida y la anencefalia. Aunque no existe cura para los defectos del tubo neural, las mujeres embarazadas deben tomar \u00e1cido f\u00f3lico tan pronto como sepan que est\u00e1n embarazadas para disminuir la probabilidad de que su hijo desarrolle un defecto del tubo neural. De hecho, no tomar la cantidad adecuada de \u00e1cido f\u00f3lico puede ser un factor de riesgo de trastorno gen\u00e9tico. Estos tipos de defectos de nacimiento se pueden encontrar mediante pruebas prenatales.<\/p>\n<h3>Enfermedades del Coraz\u00f3n<\/h3>\n<p>Varios medicamentos farmac\u00e9uticos, incluidos Paxil, Zoloft, Wellbutrin, Prozac y Zofran, se han relacionado con afecciones card\u00edacas en beb\u00e9s. Tomar estos medicamentos durante el embarazo es uno de una serie de factores de riesgo de afecciones card\u00edacas. Si sospecha que un medicamento es responsable de la afecci\u00f3n card\u00edaca de su beb\u00e9, debe comunicarse con un abogado para conocer sus opciones. La mayor\u00eda de las afecciones card\u00edacas se pueden encontrar durante el embarazo mediante pruebas prenatales.<\/p>\n<p>Los defectos cong\u00e9nitos del coraz\u00f3n (CC) son los defectos cong\u00e9nitos m\u00e1s comunes. Estos defectos afectan el flujo de sangre en el coraz\u00f3n y, como consecuencia, en todo el cuerpo. Las cardiopat\u00edas cong\u00e9nitas var\u00edan en gravedad y pueden causar muchos problemas de por vida. Por lo general, se necesita cirug\u00eda para corregir un defecto card\u00edaco cong\u00e9nito. Durante el embarazo, los proveedores m\u00e9dicos deben realizar un ecocardiograma para identificar defectos card\u00edacos antes del nacimiento. Si la prueba no se realiza o el defecto se diagnostica err\u00f3neamente como un \"soplo card\u00edaco\" por error, los proveedores m\u00e9dicos pueden ser declarados responsables de negligencia m\u00e9dica.<\/p>\n<h2>Cont\u00e1ctenos<\/h2>\n<p><img decoding=\"async\" class=\"alignright wp-image-33452\" src=\"\/wp-content\/uploads\/2022\/02\/Defectos-de-Nacimiento.jpg\" alt=\"Defectos de Nacimiento\" width=\"400\" height=\"267\" srcset=\"https:\/\/chicagoinjurylawyer.net\/wp-content\/uploads\/2022\/02\/Defectos-de-Nacimiento.jpg 1000w, https:\/\/chicagoinjurylawyer.net\/wp-content\/uploads\/2022\/02\/Defectos-de-Nacimiento-300x200.jpg 300w, https:\/\/chicagoinjurylawyer.net\/wp-content\/uploads\/2022\/02\/Defectos-de-Nacimiento-768x512.jpg 768w\" sizes=\"(max-width: 400px) 100vw, 400px\" \/>Si sospecha que el defecto cong\u00e9nito de su hijo fue el resultado de <a href=\"\/es\/negligencia-medica\/\">negligencia m\u00e9dica<\/a> o el efecto secundario de un medicamento en particular, el mejor primer paso es una evaluaci\u00f3n legal completa del caso. En Sexner Injury Lawyers LLC, nuestros abogados de lesiones personales se toman muy en serio los casos de nuestros clientes. Revisaremos y evaluaremos su caso individual sin costo para usted, y luego le informaremos sobre los pasos que sugerimos para seguir adelante. Cada caso es \u00fanico; por eso, nos tomamos todo el tiempo necesario para buscar respuestas sobre exactamente c\u00f3mo y por qu\u00e9 naci\u00f3 su hijo con un defecto de nacimiento grave.<\/p>\n<p>\u00bfNaci\u00f3 su beb\u00e9 con un defecto de nacimiento? Con\u00e9ctese con nosotros para una evaluaci\u00f3n gratuita de su caso. Todos estos casos se toman sobre una base de contingencia, lo que significa que no hay honorarios legales a menos que tengamos \u00e9xito en recuperar una compensaci\u00f3n para su familia. Ya se han recolectado millones. Llame al (312) 243-9922 ahora para obtener m\u00e1s informaci\u00f3n.<\/p>\n","protected":false},"excerpt":{"rendered":"<p>Abogados de Defectos de Nacimiento en Chicago Confiamos en que los profesionales m\u00e9dicos tratar\u00e1n adecuadamente nuestras afecciones y responder\u00e1n de manera adecuada a las emergencias m\u00e9dicas. Sin embargo, dado que los m\u00e9dicos y otros proveedores m\u00e9dicos son humanos, esto puede significar errores potencialmente graves. Cuando las personas piensan en estos errores m\u00e9dicos, a menudo piensan [&hellip;]<\/p>\n","protected":false},"author":1,"featured_media":0,"parent":0,"menu_order":0,"comment_status":"closed","ping_status":"closed","template":"","meta":{"_acf_changed":false,"footnotes":""},"class_list":["post-33110","page","type-page","status-publish","hentry"],"acf":[],"yoast_head":"<!-- This site is optimized with the Yoast SEO plugin v27.4 - https:\/\/yoast.com\/product\/yoast-seo-wordpress\/ -->\n<title>Abogados de Defectos de Nacimiento en Chicago - Sexner Injury Lawyers LLC<\/title>\n<meta name=\"description\" content=\"\u00bfNaci\u00f3 su beb\u00e9 con un defecto de nacimiento? Con\u00e9ctese con nosotros para una evaluaci\u00f3n gratuita de su caso.\" \/>\n<meta name=\"robots\" content=\"index, follow, max-snippet:-1, max-image-preview:large, max-video-preview:-1\" \/>\n<link rel=\"canonical\" href=\"https:\/\/chicagoinjurylawyer.net\/es\/defectos-de-nacimiento\/\" \/>\n<meta property=\"og:locale\" content=\"es_ES\" \/>\n<meta property=\"og:type\" content=\"article\" \/>\n<meta property=\"og:title\" content=\"Abogados de Defectos de Nacimiento en Chicago - Sexner Injury Lawyers LLC\" \/>\n<meta property=\"og:description\" content=\"\u00bfNaci\u00f3 su beb\u00e9 con un defecto de nacimiento? Con\u00e9ctese con nosotros para una evaluaci\u00f3n gratuita de su caso.\" \/>\n<meta property=\"og:url\" content=\"https:\/\/chicagoinjurylawyer.net\/es\/defectos-de-nacimiento\/\" \/>\n<meta property=\"og:site_name\" content=\"Sexner Injury Lawyers LLC\" \/>\n<meta property=\"article:modified_time\" content=\"2022-02-02T17:18:15+00:00\" \/>\n<meta property=\"og:image\" content=\"https:\/\/chicagoinjurylawyer.net\/wp-content\/uploads\/2022\/02\/Abogados-de-Defectos-de-Nacimiento.jpg\" \/>\n<meta name=\"twitter:card\" content=\"summary_large_image\" \/>\n<meta name=\"twitter:label1\" content=\"Tiempo de lectura\" \/>\n\t<meta name=\"twitter:data1\" content=\"7 minutos\" \/>\n<!-- \/ Yoast SEO plugin. -->","yoast_head_json":{"title":"Abogados de Defectos de Nacimiento en Chicago - Sexner Injury Lawyers LLC","description":"\u00bfNaci\u00f3 su beb\u00e9 con un defecto de nacimiento? Con\u00e9ctese con nosotros para una evaluaci\u00f3n gratuita de su caso.","robots":{"index":"index","follow":"follow","max-snippet":"max-snippet:-1","max-image-preview":"max-image-preview:large","max-video-preview":"max-video-preview:-1"},"canonical":"https:\/\/chicagoinjurylawyer.net\/es\/defectos-de-nacimiento\/","og_locale":"es_ES","og_type":"article","og_title":"Abogados de Defectos de Nacimiento en Chicago - Sexner Injury Lawyers LLC","og_description":"\u00bfNaci\u00f3 su beb\u00e9 con un defecto de nacimiento? Con\u00e9ctese con nosotros para una evaluaci\u00f3n gratuita de su caso.","og_url":"https:\/\/chicagoinjurylawyer.net\/es\/defectos-de-nacimiento\/","og_site_name":"Sexner Injury Lawyers LLC","article_modified_time":"2022-02-02T17:18:15+00:00","og_image":[{"url":"https:\/\/chicagoinjurylawyer.net\/wp-content\/uploads\/2022\/02\/Abogados-de-Defectos-de-Nacimiento.jpg","type":"","width":"","height":""}],"twitter_card":"summary_large_image","twitter_misc":{"Tiempo de lectura":"7 minutos"},"schema":{"@context":"https:\/\/schema.org","@graph":[{"@type":"WebPage","@id":"https:\/\/chicagoinjurylawyer.net\/es\/defectos-de-nacimiento\/","url":"https:\/\/chicagoinjurylawyer.net\/es\/defectos-de-nacimiento\/","name":"Abogados de Defectos de Nacimiento en Chicago - Sexner Injury Lawyers LLC","isPartOf":{"@id":"https:\/\/chicagoinjurylawyer.net\/es\/#website"},"datePublished":"2022-01-12T20:36:48+00:00","dateModified":"2022-02-02T17:18:15+00:00","description":"\u00bfNaci\u00f3 su beb\u00e9 con un defecto de nacimiento? Con\u00e9ctese con nosotros para una evaluaci\u00f3n gratuita de su caso.","breadcrumb":{"@id":"https:\/\/chicagoinjurylawyer.net\/es\/defectos-de-nacimiento\/#breadcrumb"},"inLanguage":"es","potentialAction":[{"@type":"ReadAction","target":["https:\/\/chicagoinjurylawyer.net\/es\/defectos-de-nacimiento\/"]}]},{"@type":"BreadcrumbList","@id":"https:\/\/chicagoinjurylawyer.net\/es\/defectos-de-nacimiento\/#breadcrumb","itemListElement":[{"@type":"ListItem","position":1,"name":"Negligencia M\u00e9dica","item":"https:\/\/chicagoinjurylawyer.net\/es\/negligencia-medica\/"},{"@type":"ListItem","position":2,"name":"Defectos de Nacimiento"}]},{"@type":"WebSite","@id":"https:\/\/chicagoinjurylawyer.net\/es\/#website","url":"https:\/\/chicagoinjurylawyer.net\/es\/","name":"Sexner Injury Lawyers LLC","description":"Chicago Personal Injury Attorneys","publisher":{"@id":"https:\/\/chicagoinjurylawyer.net\/es\/#organization"},"potentialAction":[{"@type":"SearchAction","target":{"@type":"EntryPoint","urlTemplate":"https:\/\/chicagoinjurylawyer.net\/es\/?s={search_term_string}"},"query-input":{"@type":"PropertyValueSpecification","valueRequired":true,"valueName":"search_term_string"}}],"inLanguage":"es"},{"@type":"Organization","@id":"https:\/\/chicagoinjurylawyer.net\/es\/#organization","name":"[firm-name]","url":"https:\/\/chicagoinjurylawyer.net\/es\/","logo":{"@type":"ImageObject","inLanguage":"es","@id":"https:\/\/chicagoinjurylawyer.net\/es\/#\/schema\/logo\/image\/","url":"https:\/\/chicagoinjurylawyer.net\/wp-content\/uploads\/2019\/06\/msx-logo-1.png","contentUrl":"https:\/\/chicagoinjurylawyer.net\/wp-content\/uploads\/2019\/06\/msx-logo-1.png","width":180,"height":83,"caption":"[firm-name]"},"image":{"@id":"https:\/\/chicagoinjurylawyer.net\/es\/#\/schema\/logo\/image\/"}}]}},"_links":{"self":[{"href":"https:\/\/chicagoinjurylawyer.net\/es\/wp-json\/wp\/v2\/pages\/33110","targetHints":{"allow":["GET"]}}],"collection":[{"href":"https:\/\/chicagoinjurylawyer.net\/es\/wp-json\/wp\/v2\/pages"}],"about":[{"href":"https:\/\/chicagoinjurylawyer.net\/es\/wp-json\/wp\/v2\/types\/page"}],"author":[{"embeddable":true,"href":"https:\/\/chicagoinjurylawyer.net\/es\/wp-json\/wp\/v2\/users\/1"}],"replies":[{"embeddable":true,"href":"https:\/\/chicagoinjurylawyer.net\/es\/wp-json\/wp\/v2\/comments?post=33110"}],"version-history":[{"count":12,"href":"https:\/\/chicagoinjurylawyer.net\/es\/wp-json\/wp\/v2\/pages\/33110\/revisions"}],"predecessor-version":[{"id":33454,"href":"https:\/\/chicagoinjurylawyer.net\/es\/wp-json\/wp\/v2\/pages\/33110\/revisions\/33454"}],"wp:attachment":[{"href":"https:\/\/chicagoinjurylawyer.net\/es\/wp-json\/wp\/v2\/media?parent=33110"}],"curies":[{"name":"wp","href":"https:\/\/api.w.org\/{rel}","templated":true}]}}