{"id":33115,"date":"2022-01-12T15:56:34","date_gmt":"2022-01-12T21:56:34","guid":{"rendered":"https:\/\/pi-sexner.tseg.co\/?page_id=33115"},"modified":"2022-02-02T13:08:30","modified_gmt":"2022-02-02T19:08:30","slug":"negligencia-del-sindrome-de-down","status":"publish","type":"page","link":"https:\/\/chicagoinjurylawyer.net\/es\/defectos-de-nacimiento\/negligencia-del-sindrome-de-down\/","title":{"rendered":"Negligencia del S\u00edndrome de Down"},"content":{"rendered":"<h1>Enfrentando Legalmente la Negligencia del S\u00edndrome de Down en Chicago<\/h1>\n<p><img decoding=\"async\" class=\"alignright wp-image-33485\" src=\"\/wp-content\/uploads\/2022\/02\/Enfrentando-Legalmente-la-Negligencia-del-Si\u0301ndrome-de-Down-en-Chicago.jpg\" alt=\"Enfrentando Legalmente la Negligencia del S\u00edndrome de Down en Chicago\" width=\"400\" height=\"267\" srcset=\"https:\/\/chicagoinjurylawyer.net\/wp-content\/uploads\/2022\/02\/Enfrentando-Legalmente-la-Negligencia-del-Si\u0301ndrome-de-Down-en-Chicago.jpg 1000w, https:\/\/chicagoinjurylawyer.net\/wp-content\/uploads\/2022\/02\/Enfrentando-Legalmente-la-Negligencia-del-Si\u0301ndrome-de-Down-en-Chicago-300x200.jpg 300w, https:\/\/chicagoinjurylawyer.net\/wp-content\/uploads\/2022\/02\/Enfrentando-Legalmente-la-Negligencia-del-Si\u0301ndrome-de-Down-en-Chicago-768x513.jpg 768w\" sizes=\"(max-width: 400px) 100vw, 400px\" \/>El s\u00edndrome de Down es una condici\u00f3n gen\u00e9tica causada por la divisi\u00f3n anormal de las c\u00e9lulas que resulta en material extra del cromosoma 21. Este trastorno var\u00eda mucho en severidad, con casos severos que causan problemas de salud, as\u00ed como retrasos en el desarrollo e intelectuales. En otros casos, el ni\u00f1o con s\u00edndrome de Down puede estar muy sano y tener problemas m\u00e1s leves. Algunos ni\u00f1os pueden sufrir defectos de nacimiento importantes, mientras que otros no.<\/p>\n<p>Se insta a la mayor\u00eda de las madres a que se sometan a pruebas de detecci\u00f3n del s\u00edndrome de Down a su feto. Desafortunadamente, hay muchos casos en los que un ni\u00f1o nace con esta afecci\u00f3n, incluso despu\u00e9s de la evaluaci\u00f3n, un caso de diagn\u00f3stico err\u00f3neo que, en \u00faltima instancia, podr\u00eda conducir a una demanda exitosa contra los profesionales m\u00e9dicos involucrados.<\/p>\n<p>Aunque el s\u00edndrome de Down es de naturaleza gen\u00e9tica, los m\u00e9dicos todav\u00eda tienen cierta responsabilidad con los padres para identificar el trastorno de manera oportuna. Los padres tienen derecho a conocer todos los posibles defectos de nacimiento y cuando un m\u00e9dico no diagnostica correctamente o se retrasa el diagn\u00f3stico, la familia puede tener derecho a presentar una demanda por defectos de nacimiento para buscar justicia y responsabilizar a estos m\u00e9dicos. Comun\u00edquese con Sexner Injury Lawyers LLC al <a href=\"tel:3122439922\">(312) 243-9922<\/a> para una consulta gratuita.<\/p>\n<h2>Problemas de Salud Comunes Relacionados con el S\u00edndrome de Down<\/h2>\n<p>Los problemas de salud asociados con los ni\u00f1os con s\u00edndrome de Down, algunos m\u00e1s comunes que otros, incluyen:<\/p>\n<ul>\n<li>Infecciones de o\u00eddo<\/li>\n<li>Enfermedad de tiroides<\/li>\n<li>P\u00e9rdida de la audici\u00f3n<\/li>\n<li>Enfermedad de Hirschsprung<\/li>\n<li>Apnea del sue\u00f1o<\/li>\n<li>Leucemia en la primera infancia o la infancia.<\/li>\n<li>Enfermedad ocular como cataratas.<\/li>\n<li>Anemia<\/li>\n<li>Dislocaci\u00f3n de cadera<\/li>\n<li>Defectos cong\u00e9nitos del coraz\u00f3n.<\/li>\n<li>Bloqueos intestinales al nacer<\/li>\n<\/ul>\n<h2>Caracter\u00edsticas F\u00edsicas Comunes del S\u00edndrome de Down<\/h2>\n<p>Aunque la mayor\u00eda de los ni\u00f1os con s\u00edndrome de Down tienen rasgos faciales similares y un coeficiente intelectual en el rango de leve a moderadamente bajo, cada ni\u00f1o es \u00fanico, con sus propias habilidades particulares. Algunas caracter\u00edsticas f\u00edsicas que son comunes en los ni\u00f1os con s\u00edndrome de Down incluyen:<\/p>\n<ul>\n<li>Estatura m\u00e1s corta tanto de ni\u00f1os como de adultos<\/li>\n<li>Rostro aplanado, particularmente el puente de la nariz<\/li>\n<li>Orejas m\u00e1s peque\u00f1as<\/li>\n<li>Tono muscular deficiente<\/li>\n<li>Cuello m\u00e1s corto<\/li>\n<li>Manos cortas y anchas con un solo pliegue en la palma (pliegue palmar)<\/li>\n<li>Ojos que tienen forma de almendra con inclinaci\u00f3n hacia arriba.<\/li>\n<li>Lengua saliente<\/li>\n<li>Peque\u00f1as manchas blancas en el iris, conocidas como manchas de Brushfield<\/li>\n<li>Pies y manos m\u00e1s peque\u00f1os<\/li>\n<li>Flexibilidad excesiva<\/li>\n<\/ul>\n<h2>Factores de Riesgo y Pruebas de Detecci\u00f3n<\/h2>\n<p>Algunas madres tienen un riesgo mayor de lo normal de tener un beb\u00e9 con s\u00edndrome de Down. A todos los padres se les debe ofrecer pruebas de detecci\u00f3n, que pueden incluir:<\/p>\n<ul>\n<li>An\u00e1lisis de sangre<\/li>\n<li>Ecograf\u00eda o ecograf\u00eda NT (medici\u00f3n de la translucidez de la nuca para medir el l\u00edquido en la parte posterior del cuello)<\/li>\n<li>Prueba de ADN (para identificar el s\u00edndrome de Down a partir de material gen\u00e9tico como l\u00edquido amni\u00f3tico o sangre del cord\u00f3n umbilical)<\/li>\n<\/ul>\n<p>Despu\u00e9s de una prueba de detecci\u00f3n positiva, se pueden realizar otras pruebas como la amniocentesis, la muestra de sangre umbilical percut\u00e1nea o la muestra de vellosidades cori\u00f3nicas para confirmar el diagn\u00f3stico.<\/p>\n<h2>Demandas por Negligencia M\u00e9dica por S\u00edndrome de Down<\/h2>\n<p>Los padres tienen derecho a saber si el feto tiene un mayor riesgo de sufrir un trastorno gen\u00e9tico. Esto se aplica igualmente a todos los tipos de defectos de nacimiento. Cuando ocurre un diagn\u00f3stico prenatal err\u00f3neo o <a href=\"\/es\/negligencia-medica\/diagnostico-erroneo\/\">falla en el diagn\u00f3stico<\/a>, los padres se ven privados de su derecho a tomar decisiones importantes. Algunos errores m\u00e9dicos incluyen:<\/p>\n<ul>\n<li>Ecograf\u00edas realizadas incorrectamente<\/li>\n<li><a href=\"\/es\/negligencia-medica\/errores-de-radiologia\/\">Ultrasonidos interpretados incorrectamente<\/a> por el radi\u00f3logo<\/li>\n<li>No completar un examen exhaustivo de antecedentes gen\u00e9ticos de los padres<\/li>\n<li>Fechar incorrectamente el embarazo<\/li>\n<li>Interpretaci\u00f3n incorrecta de los resultados de las pruebas de detecci\u00f3n prenatales del obstetra<\/li>\n<li>Proporcionar informaci\u00f3n incorrecta al laboratorio de pruebas prenatales.<\/li>\n<li>No realizar o recomendar asesoramiento gen\u00e9tico<\/li>\n<li>No recomendar, sugerir o discutir la disponibilidad de pruebas<\/li>\n<\/ul>\n<p>Este tipo de <a href=\"\/es\/negligencia-medica\/\">negligencia m\u00e9dica<\/a> puede servir como base para un caso de negligencia que se conoce como vida il\u00edcita o caso de nacimiento il\u00edcito (que est\u00e1 permitido en algunos estados y no en otros). Tales casos se basan en el concepto de que la elecci\u00f3n de los padres sobre si interrumpir o continuar el embarazo es incre\u00edblemente personal, emocional e importante; que cuando la negligencia de un m\u00e9dico los priva de esta opci\u00f3n, una demanda puede ser apropiada en algunas circunstancias.<\/p>\n<h2>Comun\u00edquese con Abogados de S\u00edndrome de Down de Chicago para Obtener Ayuda<\/h2>\n<p>Si cree que sus profesionales m\u00e9dicos han cometido un diagn\u00f3stico err\u00f3neo prenatal, llame a <a href=\"\/es\/\">Sexner Injury Lawyers LLC<\/a> hoy mismo. Nunca hay una tarifa para discutir su situaci\u00f3n. Nuestros compasivos y experimentados abogados de negligencia m\u00e9dica en Chicago han estado ayudando a las familias de Chicago desde 1990 y han recaudado millones de d\u00f3lares para nuestros clientes. Nuestro n\u00famero gratuito las 24 horas es <a href=\"tel:3122439922\">(312) 243-9922<\/a>.<\/p>\n","protected":false},"excerpt":{"rendered":"<p>Enfrentando Legalmente la Negligencia del S\u00edndrome de Down en Chicago El s\u00edndrome de Down es una condici\u00f3n gen\u00e9tica causada por la divisi\u00f3n anormal de las c\u00e9lulas que resulta en material extra del cromosoma 21. Este trastorno var\u00eda mucho en severidad, con casos severos que causan problemas de salud, as\u00ed como retrasos en el desarrollo e [&hellip;]<\/p>\n","protected":false},"author":1,"featured_media":0,"parent":33110,"menu_order":0,"comment_status":"closed","ping_status":"closed","template":"","meta":{"_acf_changed":false,"footnotes":""},"class_list":["post-33115","page","type-page","status-publish","hentry"],"acf":[],"yoast_head":"<!-- This site is optimized with the Yoast SEO plugin v27.4 - https:\/\/yoast.com\/product\/yoast-seo-wordpress\/ -->\n<title>Negligencia del S\u00edndrome de Down - Sexner Injury Lawyers LLC<\/title>\n<meta name=\"robots\" content=\"index, follow, max-snippet:-1, max-image-preview:large, max-video-preview:-1\" \/>\n<link rel=\"canonical\" href=\"https:\/\/chicagoinjurylawyer.net\/es\/defectos-de-nacimiento\/negligencia-del-sindrome-de-down\/\" \/>\n<meta property=\"og:locale\" content=\"es_ES\" \/>\n<meta property=\"og:type\" content=\"article\" \/>\n<meta property=\"og:title\" content=\"Negligencia del S\u00edndrome de Down - Sexner Injury Lawyers LLC\" \/>\n<meta property=\"og:description\" content=\"Enfrentando Legalmente la Negligencia del S\u00edndrome de Down en Chicago El s\u00edndrome de Down es una condici\u00f3n gen\u00e9tica causada por la divisi\u00f3n anormal de las c\u00e9lulas que resulta en material extra del cromosoma 21. Este trastorno var\u00eda mucho en severidad, con casos severos que causan problemas de salud, as\u00ed como retrasos en el desarrollo e [&hellip;]\" \/>\n<meta property=\"og:url\" content=\"https:\/\/chicagoinjurylawyer.net\/es\/defectos-de-nacimiento\/negligencia-del-sindrome-de-down\/\" \/>\n<meta property=\"og:site_name\" content=\"Sexner Injury Lawyers LLC\" \/>\n<meta property=\"article:modified_time\" content=\"2022-02-02T19:08:30+00:00\" \/>\n<meta property=\"og:image\" content=\"https:\/\/chicagoinjurylawyer.net\/wp-content\/uploads\/2022\/02\/Enfrentando-Legalmente-la-Negligencia-del-Si\u0301ndrome-de-Down-en-Chicago.jpg\" \/>\n<meta name=\"twitter:card\" content=\"summary_large_image\" \/>\n<meta name=\"twitter:label1\" content=\"Tiempo de lectura\" \/>\n\t<meta name=\"twitter:data1\" content=\"5 minutos\" \/>\n<!-- \/ Yoast SEO plugin. -->","yoast_head_json":{"title":"Negligencia del S\u00edndrome de Down - Sexner Injury Lawyers LLC","robots":{"index":"index","follow":"follow","max-snippet":"max-snippet:-1","max-image-preview":"max-image-preview:large","max-video-preview":"max-video-preview:-1"},"canonical":"https:\/\/chicagoinjurylawyer.net\/es\/defectos-de-nacimiento\/negligencia-del-sindrome-de-down\/","og_locale":"es_ES","og_type":"article","og_title":"Negligencia del S\u00edndrome de Down - Sexner Injury Lawyers LLC","og_description":"Enfrentando Legalmente la Negligencia del S\u00edndrome de Down en Chicago El s\u00edndrome de Down es una condici\u00f3n gen\u00e9tica causada por la divisi\u00f3n anormal de las c\u00e9lulas que resulta en material extra del cromosoma 21. Este trastorno var\u00eda mucho en severidad, con casos severos que causan problemas de salud, as\u00ed como retrasos en el desarrollo e [&hellip;]","og_url":"https:\/\/chicagoinjurylawyer.net\/es\/defectos-de-nacimiento\/negligencia-del-sindrome-de-down\/","og_site_name":"Sexner Injury Lawyers LLC","article_modified_time":"2022-02-02T19:08:30+00:00","og_image":[{"url":"https:\/\/chicagoinjurylawyer.net\/wp-content\/uploads\/2022\/02\/Enfrentando-Legalmente-la-Negligencia-del-Si\u0301ndrome-de-Down-en-Chicago.jpg","type":"","width":"","height":""}],"twitter_card":"summary_large_image","twitter_misc":{"Tiempo de lectura":"5 minutos"},"schema":{"@context":"https:\/\/schema.org","@graph":[{"@type":"WebPage","@id":"https:\/\/chicagoinjurylawyer.net\/es\/defectos-de-nacimiento\/negligencia-del-sindrome-de-down\/","url":"https:\/\/chicagoinjurylawyer.net\/es\/defectos-de-nacimiento\/negligencia-del-sindrome-de-down\/","name":"Negligencia del S\u00edndrome de Down - Sexner Injury Lawyers LLC","isPartOf":{"@id":"https:\/\/chicagoinjurylawyer.net\/es\/#website"},"datePublished":"2022-01-12T21:56:34+00:00","dateModified":"2022-02-02T19:08:30+00:00","breadcrumb":{"@id":"https:\/\/chicagoinjurylawyer.net\/es\/defectos-de-nacimiento\/negligencia-del-sindrome-de-down\/#breadcrumb"},"inLanguage":"es","potentialAction":[{"@type":"ReadAction","target":["https:\/\/chicagoinjurylawyer.net\/es\/defectos-de-nacimiento\/negligencia-del-sindrome-de-down\/"]}]},{"@type":"BreadcrumbList","@id":"https:\/\/chicagoinjurylawyer.net\/es\/defectos-de-nacimiento\/negligencia-del-sindrome-de-down\/#breadcrumb","itemListElement":[{"@type":"ListItem","position":1,"name":"Negligencia M\u00e9dica","item":"https:\/\/chicagoinjurylawyer.net\/es\/negligencia-medica\/"},{"@type":"ListItem","position":2,"name":"Defectos de Nacimiento","item":"https:\/\/chicagoinjurylawyer.net\/es\/negligencia-medica\/defectos-de-nacimiento\/"},{"@type":"ListItem","position":3,"name":"Negligencia del S\u00edndrome de Down"}]},{"@type":"WebSite","@id":"https:\/\/chicagoinjurylawyer.net\/es\/#website","url":"https:\/\/chicagoinjurylawyer.net\/es\/","name":"Sexner Injury Lawyers LLC","description":"Chicago Personal Injury Attorneys","publisher":{"@id":"https:\/\/chicagoinjurylawyer.net\/es\/#organization"},"potentialAction":[{"@type":"SearchAction","target":{"@type":"EntryPoint","urlTemplate":"https:\/\/chicagoinjurylawyer.net\/es\/?s={search_term_string}"},"query-input":{"@type":"PropertyValueSpecification","valueRequired":true,"valueName":"search_term_string"}}],"inLanguage":"es"},{"@type":"Organization","@id":"https:\/\/chicagoinjurylawyer.net\/es\/#organization","name":"[firm-name]","url":"https:\/\/chicagoinjurylawyer.net\/es\/","logo":{"@type":"ImageObject","inLanguage":"es","@id":"https:\/\/chicagoinjurylawyer.net\/es\/#\/schema\/logo\/image\/","url":"https:\/\/chicagoinjurylawyer.net\/wp-content\/uploads\/2019\/06\/msx-logo-1.png","contentUrl":"https:\/\/chicagoinjurylawyer.net\/wp-content\/uploads\/2019\/06\/msx-logo-1.png","width":180,"height":83,"caption":"[firm-name]"},"image":{"@id":"https:\/\/chicagoinjurylawyer.net\/es\/#\/schema\/logo\/image\/"}}]}},"_links":{"self":[{"href":"https:\/\/chicagoinjurylawyer.net\/es\/wp-json\/wp\/v2\/pages\/33115","targetHints":{"allow":["GET"]}}],"collection":[{"href":"https:\/\/chicagoinjurylawyer.net\/es\/wp-json\/wp\/v2\/pages"}],"about":[{"href":"https:\/\/chicagoinjurylawyer.net\/es\/wp-json\/wp\/v2\/types\/page"}],"author":[{"embeddable":true,"href":"https:\/\/chicagoinjurylawyer.net\/es\/wp-json\/wp\/v2\/users\/1"}],"replies":[{"embeddable":true,"href":"https:\/\/chicagoinjurylawyer.net\/es\/wp-json\/wp\/v2\/comments?post=33115"}],"version-history":[{"count":3,"href":"https:\/\/chicagoinjurylawyer.net\/es\/wp-json\/wp\/v2\/pages\/33115\/revisions"}],"predecessor-version":[{"id":33488,"href":"https:\/\/chicagoinjurylawyer.net\/es\/wp-json\/wp\/v2\/pages\/33115\/revisions\/33488"}],"up":[{"embeddable":true,"href":"https:\/\/chicagoinjurylawyer.net\/es\/wp-json\/wp\/v2\/pages\/33110"}],"wp:attachment":[{"href":"https:\/\/chicagoinjurylawyer.net\/es\/wp-json\/wp\/v2\/media?parent=33115"}],"curies":[{"name":"wp","href":"https:\/\/api.w.org\/{rel}","templated":true}]}}