{"id":33121,"date":"2022-01-12T16:56:47","date_gmt":"2022-01-12T22:56:47","guid":{"rendered":"https:\/\/pi-sexner.tseg.co\/?page_id=33121"},"modified":"2022-02-02T12:23:06","modified_gmt":"2022-02-02T18:23:06","slug":"paralisis-cerebral","status":"publish","type":"page","link":"https:\/\/chicagoinjurylawyer.net\/es\/negligencia-medica\/lesiones-de-nacimiento\/paralisis-cerebral\/","title":{"rendered":"Par\u00e1lisis Cerebral"},"content":{"rendered":"<h1>Abogados de Par\u00e1lisis Cerebral en Chicago<\/h1>\n<p><img decoding=\"async\" class=\"alignright wp-image-33467\" src=\"\/wp-content\/uploads\/2022\/02\/Abogados-de-Para\u0301lisis-Cerebral-en-Chicago.jpg\" alt=\"Abogados de Par\u00e1lisis Cerebral en Chicago\" width=\"400\" height=\"240\" srcset=\"https:\/\/chicagoinjurylawyer.net\/wp-content\/uploads\/2022\/02\/Abogados-de-Para\u0301lisis-Cerebral-en-Chicago.jpg 1000w, https:\/\/chicagoinjurylawyer.net\/wp-content\/uploads\/2022\/02\/Abogados-de-Para\u0301lisis-Cerebral-en-Chicago-300x180.jpg 300w, https:\/\/chicagoinjurylawyer.net\/wp-content\/uploads\/2022\/02\/Abogados-de-Para\u0301lisis-Cerebral-en-Chicago-768x461.jpg 768w\" sizes=\"(max-width: 400px) 100vw, 400px\" \/>La par\u00e1lisis cerebral es una malformaci\u00f3n o desarrollo anormal del cerebro, o da\u00f1o a un cerebro en desarrollo que puede ocurrir antes, durante o incluso despu\u00e9s del nacimiento de un beb\u00e9. Es una discapacidad cr\u00f3nica que se caracteriza por un control anormal de la postura y el movimiento general. Como resultado del <a href=\"\/es\/negligencia-medica\/lesiones-de-nacimiento\/dano-cerebral\/\">da\u00f1o cerebral<\/a>, puede afectar a los ni\u00f1os de diferentes maneras. Algunos pueden tener solo problemas menores con las habilidades motoras finas, como manipular o agarrar objetos con las manos, mientras que otros con par\u00e1lisis cerebral severa pueden tener anomal\u00edas musculares m\u00e1s importantes que involucran todas sus extremidades, convulsiones, retraso mental y \/ o problemas del habla, audici\u00f3n, y visi\u00f3n.<\/p>\n<p>De acuerdo con el CDC, un promedio de 1 de cada 323 ni\u00f1os en los Estados Unidos tiene par\u00e1lisis cerebral (PC). Los s\u00edntomas de cada v\u00edctima de par\u00e1lisis cerebral var\u00edan, desde la movilidad parcial hasta la inmovilidad completa, as\u00ed como los efectos cognitivos del da\u00f1o cerebral que pueden ocurrir antes, durante o despu\u00e9s del nacimiento.<\/p>\n<p>Los asistentes m\u00e9dicos a veces cometen errores que pueden causar da\u00f1o cerebral o trauma en el parto, y esos errores pueden producir par\u00e1lisis cerebral. Si le preocupa que los <a href=\"\/es\/negligencia-medica\/\">errores m\u00e9dicos<\/a> puedan haber causado PC en su hijo, necesitar\u00e1 la ayuda de los abogados especializados en lesiones de nacimiento en Chicago de Sexner Injury Lawyers LLC. Cont\u00e1ctenos al (312) 243-9922.<\/p>\n<h2>Tipos de Par\u00e1lisis Cerebral (PC)<\/h2>\n<p>Aunque una vez se asumi\u00f3 en la comunidad m\u00e9dica que la par\u00e1lisis cerebral era el resultado de la falta de ox\u00edgeno durante el parto, ahora se sabe que tal anoxia o hipoxia representa un n\u00famero menor de casos de PC de lo que se cre\u00eda anteriormente.<\/p>\n<p><strong>La par\u00e1lisis cerebral adquirida<\/strong> se refiere a la par\u00e1lisis cerebral que se adquiere m\u00e1s de un mes despu\u00e9s del nacimiento y que a menudo es causada por:<\/p>\n<ol>\n<li>una infecci\u00f3n del cerebro, como encefalitis o meningitis;<\/li>\n<li>un problema de flujo sangu\u00edneo cerebral, como hemorragia cerebral, accidente cerebrovascular, accidente cerebrovascular, problema de coagulaci\u00f3n de la sangre, vasos sangu\u00edneos malformados, <a href=\"\/es\/negligencia-medica\/defectos-de-nacimiento\/defectos-cardiacos\/\">defecto card\u00edaco cong\u00e9nito<\/a> o enfermedad de c\u00e9lulas falciformes; o<\/li>\n<li>una lesi\u00f3n cerebral por una ca\u00edda, <a href=\"\/es\/accidentes-de-trafico\/\">accidente automovil\u00edstico<\/a> o abuso infantil.<\/li>\n<\/ol>\n<p><strong>La par\u00e1lisis cerebral cong\u00e9nita<\/strong> se refiere al da\u00f1o cerebral que ocurre antes o durante el nacimiento y resulta en par\u00e1lisis cerebral. La gran mayor\u00eda de la par\u00e1lisis cerebral es cong\u00e9nita.<\/p>\n<p>La par\u00e1lisis cerebral es un trastorno que afecta la coordinaci\u00f3n motora y el cerebro. Hay tres tipos de par\u00e1lisis cerebral:<\/p>\n<ol>\n<li><strong>Par\u00e1lisis cerebral atetoide<\/strong>: movimientos involuntarios e incontrolados;<\/li>\n<li><strong>Par\u00e1lisis cerebral esp\u00e1stica<\/strong>: rigidez y problemas con el movimiento de las extremidades;<\/li>\n<li><strong>Par\u00e1lisis cerebral at\u00e1xica<\/strong>: afecta el equilibrio, la marcha y la percepci\u00f3n de la profundidad.<\/li>\n<\/ol>\n<h2>Causas de la Par\u00e1lisis Cerebral<\/h2>\n<p>No hay consenso sobre las causas de la par\u00e1lisis cerebral entre m\u00e9dicos y cirujanos. Aunque algunos creen que la causa es una infecci\u00f3n de la madre, otros relacionan las <a href=\"\/es\/lesiones-cerebrales-traumaticas\/\">lesiones cerebrales<\/a> sufridas durante el parto o despu\u00e9s del nacimiento con la afecci\u00f3n. Algunos de los s\u00edntomas de la par\u00e1lisis cerebral incluyen:<\/p>\n<ul>\n<li>Malos reflejos<\/li>\n<li>Discapacidad del habla<\/li>\n<li>Convulsiones<\/li>\n<li>Control deficiente de los m\u00fasculos<\/li>\n<li>Dificultad para comer y tragar.<\/li>\n<li>Dificultades de aprendizaje<\/li>\n<li>Postura pobre<\/li>\n<li>Dificultad para mantener el equilibrio<\/li>\n<\/ul>\n<p>La par\u00e1lisis cerebral puede ser el resultado de una lesi\u00f3n de nacimiento que interrumpe el desarrollo del cerebro. Se puede realizar un examen gratuito de los registros m\u00e9dicos para determinar si este parece ser el caso. En tal circunstancia, se puede entablar una demanda por negligencia m\u00e9dica para ayudar al ni\u00f1o y la familia a recuperar una compensaci\u00f3n financiera para ayudar a lidiar con los gastos extraordinarios que siempre parecen acompa\u00f1ar a dicha condici\u00f3n m\u00e9dica.<\/p>\n<p>La ciencia m\u00e9dica cree que la par\u00e1lisis cerebral es, en \u00faltima instancia, el resultado de una de las siguientes condiciones:<\/p>\n<ul>\n<li><strong>Muerte perinatal de las c\u00e9lulas cerebrales<\/strong>: ruptura de los vasos sangu\u00edneos durante el proceso de nacimiento que priva al cerebro de ox\u00edgeno.<\/li>\n<li><strong>Alteraci\u00f3n prenatal de las c\u00e9lulas cerebrales<\/strong>: una alteraci\u00f3n de la migraci\u00f3n de las c\u00e9lulas cerebrales desde su ubicaci\u00f3n adecuada debido a influencias ambientales o gen\u00e9ticas.<\/li>\n<li><strong>Perturbaci\u00f3n posnatal de las c\u00e9lulas cerebrales<\/strong>: una interrupci\u00f3n de las sinapsis (conexiones) adecuadas entre las c\u00e9lulas cerebrales debido a una infecci\u00f3n, lesi\u00f3n o falta de ox\u00edgeno.<\/li>\n<li><strong>Interrupci\u00f3n prenatal del proceso de mielinizaci\u00f3n<\/strong>: la mielina se forma naturalmente alrededor de las c\u00e9lulas nerviosas del cerebro y, cuando se interrumpe, impide el funcionamiento del cerebro. Esto puede provocar PC, esclerosis m\u00faltiple (EM), fibromialgia, enfermedad de Krabbe y otras afecciones cr\u00f3nicas.<\/li>\n<\/ul>\n<h2>Factores de Riesgo de Par\u00e1lisis Cerebral<\/h2>\n<p>Aunque la par\u00e1lisis cerebral es causada por una malformaci\u00f3n o lesi\u00f3n cerebral, la forma en que esa lesi\u00f3n cerebral afecta el funcionamiento intelectual y motor del beb\u00e9 var\u00eda de un ni\u00f1o a otro. Depende en gran medida de la naturaleza del da\u00f1o, cu\u00e1ndo ocurri\u00f3 y la extensi\u00f3n de la lesi\u00f3n cerebral. Aunque la presencia de los siguientes factores de riesgo aumenta la probabilidad de PC, de ninguna manera son una indicaci\u00f3n de que ocurrir\u00e1 PC. Algunos de esos factores de riesgo incluyen:<\/p>\n<ul>\n<li><strong>Bajo peso al nacer<\/strong>: Los beb\u00e9s que pesan menos de 5\u00bd libras, y especialmente los beb\u00e9s que pesan menos de 3 libras 5 onzas, corren un mayor riesgo.<\/li>\n<li><strong>Condiciones maternas<\/strong>: Las madres que tienen discapacidades intelectuales, problemas de tiroides o convulsiones ponen al ni\u00f1o en un riesgo ligeramente mayor de par\u00e1lisis cerebral.<\/li>\n<li><strong>Nacimientos m\u00faltiples<\/strong>: Aunque quiz\u00e1s se deba al hecho de que los beb\u00e9s de nacimientos m\u00faltiples suelen tener un peso inferior al nacer; los gemelos, trillizos, cuatrillizos, etc., tienen un mayor riesgo de par\u00e1lisis cerebral, especialmente si su gemelo o trillizo muere cerca del nacimiento.<\/li>\n<li><strong>Nacimientos prematuros<\/strong>: Aunque los beb\u00e9s \"prematuros\" tienen muchas m\u00e1s probabilidades de vivir debido a los avances recientes en la medicina, los beb\u00e9s prematuros tambi\u00e9n tienen un mayor riesgo de par\u00e1lisis cerebral si nacen antes de la semana 37, y especialmente si nacen antes de la semana 32 de embarazo.<\/li>\n<li><strong>Nacimientos complicados<\/strong>: Puede producirse una interrupci\u00f3n del suministro de ox\u00edgeno al beb\u00e9 en caso de desprendimiento de placenta, ruptura uterina u otro problema del cord\u00f3n umbilical, y dicha privaci\u00f3n de ox\u00edgeno puede poner al beb\u00e9 en mayor riesgo de par\u00e1lisis cerebral.<\/li>\n<li><strong>Tratamientos de infertilidad<\/strong>: Como se mencion\u00f3 anteriormente, los beb\u00e9s de bajo peso al nacer y los de partos m\u00faltiples tienen un mayor riesgo de par\u00e1lisis cerebral; debido a que los partos m\u00faltiples y prematuros son tan comunes, esto puede explicar parcialmente por qu\u00e9 los beb\u00e9s de los tratamientos de infertilidad (Tecnolog\u00eda de reproducci\u00f3n asistida - ART) est\u00e1n en un mayor riesgo de par\u00e1lisis cerebral.<\/li>\n<li><strong>Ictericia y kernicterus<\/strong>: A veces, debido a una incompatibilidad de tipo de sangre entre la madre y el ni\u00f1o, se produce ictericia. La ictericia es una coloraci\u00f3n amarilla de la piel y los ojos que afecta a muchos reci\u00e9n nacidos y es el resultado de un exceso de bilirrubina en la sangre del beb\u00e9. Si un caso de ictericia grave contin\u00faa sin tratamiento, puede producirse una afecci\u00f3n conocida como kernicterus; esto puede causar par\u00e1lisis cerebral y otras afecciones m\u00e9dicas graves.<\/li>\n<li><strong>Infecciones durante el embarazo<\/strong>: Las infecciones o la fiebre que se producen durante el embarazo pueden provocar un aumento de las prote\u00ednas en la sangre del beb\u00e9, lo que a su vez puede provocar inflamaci\u00f3n y da\u00f1o cerebral. Las infecciones como el sarampi\u00f3n alem\u00e1n (rub\u00e9ola), la varicela (varicela), las infecciones bacterianas (como las membranas fetales o la placenta) y el CMV (citomegalovirus) se han relacionado con una mayor incidencia de PC.<\/li>\n<li><strong>Asfixia<\/strong>: Cualquier p\u00e9rdida de ox\u00edgeno del beb\u00e9 antes, durante o despu\u00e9s del nacimiento aumenta el riesgo de par\u00e1lisis cerebral.<\/li>\n<\/ul>\n<h2>Reclamaciones por Negligencia M\u00e9dica por Par\u00e1lisis Cerebral<\/h2>\n<p>A veces es dif\u00edcil determinar la causa exacta de la par\u00e1lisis cerebral. Pero un abogado con experiencia en lesiones de nacimiento, junto con un profesional m\u00e9dico experto, puede revisar de cerca todos los registros m\u00e9dicos y hospitalarios disponibles para llegar a una conclusi\u00f3n sobre la causalidad. Esta revisi\u00f3n de expertos generalmente no tiene costo inicial para el cliente. Posteriormente, se puede entablar una demanda contra el m\u00e9dico u otro profesional m\u00e9dico responsable por da\u00f1os. Dado que los ni\u00f1os con par\u00e1lisis cerebral a menudo requieren una gran cantidad de tratamientos y cuidados costosos, los da\u00f1os monetarios recaudados pueden ayudar a aliviar parte de la carga financiera de la familia.<\/p>\n<p>La PC es a menudo el resultado de eventos desconocidos o inevitables; sin embargo, muchos casos son el resultado directo de negligencia m\u00e9dica, que puede incluir:<\/p>\n<ul>\n<li><a href=\"\/es\/negligencia-medica\/diagnostico-erroneo\/\">No tratar o diagnosticar adecuadamente<\/a> las infecciones durante el embarazo;<\/li>\n<li>No detectar problemas del cord\u00f3n umbilical, como prolapso del cord\u00f3n;<\/li>\n<li>No planificar adecuadamente, no realizar o retrasar la realizaci\u00f3n de una ces\u00e1rea;<\/li>\n<li>No controlar adecuadamente la frecuencia card\u00edaca fetal tanto durante el trabajo de parto como durante el parto;<\/li>\n<li>No utilizar instrumentos m\u00e9dicos como <a href=\"\/es\/negligencia-medica\/lesiones-de-nacimiento\/lesiones-con-forceps\/\">f\u00f3rceps<\/a> o ventosa durante el parto.<\/li>\n<\/ul>\n<p>De ninguna manera es esta una lista completa de los errores m\u00e9dicos conocidos que pueden conducir a la par\u00e1lisis cerebral. Hay muchos m\u00e1s y cada caso es diferente. Se lo debe a usted mismo y a su familia para averiguar si se puede determinar la causa de la par\u00e1lisis cerebral de su ser querido y, de ser as\u00ed, si fue causada (o podr\u00eda haber sido evitada) por su m\u00e9dico.<\/p>\n<h2>Consulte Gratis con un Abogado de Lesiones CP de Chicago<\/h2>\n<p>Si bien su m\u00e9dico puede decirle que no existe una causa clara para la par\u00e1lisis cerebral de su ser querido, no tome esto como la \u00faltima palabra. Sin costo para usted, nuestros abogados <a href=\"\/es\/negligencia-medica\/lesiones-de-nacimiento\/\">con experiencia en lesiones de nacimiento<\/a> en Chicago pueden revisar los registros m\u00e9dicos y de nacimiento junto con profesionales m\u00e9dicos expertos para ayudar a determinar si ocurri\u00f3 negligencia o negligencia m\u00e9dica. En tales casos, nuestros abogados pueden ayudar a su familia a recuperar una compensaci\u00f3n para ayudar a aliviar la carga financiera que generalmente acompa\u00f1a a una condici\u00f3n tan grave de por vida. Ya se han recaudado millones y nunca se cobrar\u00e1 una tarifa a menos que tengamos \u00e9xito en su nombre. Llame para recibir asesoramiento y orientaci\u00f3n gratuitos al (312) 243-9922. Llama ahora. Nuestros tel\u00e9fonos son atendidos las 24 horas del d\u00eda.<\/p>\n","protected":false},"excerpt":{"rendered":"<p>Abogados de Par\u00e1lisis Cerebral en Chicago La par\u00e1lisis cerebral es una malformaci\u00f3n o desarrollo anormal del cerebro, o da\u00f1o a un cerebro en desarrollo que puede ocurrir antes, durante o incluso despu\u00e9s del nacimiento de un beb\u00e9. Es una discapacidad cr\u00f3nica que se caracteriza por un control anormal de la postura y el movimiento general. [&hellip;]<\/p>\n","protected":false},"author":1,"featured_media":0,"parent":7394,"menu_order":0,"comment_status":"closed","ping_status":"closed","template":"","meta":{"_acf_changed":false,"footnotes":""},"class_list":["post-33121","page","type-page","status-publish","hentry"],"acf":[],"yoast_head":"<!-- This site is optimized with the Yoast SEO plugin v27.4 - https:\/\/yoast.com\/product\/yoast-seo-wordpress\/ -->\n<title>Abogados de Par\u00e1lisis Cerebral en Chicago - Sexner Injury Lawyers LLC<\/title>\n<meta name=\"description\" content=\"La par\u00e1lisis cerebral es una malformaci\u00f3n o desarrollo anormal del cerebro, o da\u00f1o a un cerebro en desarrollo que puede ocurrir antes, durante o incluso despu\u00e9s del nacimiento de un beb\u00e9.\" \/>\n<meta name=\"robots\" content=\"index, follow, max-snippet:-1, max-image-preview:large, max-video-preview:-1\" \/>\n<link rel=\"canonical\" href=\"https:\/\/chicagoinjurylawyer.net\/es\/negligencia-medica\/lesiones-de-nacimiento\/paralisis-cerebral\/\" \/>\n<meta property=\"og:locale\" content=\"es_ES\" \/>\n<meta property=\"og:type\" content=\"article\" \/>\n<meta property=\"og:title\" content=\"Abogados de Par\u00e1lisis Cerebral en Chicago - Sexner Injury Lawyers LLC\" \/>\n<meta property=\"og:description\" content=\"La par\u00e1lisis cerebral es una malformaci\u00f3n o desarrollo anormal del cerebro, o da\u00f1o a un cerebro en desarrollo que puede ocurrir antes, durante o incluso despu\u00e9s del nacimiento de un beb\u00e9.\" \/>\n<meta property=\"og:url\" content=\"https:\/\/chicagoinjurylawyer.net\/es\/negligencia-medica\/lesiones-de-nacimiento\/paralisis-cerebral\/\" \/>\n<meta property=\"og:site_name\" content=\"Sexner Injury Lawyers LLC\" \/>\n<meta property=\"article:modified_time\" content=\"2022-02-02T18:23:06+00:00\" \/>\n<meta property=\"og:image\" content=\"https:\/\/chicagoinjurylawyer.net\/wp-content\/uploads\/2022\/02\/Abogados-de-Para\u0301lisis-Cerebral-en-Chicago.jpg\" \/>\n<meta name=\"twitter:card\" content=\"summary_large_image\" \/>\n<meta name=\"twitter:label1\" content=\"Tiempo de lectura\" \/>\n\t<meta name=\"twitter:data1\" content=\"8 minutos\" \/>\n<!-- \/ Yoast SEO plugin. -->","yoast_head_json":{"title":"Abogados de Par\u00e1lisis Cerebral en Chicago - Sexner Injury Lawyers LLC","description":"La par\u00e1lisis cerebral es una malformaci\u00f3n o desarrollo anormal del cerebro, o da\u00f1o a un cerebro en desarrollo que puede ocurrir antes, durante o incluso despu\u00e9s del nacimiento de un beb\u00e9.","robots":{"index":"index","follow":"follow","max-snippet":"max-snippet:-1","max-image-preview":"max-image-preview:large","max-video-preview":"max-video-preview:-1"},"canonical":"https:\/\/chicagoinjurylawyer.net\/es\/negligencia-medica\/lesiones-de-nacimiento\/paralisis-cerebral\/","og_locale":"es_ES","og_type":"article","og_title":"Abogados de Par\u00e1lisis Cerebral en Chicago - Sexner Injury Lawyers LLC","og_description":"La par\u00e1lisis cerebral es una malformaci\u00f3n o desarrollo anormal del cerebro, o da\u00f1o a un cerebro en desarrollo que puede ocurrir antes, durante o incluso despu\u00e9s del nacimiento de un beb\u00e9.","og_url":"https:\/\/chicagoinjurylawyer.net\/es\/negligencia-medica\/lesiones-de-nacimiento\/paralisis-cerebral\/","og_site_name":"Sexner Injury Lawyers LLC","article_modified_time":"2022-02-02T18:23:06+00:00","og_image":[{"url":"https:\/\/chicagoinjurylawyer.net\/wp-content\/uploads\/2022\/02\/Abogados-de-Para\u0301lisis-Cerebral-en-Chicago.jpg","type":"","width":"","height":""}],"twitter_card":"summary_large_image","twitter_misc":{"Tiempo de lectura":"8 minutos"},"schema":{"@context":"https:\/\/schema.org","@graph":[{"@type":"WebPage","@id":"https:\/\/chicagoinjurylawyer.net\/es\/negligencia-medica\/lesiones-de-nacimiento\/paralisis-cerebral\/","url":"https:\/\/chicagoinjurylawyer.net\/es\/negligencia-medica\/lesiones-de-nacimiento\/paralisis-cerebral\/","name":"Abogados de Par\u00e1lisis Cerebral en Chicago - Sexner Injury Lawyers LLC","isPartOf":{"@id":"https:\/\/chicagoinjurylawyer.net\/es\/#website"},"datePublished":"2022-01-12T22:56:47+00:00","dateModified":"2022-02-02T18:23:06+00:00","description":"La par\u00e1lisis cerebral es una malformaci\u00f3n o desarrollo anormal del cerebro, o da\u00f1o a un cerebro en desarrollo que puede ocurrir antes, durante o incluso despu\u00e9s del nacimiento de un beb\u00e9.","breadcrumb":{"@id":"https:\/\/chicagoinjurylawyer.net\/es\/negligencia-medica\/lesiones-de-nacimiento\/paralisis-cerebral\/#breadcrumb"},"inLanguage":"es","potentialAction":[{"@type":"ReadAction","target":["https:\/\/chicagoinjurylawyer.net\/es\/negligencia-medica\/lesiones-de-nacimiento\/paralisis-cerebral\/"]}]},{"@type":"BreadcrumbList","@id":"https:\/\/chicagoinjurylawyer.net\/es\/negligencia-medica\/lesiones-de-nacimiento\/paralisis-cerebral\/#breadcrumb","itemListElement":[{"@type":"ListItem","position":1,"name":"Negligencia M\u00e9dica","item":"https:\/\/chicagoinjurylawyer.net\/es\/negligencia-medica\/"},{"@type":"ListItem","position":2,"name":"Lesiones De Nacimiento","item":"https:\/\/chicagoinjurylawyer.net\/es\/negligencia-medica\/lesiones-de-nacimiento\/"},{"@type":"ListItem","position":3,"name":"Par\u00e1lisis Cerebral"}]},{"@type":"WebSite","@id":"https:\/\/chicagoinjurylawyer.net\/es\/#website","url":"https:\/\/chicagoinjurylawyer.net\/es\/","name":"Sexner Injury Lawyers LLC","description":"Chicago Personal Injury Attorneys","publisher":{"@id":"https:\/\/chicagoinjurylawyer.net\/es\/#organization"},"potentialAction":[{"@type":"SearchAction","target":{"@type":"EntryPoint","urlTemplate":"https:\/\/chicagoinjurylawyer.net\/es\/?s={search_term_string}"},"query-input":{"@type":"PropertyValueSpecification","valueRequired":true,"valueName":"search_term_string"}}],"inLanguage":"es"},{"@type":"Organization","@id":"https:\/\/chicagoinjurylawyer.net\/es\/#organization","name":"[firm-name]","url":"https:\/\/chicagoinjurylawyer.net\/es\/","logo":{"@type":"ImageObject","inLanguage":"es","@id":"https:\/\/chicagoinjurylawyer.net\/es\/#\/schema\/logo\/image\/","url":"https:\/\/chicagoinjurylawyer.net\/wp-content\/uploads\/2019\/06\/msx-logo-1.png","contentUrl":"https:\/\/chicagoinjurylawyer.net\/wp-content\/uploads\/2019\/06\/msx-logo-1.png","width":180,"height":83,"caption":"[firm-name]"},"image":{"@id":"https:\/\/chicagoinjurylawyer.net\/es\/#\/schema\/logo\/image\/"}}]}},"_links":{"self":[{"href":"https:\/\/chicagoinjurylawyer.net\/es\/wp-json\/wp\/v2\/pages\/33121","targetHints":{"allow":["GET"]}}],"collection":[{"href":"https:\/\/chicagoinjurylawyer.net\/es\/wp-json\/wp\/v2\/pages"}],"about":[{"href":"https:\/\/chicagoinjurylawyer.net\/es\/wp-json\/wp\/v2\/types\/page"}],"author":[{"embeddable":true,"href":"https:\/\/chicagoinjurylawyer.net\/es\/wp-json\/wp\/v2\/users\/1"}],"replies":[{"embeddable":true,"href":"https:\/\/chicagoinjurylawyer.net\/es\/wp-json\/wp\/v2\/comments?post=33121"}],"version-history":[{"count":4,"href":"https:\/\/chicagoinjurylawyer.net\/es\/wp-json\/wp\/v2\/pages\/33121\/revisions"}],"predecessor-version":[{"id":33469,"href":"https:\/\/chicagoinjurylawyer.net\/es\/wp-json\/wp\/v2\/pages\/33121\/revisions\/33469"}],"up":[{"embeddable":true,"href":"https:\/\/chicagoinjurylawyer.net\/es\/wp-json\/wp\/v2\/pages\/7394"}],"wp:attachment":[{"href":"https:\/\/chicagoinjurylawyer.net\/es\/wp-json\/wp\/v2\/media?parent=33121"}],"curies":[{"name":"wp","href":"https:\/\/api.w.org\/{rel}","templated":true}]}}