{"id":33123,"date":"2022-01-12T16:54:43","date_gmt":"2022-01-12T22:54:43","guid":{"rendered":"https:\/\/pi-sexner.tseg.co\/?page_id=33123"},"modified":"2022-02-07T11:00:24","modified_gmt":"2022-02-07T17:00:24","slug":"lesiones-con-forceps","status":"publish","type":"page","link":"https:\/\/chicagoinjurylawyer.net\/es\/negligencia-medica\/lesiones-de-nacimiento\/lesiones-con-forceps\/","title":{"rendered":"Lesiones con F\u00f3rceps"},"content":{"rendered":"<h1>Abogado de Lesiones con F\u00f3rceps de Chicago<\/h1>\n<p><img decoding=\"async\" class=\"alignright wp-image-33524\" src=\"\/wp-content\/uploads\/2022\/02\/Lesiones-con-Fo\u0301rceps.jpg\" alt=\"Lesiones con F\u00f3rceps\" width=\"400\" height=\"350\" srcset=\"https:\/\/chicagoinjurylawyer.net\/wp-content\/uploads\/2022\/02\/Lesiones-con-Fo\u0301rceps.jpg 800w, https:\/\/chicagoinjurylawyer.net\/wp-content\/uploads\/2022\/02\/Lesiones-con-Fo\u0301rceps-300x263.jpg 300w, https:\/\/chicagoinjurylawyer.net\/wp-content\/uploads\/2022\/02\/Lesiones-con-Fo\u0301rceps-768x672.jpg 768w\" sizes=\"(max-width: 400px) 100vw, 400px\" \/>Aunque es un procedimiento muy com\u00fan en el pasado, el uso de f\u00f3rceps se ha vuelto mucho menos generalizado y representa menos del 1% del total de partos. Los estudios actuales sugieren que las muertes no necesariamente aumentan con per\u00edodos m\u00e1s largos de trabajo de parto, siempre que se lleve a cabo un control fetal cuidadoso. Como resultado, es menos una <a href=\"\/es\/negligencia-medica\/errores-de-sala-emergencia\/\">emergencia m\u00e9dica<\/a> cuando el trabajo de parto es largo y, por lo tanto, el uso de f\u00f3rceps es menos necesario en los hospitales de hoy.<\/p>\n<p>La otra raz\u00f3n por la que el uso de f\u00f3rceps ha disminuido es la mayor disponibilidad de ces\u00e1reas. Mientras que, en el pasado, las ces\u00e1reas se consideraban un \u00faltimo recurso y eran peligrosas debido al mayor riesgo de infecci\u00f3n y lesi\u00f3n, las opciones de antibi\u00f3ticos y las t\u00e9cnicas quir\u00fargicas m\u00e1s recientes han hecho que las ces\u00e1reas sean mucho m\u00e1s comunes.<\/p>\n<p>Cuando nacen los beb\u00e9s, a menudo presentan hematomas en la cara, el cuerpo y la cabeza como resultado de su paso por el canal del parto. Estos hematomas generalmente desaparecen por s\u00ed solos y representan poco o ning\u00fan riesgo para la salud. Sin embargo, si los hematomas son profundos, es probable que un profesional m\u00e9dico haya usado un f\u00f3rceps incorrectamente para sacar al ni\u00f1o del canal de parto.<\/p>\n<p>A pesar de la disminuci\u00f3n en los partos con f\u00f3rceps, todav\u00eda ocurren lesiones tanto al beb\u00e9 como a la madre como resultado de <a href=\"\/es\/negligencia-medica\/\">negligencia m\u00e9dica<\/a>. Desde 1990, <a href=\"\/es\/negligencia-medica\/lesiones-de-nacimiento\/\">los abogados de lesiones de nacimiento<\/a> en Chicago de Sexner Injury Lawyers LLC han estado ayudando a las familias en este sentido, y se han <a href=\"\/es\/nuestro-exito\/\">recuperado millones<\/a> en su nombre. Ll\u00e1menos las 24 horas del d\u00eda al <a href=\"tel:3122439922\">(312) 243-9922<\/a> para obtener informaci\u00f3n gratuita.<\/p>\n<h2>Tipos de Partos con F\u00f3rceps<\/h2>\n<p>Dependiendo de la ubicaci\u00f3n de la cabeza fetal en relaci\u00f3n con la pelvis de la madre, un parto con f\u00f3rceps se puede clasificar como uno de los siguientes:<\/p>\n<ul>\n<li><strong>Pinzas de salida<\/strong>: Cuando el cuero cabelludo del beb\u00e9 es visible entre las contracciones;<\/li>\n<li><strong>Pinzas bajas<\/strong>: Cuando la cabeza del beb\u00e9 est\u00e1 en el suelo p\u00e9lvico;<\/li>\n<li><strong>Pinzas medias<\/strong>: Cuando la cabeza del beb\u00e9 ha alcanzado el plano medio de la pelvis de la madre;<\/li>\n<li><strong>Pinzas altas<\/strong>: Cuando la cabeza del beb\u00e9 no est\u00e1 completamente encajada en el canal del parto.<\/li>\n<\/ul>\n<h2>Entrega de F\u00f3rceps por Negligencia M\u00e9dica<\/h2>\n<p>Existe la posibilidad de lesiones graves y permanentes tanto para el beb\u00e9 como para la madre cada vez que se intenta un parto con f\u00f3rceps. Por lo tanto, es de suma importancia que el m\u00e9dico <a href=\"\/es\/negligencia-medica\/ginecologia\/\">obstetra \/ ginec\u00f3logo<\/a> se asegure de que se cumplan ciertas condiciones antes de intentar un procedimiento de este tipo. Hacer lo contrario puede ser negligencia y si se produce una lesi\u00f3n, su familia puede tener derecho a presentar una demanda por da\u00f1os monetarios contra el proveedor m\u00e9dico. Entre los requisitos que debe seguir un m\u00e9dico para evitar negligencia se encuentran:<\/p>\n<ul>\n<li>La posici\u00f3n de la cabeza fetal debe estar bien establecida.<\/li>\n<li>El cuello uterino de la madre debe estar completamente retra\u00eddo y dilatado.<\/li>\n<li>La cabeza fetal debe estar enganchada.<\/li>\n<li>Las membranas deben haberse roto<\/li>\n<li>Analgesia suficiente administrada antes del procedimiento.<\/li>\n<li>El tama\u00f1o de la pelvis en comparaci\u00f3n con el tama\u00f1o de la cabeza fetal debe evaluarse antes del procedimiento.<\/li>\n<li>Suficiente personal de apoyo e instalaciones adecuadas disponibles.<\/li>\n<li>El m\u00e9dico debe estar debidamente educado y tener experiencia en el uso de f\u00f3rceps.<\/li>\n<\/ul>\n<h2>Negligencia M\u00e9dica de Lesi\u00f3n a la Madre de F\u00f3rceps<\/h2>\n<p><img decoding=\"async\" class=\"alignright wp-image-33526\" src=\"\/wp-content\/uploads\/2022\/02\/Abogado-de-Lesiones-con-Fo\u0301rceps.jpg\" alt=\"Abogado de Lesiones con F\u00f3rceps\" width=\"400\" height=\"267\" srcset=\"https:\/\/chicagoinjurylawyer.net\/wp-content\/uploads\/2022\/02\/Abogado-de-Lesiones-con-Fo\u0301rceps.jpg 1000w, https:\/\/chicagoinjurylawyer.net\/wp-content\/uploads\/2022\/02\/Abogado-de-Lesiones-con-Fo\u0301rceps-300x200.jpg 300w, https:\/\/chicagoinjurylawyer.net\/wp-content\/uploads\/2022\/02\/Abogado-de-Lesiones-con-Fo\u0301rceps-768x512.jpg 768w\" sizes=\"(max-width: 400px) 100vw, 400px\" \/>Uno de los requisitos m\u00e1s importantes para un parto con f\u00f3rceps es que el m\u00e9dico debe estar capacitado y tener conocimiento en el uso de este dispositivo. De lo contrario, incluso si se cumplen todos los dem\u00e1s requisitos, los resultados pueden ser graves o incluso <a href=\"\/es\/muerte-injusta\/\">fatales<\/a>. Algunos de los riesgos para la madre durante este procedimiento incluyen:<\/p>\n<ul>\n<li>Heridas o desgarros en el tracto genital inferior.<\/li>\n<li>Ligamentos y m\u00fasculos debilitados que ofrecen apoyo a los \u00f3rganos p\u00e9lvicos, lo que puede provocar la ca\u00edda de los \u00f3rganos p\u00e9lvicos de la posici\u00f3n normal (conocido como prolapso p\u00e9lvico)<\/li>\n<li>Lesi\u00f3n de uretra o vejiga<\/li>\n<li>Dolor en el tejido que rodea el ano y la vagina (perineo)<\/li>\n<li>Problemas para vaciar la vejiga o para orinar.<\/li>\n<li>P\u00e9rdida del control de la vejiga o incontinencia.<\/li>\n<li>P\u00e9rdida de sangre durante el parto o anemia.<\/li>\n<\/ul>\n<h2>Negligencia M\u00e9dica de Lesi\u00f3n con F\u00f3rceps en el Beb\u00e9<\/h2>\n<p>Sin embargo, algunos de los peligros m\u00e1s graves y potencialmente fatales inherentes a un parto con f\u00f3rceps son los del beb\u00e9. Cada vez que se aplica presi\u00f3n a la cabeza de un feto o se ejerce cualquier fuerza sobre sus huesos muy fr\u00e1giles, existe la posibilidad de da\u00f1os graves <a href=\"\/es\/muerte-injusta\/\">o muerte por negligencia<\/a>. Algunos de esos peligros incluyen:<\/p>\n<ul>\n<li>Cefalohematoma (sangrado dentro del cr\u00e1neo)<\/li>\n<li>Trauma ocular<\/li>\n<li>Fracturas de cr\u00e1neo<\/li>\n<li>Par\u00e1lisis facial u otras lesiones del nervio craneal<\/li>\n<li>Convulsiones<\/li>\n<li>Hemorragias cerebrales<\/li>\n<li>Contusiones<\/li>\n<li><a href=\"\/es\/lesiones-cerebrales-traumaticas\/\">Desgarro de tejido cerebral<\/a> o vasos sangu\u00edneos.<\/li>\n<li><a href=\"\/es\/negligencia-medica\/lesiones-de-nacimiento\/plexo-braquial\/\">Lesi\u00f3n del plexo braquial<\/a><\/li>\n<li><a href=\"\/es\/lesiones-de-la-medula-espinal\/\">Lesi\u00f3n de la m\u00e9dula espinal<\/a><\/li>\n<li><a href=\"\/es\/negligencia-medica\/lesiones-de-nacimiento\/paralisis-cerebral\/\">Par\u00e1lisis cerebral<\/a><\/li>\n<li>Carrera<\/li>\n<li>Encefalopat\u00eda isqu\u00e9mica hip\u00f3xica<\/li>\n<li>Problemas intelectuales y de desarrollo<\/li>\n<\/ul>\n<h2>Demandas por Negligencia M\u00e9dica con Entrega de F\u00f3rceps<\/h2>\n<p>Cada vez que un m\u00e9dico no cumple con el \"est\u00e1ndar de atenci\u00f3n\" de modo que se produce una lesi\u00f3n, se ha producido una negligencia m\u00e9dica. En el caso de negligencia con el f\u00f3rceps, pueden ocurrir lesiones muy graves y permanentes tanto a la madre como al ni\u00f1o, como se detalla anteriormente. Cuando esto sucede, el resultado es dolor, sufrimiento y gastos continuos que pueden dificultar la vida cotidiana. Nuestras oficinas legales tienen experiencia en estos asuntos y pueden presentar una demanda en su nombre para responsabilizar a los proveedores m\u00e9dicos y brindar al menos algo de justicia a una situaci\u00f3n injusta.<\/p>\n<h2>Hable con un Abogado Especializado en Lesiones de Nacimiento en Chicago con Experiencia en Parto con F\u00f3rceps<\/h2>\n<p><img decoding=\"async\" class=\"alignright wp-image-33528\" src=\"\/wp-content\/uploads\/2022\/02\/Abogado-de-Lesiones-con-Fo\u0301rceps-de-Chicago.jpg\" alt=\"Abogado de Lesiones con F\u00f3rceps de Chicago\" width=\"400\" height=\"300\" srcset=\"https:\/\/chicagoinjurylawyer.net\/wp-content\/uploads\/2022\/02\/Abogado-de-Lesiones-con-Fo\u0301rceps-de-Chicago.jpg 1000w, https:\/\/chicagoinjurylawyer.net\/wp-content\/uploads\/2022\/02\/Abogado-de-Lesiones-con-Fo\u0301rceps-de-Chicago-300x225.jpg 300w, https:\/\/chicagoinjurylawyer.net\/wp-content\/uploads\/2022\/02\/Abogado-de-Lesiones-con-Fo\u0301rceps-de-Chicago-768x576.jpg 768w\" sizes=\"(max-width: 400px) 100vw, 400px\" \/>Desde 1990, los abogados afiliados a <a href=\"\/es\/\">Sexner Injury Lawyers LLC<\/a> han estado ayudando a las familias afectadas por la negligencia m\u00e9dica de m\u00e9dicos, enfermeras y hospitales. Se han recaudado muchos millones de d\u00f3lares en su nombre para ayudar a aliviar las cargas financieras asociadas con las lesiones causadas por dichos profesionales m\u00e9dicos. Llame hoy al (312) 243-9922 para hablar con un miembro experimentado de nuestro equipo legal sin ninguna obligaci\u00f3n ni costo para usted.<\/p>\n","protected":false},"excerpt":{"rendered":"<p>Abogado de Lesiones con F\u00f3rceps de Chicago Aunque es un procedimiento muy com\u00fan en el pasado, el uso de f\u00f3rceps se ha vuelto mucho menos generalizado y representa menos del 1% del total de partos. Los estudios actuales sugieren que las muertes no necesariamente aumentan con per\u00edodos m\u00e1s largos de trabajo de parto, siempre que [&hellip;]<\/p>\n","protected":false},"author":1,"featured_media":0,"parent":7394,"menu_order":0,"comment_status":"closed","ping_status":"closed","template":"","meta":{"_acf_changed":false,"footnotes":""},"class_list":["post-33123","page","type-page","status-publish","hentry"],"acf":[],"yoast_head":"<!-- This site is optimized with the Yoast SEO plugin v27.4 - https:\/\/yoast.com\/product\/yoast-seo-wordpress\/ -->\n<title>Abogado de Lesiones con F\u00f3rceps de Chicago - Sexner Injury Lawyers LLC<\/title>\n<meta name=\"description\" content=\"A pesar de la disminuci\u00f3n en los partos con f\u00f3rceps, todav\u00eda ocurren lesiones tanto al beb\u00e9 como a la madre como resultado de negligencia m\u00e9dica.\" \/>\n<meta name=\"robots\" content=\"index, follow, max-snippet:-1, max-image-preview:large, max-video-preview:-1\" \/>\n<link rel=\"canonical\" href=\"https:\/\/chicagoinjurylawyer.net\/es\/negligencia-medica\/lesiones-de-nacimiento\/lesiones-con-forceps\/\" \/>\n<meta property=\"og:locale\" content=\"es_ES\" \/>\n<meta property=\"og:type\" content=\"article\" \/>\n<meta property=\"og:title\" content=\"Abogado de Lesiones con F\u00f3rceps de Chicago - Sexner Injury Lawyers LLC\" \/>\n<meta property=\"og:description\" content=\"A pesar de la disminuci\u00f3n en los partos con f\u00f3rceps, todav\u00eda ocurren lesiones tanto al beb\u00e9 como a la madre como resultado de negligencia m\u00e9dica.\" \/>\n<meta property=\"og:url\" content=\"https:\/\/chicagoinjurylawyer.net\/es\/negligencia-medica\/lesiones-de-nacimiento\/lesiones-con-forceps\/\" \/>\n<meta property=\"og:site_name\" content=\"Sexner Injury Lawyers LLC\" \/>\n<meta property=\"article:modified_time\" content=\"2022-02-07T17:00:24+00:00\" \/>\n<meta property=\"og:image\" content=\"https:\/\/chicagoinjurylawyer.net\/wp-content\/uploads\/2022\/02\/Lesiones-con-Fo\u0301rceps.jpg\" \/>\n<meta name=\"twitter:card\" content=\"summary_large_image\" \/>\n<meta name=\"twitter:label1\" content=\"Tiempo de lectura\" \/>\n\t<meta name=\"twitter:data1\" content=\"6 minutos\" \/>\n<!-- \/ Yoast SEO plugin. -->","yoast_head_json":{"title":"Abogado de Lesiones con F\u00f3rceps de Chicago - Sexner Injury Lawyers LLC","description":"A pesar de la disminuci\u00f3n en los partos con f\u00f3rceps, todav\u00eda ocurren lesiones tanto al beb\u00e9 como a la madre como resultado de negligencia m\u00e9dica.","robots":{"index":"index","follow":"follow","max-snippet":"max-snippet:-1","max-image-preview":"max-image-preview:large","max-video-preview":"max-video-preview:-1"},"canonical":"https:\/\/chicagoinjurylawyer.net\/es\/negligencia-medica\/lesiones-de-nacimiento\/lesiones-con-forceps\/","og_locale":"es_ES","og_type":"article","og_title":"Abogado de Lesiones con F\u00f3rceps de Chicago - Sexner Injury Lawyers LLC","og_description":"A pesar de la disminuci\u00f3n en los partos con f\u00f3rceps, todav\u00eda ocurren lesiones tanto al beb\u00e9 como a la madre como resultado de negligencia m\u00e9dica.","og_url":"https:\/\/chicagoinjurylawyer.net\/es\/negligencia-medica\/lesiones-de-nacimiento\/lesiones-con-forceps\/","og_site_name":"Sexner Injury Lawyers LLC","article_modified_time":"2022-02-07T17:00:24+00:00","og_image":[{"url":"https:\/\/chicagoinjurylawyer.net\/wp-content\/uploads\/2022\/02\/Lesiones-con-Fo\u0301rceps.jpg","type":"","width":"","height":""}],"twitter_card":"summary_large_image","twitter_misc":{"Tiempo de lectura":"6 minutos"},"schema":{"@context":"https:\/\/schema.org","@graph":[{"@type":"WebPage","@id":"https:\/\/chicagoinjurylawyer.net\/es\/negligencia-medica\/lesiones-de-nacimiento\/lesiones-con-forceps\/","url":"https:\/\/chicagoinjurylawyer.net\/es\/negligencia-medica\/lesiones-de-nacimiento\/lesiones-con-forceps\/","name":"Abogado de Lesiones con F\u00f3rceps de Chicago - Sexner Injury Lawyers LLC","isPartOf":{"@id":"https:\/\/chicagoinjurylawyer.net\/es\/#website"},"datePublished":"2022-01-12T22:54:43+00:00","dateModified":"2022-02-07T17:00:24+00:00","description":"A pesar de la disminuci\u00f3n en los partos con f\u00f3rceps, todav\u00eda ocurren lesiones tanto al beb\u00e9 como a la madre como resultado de negligencia m\u00e9dica.","breadcrumb":{"@id":"https:\/\/chicagoinjurylawyer.net\/es\/negligencia-medica\/lesiones-de-nacimiento\/lesiones-con-forceps\/#breadcrumb"},"inLanguage":"es","potentialAction":[{"@type":"ReadAction","target":["https:\/\/chicagoinjurylawyer.net\/es\/negligencia-medica\/lesiones-de-nacimiento\/lesiones-con-forceps\/"]}]},{"@type":"BreadcrumbList","@id":"https:\/\/chicagoinjurylawyer.net\/es\/negligencia-medica\/lesiones-de-nacimiento\/lesiones-con-forceps\/#breadcrumb","itemListElement":[{"@type":"ListItem","position":1,"name":"Negligencia M\u00e9dica","item":"https:\/\/chicagoinjurylawyer.net\/es\/negligencia-medica\/"},{"@type":"ListItem","position":2,"name":"Lesiones De Nacimiento","item":"https:\/\/chicagoinjurylawyer.net\/es\/negligencia-medica\/lesiones-de-nacimiento\/"},{"@type":"ListItem","position":3,"name":"Lesiones con F\u00f3rceps"}]},{"@type":"WebSite","@id":"https:\/\/chicagoinjurylawyer.net\/es\/#website","url":"https:\/\/chicagoinjurylawyer.net\/es\/","name":"Sexner Injury Lawyers LLC","description":"Chicago Personal Injury Attorneys","publisher":{"@id":"https:\/\/chicagoinjurylawyer.net\/es\/#organization"},"potentialAction":[{"@type":"SearchAction","target":{"@type":"EntryPoint","urlTemplate":"https:\/\/chicagoinjurylawyer.net\/es\/?s={search_term_string}"},"query-input":{"@type":"PropertyValueSpecification","valueRequired":true,"valueName":"search_term_string"}}],"inLanguage":"es"},{"@type":"Organization","@id":"https:\/\/chicagoinjurylawyer.net\/es\/#organization","name":"[firm-name]","url":"https:\/\/chicagoinjurylawyer.net\/es\/","logo":{"@type":"ImageObject","inLanguage":"es","@id":"https:\/\/chicagoinjurylawyer.net\/es\/#\/schema\/logo\/image\/","url":"https:\/\/chicagoinjurylawyer.net\/wp-content\/uploads\/2019\/06\/msx-logo-1.png","contentUrl":"https:\/\/chicagoinjurylawyer.net\/wp-content\/uploads\/2019\/06\/msx-logo-1.png","width":180,"height":83,"caption":"[firm-name]"},"image":{"@id":"https:\/\/chicagoinjurylawyer.net\/es\/#\/schema\/logo\/image\/"}}]}},"_links":{"self":[{"href":"https:\/\/chicagoinjurylawyer.net\/es\/wp-json\/wp\/v2\/pages\/33123","targetHints":{"allow":["GET"]}}],"collection":[{"href":"https:\/\/chicagoinjurylawyer.net\/es\/wp-json\/wp\/v2\/pages"}],"about":[{"href":"https:\/\/chicagoinjurylawyer.net\/es\/wp-json\/wp\/v2\/types\/page"}],"author":[{"embeddable":true,"href":"https:\/\/chicagoinjurylawyer.net\/es\/wp-json\/wp\/v2\/users\/1"}],"replies":[{"embeddable":true,"href":"https:\/\/chicagoinjurylawyer.net\/es\/wp-json\/wp\/v2\/comments?post=33123"}],"version-history":[{"count":6,"href":"https:\/\/chicagoinjurylawyer.net\/es\/wp-json\/wp\/v2\/pages\/33123\/revisions"}],"predecessor-version":[{"id":33621,"href":"https:\/\/chicagoinjurylawyer.net\/es\/wp-json\/wp\/v2\/pages\/33123\/revisions\/33621"}],"up":[{"embeddable":true,"href":"https:\/\/chicagoinjurylawyer.net\/es\/wp-json\/wp\/v2\/pages\/7394"}],"wp:attachment":[{"href":"https:\/\/chicagoinjurylawyer.net\/es\/wp-json\/wp\/v2\/media?parent=33123"}],"curies":[{"name":"wp","href":"https:\/\/api.w.org\/{rel}","templated":true}]}}