{"id":33143,"date":"2022-01-13T16:17:58","date_gmt":"2022-01-13T22:17:58","guid":{"rendered":"https:\/\/pi-sexner.tseg.co\/?page_id=33143"},"modified":"2022-02-02T16:37:40","modified_gmt":"2022-02-02T22:37:40","slug":"novatadas","status":"publish","type":"page","link":"https:\/\/chicagoinjurylawyer.net\/es\/novatadas\/","title":{"rendered":"Novatadas"},"content":{"rendered":"<h1>Abogados de Novatadas en Chicago<\/h1>\n<p><img decoding=\"async\" class=\"alignright wp-image-33532\" src=\"\/wp-content\/uploads\/2022\/02\/Abogados-de-Novatadas-en-Chicago.jpg\" alt=\"Abogados de Novatadas en Chicago\" width=\"400\" height=\"267\" srcset=\"https:\/\/chicagoinjurylawyer.net\/wp-content\/uploads\/2022\/02\/Abogados-de-Novatadas-en-Chicago.jpg 1000w, https:\/\/chicagoinjurylawyer.net\/wp-content\/uploads\/2022\/02\/Abogados-de-Novatadas-en-Chicago-300x200.jpg 300w, https:\/\/chicagoinjurylawyer.net\/wp-content\/uploads\/2022\/02\/Abogados-de-Novatadas-en-Chicago-768x512.jpg 768w\" sizes=\"(max-width: 400px) 100vw, 400px\" \/>Es un ritual milenario que a menudo se explica como el deseo de formar v\u00ednculos fraternales o fraternales bajo una experiencia compartida. Sin embargo, hay un lado siniestro y peligroso de las tradiciones secretas. Eso fue destacado recientemente por <a href=\"\/es\/muerte-injusta\/\">la muerte<\/a> de alto perfil de Timothy Piazza. El joven de 19 a\u00f1os muri\u00f3 despu\u00e9s de un ritual de novatadas en Penn State, donde se vio obligado a beber 18 tragos en 82 minutos. Falleci\u00f3 con un contenido de alcohol en sangre de .36, que estaba muy por encima del l\u00edmite legal. Despu\u00e9s de su muerte, Pensilvania aprob\u00f3 algunas de las leyes de novatadas m\u00e1s estrictas del pa\u00eds.<\/p>\n<p>Las universidades de todo el pa\u00eds tambi\u00e9n est\u00e1n tomando medidas en\u00e9rgicas contra estas actividades no autorizadas. No es diferente en el \u00e1rea de Chicago, donde estas actividades peligrosas y no autorizadas probablemente ocurren en todas partes, incluidas escuelas conocidas como la Universidad Northwestern, la Universidad de Illinois y la Universidad de Chicago. Si su hijo result\u00f3 <a href=\"\/es\/\">herido<\/a> o muri\u00f3 en un incidente de novatadas, puede responsabilizar a la parte responsable. Comun\u00edquese con los abogados de novatadas en Chicago de Sexner Injury Lawyers LLC llamando al (312) 243-9922 para una consulta legal gratuita.<\/p>\n<h2>\u00bfQu\u00e9 es una Novatada?<\/h2>\n<p>De acuerdo con la ley de Illinois, la novatada es cuando un estudiante obliga a otro estudiante a realizar un acto no autorizado con el prop\u00f3sito de ser admitido en una organizaci\u00f3n o sociedad, lo que resulta en da\u00f1o corporal. Algunos ejemplos de la vida real de novatadas incluyen obligar a las personas a beber alcohol o comer ciertos alimentos, obligar a alguien a servirle o completar las tareas del hogar, gritar y gritar de una manera degradante o humillante, o golpear f\u00edsicamente a alguien para iniciarlo en una organizaci\u00f3n.<\/p>\n<p>Es ilegal participar en novatadas en Illinois. Muchas escuelas tienen sus propias filosof\u00edas sobre las novatadas, definiendo las novatadas como un acto que no contribuye al desarrollo positivo de un individuo, inflige da\u00f1o emocional o psicol\u00f3gico, o degrada y deshonra a una persona.<\/p>\n<h2>\u00bfQu\u00e9 es la Ley de Responsabilidad Social de Illinois?<\/h2>\n<p>Tambi\u00e9n conocida como la Ley de Responsabilidad de Menores con Deficiencia de Drogas o Alcohol, se promulg\u00f3 luego de la muerte de una ni\u00f1a de 16 a\u00f1os, que qued\u00f3 desatendida despu\u00e9s de ser presionada para beber una botella entera de licor. La ley est\u00e1 destinada a los adultos que suministran alcohol a menores, pero tambi\u00e9n se puede utilizar en acciones legales contra fraternidades y hermandades de mujeres si se llevan a cabo novatadas. Por ejemplo, un \u201cpledge\u201d de la Universidad del Norte de Illinois muri\u00f3 despu\u00e9s de una noche de consumo forzado de alcohol, aunque el caso se complic\u00f3 y se impugn\u00f3 en la corte cuando se cuestion\u00f3 si el caso era una situaci\u00f3n de acogida social o si se aplicaba la ley de novatadas.<\/p>\n<h2>Sanciones por Novatadas<\/h2>\n<p>Aparte de las sanciones legales por novatadas, los estudiantes probablemente recibir\u00e1n un castigo de su escuela si son declarados culpables o condenados por novatadas. Hay docenas de escuelas en Illinois, todas las cuales tienen sus propios mandatos y castigos con respecto a las novatadas. Algunos castigos incluyen la expulsi\u00f3n de la organizaci\u00f3n o de la propia escuela.<\/p>\n<h2>Si Un Querido Fue V\u00edctima de Novatadas, Hable Con Uno de Nuestros Abogados con Experiencia en Chicago<\/h2>\n<p>Las novatadas son una costumbre seria, peligrosa y, a veces, mortal que siempre es motivo de preocupaci\u00f3n para los padres y otras personas involucradas. Si su hijo ha sido v\u00edctima de novatadas, es mejor ponerse en contacto con un abogado para asegurarse de que el sistema judicial lo trate de manera justa. Los abogados con experiencia en lesiones de Chicago de Sexner Injury Lawyers LLC saben lo que se necesita para asegurarse de que su hijo est\u00e9 debidamente protegido. Puede comunicarse con nosotros las 24 horas del d\u00eda, los 7 d\u00edas de la semana, con oficinas convenientes en Chicago, Arlington Heights y otros lugares. <a href=\"\/es\/contactenos\/\">Ll\u00e1menos<\/a> al (312) 243-9922 o complete un formulario en l\u00ednea para obtener informaci\u00f3n gratuita hoy.<\/p>\n","protected":false},"excerpt":{"rendered":"<p>Abogados de Novatadas en Chicago Es un ritual milenario que a menudo se explica como el deseo de formar v\u00ednculos fraternales o fraternales bajo una experiencia compartida. Sin embargo, hay un lado siniestro y peligroso de las tradiciones secretas. Eso fue destacado recientemente por la muerte de alto perfil de Timothy Piazza. El joven de [&hellip;]<\/p>\n","protected":false},"author":1,"featured_media":0,"parent":0,"menu_order":0,"comment_status":"closed","ping_status":"closed","template":"","meta":{"_acf_changed":false,"footnotes":""},"class_list":["post-33143","page","type-page","status-publish","hentry"],"acf":[],"yoast_head":"<!-- This site is optimized with the Yoast SEO plugin v27.5 - https:\/\/yoast.com\/product\/yoast-seo-wordpress\/ -->\n<title>Abogados de Novatadas en Chicago - Sexner Injury Lawyers LLC<\/title>\n<meta name=\"description\" content=\"Si su hijo result\u00f3 herido o muri\u00f3 en un incidente de novatadas, puede responsabilizar a la parte responsable.\" \/>\n<meta name=\"robots\" content=\"index, follow, max-snippet:-1, max-image-preview:large, max-video-preview:-1\" \/>\n<link rel=\"canonical\" href=\"https:\/\/chicagoinjurylawyer.net\/es\/novatadas\/\" \/>\n<meta property=\"og:locale\" content=\"es_ES\" \/>\n<meta property=\"og:type\" content=\"article\" \/>\n<meta property=\"og:title\" content=\"Abogados de Novatadas en Chicago - Sexner Injury Lawyers LLC\" \/>\n<meta property=\"og:description\" content=\"Si su hijo result\u00f3 herido o muri\u00f3 en un incidente de novatadas, puede responsabilizar a la parte responsable.\" \/>\n<meta property=\"og:url\" content=\"https:\/\/chicagoinjurylawyer.net\/es\/novatadas\/\" \/>\n<meta property=\"og:site_name\" content=\"Sexner Injury Lawyers LLC\" \/>\n<meta property=\"article:modified_time\" content=\"2022-02-02T22:37:40+00:00\" \/>\n<meta property=\"og:image\" content=\"https:\/\/chicagoinjurylawyer.net\/wp-content\/uploads\/2022\/02\/Abogados-de-Novatadas-en-Chicago.jpg\" \/>\n<meta name=\"twitter:card\" content=\"summary_large_image\" \/>\n<meta name=\"twitter:label1\" content=\"Tiempo de lectura\" \/>\n\t<meta name=\"twitter:data1\" content=\"3 minutos\" \/>\n<!-- \/ Yoast SEO plugin. -->","yoast_head_json":{"title":"Abogados de Novatadas en Chicago - Sexner Injury Lawyers LLC","description":"Si su hijo result\u00f3 herido o muri\u00f3 en un incidente de novatadas, puede responsabilizar a la parte responsable.","robots":{"index":"index","follow":"follow","max-snippet":"max-snippet:-1","max-image-preview":"max-image-preview:large","max-video-preview":"max-video-preview:-1"},"canonical":"https:\/\/chicagoinjurylawyer.net\/es\/novatadas\/","og_locale":"es_ES","og_type":"article","og_title":"Abogados de Novatadas en Chicago - Sexner Injury Lawyers LLC","og_description":"Si su hijo result\u00f3 herido o muri\u00f3 en un incidente de novatadas, puede responsabilizar a la parte responsable.","og_url":"https:\/\/chicagoinjurylawyer.net\/es\/novatadas\/","og_site_name":"Sexner Injury Lawyers LLC","article_modified_time":"2022-02-02T22:37:40+00:00","og_image":[{"url":"https:\/\/chicagoinjurylawyer.net\/wp-content\/uploads\/2022\/02\/Abogados-de-Novatadas-en-Chicago.jpg","type":"","width":"","height":""}],"twitter_card":"summary_large_image","twitter_misc":{"Tiempo de lectura":"3 minutos"},"schema":{"@context":"https:\/\/schema.org","@graph":[{"@type":"WebPage","@id":"https:\/\/chicagoinjurylawyer.net\/es\/novatadas\/","url":"https:\/\/chicagoinjurylawyer.net\/es\/novatadas\/","name":"Abogados de Novatadas en Chicago - Sexner Injury Lawyers LLC","isPartOf":{"@id":"https:\/\/chicagoinjurylawyer.net\/es\/#website"},"datePublished":"2022-01-13T22:17:58+00:00","dateModified":"2022-02-02T22:37:40+00:00","description":"Si su hijo result\u00f3 herido o muri\u00f3 en un incidente de novatadas, puede responsabilizar a la parte responsable.","inLanguage":"es","potentialAction":[{"@type":"ReadAction","target":["https:\/\/chicagoinjurylawyer.net\/es\/novatadas\/"]}]},{"@type":"WebSite","@id":"https:\/\/chicagoinjurylawyer.net\/es\/#website","url":"https:\/\/chicagoinjurylawyer.net\/es\/","name":"Sexner Injury Lawyers LLC","description":"Chicago Personal Injury Attorneys","publisher":{"@id":"https:\/\/chicagoinjurylawyer.net\/es\/#organization"},"potentialAction":[{"@type":"SearchAction","target":{"@type":"EntryPoint","urlTemplate":"https:\/\/chicagoinjurylawyer.net\/es\/?s={search_term_string}"},"query-input":{"@type":"PropertyValueSpecification","valueRequired":true,"valueName":"search_term_string"}}],"inLanguage":"es"},{"@type":"Organization","@id":"https:\/\/chicagoinjurylawyer.net\/es\/#organization","name":"[firm-name]","url":"https:\/\/chicagoinjurylawyer.net\/es\/","logo":{"@type":"ImageObject","inLanguage":"es","@id":"https:\/\/chicagoinjurylawyer.net\/es\/#\/schema\/logo\/image\/","url":"https:\/\/chicagoinjurylawyer.net\/wp-content\/uploads\/2019\/06\/msx-logo-1.png","contentUrl":"https:\/\/chicagoinjurylawyer.net\/wp-content\/uploads\/2019\/06\/msx-logo-1.png","width":180,"height":83,"caption":"[firm-name]"},"image":{"@id":"https:\/\/chicagoinjurylawyer.net\/es\/#\/schema\/logo\/image\/"}}]}},"_links":{"self":[{"href":"https:\/\/chicagoinjurylawyer.net\/es\/wp-json\/wp\/v2\/pages\/33143","targetHints":{"allow":["GET"]}}],"collection":[{"href":"https:\/\/chicagoinjurylawyer.net\/es\/wp-json\/wp\/v2\/pages"}],"about":[{"href":"https:\/\/chicagoinjurylawyer.net\/es\/wp-json\/wp\/v2\/types\/page"}],"author":[{"embeddable":true,"href":"https:\/\/chicagoinjurylawyer.net\/es\/wp-json\/wp\/v2\/users\/1"}],"replies":[{"embeddable":true,"href":"https:\/\/chicagoinjurylawyer.net\/es\/wp-json\/wp\/v2\/comments?post=33143"}],"version-history":[{"count":3,"href":"https:\/\/chicagoinjurylawyer.net\/es\/wp-json\/wp\/v2\/pages\/33143\/revisions"}],"predecessor-version":[{"id":33535,"href":"https:\/\/chicagoinjurylawyer.net\/es\/wp-json\/wp\/v2\/pages\/33143\/revisions\/33535"}],"wp:attachment":[{"href":"https:\/\/chicagoinjurylawyer.net\/es\/wp-json\/wp\/v2\/media?parent=33143"}],"curies":[{"name":"wp","href":"https:\/\/api.w.org\/{rel}","templated":true}]}}