{"id":33150,"date":"2022-01-14T10:27:14","date_gmt":"2022-01-14T16:27:14","guid":{"rendered":"https:\/\/pi-sexner.tseg.co\/?page_id=33150"},"modified":"2022-02-02T12:56:54","modified_gmt":"2022-02-02T18:56:54","slug":"conduccion-distraida","status":"publish","type":"page","link":"https:\/\/chicagoinjurylawyer.net\/es\/accidentes-de-trafico\/conduccion-distraida\/","title":{"rendered":"Conducci\u00f3n Distra\u00edda"},"content":{"rendered":"<h1>Abogados de Accidentes Automovil\u00edsticos por Conducci\u00f3n Distra\u00edda en Chicago<\/h1>\n<p><img decoding=\"async\" class=\"alignright wp-image-33479\" src=\"\/wp-content\/uploads\/2022\/02\/Abogados-de-Accidentes-Automovili\u0301sticos-por-Conduccio\u0301n-Distrai\u0301da-en-Chicago.jpg\" alt=\"Abogados de Accidentes Automovil\u00edsticos por Conducci\u00f3n Distra\u00edda en Chicago\" width=\"400\" height=\"267\" srcset=\"https:\/\/chicagoinjurylawyer.net\/wp-content\/uploads\/2022\/02\/Abogados-de-Accidentes-Automovili\u0301sticos-por-Conduccio\u0301n-Distrai\u0301da-en-Chicago.jpg 1000w, https:\/\/chicagoinjurylawyer.net\/wp-content\/uploads\/2022\/02\/Abogados-de-Accidentes-Automovili\u0301sticos-por-Conduccio\u0301n-Distrai\u0301da-en-Chicago-300x200.jpg 300w, https:\/\/chicagoinjurylawyer.net\/wp-content\/uploads\/2022\/02\/Abogados-de-Accidentes-Automovili\u0301sticos-por-Conduccio\u0301n-Distrai\u0301da-en-Chicago-768x512.jpg 768w\" sizes=\"(max-width: 400px) 100vw, 400px\" \/>Con acceso a la tecnolog\u00eda del siglo XXI, muchos conductores se sienten tentados a hablar por sus tel\u00e9fonos celulares o enviar mensajes de texto mientras conducen. Demasiados conductores sucumben a la tentaci\u00f3n, creando riesgos para ellos y sus pasajeros, y para otros conductores en la carretera. Seg\u00fan la Administraci\u00f3n Nacional de Seguridad del Tr\u00e1fico en las Carreteras (NHTSA), la conducci\u00f3n distra\u00edda estuvo involucrada en el 10% de todas las muertes por accidentes de tr\u00e1fico en 2014, matando a 3,179 personas.<\/p>\n<h2>\u00bfQu\u00e9 es Conducir Distra\u00eddo?<\/h2>\n<p>Conducir distra\u00eddo es un comportamiento de conducci\u00f3n peligroso que abarca m\u00e1s que enviar mensajes de texto o hablar por tel\u00e9fono celular. Cualquier actividad que desv\u00ede la atenci\u00f3n del conductor de la importante tarea de operar el veh\u00edculo de motor en movimiento de 3,000 libras es una forma de conducci\u00f3n distra\u00edda. Adem\u00e1s de enviar mensajes de texto y hablar por tel\u00e9fono celular, la distracci\u00f3n del conductor puede involucrar:<\/p>\n<ul>\n<li>Manipular cualquier dispositivo electr\u00f3nico<\/li>\n<li>Comiendo<\/li>\n<li>Ajuste en sistemas de sonido o radio del veh\u00edculo<\/li>\n<li>Usando el sistema de navegaci\u00f3n<\/li>\n<li>Hablar con los pasajeros<\/li>\n<li>Tratar con ni\u00f1os en el veh\u00edculo<\/li>\n<li>Buscando un objeto en el auto<\/li>\n<li>Viendo un v\u00eddeo<\/li>\n<\/ul>\n<p>Los mensajes de texto son particularmente alarmantes porque requieren atenci\u00f3n visual, manual y cognitiva por parte del conductor. Lo mismo podr\u00eda decirse sobre el ajuste de cualquier dispositivo electr\u00f3nico mientras se opera un veh\u00edculo.<\/p>\n<h2>Leyes de Conducci\u00f3n Distra\u00edda de Illinois<\/h2>\n<p>Enviar mensajes de texto mientras se conduce es ilegal en Illinois, junto con el uso de todos los dispositivos port\u00e1tiles. La tecnolog\u00eda de manos libres (Bluetooth, auriculares, tel\u00e9fonos con altavoz) est\u00e1 permitida, excepto mientras se conduce en zonas escolares o zonas de construcci\u00f3n, y no est\u00e1 permitida en absoluto para conductores novatos.<\/p>\n<p>La ley estatal contra los mensajes de texto se aplica a m\u00e1s que solo tel\u00e9fonos celulares. Los conductores tienen prohibido utilizar cualquier dispositivo de comunicaci\u00f3n electr\u00f3nica para redactar, leer o enviar mensajes mientras conducen un veh\u00edculo motorizado en una carretera. Esto incluye asistentes digitales personales (PDA), tel\u00e9fonos inteligentes, tabletas, computadoras port\u00e1tiles y todo tipo de dispositivos electr\u00f3nicos.<\/p>\n<h2>Datos Sobre Conducci\u00f3n Distra\u00edda<\/h2>\n<p>La NHTSA est\u00e1 involucrada en una campa\u00f1a de concientizaci\u00f3n p\u00fablica para educar a los estadounidenses sobre los peligros de conducir distra\u00eddo. La agencia proporciona datos y estad\u00edsticas sobre la conducci\u00f3n distra\u00edda al p\u00fablico en general, que incluyen:<\/p>\n<ul>\n<li>En un solo a\u00f1o reciente, m\u00e1s de 3,000 personas murieron y se estima que 424,000 resultaron heridas en accidentes de tr\u00e1fico en los que la conducci\u00f3n distra\u00edda fue un factor.<\/li>\n<li>El 27% de los conductores que murieron en accidentes de conducci\u00f3n distra\u00eddos ten\u00edan veintitantos a\u00f1os.<\/li>\n<li>El 10% de los conductores menores de 20 a\u00f1os que <a href=\"\/es\/muerte-injusta\/\">murieron en accidentes<\/a>.<\/li>\n<li>Cuando los conductores realizan subtareas visuales manuales asociadas con la operaci\u00f3n de dispositivos electr\u00f3nicos port\u00e1tiles, triplican el riesgo de verse involucrados en un <a href=\"\/es\/accidentes-de-trafico\/\">accidente de tr\u00e1fico<\/a>.<\/li>\n<li>El 25% de los conductores adolescentes responden a uno o m\u00e1s mensajes de texto cada vez que se ponen al volante.<\/li>\n<\/ul>\n<p>Si ha resultado lesionado en un accidente causado por un conductor distra\u00eddo, su mejor curso de acci\u00f3n es hablar con un abogado experimentado lo antes posible. En <a href=\"\/es\/\">Sexner Injury Lawyers LLC<\/a>, tenemos un historial exitoso en la recuperaci\u00f3n de compensaciones para nuestros clientes que resultaron lesionados por negligencia de otros.<\/p>\n<p>Comun\u00edquese con nuestra oficina para concertar una consulta gratuita de su caso con un abogado de accidentes automovil\u00edsticos en Chicago. Podemos decirle si tiene un caso y qu\u00e9 da\u00f1os tiene derecho a reclamar.<\/p>\n","protected":false},"excerpt":{"rendered":"<p>Abogados de Accidentes Automovil\u00edsticos por Conducci\u00f3n Distra\u00edda en Chicago Con acceso a la tecnolog\u00eda del siglo XXI, muchos conductores se sienten tentados a hablar por sus tel\u00e9fonos celulares o enviar mensajes de texto mientras conducen. Demasiados conductores sucumben a la tentaci\u00f3n, creando riesgos para ellos y sus pasajeros, y para otros conductores en la carretera. [&hellip;]<\/p>\n","protected":false},"author":1,"featured_media":0,"parent":3804,"menu_order":0,"comment_status":"closed","ping_status":"closed","template":"","meta":{"_acf_changed":false,"footnotes":""},"class_list":["post-33150","page","type-page","status-publish","hentry"],"acf":[],"yoast_head":"<!-- This site is optimized with the Yoast SEO plugin v27.3 - https:\/\/yoast.com\/product\/yoast-seo-wordpress\/ -->\n<title>Abogados de Accidentes Automovil\u00edsticos por Conducci\u00f3n Distra\u00edda en Chicago - Sexner Injury Lawyers LLC<\/title>\n<meta name=\"description\" content=\"Si ha resultado lesionado en un accidente causado por un conductor distra\u00eddo, su mejor curso de acci\u00f3n es hablar con un abogado experimentado lo antes posible.\" \/>\n<meta name=\"robots\" content=\"index, follow, max-snippet:-1, max-image-preview:large, max-video-preview:-1\" \/>\n<link rel=\"canonical\" href=\"https:\/\/chicagoinjurylawyer.net\/es\/accidentes-de-trafico\/conduccion-distraida\/\" \/>\n<meta property=\"og:locale\" content=\"es_ES\" \/>\n<meta property=\"og:type\" content=\"article\" \/>\n<meta property=\"og:title\" content=\"Abogados de Accidentes Automovil\u00edsticos por Conducci\u00f3n Distra\u00edda en Chicago - Sexner Injury Lawyers LLC\" \/>\n<meta property=\"og:description\" content=\"Si ha resultado lesionado en un accidente causado por un conductor distra\u00eddo, su mejor curso de acci\u00f3n es hablar con un abogado experimentado lo antes posible.\" \/>\n<meta property=\"og:url\" content=\"https:\/\/chicagoinjurylawyer.net\/es\/accidentes-de-trafico\/conduccion-distraida\/\" \/>\n<meta property=\"og:site_name\" content=\"Sexner Injury Lawyers LLC\" \/>\n<meta property=\"article:modified_time\" content=\"2022-02-02T18:56:54+00:00\" \/>\n<meta property=\"og:image\" content=\"https:\/\/chicagoinjurylawyer.net\/wp-content\/uploads\/2022\/02\/Abogados-de-Accidentes-Automovili\u0301sticos-por-Conduccio\u0301n-Distrai\u0301da-en-Chicago.jpg\" \/>\n<meta name=\"twitter:card\" content=\"summary_large_image\" \/>\n<meta name=\"twitter:label1\" content=\"Tiempo de lectura\" \/>\n\t<meta name=\"twitter:data1\" content=\"3 minutos\" \/>\n<!-- \/ Yoast SEO plugin. -->","yoast_head_json":{"title":"Abogados de Accidentes Automovil\u00edsticos por Conducci\u00f3n Distra\u00edda en Chicago - Sexner Injury Lawyers LLC","description":"Si ha resultado lesionado en un accidente causado por un conductor distra\u00eddo, su mejor curso de acci\u00f3n es hablar con un abogado experimentado lo antes posible.","robots":{"index":"index","follow":"follow","max-snippet":"max-snippet:-1","max-image-preview":"max-image-preview:large","max-video-preview":"max-video-preview:-1"},"canonical":"https:\/\/chicagoinjurylawyer.net\/es\/accidentes-de-trafico\/conduccion-distraida\/","og_locale":"es_ES","og_type":"article","og_title":"Abogados de Accidentes Automovil\u00edsticos por Conducci\u00f3n Distra\u00edda en Chicago - Sexner Injury Lawyers LLC","og_description":"Si ha resultado lesionado en un accidente causado por un conductor distra\u00eddo, su mejor curso de acci\u00f3n es hablar con un abogado experimentado lo antes posible.","og_url":"https:\/\/chicagoinjurylawyer.net\/es\/accidentes-de-trafico\/conduccion-distraida\/","og_site_name":"Sexner Injury Lawyers LLC","article_modified_time":"2022-02-02T18:56:54+00:00","og_image":[{"url":"https:\/\/chicagoinjurylawyer.net\/wp-content\/uploads\/2022\/02\/Abogados-de-Accidentes-Automovili\u0301sticos-por-Conduccio\u0301n-Distrai\u0301da-en-Chicago.jpg","type":"","width":"","height":""}],"twitter_card":"summary_large_image","twitter_misc":{"Tiempo de lectura":"3 minutos"},"schema":{"@context":"https:\/\/schema.org","@graph":[{"@type":"WebPage","@id":"https:\/\/chicagoinjurylawyer.net\/es\/accidentes-de-trafico\/conduccion-distraida\/","url":"https:\/\/chicagoinjurylawyer.net\/es\/accidentes-de-trafico\/conduccion-distraida\/","name":"Abogados de Accidentes Automovil\u00edsticos por Conducci\u00f3n Distra\u00edda en Chicago - Sexner Injury Lawyers LLC","isPartOf":{"@id":"https:\/\/chicagoinjurylawyer.net\/es\/#website"},"datePublished":"2022-01-14T16:27:14+00:00","dateModified":"2022-02-02T18:56:54+00:00","description":"Si ha resultado lesionado en un accidente causado por un conductor distra\u00eddo, su mejor curso de acci\u00f3n es hablar con un abogado experimentado lo antes posible.","breadcrumb":{"@id":"https:\/\/chicagoinjurylawyer.net\/es\/accidentes-de-trafico\/conduccion-distraida\/#breadcrumb"},"inLanguage":"es","potentialAction":[{"@type":"ReadAction","target":["https:\/\/chicagoinjurylawyer.net\/es\/accidentes-de-trafico\/conduccion-distraida\/"]}]},{"@type":"BreadcrumbList","@id":"https:\/\/chicagoinjurylawyer.net\/es\/accidentes-de-trafico\/conduccion-distraida\/#breadcrumb","itemListElement":[{"@type":"ListItem","position":1,"name":"Accidentes De Tr\u00e1fico","item":"https:\/\/chicagoinjurylawyer.net\/es\/accidentes-de-trafico\/"},{"@type":"ListItem","position":2,"name":"Conducci\u00f3n Distra\u00edda"}]},{"@type":"WebSite","@id":"https:\/\/chicagoinjurylawyer.net\/es\/#website","url":"https:\/\/chicagoinjurylawyer.net\/es\/","name":"Sexner Injury Lawyers LLC","description":"Chicago Personal Injury Attorneys","publisher":{"@id":"https:\/\/chicagoinjurylawyer.net\/es\/#organization"},"potentialAction":[{"@type":"SearchAction","target":{"@type":"EntryPoint","urlTemplate":"https:\/\/chicagoinjurylawyer.net\/es\/?s={search_term_string}"},"query-input":{"@type":"PropertyValueSpecification","valueRequired":true,"valueName":"search_term_string"}}],"inLanguage":"es"},{"@type":"Organization","@id":"https:\/\/chicagoinjurylawyer.net\/es\/#organization","name":"[firm-name]","url":"https:\/\/chicagoinjurylawyer.net\/es\/","logo":{"@type":"ImageObject","inLanguage":"es","@id":"https:\/\/chicagoinjurylawyer.net\/es\/#\/schema\/logo\/image\/","url":"https:\/\/chicagoinjurylawyer.net\/wp-content\/uploads\/2019\/06\/msx-logo-1.png","contentUrl":"https:\/\/chicagoinjurylawyer.net\/wp-content\/uploads\/2019\/06\/msx-logo-1.png","width":180,"height":83,"caption":"[firm-name]"},"image":{"@id":"https:\/\/chicagoinjurylawyer.net\/es\/#\/schema\/logo\/image\/"}}]}},"_links":{"self":[{"href":"https:\/\/chicagoinjurylawyer.net\/es\/wp-json\/wp\/v2\/pages\/33150","targetHints":{"allow":["GET"]}}],"collection":[{"href":"https:\/\/chicagoinjurylawyer.net\/es\/wp-json\/wp\/v2\/pages"}],"about":[{"href":"https:\/\/chicagoinjurylawyer.net\/es\/wp-json\/wp\/v2\/types\/page"}],"author":[{"embeddable":true,"href":"https:\/\/chicagoinjurylawyer.net\/es\/wp-json\/wp\/v2\/users\/1"}],"replies":[{"embeddable":true,"href":"https:\/\/chicagoinjurylawyer.net\/es\/wp-json\/wp\/v2\/comments?post=33150"}],"version-history":[{"count":2,"href":"https:\/\/chicagoinjurylawyer.net\/es\/wp-json\/wp\/v2\/pages\/33150\/revisions"}],"predecessor-version":[{"id":33481,"href":"https:\/\/chicagoinjurylawyer.net\/es\/wp-json\/wp\/v2\/pages\/33150\/revisions\/33481"}],"up":[{"embeddable":true,"href":"https:\/\/chicagoinjurylawyer.net\/es\/wp-json\/wp\/v2\/pages\/3804"}],"wp:attachment":[{"href":"https:\/\/chicagoinjurylawyer.net\/es\/wp-json\/wp\/v2\/media?parent=33150"}],"curies":[{"name":"wp","href":"https:\/\/api.w.org\/{rel}","templated":true}]}}