{"id":33155,"date":"2022-01-14T11:14:12","date_gmt":"2022-01-14T17:14:12","guid":{"rendered":"https:\/\/pi-sexner.tseg.co\/?page_id=33155"},"modified":"2022-02-03T16:03:32","modified_gmt":"2022-02-03T22:03:32","slug":"accidentes-sin-seguro","status":"publish","type":"page","link":"https:\/\/chicagoinjurylawyer.net\/es\/accidentes-de-trafico\/accidentes-sin-seguro\/","title":{"rendered":"Accidentes Sin Seguro"},"content":{"rendered":"<h1>Abogado de Accidentes Automovil\u00edsticos Sin Seguro de Chicago<\/h1>\n<h2>Accidente con un Automovilista Sin Seguro<\/h2>\n<p><img decoding=\"async\" class=\"alignright wp-image-33602\" src=\"\/wp-content\/uploads\/2022\/02\/Abogado-de-Accidentes-Automovili\u0301sticos-Sin-Seguro.jpg\" alt=\"Abogado de Accidentes Automovili\u0301sticos Sin Seguro\" width=\"400\" height=\"267\" srcset=\"https:\/\/chicagoinjurylawyer.net\/wp-content\/uploads\/2022\/02\/Abogado-de-Accidentes-Automovili\u0301sticos-Sin-Seguro.jpg 1000w, https:\/\/chicagoinjurylawyer.net\/wp-content\/uploads\/2022\/02\/Abogado-de-Accidentes-Automovili\u0301sticos-Sin-Seguro-300x200.jpg 300w, https:\/\/chicagoinjurylawyer.net\/wp-content\/uploads\/2022\/02\/Abogado-de-Accidentes-Automovili\u0301sticos-Sin-Seguro-768x512.jpg 768w\" sizes=\"(max-width: 400px) 100vw, 400px\" \/>Cualquier persona que opere un veh\u00edculo motorizado en una carretera de Illinois debe tener cobertura de seguro de responsabilidad. Nuestro estado va incluso m\u00e1s lejos que otros estados de EE. UU. En hacer cumplir este requisito legal. Como lo discuti\u00f3 el Secretario de Estado, los registros de matr\u00edculas se seleccionan al azar por computadora. Los propietarios registrados deben proporcionar verificaci\u00f3n de seguro antes de una fecha determinada, o sus placas de matr\u00edcula se suspenden.<\/p>\n<p>A pesar de nuestras estrictas leyes y los esfuerzos de cumplimiento del estado, los conductores sin seguro causan accidentes todos los d\u00edas. Si ha sido v\u00edctima de una colisi\u00f3n de este tipo, le conviene hablar con un <a href=\"\/es\/accidentes-de-trafico\/\">abogado con experiencia en accidentes automovil\u00edsticos<\/a>. Es posible que a\u00fan tenga opciones seg\u00fan la ley y la capacidad de recuperar una <a href=\"\/es\/nuestro-exito\/\">compensaci\u00f3n<\/a> por sus p\u00e9rdidas.<\/p>\n<p>En Sexner Injury Lawyers LLC, nuestros distinguidos abogados de lesiones personales en Chicago han estado representando a <a href=\"\/es\/\">personas lesionadas<\/a> en Illinois desde 1990. Somos defensores legales dedicados que han construido nuestra reputaci\u00f3n sobre la base del profesionalismo, el servicio personal y la atenci\u00f3n al detalle. Puede confiar en nosotros para la representaci\u00f3n de alta calidad que su caso merece.<\/p>\n<h2>Compensaci\u00f3n por Accidentes Automovil\u00edsticos Sin Seguro en Illinois<\/h2>\n<p>En el estado de Illinois, las compa\u00f1\u00edas de seguros est\u00e1n obligadas por ley a incluir cobertura de automovilista no asegurado en una cantidad equivalente a los l\u00edmites de responsabilidad por lesiones corporales con cada p\u00f3liza de seguro de autom\u00f3vil emitida o renovada, a menos que la parte asegurada lo rechace espec\u00edficamente seg\u00fan lo dispuesto en el estatuto. Si su p\u00f3liza incluye cobertura de automovilista sin seguro, se puede acceder a ella para cubrir los da\u00f1os sufridos en un choque causado por un automovilista sin seguro.<\/p>\n<h2>Conductores con Seguro Insuficiente en Chicago y Casos de Accidentes Automovil\u00edsticos<\/h2>\n<p>En algunos casos, el conductor que caus\u00f3 el accidente puede tener la cobertura de seguro de responsabilidad m\u00ednima requerida por la ley, pero los l\u00edmites de la p\u00f3liza son insuficientes para cubrir los gastos m\u00e9dicos de la v\u00edctima cuando se producen lesiones graves. En tal caso, su p\u00f3liza de seguro puede cubrir la diferencia, hasta los l\u00edmites de su propia p\u00f3liza.<\/p>\n<p>Tratar con dos compa\u00f1\u00edas de seguros diferentes puede resultar complicado. Nuestros abogados de automovilistas sin seguro con experiencia pueden interpretar su p\u00f3liza para asegurarse de que est\u00e1 obteniendo el beneficio completo de su cobertura y tratar con las compa\u00f1\u00edas de seguros en su nombre.<\/p>\n<img decoding=\"async\" class=\"aligncenter size-full wp-image-33604\" src=\"\/wp-content\/uploads\/2022\/02\/Abogado-de-Accidentes-Automovili\u0301sticos-Sin-Seguro-de-Chicago.jpg\" alt=\"Abogado de Accidentes Automovili\u0301sticos Sin Seguro de Chicago\" width=\"1000\" height=\"667\" srcset=\"https:\/\/chicagoinjurylawyer.net\/wp-content\/uploads\/2022\/02\/Abogado-de-Accidentes-Automovili\u0301sticos-Sin-Seguro-de-Chicago.jpg 1000w, https:\/\/chicagoinjurylawyer.net\/wp-content\/uploads\/2022\/02\/Abogado-de-Accidentes-Automovili\u0301sticos-Sin-Seguro-de-Chicago-300x200.jpg 300w, https:\/\/chicagoinjurylawyer.net\/wp-content\/uploads\/2022\/02\/Abogado-de-Accidentes-Automovili\u0301sticos-Sin-Seguro-de-Chicago-768x512.jpg 768w\" sizes=\"(max-width: 1000px) 100vw, 1000px\" \/>\n<h2>Hacer Cumplir la Compensaci\u00f3n de Conductores Sin Seguro<\/h2>\n<p>Seg\u00fan la Ley de Seguridad y Responsabilidad Financiera del estado, los conductores que no tengan seguro de responsabilidad civil o no asuman la responsabilidad financiera por los accidentes que causan perder\u00e1n la licencia de conducir y las placas del veh\u00edculo. Si ha sufrido da\u00f1os en un accidente causado por un automovilista sin seguro, puede intentar hacer cumplir la compensaci\u00f3n presentando primero un informe del accidente y luego solicitando que la Secretar\u00eda de Estado suspenda la licencia de conducir sin seguro.<\/p>\n<p>En algunos casos, dar este paso puede proporcionar la motivaci\u00f3n necesaria para que el conductor que caus\u00f3 su accidente re\u00fana los medios necesarios para cubrir sus p\u00e9rdidas. No tener una licencia de conducir dificulta moverse por la ciudad y ganarse la vida. Otra opci\u00f3n es presentar una demanda civil contra el conductor sin seguro. Sin embargo, muchos conductores sin seguro son a prueba de fallos debido a la falta de fondos y no pueden o no pueden asumir la responsabilidad financiera, incluso cuando est\u00e1 en juego una licencia de conducir.<\/p>\n<p>Si ha estado involucrado en un accidente automovil\u00edstico grave causado por un automovilista sin seguro, comun\u00edquese con un abogado de accidentes automovil\u00edsticos en Chicago de Sexner Injury Lawyers LLC hoy mismo para una evaluaci\u00f3n gratuita de su caso. Podemos asesorarlo sobre sus opciones seg\u00fan la ley y lo que nuestra firma puede hacer para ayudarlo.<\/p>\n","protected":false},"excerpt":{"rendered":"<p>Abogado de Accidentes Automovil\u00edsticos Sin Seguro de Chicago Accidente con un Automovilista Sin Seguro Cualquier persona que opere un veh\u00edculo motorizado en una carretera de Illinois debe tener cobertura de seguro de responsabilidad. Nuestro estado va incluso m\u00e1s lejos que otros estados de EE. UU. En hacer cumplir este requisito legal. Como lo discuti\u00f3 el [&hellip;]<\/p>\n","protected":false},"author":1,"featured_media":0,"parent":3804,"menu_order":0,"comment_status":"closed","ping_status":"closed","template":"","meta":{"_acf_changed":false,"footnotes":""},"class_list":["post-33155","page","type-page","status-publish","hentry"],"acf":[],"yoast_head":"<!-- This site is optimized with the Yoast SEO plugin v27.4 - https:\/\/yoast.com\/product\/yoast-seo-wordpress\/ -->\n<title>Abogado de Accidentes Automovil\u00edsticos Sin Seguro de Chicago - Sexner Injury Lawyers LLC<\/title>\n<meta name=\"description\" content=\"En Sexner Injury Lawyers LLC, nuestros distinguidos abogados de lesiones personales en Chicago han estado representando a personas lesionadas en Illinois desde 1990.\" \/>\n<meta name=\"robots\" content=\"index, follow, max-snippet:-1, max-image-preview:large, max-video-preview:-1\" \/>\n<link rel=\"canonical\" href=\"https:\/\/chicagoinjurylawyer.net\/es\/accidentes-de-trafico\/accidentes-sin-seguro\/\" \/>\n<meta property=\"og:locale\" content=\"es_ES\" \/>\n<meta property=\"og:type\" content=\"article\" \/>\n<meta property=\"og:title\" content=\"Abogado de Accidentes Automovil\u00edsticos Sin Seguro de Chicago - Sexner Injury Lawyers LLC\" \/>\n<meta property=\"og:description\" content=\"En Sexner Injury Lawyers LLC, nuestros distinguidos abogados de lesiones personales en Chicago han estado representando a personas lesionadas en Illinois desde 1990.\" \/>\n<meta property=\"og:url\" content=\"https:\/\/chicagoinjurylawyer.net\/es\/accidentes-de-trafico\/accidentes-sin-seguro\/\" \/>\n<meta property=\"og:site_name\" content=\"Sexner Injury Lawyers LLC\" \/>\n<meta property=\"article:modified_time\" content=\"2022-02-03T22:03:32+00:00\" \/>\n<meta property=\"og:image\" content=\"https:\/\/chicagoinjurylawyer.net\/wp-content\/uploads\/2022\/02\/Abogado-de-Accidentes-Automovili\u0301sticos-Sin-Seguro.jpg\" \/>\n<meta name=\"twitter:card\" content=\"summary_large_image\" \/>\n<meta name=\"twitter:label1\" content=\"Tiempo de lectura\" \/>\n\t<meta name=\"twitter:data1\" content=\"4 minutos\" \/>\n<!-- \/ Yoast SEO plugin. -->","yoast_head_json":{"title":"Abogado de Accidentes Automovil\u00edsticos Sin Seguro de Chicago - Sexner Injury Lawyers LLC","description":"En Sexner Injury Lawyers LLC, nuestros distinguidos abogados de lesiones personales en Chicago han estado representando a personas lesionadas en Illinois desde 1990.","robots":{"index":"index","follow":"follow","max-snippet":"max-snippet:-1","max-image-preview":"max-image-preview:large","max-video-preview":"max-video-preview:-1"},"canonical":"https:\/\/chicagoinjurylawyer.net\/es\/accidentes-de-trafico\/accidentes-sin-seguro\/","og_locale":"es_ES","og_type":"article","og_title":"Abogado de Accidentes Automovil\u00edsticos Sin Seguro de Chicago - Sexner Injury Lawyers LLC","og_description":"En Sexner Injury Lawyers LLC, nuestros distinguidos abogados de lesiones personales en Chicago han estado representando a personas lesionadas en Illinois desde 1990.","og_url":"https:\/\/chicagoinjurylawyer.net\/es\/accidentes-de-trafico\/accidentes-sin-seguro\/","og_site_name":"Sexner Injury Lawyers LLC","article_modified_time":"2022-02-03T22:03:32+00:00","og_image":[{"url":"https:\/\/chicagoinjurylawyer.net\/wp-content\/uploads\/2022\/02\/Abogado-de-Accidentes-Automovili\u0301sticos-Sin-Seguro.jpg","type":"","width":"","height":""}],"twitter_card":"summary_large_image","twitter_misc":{"Tiempo de lectura":"4 minutos"},"schema":{"@context":"https:\/\/schema.org","@graph":[{"@type":"WebPage","@id":"https:\/\/chicagoinjurylawyer.net\/es\/accidentes-de-trafico\/accidentes-sin-seguro\/","url":"https:\/\/chicagoinjurylawyer.net\/es\/accidentes-de-trafico\/accidentes-sin-seguro\/","name":"Abogado de Accidentes Automovil\u00edsticos Sin Seguro de Chicago - Sexner Injury Lawyers LLC","isPartOf":{"@id":"https:\/\/chicagoinjurylawyer.net\/es\/#website"},"datePublished":"2022-01-14T17:14:12+00:00","dateModified":"2022-02-03T22:03:32+00:00","description":"En [firm-name], nuestros distinguidos abogados de lesiones personales en Chicago han estado representando a personas lesionadas en Illinois desde 1990.","breadcrumb":{"@id":"https:\/\/chicagoinjurylawyer.net\/es\/accidentes-de-trafico\/accidentes-sin-seguro\/#breadcrumb"},"inLanguage":"es","potentialAction":[{"@type":"ReadAction","target":["https:\/\/chicagoinjurylawyer.net\/es\/accidentes-de-trafico\/accidentes-sin-seguro\/"]}]},{"@type":"BreadcrumbList","@id":"https:\/\/chicagoinjurylawyer.net\/es\/accidentes-de-trafico\/accidentes-sin-seguro\/#breadcrumb","itemListElement":[{"@type":"ListItem","position":1,"name":"Accidentes De Tr\u00e1fico","item":"https:\/\/chicagoinjurylawyer.net\/es\/accidentes-de-trafico\/"},{"@type":"ListItem","position":2,"name":"Accidentes Sin Seguro"}]},{"@type":"WebSite","@id":"https:\/\/chicagoinjurylawyer.net\/es\/#website","url":"https:\/\/chicagoinjurylawyer.net\/es\/","name":"Sexner Injury Lawyers LLC","description":"Chicago Personal Injury Attorneys","publisher":{"@id":"https:\/\/chicagoinjurylawyer.net\/es\/#organization"},"potentialAction":[{"@type":"SearchAction","target":{"@type":"EntryPoint","urlTemplate":"https:\/\/chicagoinjurylawyer.net\/es\/?s={search_term_string}"},"query-input":{"@type":"PropertyValueSpecification","valueRequired":true,"valueName":"search_term_string"}}],"inLanguage":"es"},{"@type":"Organization","@id":"https:\/\/chicagoinjurylawyer.net\/es\/#organization","name":"[firm-name]","url":"https:\/\/chicagoinjurylawyer.net\/es\/","logo":{"@type":"ImageObject","inLanguage":"es","@id":"https:\/\/chicagoinjurylawyer.net\/es\/#\/schema\/logo\/image\/","url":"https:\/\/chicagoinjurylawyer.net\/wp-content\/uploads\/2019\/06\/msx-logo-1.png","contentUrl":"https:\/\/chicagoinjurylawyer.net\/wp-content\/uploads\/2019\/06\/msx-logo-1.png","width":180,"height":83,"caption":"[firm-name]"},"image":{"@id":"https:\/\/chicagoinjurylawyer.net\/es\/#\/schema\/logo\/image\/"}}]}},"_links":{"self":[{"href":"https:\/\/chicagoinjurylawyer.net\/es\/wp-json\/wp\/v2\/pages\/33155","targetHints":{"allow":["GET"]}}],"collection":[{"href":"https:\/\/chicagoinjurylawyer.net\/es\/wp-json\/wp\/v2\/pages"}],"about":[{"href":"https:\/\/chicagoinjurylawyer.net\/es\/wp-json\/wp\/v2\/types\/page"}],"author":[{"embeddable":true,"href":"https:\/\/chicagoinjurylawyer.net\/es\/wp-json\/wp\/v2\/users\/1"}],"replies":[{"embeddable":true,"href":"https:\/\/chicagoinjurylawyer.net\/es\/wp-json\/wp\/v2\/comments?post=33155"}],"version-history":[{"count":4,"href":"https:\/\/chicagoinjurylawyer.net\/es\/wp-json\/wp\/v2\/pages\/33155\/revisions"}],"predecessor-version":[{"id":33608,"href":"https:\/\/chicagoinjurylawyer.net\/es\/wp-json\/wp\/v2\/pages\/33155\/revisions\/33608"}],"up":[{"embeddable":true,"href":"https:\/\/chicagoinjurylawyer.net\/es\/wp-json\/wp\/v2\/pages\/3804"}],"wp:attachment":[{"href":"https:\/\/chicagoinjurylawyer.net\/es\/wp-json\/wp\/v2\/media?parent=33155"}],"curies":[{"name":"wp","href":"https:\/\/api.w.org\/{rel}","templated":true}]}}