{"id":33166,"date":"2022-01-21T15:25:08","date_gmt":"2022-01-21T21:25:08","guid":{"rendered":"https:\/\/pi-sexner.tseg.co\/?page_id=33166"},"modified":"2022-01-21T15:31:57","modified_gmt":"2022-01-21T21:31:57","slug":"huesos-rotos","status":"publish","type":"page","link":"https:\/\/chicagoinjurylawyer.net\/es\/negligencia-medica\/lesiones-de-nacimiento\/huesos-rotos\/","title":{"rendered":"Huesos Rotos"},"content":{"rendered":"<h1>Abogados de Huesos Rotos Durante el Parto en Chicago<\/h1>\n<h2>Fracturas de Huesos Durante el Nacimiento<\/h2>\n<p><img decoding=\"async\" class=\"alignright wp-image-33173\" src=\"\/wp-content\/uploads\/2022\/01\/Huesos-Rotos-Durante-el-Parto.jpg\" alt=\"Huesos Rotos Durante el Parto\" width=\"400\" height=\"267\" srcset=\"https:\/\/chicagoinjurylawyer.net\/wp-content\/uploads\/2022\/01\/Huesos-Rotos-Durante-el-Parto.jpg 1000w, https:\/\/chicagoinjurylawyer.net\/wp-content\/uploads\/2022\/01\/Huesos-Rotos-Durante-el-Parto-300x200.jpg 300w, https:\/\/chicagoinjurylawyer.net\/wp-content\/uploads\/2022\/01\/Huesos-Rotos-Durante-el-Parto-768x512.jpg 768w\" sizes=\"(max-width: 400px) 100vw, 400px\" \/>El nacimiento de un beb\u00e9 es, en s\u00ed mismo, un evento traum\u00e1tico: el beb\u00e9 debe viajar en lugares excepcionalmente cerrados a trav\u00e9s del canal de parto. Muchas cosas pueden salir mal incluso en circunstancias normales. Pero ciertas condiciones hacen que un parto sea m\u00e1s propenso a ser problem\u00e1tico, y cuanto m\u00e1s complicado es el parto, es m\u00e1s probable que ocurra un trauma o <a href=\"\/es\/\">una lesi\u00f3n<\/a>.<\/p>\n<h2>Reclamaciones por Negligencia M\u00e9dica por Huesos Rotos<\/h2>\n<p>Los beb\u00e9s reci\u00e9n nacidos, por su propia naturaleza, son seres fr\u00e1giles. Por lo tanto, no deber\u00eda sorprendernos que un beb\u00e9 sea m\u00e1s susceptible a fracturas de huesos durante el proceso de parto que en cualquier otro momento de su vida. Por lo tanto, es de vital importancia que los m\u00e9dicos, enfermeras y personal hospitalario tengan mucho cuidado durante el parto para evitar lesiones. Cuando dicho personal m\u00e9dico no presta la debida atenci\u00f3n, pueden producirse lesiones.<\/p>\n<p>El obstetra y el personal de enfermer\u00eda deben permanecer atentos durante el proceso del parto, especialmente cuando la madre es peque\u00f1a, el beb\u00e9 es grande, el trabajo de parto es largo o el parto es prematuro. Aunque no siempre es una soluci\u00f3n, una ces\u00e1rea es a menudo la opci\u00f3n correcta para aliviar estos problemas potenciales durante el parto. Pero incluso cuando estos problemas no est\u00e1n presentes, el m\u00e9dico y <a href=\"\/es\/negligencia-medica\/errores-de-sala-emergencia\/\">el personal del hospital<\/a> deben estar preparados para cualquier eventualidad.<\/p>\n<p>En esencia: excepto en raras circunstancias en las que un beb\u00e9 nace con estructuras \u00f3seas debilitadas o malformadas, o con una predisposici\u00f3n gen\u00e9tica a fracturas de huesos, generalmente es <a href=\"\/es\/negligencia-medica\/errores-quirurgicos\/\">culpa del m\u00e9dico<\/a>, la enfermera o la partera cuando un beb\u00e9 por lo dem\u00e1s sano nace con huesos rotos.<\/p>\n<h2>Factores de Riesgo que Aumentan las Posibilidades de Error M\u00e9dico<\/h2>\n<p>Incluso antes del parto, el obstetra debe anticipar lo que podr\u00eda salir mal. Esto es parte de su responsabilidad m\u00e9dica y legal hacia la madre. Cuando un m\u00e9dico no cumple con el \"est\u00e1ndar de atenci\u00f3n\" y se produce una lesi\u00f3n, esto se denomina <a href=\"\/es\/negligencia-medica\/\">negligencia m\u00e9dica<\/a>. El m\u00e9dico siempre debe estar atento a:<\/p>\n<ul>\n<li>Un nacimiento prematuro<\/li>\n<li>Mano de obra extendida<\/li>\n<li>Un canal de parto m\u00e1s peque\u00f1o de lo normal<\/li>\n<li>Un beb\u00e9 m\u00e1s grande de lo normal<\/li>\n<li>Desproporci\u00f3n cefalop\u00e9lvica (la cabeza del beb\u00e9 es demasiado grande para pasar por la pelvis de la madre)<\/li>\n<\/ul>\n<p>Adem\u00e1s de estas condiciones, la posici\u00f3n del beb\u00e9 al nacer a menudo tiene un impacto significativo en la posibilidad de que se produzcan lesiones o traumas. Las posiciones m\u00e1s seguras para el beb\u00e9 al nacer normalmente son:<\/p>\n<ul>\n<li>Cuello inclinado hacia adelante<\/li>\n<li>Mirando hacia atr\u00e1s<\/li>\n<li>Cuerpo y rostro inclinados hacia la izquierda o hacia la derecha<\/li>\n<li>Brazos cruzados sobre el pecho<\/li>\n<li>Presentaci\u00f3n cef\u00e1lica o de v\u00e9rtice (cabeza primero)<\/li>\n<\/ul>\n<p>Cuando un beb\u00e9 est\u00e1 en una posici\u00f3n anormal, aumenta enormemente el peligro de que algo salga mal y la posibilidad de lesiones. Tales presentaciones anormales incluyen:<\/p>\n<ul>\n<li>Presentaci\u00f3n de nalgas\n<ul>\n<li><strong>Nalgas completas<\/strong>: Posici\u00f3n sentada con las rodillas y las caderas flexionadas<\/li>\n<li><strong>Presentaci\u00f3n de pie doble o simple<\/strong>: Ambas piernas o una pierna est\u00e1n extendidas y presentes antes de las nalgas.<\/li>\n<li><strong>Frank Breech<\/strong>: Rodillas extendidas con caderas flexionadas<\/li>\n<\/ul>\n<\/li>\n<li>Presentaci\u00f3n de cejas o rostro<\/li>\n<li>Presentaci\u00f3n occipucio posterior<\/li>\n<li>Mentira transversal<\/li>\n<li>Distocia de hombros<\/li>\n<\/ul>\n<h2>Lesiones de Huesos Rotos Comunes en Reci\u00e9n Nacidos<\/h2>\n<p>Por lo general, los huesos no se rompen durante el parto, pero en aquellas circunstancias en las que ocurren lesiones, los tipos m\u00e1s comunes de fracturas de huesos incluyen:<\/p>\n<ul>\n<li><strong>Fractura de Clav\u00edcula<\/strong>: La clav\u00edcula es un hueso largo que se encuentra entre el om\u00f3plato (esc\u00e1pula) y la caja tor\u00e1cica (estern\u00f3n). Se le conoce com\u00fanmente como clav\u00edcula y se encuentra justo encima de varios vasos sangu\u00edneos y nervios importantes, sin embargo, es raro que estas estructuras vitales se da\u00f1en si la clav\u00edcula se rompe. Por lo general, se producir\u00e1 una fractura de clav\u00edcula en el medio del hueso. Los s\u00edntomas comunes de una rotura de clav\u00edcula incluyen llanto o irritabilidad general asociada con el movimiento del brazo debido al dolor asociado. Puede resultar evidente que el beb\u00e9 no mueve o no puede mover el brazo en particular en el mismo grado en que mueve el brazo sano. Dependiendo de la extensi\u00f3n del da\u00f1o a los nervios, es posible que el beb\u00e9 reci\u00e9n nacido no pueda mover el brazo en absoluto, con el brazo colgando fl\u00e1cido hacia un lado como resultado. Si la ruptura se diagnostica r\u00e1pidamente, el m\u00e9dico puede inmovilizar el brazo y puede sanar en 7 a 10 d\u00edas. En otras circunstancias, dependiendo de la lesi\u00f3n, puede llevar mucho m\u00e1s tiempo o requerir una intervenci\u00f3n quir\u00fargica. Si se sospecha una rotura de clav\u00edcula, es probable que el cirujano lo confirme mediante el uso de una radiograf\u00eda o una ecograf\u00eda. La curaci\u00f3n del hueso tambi\u00e9n puede causar el desarrollo de un bulto despu\u00e9s de unas pocas semanas en el sitio de la fractura. Aunque la mayor\u00eda de las fracturas \u00f3seas de este tipo se curan r\u00e1pidamente y tienen complicaciones limitadas, la lesi\u00f3n potencial m\u00e1s significativa implica da\u00f1o al <a href=\"\/es\/negligencia-medica\/lesiones-de-nacimiento\/plexo-braquial\/\">plexo braquial<\/a>, que es una colecci\u00f3n de nervios que se encuentran en la base del brazo. Estos nervios env\u00edan se\u00f1ales desde la columna a las manos, los brazos y los hombros. Aproximadamente uno de cada diez de los beb\u00e9s que sufren una rotura de clav\u00edcula tambi\u00e9n experimenta da\u00f1os en el plexo braquial. Las lesiones graves de este tipo generalmente se clasifican como:\n<ul>\n<li><a href=\"\/es\/negligencia-medica\/lesiones-de-nacimiento\/paralisis-de-klumpke-y-erb\/\"><strong>Par\u00e1lisis de Klumpke<\/strong><\/a><strong> (par\u00e1lisis de Dejerine-Klumpke)<\/strong>: par\u00e1lisis del plexo braquial inferior<\/li>\n<li><strong>Par\u00e1lisis de Erb (par\u00e1lisis de Erb-Duchenne)<\/strong>: par\u00e1lisis del plexo braquial superior<\/li>\n<\/ul>\n<\/li>\n<\/ul>\n<p>Cuando ocurren lesiones de este tipo, se recomienda a los padres que se comuniquen con un abogado de negligencia m\u00e9dica por lesiones de nacimiento para que los registros m\u00e9dicos puedan ser examinados cuidadosamente.<\/p>\n<ul>\n<li><strong>Fractura del Hueso de la Pierna o del Brazo<\/strong>: Si un brazo o una pierna se rompe durante el parto, a veces es un evento audible que es obvio tanto para el m\u00e9dico como para el paciente. Otras veces, la presencia de hinchaz\u00f3n, una apariencia anormal o la falta de movimiento normal sugerir\u00e1n que se ha producido una lesi\u00f3n. Luego, se deben utilizar pruebas de diagn\u00f3stico para confirmar la existencia de la rotura. Para la gran mayor\u00eda de las fracturas \u00f3seas infantiles, el tratamiento oportuno es clave y, cuando se maneja correctamente, generalmente se pueden evitar las lesiones a largo plazo.<\/li>\n<\/ul>\n<p>Cuando un m\u00e9dico usa mal juicio o fuerza excesiva durante el parto de un reci\u00e9n nacido, pueden ocurrir lesiones. Los huesos de los beb\u00e9s no son tan duros como los de los adultos y no se necesita tanta fuerza para crear una lesi\u00f3n grave y potencialmente de por vida. Pr\u00e1cticamente cualquier parte del beb\u00e9 es susceptible a una lesi\u00f3n de este tipo y, aunque la clav\u00edcula, el brazo y la pierna son las m\u00e1s comunes, las lesiones \u00f3seas tambi\u00e9n pueden ocurrir en:<\/p>\n<ul>\n<li>Cadera<\/li>\n<li>Cr\u00e1neo<\/li>\n<li>Mu\u00f1eca<\/li>\n<li>Tobillo<\/li>\n<li>Pie<\/li>\n<li>Espalda \/ Columna Vertebral<\/li>\n<\/ul>\n<h2>Hable con Nuestros Abogados de Lesiones por Huesos Rotos al Nacer en Chicago<\/h2>\n<p><img decoding=\"async\" class=\"alignright wp-image-33170\" src=\"\/wp-content\/uploads\/2022\/01\/Huesos-Rotos-Durante-el-Parto-en-Chicago.jpg\" alt=\"Huesos Rotos Durante el Parto en Chicago\" width=\"400\" height=\"267\" srcset=\"https:\/\/chicagoinjurylawyer.net\/wp-content\/uploads\/2022\/01\/Huesos-Rotos-Durante-el-Parto-en-Chicago.jpg 1000w, https:\/\/chicagoinjurylawyer.net\/wp-content\/uploads\/2022\/01\/Huesos-Rotos-Durante-el-Parto-en-Chicago-300x200.jpg 300w, https:\/\/chicagoinjurylawyer.net\/wp-content\/uploads\/2022\/01\/Huesos-Rotos-Durante-el-Parto-en-Chicago-768x512.jpg 768w\" sizes=\"(max-width: 400px) 100vw, 400px\" \/>Durante m\u00e1s de 25 a\u00f1os, nuestros <a href=\"\/es\/negligencia-medica\/lesiones-de-nacimiento\/\">abogados de lesiones de nacimiento<\/a> en Chicago han manejado casos de negligencia de beb\u00e9s que van desde los m\u00e1s leves hasta los m\u00e1s graves. <a href=\"\/es\/nuestro-exito\/\">Se han recaudado millones<\/a> para nuestros clientes y sus familias para ayudar a compensar el dolor, el sufrimiento y las facturas futuras que siempre parecen acompa\u00f1ar a los casos de este tipo. Ll\u00e1menos en cualquier momento para discutir su situaci\u00f3n sin cargo. En el caso de que desee nuestra ayuda adicional o desee presentar una demanda por negligencia, nunca se cobrar\u00e1 una tarifa a menos que tengamos \u00e9xito en su nombre. Puede llamar a los abogados de lesiones de nacimiento de Chicago en Sexner Injury Lawyers LLC al <a href=\"tel:3122439922\">(312) 243-9922<\/a> cualquiera.<\/p>\n","protected":false},"excerpt":{"rendered":"<p>Abogados de Huesos Rotos Durante el Parto en Chicago Fracturas de Huesos Durante el Nacimiento El nacimiento de un beb\u00e9 es, en s\u00ed mismo, un evento traum\u00e1tico: el beb\u00e9 debe viajar en lugares excepcionalmente cerrados a trav\u00e9s del canal de parto. Muchas cosas pueden salir mal incluso en circunstancias normales. Pero ciertas condiciones hacen que [&hellip;]<\/p>\n","protected":false},"author":1,"featured_media":0,"parent":7394,"menu_order":0,"comment_status":"closed","ping_status":"closed","template":"","meta":{"_acf_changed":false,"footnotes":""},"class_list":["post-33166","page","type-page","status-publish","hentry"],"acf":[],"yoast_head":"<!-- This site is optimized with the Yoast SEO plugin v27.4 - https:\/\/yoast.com\/product\/yoast-seo-wordpress\/ -->\n<title>Abogados de Huesos Rotos Durante el Parto en Chicago - Sexner Injury Lawyers LLC<\/title>\n<meta name=\"description\" content=\"Ciertas condiciones hacen que un parto sea m\u00e1s propenso a ser problem\u00e1tico, y cuanto m\u00e1s complicado es el parto, es m\u00e1s probable que ocurra un trauma o una lesi\u00f3n.\" \/>\n<meta name=\"robots\" content=\"index, follow, max-snippet:-1, max-image-preview:large, max-video-preview:-1\" \/>\n<link rel=\"canonical\" href=\"https:\/\/chicagoinjurylawyer.net\/es\/negligencia-medica\/lesiones-de-nacimiento\/huesos-rotos\/\" \/>\n<meta property=\"og:locale\" content=\"es_ES\" \/>\n<meta property=\"og:type\" content=\"article\" \/>\n<meta property=\"og:title\" content=\"Abogados de Huesos Rotos Durante el Parto en Chicago - Sexner Injury Lawyers LLC\" \/>\n<meta property=\"og:description\" content=\"Ciertas condiciones hacen que un parto sea m\u00e1s propenso a ser problem\u00e1tico, y cuanto m\u00e1s complicado es el parto, es m\u00e1s probable que ocurra un trauma o una lesi\u00f3n.\" \/>\n<meta property=\"og:url\" content=\"https:\/\/chicagoinjurylawyer.net\/es\/negligencia-medica\/lesiones-de-nacimiento\/huesos-rotos\/\" \/>\n<meta property=\"og:site_name\" content=\"Sexner Injury Lawyers LLC\" \/>\n<meta property=\"article:modified_time\" content=\"2022-01-21T21:31:57+00:00\" \/>\n<meta property=\"og:image\" content=\"https:\/\/chicagoinjurylawyer.net\/wp-content\/uploads\/2022\/01\/Huesos-Rotos-Durante-el-Parto.jpg\" \/>\n<meta name=\"twitter:card\" content=\"summary_large_image\" \/>\n<meta name=\"twitter:label1\" content=\"Tiempo de lectura\" \/>\n\t<meta name=\"twitter:data1\" content=\"6 minutos\" \/>\n<!-- \/ Yoast SEO plugin. -->","yoast_head_json":{"title":"Abogados de Huesos Rotos Durante el Parto en Chicago - Sexner Injury Lawyers LLC","description":"Ciertas condiciones hacen que un parto sea m\u00e1s propenso a ser problem\u00e1tico, y cuanto m\u00e1s complicado es el parto, es m\u00e1s probable que ocurra un trauma o una lesi\u00f3n.","robots":{"index":"index","follow":"follow","max-snippet":"max-snippet:-1","max-image-preview":"max-image-preview:large","max-video-preview":"max-video-preview:-1"},"canonical":"https:\/\/chicagoinjurylawyer.net\/es\/negligencia-medica\/lesiones-de-nacimiento\/huesos-rotos\/","og_locale":"es_ES","og_type":"article","og_title":"Abogados de Huesos Rotos Durante el Parto en Chicago - Sexner Injury Lawyers LLC","og_description":"Ciertas condiciones hacen que un parto sea m\u00e1s propenso a ser problem\u00e1tico, y cuanto m\u00e1s complicado es el parto, es m\u00e1s probable que ocurra un trauma o una lesi\u00f3n.","og_url":"https:\/\/chicagoinjurylawyer.net\/es\/negligencia-medica\/lesiones-de-nacimiento\/huesos-rotos\/","og_site_name":"Sexner Injury Lawyers LLC","article_modified_time":"2022-01-21T21:31:57+00:00","og_image":[{"url":"https:\/\/chicagoinjurylawyer.net\/wp-content\/uploads\/2022\/01\/Huesos-Rotos-Durante-el-Parto.jpg","type":"","width":"","height":""}],"twitter_card":"summary_large_image","twitter_misc":{"Tiempo de lectura":"6 minutos"},"schema":{"@context":"https:\/\/schema.org","@graph":[{"@type":"WebPage","@id":"https:\/\/chicagoinjurylawyer.net\/es\/negligencia-medica\/lesiones-de-nacimiento\/huesos-rotos\/","url":"https:\/\/chicagoinjurylawyer.net\/es\/negligencia-medica\/lesiones-de-nacimiento\/huesos-rotos\/","name":"Abogados de Huesos Rotos Durante el Parto en Chicago - Sexner Injury Lawyers LLC","isPartOf":{"@id":"https:\/\/chicagoinjurylawyer.net\/es\/#website"},"datePublished":"2022-01-21T21:25:08+00:00","dateModified":"2022-01-21T21:31:57+00:00","description":"Ciertas condiciones hacen que un parto sea m\u00e1s propenso a ser problem\u00e1tico, y cuanto m\u00e1s complicado es el parto, es m\u00e1s probable que ocurra un trauma o una lesi\u00f3n.","breadcrumb":{"@id":"https:\/\/chicagoinjurylawyer.net\/es\/negligencia-medica\/lesiones-de-nacimiento\/huesos-rotos\/#breadcrumb"},"inLanguage":"es","potentialAction":[{"@type":"ReadAction","target":["https:\/\/chicagoinjurylawyer.net\/es\/negligencia-medica\/lesiones-de-nacimiento\/huesos-rotos\/"]}]},{"@type":"BreadcrumbList","@id":"https:\/\/chicagoinjurylawyer.net\/es\/negligencia-medica\/lesiones-de-nacimiento\/huesos-rotos\/#breadcrumb","itemListElement":[{"@type":"ListItem","position":1,"name":"Negligencia M\u00e9dica","item":"https:\/\/chicagoinjurylawyer.net\/es\/negligencia-medica\/"},{"@type":"ListItem","position":2,"name":"Lesiones De Nacimiento","item":"https:\/\/chicagoinjurylawyer.net\/es\/negligencia-medica\/lesiones-de-nacimiento\/"},{"@type":"ListItem","position":3,"name":"Huesos Rotos"}]},{"@type":"WebSite","@id":"https:\/\/chicagoinjurylawyer.net\/es\/#website","url":"https:\/\/chicagoinjurylawyer.net\/es\/","name":"Sexner Injury Lawyers LLC","description":"Chicago Personal Injury Attorneys","publisher":{"@id":"https:\/\/chicagoinjurylawyer.net\/es\/#organization"},"potentialAction":[{"@type":"SearchAction","target":{"@type":"EntryPoint","urlTemplate":"https:\/\/chicagoinjurylawyer.net\/es\/?s={search_term_string}"},"query-input":{"@type":"PropertyValueSpecification","valueRequired":true,"valueName":"search_term_string"}}],"inLanguage":"es"},{"@type":"Organization","@id":"https:\/\/chicagoinjurylawyer.net\/es\/#organization","name":"[firm-name]","url":"https:\/\/chicagoinjurylawyer.net\/es\/","logo":{"@type":"ImageObject","inLanguage":"es","@id":"https:\/\/chicagoinjurylawyer.net\/es\/#\/schema\/logo\/image\/","url":"https:\/\/chicagoinjurylawyer.net\/wp-content\/uploads\/2019\/06\/msx-logo-1.png","contentUrl":"https:\/\/chicagoinjurylawyer.net\/wp-content\/uploads\/2019\/06\/msx-logo-1.png","width":180,"height":83,"caption":"[firm-name]"},"image":{"@id":"https:\/\/chicagoinjurylawyer.net\/es\/#\/schema\/logo\/image\/"}}]}},"_links":{"self":[{"href":"https:\/\/chicagoinjurylawyer.net\/es\/wp-json\/wp\/v2\/pages\/33166","targetHints":{"allow":["GET"]}}],"collection":[{"href":"https:\/\/chicagoinjurylawyer.net\/es\/wp-json\/wp\/v2\/pages"}],"about":[{"href":"https:\/\/chicagoinjurylawyer.net\/es\/wp-json\/wp\/v2\/types\/page"}],"author":[{"embeddable":true,"href":"https:\/\/chicagoinjurylawyer.net\/es\/wp-json\/wp\/v2\/users\/1"}],"replies":[{"embeddable":true,"href":"https:\/\/chicagoinjurylawyer.net\/es\/wp-json\/wp\/v2\/comments?post=33166"}],"version-history":[{"count":3,"href":"https:\/\/chicagoinjurylawyer.net\/es\/wp-json\/wp\/v2\/pages\/33166\/revisions"}],"predecessor-version":[{"id":33175,"href":"https:\/\/chicagoinjurylawyer.net\/es\/wp-json\/wp\/v2\/pages\/33166\/revisions\/33175"}],"up":[{"embeddable":true,"href":"https:\/\/chicagoinjurylawyer.net\/es\/wp-json\/wp\/v2\/pages\/7394"}],"wp:attachment":[{"href":"https:\/\/chicagoinjurylawyer.net\/es\/wp-json\/wp\/v2\/media?parent=33166"}],"curies":[{"name":"wp","href":"https:\/\/api.w.org\/{rel}","templated":true}]}}