{"id":33176,"date":"2022-01-21T15:47:38","date_gmt":"2022-01-21T21:47:38","guid":{"rendered":"https:\/\/pi-sexner.tseg.co\/?page_id=33176"},"modified":"2022-01-21T15:47:38","modified_gmt":"2022-01-21T21:47:38","slug":"nervios-craneales","status":"publish","type":"page","link":"https:\/\/chicagoinjurylawyer.net\/es\/negligencia-medica\/lesiones-de-nacimiento\/nervios-craneales\/","title":{"rendered":"Nervios Craneales"},"content":{"rendered":"<h1>Abogados de Lesiones de Nervios Craneales de la M\u00e9dula Espinal en Chicago<\/h1>\n<p><img decoding=\"async\" class=\"alignright wp-image-33180\" src=\"\/wp-content\/uploads\/2022\/01\/Abogados-de-Lesiones-de-Nervios-Craneales-en-Chicago.jpg\" alt=\"Abogados de Lesiones de Nervios Craneales en Chicago\" width=\"400\" height=\"267\" srcset=\"https:\/\/chicagoinjurylawyer.net\/wp-content\/uploads\/2022\/01\/Abogados-de-Lesiones-de-Nervios-Craneales-en-Chicago.jpg 1000w, https:\/\/chicagoinjurylawyer.net\/wp-content\/uploads\/2022\/01\/Abogados-de-Lesiones-de-Nervios-Craneales-en-Chicago-300x200.jpg 300w, https:\/\/chicagoinjurylawyer.net\/wp-content\/uploads\/2022\/01\/Abogados-de-Lesiones-de-Nervios-Craneales-en-Chicago-768x512.jpg 768w\" sizes=\"(max-width: 400px) 100vw, 400px\" \/>Hay muchos nervios importantes en la <a href=\"\/es\/lesiones-de-la-medula-espinal\/\">m\u00e9dula espinal<\/a>, y si se lesionan, aunque sea levemente, pueden ocurrir problemas neurol\u00f3gicos permanentes y par\u00e1lisis. Las lesiones de la m\u00e9dula espinal y el nervio craneal son los tipos m\u00e1s graves de <a href=\"\/es\/negligencia-medica\/lesiones-de-nacimiento\/\">lesiones de nacimiento<\/a> y, a menudo, son causadas por el uso inadecuado de f\u00f3rceps. Los signos de lesi\u00f3n de la m\u00e9dula espinal y da\u00f1o a los nervios generalmente se notan poco despu\u00e9s de que ocurren.<\/p>\n<p>Aunque la gran mayor\u00eda de los nacimientos ocurren sin ning\u00fan problema, el parto de un beb\u00e9 es un proceso que puede causar lesiones graves en cualquier momento. El tama\u00f1o de la madre, el tama\u00f1o del beb\u00e9, la presentaci\u00f3n del beb\u00e9 y el grado de habilidad del m\u00e9dico son variables que pueden conducir a un parto f\u00e1cil y sin esfuerzo, o bien a un parto dif\u00edcil y peligroso.<\/p>\n<h2>Factores de Riesgo para las Lesiones de Nacimiento, Incluidas las Lesiones de la Columna Vertebral y los Nervios<\/h2>\n<ul>\n<li>L\u00edquido amni\u00f3tico bajo<\/li>\n<li>Cabeza fetal m\u00e1s grande<\/li>\n<li>Primer nacimiento de la madre<\/li>\n<li>Beb\u00e9 con bajo peso al nacer<\/li>\n<li>Trabajo de parto prolongado<\/li>\n<li>Nacimiento prematuro (prematuro)<\/li>\n<li>Trabajo de parto r\u00e1pido<\/li>\n<li>Uso de dispositivos de extracci\u00f3n<\/li>\n<li>Presentaci\u00f3n anormal del beb\u00e9<\/li>\n<li>Parto con ventosa o con f\u00f3rceps<\/li>\n<\/ul>\n<p>Si el beb\u00e9 est\u00e1 constre\u00f1ido en el canal del parto y el parto es dif\u00edcil o complicado, pueden ocurrir fracturas de huesos, lesiones del plexo braquial o lesiones cerebrales. Otras lesiones graves involucran las de la m\u00e9dula espinal o el nervio craneal.<\/p>\n<h2>S\u00edntomas de las Lesiones de Nacimiento de la M\u00e9dula Espinal<\/h2>\n<p>Aunque las lesiones en la m\u00e9dula espinal no son comunes durante el parto, existe un mayor riesgo durante los partos m\u00e1s complicados. Los partos de nalgas y la posici\u00f3n del beb\u00e9 con la cara primero durante el parto son solo algunos de los factores de riesgo de una lesi\u00f3n de este tipo.<\/p>\n<p>Algunos s\u00edntomas de una lesi\u00f3n de nacimiento en la m\u00e9dula espinal incluyen:<\/p>\n<ul>\n<li>Incapacidad para moverse<\/li>\n<li>Espasmos<\/li>\n<li>Sensaciones de escozor<\/li>\n<li>P\u00e9rdida del sentido del tacto<\/li>\n<li>Reflejos y respiraci\u00f3n anormales<\/li>\n<li>Debilidad general<\/li>\n<li>Problemas de control de la vejiga y los intestinos<\/li>\n<\/ul>\n<p>La lesi\u00f3n de la m\u00e9dula espinal de un beb\u00e9 puede ser profunda y de por vida cuando resulta en par\u00e1lisis, mientras que en otras circunstancias es menor sin ning\u00fan impacto significativo. Dependiendo de la extensi\u00f3n de la lesi\u00f3n, la fisioterapia, los esteroides, los aparatos ortop\u00e9dicos, la cirug\u00eda u otra asistencia m\u00e9dica pueden ayudar a mejorar la calidad de vida.<\/p>\n<h2>Lesi\u00f3n de Nacimiento del Nervio Craneal<\/h2>\n<p>Al nacer, el cr\u00e1neo del beb\u00e9 puede cambiar de forma para adaptarse correctamente a los huesos p\u00e9lvicos de la madre. Como tal, los huesos del cr\u00e1neo pueden superponerse o desplazarse ligeramente a trav\u00e9s de un proceso conocido como compresi\u00f3n \/ descompresi\u00f3n. Los huesos normalmente vuelven a su lugar por s\u00ed solos, pero hay circunstancias en las que, debido a un tir\u00f3n demasiado agresivo por parte del m\u00e9dico, pueden producirse cambios antinaturales. Esto da como resultado una lesi\u00f3n permanente en el cr\u00e1neo que no se curar\u00e1 de forma natural.<\/p>\n<p>Adem\u00e1s, durante un parto dif\u00edcil, los nervios craneales pueden da\u00f1arse. El da\u00f1o al nervio facial antes o durante el parto puede resultar en par\u00e1lisis en una parte de la cara del beb\u00e9; o en casos m\u00e1s severos puede afectar todo el lado de la cara desde el ment\u00f3n hasta la frente. El da\u00f1o m\u00e1s com\u00fan al nervio facial craneal a menudo involucra solo la rama inferior del nervio facial alrededor de los labios; este da\u00f1o es m\u00e1s evidente cuando el beb\u00e9 est\u00e1 llorando.<\/p>\n<img decoding=\"async\" class=\"size-full wp-image-33178 aligncenter\" src=\"\/wp-content\/uploads\/2022\/01\/Abogados-de-Lesiones-de-Nervios-Craneales-de-la-Me\u0301dula-Espinal-en-Chicago.jpg\" alt=\"Abogados de Lesiones de Nervios Craneales de la M\u00e9dula Espinal en Chicago\" width=\"1000\" height=\"1000\" srcset=\"https:\/\/chicagoinjurylawyer.net\/wp-content\/uploads\/2022\/01\/Abogados-de-Lesiones-de-Nervios-Craneales-de-la-Me\u0301dula-Espinal-en-Chicago.jpg 1000w, https:\/\/chicagoinjurylawyer.net\/wp-content\/uploads\/2022\/01\/Abogados-de-Lesiones-de-Nervios-Craneales-de-la-Me\u0301dula-Espinal-en-Chicago-300x300.jpg 300w, https:\/\/chicagoinjurylawyer.net\/wp-content\/uploads\/2022\/01\/Abogados-de-Lesiones-de-Nervios-Craneales-de-la-Me\u0301dula-Espinal-en-Chicago-150x150.jpg 150w, https:\/\/chicagoinjurylawyer.net\/wp-content\/uploads\/2022\/01\/Abogados-de-Lesiones-de-Nervios-Craneales-de-la-Me\u0301dula-Espinal-en-Chicago-768x768.jpg 768w\" sizes=\"(max-width: 1000px) 100vw, 1000px\" \/>\n<h2>Demandas por Negligencia M\u00e9dica por Lesiones de la M\u00e9dula Espinal o de los Nervios Craneales<\/h2>\n<p>Es responsabilidad m\u00e9dica y legal del m\u00e9dico supervisar y administrar el proceso de parto de la mejor manera posible. Incluso cuando se hace correctamente, hay muchas cosas que pueden salir mal durante el parto. Pero cuando un m\u00e9dico, enfermera, partera, anestesi\u00f3logo u otro miembro del personal no cumple con este deber de cumplir con el est\u00e1ndar de atenci\u00f3n, puede resultar en lesiones graves y permanentes al beb\u00e9. Es en este punto que ha ocurrido una negligencia m\u00e9dica y una familia debe considerar seriamente presentar una demanda en la corte contra el <a href=\"\/es\/negligencia-medica\/errores-de-hospitales-y-laboratorios\/\">proveedor m\u00e9dico<\/a>.<\/p>\n<p>Despu\u00e9s de todo, el embarazo y el parto tienen que ver con ser inteligentes y planificar con anticipaci\u00f3n. Un m\u00e9dico realiza una ecograf\u00eda no solo para que la futura madre pueda conocer el sexo del beb\u00e9 y tener una imagen para pegar en su refrigerador, sino tambi\u00e9n para conocer datos importantes sobre el feto en desarrollo. Tambi\u00e9n se realizan otras pruebas de diagn\u00f3stico y ex\u00e1menes durante el embarazo; todos est\u00e1n destinados a ayudar en esta planificaci\u00f3n.<\/p>\n<p>El tama\u00f1o y las proporciones del beb\u00e9, as\u00ed como la pelvis de la madre, son factores importantes que considerar. Tambi\u00e9n lo son el tama\u00f1o de la cabeza del beb\u00e9, la cantidad de l\u00edquido amni\u00f3tico y la presentaci\u00f3n del beb\u00e9 (posici\u00f3n en el \u00fatero: ruptura, transversal, etc.). Todas estas consideraciones deber\u00edan afectar las decisiones del m\u00e9dico. \u00bfEl parto debe ser por ces\u00e1rea? \u00bfDeben intentarse herramientas como f\u00f3rceps o ventosa?<\/p>\n<p>\u00bfLa mayor\u00eda de los m\u00e9dicos consideran cuidadosamente estos factores al planificar el parto? Si. Pero no todos los m\u00e9dicos hacen lo que deber\u00edan. Cuando no se realizan pruebas de diagn\u00f3stico \u00fatiles durante el embarazo, cuando el m\u00e9dico no eval\u00faa adecuadamente el parto, cuando se realiza un parto natural en lugar de una ces\u00e1rea, o cuando se producen errores de cualquier tipo durante el parto, es posible que se haya producido una negligencia.<\/p>\n<p>El personal m\u00e9dico se presenta como expertos y profesionales. Pero cuando ocurre una lesi\u00f3n o muerte de la que son responsables, deben ser considerados responsables. Un abogado con experiencia en medicina puede presentar una demanda en nombre de su familia para buscar justicia y proporcionar una compensaci\u00f3n financiera a su familia para ayudar a pagar los tratamientos y la atenci\u00f3n m\u00e9dica futura que requerir\u00e1 la lesi\u00f3n m\u00e9dica de su hijo.<\/p>\n<h2>Comun\u00edquese con un Abogado Especializado en Lesiones de Nervios Craneales y M\u00e9dula Espinal<\/h2>\n<p><img decoding=\"async\" class=\"alignright wp-image-33182\" src=\"\/wp-content\/uploads\/2022\/01\/Lesiones-de-Nervios-Craneales-de-la-Me\u0301dula-Espinal.jpg\" alt=\"Lesiones de Nervios Craneales de la Me\u0301dula Espinal\" width=\"400\" height=\"333\" srcset=\"https:\/\/chicagoinjurylawyer.net\/wp-content\/uploads\/2022\/01\/Lesiones-de-Nervios-Craneales-de-la-Me\u0301dula-Espinal.jpg 1000w, https:\/\/chicagoinjurylawyer.net\/wp-content\/uploads\/2022\/01\/Lesiones-de-Nervios-Craneales-de-la-Me\u0301dula-Espinal-300x250.jpg 300w, https:\/\/chicagoinjurylawyer.net\/wp-content\/uploads\/2022\/01\/Lesiones-de-Nervios-Craneales-de-la-Me\u0301dula-Espinal-768x640.jpg 768w\" sizes=\"(max-width: 400px) 100vw, 400px\" \/>Independientemente de la lesi\u00f3n, cualquier problema asociado con el nacimiento de un beb\u00e9 es sin duda un evento traum\u00e1tico, no solo para el ni\u00f1o, sino tambi\u00e9n para los padres. Desde 1990, los <a href=\"\/es\/\">abogados de lesiones de nacimiento en Chicago<\/a> de Sexner Injury Lawyers LLC han estado ayudando a las familias en los momentos m\u00e1s dif\u00edciles. En algunas circunstancias, nuestros abogados incluso han intervenido con hospitales para lograr una transferencia a instalaciones m\u00e9dicas m\u00e1s adecuadas y mejor calificadas. Ya se han <a href=\"\/es\/nuestro-exito\/\">recaudado millones de d\u00f3lares<\/a> para las familias de nuestros clientes y nunca se cobran tarifas por discutir sus circunstancias. Ll\u00e1menos las 24 horas del d\u00eda para obtener informaci\u00f3n gratuita al <a href=\"tel:3122439922\">(312) 243-9922<\/a>.<\/p>\n","protected":false},"excerpt":{"rendered":"<p>Abogados de Lesiones de Nervios Craneales de la M\u00e9dula Espinal en Chicago Hay muchos nervios importantes en la m\u00e9dula espinal, y si se lesionan, aunque sea levemente, pueden ocurrir problemas neurol\u00f3gicos permanentes y par\u00e1lisis. Las lesiones de la m\u00e9dula espinal y el nervio craneal son los tipos m\u00e1s graves de lesiones de nacimiento y, a [&hellip;]<\/p>\n","protected":false},"author":1,"featured_media":0,"parent":7394,"menu_order":0,"comment_status":"closed","ping_status":"closed","template":"","meta":{"_acf_changed":false,"footnotes":""},"class_list":["post-33176","page","type-page","status-publish","hentry"],"acf":[],"yoast_head":"<!-- This site is optimized with the Yoast SEO plugin v27.4 - https:\/\/yoast.com\/product\/yoast-seo-wordpress\/ -->\n<title>Abogados de Lesiones de Nervios Craneales de la M\u00e9dula Espinal en Chicago - Sexner Injury Lawyers LLC<\/title>\n<meta name=\"description\" content=\"Hay muchos nervios importantes en la m\u00e9dula espinal, y si se lesionan, aunque sea levemente, pueden ocurrir problemas neurol\u00f3gicos permanentes y par\u00e1lisis.\" \/>\n<meta name=\"robots\" content=\"index, follow, max-snippet:-1, max-image-preview:large, max-video-preview:-1\" \/>\n<link rel=\"canonical\" href=\"https:\/\/chicagoinjurylawyer.net\/es\/negligencia-medica\/lesiones-de-nacimiento\/nervios-craneales\/\" \/>\n<meta property=\"og:locale\" content=\"es_ES\" \/>\n<meta property=\"og:type\" content=\"article\" \/>\n<meta property=\"og:title\" content=\"Abogados de Lesiones de Nervios Craneales de la M\u00e9dula Espinal en Chicago - Sexner Injury Lawyers LLC\" \/>\n<meta property=\"og:description\" content=\"Hay muchos nervios importantes en la m\u00e9dula espinal, y si se lesionan, aunque sea levemente, pueden ocurrir problemas neurol\u00f3gicos permanentes y par\u00e1lisis.\" \/>\n<meta property=\"og:url\" content=\"https:\/\/chicagoinjurylawyer.net\/es\/negligencia-medica\/lesiones-de-nacimiento\/nervios-craneales\/\" \/>\n<meta property=\"og:site_name\" content=\"Sexner Injury Lawyers LLC\" \/>\n<meta property=\"og:image\" content=\"https:\/\/chicagoinjurylawyer.net\/wp-content\/uploads\/2022\/01\/Abogados-de-Lesiones-de-Nervios-Craneales-en-Chicago.jpg\" \/>\n<meta name=\"twitter:card\" content=\"summary_large_image\" \/>\n<meta name=\"twitter:label1\" content=\"Tiempo de lectura\" \/>\n\t<meta name=\"twitter:data1\" content=\"6 minutos\" \/>\n<!-- \/ Yoast SEO plugin. -->","yoast_head_json":{"title":"Abogados de Lesiones de Nervios Craneales de la M\u00e9dula Espinal en Chicago - Sexner Injury Lawyers LLC","description":"Hay muchos nervios importantes en la m\u00e9dula espinal, y si se lesionan, aunque sea levemente, pueden ocurrir problemas neurol\u00f3gicos permanentes y par\u00e1lisis.","robots":{"index":"index","follow":"follow","max-snippet":"max-snippet:-1","max-image-preview":"max-image-preview:large","max-video-preview":"max-video-preview:-1"},"canonical":"https:\/\/chicagoinjurylawyer.net\/es\/negligencia-medica\/lesiones-de-nacimiento\/nervios-craneales\/","og_locale":"es_ES","og_type":"article","og_title":"Abogados de Lesiones de Nervios Craneales de la M\u00e9dula Espinal en Chicago - Sexner Injury Lawyers LLC","og_description":"Hay muchos nervios importantes en la m\u00e9dula espinal, y si se lesionan, aunque sea levemente, pueden ocurrir problemas neurol\u00f3gicos permanentes y par\u00e1lisis.","og_url":"https:\/\/chicagoinjurylawyer.net\/es\/negligencia-medica\/lesiones-de-nacimiento\/nervios-craneales\/","og_site_name":"Sexner Injury Lawyers LLC","og_image":[{"url":"https:\/\/chicagoinjurylawyer.net\/wp-content\/uploads\/2022\/01\/Abogados-de-Lesiones-de-Nervios-Craneales-en-Chicago.jpg","type":"","width":"","height":""}],"twitter_card":"summary_large_image","twitter_misc":{"Tiempo de lectura":"6 minutos"},"schema":{"@context":"https:\/\/schema.org","@graph":[{"@type":"WebPage","@id":"https:\/\/chicagoinjurylawyer.net\/es\/negligencia-medica\/lesiones-de-nacimiento\/nervios-craneales\/","url":"https:\/\/chicagoinjurylawyer.net\/es\/negligencia-medica\/lesiones-de-nacimiento\/nervios-craneales\/","name":"Abogados de Lesiones de Nervios Craneales de la M\u00e9dula Espinal en Chicago - Sexner Injury Lawyers LLC","isPartOf":{"@id":"https:\/\/chicagoinjurylawyer.net\/es\/#website"},"datePublished":"2022-01-21T21:47:38+00:00","description":"Hay muchos nervios importantes en la m\u00e9dula espinal, y si se lesionan, aunque sea levemente, pueden ocurrir problemas neurol\u00f3gicos permanentes y par\u00e1lisis.","breadcrumb":{"@id":"https:\/\/chicagoinjurylawyer.net\/es\/negligencia-medica\/lesiones-de-nacimiento\/nervios-craneales\/#breadcrumb"},"inLanguage":"es","potentialAction":[{"@type":"ReadAction","target":["https:\/\/chicagoinjurylawyer.net\/es\/negligencia-medica\/lesiones-de-nacimiento\/nervios-craneales\/"]}]},{"@type":"BreadcrumbList","@id":"https:\/\/chicagoinjurylawyer.net\/es\/negligencia-medica\/lesiones-de-nacimiento\/nervios-craneales\/#breadcrumb","itemListElement":[{"@type":"ListItem","position":1,"name":"Negligencia M\u00e9dica","item":"https:\/\/chicagoinjurylawyer.net\/es\/negligencia-medica\/"},{"@type":"ListItem","position":2,"name":"Lesiones De Nacimiento","item":"https:\/\/chicagoinjurylawyer.net\/es\/negligencia-medica\/lesiones-de-nacimiento\/"},{"@type":"ListItem","position":3,"name":"Nervios Craneales"}]},{"@type":"WebSite","@id":"https:\/\/chicagoinjurylawyer.net\/es\/#website","url":"https:\/\/chicagoinjurylawyer.net\/es\/","name":"Sexner Injury Lawyers LLC","description":"Chicago Personal Injury Attorneys","publisher":{"@id":"https:\/\/chicagoinjurylawyer.net\/es\/#organization"},"potentialAction":[{"@type":"SearchAction","target":{"@type":"EntryPoint","urlTemplate":"https:\/\/chicagoinjurylawyer.net\/es\/?s={search_term_string}"},"query-input":{"@type":"PropertyValueSpecification","valueRequired":true,"valueName":"search_term_string"}}],"inLanguage":"es"},{"@type":"Organization","@id":"https:\/\/chicagoinjurylawyer.net\/es\/#organization","name":"[firm-name]","url":"https:\/\/chicagoinjurylawyer.net\/es\/","logo":{"@type":"ImageObject","inLanguage":"es","@id":"https:\/\/chicagoinjurylawyer.net\/es\/#\/schema\/logo\/image\/","url":"https:\/\/chicagoinjurylawyer.net\/wp-content\/uploads\/2019\/06\/msx-logo-1.png","contentUrl":"https:\/\/chicagoinjurylawyer.net\/wp-content\/uploads\/2019\/06\/msx-logo-1.png","width":180,"height":83,"caption":"[firm-name]"},"image":{"@id":"https:\/\/chicagoinjurylawyer.net\/es\/#\/schema\/logo\/image\/"}}]}},"_links":{"self":[{"href":"https:\/\/chicagoinjurylawyer.net\/es\/wp-json\/wp\/v2\/pages\/33176","targetHints":{"allow":["GET"]}}],"collection":[{"href":"https:\/\/chicagoinjurylawyer.net\/es\/wp-json\/wp\/v2\/pages"}],"about":[{"href":"https:\/\/chicagoinjurylawyer.net\/es\/wp-json\/wp\/v2\/types\/page"}],"author":[{"embeddable":true,"href":"https:\/\/chicagoinjurylawyer.net\/es\/wp-json\/wp\/v2\/users\/1"}],"replies":[{"embeddable":true,"href":"https:\/\/chicagoinjurylawyer.net\/es\/wp-json\/wp\/v2\/comments?post=33176"}],"version-history":[{"count":2,"href":"https:\/\/chicagoinjurylawyer.net\/es\/wp-json\/wp\/v2\/pages\/33176\/revisions"}],"predecessor-version":[{"id":33186,"href":"https:\/\/chicagoinjurylawyer.net\/es\/wp-json\/wp\/v2\/pages\/33176\/revisions\/33186"}],"up":[{"embeddable":true,"href":"https:\/\/chicagoinjurylawyer.net\/es\/wp-json\/wp\/v2\/pages\/7394"}],"wp:attachment":[{"href":"https:\/\/chicagoinjurylawyer.net\/es\/wp-json\/wp\/v2\/media?parent=33176"}],"curies":[{"name":"wp","href":"https:\/\/api.w.org\/{rel}","templated":true}]}}