{"id":33187,"date":"2022-01-21T16:52:39","date_gmt":"2022-01-21T22:52:39","guid":{"rendered":"https:\/\/pi-sexner.tseg.co\/?page_id=33187"},"modified":"2022-01-24T10:14:48","modified_gmt":"2022-01-24T16:14:48","slug":"encefalocele","status":"publish","type":"page","link":"https:\/\/chicagoinjurylawyer.net\/es\/defectos-de-nacimiento\/encefalocele\/","title":{"rendered":"Encefalocele (Defecto del Tubo Neural)"},"content":{"rendered":"<h1>Abogados de Encefalocele (Defecto del Tubo Neural) de Chicago<\/h1>\n<p><img decoding=\"async\" class=\"alignright wp-image-33188\" src=\"\/wp-content\/uploads\/2022\/01\/Encefalocele-Defecto-del-Tubo-Neural.jpg\" alt=\"Encefalocele (Defecto del Tubo Neural)\" width=\"400\" height=\"267\" srcset=\"https:\/\/chicagoinjurylawyer.net\/wp-content\/uploads\/2022\/01\/Encefalocele-Defecto-del-Tubo-Neural.jpg 1000w, https:\/\/chicagoinjurylawyer.net\/wp-content\/uploads\/2022\/01\/Encefalocele-Defecto-del-Tubo-Neural-300x200.jpg 300w, https:\/\/chicagoinjurylawyer.net\/wp-content\/uploads\/2022\/01\/Encefalocele-Defecto-del-Tubo-Neural-768x512.jpg 768w\" sizes=\"(max-width: 400px) 100vw, 400px\" \/>El tubo neural es una estructura peque\u00f1a, plana, en forma de cinta que se convierte en un tubo cuando termina el primer mes de <a href=\"\/es\/negligencia-medica\/lesiones-de-nacimiento\/\">embarazo<\/a>. Se pliega y se cierra para formar finalmente la <a href=\"\/es\/lesiones-de-la-medula-espinal\/\">m\u00e9dula espinal<\/a> y el cerebro. Un defecto del tubo neural (NTD) es una anomal\u00eda cong\u00e9nita que se refiere a un tubo neural que no se cierra por completo como deber\u00eda.<\/p>\n<p>La encefalocele es uno de esos defectos del tubo neural. Es una proyecci\u00f3n o protuberancia en forma de saco de las membranas alrededor del cerebro y el cerebro mismo, que se extiende desde el cr\u00e1neo. La encefalocele produce una abertura entre la nariz y la frente, en la parte media del cr\u00e1neo o en la base donde el cr\u00e1neo se encuentra con el cuello.<\/p>\n<p>Este defecto cong\u00e9nito en el que sobresalen el cerebro y el cr\u00e1neo puede provocar discapacidades a largo plazo y se ha relacionado con el uso de ISRS (inhibidores selectivos de la recaptaci\u00f3n de serotonina), una clase de medicamentos antidepresivos que se recetan con frecuencia a las madres embarazadas. Tomar ISRS durante el embarazo tambi\u00e9n es un factor de riesgo de otros defectos de nacimiento. Si su hijo naci\u00f3 con encefalocele o cualquier otro defecto del tubo neural y tom\u00f3 ISRS durante el embarazo, es posible que pueda obtener la compensaci\u00f3n que necesita para controlar la afecci\u00f3n de su hijo. Comun\u00edquese con los abogados de encefalocele de Chicago de <a href=\"\/es\/\">Sexner Injury Lawyers LLC<\/a> al <a href=\"tel:3122439922\">(312) 243-9922<\/a> para obtener m\u00e1s informaci\u00f3n.<\/p>\n<h2>Reparaci\u00f3n Quir\u00fargica de Encefalocele<\/h2>\n<p>La mayor\u00eda de los beb\u00e9s necesitan cirug\u00eda para colocar la parte que sobresale del <a href=\"\/es\/lesiones-cerebrales-traumaticas\/\">cerebro<\/a> dentro del cr\u00e1neo, y muchos beb\u00e9s tambi\u00e9n requieren una derivaci\u00f3n para drenar el exceso de l\u00edquido del cerebro. Algunos signos de encefalocele incluyen:<\/p>\n<ul>\n<li>Convulsiones<\/li>\n<li>P\u00e9rdida de fuerza en piernas y brazos.<\/li>\n<li>Cabeza inusualmente peque\u00f1a<\/li>\n<li>Acumulaci\u00f3n de l\u00edquido en el cerebro (hidrocefalia)<\/li>\n<li>Retrasos del desarrollo<\/li>\n<li>Falta de coordinaci\u00f3n de los m\u00fasculos voluntarios.<\/li>\n<li>Problemas de la vista<\/li>\n<li>Discapacidades intelectuales<\/li>\n<li>Par\u00e1lisis<\/li>\n<\/ul>\n<h2>Reclamaciones por Negligencia M\u00e9dica por Encefalocele<\/h2>\n<p>Sin duda, la gen\u00e9tica juega un papel importante en la mayor\u00eda de los defectos de nacimiento. Pero tambi\u00e9n se ha demostrado que los factores externos influyen en si se producir\u00e1 una anomal\u00eda del tubo neural como la encefalocele. Cuando un m\u00e9dico, obstetra u otro profesional m\u00e9dico ayuda de alguna manera a causar la afecci\u00f3n, o no la diagnostica y trata de manera efectiva, es posible que haya ocurrido una <a href=\"\/es\/negligencia-medica\/\">negligencia m\u00e9dica<\/a>.<\/p>\n<ul>\n<li>La primera \u00e1rea en la que un m\u00e9dico puede cometer negligencia implica recetar (o no desaconsejar la toma) de ciertos medicamentos que se han relacionado con defectos de nacimiento, incluidos los que afectan la formaci\u00f3n del tubo neural. Se cree que algunos antidepresivos ISRS, anticonvulsivos, anti metab\u00f3licos, anticonceptivos, medicamentos para las n\u00e1useas \/ n\u00e1useas matutinas y medicamentos para el acn\u00e9 causan defectos de nacimiento cuando se toman durante las primeras etapas del embarazo (o incluso antes). Muchos de estos reducen los niveles de \u00e1cido f\u00f3lico y se sabe que esto crea un efecto negativo. Es responsabilidad del m\u00e9dico saber qu\u00e9 medicamentos pueden da\u00f1ar al feto e informar completamente a la madre.<\/li>\n<li>La segunda \u00e1rea de posible negligencia implica pruebas negligentes, detecci\u00f3n o diagn\u00f3stico del defecto cong\u00e9nito. El diagn\u00f3stico temprano es absolutamente vital para planificar y tratar defectos de nacimiento como la encefalocele. Los padres toman todo tipo de decisiones personales dif\u00edciles cuando est\u00e1n embarazadas de un feto que presenta un defecto de nacimiento. Dependiendo de la etapa del embarazo, algunos padres pueden optar por interrumpir el embarazo. Otros no lo har\u00e1n. Pero cuando un defecto cong\u00e9nito se diagnostica incorrectamente o el diagn\u00f3stico se retrasa, el m\u00e9dico puede privar a los padres de ciertas elecciones que podr\u00edan haber tomado si la anomal\u00eda se hubiera conocido antes. Este tipo de reclamaci\u00f3n se conoce como demanda por \u201cnacimiento il\u00edcito\u201d o \u201cvida il\u00edcita\u201d.<\/li>\n<li>La tercera \u00e1rea de posible negligencia implica un tratamiento negligente o una intervenci\u00f3n quir\u00fargica. Al igual que con cualquier otro defecto cong\u00e9nito, es posible que un m\u00e9dico o cirujano no trate la afecci\u00f3n adecuadamente una vez detectada. Es vital que el obstetra planifique con anticipaci\u00f3n y consulte de inmediato con otros expertos m\u00e9dicos en el campo para determinar si, cu\u00e1ndo y d\u00f3nde se debe realizar la cirug\u00eda. Esto incluye la decisi\u00f3n de programar una ces\u00e1rea con anticipaci\u00f3n para evitar da\u00f1ar el saco sensible. No hacer esto puede exponer al beb\u00e9 a riesgos adicionales.<\/li>\n<\/ul>\n<h2>Abogados de Encefalocele Compasivos y con experiencia en Chicago<\/h2>\n<p>Los beb\u00e9s que nacen con encefalocele a menudo requieren un tratamiento m\u00e9dico extenso y costoso, as\u00ed como cuidados de por vida. Los abogados de Chicago en defectos de nacimiento de Sexner Injury Lawyers LLC son muy conscientes de esto y han estado ayudando a las familias que se han visto afectadas por la negligencia m\u00e9dica de sus proveedores de atenci\u00f3n m\u00e9dica desde 1990. Nunca hay un costo por informaci\u00f3n o para discutir sus circunstancias. Tambi\u00e9n podemos revisar sus registros m\u00e9dicos de forma gratuita para evaluar si ocurri\u00f3 alg\u00fan error. Ll\u00e1menos al <a href=\"tel:3122439922\">(312) 243-9922<\/a> horas al d\u00eda y perm\u00edtanos ver si podemos ayudarlo.<\/p>\n","protected":false},"excerpt":{"rendered":"<p>Abogados de Encefalocele (Defecto del Tubo Neural) de Chicago El tubo neural es una estructura peque\u00f1a, plana, en forma de cinta que se convierte en un tubo cuando termina el primer mes de embarazo. Se pliega y se cierra para formar finalmente la m\u00e9dula espinal y el cerebro. Un defecto del tubo neural (NTD) es [&hellip;]<\/p>\n","protected":false},"author":1,"featured_media":0,"parent":33110,"menu_order":0,"comment_status":"closed","ping_status":"closed","template":"","meta":{"_acf_changed":false,"footnotes":""},"class_list":["post-33187","page","type-page","status-publish","hentry"],"acf":[],"yoast_head":"<!-- This site is optimized with the Yoast SEO plugin v27.4 - https:\/\/yoast.com\/product\/yoast-seo-wordpress\/ -->\n<title>Abogados de Encefalocele de Chicago - Sexner Injury Lawyers LLC<\/title>\n<meta name=\"description\" content=\"Los beb\u00e9s que nacen con encefalocele a menudo requieren un tratamiento m\u00e9dico extenso y costoso, as\u00ed como cuidados de por vida.\" \/>\n<meta name=\"robots\" content=\"index, follow, max-snippet:-1, max-image-preview:large, max-video-preview:-1\" \/>\n<link rel=\"canonical\" href=\"https:\/\/chicagoinjurylawyer.net\/es\/defectos-de-nacimiento\/encefalocele\/\" \/>\n<meta property=\"og:locale\" content=\"es_ES\" \/>\n<meta property=\"og:type\" content=\"article\" \/>\n<meta property=\"og:title\" content=\"Abogados de Encefalocele de Chicago - Sexner Injury Lawyers LLC\" \/>\n<meta property=\"og:description\" content=\"Los beb\u00e9s que nacen con encefalocele a menudo requieren un tratamiento m\u00e9dico extenso y costoso, as\u00ed como cuidados de por vida.\" \/>\n<meta property=\"og:url\" content=\"https:\/\/chicagoinjurylawyer.net\/es\/defectos-de-nacimiento\/encefalocele\/\" \/>\n<meta property=\"og:site_name\" content=\"Sexner Injury Lawyers LLC\" \/>\n<meta property=\"article:modified_time\" content=\"2022-01-24T16:14:48+00:00\" \/>\n<meta property=\"og:image\" content=\"https:\/\/chicagoinjurylawyer.net\/wp-content\/uploads\/2022\/01\/Encefalocele-Defecto-del-Tubo-Neural.jpg\" \/>\n<meta name=\"twitter:card\" content=\"summary_large_image\" \/>\n<meta name=\"twitter:label1\" content=\"Tiempo de lectura\" \/>\n\t<meta name=\"twitter:data1\" content=\"4 minutos\" \/>\n<!-- \/ Yoast SEO plugin. -->","yoast_head_json":{"title":"Abogados de Encefalocele de Chicago - Sexner Injury Lawyers LLC","description":"Los beb\u00e9s que nacen con encefalocele a menudo requieren un tratamiento m\u00e9dico extenso y costoso, as\u00ed como cuidados de por vida.","robots":{"index":"index","follow":"follow","max-snippet":"max-snippet:-1","max-image-preview":"max-image-preview:large","max-video-preview":"max-video-preview:-1"},"canonical":"https:\/\/chicagoinjurylawyer.net\/es\/defectos-de-nacimiento\/encefalocele\/","og_locale":"es_ES","og_type":"article","og_title":"Abogados de Encefalocele de Chicago - Sexner Injury Lawyers LLC","og_description":"Los beb\u00e9s que nacen con encefalocele a menudo requieren un tratamiento m\u00e9dico extenso y costoso, as\u00ed como cuidados de por vida.","og_url":"https:\/\/chicagoinjurylawyer.net\/es\/defectos-de-nacimiento\/encefalocele\/","og_site_name":"Sexner Injury Lawyers LLC","article_modified_time":"2022-01-24T16:14:48+00:00","og_image":[{"url":"https:\/\/chicagoinjurylawyer.net\/wp-content\/uploads\/2022\/01\/Encefalocele-Defecto-del-Tubo-Neural.jpg","type":"","width":"","height":""}],"twitter_card":"summary_large_image","twitter_misc":{"Tiempo de lectura":"4 minutos"},"schema":{"@context":"https:\/\/schema.org","@graph":[{"@type":"WebPage","@id":"https:\/\/chicagoinjurylawyer.net\/es\/defectos-de-nacimiento\/encefalocele\/","url":"https:\/\/chicagoinjurylawyer.net\/es\/defectos-de-nacimiento\/encefalocele\/","name":"Abogados de Encefalocele de Chicago - Sexner Injury Lawyers LLC","isPartOf":{"@id":"https:\/\/chicagoinjurylawyer.net\/es\/#website"},"datePublished":"2022-01-21T22:52:39+00:00","dateModified":"2022-01-24T16:14:48+00:00","description":"Los beb\u00e9s que nacen con encefalocele a menudo requieren un tratamiento m\u00e9dico extenso y costoso, as\u00ed como cuidados de por vida.","breadcrumb":{"@id":"https:\/\/chicagoinjurylawyer.net\/es\/defectos-de-nacimiento\/encefalocele\/#breadcrumb"},"inLanguage":"es","potentialAction":[{"@type":"ReadAction","target":["https:\/\/chicagoinjurylawyer.net\/es\/defectos-de-nacimiento\/encefalocele\/"]}]},{"@type":"BreadcrumbList","@id":"https:\/\/chicagoinjurylawyer.net\/es\/defectos-de-nacimiento\/encefalocele\/#breadcrumb","itemListElement":[{"@type":"ListItem","position":1,"name":"Negligencia M\u00e9dica","item":"https:\/\/chicagoinjurylawyer.net\/es\/negligencia-medica\/"},{"@type":"ListItem","position":2,"name":"Defectos de Nacimiento","item":"https:\/\/chicagoinjurylawyer.net\/es\/negligencia-medica\/defectos-de-nacimiento\/"},{"@type":"ListItem","position":3,"name":"Encefalocele (Defecto del Tubo Neural)"}]},{"@type":"WebSite","@id":"https:\/\/chicagoinjurylawyer.net\/es\/#website","url":"https:\/\/chicagoinjurylawyer.net\/es\/","name":"Sexner Injury Lawyers LLC","description":"Chicago Personal Injury Attorneys","publisher":{"@id":"https:\/\/chicagoinjurylawyer.net\/es\/#organization"},"potentialAction":[{"@type":"SearchAction","target":{"@type":"EntryPoint","urlTemplate":"https:\/\/chicagoinjurylawyer.net\/es\/?s={search_term_string}"},"query-input":{"@type":"PropertyValueSpecification","valueRequired":true,"valueName":"search_term_string"}}],"inLanguage":"es"},{"@type":"Organization","@id":"https:\/\/chicagoinjurylawyer.net\/es\/#organization","name":"[firm-name]","url":"https:\/\/chicagoinjurylawyer.net\/es\/","logo":{"@type":"ImageObject","inLanguage":"es","@id":"https:\/\/chicagoinjurylawyer.net\/es\/#\/schema\/logo\/image\/","url":"https:\/\/chicagoinjurylawyer.net\/wp-content\/uploads\/2019\/06\/msx-logo-1.png","contentUrl":"https:\/\/chicagoinjurylawyer.net\/wp-content\/uploads\/2019\/06\/msx-logo-1.png","width":180,"height":83,"caption":"[firm-name]"},"image":{"@id":"https:\/\/chicagoinjurylawyer.net\/es\/#\/schema\/logo\/image\/"}}]}},"_links":{"self":[{"href":"https:\/\/chicagoinjurylawyer.net\/es\/wp-json\/wp\/v2\/pages\/33187","targetHints":{"allow":["GET"]}}],"collection":[{"href":"https:\/\/chicagoinjurylawyer.net\/es\/wp-json\/wp\/v2\/pages"}],"about":[{"href":"https:\/\/chicagoinjurylawyer.net\/es\/wp-json\/wp\/v2\/types\/page"}],"author":[{"embeddable":true,"href":"https:\/\/chicagoinjurylawyer.net\/es\/wp-json\/wp\/v2\/users\/1"}],"replies":[{"embeddable":true,"href":"https:\/\/chicagoinjurylawyer.net\/es\/wp-json\/wp\/v2\/comments?post=33187"}],"version-history":[{"count":1,"href":"https:\/\/chicagoinjurylawyer.net\/es\/wp-json\/wp\/v2\/pages\/33187\/revisions"}],"predecessor-version":[{"id":33190,"href":"https:\/\/chicagoinjurylawyer.net\/es\/wp-json\/wp\/v2\/pages\/33187\/revisions\/33190"}],"up":[{"embeddable":true,"href":"https:\/\/chicagoinjurylawyer.net\/es\/wp-json\/wp\/v2\/pages\/33110"}],"wp:attachment":[{"href":"https:\/\/chicagoinjurylawyer.net\/es\/wp-json\/wp\/v2\/media?parent=33187"}],"curies":[{"name":"wp","href":"https:\/\/api.w.org\/{rel}","templated":true}]}}