{"id":33192,"date":"2022-01-24T10:04:04","date_gmt":"2022-01-24T16:04:04","guid":{"rendered":"https:\/\/pi-sexner.tseg.co\/?page_id=33192"},"modified":"2022-01-24T10:29:34","modified_gmt":"2022-01-24T16:29:34","slug":"abuso-financiero","status":"publish","type":"page","link":"https:\/\/chicagoinjurylawyer.net\/es\/abuso-de-asilo-de-ancianos\/abuso-financiero\/","title":{"rendered":"Abuso Financiero"},"content":{"rendered":"<h1>Abogados de Abuso Financiero en Chicago<\/h1>\n<p><img decoding=\"async\" class=\"alignright wp-image-33193\" src=\"\/wp-content\/uploads\/2022\/01\/Abogados-de-Abuso-Financiero.jpg\" alt=\"Abogados de Abuso Financiero\" width=\"400\" height=\"225\" srcset=\"https:\/\/chicagoinjurylawyer.net\/wp-content\/uploads\/2022\/01\/Abogados-de-Abuso-Financiero.jpg 1000w, https:\/\/chicagoinjurylawyer.net\/wp-content\/uploads\/2022\/01\/Abogados-de-Abuso-Financiero-300x169.jpg 300w, https:\/\/chicagoinjurylawyer.net\/wp-content\/uploads\/2022\/01\/Abogados-de-Abuso-Financiero-768x432.jpg 768w\" sizes=\"(max-width: 400px) 100vw, 400px\" \/>Mientras que los ancianos eran en un momento totalmente autosuficientes y pod\u00edan cuidarse a s\u00ed mismos, muchos residentes de hogares de ancianos ya no pueden hacerlo. Como tal, los residentes de hogares de ancianos a menudo dependen de otros para que los ayuden con una serie de actividades relacionadas con las finanzas. Desafortunadamente, ocurren muchas situaciones en las que los cuidadores o miembros de la familia ejercen una influencia indebida sobre la persona dependiente y se aprovechan econ\u00f3micamente de la situaci\u00f3n. Tal abuso y explotaci\u00f3n financieros pueden dejar a nuestros seres queridos sin los recursos necesarios para su cuidado y estilo de vida.<\/p>\n<p>Si cree que su ser querido mayor ha sido explotado o aprovechado financieramente, entonces act\u00fae de inmediato para proteger los activos que le quedan. Si ha ocurrido un acto delictivo, como robo o fraude, comun\u00edquese con la polic\u00eda local para denunciar el delito y buscar justicia para su ser querido. Tambi\u00e9n puede presentar un reclamo civil para obtener la restituci\u00f3n de su ser querido, pero debe tener a su lado a un abogado con experiencia en abuso financiero de ancianos en Chicago antes de presentar cualquier demanda. Llame a <a href=\"\/es\/\">Sexner Injury Lawyers LLC<\/a> al <a href=\"tel:3122439922\">(312) 243-9922<\/a> para obtener informaci\u00f3n gratuita sobre sus opciones.<\/p>\n<h2>\u00bfQu\u00e9 es el Abuso\/Explotaci\u00f3n Financiera de Personas Mayores?<\/h2>\n<p>Si bien el abuso y la explotaci\u00f3n financieros pueden sucederle a casi cualquier persona, como el fraude y el robo de identidad, es m\u00e1s probable que ciertas formas involucren a los ancianos. Nuestros seres queridos ancianos tienden a necesitar m\u00e1s ayuda para manejar el dinero y, a menudo, conf\u00edan en otra persona con sus finanzas cuando se mudan a hogares de ancianos. Eso les da a otros la oportunidad de explotar esa confianza. Los miembros del personal de los hogares de ancianos, especialmente, tienen acceso e influencia sobre sus pacientes ancianos, lo que les brinda m\u00e1s oportunidades de explotar a los que est\u00e1n bajo su cuidado para su propio beneficio econ\u00f3mico. Cuando esto sucede, es una forma de abuso de personas mayores, como la violencia o la negligencia.<\/p>\n<h2>Formas Comunes de Abuso Financiero<\/h2>\n<p>Aunque hay muchas formas diferentes en las que las personas mayores pueden sufrir abusos econ\u00f3micos, algunas de las m\u00e1s comunes incluyen:<\/p>\n<ul>\n<li><strong>Robo<\/strong>: Cuidadores pueden robar art\u00edculos personales, joyas, dinero u otros art\u00edculos de valor de la persona mayor.<\/li>\n<li><strong>Influencia indebida<\/strong>: El cuidador puede ejercer su poder sobre la persona mayor para hacer que esa persona cambie su testamento, otorgue un poder notarial al cuidador o para agregar al cuidador a las escrituras de propiedad del paciente.<\/li>\n<li><strong>Retiros bancarios<\/strong>: El cuidador puede robar cheques, falsificar cheques o usar las tarjetas de cr\u00e9dito o d\u00e9bito del paciente anciano para realizar compras innecesarias y no autorizadas.<\/li>\n<li><strong>Fraude y estafas<\/strong>: En algunos casos, el abuso financiero puede no involucrar a alguien en quien la persona mayor conf\u00eda. Los extra\u00f1os por tel\u00e9fono o Internet pueden estafar a los ancianos con cantidades sustanciales de dinero mediante el fraude.<\/li>\n<\/ul>\n<h2>\u00bfQui\u00e9n Podr\u00eda Cometer Abuso Financiero?<\/h2>\n<p>Si bien casi cualquier persona puede cometer este tipo de abuso, es m\u00e1s probable que algunas personas en particular tengan acceso a nuestros seres queridos y se aprovechen de ellos. Estas personas incluyen:<\/p>\n<ul>\n<li><a href=\"\/es\/abuso-de-asilo-de-ancianos\/\"><strong>Personal del hogar de ancianos<\/strong><\/a>:Desafortunadamente, aquellos en quienes m\u00e1s confiamos con nuestros seres queridos ancianos pueden aprovecharse de ellos. El acceso que estas personas tienen a los ancianos y sus posesiones les da a algunos de ellos la oportunidad de robar. Este abuso financiero puede ocurrir junto con el abuso f\u00edsico o emocional, ya que los miembros del personal presionan e intimidan a los ancianos para que les den dinero, objetos de valor o informaci\u00f3n personal.<\/li>\n<li><strong>Familia<\/strong>: A veces, incluso los miembros de nuestra propia familia manipulan a nuestros seres queridos mayores y les quitan cosas. Si bien es posible que no queramos imaginar que esto suceda, es importante supervisar y estar siempre seguro de que otros miembros de la familia respeten las posesiones de nuestros mayores.<\/li>\n<li><strong>Artistas estafadores<\/strong>: Los extra\u00f1os pueden aprovecharse de los ancianos, a veces con la misma facilidad que cualquier otra persona. Nuestros seres queridos de edad avanzada a menudo no se dan cuenta de cu\u00e1n frecuentes se han vuelto las estafas y el fraude por tel\u00e9fono y por correo electr\u00f3nico. Los vendedores telef\u00f3nicos y de puerta a puerta se enfocar\u00e1n en los ancianos \u201cingenuos\u201d con sus productos costosos. Es importante asegurarse de que nuestros seres queridos est\u00e9n protegidos de estos depredadores.<\/li>\n<li><strong>Contadores<\/strong>: Ocasionalmente, las mismas personas en las que nuestros seres queridos mayores conf\u00edan sus activos traicionan esa confianza. Aseg\u00farese siempre de que la informaci\u00f3n financiera proporcionada a los miembros de su familia de edad avanzada tenga sentido y parezca precisa. En caso de duda, solicite una auditor\u00eda a otra instituci\u00f3n financiera o profesional.<\/li>\n<\/ul>\n<h2>\u00bfEs el abuso financiero una infracci\u00f3n penal o civil?<\/h2>\n<p><img decoding=\"async\" class=\"alignright wp-image-33195\" src=\"\/wp-content\/uploads\/2022\/01\/Abogados-de-Abuso-Financiero-en-Chicago.jpg\" alt=\"Abogados de Abuso Financiero en Chicago\" width=\"400\" height=\"260\" srcset=\"https:\/\/chicagoinjurylawyer.net\/wp-content\/uploads\/2022\/01\/Abogados-de-Abuso-Financiero-en-Chicago.jpg 1000w, https:\/\/chicagoinjurylawyer.net\/wp-content\/uploads\/2022\/01\/Abogados-de-Abuso-Financiero-en-Chicago-300x195.jpg 300w, https:\/\/chicagoinjurylawyer.net\/wp-content\/uploads\/2022\/01\/Abogados-de-Abuso-Financiero-en-Chicago-768x498.jpg 768w\" sizes=\"(max-width: 400px) 100vw, 400px\" \/>En muchos casos, el abuso financiero de los ancianos es una violaci\u00f3n de la ley tanto penal como civil. Si ve evidencia de que alguien est\u00e1 robando a sus seres queridos mayores, entonces tome medidas, no solo para detener la explotaci\u00f3n futura, sino tambi\u00e9n para asegurarse de que los responsables sean castigados. Notifique a la polic\u00eda local de inmediato para informar lo sucedido; y hable con un abogado con experiencia en abuso de ancianos para determinar c\u00f3mo proteger a su ser querido y recuperar todos los bienes que pueda.<\/p>\n<p>Si cree que su ser querido mayor est\u00e1 siendo abusado o explotado financieramente, llame a nuestros abogados de abuso en hogares de ancianos de Chicago con Sexner Injury Lawyers LLC al <a href=\"tel:3122439922\">(312) 243-9922<\/a> ahora mismo. Nuestros agresivos abogados tienen m\u00e1s de 30 a\u00f1os de experiencia y han logrado acuerdos multimillonarios para nuestros merecedores clientes y sus familias.<\/p>\n","protected":false},"excerpt":{"rendered":"<p>Abogados de Abuso Financiero en Chicago Mientras que los ancianos eran en un momento totalmente autosuficientes y pod\u00edan cuidarse a s\u00ed mismos, muchos residentes de hogares de ancianos ya no pueden hacerlo. Como tal, los residentes de hogares de ancianos a menudo dependen de otros para que los ayuden con una serie de actividades relacionadas [&hellip;]<\/p>\n","protected":false},"author":1,"featured_media":0,"parent":7276,"menu_order":0,"comment_status":"closed","ping_status":"closed","template":"","meta":{"_acf_changed":false,"footnotes":""},"class_list":["post-33192","page","type-page","status-publish","hentry"],"acf":[],"yoast_head":"<!-- This site is optimized with the Yoast SEO plugin v27.4 - https:\/\/yoast.com\/product\/yoast-seo-wordpress\/ -->\n<title>Abogados de Abuso Financiero en Chicago - Sexner Injury Lawyers LLC<\/title>\n<meta name=\"description\" content=\"Si cree que su ser querido mayor est\u00e1 siendo abusado o explotado financieramente, llame a nuestros abogados de abuso en hogares de ancianos de Chicago con Sexner Injury Lawyers LLC al (312) 243-9922 ahora mismo.\" \/>\n<meta name=\"robots\" content=\"index, follow, max-snippet:-1, max-image-preview:large, max-video-preview:-1\" \/>\n<link rel=\"canonical\" href=\"https:\/\/chicagoinjurylawyer.net\/es\/abuso-de-asilo-de-ancianos\/abuso-financiero\/\" \/>\n<meta property=\"og:locale\" content=\"es_ES\" \/>\n<meta property=\"og:type\" content=\"article\" \/>\n<meta property=\"og:title\" content=\"Abogados de Abuso Financiero en Chicago - Sexner Injury Lawyers LLC\" \/>\n<meta property=\"og:description\" content=\"Si cree que su ser querido mayor est\u00e1 siendo abusado o explotado financieramente, llame a nuestros abogados de abuso en hogares de ancianos de Chicago con Sexner Injury Lawyers LLC al (312) 243-9922 ahora mismo.\" \/>\n<meta property=\"og:url\" content=\"https:\/\/chicagoinjurylawyer.net\/es\/abuso-de-asilo-de-ancianos\/abuso-financiero\/\" \/>\n<meta property=\"og:site_name\" content=\"Sexner Injury Lawyers LLC\" \/>\n<meta property=\"article:modified_time\" content=\"2022-01-24T16:29:34+00:00\" \/>\n<meta property=\"og:image\" content=\"https:\/\/chicagoinjurylawyer.net\/wp-content\/uploads\/2022\/01\/Abogados-de-Abuso-Financiero.jpg\" \/>\n<meta name=\"twitter:card\" content=\"summary_large_image\" \/>\n<meta name=\"twitter:label1\" content=\"Tiempo de lectura\" \/>\n\t<meta name=\"twitter:data1\" content=\"5 minutos\" \/>\n<!-- \/ Yoast SEO plugin. -->","yoast_head_json":{"title":"Abogados de Abuso Financiero en Chicago - Sexner Injury Lawyers LLC","description":"Si cree que su ser querido mayor est\u00e1 siendo abusado o explotado financieramente, llame a nuestros abogados de abuso en hogares de ancianos de Chicago con Sexner Injury Lawyers LLC al (312) 243-9922 ahora mismo.","robots":{"index":"index","follow":"follow","max-snippet":"max-snippet:-1","max-image-preview":"max-image-preview:large","max-video-preview":"max-video-preview:-1"},"canonical":"https:\/\/chicagoinjurylawyer.net\/es\/abuso-de-asilo-de-ancianos\/abuso-financiero\/","og_locale":"es_ES","og_type":"article","og_title":"Abogados de Abuso Financiero en Chicago - Sexner Injury Lawyers LLC","og_description":"Si cree que su ser querido mayor est\u00e1 siendo abusado o explotado financieramente, llame a nuestros abogados de abuso en hogares de ancianos de Chicago con Sexner Injury Lawyers LLC al (312) 243-9922 ahora mismo.","og_url":"https:\/\/chicagoinjurylawyer.net\/es\/abuso-de-asilo-de-ancianos\/abuso-financiero\/","og_site_name":"Sexner Injury Lawyers LLC","article_modified_time":"2022-01-24T16:29:34+00:00","og_image":[{"url":"https:\/\/chicagoinjurylawyer.net\/wp-content\/uploads\/2022\/01\/Abogados-de-Abuso-Financiero.jpg","type":"","width":"","height":""}],"twitter_card":"summary_large_image","twitter_misc":{"Tiempo de lectura":"5 minutos"},"schema":{"@context":"https:\/\/schema.org","@graph":[{"@type":"WebPage","@id":"https:\/\/chicagoinjurylawyer.net\/es\/abuso-de-asilo-de-ancianos\/abuso-financiero\/","url":"https:\/\/chicagoinjurylawyer.net\/es\/abuso-de-asilo-de-ancianos\/abuso-financiero\/","name":"Abogados de Abuso Financiero en Chicago - Sexner Injury Lawyers LLC","isPartOf":{"@id":"https:\/\/chicagoinjurylawyer.net\/es\/#website"},"datePublished":"2022-01-24T16:04:04+00:00","dateModified":"2022-01-24T16:29:34+00:00","description":"Si cree que su ser querido mayor est\u00e1 siendo abusado o explotado financieramente, llame a nuestros abogados de abuso en hogares de ancianos de Chicago con [firm-name] al [phone-number] ahora mismo.","breadcrumb":{"@id":"https:\/\/chicagoinjurylawyer.net\/es\/abuso-de-asilo-de-ancianos\/abuso-financiero\/#breadcrumb"},"inLanguage":"es","potentialAction":[{"@type":"ReadAction","target":["https:\/\/chicagoinjurylawyer.net\/es\/abuso-de-asilo-de-ancianos\/abuso-financiero\/"]}]},{"@type":"BreadcrumbList","@id":"https:\/\/chicagoinjurylawyer.net\/es\/abuso-de-asilo-de-ancianos\/abuso-financiero\/#breadcrumb","itemListElement":[{"@type":"ListItem","position":1,"name":"Abuso De Asilo De Ancianos","item":"https:\/\/chicagoinjurylawyer.net\/es\/abuso-de-asilo-de-ancianos\/"},{"@type":"ListItem","position":2,"name":"Abuso Financiero"}]},{"@type":"WebSite","@id":"https:\/\/chicagoinjurylawyer.net\/es\/#website","url":"https:\/\/chicagoinjurylawyer.net\/es\/","name":"Sexner Injury Lawyers LLC","description":"Chicago Personal Injury Attorneys","publisher":{"@id":"https:\/\/chicagoinjurylawyer.net\/es\/#organization"},"potentialAction":[{"@type":"SearchAction","target":{"@type":"EntryPoint","urlTemplate":"https:\/\/chicagoinjurylawyer.net\/es\/?s={search_term_string}"},"query-input":{"@type":"PropertyValueSpecification","valueRequired":true,"valueName":"search_term_string"}}],"inLanguage":"es"},{"@type":"Organization","@id":"https:\/\/chicagoinjurylawyer.net\/es\/#organization","name":"[firm-name]","url":"https:\/\/chicagoinjurylawyer.net\/es\/","logo":{"@type":"ImageObject","inLanguage":"es","@id":"https:\/\/chicagoinjurylawyer.net\/es\/#\/schema\/logo\/image\/","url":"https:\/\/chicagoinjurylawyer.net\/wp-content\/uploads\/2019\/06\/msx-logo-1.png","contentUrl":"https:\/\/chicagoinjurylawyer.net\/wp-content\/uploads\/2019\/06\/msx-logo-1.png","width":180,"height":83,"caption":"[firm-name]"},"image":{"@id":"https:\/\/chicagoinjurylawyer.net\/es\/#\/schema\/logo\/image\/"}}]}},"_links":{"self":[{"href":"https:\/\/chicagoinjurylawyer.net\/es\/wp-json\/wp\/v2\/pages\/33192","targetHints":{"allow":["GET"]}}],"collection":[{"href":"https:\/\/chicagoinjurylawyer.net\/es\/wp-json\/wp\/v2\/pages"}],"about":[{"href":"https:\/\/chicagoinjurylawyer.net\/es\/wp-json\/wp\/v2\/types\/page"}],"author":[{"embeddable":true,"href":"https:\/\/chicagoinjurylawyer.net\/es\/wp-json\/wp\/v2\/users\/1"}],"replies":[{"embeddable":true,"href":"https:\/\/chicagoinjurylawyer.net\/es\/wp-json\/wp\/v2\/comments?post=33192"}],"version-history":[{"count":1,"href":"https:\/\/chicagoinjurylawyer.net\/es\/wp-json\/wp\/v2\/pages\/33192\/revisions"}],"predecessor-version":[{"id":33197,"href":"https:\/\/chicagoinjurylawyer.net\/es\/wp-json\/wp\/v2\/pages\/33192\/revisions\/33197"}],"up":[{"embeddable":true,"href":"https:\/\/chicagoinjurylawyer.net\/es\/wp-json\/wp\/v2\/pages\/7276"}],"wp:attachment":[{"href":"https:\/\/chicagoinjurylawyer.net\/es\/wp-json\/wp\/v2\/media?parent=33192"}],"curies":[{"name":"wp","href":"https:\/\/api.w.org\/{rel}","templated":true}]}}