{"id":33202,"date":"2022-01-24T10:47:42","date_gmt":"2022-01-24T16:47:42","guid":{"rendered":"https:\/\/pi-sexner.tseg.co\/?page_id=33202"},"modified":"2022-01-24T10:47:42","modified_gmt":"2022-01-24T16:47:42","slug":"gastrosquisis","status":"publish","type":"page","link":"https:\/\/chicagoinjurylawyer.net\/es\/defectos-de-nacimiento\/gastrosquisis\/","title":{"rendered":"Gastrosquisis"},"content":{"rendered":"<h1>Abogados de Gastrosquisis en Chicago<\/h1>\n<p><img decoding=\"async\" class=\"alignright wp-image-33203\" src=\"\/wp-content\/uploads\/2022\/01\/Abogados-de-Gastrosquisis-en-Chicago.jpg\" alt=\"Abogados de Gastrosquisis en Chicago\" width=\"400\" height=\"267\" srcset=\"https:\/\/chicagoinjurylawyer.net\/wp-content\/uploads\/2022\/01\/Abogados-de-Gastrosquisis-en-Chicago.jpg 1000w, https:\/\/chicagoinjurylawyer.net\/wp-content\/uploads\/2022\/01\/Abogados-de-Gastrosquisis-en-Chicago-300x200.jpg 300w, https:\/\/chicagoinjurylawyer.net\/wp-content\/uploads\/2022\/01\/Abogados-de-Gastrosquisis-en-Chicago-768x512.jpg 768w\" sizes=\"(max-width: 400px) 100vw, 400px\" \/>La gastrosquisis es un defecto cong\u00e9nito que afecta la pared abdominal del beb\u00e9. Esta condici\u00f3n da como resultado una abertura en el abdomen desde la cual los intestinos del beb\u00e9 salen del cuerpo, generalmente a trav\u00e9s de un orificio en el lado derecho del ombligo. Este orificio puede ser grande o peque\u00f1o y, en ocasiones, tambi\u00e9n pueden sobresalir otros \u00f3rganos como el h\u00edgado o el est\u00f3mago. Este defecto cong\u00e9nito se observa con mayor frecuencia en madres j\u00f3venes y pr\u00e1cticamente nunca en madres mayores de 30 a\u00f1os. Las mujeres que consumen tabaco o alcohol tambi\u00e9n corren un mayor riesgo.<\/p>\n<p>Los profesionales m\u00e9dicos pueden diagnosticar esta afecci\u00f3n mientras el feto es peque\u00f1o y no est\u00e1 desarrollado; Si su hijo naci\u00f3 con esta afecci\u00f3n, es posible que se presente una demanda por una falla en el diagn\u00f3stico. Comun\u00edquese con nosotros al <a href=\"tel:3122439922\">(312) 243-9922<\/a> para hablar con un abogado especializado en gastrosquisis de Chicago.<\/p>\n<h2>Anormalidades Asociadas con la Gastrosquisis<\/h2>\n<p>Este defecto cong\u00e9nito en particular suele estar aislado, por lo que los beb\u00e9s con gastrosquisis rara vez tienen otras afecciones cong\u00e9nitas, anomal\u00edas o trastornos cromos\u00f3micos. Sin embargo, se observan otras anomal\u00edas gastrointestinales en menos de la mitad de los afectados con gastrosquisis:<\/p>\n<ul>\n<li>Una torsi\u00f3n del intestino (v\u00f3lvulo), que puede provocar una interrupci\u00f3n del suministro de sangre<\/li>\n<li>El intestino no est\u00e1 en la posici\u00f3n de correcci\u00f3n (malrotaci\u00f3n)<\/li>\n<li>Cortar el suministro de sangre (infarto)<\/li>\n<li>Paso bloqueado (atresia)<\/li>\n<\/ul>\n<h2>Reclamaciones por Negligencia M\u00e9dica que Involucran Gastrosquisis<\/h2>\n<p>El hecho de que la gastrosquisis sea un defecto cong\u00e9nito no significa que el error del m\u00e9dico nunca sea parte de la ecuaci\u00f3n. Por el contrario, en algunas circunstancias, la <a href=\"\/es\/negligencia-medica\/\">negligencia m\u00e9dica<\/a> puede complicar la afecci\u00f3n y provocar lesiones adicionales. En otras circunstancias, incluso puede contribuir a la existencia de la afecci\u00f3n en primer lugar. Cuando las acciones de un m\u00e9dico (o su omisi\u00f3n) provocan lesiones, una demanda por negligencia puede ser una respuesta adecuada.<\/p>\n<p>En el contexto de la gastrosquisis, la negligencia m\u00e9dica puede tomar muchas formas. A continuaci\u00f3n, se muestran algunos:<\/p>\n<ul>\n<li>Recetar ciertos medicamentos o f\u00e1rmacos (especialmente antidepresivos llamados ISRS, como Prozac y Zoloft) que se han relacionado con defectos de nacimiento cong\u00e9nitos.<\/li>\n<li>No informar a la madre sobre la cantidad de movimiento fetal que se debe esperar y comunicarse con el personal m\u00e9dico sobre la disminuci\u00f3n del movimiento del feto.<\/li>\n<li>No realizar las ecograf\u00edas correctamente, el <a href=\"\/es\/negligencia-medica\/errores-de-radiologia\/\">radi\u00f3logo no las interpret\u00f3 correctamente<\/a> o no orden\u00f3 las pruebas de diagn\u00f3stico de seguimiento.<\/li>\n<li>Realizar de forma negligente una cirug\u00eda de cierre despu\u00e9s del nacimiento.<\/li>\n<\/ul>\n<h2>Comun\u00edquese con el Experimentado Equipo Legal de Chicago Gastrosquisis en Mitchell S. Sexner Injury Lawyers LLC<\/h2>\n<p>Un <a href=\"\/es\/negligencia-medica\/ginecologia\/\">obstetra \/ ginec\u00f3logo<\/a> debe poder diagnosticar adecuadamente la gastrosquisis con una ecograf\u00eda y confirmar el diagn\u00f3stico con otras pruebas. En los casos en que una familia crea que el m\u00e9dico, el hospital o el grupo m\u00e9dico no ha podido diagnosticar correctamente una afecci\u00f3n, contribuido a la existencia del defecto cong\u00e9nito o <a href=\"\/es\/negligencia-medica\/diagnostico-erroneo\/\">no ha tratado adecuadamente<\/a> la anomal\u00eda despu\u00e9s del nacimiento, los abogados con experiencia en defectos cong\u00e9nitos de Chicago en <a href=\"\/es\/\">Sexner Injury Lawyers LLC<\/a> puede ofrecer informaci\u00f3n gratuita y sin compromiso. No se aplican tarifas a menos que tenga \u00e9xito y ya se hayan recaudado millones de d\u00f3lares para nuestros clientes. Ll\u00e1manos en cualquier momento al <a href=\"tel:3122439922\">(312) 243-9922<\/a>.<\/p>\n","protected":false},"excerpt":{"rendered":"<p>Abogados de Gastrosquisis en Chicago La gastrosquisis es un defecto cong\u00e9nito que afecta la pared abdominal del beb\u00e9. Esta condici\u00f3n da como resultado una abertura en el abdomen desde la cual los intestinos del beb\u00e9 salen del cuerpo, generalmente a trav\u00e9s de un orificio en el lado derecho del ombligo. Este orificio puede ser grande [&hellip;]<\/p>\n","protected":false},"author":1,"featured_media":0,"parent":33110,"menu_order":0,"comment_status":"closed","ping_status":"closed","template":"","meta":{"_acf_changed":false,"footnotes":""},"class_list":["post-33202","page","type-page","status-publish","hentry"],"acf":[],"yoast_head":"<!-- This site is optimized with the Yoast SEO plugin v27.4 - https:\/\/yoast.com\/product\/yoast-seo-wordpress\/ -->\n<title>Abogados de Gastrosquisis en Chicago - Sexner Injury Lawyers LLC<\/title>\n<meta name=\"description\" content=\"Los abogados con experiencia en defectos cong\u00e9nitos de Chicago en Sexner Injury Lawyers LLC puede ofrecer informaci\u00f3n gratuita y sin compromiso.\" \/>\n<meta name=\"robots\" content=\"index, follow, max-snippet:-1, max-image-preview:large, max-video-preview:-1\" \/>\n<link rel=\"canonical\" href=\"https:\/\/chicagoinjurylawyer.net\/es\/defectos-de-nacimiento\/gastrosquisis\/\" \/>\n<meta property=\"og:locale\" content=\"es_ES\" \/>\n<meta property=\"og:type\" content=\"article\" \/>\n<meta property=\"og:title\" content=\"Abogados de Gastrosquisis en Chicago - Sexner Injury Lawyers LLC\" \/>\n<meta property=\"og:description\" content=\"Los abogados con experiencia en defectos cong\u00e9nitos de Chicago en Sexner Injury Lawyers LLC puede ofrecer informaci\u00f3n gratuita y sin compromiso.\" \/>\n<meta property=\"og:url\" content=\"https:\/\/chicagoinjurylawyer.net\/es\/defectos-de-nacimiento\/gastrosquisis\/\" \/>\n<meta property=\"og:site_name\" content=\"Sexner Injury Lawyers LLC\" \/>\n<meta property=\"og:image\" content=\"https:\/\/chicagoinjurylawyer.net\/wp-content\/uploads\/2022\/01\/Abogados-de-Gastrosquisis-en-Chicago.jpg\" \/>\n<meta name=\"twitter:card\" content=\"summary_large_image\" \/>\n<meta name=\"twitter:label1\" content=\"Tiempo de lectura\" \/>\n\t<meta name=\"twitter:data1\" content=\"3 minutos\" \/>\n<!-- \/ Yoast SEO plugin. -->","yoast_head_json":{"title":"Abogados de Gastrosquisis en Chicago - Sexner Injury Lawyers LLC","description":"Los abogados con experiencia en defectos cong\u00e9nitos de Chicago en Sexner Injury Lawyers LLC puede ofrecer informaci\u00f3n gratuita y sin compromiso.","robots":{"index":"index","follow":"follow","max-snippet":"max-snippet:-1","max-image-preview":"max-image-preview:large","max-video-preview":"max-video-preview:-1"},"canonical":"https:\/\/chicagoinjurylawyer.net\/es\/defectos-de-nacimiento\/gastrosquisis\/","og_locale":"es_ES","og_type":"article","og_title":"Abogados de Gastrosquisis en Chicago - Sexner Injury Lawyers LLC","og_description":"Los abogados con experiencia en defectos cong\u00e9nitos de Chicago en Sexner Injury Lawyers LLC puede ofrecer informaci\u00f3n gratuita y sin compromiso.","og_url":"https:\/\/chicagoinjurylawyer.net\/es\/defectos-de-nacimiento\/gastrosquisis\/","og_site_name":"Sexner Injury Lawyers LLC","og_image":[{"url":"https:\/\/chicagoinjurylawyer.net\/wp-content\/uploads\/2022\/01\/Abogados-de-Gastrosquisis-en-Chicago.jpg","type":"","width":"","height":""}],"twitter_card":"summary_large_image","twitter_misc":{"Tiempo de lectura":"3 minutos"},"schema":{"@context":"https:\/\/schema.org","@graph":[{"@type":"WebPage","@id":"https:\/\/chicagoinjurylawyer.net\/es\/defectos-de-nacimiento\/gastrosquisis\/","url":"https:\/\/chicagoinjurylawyer.net\/es\/defectos-de-nacimiento\/gastrosquisis\/","name":"Abogados de Gastrosquisis en Chicago - Sexner Injury Lawyers LLC","isPartOf":{"@id":"https:\/\/chicagoinjurylawyer.net\/es\/#website"},"datePublished":"2022-01-24T16:47:42+00:00","description":"Los abogados con experiencia en defectos cong\u00e9nitos de Chicago en [firm-name] puede ofrecer informaci\u00f3n gratuita y sin compromiso.","breadcrumb":{"@id":"https:\/\/chicagoinjurylawyer.net\/es\/defectos-de-nacimiento\/gastrosquisis\/#breadcrumb"},"inLanguage":"es","potentialAction":[{"@type":"ReadAction","target":["https:\/\/chicagoinjurylawyer.net\/es\/defectos-de-nacimiento\/gastrosquisis\/"]}]},{"@type":"BreadcrumbList","@id":"https:\/\/chicagoinjurylawyer.net\/es\/defectos-de-nacimiento\/gastrosquisis\/#breadcrumb","itemListElement":[{"@type":"ListItem","position":1,"name":"Negligencia M\u00e9dica","item":"https:\/\/chicagoinjurylawyer.net\/es\/negligencia-medica\/"},{"@type":"ListItem","position":2,"name":"Defectos de Nacimiento","item":"https:\/\/chicagoinjurylawyer.net\/es\/negligencia-medica\/defectos-de-nacimiento\/"},{"@type":"ListItem","position":3,"name":"Gastrosquisis"}]},{"@type":"WebSite","@id":"https:\/\/chicagoinjurylawyer.net\/es\/#website","url":"https:\/\/chicagoinjurylawyer.net\/es\/","name":"Sexner Injury Lawyers LLC","description":"Chicago Personal Injury Attorneys","publisher":{"@id":"https:\/\/chicagoinjurylawyer.net\/es\/#organization"},"potentialAction":[{"@type":"SearchAction","target":{"@type":"EntryPoint","urlTemplate":"https:\/\/chicagoinjurylawyer.net\/es\/?s={search_term_string}"},"query-input":{"@type":"PropertyValueSpecification","valueRequired":true,"valueName":"search_term_string"}}],"inLanguage":"es"},{"@type":"Organization","@id":"https:\/\/chicagoinjurylawyer.net\/es\/#organization","name":"[firm-name]","url":"https:\/\/chicagoinjurylawyer.net\/es\/","logo":{"@type":"ImageObject","inLanguage":"es","@id":"https:\/\/chicagoinjurylawyer.net\/es\/#\/schema\/logo\/image\/","url":"https:\/\/chicagoinjurylawyer.net\/wp-content\/uploads\/2019\/06\/msx-logo-1.png","contentUrl":"https:\/\/chicagoinjurylawyer.net\/wp-content\/uploads\/2019\/06\/msx-logo-1.png","width":180,"height":83,"caption":"[firm-name]"},"image":{"@id":"https:\/\/chicagoinjurylawyer.net\/es\/#\/schema\/logo\/image\/"}}]}},"_links":{"self":[{"href":"https:\/\/chicagoinjurylawyer.net\/es\/wp-json\/wp\/v2\/pages\/33202","targetHints":{"allow":["GET"]}}],"collection":[{"href":"https:\/\/chicagoinjurylawyer.net\/es\/wp-json\/wp\/v2\/pages"}],"about":[{"href":"https:\/\/chicagoinjurylawyer.net\/es\/wp-json\/wp\/v2\/types\/page"}],"author":[{"embeddable":true,"href":"https:\/\/chicagoinjurylawyer.net\/es\/wp-json\/wp\/v2\/users\/1"}],"replies":[{"embeddable":true,"href":"https:\/\/chicagoinjurylawyer.net\/es\/wp-json\/wp\/v2\/comments?post=33202"}],"version-history":[{"count":1,"href":"https:\/\/chicagoinjurylawyer.net\/es\/wp-json\/wp\/v2\/pages\/33202\/revisions"}],"predecessor-version":[{"id":33205,"href":"https:\/\/chicagoinjurylawyer.net\/es\/wp-json\/wp\/v2\/pages\/33202\/revisions\/33205"}],"up":[{"embeddable":true,"href":"https:\/\/chicagoinjurylawyer.net\/es\/wp-json\/wp\/v2\/pages\/33110"}],"wp:attachment":[{"href":"https:\/\/chicagoinjurylawyer.net\/es\/wp-json\/wp\/v2\/media?parent=33202"}],"curies":[{"name":"wp","href":"https:\/\/api.w.org\/{rel}","templated":true}]}}