{"id":33208,"date":"2022-01-24T11:56:54","date_gmt":"2022-01-24T17:56:54","guid":{"rendered":"https:\/\/pi-sexner.tseg.co\/?page_id=33208"},"modified":"2022-01-24T14:42:01","modified_gmt":"2022-01-24T20:42:01","slug":"como-se-demuestra-la-negligencia-en-casos-de-negligencia-medica","status":"publish","type":"page","link":"https:\/\/chicagoinjurylawyer.net\/es\/negligencia-medica\/como-se-demuestra-la-negligencia-en-casos-de-negligencia-medica\/","title":{"rendered":"\u00bfC\u00f3mo se Demuestra la Negligencia en Casos de Negligencia M\u00e9dica?"},"content":{"rendered":"<h1>\u00bfC\u00f3mo se Demuestra la Negligencia en Casos de Negligencia M\u00e9dica?<\/h1>\n<p><img decoding=\"async\" class=\"alignright wp-image-33209\" src=\"\/wp-content\/uploads\/2022\/01\/Casos-de-Negligencia-Me\u0301dica.jpg\" alt=\"Casos de Negligencia Me\u0301dica\" width=\"400\" height=\"267\" srcset=\"https:\/\/chicagoinjurylawyer.net\/wp-content\/uploads\/2022\/01\/Casos-de-Negligencia-Me\u0301dica.jpg 1000w, https:\/\/chicagoinjurylawyer.net\/wp-content\/uploads\/2022\/01\/Casos-de-Negligencia-Me\u0301dica-300x200.jpg 300w, https:\/\/chicagoinjurylawyer.net\/wp-content\/uploads\/2022\/01\/Casos-de-Negligencia-Me\u0301dica-768x512.jpg 768w\" sizes=\"(max-width: 400px) 100vw, 400px\" \/>Es absolutamente vital que su abogado demuestre que su proveedor m\u00e9dico no cumpli\u00f3 con el est\u00e1ndar de atenci\u00f3n que otros m\u00e9dicos promedio habr\u00edan brindado en circunstancias similares. Sin esto, no puede haber caso. Pero, no importa cu\u00e1n gravemente haya fallado el m\u00e9dico, no importa cu\u00e1n obvio sea el error o la falta de actuaci\u00f3n adecuada, el est\u00e1ndar de atenci\u00f3n no es suficiente para probar completamente un caso de <a href=\"\/es\/negligencia-medica\/\">negligencia m\u00e9dica<\/a>. Su abogado debe mostrar otros requisitos, y uno de los m\u00e1s importantes es la conexi\u00f3n causal entre las acciones del m\u00e9dico y la lesi\u00f3n o <a href=\"\/es\/muerte-injusta\/\">muerte<\/a>.<\/p>\n<p>Por ejemplo, considere un error muy obvio como dejar un bistur\u00ed, esponja, f\u00f3rceps, tijeras, aguja, toalla u otro objeto m\u00e9dico dentro del paciente despu\u00e9s de la cirug\u00eda. Nadie podr\u00eda negar que hacerlo estar\u00eda por debajo del \"est\u00e1ndar de atenci\u00f3n\" adecuado y que cualquier cirujano ser\u00eda claramente negligente al hacer tal cosa. Este tipo de negligencia, y los casos igualmente obvios de negligencia, como operar en el paciente equivocado o en el <a href=\"\/es\/negligencia-medica\/cirugias-de-nunca-evento\/\">\u00f3rgano equivocado<\/a>, a menudo se denominan casos \"Res Ipsa Loquitur\", utilizando una frase en lat\u00edn que significa \"La cosa habla por s\u00ed misma\". En otras palabras, estos incidentes obviamente involucran negligencia.<\/p>\n<p>Pero suponga que la demanda por negligencia m\u00e9dica tambi\u00e9n alega que el paciente muri\u00f3 a los pocos d\u00edas de la cirug\u00eda y que su muerte fue el resultado de la negligencia de este cirujano. El mero hecho de que el m\u00e9dico haya cometido una negligencia tan obvia al dejar el art\u00edculo dentro no significa autom\u00e1ticamente que la muerte se haya producido como resultado directo de la negligencia. Un juez o jurado necesitar\u00eda escuchar pruebas testimoniales de expertos m\u00e9dicos con respecto a su opini\u00f3n sobre este asunto. Y as\u00ed como se necesitan expertos m\u00e9dicos para educar al tribunal sobre si se ha cumplido con el \u201cest\u00e1ndar de atenci\u00f3n\u201d, este testimonio de expertos tambi\u00e9n es necesario aqu\u00ed.<\/p>\n<h2>Causa Real vs Causa Pr\u00f3xima de Lesiones<\/h2>\n<p>Cuando los abogados hablan de las acciones de un m\u00e9dico que \"causaron\" una lesi\u00f3n o la muerte, en realidad existen dos tipos diferentes de causalidad:<\/p>\n<ul>\n<li><strong>La causa real <\/strong>tambi\u00e9n se conoce como \"causa de hecho\". Se relaciona con una lesi\u00f3n o muerte que nunca habr\u00eda ocurrido si no fuera por el acto il\u00edcito o negligente del proveedor m\u00e9dico o fue un resultado que deber\u00eda haberse previsto. Un ejemplo de esto ser\u00eda un cirujano que <a href=\"\/es\/amputacion\/\">amput\u00f3<\/a> el pie equivocado o que desgarr\u00f3 por negligencia el est\u00f3mago de un paciente durante una cirug\u00eda de rutina y el paciente se volvi\u00f3 s\u00e9ptico y muri\u00f3.<\/li>\n<li><strong>La Causa Pr\u00f3xima<\/strong>, por otro lado, se ocupa de la cuesti\u00f3n de si una muerte o lesi\u00f3n fue causada por las acciones o inacciones del proveedor m\u00e9dico, aunque el m\u00e9dico no caus\u00f3 el problema original. Un ejemplo de esto ser\u00eda un paciente que ya ten\u00eda c\u00e1ncer, pero como resultado de que el m\u00e9dico no diagnostic\u00f3 el <a href=\"\/es\/negligencia-medica\/negligencia-por-cancer-de-mama\/\">c\u00e1ncer<\/a> de manera oportuna, se sali\u00f3 de control y provoc\u00f3 la muerte del paciente.<\/li>\n<\/ul>\n<h2>\"Batalla de los Expertos\" Sobre Pregunta de Causalidad<\/h2>\n<p><img decoding=\"async\" class=\"alignright wp-image-33211\" src=\"\/wp-content\/uploads\/2022\/01\/\u00bfCo\u0301mo-se-Demuestra-la-Negligencia-en-Casos-de-Negligencia-Me\u0301dica.jpg\" alt=\"\u00bfCo\u0301mo se Demuestra la Negligencia en Casos de Negligencia Me\u0301dica?\" width=\"400\" height=\"267\" srcset=\"https:\/\/chicagoinjurylawyer.net\/wp-content\/uploads\/2022\/01\/\u00bfCo\u0301mo-se-Demuestra-la-Negligencia-en-Casos-de-Negligencia-Me\u0301dica.jpg 1000w, https:\/\/chicagoinjurylawyer.net\/wp-content\/uploads\/2022\/01\/\u00bfCo\u0301mo-se-Demuestra-la-Negligencia-en-Casos-de-Negligencia-Me\u0301dica-300x200.jpg 300w, https:\/\/chicagoinjurylawyer.net\/wp-content\/uploads\/2022\/01\/\u00bfCo\u0301mo-se-Demuestra-la-Negligencia-en-Casos-de-Negligencia-Me\u0301dica-768x512.jpg 768w\" sizes=\"(max-width: 400px) 100vw, 400px\" \/>Las compa\u00f1\u00edas de seguros m\u00e9dicos tienen tanto dinero en juego en casos de negligencia m\u00e9dica y muchos cirujanos y hospitales est\u00e1n asegurados por muchos millones de d\u00f3lares en sus p\u00f3lizas. Estas compa\u00f1\u00edas de seguros no tienen la intenci\u00f3n de ceder su dinero sin luchar. Entonces, la pregunta importante de si las acciones del m\u00e9dico causaron la lesi\u00f3n a menudo resulta en una pelea encarnizada que com\u00fanmente se conoce como la \"Batalla de los Expertos\".<\/p>\n<p>Es casi seguro que la compa\u00f1\u00eda de seguros contrate a su propio experto o expertos m\u00e9dicos para que testifiquen que su m\u00e9dico, de hecho, no caus\u00f3 la lesi\u00f3n o la muerte. Incluso pueden admitir que el m\u00e9dico fue negligente de alguna manera, pero argumentar\u00e1n que el da\u00f1o que sigui\u00f3 no fue el resultado de esa negligencia. Algunas de las formas en que la defensa puede hacer esto incluyen argumentar:<\/p>\n<ul>\n<li><strong>Condici\u00f3n Preexistente<\/strong>: Pueden argumentar que el paciente ya estaba enfermo o lesionado y que nada de lo que su cliente hizo (o dej\u00f3 de hacer) al paciente empeor\u00f3 la situaci\u00f3n. Por ejemplo, pueden se\u00f1alar que un paciente ya ten\u00eda c\u00e1ncer o que un <a href=\"\/es\/negligencia-medica\/lesiones-de-nacimiento\/\">beb\u00e9 reci\u00e9n nacido<\/a> ya ten\u00eda una lesi\u00f3n gen\u00e9tica o de nacimiento.<\/li>\n<li><strong>Causa interviniente<\/strong>: Pueden argumentar que otro evento o \"causa reemplazante\" fue la causa real de la lesi\u00f3n, en lugar de las acciones o inacciones de su m\u00e9dico. <em>En este ejemplo, podr\u00edan afirmar que un cirujano realiz\u00f3 una cirug\u00eda, pero que luego el paciente se resbal\u00f3 y cay\u00f3, lo que provoc\u00f3 complicaciones.<\/em><\/li>\n<li>Negligencia del paciente: Pueden argumentar que el propio paciente tiene la culpa en el hecho de que hizo o no hizo algo que cre\u00f3 el problema. <em>Podr\u00edan, por ejemplo, afirmar que a un paciente se le indic\u00f3 que tomara ciertos medicamentos o que evitara actividades extenuantes, pero no escuch\u00f3 sus instrucciones, lo que provoc\u00f3 la lesi\u00f3n.<\/em><\/li>\n<\/ul>\n<h2>Discuta Su Caso con un Abogado con Experiencia en Negligencia M\u00e9dica en Chicago<\/h2>\n<p>Las demandas que involucran negligencia m\u00e9dica suelen ser casos muy controvertidos y la compa\u00f1\u00eda de seguros m\u00e9dicos disputa pr\u00e1cticamente todas las afirmaciones del paciente lesionado o la familia del fallecido. Contratar\u00e1n tantos expertos m\u00e9dicos costosos como consideren necesarios en un esfuerzo por denegar su reclamo. Pero durante m\u00e1s de 30 a\u00f1os, los abogados afiliados a Sexner Injury Lawyers LLC han estado luchando y ganando contra estas empresas. Ya se han <a href=\"\/es\/nuestro-exito\/\">recaudado millones<\/a> para nuestros clientes y sus familias. Llame hoy para obtener informaci\u00f3n gratuita al <a href=\"tel:3122439922\">(312) 243-9922<\/a>.<\/p>\n","protected":false},"excerpt":{"rendered":"<p>\u00bfC\u00f3mo se Demuestra la Negligencia en Casos de Negligencia M\u00e9dica? Es absolutamente vital que su abogado demuestre que su proveedor m\u00e9dico no cumpli\u00f3 con el est\u00e1ndar de atenci\u00f3n que otros m\u00e9dicos promedio habr\u00edan brindado en circunstancias similares. Sin esto, no puede haber caso. Pero, no importa cu\u00e1n gravemente haya fallado el m\u00e9dico, no importa cu\u00e1n [&hellip;]<\/p>\n","protected":false},"author":1,"featured_media":0,"parent":7370,"menu_order":0,"comment_status":"closed","ping_status":"closed","template":"","meta":{"_acf_changed":false,"footnotes":""},"class_list":["post-33208","page","type-page","status-publish","hentry"],"acf":[],"yoast_head":"<!-- This site is optimized with the Yoast SEO plugin v27.4 - https:\/\/yoast.com\/product\/yoast-seo-wordpress\/ -->\n<title>\u00bfC\u00f3mo se Demuestra la Negligencia en Casos de Negligencia M\u00e9dica? - Sexner Injury Lawyers LLC<\/title>\n<meta name=\"description\" content=\"Las demandas que involucran negligencia m\u00e9dica suelen ser casos muy controvertidos y la compa\u00f1\u00eda de seguros m\u00e9dicos disputa pr\u00e1cticamente todas las afirmaciones del paciente lesionado o la familia del fallecido.\" \/>\n<meta name=\"robots\" content=\"index, follow, max-snippet:-1, max-image-preview:large, max-video-preview:-1\" \/>\n<link rel=\"canonical\" href=\"https:\/\/chicagoinjurylawyer.net\/es\/negligencia-medica\/como-se-demuestra-la-negligencia-en-casos-de-negligencia-medica\/\" \/>\n<meta property=\"og:locale\" content=\"es_ES\" \/>\n<meta property=\"og:type\" content=\"article\" \/>\n<meta property=\"og:title\" content=\"\u00bfC\u00f3mo se Demuestra la Negligencia en Casos de Negligencia M\u00e9dica? - Sexner Injury Lawyers LLC\" \/>\n<meta property=\"og:description\" content=\"Las demandas que involucran negligencia m\u00e9dica suelen ser casos muy controvertidos y la compa\u00f1\u00eda de seguros m\u00e9dicos disputa pr\u00e1cticamente todas las afirmaciones del paciente lesionado o la familia del fallecido.\" \/>\n<meta property=\"og:url\" content=\"https:\/\/chicagoinjurylawyer.net\/es\/negligencia-medica\/como-se-demuestra-la-negligencia-en-casos-de-negligencia-medica\/\" \/>\n<meta property=\"og:site_name\" content=\"Sexner Injury Lawyers LLC\" \/>\n<meta property=\"article:modified_time\" content=\"2022-01-24T20:42:01+00:00\" \/>\n<meta property=\"og:image\" content=\"https:\/\/chicagoinjurylawyer.net\/wp-content\/uploads\/2022\/01\/Casos-de-Negligencia-Me\u0301dica.jpg\" \/>\n<meta name=\"twitter:card\" content=\"summary_large_image\" \/>\n<meta name=\"twitter:label1\" content=\"Tiempo de lectura\" \/>\n\t<meta name=\"twitter:data1\" content=\"5 minutos\" \/>\n<!-- \/ Yoast SEO plugin. -->","yoast_head_json":{"title":"\u00bfC\u00f3mo se Demuestra la Negligencia en Casos de Negligencia M\u00e9dica? - Sexner Injury Lawyers LLC","description":"Las demandas que involucran negligencia m\u00e9dica suelen ser casos muy controvertidos y la compa\u00f1\u00eda de seguros m\u00e9dicos disputa pr\u00e1cticamente todas las afirmaciones del paciente lesionado o la familia del fallecido.","robots":{"index":"index","follow":"follow","max-snippet":"max-snippet:-1","max-image-preview":"max-image-preview:large","max-video-preview":"max-video-preview:-1"},"canonical":"https:\/\/chicagoinjurylawyer.net\/es\/negligencia-medica\/como-se-demuestra-la-negligencia-en-casos-de-negligencia-medica\/","og_locale":"es_ES","og_type":"article","og_title":"\u00bfC\u00f3mo se Demuestra la Negligencia en Casos de Negligencia M\u00e9dica? - Sexner Injury Lawyers LLC","og_description":"Las demandas que involucran negligencia m\u00e9dica suelen ser casos muy controvertidos y la compa\u00f1\u00eda de seguros m\u00e9dicos disputa pr\u00e1cticamente todas las afirmaciones del paciente lesionado o la familia del fallecido.","og_url":"https:\/\/chicagoinjurylawyer.net\/es\/negligencia-medica\/como-se-demuestra-la-negligencia-en-casos-de-negligencia-medica\/","og_site_name":"Sexner Injury Lawyers LLC","article_modified_time":"2022-01-24T20:42:01+00:00","og_image":[{"url":"https:\/\/chicagoinjurylawyer.net\/wp-content\/uploads\/2022\/01\/Casos-de-Negligencia-Me\u0301dica.jpg","type":"","width":"","height":""}],"twitter_card":"summary_large_image","twitter_misc":{"Tiempo de lectura":"5 minutos"},"schema":{"@context":"https:\/\/schema.org","@graph":[{"@type":"WebPage","@id":"https:\/\/chicagoinjurylawyer.net\/es\/negligencia-medica\/como-se-demuestra-la-negligencia-en-casos-de-negligencia-medica\/","url":"https:\/\/chicagoinjurylawyer.net\/es\/negligencia-medica\/como-se-demuestra-la-negligencia-en-casos-de-negligencia-medica\/","name":"\u00bfC\u00f3mo se Demuestra la Negligencia en Casos de Negligencia M\u00e9dica? - Sexner Injury Lawyers LLC","isPartOf":{"@id":"https:\/\/chicagoinjurylawyer.net\/es\/#website"},"datePublished":"2022-01-24T17:56:54+00:00","dateModified":"2022-01-24T20:42:01+00:00","description":"Las demandas que involucran negligencia m\u00e9dica suelen ser casos muy controvertidos y la compa\u00f1\u00eda de seguros m\u00e9dicos disputa pr\u00e1cticamente todas las afirmaciones del paciente lesionado o la familia del fallecido.","breadcrumb":{"@id":"https:\/\/chicagoinjurylawyer.net\/es\/negligencia-medica\/como-se-demuestra-la-negligencia-en-casos-de-negligencia-medica\/#breadcrumb"},"inLanguage":"es","potentialAction":[{"@type":"ReadAction","target":["https:\/\/chicagoinjurylawyer.net\/es\/negligencia-medica\/como-se-demuestra-la-negligencia-en-casos-de-negligencia-medica\/"]}]},{"@type":"BreadcrumbList","@id":"https:\/\/chicagoinjurylawyer.net\/es\/negligencia-medica\/como-se-demuestra-la-negligencia-en-casos-de-negligencia-medica\/#breadcrumb","itemListElement":[{"@type":"ListItem","position":1,"name":"Negligencia M\u00e9dica","item":"https:\/\/chicagoinjurylawyer.net\/es\/negligencia-medica\/"},{"@type":"ListItem","position":2,"name":"\u00bfC\u00f3mo se Demuestra la Negligencia en Casos de Negligencia M\u00e9dica?"}]},{"@type":"WebSite","@id":"https:\/\/chicagoinjurylawyer.net\/es\/#website","url":"https:\/\/chicagoinjurylawyer.net\/es\/","name":"Sexner Injury Lawyers LLC","description":"Chicago Personal Injury Attorneys","publisher":{"@id":"https:\/\/chicagoinjurylawyer.net\/es\/#organization"},"potentialAction":[{"@type":"SearchAction","target":{"@type":"EntryPoint","urlTemplate":"https:\/\/chicagoinjurylawyer.net\/es\/?s={search_term_string}"},"query-input":{"@type":"PropertyValueSpecification","valueRequired":true,"valueName":"search_term_string"}}],"inLanguage":"es"},{"@type":"Organization","@id":"https:\/\/chicagoinjurylawyer.net\/es\/#organization","name":"[firm-name]","url":"https:\/\/chicagoinjurylawyer.net\/es\/","logo":{"@type":"ImageObject","inLanguage":"es","@id":"https:\/\/chicagoinjurylawyer.net\/es\/#\/schema\/logo\/image\/","url":"https:\/\/chicagoinjurylawyer.net\/wp-content\/uploads\/2019\/06\/msx-logo-1.png","contentUrl":"https:\/\/chicagoinjurylawyer.net\/wp-content\/uploads\/2019\/06\/msx-logo-1.png","width":180,"height":83,"caption":"[firm-name]"},"image":{"@id":"https:\/\/chicagoinjurylawyer.net\/es\/#\/schema\/logo\/image\/"}}]}},"_links":{"self":[{"href":"https:\/\/chicagoinjurylawyer.net\/es\/wp-json\/wp\/v2\/pages\/33208","targetHints":{"allow":["GET"]}}],"collection":[{"href":"https:\/\/chicagoinjurylawyer.net\/es\/wp-json\/wp\/v2\/pages"}],"about":[{"href":"https:\/\/chicagoinjurylawyer.net\/es\/wp-json\/wp\/v2\/types\/page"}],"author":[{"embeddable":true,"href":"https:\/\/chicagoinjurylawyer.net\/es\/wp-json\/wp\/v2\/users\/1"}],"replies":[{"embeddable":true,"href":"https:\/\/chicagoinjurylawyer.net\/es\/wp-json\/wp\/v2\/comments?post=33208"}],"version-history":[{"count":2,"href":"https:\/\/chicagoinjurylawyer.net\/es\/wp-json\/wp\/v2\/pages\/33208\/revisions"}],"predecessor-version":[{"id":33214,"href":"https:\/\/chicagoinjurylawyer.net\/es\/wp-json\/wp\/v2\/pages\/33208\/revisions\/33214"}],"up":[{"embeddable":true,"href":"https:\/\/chicagoinjurylawyer.net\/es\/wp-json\/wp\/v2\/pages\/7370"}],"wp:attachment":[{"href":"https:\/\/chicagoinjurylawyer.net\/es\/wp-json\/wp\/v2\/media?parent=33208"}],"curies":[{"name":"wp","href":"https:\/\/api.w.org\/{rel}","templated":true}]}}