{"id":33222,"date":"2022-01-24T15:34:03","date_gmt":"2022-01-24T21:34:03","guid":{"rendered":"https:\/\/pi-sexner.tseg.co\/?page_id=33222"},"modified":"2022-01-31T17:10:23","modified_gmt":"2022-01-31T23:10:23","slug":"hipospadias","status":"publish","type":"page","link":"https:\/\/chicagoinjurylawyer.net\/es\/defectos-de-nacimiento\/hipospadias\/","title":{"rendered":"Hipospadias"},"content":{"rendered":"<h1>Abogados de Defectos de Nacimiento por Hipospadias en Chicago<\/h1>\n<p><img decoding=\"async\" class=\"alignright wp-image-33223\" src=\"\/wp-content\/uploads\/2022\/01\/Abogados-de-Defectos-de-Nacimiento-por-Hipospadias-en-Chicago.jpg\" alt=\"Abogados de Defectos de Nacimiento por Hipospadias en Chicago\" width=\"400\" height=\"235\" srcset=\"https:\/\/chicagoinjurylawyer.net\/wp-content\/uploads\/2022\/01\/Abogados-de-Defectos-de-Nacimiento-por-Hipospadias-en-Chicago.jpg 1000w, https:\/\/chicagoinjurylawyer.net\/wp-content\/uploads\/2022\/01\/Abogados-de-Defectos-de-Nacimiento-por-Hipospadias-en-Chicago-300x176.jpg 300w, https:\/\/chicagoinjurylawyer.net\/wp-content\/uploads\/2022\/01\/Abogados-de-Defectos-de-Nacimiento-por-Hipospadias-en-Chicago-768x451.jpg 768w\" sizes=\"(max-width: 400px) 100vw, 400px\" \/>La hipospadias es una afecci\u00f3n cong\u00e9nita que altera el lugar en el que existe la abertura de la uretra (el conducto a trav\u00e9s del cual la orina sale del cuerpo a trav\u00e9s de la vejiga) en el pene. El hipospadias es, por tanto, un defecto cong\u00e9nito que afecta \u00fanicamente a los varones. Esta anomal\u00eda f\u00edsica se forma entre la semana 8 y la semana 14 de embarazo y la abertura puede aparecer en varios lugares, desde justo debajo de la punta del pene hasta el escroto mismo.<\/p>\n<p>La afecci\u00f3n se ha relacionado con madres a las que se les han recetado ciertos medicamentos anticonvulsivos que afectan el desarrollo normal. Si su hijo naci\u00f3 con hipospadias, es posible que pueda obtener una compensaci\u00f3n por la cirug\u00eda correctiva. Comun\u00edquese con los <a href=\"\/es\/negligencia-medica\/defectos-de-nacimiento\/\">abogados de defectos cong\u00e9nitos<\/a> en Chicago de Sexner Injury Lawyers LLC al <a href=\"tel:3122439922\">(312) 243-9922<\/a> para una consulta legal gratuita.<\/p>\n<h2>\u00bfCu\u00e1les Son los Diferentes Tipos de Hipospadias?<\/h2>\n<p>Dependiendo de la ubicaci\u00f3n de la abertura uretral, existen tres tipos b\u00e1sicos de hipospadias:<\/p>\n<ul>\n<li><strong>Penoescrotal<\/strong>: Apertura ubicada donde se unen el escroto y el pene.<\/li>\n<li><strong>Subcoronal<\/strong>: Apertura ubicada cerca de la cabeza del pene.<\/li>\n<li><strong>Eje medio<\/strong>: Abertura ubicada en alg\u00fan lugar a lo largo del eje del pene<\/li>\n<\/ul>\n<h2>Tratamiento de Hipospadias<\/h2>\n<p>Esta afecci\u00f3n se encuentra entre los defectos de nacimiento m\u00e1s comunes en los beb\u00e9s varones y ocurre en aproximadamente 1 de cada 250 nacimientos. El hipospadias generalmente se puede corregir mediante reparaci\u00f3n quir\u00fargica y esta cirug\u00eda se realiza mejor entre los seis meses y los dos a\u00f1os por un cirujano de urolog\u00eda pedi\u00e1trica. Aunque existen riesgos quir\u00fargicos como una f\u00edstula o un hematoma, dependiendo de la gravedad del defecto cong\u00e9nito, la gran mayor\u00eda de estas cirug\u00edas tienen \u00e9xito y permiten que el ni\u00f1o lleve una vida normal.<\/p>\n<p>Generalmente, la cirug\u00eda se elige para tratar el hipospadias. Si no se realiza la cirug\u00eda, pueden surgir problemas como los siguientes:<\/p>\n<ul>\n<li>Disminuci\u00f3n de la fertilidad<\/li>\n<li>Curvatura del pene durante la erecci\u00f3n.<\/li>\n<li>Dificultad para dirigir y controlar el flujo de orina.<\/li>\n<\/ul>\n<h2>Reclamaciones por Negligencia M\u00e9dica por Hipospadias<\/h2>\n<p>Aunque el hipospadias es un defecto cong\u00e9nito, en algunas circunstancias, la negligencia m\u00e9dica puede haber contribuido o complicado la situaci\u00f3n. En tales casos, una demanda por negligencia presentada contra el m\u00e9dico, el hospital o una empresa de fabricaci\u00f3n de medicamentos puede ayudar a llevar justicia y compensaci\u00f3n financiera a su familia, lo que puede ayudarlo en tiempos dif\u00edciles. La hipospadias se ha relacionado con varios medicamentos y f\u00e1rmacos. Es responsabilidad de su m\u00e9dico ayudarlo a mantenerse alejado de dichos medicamentos y sus consecuencias m\u00e9dicas no deseadas. Algunas de las formas en que un proveedor m\u00e9dico puede ser considerado responsable por <a href=\"\/es\/\">lesiones<\/a> relacionadas con esta afecci\u00f3n incluyen:<\/p>\n<ul>\n<li>Un m\u00e9dico que prescribe o no advierte contra el uso de ciertos medicamentos ISRS (antidepresivos) como Paxil, Zoloft o Prozac, que se han relacionado con defectos de nacimiento cong\u00e9nitos como el hipospadias.<\/li>\n<li>Un m\u00e9dico que prescribe el medicamento para la fertilidad Clomid o un medicamento contra las n\u00e1useas llamado Zofran, que tambi\u00e9n se han relacionado con defectos cong\u00e9nitos como el hipospadias.<\/li>\n<li>Una circuncisi\u00f3n realizada por negligencia u otra cirug\u00eda correctiva.<\/li>\n<li>Si una compa\u00f1\u00eda farmac\u00e9utica fabrica un producto inseguro o no advierte adecuadamente a los consumidores sobre la posibilidad de defectos de nacimiento cong\u00e9nitos.<\/li>\n<\/ul>\n<h2>Abogados Expertos en Hipospadias en Chicago<\/h2>\n<p>Comun\u00edquese con los <a href=\"\/es\/negligencia-medica\/lesiones-de-nacimiento\/\">abogados de lesiones de nacimiento<\/a> en Chicago de Sexner Injury Lawyers LLC si cree que se ha producido una negligencia del m\u00e9dico o del hospital. Ya se han recaudado millones de d\u00f3lares para nuestros clientes y sus familias. Nunca se cobra ninguna tarifa a menos que tengamos \u00e9xito en su nombre, y la informaci\u00f3n siempre es gratuita en el <a href=\"tel:3122439922\">(312) 243-9922<\/a>. Llame hoy para ver c\u00f3mo podemos ayudar a su familia.<\/p>\n","protected":false},"excerpt":{"rendered":"<p>Abogados de Defectos de Nacimiento por Hipospadias en Chicago La hipospadias es una afecci\u00f3n cong\u00e9nita que altera el lugar en el que existe la abertura de la uretra (el conducto a trav\u00e9s del cual la orina sale del cuerpo a trav\u00e9s de la vejiga) en el pene. El hipospadias es, por tanto, un defecto cong\u00e9nito [&hellip;]<\/p>\n","protected":false},"author":1,"featured_media":0,"parent":33110,"menu_order":0,"comment_status":"closed","ping_status":"closed","template":"","meta":{"_acf_changed":false,"footnotes":""},"class_list":["post-33222","page","type-page","status-publish","hentry"],"acf":[],"yoast_head":"<!-- This site is optimized with the Yoast SEO plugin v27.5 - https:\/\/yoast.com\/product\/yoast-seo-wordpress\/ -->\n<title>Abogados de Defectos de Nacimiento por Hipospadias en Chicago - Sexner Injury Lawyers LLC<\/title>\n<meta name=\"description\" content=\"Comun\u00edquese con los abogados de lesiones de nacimiento en Chicago de Sexner Injury Lawyers LLC si cree que se ha producido una negligencia del m\u00e9dico o del hospital.\" \/>\n<meta name=\"robots\" content=\"index, follow, max-snippet:-1, max-image-preview:large, max-video-preview:-1\" \/>\n<link rel=\"canonical\" href=\"https:\/\/chicagoinjurylawyer.net\/es\/defectos-de-nacimiento\/hipospadias\/\" \/>\n<meta property=\"og:locale\" content=\"es_ES\" \/>\n<meta property=\"og:type\" content=\"article\" \/>\n<meta property=\"og:title\" content=\"Abogados de Defectos de Nacimiento por Hipospadias en Chicago - Sexner Injury Lawyers LLC\" \/>\n<meta property=\"og:description\" content=\"Comun\u00edquese con los abogados de lesiones de nacimiento en Chicago de Sexner Injury Lawyers LLC si cree que se ha producido una negligencia del m\u00e9dico o del hospital.\" \/>\n<meta property=\"og:url\" content=\"https:\/\/chicagoinjurylawyer.net\/es\/defectos-de-nacimiento\/hipospadias\/\" \/>\n<meta property=\"og:site_name\" content=\"Sexner Injury Lawyers LLC\" \/>\n<meta property=\"article:modified_time\" content=\"2022-01-31T23:10:23+00:00\" \/>\n<meta property=\"og:image\" content=\"https:\/\/chicagoinjurylawyer.net\/wp-content\/uploads\/2022\/01\/Abogados-de-Defectos-de-Nacimiento-por-Hipospadias-en-Chicago.jpg\" \/>\n<meta name=\"twitter:card\" content=\"summary_large_image\" \/>\n<meta name=\"twitter:label1\" content=\"Tiempo de lectura\" \/>\n\t<meta name=\"twitter:data1\" content=\"3 minutos\" \/>\n<!-- \/ Yoast SEO plugin. -->","yoast_head_json":{"title":"Abogados de Defectos de Nacimiento por Hipospadias en Chicago - Sexner Injury Lawyers LLC","description":"Comun\u00edquese con los abogados de lesiones de nacimiento en Chicago de Sexner Injury Lawyers LLC si cree que se ha producido una negligencia del m\u00e9dico o del hospital.","robots":{"index":"index","follow":"follow","max-snippet":"max-snippet:-1","max-image-preview":"max-image-preview:large","max-video-preview":"max-video-preview:-1"},"canonical":"https:\/\/chicagoinjurylawyer.net\/es\/defectos-de-nacimiento\/hipospadias\/","og_locale":"es_ES","og_type":"article","og_title":"Abogados de Defectos de Nacimiento por Hipospadias en Chicago - Sexner Injury Lawyers LLC","og_description":"Comun\u00edquese con los abogados de lesiones de nacimiento en Chicago de Sexner Injury Lawyers LLC si cree que se ha producido una negligencia del m\u00e9dico o del hospital.","og_url":"https:\/\/chicagoinjurylawyer.net\/es\/defectos-de-nacimiento\/hipospadias\/","og_site_name":"Sexner Injury Lawyers LLC","article_modified_time":"2022-01-31T23:10:23+00:00","og_image":[{"url":"https:\/\/chicagoinjurylawyer.net\/wp-content\/uploads\/2022\/01\/Abogados-de-Defectos-de-Nacimiento-por-Hipospadias-en-Chicago.jpg","type":"","width":"","height":""}],"twitter_card":"summary_large_image","twitter_misc":{"Tiempo de lectura":"3 minutos"},"schema":{"@context":"https:\/\/schema.org","@graph":[{"@type":"WebPage","@id":"https:\/\/chicagoinjurylawyer.net\/es\/defectos-de-nacimiento\/hipospadias\/","url":"https:\/\/chicagoinjurylawyer.net\/es\/defectos-de-nacimiento\/hipospadias\/","name":"Abogados de Defectos de Nacimiento por Hipospadias en Chicago - Sexner Injury Lawyers LLC","isPartOf":{"@id":"https:\/\/chicagoinjurylawyer.net\/es\/#website"},"datePublished":"2022-01-24T21:34:03+00:00","dateModified":"2022-01-31T23:10:23+00:00","description":"Comun\u00edquese con los abogados de lesiones de nacimiento en Chicago de [firm-name] si cree que se ha producido una negligencia del m\u00e9dico o del hospital.","breadcrumb":{"@id":"https:\/\/chicagoinjurylawyer.net\/es\/defectos-de-nacimiento\/hipospadias\/#breadcrumb"},"inLanguage":"es","potentialAction":[{"@type":"ReadAction","target":["https:\/\/chicagoinjurylawyer.net\/es\/defectos-de-nacimiento\/hipospadias\/"]}]},{"@type":"BreadcrumbList","@id":"https:\/\/chicagoinjurylawyer.net\/es\/defectos-de-nacimiento\/hipospadias\/#breadcrumb","itemListElement":[{"@type":"ListItem","position":1,"name":"Negligencia M\u00e9dica","item":"https:\/\/chicagoinjurylawyer.net\/es\/negligencia-medica\/"},{"@type":"ListItem","position":2,"name":"Defectos de Nacimiento","item":"https:\/\/chicagoinjurylawyer.net\/es\/negligencia-medica\/defectos-de-nacimiento\/"},{"@type":"ListItem","position":3,"name":"Hipospadias"}]},{"@type":"WebSite","@id":"https:\/\/chicagoinjurylawyer.net\/es\/#website","url":"https:\/\/chicagoinjurylawyer.net\/es\/","name":"Sexner Injury Lawyers LLC","description":"Chicago Personal Injury Attorneys","publisher":{"@id":"https:\/\/chicagoinjurylawyer.net\/es\/#organization"},"potentialAction":[{"@type":"SearchAction","target":{"@type":"EntryPoint","urlTemplate":"https:\/\/chicagoinjurylawyer.net\/es\/?s={search_term_string}"},"query-input":{"@type":"PropertyValueSpecification","valueRequired":true,"valueName":"search_term_string"}}],"inLanguage":"es"},{"@type":"Organization","@id":"https:\/\/chicagoinjurylawyer.net\/es\/#organization","name":"[firm-name]","url":"https:\/\/chicagoinjurylawyer.net\/es\/","logo":{"@type":"ImageObject","inLanguage":"es","@id":"https:\/\/chicagoinjurylawyer.net\/es\/#\/schema\/logo\/image\/","url":"https:\/\/chicagoinjurylawyer.net\/wp-content\/uploads\/2019\/06\/msx-logo-1.png","contentUrl":"https:\/\/chicagoinjurylawyer.net\/wp-content\/uploads\/2019\/06\/msx-logo-1.png","width":180,"height":83,"caption":"[firm-name]"},"image":{"@id":"https:\/\/chicagoinjurylawyer.net\/es\/#\/schema\/logo\/image\/"}}]}},"_links":{"self":[{"href":"https:\/\/chicagoinjurylawyer.net\/es\/wp-json\/wp\/v2\/pages\/33222","targetHints":{"allow":["GET"]}}],"collection":[{"href":"https:\/\/chicagoinjurylawyer.net\/es\/wp-json\/wp\/v2\/pages"}],"about":[{"href":"https:\/\/chicagoinjurylawyer.net\/es\/wp-json\/wp\/v2\/types\/page"}],"author":[{"embeddable":true,"href":"https:\/\/chicagoinjurylawyer.net\/es\/wp-json\/wp\/v2\/users\/1"}],"replies":[{"embeddable":true,"href":"https:\/\/chicagoinjurylawyer.net\/es\/wp-json\/wp\/v2\/comments?post=33222"}],"version-history":[{"count":3,"href":"https:\/\/chicagoinjurylawyer.net\/es\/wp-json\/wp\/v2\/pages\/33222\/revisions"}],"predecessor-version":[{"id":33399,"href":"https:\/\/chicagoinjurylawyer.net\/es\/wp-json\/wp\/v2\/pages\/33222\/revisions\/33399"}],"up":[{"embeddable":true,"href":"https:\/\/chicagoinjurylawyer.net\/es\/wp-json\/wp\/v2\/pages\/33110"}],"wp:attachment":[{"href":"https:\/\/chicagoinjurylawyer.net\/es\/wp-json\/wp\/v2\/media?parent=33222"}],"curies":[{"name":"wp","href":"https:\/\/api.w.org\/{rel}","templated":true}]}}