{"id":33226,"date":"2022-01-24T15:50:26","date_gmt":"2022-01-24T21:50:26","guid":{"rendered":"https:\/\/pi-sexner.tseg.co\/?page_id=33226"},"modified":"2022-01-31T17:10:46","modified_gmt":"2022-01-31T23:10:46","slug":"onfalocele-infantil","status":"publish","type":"page","link":"https:\/\/chicagoinjurylawyer.net\/es\/defectos-de-nacimiento\/onfalocele-infantil\/","title":{"rendered":"Onfalocele Infantil"},"content":{"rendered":"<h1>Abogados de Onfalocele Infantil en Chicago<\/h1>\n<p><img decoding=\"async\" class=\"alignright wp-image-33227\" src=\"\/wp-content\/uploads\/2022\/01\/Abogados-de-Onfalocele-Infantil-en-Chicago.jpg\" alt=\"Abogados de Onfalocele Infantil en Chicago\" width=\"400\" height=\"267\" srcset=\"https:\/\/chicagoinjurylawyer.net\/wp-content\/uploads\/2022\/01\/Abogados-de-Onfalocele-Infantil-en-Chicago.jpg 1000w, https:\/\/chicagoinjurylawyer.net\/wp-content\/uploads\/2022\/01\/Abogados-de-Onfalocele-Infantil-en-Chicago-300x200.jpg 300w, https:\/\/chicagoinjurylawyer.net\/wp-content\/uploads\/2022\/01\/Abogados-de-Onfalocele-Infantil-en-Chicago-768x512.jpg 768w\" sizes=\"(max-width: 400px) 100vw, 400px\" \/>En solo uno de cada 5,000 nacidos vivos, ocurre un onfalocele (tambi\u00e9n conocido como exomphalos). Este defecto cong\u00e9nito es algo similar a la <a href=\"\/es\/negligencia-medica\/defectos-de-nacimiento\/gastrosquisis\/\">gastrosquisis<\/a> en que involucra una malformaci\u00f3n de la pared abdominal.<\/p>\n<p>Durante el embarazo, es normal que los \u00f3rganos fetales se desarrollen en la parte exterior del abdomen. Sin embargo, si no regresan posteriormente al abdomen, puede ocurrir un onfalocele. Esto es cuando los \u00f3rganos (como el h\u00edgado, los intestinos u otros) se desarrollan fuera del abdomen dentro de un saco transparente ubicado justo en la base del cord\u00f3n umbilical.<\/p>\n<p>Ciertas clases de medicamentos antidepresivos ahora est\u00e1n vinculados al onfalocele - una afecci\u00f3n en la que las porciones del contenido abdominal de un beb\u00e9 han crecido en un saco del cord\u00f3n umbilical fuera del cuerpo durante la gestaci\u00f3n. Si su hijo naci\u00f3 con onfalocele, los abogados de lesiones de nacimiento en Chicago de Sexner Injury Lawyers LLC pueden ayudarlo a obtener ayuda para el futuro de su hijo. Cont\u00e1ctenos al <a href=\"tel:3122439922\">(312) 243-9922<\/a> para una consulta gratuita.<\/p>\n<h2>Posibles Problemas M\u00e9dicos Relacionados con el Onfalocele<\/h2>\n<p>Debido a que el cuerpo del beb\u00e9 se est\u00e1 desarrollando sin ciertos \u00f3rganos contenidos en su interior, es posible que la cavidad abdominal no alcance un tama\u00f1o normal. Pueden ocurrir otros problemas potenciales, como una infecci\u00f3n, especialmente en circunstancias en las que el saco se rompe. La disminuci\u00f3n del flujo sangu\u00edneo tambi\u00e9n puede resultar de un \u00f3rgano que se retuerce o pellizca, y puede resultar en da\u00f1os<\/p>\n<h2>Causas del Onfalocele<\/h2>\n<p>Aunque siempre es algo incierto determinar la causa exacta de cualquier <a href=\"\/es\/negligencia-medica\/defectos-de-nacimiento\/\">defecto cong\u00e9nito<\/a>, existen factores de riesgo y causas que parecen estar relacionadas con la presencia de un onfalocele. Estas causas pueden incluir:<\/p>\n<ul>\n<li><strong>Consumo de tabaco y alcohol<\/strong>: Los fumadores empedernidos y los consumidores de alcohol corren un mayor riesgo de tener un beb\u00e9 con esta afecci\u00f3n m\u00e9dica.<\/li>\n<li><strong>Obesidad<\/strong>: Las madres que ten\u00edan sobrepeso u obesidad antes de quedar embarazadas tambi\u00e9n corren un mayor riesgo.<\/li>\n<li><strong>Medicamentos particulares<\/strong>: Los usuarios de ISRS (inhibidores de la recaptaci\u00f3n de serotonina) como Paxil o Zoloft tambi\u00e9n tienen un mayor riesgo.<\/li>\n<\/ul>\n<h2>Reclamaciones por Negligencia M\u00e9dica por Onfalocele<\/h2>\n<p>A veces, un onfalocele ocurre por razones desconocidas. Pero en otras ocasiones, este defecto cong\u00e9nito puede ser el resultado de negligencia m\u00e9dica cuando se recetan ciertos medicamentos (o no se desaconsejan) durante el embarazo. En tales circunstancias, un abogado con experiencia en lesiones puede presentar una demanda exigiendo una compensaci\u00f3n para ayudar a reducir la carga financiera de la familia.<\/p>\n<p>La <a href=\"\/es\/negligencia-medica\/\">negligencia m\u00e9dica<\/a> tambi\u00e9n puede ocurrir cuando un m\u00e9dico no realiza correctamente las pruebas de diagn\u00f3stico, como la ecograf\u00eda, durante el embarazo y la anomal\u00eda se diagnostica err\u00f3neamente o no se diagnostica. Esta falla puede complicar la condici\u00f3n m\u00e9dica del beb\u00e9 y generar problemas adicionales. Por \u00faltimo, un m\u00e9dico o cirujano puede cometer negligencia cuando no trata adecuadamente o no realiza una cirug\u00eda adecuada en esta anomal\u00eda.<\/p>\n<p>En esencia, siempre que un proveedor m\u00e9dico haya contribuido a la aparici\u00f3n del defecto cong\u00e9nito, <a href=\"\/es\/negligencia-medica\/diagnostico-erroneo\/\">no lo diagnostic\u00f3 correctamente<\/a> o no lo trat\u00f3 adecuadamente despu\u00e9s del nacimiento, es probable que haya ocurrido una negligencia m\u00e9dica y una demanda puede ser la mejor opci\u00f3n para buscar justicia.<\/p>\n<h2>Comun\u00edquese con un Abogado de Onfalocele Infantil en Chicago para Obtener Ayuda<\/h2>\n<p>Los defectos de nacimiento cong\u00e9nitos afectan a miles de beb\u00e9s cada a\u00f1o. Si cree que su m\u00e9dico podr\u00eda haber prevenido, o deber\u00eda haberlo sabido o alertado sobre la condici\u00f3n prenatal de su hijo y fue negligente al no hacerlo, comun\u00edquese con un abogado de negligencia m\u00e9dica en <a href=\"\/es\/\">Chicago de Sexner Injury Lawyers LLC<\/a>. Durante m\u00e1s de 25 a\u00f1os, nuestros abogados han estado ayudando a las familias en situaciones dif\u00edciles y han obtenido la m\u00e1xima compensaci\u00f3n financiera para ayudar a aliviar su carga. Se han recaudado millones y no se aplican tarifas a menos que tengamos \u00e9xito en su nombre. Ll\u00e1menos ahora al <a href=\"tel:3122439922\">(312) 243-9922<\/a> para obtener informaci\u00f3n gratuita las 24 horas del d\u00eda.<\/p>\n","protected":false},"excerpt":{"rendered":"<p>Abogados de Onfalocele Infantil en Chicago En solo uno de cada 5,000 nacidos vivos, ocurre un onfalocele (tambi\u00e9n conocido como exomphalos). Este defecto cong\u00e9nito es algo similar a la gastrosquisis en que involucra una malformaci\u00f3n de la pared abdominal. Durante el embarazo, es normal que los \u00f3rganos fetales se desarrollen en la parte exterior del [&hellip;]<\/p>\n","protected":false},"author":1,"featured_media":0,"parent":33110,"menu_order":0,"comment_status":"closed","ping_status":"closed","template":"","meta":{"_acf_changed":false,"footnotes":""},"class_list":["post-33226","page","type-page","status-publish","hentry"],"acf":[],"yoast_head":"<!-- This site is optimized with the Yoast SEO plugin v27.4 - https:\/\/yoast.com\/product\/yoast-seo-wordpress\/ -->\n<title>Abogados de Onfalocele Infantil en Chicago - Sexner Injury Lawyers LLC<\/title>\n<meta name=\"description\" content=\"Si su hijo naci\u00f3 con onfalocele, los abogados de lesiones de nacimiento en Chicago de Sexner Injury Lawyers LLC pueden ayudarlo a obtener ayuda para el futuro de su hijo.\" \/>\n<meta name=\"robots\" content=\"index, follow, max-snippet:-1, max-image-preview:large, max-video-preview:-1\" \/>\n<link rel=\"canonical\" href=\"https:\/\/chicagoinjurylawyer.net\/es\/defectos-de-nacimiento\/onfalocele-infantil\/\" \/>\n<meta property=\"og:locale\" content=\"es_ES\" \/>\n<meta property=\"og:type\" content=\"article\" \/>\n<meta property=\"og:title\" content=\"Abogados de Onfalocele Infantil en Chicago - Sexner Injury Lawyers LLC\" \/>\n<meta property=\"og:description\" content=\"Si su hijo naci\u00f3 con onfalocele, los abogados de lesiones de nacimiento en Chicago de Sexner Injury Lawyers LLC pueden ayudarlo a obtener ayuda para el futuro de su hijo.\" \/>\n<meta property=\"og:url\" content=\"https:\/\/chicagoinjurylawyer.net\/es\/defectos-de-nacimiento\/onfalocele-infantil\/\" \/>\n<meta property=\"og:site_name\" content=\"Sexner Injury Lawyers LLC\" \/>\n<meta property=\"article:modified_time\" content=\"2022-01-31T23:10:46+00:00\" \/>\n<meta property=\"og:image\" content=\"https:\/\/chicagoinjurylawyer.net\/wp-content\/uploads\/2022\/01\/Abogados-de-Onfalocele-Infantil-en-Chicago.jpg\" \/>\n<meta name=\"twitter:card\" content=\"summary_large_image\" \/>\n<meta name=\"twitter:label1\" content=\"Tiempo de lectura\" \/>\n\t<meta name=\"twitter:data1\" content=\"4 minutos\" \/>\n<!-- \/ Yoast SEO plugin. -->","yoast_head_json":{"title":"Abogados de Onfalocele Infantil en Chicago - Sexner Injury Lawyers LLC","description":"Si su hijo naci\u00f3 con onfalocele, los abogados de lesiones de nacimiento en Chicago de Sexner Injury Lawyers LLC pueden ayudarlo a obtener ayuda para el futuro de su hijo.","robots":{"index":"index","follow":"follow","max-snippet":"max-snippet:-1","max-image-preview":"max-image-preview:large","max-video-preview":"max-video-preview:-1"},"canonical":"https:\/\/chicagoinjurylawyer.net\/es\/defectos-de-nacimiento\/onfalocele-infantil\/","og_locale":"es_ES","og_type":"article","og_title":"Abogados de Onfalocele Infantil en Chicago - Sexner Injury Lawyers LLC","og_description":"Si su hijo naci\u00f3 con onfalocele, los abogados de lesiones de nacimiento en Chicago de Sexner Injury Lawyers LLC pueden ayudarlo a obtener ayuda para el futuro de su hijo.","og_url":"https:\/\/chicagoinjurylawyer.net\/es\/defectos-de-nacimiento\/onfalocele-infantil\/","og_site_name":"Sexner Injury Lawyers LLC","article_modified_time":"2022-01-31T23:10:46+00:00","og_image":[{"url":"https:\/\/chicagoinjurylawyer.net\/wp-content\/uploads\/2022\/01\/Abogados-de-Onfalocele-Infantil-en-Chicago.jpg","type":"","width":"","height":""}],"twitter_card":"summary_large_image","twitter_misc":{"Tiempo de lectura":"4 minutos"},"schema":{"@context":"https:\/\/schema.org","@graph":[{"@type":"WebPage","@id":"https:\/\/chicagoinjurylawyer.net\/es\/defectos-de-nacimiento\/onfalocele-infantil\/","url":"https:\/\/chicagoinjurylawyer.net\/es\/defectos-de-nacimiento\/onfalocele-infantil\/","name":"Abogados de Onfalocele Infantil en Chicago - Sexner Injury Lawyers LLC","isPartOf":{"@id":"https:\/\/chicagoinjurylawyer.net\/es\/#website"},"datePublished":"2022-01-24T21:50:26+00:00","dateModified":"2022-01-31T23:10:46+00:00","description":"Si su hijo naci\u00f3 con onfalocele, los abogados de lesiones de nacimiento en Chicago de [firm-name] pueden ayudarlo a obtener ayuda para el futuro de su hijo.","breadcrumb":{"@id":"https:\/\/chicagoinjurylawyer.net\/es\/defectos-de-nacimiento\/onfalocele-infantil\/#breadcrumb"},"inLanguage":"es","potentialAction":[{"@type":"ReadAction","target":["https:\/\/chicagoinjurylawyer.net\/es\/defectos-de-nacimiento\/onfalocele-infantil\/"]}]},{"@type":"BreadcrumbList","@id":"https:\/\/chicagoinjurylawyer.net\/es\/defectos-de-nacimiento\/onfalocele-infantil\/#breadcrumb","itemListElement":[{"@type":"ListItem","position":1,"name":"Negligencia M\u00e9dica","item":"https:\/\/chicagoinjurylawyer.net\/es\/negligencia-medica\/"},{"@type":"ListItem","position":2,"name":"Defectos de Nacimiento","item":"https:\/\/chicagoinjurylawyer.net\/es\/negligencia-medica\/defectos-de-nacimiento\/"},{"@type":"ListItem","position":3,"name":"Onfalocele Infantil"}]},{"@type":"WebSite","@id":"https:\/\/chicagoinjurylawyer.net\/es\/#website","url":"https:\/\/chicagoinjurylawyer.net\/es\/","name":"Sexner Injury Lawyers LLC","description":"Chicago Personal Injury Attorneys","publisher":{"@id":"https:\/\/chicagoinjurylawyer.net\/es\/#organization"},"potentialAction":[{"@type":"SearchAction","target":{"@type":"EntryPoint","urlTemplate":"https:\/\/chicagoinjurylawyer.net\/es\/?s={search_term_string}"},"query-input":{"@type":"PropertyValueSpecification","valueRequired":true,"valueName":"search_term_string"}}],"inLanguage":"es"},{"@type":"Organization","@id":"https:\/\/chicagoinjurylawyer.net\/es\/#organization","name":"[firm-name]","url":"https:\/\/chicagoinjurylawyer.net\/es\/","logo":{"@type":"ImageObject","inLanguage":"es","@id":"https:\/\/chicagoinjurylawyer.net\/es\/#\/schema\/logo\/image\/","url":"https:\/\/chicagoinjurylawyer.net\/wp-content\/uploads\/2019\/06\/msx-logo-1.png","contentUrl":"https:\/\/chicagoinjurylawyer.net\/wp-content\/uploads\/2019\/06\/msx-logo-1.png","width":180,"height":83,"caption":"[firm-name]"},"image":{"@id":"https:\/\/chicagoinjurylawyer.net\/es\/#\/schema\/logo\/image\/"}}]}},"_links":{"self":[{"href":"https:\/\/chicagoinjurylawyer.net\/es\/wp-json\/wp\/v2\/pages\/33226","targetHints":{"allow":["GET"]}}],"collection":[{"href":"https:\/\/chicagoinjurylawyer.net\/es\/wp-json\/wp\/v2\/pages"}],"about":[{"href":"https:\/\/chicagoinjurylawyer.net\/es\/wp-json\/wp\/v2\/types\/page"}],"author":[{"embeddable":true,"href":"https:\/\/chicagoinjurylawyer.net\/es\/wp-json\/wp\/v2\/users\/1"}],"replies":[{"embeddable":true,"href":"https:\/\/chicagoinjurylawyer.net\/es\/wp-json\/wp\/v2\/comments?post=33226"}],"version-history":[{"count":5,"href":"https:\/\/chicagoinjurylawyer.net\/es\/wp-json\/wp\/v2\/pages\/33226\/revisions"}],"predecessor-version":[{"id":33402,"href":"https:\/\/chicagoinjurylawyer.net\/es\/wp-json\/wp\/v2\/pages\/33226\/revisions\/33402"}],"up":[{"embeddable":true,"href":"https:\/\/chicagoinjurylawyer.net\/es\/wp-json\/wp\/v2\/pages\/33110"}],"wp:attachment":[{"href":"https:\/\/chicagoinjurylawyer.net\/es\/wp-json\/wp\/v2\/media?parent=33226"}],"curies":[{"name":"wp","href":"https:\/\/api.w.org\/{rel}","templated":true}]}}