{"id":33231,"date":"2022-01-24T16:06:41","date_gmt":"2022-01-24T22:06:41","guid":{"rendered":"https:\/\/pi-sexner.tseg.co\/?page_id=33231"},"modified":"2022-01-24T16:09:55","modified_gmt":"2022-01-24T22:09:55","slug":"anencefalia","status":"publish","type":"page","link":"https:\/\/chicagoinjurylawyer.net\/es\/defectos-de-nacimiento\/anencefalia\/","title":{"rendered":"Anencefalia"},"content":{"rendered":"<h1>Abogados de Reclamos de Anencefalia en Chicago<\/h1>\n<p><img decoding=\"async\" class=\"alignright wp-image-33232\" src=\"\/wp-content\/uploads\/2022\/01\/Abogados-de-Reclamos-de-Anencefalia-en-Chicago.jpg\" alt=\"Abogados de Reclamos de Anencefalia en Chicago\" width=\"400\" height=\"267\" srcset=\"https:\/\/chicagoinjurylawyer.net\/wp-content\/uploads\/2022\/01\/Abogados-de-Reclamos-de-Anencefalia-en-Chicago.jpg 1000w, https:\/\/chicagoinjurylawyer.net\/wp-content\/uploads\/2022\/01\/Abogados-de-Reclamos-de-Anencefalia-en-Chicago-300x200.jpg 300w, https:\/\/chicagoinjurylawyer.net\/wp-content\/uploads\/2022\/01\/Abogados-de-Reclamos-de-Anencefalia-en-Chicago-768x512.jpg 768w\" sizes=\"(max-width: 400px) 100vw, 400px\" \/>La anencefalia es un defecto de nacimiento cong\u00e9nito en el que al beb\u00e9 le faltan partes del cerebro y el cr\u00e1neo. Es un tipo de defecto del tubo neural (NTB). Durante el primer mes despu\u00e9s de la concepci\u00f3n, el sistema nervioso del feto est\u00e1 formado por c\u00e9lulas de la placa neural. Durante el desarrollo normal, estas c\u00e9lulas se plegar\u00e1n sobre s\u00ed mismas y crear\u00e1n lo que se conoce como el \"tubo neural\". Este tubo se convierte en la m\u00e9dula espinal, la <a href=\"\/es\/lesiones-de-la-medula-espinal\/\">columna vertebral<\/a> y la parte superior finalmente se convierte en el cerebro. Pero esta anomal\u00eda gen\u00e9tica impide que el tubo se cierre por completo y, como resultado, un beb\u00e9 que nace con anencefalia nace sin el prosenc\u00e9falo (parte delantera) o el cerebro (parte que regula la coordinaci\u00f3n y el pensamiento). Por lo general, otras partes del <a href=\"\/es\/lesiones-cerebrales-traumaticas\/\">cerebro<\/a> no est\u00e1n cubiertas por piel ni por huesos.<\/p>\n<p>La anencefalia involucra a un beb\u00e9 con un cerebro y un cr\u00e1neo subdesarrollados y generalmente es fatal. En algunos casos, es posible que a la madre se le hayan recetado ciertos medicamentos, antidepresivos o anticonceptivos y es posible que no se le haya informado completamente sobre los peligros durante el <a href=\"\/es\/negligencia-medica\/lesiones-de-nacimiento\/\">embarazo<\/a>. Todos estos son factores de riesgo. Si la afecci\u00f3n se descubre durante el embarazo, a menudo es demasiado tarde para tratarla. Las madres deben ser conscientes de la necesidad de tomar \u00e1cido f\u00f3lico y qu\u00e9 medicamentos evitar. El no hacerlo, y <a href=\"\/es\/negligencia-medica\/diagnostico-erroneo\/\">no monitorear adecuadamente<\/a> a la madre, puede ser causa de una demanda por negligencia por parte de un abogado de anencefalia en Chicago de <a href=\"\/es\/\">Sexner Injury Lawyers LLC<\/a>. Cont\u00e1ctenos al <a href=\"tel:3122439922\">(312) 243-9922<\/a> para una consulta gratuita.<\/p>\n<h2>\u00bfCu\u00e1les Son los Factores de Riesgo de la Anencefalia?<\/h2>\n<p>Cada a\u00f1o, la anencefalia afecta solo a un pu\u00f1ado de nacimientos de cada 10,000. Las causas de la anencefalia se desconocen en gran medida, pero muchos expertos m\u00e9dicos creen que es causada por una combinaci\u00f3n de factores gen\u00e9ticos y otros que pueden incluir causas ambientales, como los pesticidas y, en particular, los medicamentos utilizados durante el embarazo. Seg\u00fan los Centros para el Control de Enfermedades (CDC), los investigadores han identificado algunas cosas que pueden aumentar o reducir el riesgo de este defecto cong\u00e9nito:<\/p>\n<ul>\n<li>Existe un mayor riesgo de anencefalia entre los beb\u00e9s nacidos en hispanos. Se desconoce por qu\u00e9.<\/li>\n<li>Los f\u00e1rmacos como el \u00e1cido valproico, la p\u00edldora anticonceptiva y los f\u00e1rmacos anti metab\u00f3licos aumentan el riesgo.<\/li>\n<li>La ingesta de \u00e1cido f\u00f3lico puede reducir considerablemente el riesgo.<\/li>\n<\/ul>\n<h3>Esperanza de Vida y Tratamiento de los Beb\u00e9s Afectados por Anencefalia<\/h3>\n<p>De los beb\u00e9s afectados, aunque aproximadamente el 25% muere durante el embarazo o el parto; la mayor parte del 75% restante muere en horas o d\u00edas. No existe un tratamiento conocido para la anencefalia.<\/p>\n<h2>Reclamaciones por Negligencia M\u00e9dica por Anencefalia<\/h2>\n<p>Aunque la anencefalia a menudo es el resultado de la gen\u00e9tica, tambi\u00e9n est\u00e1 fuertemente relacionada con ciertos f\u00e1rmacos y <a href=\"\/es\/negligencia-medica\/errores-de-prescripciones-y-medicamentos\/\">medicamentos<\/a> utilizados durante el embarazo que pueden afectar la formaci\u00f3n del \"tubo neural\" del feto. Es responsabilidad del obstetra \/ ginec\u00f3logo controlar adecuadamente el embarazo de la madre y hacer todo lo posible para evitar influencias externas en la formaci\u00f3n del beb\u00e9.<\/p>\n<p>Una de las principales formas en que un m\u00e9dico puede proteger al feto en crecimiento es evitar recetar medicamentos que se han relacionado con defectos del tubo neural como la anencefalia. Pocas personas leen con detenimiento (o comprenden) las largas etiquetas de advertencia que vienen con un nuevo medicamento y no se puede esperar razonablemente que las personas que no son m\u00e9dicos sepan qu\u00e9 medicamentos o f\u00e1rmacos se pueden usar. Debido a esto, las mujeres embarazadas casi siempre conf\u00edan en los consejos confiables de los m\u00e9dicos.<\/p>\n<p>Cuando un m\u00e9dico no cumple con su deber de proteger a una mujer de las drogas nocivas u otras influencias externas, una demanda por negligencia m\u00e9dica puede ser lo correcto a considerar. Algunas de estas drogas incluyen:<\/p>\n<ul>\n<li>\u00c1cido valproico, que se prescribe para tratar convulsiones, trastorno bipolar (enfermedad maniacodepresiva) y prevenir migra\u00f1as.<\/li>\n<li>Depakote, que tambi\u00e9n se prescribe para tratar una variedad de trastornos convulsivos.<\/li>\n<li>P\u00edldoras anticonceptivas y anticonceptivos.<\/li>\n<li>Algunos f\u00e1rmacos anti metab\u00f3licos.<\/li>\n<li>Algunos antidepresivos ISRS, como Clomid, Zoloft, Paxil, Prozac, Lexapro y Celexa.<\/li>\n<\/ul>\n<p>Adem\u00e1s del deber del m\u00e9dico de proteger a la mujer de los medicamentos que pueden causar defectos de nacimiento, tambi\u00e9n es deber del m\u00e9dico diagnosticar tales anomal\u00edas lo antes posible, para que la madre pueda tomar decisiones informadas sobre su salud y los problemas que la afectan. feto. Sin duda, la m\u00e1s personal de todas las decisiones es si una madre elige interrumpir o continuar con su embarazo. Cuando un m\u00e9dico no proporciona a la madre informaci\u00f3n oportuna sobre el crecimiento de su feto, la madre se ve privada de esta opci\u00f3n. Tales demandas se denominan casos de \u201cvida injusta o <a href=\"\/es\/negligencia-medica\/lesiones-de-nacimiento\/nacimiento-injusto\/\">nacimiento injusto<\/a>\u201d y pueden considerarse negligencia m\u00e9dica.<\/p>\n<p>Las pruebas habituales se realizan con una ecograf\u00eda. Otra herramienta importante es la prueba de detecci\u00f3n MSAFP, que mide importantes niveles de alfa-feto prote\u00edna en la sangre de la madre durante el embarazo. Aunque a todas las mujeres embarazadas se les debe ofrecer esta prueba, si un m\u00e9dico no ofrece la prueba a mujeres con ciertos riesgos m\u00e1s altos, puede ser considerada particularmente negligente. Las mujeres con mayores riesgos incluyen aquellas:<\/p>\n<ul>\n<li>Con antecedentes familiares de defectos de nacimiento;<\/li>\n<li>Que tengan m\u00e1s de 35 a\u00f1os;<\/li>\n<li>Que hayan tomado ciertos medicamentos o drogas posiblemente da\u00f1inos;<\/li>\n<li>Con diabetes.<\/li>\n<\/ul>\n<h2>P\u00f3ngase en Contacto con Nuestros Abogados de Anencefalia en Chicago hoy<\/h2>\n<p>Cuando se descubre anencefalia u otros defectos de nacimiento, los padres se ven obligados a aceptar decisiones incre\u00edblemente dif\u00edciles. Desde 1990, los abogados de lesiones de nacimiento en Chicago de Sexner Injury Lawyers LLC han estado ayudando a las familias durante estos tiempos dif\u00edciles. Podemos investigar sus circunstancias sin cargo para usted y ayudarlo a determinar si la negligencia m\u00e9dica contribuy\u00f3 a la lesi\u00f3n de su hijo de alguna manera. Ll\u00e1menos sin cargo ahora al <a href=\"tel:3122439922\">(312) 243-9922<\/a> para ver c\u00f3mo podemos ayudarlo.<\/p>\n","protected":false},"excerpt":{"rendered":"<p>Abogados de Reclamos de Anencefalia en Chicago La anencefalia es un defecto de nacimiento cong\u00e9nito en el que al beb\u00e9 le faltan partes del cerebro y el cr\u00e1neo. Es un tipo de defecto del tubo neural (NTB). Durante el primer mes despu\u00e9s de la concepci\u00f3n, el sistema nervioso del feto est\u00e1 formado por c\u00e9lulas de [&hellip;]<\/p>\n","protected":false},"author":1,"featured_media":0,"parent":33110,"menu_order":0,"comment_status":"closed","ping_status":"closed","template":"","meta":{"_acf_changed":false,"footnotes":""},"class_list":["post-33231","page","type-page","status-publish","hentry"],"acf":[],"yoast_head":"<!-- This site is optimized with the Yoast SEO plugin v27.4 - https:\/\/yoast.com\/product\/yoast-seo-wordpress\/ -->\n<title>Abogados de Reclamos de Anencefalia en Chicago - Sexner Injury Lawyers LLC<\/title>\n<meta name=\"description\" content=\"Cuando se descubre anencefalia u otros defectos de nacimiento, los padres se ven obligados a aceptar decisiones incre\u00edblemente dif\u00edciles. Podemos investigar sus circunstancias sin cargo para usted.\" \/>\n<meta name=\"robots\" content=\"index, follow, max-snippet:-1, max-image-preview:large, max-video-preview:-1\" \/>\n<link rel=\"canonical\" href=\"https:\/\/chicagoinjurylawyer.net\/es\/defectos-de-nacimiento\/anencefalia\/\" \/>\n<meta property=\"og:locale\" content=\"es_ES\" \/>\n<meta property=\"og:type\" content=\"article\" \/>\n<meta property=\"og:title\" content=\"Abogados de Reclamos de Anencefalia en Chicago - Sexner Injury Lawyers LLC\" \/>\n<meta property=\"og:description\" content=\"Cuando se descubre anencefalia u otros defectos de nacimiento, los padres se ven obligados a aceptar decisiones incre\u00edblemente dif\u00edciles. Podemos investigar sus circunstancias sin cargo para usted.\" \/>\n<meta property=\"og:url\" content=\"https:\/\/chicagoinjurylawyer.net\/es\/defectos-de-nacimiento\/anencefalia\/\" \/>\n<meta property=\"og:site_name\" content=\"Sexner Injury Lawyers LLC\" \/>\n<meta property=\"article:modified_time\" content=\"2022-01-24T22:09:55+00:00\" \/>\n<meta property=\"og:image\" content=\"https:\/\/chicagoinjurylawyer.net\/wp-content\/uploads\/2022\/01\/Abogados-de-Reclamos-de-Anencefalia-en-Chicago.jpg\" \/>\n<meta name=\"twitter:card\" content=\"summary_large_image\" \/>\n<meta name=\"twitter:label1\" content=\"Tiempo de lectura\" \/>\n\t<meta name=\"twitter:data1\" content=\"5 minutos\" \/>\n<!-- \/ Yoast SEO plugin. -->","yoast_head_json":{"title":"Abogados de Reclamos de Anencefalia en Chicago - Sexner Injury Lawyers LLC","description":"Cuando se descubre anencefalia u otros defectos de nacimiento, los padres se ven obligados a aceptar decisiones incre\u00edblemente dif\u00edciles. Podemos investigar sus circunstancias sin cargo para usted.","robots":{"index":"index","follow":"follow","max-snippet":"max-snippet:-1","max-image-preview":"max-image-preview:large","max-video-preview":"max-video-preview:-1"},"canonical":"https:\/\/chicagoinjurylawyer.net\/es\/defectos-de-nacimiento\/anencefalia\/","og_locale":"es_ES","og_type":"article","og_title":"Abogados de Reclamos de Anencefalia en Chicago - Sexner Injury Lawyers LLC","og_description":"Cuando se descubre anencefalia u otros defectos de nacimiento, los padres se ven obligados a aceptar decisiones incre\u00edblemente dif\u00edciles. Podemos investigar sus circunstancias sin cargo para usted.","og_url":"https:\/\/chicagoinjurylawyer.net\/es\/defectos-de-nacimiento\/anencefalia\/","og_site_name":"Sexner Injury Lawyers LLC","article_modified_time":"2022-01-24T22:09:55+00:00","og_image":[{"url":"https:\/\/chicagoinjurylawyer.net\/wp-content\/uploads\/2022\/01\/Abogados-de-Reclamos-de-Anencefalia-en-Chicago.jpg","type":"","width":"","height":""}],"twitter_card":"summary_large_image","twitter_misc":{"Tiempo de lectura":"5 minutos"},"schema":{"@context":"https:\/\/schema.org","@graph":[{"@type":"WebPage","@id":"https:\/\/chicagoinjurylawyer.net\/es\/defectos-de-nacimiento\/anencefalia\/","url":"https:\/\/chicagoinjurylawyer.net\/es\/defectos-de-nacimiento\/anencefalia\/","name":"Abogados de Reclamos de Anencefalia en Chicago - Sexner Injury Lawyers LLC","isPartOf":{"@id":"https:\/\/chicagoinjurylawyer.net\/es\/#website"},"datePublished":"2022-01-24T22:06:41+00:00","dateModified":"2022-01-24T22:09:55+00:00","description":"Cuando se descubre anencefalia u otros defectos de nacimiento, los padres se ven obligados a aceptar decisiones incre\u00edblemente dif\u00edciles. Podemos investigar sus circunstancias sin cargo para usted.","breadcrumb":{"@id":"https:\/\/chicagoinjurylawyer.net\/es\/defectos-de-nacimiento\/anencefalia\/#breadcrumb"},"inLanguage":"es","potentialAction":[{"@type":"ReadAction","target":["https:\/\/chicagoinjurylawyer.net\/es\/defectos-de-nacimiento\/anencefalia\/"]}]},{"@type":"BreadcrumbList","@id":"https:\/\/chicagoinjurylawyer.net\/es\/defectos-de-nacimiento\/anencefalia\/#breadcrumb","itemListElement":[{"@type":"ListItem","position":1,"name":"Negligencia M\u00e9dica","item":"https:\/\/chicagoinjurylawyer.net\/es\/negligencia-medica\/"},{"@type":"ListItem","position":2,"name":"Defectos de Nacimiento","item":"https:\/\/chicagoinjurylawyer.net\/es\/negligencia-medica\/defectos-de-nacimiento\/"},{"@type":"ListItem","position":3,"name":"Anencefalia"}]},{"@type":"WebSite","@id":"https:\/\/chicagoinjurylawyer.net\/es\/#website","url":"https:\/\/chicagoinjurylawyer.net\/es\/","name":"Sexner Injury Lawyers LLC","description":"Chicago Personal Injury Attorneys","publisher":{"@id":"https:\/\/chicagoinjurylawyer.net\/es\/#organization"},"potentialAction":[{"@type":"SearchAction","target":{"@type":"EntryPoint","urlTemplate":"https:\/\/chicagoinjurylawyer.net\/es\/?s={search_term_string}"},"query-input":{"@type":"PropertyValueSpecification","valueRequired":true,"valueName":"search_term_string"}}],"inLanguage":"es"},{"@type":"Organization","@id":"https:\/\/chicagoinjurylawyer.net\/es\/#organization","name":"[firm-name]","url":"https:\/\/chicagoinjurylawyer.net\/es\/","logo":{"@type":"ImageObject","inLanguage":"es","@id":"https:\/\/chicagoinjurylawyer.net\/es\/#\/schema\/logo\/image\/","url":"https:\/\/chicagoinjurylawyer.net\/wp-content\/uploads\/2019\/06\/msx-logo-1.png","contentUrl":"https:\/\/chicagoinjurylawyer.net\/wp-content\/uploads\/2019\/06\/msx-logo-1.png","width":180,"height":83,"caption":"[firm-name]"},"image":{"@id":"https:\/\/chicagoinjurylawyer.net\/es\/#\/schema\/logo\/image\/"}}]}},"_links":{"self":[{"href":"https:\/\/chicagoinjurylawyer.net\/es\/wp-json\/wp\/v2\/pages\/33231","targetHints":{"allow":["GET"]}}],"collection":[{"href":"https:\/\/chicagoinjurylawyer.net\/es\/wp-json\/wp\/v2\/pages"}],"about":[{"href":"https:\/\/chicagoinjurylawyer.net\/es\/wp-json\/wp\/v2\/types\/page"}],"author":[{"embeddable":true,"href":"https:\/\/chicagoinjurylawyer.net\/es\/wp-json\/wp\/v2\/users\/1"}],"replies":[{"embeddable":true,"href":"https:\/\/chicagoinjurylawyer.net\/es\/wp-json\/wp\/v2\/comments?post=33231"}],"version-history":[{"count":3,"href":"https:\/\/chicagoinjurylawyer.net\/es\/wp-json\/wp\/v2\/pages\/33231\/revisions"}],"predecessor-version":[{"id":33237,"href":"https:\/\/chicagoinjurylawyer.net\/es\/wp-json\/wp\/v2\/pages\/33231\/revisions\/33237"}],"up":[{"embeddable":true,"href":"https:\/\/chicagoinjurylawyer.net\/es\/wp-json\/wp\/v2\/pages\/33110"}],"wp:attachment":[{"href":"https:\/\/chicagoinjurylawyer.net\/es\/wp-json\/wp\/v2\/media?parent=33231"}],"curies":[{"name":"wp","href":"https:\/\/api.w.org\/{rel}","templated":true}]}}