{"id":33235,"date":"2022-01-24T16:15:00","date_gmt":"2022-01-24T22:15:00","guid":{"rendered":"https:\/\/pi-sexner.tseg.co\/?page_id=33235"},"modified":"2022-01-24T16:39:25","modified_gmt":"2022-01-24T22:39:25","slug":"nacimiento-injusto","status":"publish","type":"page","link":"https:\/\/chicagoinjurylawyer.net\/es\/negligencia-medica\/lesiones-de-nacimiento\/nacimiento-injusto\/","title":{"rendered":"Nacimiento Injusto"},"content":{"rendered":"<h1>Abogados de Nacimiento Injusto en Chicago<\/h1>\n<p><img decoding=\"async\" class=\"alignright wp-image-33245\" src=\"\/wp-content\/uploads\/2022\/01\/Nacimiento-Injusto.jpg\" alt=\"Nacimiento Injusto\" width=\"400\" height=\"225\" srcset=\"https:\/\/chicagoinjurylawyer.net\/wp-content\/uploads\/2022\/01\/Nacimiento-Injusto.jpg 1000w, https:\/\/chicagoinjurylawyer.net\/wp-content\/uploads\/2022\/01\/Nacimiento-Injusto-300x169.jpg 300w, https:\/\/chicagoinjurylawyer.net\/wp-content\/uploads\/2022\/01\/Nacimiento-Injusto-768x432.jpg 768w\" sizes=\"(max-width: 400px) 100vw, 400px\" \/>Dependemos de los m\u00e9dicos para que nos brinden informaci\u00f3n m\u00e9dica completa, precisa y oportuna. Tambi\u00e9n esperamos que elijan las pruebas adecuadas para realizar, las interpreten correctamente y diagnostiquen nuestras afecciones correctamente. Sin esta informaci\u00f3n, simplemente no podemos tomar decisiones m\u00e9dicas inteligentes para nosotros o nuestras familias. Recibir la informaci\u00f3n correcta r\u00e1pidamente es importante sin importar la situaci\u00f3n, pero obtener la informaci\u00f3n m\u00e9dica correcta sobre el parto y el desarrollo fetal es uno de los m\u00e1s importantes.<\/p>\n<p>Desde 1990, los abogados de Sexner Injury Lawyers LLC han ayudado a las familias afectadas por fallas y errores m\u00e9dicos. Llame al <a href=\"tel:3122439922\">(312) 243-9922<\/a> para obtener informaci\u00f3n gratuita sobre c\u00f3mo podemos ayudarlo.<\/p>\n<h2>\u00bfQu\u00e9 Es el Nacimiento Injusto?<\/h2>\n<p>Cuando un m\u00e9dico comete un error y comete <a href=\"\/es\/negligencia-medica\/\">negligencia m\u00e9dica<\/a> que resulta en la muerte de un paciente, la demanda que se presenta se denomina demanda por \"<a href=\"\/es\/muerte-injusta\/\">muerte por negligencia<\/a>\". En dicha demanda, el abogado buscar\u00e1 da\u00f1os monetarios del m\u00e9dico, el hospital u otras personas involucradas para tratar de compensar a la familia por la p\u00e9rdida de su ser querido y por el dolor y sufrimiento experimentado por la muerte por negligencia.<\/p>\n<p>Sin embargo, un reclamo de \"nacimiento il\u00edcito\" es una demanda contra un m\u00e9dico que comete negligencia m\u00e9dica al no informar completamente a los padres sobre la salud de su beb\u00e9 por nacer; un fracaso que puede afectar las decisiones de los padres sobre el nacimiento del ni\u00f1o. Por lo general, este tipo de demanda se refiere a un beb\u00e9 que nace con defectos de nacimiento graves o afecciones de por vida. Al presentar una demanda de este tipo, los padres esencialmente dicen que los errores del m\u00e9dico los privaron de la opci\u00f3n de interrumpir \/ abortar el embarazo, porque el m\u00e9dico dio informaci\u00f3n incorrecta o retrasada sobre el desarrollo fetal. En este tipo de demanda, el abogado buscar\u00e1 da\u00f1os monetarios para ayudar a pagar los costos adicionales del cuidado del ni\u00f1o y, a veces, tambi\u00e9n la angustia emocional de los padres.<\/p>\n<p>Presentar una demanda por nacimiento il\u00edcito no significa que estos padres amen menos a su hijo o deseen que su hijo no haya nacido. Para nada. Es una demanda que se presenta para obligar al m\u00e9dico negligente a aceptar responsabilidad legal por sus errores. Todo paciente tiene derecho a recibir los consejos m\u00e9dicos correctos de su m\u00e9dico; especialmente los futuros padres, porque deben tomar la decisi\u00f3n m\u00e1s dif\u00edcil sobre si traer una nueva vida a este mundo. Cuando un m\u00e9dico comete negligencia m\u00e9dica en este sentido y, de hecho, roba la elecci\u00f3n de los padres, una demanda por nacimiento il\u00edcito puede ser el camino correcto hacia la justicia.<\/p>\n<h2>Errores M\u00e9dicos Que Conducen a Demandas por Nacimiento Indebido<\/h2>\n<p>Cuando se presenta una demanda por nacimiento il\u00edcito, no es necesario demostrar que el m\u00e9dico caus\u00f3 el defecto de nacimiento, la anomal\u00eda o la afecci\u00f3n. En esas situaciones, se pueden presentar otros tipos de demandas por defectos de nacimiento y lesiones durante el parto. Incluso cuando el m\u00e9dico no tuvo la culpa de la afecci\u00f3n y fue inevitable, una demanda por nacimiento injusto puede ser apropiada. Algunos errores que pueden conducir a una demanda por nacimiento indebido incluyen:<\/p>\n<ul>\n<li>No realizar las pruebas prenatales adecuadas, como una ecograf\u00eda.<\/li>\n<li>No leer o interpretar correctamente las pruebas de diagn\u00f3stico, ya sea por parte del m\u00e9dico, <a href=\"\/es\/negligencia-medica\/errores-de-radiologia\/\">radi\u00f3logo<\/a> u otro t\u00e9cnico.<\/li>\n<li>No compartir informaci\u00f3n conocida con los padres, especialmente si este error puede deberse a las propias convicciones morales o religiosas del m\u00e9dico.<\/li>\n<li>No investigar adecuadamente si el beb\u00e9 ten\u00eda un mayor riesgo de defectos cong\u00e9nitos, defectos card\u00edacos cong\u00e9nitos u otras afecciones m\u00e9dicas debido a la gen\u00e9tica familiar.<\/li>\n<li>Brindar asesor\u00eda gen\u00e9tica negligente antes de la concepci\u00f3n, inseminaci\u00f3n artificial, fertilizaci\u00f3n in vitro o similares.<\/li>\n<\/ul>\n<img decoding=\"async\" class=\"aligncenter size-full wp-image-33243\" src=\"\/wp-content\/uploads\/2022\/01\/Abogados-de-Nacimiento-Injusto.jpg\" alt=\"Abogados de Nacimiento Injusto\" width=\"1000\" height=\"667\" srcset=\"https:\/\/chicagoinjurylawyer.net\/wp-content\/uploads\/2022\/01\/Abogados-de-Nacimiento-Injusto.jpg 1000w, https:\/\/chicagoinjurylawyer.net\/wp-content\/uploads\/2022\/01\/Abogados-de-Nacimiento-Injusto-300x200.jpg 300w, https:\/\/chicagoinjurylawyer.net\/wp-content\/uploads\/2022\/01\/Abogados-de-Nacimiento-Injusto-768x512.jpg 768w\" sizes=\"(max-width: 1000px) 100vw, 1000px\" \/>\n<h2>Otros Tipos de Demandas Similares<\/h2>\n<p>Las personas merecen informaci\u00f3n m\u00e9dica completa de sus m\u00e9dicos para que puedan tomar las mejores decisiones m\u00e9dicas. Algunos otros tipos de demandas similares incluyen:<\/p>\n<ul>\n<li><strong>Embarazo indebido\/concepci\u00f3n indebida:<\/strong> Una demanda que se puede presentar contra un proveedor m\u00e9dico o una compa\u00f1\u00eda farmac\u00e9utica cuando una mujer queda embarazada a pesar de que se someti\u00f3 a un procedimiento de esterilizaci\u00f3n.<\/li>\n<li><strong>Vida injusta<\/strong>: Una demanda que se parece mucho a una demanda por nacimiento injusto, pero la presenta el ni\u00f1o (en lugar de los padres).<\/li>\n<li><strong>Adopci\u00f3n injusta<\/strong>: Una demanda que se puede presentar contra una agencia de adopci\u00f3n cuando no revelan los riesgos gen\u00e9ticos o los problemas de salud de un ni\u00f1o.<\/li>\n<\/ul>\n<p>La disponibilidad de demandas por nacimiento il\u00edcito, as\u00ed como estas otras demandas similares, var\u00eda mucho de un estado a otro. Nuestros abogados pueden ayudarlo a determinar si dicho reclamo est\u00e1 permitido en el estado en el que vive.<\/p>\n<h2>Presentaci\u00f3n de Una Demanda por Negligencia M\u00e9dica por Nacimiento Indebido en Illinois<\/h2>\n<p><img decoding=\"async\" class=\"alignright wp-image-33241\" src=\"\/wp-content\/uploads\/2022\/01\/Abogados-de-Nacimiento-Injusto-en-Chicago.jpg\" alt=\"Abogados de Nacimiento Injusto en Chicago\" width=\"400\" height=\"211\" srcset=\"https:\/\/chicagoinjurylawyer.net\/wp-content\/uploads\/2022\/01\/Abogados-de-Nacimiento-Injusto-en-Chicago.jpg 1000w, https:\/\/chicagoinjurylawyer.net\/wp-content\/uploads\/2022\/01\/Abogados-de-Nacimiento-Injusto-en-Chicago-300x158.jpg 300w, https:\/\/chicagoinjurylawyer.net\/wp-content\/uploads\/2022\/01\/Abogados-de-Nacimiento-Injusto-en-Chicago-768x405.jpg 768w\" sizes=\"(max-width: 400px) 100vw, 400px\" \/>Como cualquier otra demanda por negligencia m\u00e9dica, una demanda por nacimiento il\u00edcito es un asunto muy complicado que requiere la ayuda de un equipo legal experimentado y agresivo. Las compa\u00f1\u00edas de seguros para m\u00e9dicos y hospitales contratan equipos de abogados para luchar en\u00e9rgicamente en su nombre. Los padres que deseen presentar una demanda m\u00e9dica necesitan una s\u00f3lida representaci\u00f3n legal de su lado.<\/p>\n<p>Desde 1990, Sexner Injury Lawyers LLC ha sido responsable de la recaudaci\u00f3n de <a href=\"\/es\/nuestro-exito\/\">millones de d\u00f3lares<\/a> para los clientes y sus familias. Nunca se cobran honorarios de abogados a menos que nuestra firma tenga \u00e9xito. En el caso de reclamaciones por nacimiento il\u00edcito, la compensaci\u00f3n econ\u00f3mica puede estar disponible para:<\/p>\n<ul>\n<li>Matr\u00edcula para escuelas especiales<\/li>\n<li>Vigilancia m\u00e9dica peri\u00f3dica<\/li>\n<li>Cuidado diario y asistencia sanitaria especializada<\/li>\n<li>Angustia emocional y mental de los padres<\/li>\n<\/ul>\n<p>Es negligencia m\u00e9dica cuando un proveedor de atenci\u00f3n m\u00e9dica no informa a los padres sobre informaci\u00f3n m\u00e9dica importante, no realiza las pruebas adecuadas o <a href=\"\/es\/negligencia-medica\/diagnostico-erroneo\/\">no interpreta correctamente<\/a> las pruebas de diagn\u00f3stico con respecto a su hijo por nacer. Comun\u00edquese con los <a href=\"\/es\/negligencia-medica\/diagnostico-erroneo\/\">abogados de lesiones de nacimiento<\/a> en Chicago de Sexner Injury Lawyers LLC para obtener informaci\u00f3n valiosa gratuita y hable directamente con un abogado de lesiones con experiencia y compasi\u00f3n de inmediato. Nuestros tel\u00e9fonos est\u00e1n abiertos las 24 horas al <a href=\"tel:3122439922\">(312) 243-9922<\/a>. Llama ahora.<\/p>\n","protected":false},"excerpt":{"rendered":"<p>Abogados de Nacimiento Injusto en Chicago Dependemos de los m\u00e9dicos para que nos brinden informaci\u00f3n m\u00e9dica completa, precisa y oportuna. Tambi\u00e9n esperamos que elijan las pruebas adecuadas para realizar, las interpreten correctamente y diagnostiquen nuestras afecciones correctamente. Sin esta informaci\u00f3n, simplemente no podemos tomar decisiones m\u00e9dicas inteligentes para nosotros o nuestras familias. Recibir la informaci\u00f3n [&hellip;]<\/p>\n","protected":false},"author":1,"featured_media":0,"parent":7394,"menu_order":0,"comment_status":"closed","ping_status":"closed","template":"","meta":{"_acf_changed":false,"footnotes":""},"class_list":["post-33235","page","type-page","status-publish","hentry"],"acf":[],"yoast_head":"<!-- This site is optimized with the Yoast SEO plugin v27.4 - https:\/\/yoast.com\/product\/yoast-seo-wordpress\/ -->\n<title>Abogados de Nacimiento Injusto en Chicago - Sexner Injury Lawyers LLC<\/title>\n<meta name=\"description\" content=\"Es negligencia m\u00e9dica cuando un proveedor de atenci\u00f3n m\u00e9dica no informa a los padres sobre informaci\u00f3n m\u00e9dica importante, no realiza las pruebas adecuadas o no interpreta correctamente las pruebas de diagn\u00f3stico con respecto a su hijo por nacer.\" \/>\n<meta name=\"robots\" content=\"index, follow, max-snippet:-1, max-image-preview:large, max-video-preview:-1\" \/>\n<link rel=\"canonical\" href=\"https:\/\/chicagoinjurylawyer.net\/es\/negligencia-medica\/lesiones-de-nacimiento\/nacimiento-injusto\/\" \/>\n<meta property=\"og:locale\" content=\"es_ES\" \/>\n<meta property=\"og:type\" content=\"article\" \/>\n<meta property=\"og:title\" content=\"Abogados de Nacimiento Injusto en Chicago - Sexner Injury Lawyers LLC\" \/>\n<meta property=\"og:description\" content=\"Es negligencia m\u00e9dica cuando un proveedor de atenci\u00f3n m\u00e9dica no informa a los padres sobre informaci\u00f3n m\u00e9dica importante, no realiza las pruebas adecuadas o no interpreta correctamente las pruebas de diagn\u00f3stico con respecto a su hijo por nacer.\" \/>\n<meta property=\"og:url\" content=\"https:\/\/chicagoinjurylawyer.net\/es\/negligencia-medica\/lesiones-de-nacimiento\/nacimiento-injusto\/\" \/>\n<meta property=\"og:site_name\" content=\"Sexner Injury Lawyers LLC\" \/>\n<meta property=\"article:modified_time\" content=\"2022-01-24T22:39:25+00:00\" \/>\n<meta property=\"og:image\" content=\"https:\/\/chicagoinjurylawyer.net\/wp-content\/uploads\/2022\/01\/Nacimiento-Injusto.jpg\" \/>\n<meta name=\"twitter:card\" content=\"summary_large_image\" \/>\n<meta name=\"twitter:label1\" content=\"Tiempo de lectura\" \/>\n\t<meta name=\"twitter:data1\" content=\"5 minutos\" \/>\n<!-- \/ Yoast SEO plugin. -->","yoast_head_json":{"title":"Abogados de Nacimiento Injusto en Chicago - Sexner Injury Lawyers LLC","description":"Es negligencia m\u00e9dica cuando un proveedor de atenci\u00f3n m\u00e9dica no informa a los padres sobre informaci\u00f3n m\u00e9dica importante, no realiza las pruebas adecuadas o no interpreta correctamente las pruebas de diagn\u00f3stico con respecto a su hijo por nacer.","robots":{"index":"index","follow":"follow","max-snippet":"max-snippet:-1","max-image-preview":"max-image-preview:large","max-video-preview":"max-video-preview:-1"},"canonical":"https:\/\/chicagoinjurylawyer.net\/es\/negligencia-medica\/lesiones-de-nacimiento\/nacimiento-injusto\/","og_locale":"es_ES","og_type":"article","og_title":"Abogados de Nacimiento Injusto en Chicago - Sexner Injury Lawyers LLC","og_description":"Es negligencia m\u00e9dica cuando un proveedor de atenci\u00f3n m\u00e9dica no informa a los padres sobre informaci\u00f3n m\u00e9dica importante, no realiza las pruebas adecuadas o no interpreta correctamente las pruebas de diagn\u00f3stico con respecto a su hijo por nacer.","og_url":"https:\/\/chicagoinjurylawyer.net\/es\/negligencia-medica\/lesiones-de-nacimiento\/nacimiento-injusto\/","og_site_name":"Sexner Injury Lawyers LLC","article_modified_time":"2022-01-24T22:39:25+00:00","og_image":[{"url":"https:\/\/chicagoinjurylawyer.net\/wp-content\/uploads\/2022\/01\/Nacimiento-Injusto.jpg","type":"","width":"","height":""}],"twitter_card":"summary_large_image","twitter_misc":{"Tiempo de lectura":"5 minutos"},"schema":{"@context":"https:\/\/schema.org","@graph":[{"@type":"WebPage","@id":"https:\/\/chicagoinjurylawyer.net\/es\/negligencia-medica\/lesiones-de-nacimiento\/nacimiento-injusto\/","url":"https:\/\/chicagoinjurylawyer.net\/es\/negligencia-medica\/lesiones-de-nacimiento\/nacimiento-injusto\/","name":"Abogados de Nacimiento Injusto en Chicago - Sexner Injury Lawyers LLC","isPartOf":{"@id":"https:\/\/chicagoinjurylawyer.net\/es\/#website"},"datePublished":"2022-01-24T22:15:00+00:00","dateModified":"2022-01-24T22:39:25+00:00","description":"Es negligencia m\u00e9dica cuando un proveedor de atenci\u00f3n m\u00e9dica no informa a los padres sobre informaci\u00f3n m\u00e9dica importante, no realiza las pruebas adecuadas o no interpreta correctamente las pruebas de diagn\u00f3stico con respecto a su hijo por nacer.","breadcrumb":{"@id":"https:\/\/chicagoinjurylawyer.net\/es\/negligencia-medica\/lesiones-de-nacimiento\/nacimiento-injusto\/#breadcrumb"},"inLanguage":"es","potentialAction":[{"@type":"ReadAction","target":["https:\/\/chicagoinjurylawyer.net\/es\/negligencia-medica\/lesiones-de-nacimiento\/nacimiento-injusto\/"]}]},{"@type":"BreadcrumbList","@id":"https:\/\/chicagoinjurylawyer.net\/es\/negligencia-medica\/lesiones-de-nacimiento\/nacimiento-injusto\/#breadcrumb","itemListElement":[{"@type":"ListItem","position":1,"name":"Negligencia M\u00e9dica","item":"https:\/\/chicagoinjurylawyer.net\/es\/negligencia-medica\/"},{"@type":"ListItem","position":2,"name":"Lesiones De Nacimiento","item":"https:\/\/chicagoinjurylawyer.net\/es\/negligencia-medica\/lesiones-de-nacimiento\/"},{"@type":"ListItem","position":3,"name":"Nacimiento Injusto"}]},{"@type":"WebSite","@id":"https:\/\/chicagoinjurylawyer.net\/es\/#website","url":"https:\/\/chicagoinjurylawyer.net\/es\/","name":"Sexner Injury Lawyers LLC","description":"Chicago Personal Injury Attorneys","publisher":{"@id":"https:\/\/chicagoinjurylawyer.net\/es\/#organization"},"potentialAction":[{"@type":"SearchAction","target":{"@type":"EntryPoint","urlTemplate":"https:\/\/chicagoinjurylawyer.net\/es\/?s={search_term_string}"},"query-input":{"@type":"PropertyValueSpecification","valueRequired":true,"valueName":"search_term_string"}}],"inLanguage":"es"},{"@type":"Organization","@id":"https:\/\/chicagoinjurylawyer.net\/es\/#organization","name":"[firm-name]","url":"https:\/\/chicagoinjurylawyer.net\/es\/","logo":{"@type":"ImageObject","inLanguage":"es","@id":"https:\/\/chicagoinjurylawyer.net\/es\/#\/schema\/logo\/image\/","url":"https:\/\/chicagoinjurylawyer.net\/wp-content\/uploads\/2019\/06\/msx-logo-1.png","contentUrl":"https:\/\/chicagoinjurylawyer.net\/wp-content\/uploads\/2019\/06\/msx-logo-1.png","width":180,"height":83,"caption":"[firm-name]"},"image":{"@id":"https:\/\/chicagoinjurylawyer.net\/es\/#\/schema\/logo\/image\/"}}]}},"_links":{"self":[{"href":"https:\/\/chicagoinjurylawyer.net\/es\/wp-json\/wp\/v2\/pages\/33235","targetHints":{"allow":["GET"]}}],"collection":[{"href":"https:\/\/chicagoinjurylawyer.net\/es\/wp-json\/wp\/v2\/pages"}],"about":[{"href":"https:\/\/chicagoinjurylawyer.net\/es\/wp-json\/wp\/v2\/types\/page"}],"author":[{"embeddable":true,"href":"https:\/\/chicagoinjurylawyer.net\/es\/wp-json\/wp\/v2\/users\/1"}],"replies":[{"embeddable":true,"href":"https:\/\/chicagoinjurylawyer.net\/es\/wp-json\/wp\/v2\/comments?post=33235"}],"version-history":[{"count":3,"href":"https:\/\/chicagoinjurylawyer.net\/es\/wp-json\/wp\/v2\/pages\/33235\/revisions"}],"predecessor-version":[{"id":33248,"href":"https:\/\/chicagoinjurylawyer.net\/es\/wp-json\/wp\/v2\/pages\/33235\/revisions\/33248"}],"up":[{"embeddable":true,"href":"https:\/\/chicagoinjurylawyer.net\/es\/wp-json\/wp\/v2\/pages\/7394"}],"wp:attachment":[{"href":"https:\/\/chicagoinjurylawyer.net\/es\/wp-json\/wp\/v2\/media?parent=33235"}],"curies":[{"name":"wp","href":"https:\/\/api.w.org\/{rel}","templated":true}]}}