{"id":33261,"date":"2022-01-25T11:34:12","date_gmt":"2022-01-25T17:34:12","guid":{"rendered":"https:\/\/pi-sexner.tseg.co\/?page_id=33261"},"modified":"2022-01-25T11:34:12","modified_gmt":"2022-01-25T17:34:12","slug":"lesiones-de-organos-internos","status":"publish","type":"page","link":"https:\/\/chicagoinjurylawyer.net\/es\/lesiones-de-organos-internos\/","title":{"rendered":"Lesiones de \u00d3rganos Internos"},"content":{"rendered":"<h1>Abogados de Lesiones de \u00d3rganos Internos en Chicago<\/h1>\n<p><img decoding=\"async\" class=\"alignright wp-image-33256\" src=\"\/wp-content\/uploads\/2022\/01\/Abogados-de-Lesiones-de-O\u0301rganos-Internos-en-Chicago.jpg\" alt=\"Abogados de Lesiones de \u00d3rganos Internos en Chicago\" width=\"400\" height=\"320\" srcset=\"https:\/\/chicagoinjurylawyer.net\/wp-content\/uploads\/2022\/01\/Abogados-de-Lesiones-de-O\u0301rganos-Internos-en-Chicago.jpg 1000w, https:\/\/chicagoinjurylawyer.net\/wp-content\/uploads\/2022\/01\/Abogados-de-Lesiones-de-O\u0301rganos-Internos-en-Chicago-300x240.jpg 300w, https:\/\/chicagoinjurylawyer.net\/wp-content\/uploads\/2022\/01\/Abogados-de-Lesiones-de-O\u0301rganos-Internos-en-Chicago-768x614.jpg 768w\" sizes=\"(max-width: 400px) 100vw, 400px\" \/>Las lesiones de \u00f3rganos internos son emergencias m\u00e9dicas potencialmente mortales. Sin embargo, los s\u00edntomas no siempre son evidentes de inmediato para la v\u00edctima, lo cual es una de las razones por las que es tan importante buscar atenci\u00f3n m\u00e9dica inmediata despu\u00e9s de un <a href=\"\/es\/accidentes-de-trafico\/\">accidente automovil\u00edstico<\/a>, un accidente por <a href=\"\/es\/resbalones-tropiezos-y-caidas\/\">resbal\u00f3n y ca\u00edda<\/a>, o cualquier otro tipo de lesi\u00f3n que pudiera ocasionar este tipo de da\u00f1o. Seg\u00fan WebMD, el trauma puede da\u00f1ar casi cualquier \u00f3rgano del cuerpo y causar hemorragia interna, que puede no ocurrir durante horas o incluso d\u00edas despu\u00e9s del accidente.<\/p>\n<p>Si ha sufrido <a href=\"\/es\/\">lesiones en \u00f3rganos internos<\/a> en un accidente por culpa de otro, tiene derecho a solicitar una indemnizaci\u00f3n total por sus p\u00e9rdidas. En Sexner Injury Lawyers LLC, entendemos que presentar una demanda por lesiones personales en Chicago puede ser lo \u00faltimo que tenga en mente despu\u00e9s de un tr\u00e1gico accidente. Si bien no puede deshacer el da\u00f1o que ha sufrido, recuperar una compensaci\u00f3n puede ayudar a aliviar las cargas financieras que puede enfrentar, incluidos los gastos m\u00e9dicos y la p\u00e9rdida de salarios.<\/p>\n<h2>\u00bfC\u00f3mo Ocurren las Lesiones de \u00d3rganos Internos?<\/h2>\n<p>Dos tipos b\u00e1sicos de traumatismos pueden provocar lesiones en los \u00f3rganos internos:<\/p>\n<ul>\n<li><strong>Traumatismo cerrado<\/strong>: Ocurre cuando una parte del cuerpo choca con un objeto s\u00f3lido que no rompe la piel, a menudo a altas velocidades. Este tipo de trauma es com\u00fan en accidentes de autom\u00f3vil, <a href=\"\/es\/accidentes-de-camiones\/\">cami\u00f3n<\/a> y <a href=\"\/es\/accidente-de-motocicleta\/\">motocicleta<\/a>. Como se informa en el Manual Merck, los traumatismos contusos en los \u00f3rganos internos de la cavidad abdominal pueden ocurrir cuando un ciclista cae sobre el manillar o con la disminuci\u00f3n repentina de la velocidad que ocurre con las ca\u00eddas desde alturas y en los choques de veh\u00edculos motorizados.<\/li>\n<li><strong>Traumatismo penetrante<\/strong>: Un objeto que golpea y penetra el cuerpo tambi\u00e9n puede da\u00f1ar los \u00f3rganos internos. Algunos ejemplos son las heridas de bala, las heridas punzantes y los accidentes industriales o de construcci\u00f3n con objetos punzantes.<\/li>\n<\/ul>\n<p>El traumatismo cerrado puede causar da\u00f1o a los \u00f3rganos internos, incluso cuando no hay huesos rotos o sangrado externo. El coraz\u00f3n y los pulmones pueden lesionarse con un traumatismo contundente en el pecho. Cualquier \u00f3rgano de la cavidad abdominal es vulnerable a traumatismos, incluidos:<\/p>\n<ul>\n<li>\u00d3rganos s\u00f3lidos: h\u00edgado, bazo, ri\u00f1ones y p\u00e1ncreas.<\/li>\n<li>\u00d3rganos huecos: intestino delgado, colon, ur\u00e9teres, vejiga y est\u00f3mago.<\/li>\n<li>Vasos sangu\u00edneos<\/li>\n<li>Pared abdominal<\/li>\n<\/ul>\n<h2>S\u00edntomas de Lesiones de \u00d3rganos Internos<\/h2>\n<p>Dependiendo del \u00f3rgano y la naturaleza de la lesi\u00f3n, los s\u00edntomas del da\u00f1o a los \u00f3rganos internos pueden incluir:<\/p>\n<ul>\n<li>Sensibilidad o dolor abdominal leve<\/li>\n<li>Dolor que se irradia al hombro izquierdo (con lesi\u00f3n del bazo)<\/li>\n<li>Dolor m\u00ednimo pero que empeora constantemente (con un desgarro en el intestino delgado)<\/li>\n<li>Sangre en la orina (con lesi\u00f3n de ri\u00f1\u00f3n o vejiga)<\/li>\n<li>Abdomen hinchado (con hemorragia interna)<\/li>\n<li>Respiraci\u00f3n r\u00e1pida; frecuencia card\u00edaca r\u00e1pida; transpiraci\u00f3n; piel fr\u00eda, h\u00fameda, p\u00e1lida o azulada; confusi\u00f3n; o bajo estado de alerta (con p\u00e9rdida significativa de sangre)<\/li>\n<li>Desmayos, mareos o aturdimiento (con hemorragia interna)<\/li>\n<li>Equimosis - una gran \u00e1rea de piel de color p\u00farpura oscuro (con sangrado en los tejidos blandos y la piel)<\/li>\n<\/ul>\n<h2>Ayuda Legal en Chicago para Lesiones Graves de \u00d3rganos Internos<\/h2>\n<p>Los cuerpos son organismos fr\u00e1giles, no dise\u00f1ados para resistir el tremendo impacto de un accidente automovil\u00edstico, una ca\u00edda desde una altura o un aplastante <a href=\"\/es\/compensacion-de-trabajadores\/accidentes-en-la-construccion\/\">accidente industrial<\/a>. Si el da\u00f1o a los \u00f3rganos internos ocurre en un accidente que es el resultado de un acto de negligencia, nuestro equipo legal dedicado en Sexner Injury Lawyers LLC puede ayudarlo a obtener la compensaci\u00f3n que necesita para recuperarse de sus lesiones y ayudarlo a recuperar su vida. volver sobre la pista. Llame a nuestros abogados de lesiones de \u00f3rganos internos en Chicago hoy mismo al n\u00famero gratuito <a href=\"tel:3122439922\">(312) 243-9922<\/a> para obtener asesoramiento legal gratuito sobre su caso.<\/p>\n","protected":false},"excerpt":{"rendered":"<p>Abogados de Lesiones de \u00d3rganos Internos en Chicago Las lesiones de \u00f3rganos internos son emergencias m\u00e9dicas potencialmente mortales. Sin embargo, los s\u00edntomas no siempre son evidentes de inmediato para la v\u00edctima, lo cual es una de las razones por las que es tan importante buscar atenci\u00f3n m\u00e9dica inmediata despu\u00e9s de un accidente automovil\u00edstico, un accidente [&hellip;]<\/p>\n","protected":false},"author":1,"featured_media":0,"parent":0,"menu_order":0,"comment_status":"closed","ping_status":"closed","template":"","meta":{"_acf_changed":false,"footnotes":""},"class_list":["post-33261","page","type-page","status-publish","hentry"],"acf":[],"yoast_head":"<!-- This site is optimized with the Yoast SEO plugin v27.3 - https:\/\/yoast.com\/product\/yoast-seo-wordpress\/ -->\n<title>Abogados de Lesiones de \u00d3rganos Internos en Chicago - Sexner Injury Lawyers LLC<\/title>\n<meta name=\"description\" content=\"Si el da\u00f1o a los \u00f3rganos internos ocurre en un accidente que es el resultado de un acto de negligencia, nuestro equipo legal dedicado en Sexner Injury Lawyers LLC puede ayudarlo a obtener la compensaci\u00f3n que necesita\" \/>\n<meta name=\"robots\" content=\"index, follow, max-snippet:-1, max-image-preview:large, max-video-preview:-1\" \/>\n<link rel=\"canonical\" href=\"https:\/\/chicagoinjurylawyer.net\/es\/lesiones-de-organos-internos\/\" \/>\n<meta property=\"og:locale\" content=\"es_ES\" \/>\n<meta property=\"og:type\" content=\"article\" \/>\n<meta property=\"og:title\" content=\"Abogados de Lesiones de \u00d3rganos Internos en Chicago - Sexner Injury Lawyers LLC\" \/>\n<meta property=\"og:description\" content=\"Si el da\u00f1o a los \u00f3rganos internos ocurre en un accidente que es el resultado de un acto de negligencia, nuestro equipo legal dedicado en Sexner Injury Lawyers LLC puede ayudarlo a obtener la compensaci\u00f3n que necesita\" \/>\n<meta property=\"og:url\" content=\"https:\/\/chicagoinjurylawyer.net\/es\/lesiones-de-organos-internos\/\" \/>\n<meta property=\"og:site_name\" content=\"Sexner Injury Lawyers LLC\" \/>\n<meta property=\"og:image\" content=\"https:\/\/chicagoinjurylawyer.net\/wp-content\/uploads\/2022\/01\/Abogados-de-Lesiones-de-O\u0301rganos-Internos-en-Chicago.jpg\" \/>\n<meta name=\"twitter:card\" content=\"summary_large_image\" \/>\n<meta name=\"twitter:label1\" content=\"Tiempo de lectura\" \/>\n\t<meta name=\"twitter:data1\" content=\"3 minutos\" \/>\n<!-- \/ Yoast SEO plugin. -->","yoast_head_json":{"title":"Abogados de Lesiones de \u00d3rganos Internos en Chicago - Sexner Injury Lawyers LLC","description":"Si el da\u00f1o a los \u00f3rganos internos ocurre en un accidente que es el resultado de un acto de negligencia, nuestro equipo legal dedicado en Sexner Injury Lawyers LLC puede ayudarlo a obtener la compensaci\u00f3n que necesita","robots":{"index":"index","follow":"follow","max-snippet":"max-snippet:-1","max-image-preview":"max-image-preview:large","max-video-preview":"max-video-preview:-1"},"canonical":"https:\/\/chicagoinjurylawyer.net\/es\/lesiones-de-organos-internos\/","og_locale":"es_ES","og_type":"article","og_title":"Abogados de Lesiones de \u00d3rganos Internos en Chicago - Sexner Injury Lawyers LLC","og_description":"Si el da\u00f1o a los \u00f3rganos internos ocurre en un accidente que es el resultado de un acto de negligencia, nuestro equipo legal dedicado en Sexner Injury Lawyers LLC puede ayudarlo a obtener la compensaci\u00f3n que necesita","og_url":"https:\/\/chicagoinjurylawyer.net\/es\/lesiones-de-organos-internos\/","og_site_name":"Sexner Injury Lawyers LLC","og_image":[{"url":"https:\/\/chicagoinjurylawyer.net\/wp-content\/uploads\/2022\/01\/Abogados-de-Lesiones-de-O\u0301rganos-Internos-en-Chicago.jpg","type":"","width":"","height":""}],"twitter_card":"summary_large_image","twitter_misc":{"Tiempo de lectura":"3 minutos"},"schema":{"@context":"https:\/\/schema.org","@graph":[{"@type":"WebPage","@id":"https:\/\/chicagoinjurylawyer.net\/es\/lesiones-de-organos-internos\/","url":"https:\/\/chicagoinjurylawyer.net\/es\/lesiones-de-organos-internos\/","name":"Abogados de Lesiones de \u00d3rganos Internos en Chicago - Sexner Injury Lawyers LLC","isPartOf":{"@id":"https:\/\/chicagoinjurylawyer.net\/es\/#website"},"datePublished":"2022-01-25T17:34:12+00:00","description":"Si el da\u00f1o a los \u00f3rganos internos ocurre en un accidente que es el resultado de un acto de negligencia, nuestro equipo legal dedicado en [firm-name] puede ayudarlo a obtener la compensaci\u00f3n que necesita","inLanguage":"es","potentialAction":[{"@type":"ReadAction","target":["https:\/\/chicagoinjurylawyer.net\/es\/lesiones-de-organos-internos\/"]}]},{"@type":"WebSite","@id":"https:\/\/chicagoinjurylawyer.net\/es\/#website","url":"https:\/\/chicagoinjurylawyer.net\/es\/","name":"Sexner Injury Lawyers LLC","description":"Chicago Personal Injury Attorneys","publisher":{"@id":"https:\/\/chicagoinjurylawyer.net\/es\/#organization"},"potentialAction":[{"@type":"SearchAction","target":{"@type":"EntryPoint","urlTemplate":"https:\/\/chicagoinjurylawyer.net\/es\/?s={search_term_string}"},"query-input":{"@type":"PropertyValueSpecification","valueRequired":true,"valueName":"search_term_string"}}],"inLanguage":"es"},{"@type":"Organization","@id":"https:\/\/chicagoinjurylawyer.net\/es\/#organization","name":"[firm-name]","url":"https:\/\/chicagoinjurylawyer.net\/es\/","logo":{"@type":"ImageObject","inLanguage":"es","@id":"https:\/\/chicagoinjurylawyer.net\/es\/#\/schema\/logo\/image\/","url":"https:\/\/chicagoinjurylawyer.net\/wp-content\/uploads\/2019\/06\/msx-logo-1.png","contentUrl":"https:\/\/chicagoinjurylawyer.net\/wp-content\/uploads\/2019\/06\/msx-logo-1.png","width":180,"height":83,"caption":"[firm-name]"},"image":{"@id":"https:\/\/chicagoinjurylawyer.net\/es\/#\/schema\/logo\/image\/"}}]}},"_links":{"self":[{"href":"https:\/\/chicagoinjurylawyer.net\/es\/wp-json\/wp\/v2\/pages\/33261","targetHints":{"allow":["GET"]}}],"collection":[{"href":"https:\/\/chicagoinjurylawyer.net\/es\/wp-json\/wp\/v2\/pages"}],"about":[{"href":"https:\/\/chicagoinjurylawyer.net\/es\/wp-json\/wp\/v2\/types\/page"}],"author":[{"embeddable":true,"href":"https:\/\/chicagoinjurylawyer.net\/es\/wp-json\/wp\/v2\/users\/1"}],"replies":[{"embeddable":true,"href":"https:\/\/chicagoinjurylawyer.net\/es\/wp-json\/wp\/v2\/comments?post=33261"}],"version-history":[{"count":2,"href":"https:\/\/chicagoinjurylawyer.net\/es\/wp-json\/wp\/v2\/pages\/33261\/revisions"}],"predecessor-version":[{"id":33264,"href":"https:\/\/chicagoinjurylawyer.net\/es\/wp-json\/wp\/v2\/pages\/33261\/revisions\/33264"}],"wp:attachment":[{"href":"https:\/\/chicagoinjurylawyer.net\/es\/wp-json\/wp\/v2\/media?parent=33261"}],"curies":[{"name":"wp","href":"https:\/\/api.w.org\/{rel}","templated":true}]}}