{"id":33266,"date":"2022-01-25T13:29:45","date_gmt":"2022-01-25T19:29:45","guid":{"rendered":"https:\/\/pi-sexner.tseg.co\/?page_id=33266"},"modified":"2022-01-25T13:29:45","modified_gmt":"2022-01-25T19:29:45","slug":"companias-de-seguros","status":"publish","type":"page","link":"https:\/\/chicagoinjurylawyer.net\/es\/negligencia-medica\/companias-de-seguros\/","title":{"rendered":"Compa\u00f1\u00edas de Seguros por Negligencia M\u00e9dica"},"content":{"rendered":"<h1>Compa\u00f1\u00edas de Seguros por Negligencia M\u00e9dica<\/h1>\n<p>Estas aseguradoras m\u00e9dicas especializadas, a menudo denominadas compa\u00f1\u00edas de seguros de responsabilidad profesional, son de naturaleza completamente diferente a las t\u00edpicas compa\u00f1\u00edas de seguros de autom\u00f3viles y viviendas con las que puede haber tenido contacto en el pasado. Y a diferencia de un reclamo por accidente menor, para prevalecer en un caso de negligencia, un abogado con experiencia en <a href=\"\/es\/negligencia-medica\/\">negligencia m\u00e9dica en Chicago<\/a> generalmente se considera absolutamente vital.<\/p>\n<img decoding=\"async\" class=\"aligncenter size-full wp-image-33267\" src=\"\/wp-content\/uploads\/2022\/01\/Compan\u0303i\u0301as-de-Seguros.jpg\" alt=\"Compa\u00f1\u00edas de Seguros\" width=\"1000\" height=\"667\" srcset=\"https:\/\/chicagoinjurylawyer.net\/wp-content\/uploads\/2022\/01\/Compan\u0303i\u0301as-de-Seguros.jpg 1000w, https:\/\/chicagoinjurylawyer.net\/wp-content\/uploads\/2022\/01\/Compan\u0303i\u0301as-de-Seguros-300x200.jpg 300w, https:\/\/chicagoinjurylawyer.net\/wp-content\/uploads\/2022\/01\/Compan\u0303i\u0301as-de-Seguros-768x512.jpg 768w\" sizes=\"(max-width: 1000px) 100vw, 1000px\" \/>\n<p>Entonces, \u00bfqui\u00e9nes son estas empresas que aseguran a m\u00e9dicos y hospitales? Los nombres de estas compa\u00f1\u00edas no son nombres familiares como State Farm, Allstate o Farmers Insurance. No publican anuncios en la televisi\u00f3n ni ponen anuncios en revistas que probablemente usted tenga la oportunidad de leer. Algunos nombres incluyen:<\/p>\n<ul>\n<li>The Doctors Company<\/li>\n<li>Medicus Insurance Company<\/li>\n<li>United National Insurance Company<\/li>\n<li>Medical Protective Insurance Company\/MedPro Group<\/li>\n<li>Professional Underwriters Liability Insurance Company (PULIC)<\/li>\n<li>ProAssurance<\/li>\n<li>Capitol Specialty Insurance Company<\/li>\n<li>Ace<\/li>\n<li>Admiral Insurance Company<\/li>\n<li>Anesthesiologists Professional Assurance Company (APAC)<\/li>\n<li>Capitol Specialty Insurance Company<\/li>\n<li>Executive Risk (Chubb)<\/li>\n<li>American Physicians Insurance Company (API)<\/li>\n<li>General Star Indemnity Company<\/li>\n<li>Arch<\/li>\n<li>Care Professional Liability RRG<\/li>\n<li>Catlin Insurance Company Limited<\/li>\n<li>Hudson Insurance Company<\/li>\n<li>Lexington Insurance Company<\/li>\n<li>Lloyd\u2019s of London<\/li>\n<li>National Fire &amp; Marine<\/li>\n<li>James River Insurance Company<\/li>\n<\/ul>\n<p>Si la mayor\u00eda de los nombres de estas compa\u00f1\u00edas de seguros no le resultan familiares, es por una buena raz\u00f3n. Estas aseguradoras de responsabilidad profesional preferir\u00edan que usted nunca supiera qui\u00e9nes son o c\u00f3mo comunicarse con ellos.<\/p>\n<h2>\u00bfC\u00f3mo Encuentro la Compa\u00f1\u00eda de Seguros de Mi M\u00e9dico o del Hospital?<\/h2>\n<p><img decoding=\"async\" class=\"alignright wp-image-33269\" src=\"\/wp-content\/uploads\/2022\/01\/Seguros-por-Negligencia-Me\u0301dica.jpg\" alt=\"Seguros por Negligencia M\u00e9dica\" width=\"400\" height=\"267\" srcset=\"https:\/\/chicagoinjurylawyer.net\/wp-content\/uploads\/2022\/01\/Seguros-por-Negligencia-Me\u0301dica.jpg 1000w, https:\/\/chicagoinjurylawyer.net\/wp-content\/uploads\/2022\/01\/Seguros-por-Negligencia-Me\u0301dica-300x200.jpg 300w, https:\/\/chicagoinjurylawyer.net\/wp-content\/uploads\/2022\/01\/Seguros-por-Negligencia-Me\u0301dica-768x512.jpg 768w\" sizes=\"(max-width: 400px) 100vw, 400px\" \/>Si tuvo un <a href=\"\/es\/accidentes-de-trafico\/\">accidente automovil\u00edstico<\/a>, es probable que se llamara a la polic\u00eda al lugar del accidente y le pidieran a cada conductor la informaci\u00f3n de su seguro. Luego se prepar\u00f3 un informe escrito del accidente y, de forma gratuita o por unos pocos d\u00f3lares, dicho documento estar\u00eda disponible para solicitarlo. En este papel, podr\u00e1 encontrar r\u00e1pidamente el nombre y el n\u00famero de p\u00f3liza del otro conductor. Incluso si no se llam\u00f3 a un oficial a la escena, la ley en muchos estados, incluido Illinois, requiere que el otro conductor le revele inmediatamente la informaci\u00f3n de su seguro. Sencillo.<\/p>\n<p>\u00bfQu\u00e9 pasa si <a href=\"\/es\/resbalones-tropiezos-y-caidas\/\">resbal\u00f3 y cay\u00f3<\/a> en la tienda de comestibles o tropez\u00f3 en la casa de alguien? Con frecuencia, basta con decirle al propietario que se lesion\u00f3 o informar del accidente al gerente de la tienda para que la otra parte se comunique con su aseguradora. La aseguradora probablemente se comunicar\u00e1 con usted con la esperanza de resolver el caso (aunque lo m\u00e1s probable es que busque una cifra monetaria r\u00e1pida y baja). Pero al menos probablemente se enterar\u00e1 de la identidad de la aseguradora y podr\u00eda darle esa informaci\u00f3n a su abogado.<\/p>\n<p>Pero, \u00bfqu\u00e9 pasar\u00eda si creyera que un m\u00e9dico, una enfermera o un hospital lo ha lastimado o, peor a\u00fan, ha <a href=\"\/es\/muerte-injusta\/\">causado la muerte<\/a> de un ser querido? \u00bfQu\u00e9 pasa si llama a ese consultorio m\u00e9dico y pregunta el nombre de su aseguradora para poder discutir el asunto? Las posibilidades de que el proveedor m\u00e9dico le revele el nombre o la informaci\u00f3n de contacto de su aseguradora ser\u00edan incre\u00edblemente peque\u00f1as.<\/p>\n<h2>\u00bfC\u00f3mo se Puede Contactar a una Aseguradora M\u00e9dica?<\/h2>\n<p>Los casos de negligencia m\u00e9dica son completamente diferentes de los casos de lesiones menores o accidentes automovil\u00edsticos en los que la aseguradora puede estar dispuesta a llegar r\u00e1pida y justamente a un peque\u00f1o acuerdo sin la ayuda de un abogado. Estas compa\u00f1\u00edas de seguros especializadas simplemente no est\u00e1n en el negocio de admitir responsabilidad o entregar dinero. Y el m\u00e9dico u hospital negligente simplemente preferir\u00eda que usted nunca hablara con su aseguradora en primer lugar. Por lo tanto, es muy poco probable que alguna vez le digan el nombre de su compa\u00f1\u00eda de seguros. Les preocupa mucho que usted presente una reclamaci\u00f3n y que, como resultado, sus tarifas de seguro aumenten. En resumen, les gustar\u00eda que simplemente se fuera.<\/p>\n<p>Y en muchos, muchos casos, el asegurador de responsabilidad profesional de hecho se sale con la suya. Si una parte lesionada intenta sin \u00e9xito aprender el nombre de la aseguradora, generalmente se desgasta y desaparece. Eso es bueno para el m\u00e9dico y eso es bueno para su compa\u00f1\u00eda de seguros.<\/p>\n<p>Pero \u00bfqu\u00e9 sucede si de hecho encuentra la informaci\u00f3n de contacto de la aseguradora? Las posibilidades de que pueda negociar con \u00e9xito un acuerdo sin la ayuda de un abogado con experiencia en negligencia m\u00e9dica son muy, muy peque\u00f1as. Ver\u00e1, la aseguradora es una empresa que genera m\u00e1s dinero para sus accionistas cuanto menos dinero paga. Y la aseguradora no se gu\u00eda por \"lo que es correcto\", \"lo que es justo\" o \"qui\u00e9n fue perjudicado\" por la negligencia de su proveedor m\u00e9dico asegurado. Solo los impulsa el temor de que un juez o jurado en la corte le otorgue m\u00e1s adelante m\u00e1s de lo que esperaban o estaban dispuestos a pagar.<\/p>\n<h2>Entonces, \u00bfQu\u00e9 Impulsa a la Aseguradora a Discutir la Conciliaci\u00f3n?<\/h2>\n<p>Si puede ponerse en contacto con la aseguradora, \u00bftemer\u00e1n que esto suceda? \u00bfTemer\u00e1n que usted mismo los demande con \u00e9xito y que consideren un acuerdo para evitar esa posibilidad? Para nada. Saben muy bien que el proceso de demandar a un proveedor m\u00e9dico en la corte es un esfuerzo muy t\u00e9cnico y que generalmente solo un abogado experimentado en negligencia m\u00e9dica tiene el conocimiento para tener \u00e9xito. Saben que pocos ciudadanos regulares pueden navegar por el proceso de una demanda regular, y mucho menos una demanda por negligencia m\u00e9dica que tiene a\u00fan m\u00e1s requisitos para presentar. De modo que sus palabras por s\u00ed solas no infundir\u00e1n miedo en la compa\u00f1\u00eda de seguros. Como tal, es casi seguro que le ofrecer\u00e1n cero d\u00f3lares.<\/p>\n<p>Pero peor que eso, puede da\u00f1ar seriamente su caso en el proceso. Sabiendo desde el principio que tienen la intenci\u00f3n de ofrecerle cero d\u00f3lares, es probable que le pidan una declaraci\u00f3n escrita o grabada o documentos que no le conviene proporcionar. Si m\u00e1s adelante consigue que un abogado acepte su caso, es posible que estas acciones perjudiquen sus posibilidades de \u00e9xito en el futuro.<\/p>\n<p>Aunque las negociaciones directas con una aseguradora a veces dan como resultado un acuerdo adecuado para un accidente menor con poca o ninguna lesi\u00f3n, una aseguradora por negligencia m\u00e9dica es tan diferente como las manzanas a las naranjas. Mientras que una llamada o carta de un paciente o de la familia del paciente generalmente no arrojar\u00e1 resultados y posiblemente da\u00f1ar\u00e1 el caso subyacente, un contacto de un abogado m\u00e9dico experimentado seguramente llamar\u00e1 su atenci\u00f3n y proporcionar\u00e1 la informaci\u00f3n de contacto de la aseguradora m\u00e9dica.<\/p>\n<h2>La Experiencia y la Historia de Resultados Positivos Ganan el D\u00eda<\/h2>\n<p><img decoding=\"async\" class=\"alignright wp-image-33271\" src=\"\/wp-content\/uploads\/2022\/01\/Compan\u0303i\u0301as-de-Seguros-por-Negligencia-Me\u0301dica.jpg\" alt=\"Compa\u00f1\u00edas de Seguros por Negligencia M\u00e9dica\" width=\"400\" height=\"267\" srcset=\"https:\/\/chicagoinjurylawyer.net\/wp-content\/uploads\/2022\/01\/Compan\u0303i\u0301as-de-Seguros-por-Negligencia-Me\u0301dica.jpg 1000w, https:\/\/chicagoinjurylawyer.net\/wp-content\/uploads\/2022\/01\/Compan\u0303i\u0301as-de-Seguros-por-Negligencia-Me\u0301dica-300x200.jpg 300w, https:\/\/chicagoinjurylawyer.net\/wp-content\/uploads\/2022\/01\/Compan\u0303i\u0301as-de-Seguros-por-Negligencia-Me\u0301dica-768x512.jpg 768w\" sizes=\"(max-width: 400px) 100vw, 400px\" \/>Notar\u00e1 que mencion\u00e9 \"abogado con experiencia\". Las compa\u00f1\u00edas de seguros saben qu\u00e9 abogados saben lo que est\u00e1n haciendo y cu\u00e1les no. Saben qu\u00e9 abogados simplemente \"sacuden el \u00e1rbol\" para ver si se cae el dinero y luego abandonan el caso dejando que sus clientes se las arreglen por s\u00ed mismos, luego pasan al siguiente \"\u00e1rbol\". Pero tambi\u00e9n saben qu\u00e9 abogados han manejado casos similares de negligencia m\u00e9dica antes, han <a href=\"\/es\/nuestro-exito\/negligencia-medica-de-cirugia-cerebral\/\">recaudado millones de d\u00f3lares<\/a> para sus clientes que lo merecen y que tienen los recursos y el conocimiento para llevar el caso hasta el final, incluso si lleva a\u00f1os hacerlo. Eso es lo que distingue a los \"mejores del resto\". Las compa\u00f1\u00edas de seguros lo saben y esto es lo que finalmente gana.<\/p>\n<p>As\u00ed que llame ahora y hable con nuestro <a href=\"\/es\/\">experimentado equipo legal en negligencia m\u00e9dica<\/a> que ha recaudado muchos millones de d\u00f3lares para nuestros clientes y sabe c\u00f3mo representarlo mejor en su b\u00fasqueda de justicia. Estamos disponibles las 24 horas del d\u00eda al <a href=\"tel:3122439922\">(312) 243-9922<\/a>. Llama ahora.<\/p>\n","protected":false},"excerpt":{"rendered":"<p>Compa\u00f1\u00edas de Seguros por Negligencia M\u00e9dica Estas aseguradoras m\u00e9dicas especializadas, a menudo denominadas compa\u00f1\u00edas de seguros de responsabilidad profesional, son de naturaleza completamente diferente a las t\u00edpicas compa\u00f1\u00edas de seguros de autom\u00f3viles y viviendas con las que puede haber tenido contacto en el pasado. Y a diferencia de un reclamo por accidente menor, para prevalecer [&hellip;]<\/p>\n","protected":false},"author":1,"featured_media":0,"parent":7370,"menu_order":0,"comment_status":"closed","ping_status":"closed","template":"","meta":{"_acf_changed":false,"footnotes":""},"class_list":["post-33266","page","type-page","status-publish","hentry"],"acf":[],"yoast_head":"<!-- This site is optimized with the Yoast SEO plugin v27.4 - https:\/\/yoast.com\/product\/yoast-seo-wordpress\/ -->\n<title>Compa\u00f1\u00edas de Seguros por Negligencia M\u00e9dica - Sexner Injury Lawyers LLC<\/title>\n<meta name=\"description\" content=\"\u00bfQui\u00e9nes son estas empresas que aseguran a m\u00e9dicos y hospitales? No publican anuncios en la televisi\u00f3n ni ponen anuncios en revistas que probablemente usted tenga la oportunidad de leer.\" \/>\n<meta name=\"robots\" content=\"index, follow, max-snippet:-1, max-image-preview:large, max-video-preview:-1\" \/>\n<link rel=\"canonical\" href=\"https:\/\/chicagoinjurylawyer.net\/es\/negligencia-medica\/companias-de-seguros\/\" \/>\n<meta property=\"og:locale\" content=\"es_ES\" \/>\n<meta property=\"og:type\" content=\"article\" \/>\n<meta property=\"og:title\" content=\"Compa\u00f1\u00edas de Seguros por Negligencia M\u00e9dica - Sexner Injury Lawyers LLC\" \/>\n<meta property=\"og:description\" content=\"\u00bfQui\u00e9nes son estas empresas que aseguran a m\u00e9dicos y hospitales? No publican anuncios en la televisi\u00f3n ni ponen anuncios en revistas que probablemente usted tenga la oportunidad de leer.\" \/>\n<meta property=\"og:url\" content=\"https:\/\/chicagoinjurylawyer.net\/es\/negligencia-medica\/companias-de-seguros\/\" \/>\n<meta property=\"og:site_name\" content=\"Sexner Injury Lawyers LLC\" \/>\n<meta property=\"og:image\" content=\"https:\/\/chicagoinjurylawyer.net\/wp-content\/uploads\/2022\/01\/Compan\u0303i\u0301as-de-Seguros.jpg\" \/>\n<meta name=\"twitter:card\" content=\"summary_large_image\" \/>\n<meta name=\"twitter:label1\" content=\"Tiempo de lectura\" \/>\n\t<meta name=\"twitter:data1\" content=\"7 minutos\" \/>\n<!-- \/ Yoast SEO plugin. -->","yoast_head_json":{"title":"Compa\u00f1\u00edas de Seguros por Negligencia M\u00e9dica - Sexner Injury Lawyers LLC","description":"\u00bfQui\u00e9nes son estas empresas que aseguran a m\u00e9dicos y hospitales? No publican anuncios en la televisi\u00f3n ni ponen anuncios en revistas que probablemente usted tenga la oportunidad de leer.","robots":{"index":"index","follow":"follow","max-snippet":"max-snippet:-1","max-image-preview":"max-image-preview:large","max-video-preview":"max-video-preview:-1"},"canonical":"https:\/\/chicagoinjurylawyer.net\/es\/negligencia-medica\/companias-de-seguros\/","og_locale":"es_ES","og_type":"article","og_title":"Compa\u00f1\u00edas de Seguros por Negligencia M\u00e9dica - Sexner Injury Lawyers LLC","og_description":"\u00bfQui\u00e9nes son estas empresas que aseguran a m\u00e9dicos y hospitales? No publican anuncios en la televisi\u00f3n ni ponen anuncios en revistas que probablemente usted tenga la oportunidad de leer.","og_url":"https:\/\/chicagoinjurylawyer.net\/es\/negligencia-medica\/companias-de-seguros\/","og_site_name":"Sexner Injury Lawyers LLC","og_image":[{"url":"https:\/\/chicagoinjurylawyer.net\/wp-content\/uploads\/2022\/01\/Compan\u0303i\u0301as-de-Seguros.jpg","type":"","width":"","height":""}],"twitter_card":"summary_large_image","twitter_misc":{"Tiempo de lectura":"7 minutos"},"schema":{"@context":"https:\/\/schema.org","@graph":[{"@type":"WebPage","@id":"https:\/\/chicagoinjurylawyer.net\/es\/negligencia-medica\/companias-de-seguros\/","url":"https:\/\/chicagoinjurylawyer.net\/es\/negligencia-medica\/companias-de-seguros\/","name":"Compa\u00f1\u00edas de Seguros por Negligencia M\u00e9dica - Sexner Injury Lawyers LLC","isPartOf":{"@id":"https:\/\/chicagoinjurylawyer.net\/es\/#website"},"datePublished":"2022-01-25T19:29:45+00:00","description":"\u00bfQui\u00e9nes son estas empresas que aseguran a m\u00e9dicos y hospitales? No publican anuncios en la televisi\u00f3n ni ponen anuncios en revistas que probablemente usted tenga la oportunidad de leer.","breadcrumb":{"@id":"https:\/\/chicagoinjurylawyer.net\/es\/negligencia-medica\/companias-de-seguros\/#breadcrumb"},"inLanguage":"es","potentialAction":[{"@type":"ReadAction","target":["https:\/\/chicagoinjurylawyer.net\/es\/negligencia-medica\/companias-de-seguros\/"]}]},{"@type":"BreadcrumbList","@id":"https:\/\/chicagoinjurylawyer.net\/es\/negligencia-medica\/companias-de-seguros\/#breadcrumb","itemListElement":[{"@type":"ListItem","position":1,"name":"Negligencia M\u00e9dica","item":"https:\/\/chicagoinjurylawyer.net\/es\/negligencia-medica\/"},{"@type":"ListItem","position":2,"name":"Compa\u00f1\u00edas de Seguros por Negligencia M\u00e9dica"}]},{"@type":"WebSite","@id":"https:\/\/chicagoinjurylawyer.net\/es\/#website","url":"https:\/\/chicagoinjurylawyer.net\/es\/","name":"Sexner Injury Lawyers LLC","description":"Chicago Personal Injury Attorneys","publisher":{"@id":"https:\/\/chicagoinjurylawyer.net\/es\/#organization"},"potentialAction":[{"@type":"SearchAction","target":{"@type":"EntryPoint","urlTemplate":"https:\/\/chicagoinjurylawyer.net\/es\/?s={search_term_string}"},"query-input":{"@type":"PropertyValueSpecification","valueRequired":true,"valueName":"search_term_string"}}],"inLanguage":"es"},{"@type":"Organization","@id":"https:\/\/chicagoinjurylawyer.net\/es\/#organization","name":"[firm-name]","url":"https:\/\/chicagoinjurylawyer.net\/es\/","logo":{"@type":"ImageObject","inLanguage":"es","@id":"https:\/\/chicagoinjurylawyer.net\/es\/#\/schema\/logo\/image\/","url":"https:\/\/chicagoinjurylawyer.net\/wp-content\/uploads\/2019\/06\/msx-logo-1.png","contentUrl":"https:\/\/chicagoinjurylawyer.net\/wp-content\/uploads\/2019\/06\/msx-logo-1.png","width":180,"height":83,"caption":"[firm-name]"},"image":{"@id":"https:\/\/chicagoinjurylawyer.net\/es\/#\/schema\/logo\/image\/"}}]}},"_links":{"self":[{"href":"https:\/\/chicagoinjurylawyer.net\/es\/wp-json\/wp\/v2\/pages\/33266","targetHints":{"allow":["GET"]}}],"collection":[{"href":"https:\/\/chicagoinjurylawyer.net\/es\/wp-json\/wp\/v2\/pages"}],"about":[{"href":"https:\/\/chicagoinjurylawyer.net\/es\/wp-json\/wp\/v2\/types\/page"}],"author":[{"embeddable":true,"href":"https:\/\/chicagoinjurylawyer.net\/es\/wp-json\/wp\/v2\/users\/1"}],"replies":[{"embeddable":true,"href":"https:\/\/chicagoinjurylawyer.net\/es\/wp-json\/wp\/v2\/comments?post=33266"}],"version-history":[{"count":1,"href":"https:\/\/chicagoinjurylawyer.net\/es\/wp-json\/wp\/v2\/pages\/33266\/revisions"}],"predecessor-version":[{"id":33273,"href":"https:\/\/chicagoinjurylawyer.net\/es\/wp-json\/wp\/v2\/pages\/33266\/revisions\/33273"}],"up":[{"embeddable":true,"href":"https:\/\/chicagoinjurylawyer.net\/es\/wp-json\/wp\/v2\/pages\/7370"}],"wp:attachment":[{"href":"https:\/\/chicagoinjurylawyer.net\/es\/wp-json\/wp\/v2\/media?parent=33266"}],"curies":[{"name":"wp","href":"https:\/\/api.w.org\/{rel}","templated":true}]}}