{"id":33289,"date":"2022-01-25T15:44:41","date_gmt":"2022-01-25T21:44:41","guid":{"rendered":"https:\/\/pi-sexner.tseg.co\/?page_id=33289"},"modified":"2022-01-25T16:05:18","modified_gmt":"2022-01-25T22:05:18","slug":"microcefalia","status":"publish","type":"page","link":"https:\/\/chicagoinjurylawyer.net\/es\/defectos-de-nacimiento\/microcefalia\/","title":{"rendered":"Microcefalia"},"content":{"rendered":"<h1>Los Mejores Abogados de Microcefalia de Chicago<\/h1>\n<p><img decoding=\"async\" class=\"alignright wp-image-33290\" src=\"\/wp-content\/uploads\/2022\/01\/Los-Mejores-Abogados-de-Microcefalia-de-Chicago.jpg\" alt=\"Los Mejores Abogados de Microcefalia de Chicago\" width=\"400\" height=\"267\" srcset=\"https:\/\/chicagoinjurylawyer.net\/wp-content\/uploads\/2022\/01\/Los-Mejores-Abogados-de-Microcefalia-de-Chicago.jpg 1000w, https:\/\/chicagoinjurylawyer.net\/wp-content\/uploads\/2022\/01\/Los-Mejores-Abogados-de-Microcefalia-de-Chicago-300x200.jpg 300w, https:\/\/chicagoinjurylawyer.net\/wp-content\/uploads\/2022\/01\/Los-Mejores-Abogados-de-Microcefalia-de-Chicago-768x512.jpg 768w\" sizes=\"(max-width: 400px) 100vw, 400px\" \/>La microcefalia es una afecci\u00f3n m\u00e9dica que provoca que la cabeza del beb\u00e9 sea m\u00e1s peque\u00f1a de lo que se considera normal. A medida que el cerebro de un beb\u00e9 crece durante el embarazo, la cabeza del beb\u00e9 tambi\u00e9n crece. Pero cuando el cerebro deja de crecer o no crece con normalidad, el cr\u00e1neo generalmente tambi\u00e9n se volver\u00e1 m\u00e1s peque\u00f1o. Esta afecci\u00f3n suele ser cong\u00e9nita, aunque tambi\u00e9n puede ser el resultado de influencias externas o lesiones durante el embarazo o incluso despu\u00e9s del nacimiento. La microcefalia grave se relaciona con una forma m\u00e1s extrema en la que la cabeza es a\u00fan m\u00e1s peque\u00f1a.<\/p>\n<p>Ahora se sabe que el virus del Zika presenta el riesgo de que un ni\u00f1o nazca con microcefalia, pero esta afecci\u00f3n tambi\u00e9n se ha relacionado con ciertos productos farmac\u00e9uticos, espec\u00edficamente la clase de antidepresivos ISRS, que con frecuencia se recetan a mujeres embarazadas. Si su hijo naci\u00f3 con esta afecci\u00f3n, los abogados de defectos cong\u00e9nitos de <a href=\"\/es\/\">Sexner Injury Lawyers LLC<\/a> en Chicago pueden brindarle la ayuda que necesita. Cont\u00e1ctenos al <a href=\"tel:3122439922\">(312) 243-9922<\/a> para una consulta gratuita.<\/p>\n<h2>Los S\u00edntomas de la Microcefalia<\/h2>\n<p>Adem\u00e1s de la indicaci\u00f3n visual obvia de un tama\u00f1o de cabeza m\u00e1s peque\u00f1o, otros s\u00edntomas pueden incluir:<\/p>\n<ul>\n<li>Llanto agudo<\/li>\n<li>Un fracaso para prosperar<\/li>\n<li>Contracciones musculares involuntarias conocidas como espasticidad.<\/li>\n<li>Incapacidad para alimentarse adecuadamente \/ falta de apetito<\/li>\n<li>Medici\u00f3n de la circunferencia de la cabeza mediante una prueba de ultrasonido o despu\u00e9s del nacimiento.<\/li>\n<\/ul>\n<h2>Problemas Asociados con la Microcefalia<\/h2>\n<p>Dependiendo de la gravedad de la afecci\u00f3n, los problemas asociados con la microcefalia tienen una amplia gama. Aunque algunos ni\u00f1os no tienen dificultades en ning\u00fan aspecto de sus vidas, la escuela, los esfuerzos f\u00edsicos o las relaciones, otros pueden experimentar problemas, que incluyen:<\/p>\n<ul>\n<li>Dificultades de visi\u00f3n<\/li>\n<li>Problemas de equilibrio y movimiento.<\/li>\n<li>Dificultad para deglutir<\/li>\n<li>Convulsiones<\/li>\n<li>Disminuci\u00f3n de la capacidad para aprender y funcionar correctamente.<\/li>\n<li>Retrasos en el desarrollo (incluidos los asociados con caminar, sentarse, pararse o hablar)<\/li>\n<li>Dificultades auditivas<\/li>\n<\/ul>\n<h2>Tratamiento de la Microcefalia<\/h2>\n<p>As\u00ed como la gravedad de esta afecci\u00f3n var\u00eda de grave a leve, tambi\u00e9n lo hacen las posibles opciones de tratamiento. Mientras que algunos ni\u00f1os no necesitan pr\u00e1cticamente ning\u00fan tratamiento m\u00e1s que el seguimiento y los chequeos de rutina, otros pueden beneficiarse de la terapia del habla, la fisioterapia, la terapia ocupacional o el asesoramiento.<\/p>\n<h2>Causas de la Microcefalia<\/h2>\n<p>Aunque las causas de esta afecci\u00f3n a menudo son dif\u00edciles de determinar, es una ocurrencia relativamente rara; que ocurren en solo unos pocos nacimientos de cada 10,000. En algunos casos, la anomal\u00eda es inevitable, pero en otros casos, la microcefalia puede ser el resultado de un error o <a href=\"\/es\/negligencia-medica\/\">negligencia m\u00e9dicos<\/a>. Algunas de las posibles causas incluyen:<\/p>\n<ul>\n<li>Defecto gen\u00e9tico heredado<\/li>\n<li>Accidente cerebrovascular isqu\u00e9mico hip\u00f3xico (EHI)<\/li>\n<li>Accidente cerebrovascular hemorr\u00e1gico (hemorragia cerebral)<\/li>\n<li>Condiciones mal controladas, como diabetes gestacional<\/li>\n<li>Exposici\u00f3n a ciertos virus, incluido el sarampi\u00f3n alem\u00e1n (rub\u00e9ola), el citomegalovirus, la varicela o el Zika<\/li>\n<li>No tratar la fenilcetonuria (PKU)<\/li>\n<li>Insuficiencia placentaria<\/li>\n<li>Exposici\u00f3n a sustancias qu\u00edmicas t\u00f3xicas<\/li>\n<li>Relacionado en algunos casos con el s\u00edndrome de Down u otros trastornos neurometab\u00f3licos o cromos\u00f3micos<\/li>\n<li><a href=\"\/es\/lesiones-cerebrales-traumaticas\/\">Lesi\u00f3n cerebral traum\u00e1tica (TBI)<\/a><\/li>\n<li>Privaci\u00f3n de ox\u00edgeno al cerebro<\/li>\n<li>Infecci\u00f3n cerebral<\/li>\n<li>Uso de extractor de vac\u00edo o <a href=\"\/es\/negligencia-medica\/lesiones-de-nacimiento\/lesiones-con-forceps\/\">f\u00f3rceps<\/a><\/li>\n<li>Encefalitis o meningitis<\/li>\n<\/ul>\n<h2>Reclamaciones por Negligencia M\u00e9dica por Microcefalia<\/h2>\n<p>Aunque la microcefalia es a menudo un defecto cong\u00e9nito, a veces tambi\u00e9n puede resultar de una lesi\u00f3n cerebral traum\u00e1tica, infecciones o falta de ox\u00edgeno (hipoxia, anoxia) despu\u00e9s del nacimiento. En cualquiera de las circunstancias enumeradas anteriormente, si la negligencia de un m\u00e9dico promueve, no diagnostica o <a href=\"\/es\/negligencia-medica\/diagnostico-erroneo\/\">no trata adecuadamente<\/a> la anomal\u00eda, se debe explorar una demanda por negligencia m\u00e9dica. Estas lesiones son graves, duraderas y costosas de manejar. Una demanda m\u00e9dica puede ayudar a una familia a pagar el tratamiento, la atenci\u00f3n y la cirug\u00eda adecuados necesarios para que el ni\u00f1o tenga una vida lo m\u00e1s normal posible.<\/p>\n<p>La base de una demanda por negligencia puede ser la falta de protecci\u00f3n a la madre y el ni\u00f1o de las drogas peligrosas, enfermedades o el tratamiento adecuado de la condici\u00f3n m\u00e9dica de la madre durante el embarazo. Puede deberse a que no se diagnostic\u00f3 correctamente la afecci\u00f3n mediante una ecograf\u00eda u otras pruebas durante el embarazo. Puede basarse en negligencia durante el parto o trauma al ni\u00f1o despu\u00e9s del nacimiento. Hay muchas circunstancias posibles en las que los errores del m\u00e9dico pueden provocar afecciones como la microcefalia.<\/p>\n<h2>Comun\u00edquese con un Abogado Especializado en Microcefalia en Illinois<\/h2>\n<p>No hay ninguna raz\u00f3n para intentar averiguar por su cuenta si su m\u00e9dico tuvo la culpa de alguna manera. Los <a href=\"\/es\/negligencia-medica\/defectos-de-nacimiento\/\">abogados de defectos de nacimiento<\/a> en Chicago de Sexner Injury Lawyers LLC han estado ayudando a las familias afectadas por lesiones de nacimiento desde 1990. Podemos examinar sus registros m\u00e9dicos sin cargo para ayudar a tomar esa determinaci\u00f3n. Trabajamos junto a expertos m\u00e9dicos que tienen d\u00e9cadas de experiencia en esta \u00e1rea. Se han recaudado millones para nuestros clientes y nunca hay una tarifa a menos que tengamos \u00e9xito en nombre de su familia. Llame en cualquier momento para obtener informaci\u00f3n gratuita al <a href=\"tel:3122439922\">(312) 243-9922<\/a>.<\/p>\n","protected":false},"excerpt":{"rendered":"<p>Los Mejores Abogados de Microcefalia de Chicago La microcefalia es una afecci\u00f3n m\u00e9dica que provoca que la cabeza del beb\u00e9 sea m\u00e1s peque\u00f1a de lo que se considera normal. A medida que el cerebro de un beb\u00e9 crece durante el embarazo, la cabeza del beb\u00e9 tambi\u00e9n crece. Pero cuando el cerebro deja de crecer o [&hellip;]<\/p>\n","protected":false},"author":1,"featured_media":0,"parent":33110,"menu_order":0,"comment_status":"closed","ping_status":"closed","template":"","meta":{"_acf_changed":false,"footnotes":""},"class_list":["post-33289","page","type-page","status-publish","hentry"],"acf":[],"yoast_head":"<!-- This site is optimized with the Yoast SEO plugin v27.4 - https:\/\/yoast.com\/product\/yoast-seo-wordpress\/ -->\n<title>Los Mejores Abogados de Microcefalia de Chicago - Sexner Injury Lawyers LLC<\/title>\n<meta name=\"description\" content=\"Los abogados de defectos de nacimiento en Chicago de Sexner Injury Lawyers LLC han estado ayudando a las familias afectadas por lesiones de nacimiento desde 1990.\" \/>\n<meta name=\"robots\" content=\"index, follow, max-snippet:-1, max-image-preview:large, max-video-preview:-1\" \/>\n<link rel=\"canonical\" href=\"https:\/\/chicagoinjurylawyer.net\/es\/defectos-de-nacimiento\/microcefalia\/\" \/>\n<meta property=\"og:locale\" content=\"es_ES\" \/>\n<meta property=\"og:type\" content=\"article\" \/>\n<meta property=\"og:title\" content=\"Los Mejores Abogados de Microcefalia de Chicago - Sexner Injury Lawyers LLC\" \/>\n<meta property=\"og:description\" content=\"Los abogados de defectos de nacimiento en Chicago de Sexner Injury Lawyers LLC han estado ayudando a las familias afectadas por lesiones de nacimiento desde 1990.\" \/>\n<meta property=\"og:url\" content=\"https:\/\/chicagoinjurylawyer.net\/es\/defectos-de-nacimiento\/microcefalia\/\" \/>\n<meta property=\"og:site_name\" content=\"Sexner Injury Lawyers LLC\" \/>\n<meta property=\"article:modified_time\" content=\"2022-01-25T22:05:18+00:00\" \/>\n<meta property=\"og:image\" content=\"https:\/\/chicagoinjurylawyer.net\/wp-content\/uploads\/2022\/01\/Los-Mejores-Abogados-de-Microcefalia-de-Chicago.jpg\" \/>\n<meta name=\"twitter:card\" content=\"summary_large_image\" \/>\n<meta name=\"twitter:label1\" content=\"Tiempo de lectura\" \/>\n\t<meta name=\"twitter:data1\" content=\"5 minutos\" \/>\n<!-- \/ Yoast SEO plugin. -->","yoast_head_json":{"title":"Los Mejores Abogados de Microcefalia de Chicago - Sexner Injury Lawyers LLC","description":"Los abogados de defectos de nacimiento en Chicago de Sexner Injury Lawyers LLC han estado ayudando a las familias afectadas por lesiones de nacimiento desde 1990.","robots":{"index":"index","follow":"follow","max-snippet":"max-snippet:-1","max-image-preview":"max-image-preview:large","max-video-preview":"max-video-preview:-1"},"canonical":"https:\/\/chicagoinjurylawyer.net\/es\/defectos-de-nacimiento\/microcefalia\/","og_locale":"es_ES","og_type":"article","og_title":"Los Mejores Abogados de Microcefalia de Chicago - Sexner Injury Lawyers LLC","og_description":"Los abogados de defectos de nacimiento en Chicago de Sexner Injury Lawyers LLC han estado ayudando a las familias afectadas por lesiones de nacimiento desde 1990.","og_url":"https:\/\/chicagoinjurylawyer.net\/es\/defectos-de-nacimiento\/microcefalia\/","og_site_name":"Sexner Injury Lawyers LLC","article_modified_time":"2022-01-25T22:05:18+00:00","og_image":[{"url":"https:\/\/chicagoinjurylawyer.net\/wp-content\/uploads\/2022\/01\/Los-Mejores-Abogados-de-Microcefalia-de-Chicago.jpg","type":"","width":"","height":""}],"twitter_card":"summary_large_image","twitter_misc":{"Tiempo de lectura":"5 minutos"},"schema":{"@context":"https:\/\/schema.org","@graph":[{"@type":"WebPage","@id":"https:\/\/chicagoinjurylawyer.net\/es\/defectos-de-nacimiento\/microcefalia\/","url":"https:\/\/chicagoinjurylawyer.net\/es\/defectos-de-nacimiento\/microcefalia\/","name":"Los Mejores Abogados de Microcefalia de Chicago - Sexner Injury Lawyers LLC","isPartOf":{"@id":"https:\/\/chicagoinjurylawyer.net\/es\/#website"},"datePublished":"2022-01-25T21:44:41+00:00","dateModified":"2022-01-25T22:05:18+00:00","description":"Los abogados de defectos de nacimiento en Chicago de [firm-name] han estado ayudando a las familias afectadas por lesiones de nacimiento desde 1990.","breadcrumb":{"@id":"https:\/\/chicagoinjurylawyer.net\/es\/defectos-de-nacimiento\/microcefalia\/#breadcrumb"},"inLanguage":"es","potentialAction":[{"@type":"ReadAction","target":["https:\/\/chicagoinjurylawyer.net\/es\/defectos-de-nacimiento\/microcefalia\/"]}]},{"@type":"BreadcrumbList","@id":"https:\/\/chicagoinjurylawyer.net\/es\/defectos-de-nacimiento\/microcefalia\/#breadcrumb","itemListElement":[{"@type":"ListItem","position":1,"name":"Negligencia M\u00e9dica","item":"https:\/\/chicagoinjurylawyer.net\/es\/negligencia-medica\/"},{"@type":"ListItem","position":2,"name":"Defectos de Nacimiento","item":"https:\/\/chicagoinjurylawyer.net\/es\/negligencia-medica\/defectos-de-nacimiento\/"},{"@type":"ListItem","position":3,"name":"Microcefalia"}]},{"@type":"WebSite","@id":"https:\/\/chicagoinjurylawyer.net\/es\/#website","url":"https:\/\/chicagoinjurylawyer.net\/es\/","name":"Sexner Injury Lawyers LLC","description":"Chicago Personal Injury Attorneys","publisher":{"@id":"https:\/\/chicagoinjurylawyer.net\/es\/#organization"},"potentialAction":[{"@type":"SearchAction","target":{"@type":"EntryPoint","urlTemplate":"https:\/\/chicagoinjurylawyer.net\/es\/?s={search_term_string}"},"query-input":{"@type":"PropertyValueSpecification","valueRequired":true,"valueName":"search_term_string"}}],"inLanguage":"es"},{"@type":"Organization","@id":"https:\/\/chicagoinjurylawyer.net\/es\/#organization","name":"[firm-name]","url":"https:\/\/chicagoinjurylawyer.net\/es\/","logo":{"@type":"ImageObject","inLanguage":"es","@id":"https:\/\/chicagoinjurylawyer.net\/es\/#\/schema\/logo\/image\/","url":"https:\/\/chicagoinjurylawyer.net\/wp-content\/uploads\/2019\/06\/msx-logo-1.png","contentUrl":"https:\/\/chicagoinjurylawyer.net\/wp-content\/uploads\/2019\/06\/msx-logo-1.png","width":180,"height":83,"caption":"[firm-name]"},"image":{"@id":"https:\/\/chicagoinjurylawyer.net\/es\/#\/schema\/logo\/image\/"}}]}},"_links":{"self":[{"href":"https:\/\/chicagoinjurylawyer.net\/es\/wp-json\/wp\/v2\/pages\/33289","targetHints":{"allow":["GET"]}}],"collection":[{"href":"https:\/\/chicagoinjurylawyer.net\/es\/wp-json\/wp\/v2\/pages"}],"about":[{"href":"https:\/\/chicagoinjurylawyer.net\/es\/wp-json\/wp\/v2\/types\/page"}],"author":[{"embeddable":true,"href":"https:\/\/chicagoinjurylawyer.net\/es\/wp-json\/wp\/v2\/users\/1"}],"replies":[{"embeddable":true,"href":"https:\/\/chicagoinjurylawyer.net\/es\/wp-json\/wp\/v2\/comments?post=33289"}],"version-history":[{"count":4,"href":"https:\/\/chicagoinjurylawyer.net\/es\/wp-json\/wp\/v2\/pages\/33289\/revisions"}],"predecessor-version":[{"id":33293,"href":"https:\/\/chicagoinjurylawyer.net\/es\/wp-json\/wp\/v2\/pages\/33289\/revisions\/33293"}],"up":[{"embeddable":true,"href":"https:\/\/chicagoinjurylawyer.net\/es\/wp-json\/wp\/v2\/pages\/33110"}],"wp:attachment":[{"href":"https:\/\/chicagoinjurylawyer.net\/es\/wp-json\/wp\/v2\/media?parent=33289"}],"curies":[{"name":"wp","href":"https:\/\/api.w.org\/{rel}","templated":true}]}}