{"id":33297,"date":"2022-01-25T16:18:35","date_gmt":"2022-01-25T22:18:35","guid":{"rendered":"https:\/\/pi-sexner.tseg.co\/?page_id=33297"},"modified":"2022-01-25T16:18:35","modified_gmt":"2022-01-25T22:18:35","slug":"microftalmia-y-anoftalmia","status":"publish","type":"page","link":"https:\/\/chicagoinjurylawyer.net\/es\/defectos-de-nacimiento\/microftalmia-y-anoftalmia\/","title":{"rendered":"Microftalmia y Anoftalmia"},"content":{"rendered":"<h1>Demandas de Microftalmia y Anoftalmia de Chicago<\/h1>\n<p><img decoding=\"async\" class=\"alignright wp-image-33298\" src=\"\/wp-content\/uploads\/2022\/01\/Demandas-de-Microftalmia-y-Anoftalmia.jpg\" alt=\"Demandas de Microftalmia y Anoftalmia\" width=\"400\" height=\"267\" srcset=\"https:\/\/chicagoinjurylawyer.net\/wp-content\/uploads\/2022\/01\/Demandas-de-Microftalmia-y-Anoftalmia.jpg 1000w, https:\/\/chicagoinjurylawyer.net\/wp-content\/uploads\/2022\/01\/Demandas-de-Microftalmia-y-Anoftalmia-300x200.jpg 300w, https:\/\/chicagoinjurylawyer.net\/wp-content\/uploads\/2022\/01\/Demandas-de-Microftalmia-y-Anoftalmia-768x512.jpg 768w\" sizes=\"(max-width: 400px) 100vw, 400px\" \/>La microftalmia es un defecto cong\u00e9nito que hace que uno o ambos ojos del beb\u00e9 sean anormalmente m\u00e1s peque\u00f1os de lo normal. La causa de estas afecciones se desconoce en gran medida, aunque los cambios gen\u00e9ticos, las influencias ambientales y medicamentos como la talidomida y Accutane se han relacionado con tales defectos de nacimiento. En casos graves, puede parecer que falta el globo ocular por completo. En la gran mayor\u00eda de los casos, queda algo de tejido ocular.<\/p>\n<p>Por otro lado, la anoftalmia es una condici\u00f3n similar que resulta en la falta de uno o ambos globos oculares por completo. Entonces, aunque la microftalmia puede o no resultar en cierta p\u00e9rdida de la visi\u00f3n dependiendo de su gravedad, por definici\u00f3n, la anoftalmia siempre conducir\u00e1 a la p\u00e9rdida de la visi\u00f3n. Los beb\u00e9s que nacen con cualquiera de las afecciones oculares pueden haber tenido un desarrollo temprano afectado por el uso de AINE (medicamentos antiinflamatorios no esteroideos) por parte de la madre.<\/p>\n<p>Si su beb\u00e9 naci\u00f3 con microftalmia o anoftalmia, comun\u00edquese con los abogados de defectos de nacimiento de <a href=\"\/es\/\">Sexner Injury Lawyers LLC<\/a> en Chicago para una consulta legal gratuita.<\/p>\n<h2>Tratamiento de la Anoftalmia y la Microftalmia<\/h2>\n<p>No existe un tratamiento actual que pueda cambiar estos defectos de nacimiento y restaurar la visi\u00f3n que estaba ausente al nacer; Sin embargo, existen varios tratamientos disponibles para ayudar al crecimiento normal y mejorar la apariencia cosm\u00e9tica, como:<\/p>\n<ul>\n<li>Para la anoftalmia, se pueden usar pr\u00f3tesis para expandir la abertura del ojo entre los p\u00e1rpados superior e inferior (fisura palpebral estrecha) y la cuenca del ojo (\u00f3rbita);<\/li>\n<li>Se pueden realizar cirug\u00edas preliminares con cirug\u00edas reconstructivas posteriores durante la ni\u00f1ez para permitir el crecimiento del hueso facial;<\/li>\n<li>Colocar al beb\u00e9 un dispositivo de pl\u00e1stico llamado \"conformador\" y dispositivos progresivamente m\u00e1s grandes a medida que el ni\u00f1o envejece puede ayudar a expandir la cuenca del ojo;<\/li>\n<li>Adaptaci\u00f3n de un ojo artificial a un ni\u00f1o.<\/li>\n<\/ul>\n<h2>Los M\u00e9dicos Especiales Pueden Ayudar<\/h2>\n<p>A menudo se requieren oftalm\u00f3logos especiales para el tratamiento completo de la microftalmia y la anoftalmia:<\/p>\n<ul>\n<li>Cirujanos Oculopl\u00e1sticos, que se especializan en cirug\u00edas de \u00f3rbitas y ojos;<\/li>\n<li>Ocularistas, que tienen una formaci\u00f3n especial en la colocaci\u00f3n y fabricaci\u00f3n de pr\u00f3tesis de ojos;<\/li>\n<li>Oftalm\u00f3logos, que son oftalm\u00f3logos especialmente capacitados.<\/li>\n<\/ul>\n<h2>Demandas por Negligencia M\u00e9dica por Microftalmia y Anoftalmia<\/h2>\n<p>Aunque la microftalmia y la anoftalmia se consideran defectos de nacimiento cong\u00e9nitos, eso no significa que siempre sean de naturaleza gen\u00e9tica o el resultado de eventos fuera del control de cualquiera. A veces, los defectos de nacimiento ocurren porque los m\u00e9dicos cometen errores.<\/p>\n<p>Cuando un m\u00e9dico prescribe un medicamento o un f\u00e1rmaco a una mujer embarazada, estas decisiones m\u00e9dicas deben tomarse con mucha precauci\u00f3n. Algunos medicamentos son absorbidos r\u00e1pidamente por el feto, mientras que otros no. Algunos medicamentos parecen tener poco o ning\u00fan efecto sobre el feto en crecimiento, mientras que otros tienen v\u00ednculos con defectos cong\u00e9nitos cong\u00e9nitos graves y permanentes. Entre los f\u00e1rmacos que se han relacionado, al menos de manera preliminar, en estudios con anomal\u00edas como la microftalmia y la anoftalmia, se incluyen:<\/p>\n<ul>\n<li>Medicamentos antiinflamatorios no esteroideos (AINE) como ibuprofeno, aspirina, Vioxx y naproxeno, que algunos creen que pueden provocar microftalmia, anoftalmia, deficiencias en las extremidades, defectos del tubo neural, espina b\u00edfida y otros defectos de nacimiento.<\/li>\n<li>Exposici\u00f3n al fungicida DuPont Benlate y a otros pesticidas, qu\u00edmicos o toxinas.<\/li>\n<\/ul>\n<p>Los defectos de nacimiento tambi\u00e9n pueden ser el resultado de una exposici\u00f3n excesiva a los rayos X oa ciertos virus durante el embarazo. A veces, la negligencia de un m\u00e9dico puede complicar una anomal\u00eda debido a un tratamiento o una cirug\u00eda inadecuados.<\/p>\n<img decoding=\"async\" class=\"aligncenter size-full wp-image-33300\" src=\"\/wp-content\/uploads\/2022\/01\/Demandas-de-Microftalmia-y-Anoftalmia-de-Chicago.jpg\" alt=\"Demandas de Microftalmia y Anoftalmia de Chicago\" width=\"1000\" height=\"667\" srcset=\"https:\/\/chicagoinjurylawyer.net\/wp-content\/uploads\/2022\/01\/Demandas-de-Microftalmia-y-Anoftalmia-de-Chicago.jpg 1000w, https:\/\/chicagoinjurylawyer.net\/wp-content\/uploads\/2022\/01\/Demandas-de-Microftalmia-y-Anoftalmia-de-Chicago-300x200.jpg 300w, https:\/\/chicagoinjurylawyer.net\/wp-content\/uploads\/2022\/01\/Demandas-de-Microftalmia-y-Anoftalmia-de-Chicago-768x512.jpg 768w\" sizes=\"(max-width: 1000px) 100vw, 1000px\" \/>\n<h2>Comun\u00edquese Hoy Mismo con un Abogado de Microftalm\u00eda y Anoftalmia en Chicago<\/h2>\n<p>En cualquier caso, tenga en cuenta que los m\u00e9dicos y los fabricantes de medicamentos pueden contribuir, ya veces lo hacen, a la existencia de un defecto cong\u00e9nito. Si sospecha que el defecto cong\u00e9nito de su hijo puede estar relacionado de alguna manera con la negligencia de un m\u00e9dico, fabricante de medicamentos u otra parte, comun\u00edquese con un abogado de <a href=\"\/es\/negligencia-medica\/defectos-de-nacimiento\/\">defectos de nacimiento<\/a> en Illinois de Sexner Injury Lawyers LLC de inmediato.<\/p>\n<p>Puede haber una demanda por <a href=\"\/es\/negligencia-medica\/\">negligencia m\u00e9dica<\/a> disponible para buscar una compensaci\u00f3n financiera que lo ayude a obtener el mejor tratamiento m\u00e9dico disponible y obtener justicia. Nunca se aplicar\u00e1n honorarios de abogados a menos que tengamos \u00e9xito en su nombre; ya se han <a href=\"\/es\/nuestro-exito\/\">recaudado millones<\/a>. As\u00ed que llame ahora para obtener informaci\u00f3n gratuita al <a href=\"tel:3122439922\">(312) 243-9922<\/a>.<\/p>\n","protected":false},"excerpt":{"rendered":"<p>Demandas de Microftalmia y Anoftalmia de Chicago La microftalmia es un defecto cong\u00e9nito que hace que uno o ambos ojos del beb\u00e9 sean anormalmente m\u00e1s peque\u00f1os de lo normal. La causa de estas afecciones se desconoce en gran medida, aunque los cambios gen\u00e9ticos, las influencias ambientales y medicamentos como la talidomida y Accutane se han [&hellip;]<\/p>\n","protected":false},"author":1,"featured_media":0,"parent":33110,"menu_order":0,"comment_status":"closed","ping_status":"closed","template":"","meta":{"_acf_changed":false,"footnotes":""},"class_list":["post-33297","page","type-page","status-publish","hentry"],"acf":[],"yoast_head":"<!-- This site is optimized with the Yoast SEO plugin v27.4 - https:\/\/yoast.com\/product\/yoast-seo-wordpress\/ -->\n<title>Demandas de Microftalmia y Anoftalmia de Chicago - Sexner Injury Lawyers LLC<\/title>\n<meta name=\"description\" content=\"Puede haber una demanda por negligencia m\u00e9dica disponible para buscar una compensaci\u00f3n financiera que lo ayude a obtener el mejor tratamiento m\u00e9dico disponible y obtener justicia.\" \/>\n<meta name=\"robots\" content=\"index, follow, max-snippet:-1, max-image-preview:large, max-video-preview:-1\" \/>\n<link rel=\"canonical\" href=\"https:\/\/chicagoinjurylawyer.net\/es\/defectos-de-nacimiento\/microftalmia-y-anoftalmia\/\" \/>\n<meta property=\"og:locale\" content=\"es_ES\" \/>\n<meta property=\"og:type\" content=\"article\" \/>\n<meta property=\"og:title\" content=\"Demandas de Microftalmia y Anoftalmia de Chicago - Sexner Injury Lawyers LLC\" \/>\n<meta property=\"og:description\" content=\"Puede haber una demanda por negligencia m\u00e9dica disponible para buscar una compensaci\u00f3n financiera que lo ayude a obtener el mejor tratamiento m\u00e9dico disponible y obtener justicia.\" \/>\n<meta property=\"og:url\" content=\"https:\/\/chicagoinjurylawyer.net\/es\/defectos-de-nacimiento\/microftalmia-y-anoftalmia\/\" \/>\n<meta property=\"og:site_name\" content=\"Sexner Injury Lawyers LLC\" \/>\n<meta property=\"og:image\" content=\"https:\/\/chicagoinjurylawyer.net\/wp-content\/uploads\/2022\/01\/Demandas-de-Microftalmia-y-Anoftalmia.jpg\" \/>\n<meta name=\"twitter:card\" content=\"summary_large_image\" \/>\n<meta name=\"twitter:label1\" content=\"Tiempo de lectura\" \/>\n\t<meta name=\"twitter:data1\" content=\"4 minutos\" \/>\n<!-- \/ Yoast SEO plugin. -->","yoast_head_json":{"title":"Demandas de Microftalmia y Anoftalmia de Chicago - Sexner Injury Lawyers LLC","description":"Puede haber una demanda por negligencia m\u00e9dica disponible para buscar una compensaci\u00f3n financiera que lo ayude a obtener el mejor tratamiento m\u00e9dico disponible y obtener justicia.","robots":{"index":"index","follow":"follow","max-snippet":"max-snippet:-1","max-image-preview":"max-image-preview:large","max-video-preview":"max-video-preview:-1"},"canonical":"https:\/\/chicagoinjurylawyer.net\/es\/defectos-de-nacimiento\/microftalmia-y-anoftalmia\/","og_locale":"es_ES","og_type":"article","og_title":"Demandas de Microftalmia y Anoftalmia de Chicago - Sexner Injury Lawyers LLC","og_description":"Puede haber una demanda por negligencia m\u00e9dica disponible para buscar una compensaci\u00f3n financiera que lo ayude a obtener el mejor tratamiento m\u00e9dico disponible y obtener justicia.","og_url":"https:\/\/chicagoinjurylawyer.net\/es\/defectos-de-nacimiento\/microftalmia-y-anoftalmia\/","og_site_name":"Sexner Injury Lawyers LLC","og_image":[{"url":"https:\/\/chicagoinjurylawyer.net\/wp-content\/uploads\/2022\/01\/Demandas-de-Microftalmia-y-Anoftalmia.jpg","type":"","width":"","height":""}],"twitter_card":"summary_large_image","twitter_misc":{"Tiempo de lectura":"4 minutos"},"schema":{"@context":"https:\/\/schema.org","@graph":[{"@type":"WebPage","@id":"https:\/\/chicagoinjurylawyer.net\/es\/defectos-de-nacimiento\/microftalmia-y-anoftalmia\/","url":"https:\/\/chicagoinjurylawyer.net\/es\/defectos-de-nacimiento\/microftalmia-y-anoftalmia\/","name":"Demandas de Microftalmia y Anoftalmia de Chicago - Sexner Injury Lawyers LLC","isPartOf":{"@id":"https:\/\/chicagoinjurylawyer.net\/es\/#website"},"datePublished":"2022-01-25T22:18:35+00:00","description":"Puede haber una demanda por negligencia m\u00e9dica disponible para buscar una compensaci\u00f3n financiera que lo ayude a obtener el mejor tratamiento m\u00e9dico disponible y obtener justicia.","breadcrumb":{"@id":"https:\/\/chicagoinjurylawyer.net\/es\/defectos-de-nacimiento\/microftalmia-y-anoftalmia\/#breadcrumb"},"inLanguage":"es","potentialAction":[{"@type":"ReadAction","target":["https:\/\/chicagoinjurylawyer.net\/es\/defectos-de-nacimiento\/microftalmia-y-anoftalmia\/"]}]},{"@type":"BreadcrumbList","@id":"https:\/\/chicagoinjurylawyer.net\/es\/defectos-de-nacimiento\/microftalmia-y-anoftalmia\/#breadcrumb","itemListElement":[{"@type":"ListItem","position":1,"name":"Negligencia M\u00e9dica","item":"https:\/\/chicagoinjurylawyer.net\/es\/negligencia-medica\/"},{"@type":"ListItem","position":2,"name":"Defectos de Nacimiento","item":"https:\/\/chicagoinjurylawyer.net\/es\/negligencia-medica\/defectos-de-nacimiento\/"},{"@type":"ListItem","position":3,"name":"Microftalmia y Anoftalmia"}]},{"@type":"WebSite","@id":"https:\/\/chicagoinjurylawyer.net\/es\/#website","url":"https:\/\/chicagoinjurylawyer.net\/es\/","name":"Sexner Injury Lawyers LLC","description":"Chicago Personal Injury Attorneys","publisher":{"@id":"https:\/\/chicagoinjurylawyer.net\/es\/#organization"},"potentialAction":[{"@type":"SearchAction","target":{"@type":"EntryPoint","urlTemplate":"https:\/\/chicagoinjurylawyer.net\/es\/?s={search_term_string}"},"query-input":{"@type":"PropertyValueSpecification","valueRequired":true,"valueName":"search_term_string"}}],"inLanguage":"es"},{"@type":"Organization","@id":"https:\/\/chicagoinjurylawyer.net\/es\/#organization","name":"[firm-name]","url":"https:\/\/chicagoinjurylawyer.net\/es\/","logo":{"@type":"ImageObject","inLanguage":"es","@id":"https:\/\/chicagoinjurylawyer.net\/es\/#\/schema\/logo\/image\/","url":"https:\/\/chicagoinjurylawyer.net\/wp-content\/uploads\/2019\/06\/msx-logo-1.png","contentUrl":"https:\/\/chicagoinjurylawyer.net\/wp-content\/uploads\/2019\/06\/msx-logo-1.png","width":180,"height":83,"caption":"[firm-name]"},"image":{"@id":"https:\/\/chicagoinjurylawyer.net\/es\/#\/schema\/logo\/image\/"}}]}},"_links":{"self":[{"href":"https:\/\/chicagoinjurylawyer.net\/es\/wp-json\/wp\/v2\/pages\/33297","targetHints":{"allow":["GET"]}}],"collection":[{"href":"https:\/\/chicagoinjurylawyer.net\/es\/wp-json\/wp\/v2\/pages"}],"about":[{"href":"https:\/\/chicagoinjurylawyer.net\/es\/wp-json\/wp\/v2\/types\/page"}],"author":[{"embeddable":true,"href":"https:\/\/chicagoinjurylawyer.net\/es\/wp-json\/wp\/v2\/users\/1"}],"replies":[{"embeddable":true,"href":"https:\/\/chicagoinjurylawyer.net\/es\/wp-json\/wp\/v2\/comments?post=33297"}],"version-history":[{"count":1,"href":"https:\/\/chicagoinjurylawyer.net\/es\/wp-json\/wp\/v2\/pages\/33297\/revisions"}],"predecessor-version":[{"id":33302,"href":"https:\/\/chicagoinjurylawyer.net\/es\/wp-json\/wp\/v2\/pages\/33297\/revisions\/33302"}],"up":[{"embeddable":true,"href":"https:\/\/chicagoinjurylawyer.net\/es\/wp-json\/wp\/v2\/pages\/33110"}],"wp:attachment":[{"href":"https:\/\/chicagoinjurylawyer.net\/es\/wp-json\/wp\/v2\/media?parent=33297"}],"curies":[{"name":"wp","href":"https:\/\/api.w.org\/{rel}","templated":true}]}}