{"id":33304,"date":"2022-01-25T16:26:55","date_gmt":"2022-01-25T22:26:55","guid":{"rendered":"https:\/\/pi-sexner.tseg.co\/?page_id=33304"},"modified":"2022-01-25T16:26:55","modified_gmt":"2022-01-25T22:26:55","slug":"microtia-y-anotia","status":"publish","type":"page","link":"https:\/\/chicagoinjurylawyer.net\/es\/defectos-de-nacimiento\/microtia-y-anotia\/","title":{"rendered":"Microtia y Anotia"},"content":{"rendered":"<h1>Abogados de Microtia y Anotia en Chicago<\/h1>\n<p><img decoding=\"async\" class=\"alignright wp-image-33305\" src=\"\/wp-content\/uploads\/2022\/01\/Abogados-de-Microtia-y-Anotia-en-Chicago.jpg\" alt=\"Abogados de Microtia y Anotia en Chicago\" width=\"400\" height=\"267\" srcset=\"https:\/\/chicagoinjurylawyer.net\/wp-content\/uploads\/2022\/01\/Abogados-de-Microtia-y-Anotia-en-Chicago.jpg 1000w, https:\/\/chicagoinjurylawyer.net\/wp-content\/uploads\/2022\/01\/Abogados-de-Microtia-y-Anotia-en-Chicago-300x200.jpg 300w, https:\/\/chicagoinjurylawyer.net\/wp-content\/uploads\/2022\/01\/Abogados-de-Microtia-y-Anotia-en-Chicago-768x512.jpg 768w\" sizes=\"(max-width: 400px) 100vw, 400px\" \/>Microtia y Anotia son <a href=\"\/es\/negligencia-medica\/defectos-de-nacimiento\/\">defectos cong\u00e9nitos<\/a> del o\u00eddo de un beb\u00e9. Existen cuatro tipos de Microtia, que var\u00edan en severidad desde el tipo 1 al tipo 4. La forma m\u00e1s leve de esta condici\u00f3n es el tipo 1, que involucra una oreja de forma normal pero m\u00e1s peque\u00f1a. El m\u00e1s grave es el tipo 4, conocido como Anotia. En una circunstancia de Tipo 4, falta la estructura externa visible de la oreja (conocida como aur\u00edcula). Dependiendo del tipo de Microtia, el conducto auditivo interno (meato auditivo externo) puede ser anormalmente estrecho o faltar por completo. Sin embargo, a pesar de la apariencia del o\u00eddo, en la mayor\u00eda de los casos de Microtia las estructuras internas del o\u00eddo permanecen intactas.<\/p>\n<p>Tanto la Anotia como la Microtia est\u00e1n asociadas con al menos una p\u00e9rdida auditiva parcial, pero por lo general no una p\u00e9rdida auditiva completa, ya que las estructuras del o\u00eddo interno a menudo siguen intactas. Solo un peque\u00f1o pu\u00f1ado de casos ocurren cada a\u00f1o de cada 10,000 nacimientos seg\u00fan los Centros para el Control de Enfermedades (CDC). Tambi\u00e9n es inusual que un ni\u00f1o sufra esta anomal\u00eda en ambos o\u00eddos, ya que aproximadamente el 80% de los casos son unilaterales (afectan solo a un o\u00eddo).<\/p>\n<p>Los defectos del o\u00eddo se han relacionado con el medicamento recetado Zofran, que presenta un riesgo cuando se toma durante los primeros meses del embarazo. El medicamento para la fertilidad Clomid y otros medicamentos tambi\u00e9n se han relacionado con deformidades del o\u00eddo y otras deformidades. Si su hijo naci\u00f3 con Microtia o anotia, los abogados de defectos de nacimiento en Chicago de <a href=\"\/es\/\">Sexner Injury Lawyers LLC<\/a> pueden ayudarlo. Cont\u00e1ctenos al <a href=\"tel:3122439922\">(312) 243-9922<\/a> para una consulta gratuita.<\/p>\n<h2>Factores de Riesgo y Causas de Microtia y Anotia<\/h2>\n<p>Aunque las causas de este defecto cong\u00e9nito no se conocen con certeza, se cree que los cambios gen\u00e9ticos y ciertos medicamentos que se toman durante el embarazo pueden influir. Algunos estudios han encontrado que Accutane (un medicamento para el acn\u00e9) y Clomid (un tratamiento de fertilidad) aumentan significativamente las posibilidades de ciertos defectos de nacimiento como estos. Otros enlaces incluyen:<\/p>\n<ul>\n<li>Las madres con diabetes tienen un mayor riesgo<\/li>\n<li>Las mujeres embarazadas con una dieta de \u00e1cido f\u00f3lico y carbohidratos bajos tienen un mayor riesgo<\/li>\n<\/ul>\n<h2>Tratamiento de Microtia y Anotia<\/h2>\n<p>Dependiendo de la gravedad de la anomal\u00eda, un audi\u00f3logo o cirujano puede sugerir varias opciones de tratamiento posibles. Se puede sugerir un aud\u00edfono y \/ o se puede realizar una cirug\u00eda para construir las estructuras del o\u00eddo externo. Dependiendo del nivel del defecto, la cirug\u00eda a menudo se realiza en pacientes de entre cuatro y diez a\u00f1os.<\/p>\n<h2>Comun\u00edquese con un Abogado Agresivo de Microtia y Anotia en Chicago IL<\/h2>\n<p>Para obtener informaci\u00f3n gratuita, comun\u00edquese con un abogado de <a href=\"\/es\/negligencia-medica\/lesiones-de-nacimiento\/\">lesiones de nacimiento en Illinois<\/a> de Sexner Injury Lawyers LLC. Hemos estado ayudando a clientes desde 1990 con sus <a href=\"\/es\/negligencia-medica\/\">inquietudes legales y m\u00e9dicas<\/a>. Ll\u00e1manos al <a href=\"tel:3122439922\">(312) 243-9922<\/a>.<\/p>\n","protected":false},"excerpt":{"rendered":"<p>Abogados de Microtia y Anotia en Chicago Microtia y Anotia son defectos cong\u00e9nitos del o\u00eddo de un beb\u00e9. Existen cuatro tipos de Microtia, que var\u00edan en severidad desde el tipo 1 al tipo 4. La forma m\u00e1s leve de esta condici\u00f3n es el tipo 1, que involucra una oreja de forma normal pero m\u00e1s peque\u00f1a. [&hellip;]<\/p>\n","protected":false},"author":1,"featured_media":0,"parent":33110,"menu_order":0,"comment_status":"closed","ping_status":"closed","template":"","meta":{"_acf_changed":false,"footnotes":""},"class_list":["post-33304","page","type-page","status-publish","hentry"],"acf":[],"yoast_head":"<!-- This site is optimized with the Yoast SEO plugin v27.4 - https:\/\/yoast.com\/product\/yoast-seo-wordpress\/ -->\n<title>Abogados de Microtia y Anotia en Chicago - Sexner Injury Lawyers LLC<\/title>\n<meta name=\"description\" content=\"Para obtener informaci\u00f3n gratuita, comun\u00edquese con un abogado de defectos de nacimiento en Illinois de Sexner Injury Lawyers LLC.\" \/>\n<meta name=\"robots\" content=\"index, follow, max-snippet:-1, max-image-preview:large, max-video-preview:-1\" \/>\n<link rel=\"canonical\" href=\"https:\/\/chicagoinjurylawyer.net\/es\/defectos-de-nacimiento\/microtia-y-anotia\/\" \/>\n<meta property=\"og:locale\" content=\"es_ES\" \/>\n<meta property=\"og:type\" content=\"article\" \/>\n<meta property=\"og:title\" content=\"Abogados de Microtia y Anotia en Chicago - Sexner Injury Lawyers LLC\" \/>\n<meta property=\"og:description\" content=\"Para obtener informaci\u00f3n gratuita, comun\u00edquese con un abogado de defectos de nacimiento en Illinois de Sexner Injury Lawyers LLC.\" \/>\n<meta property=\"og:url\" content=\"https:\/\/chicagoinjurylawyer.net\/es\/defectos-de-nacimiento\/microtia-y-anotia\/\" \/>\n<meta property=\"og:site_name\" content=\"Sexner Injury Lawyers LLC\" \/>\n<meta property=\"og:image\" content=\"https:\/\/chicagoinjurylawyer.net\/wp-content\/uploads\/2022\/01\/Abogados-de-Microtia-y-Anotia-en-Chicago.jpg\" \/>\n<meta name=\"twitter:card\" content=\"summary_large_image\" \/>\n<meta name=\"twitter:label1\" content=\"Tiempo de lectura\" \/>\n\t<meta name=\"twitter:data1\" content=\"3 minutos\" \/>\n<!-- \/ Yoast SEO plugin. -->","yoast_head_json":{"title":"Abogados de Microtia y Anotia en Chicago - Sexner Injury Lawyers LLC","description":"Para obtener informaci\u00f3n gratuita, comun\u00edquese con un abogado de defectos de nacimiento en Illinois de Sexner Injury Lawyers LLC.","robots":{"index":"index","follow":"follow","max-snippet":"max-snippet:-1","max-image-preview":"max-image-preview:large","max-video-preview":"max-video-preview:-1"},"canonical":"https:\/\/chicagoinjurylawyer.net\/es\/defectos-de-nacimiento\/microtia-y-anotia\/","og_locale":"es_ES","og_type":"article","og_title":"Abogados de Microtia y Anotia en Chicago - Sexner Injury Lawyers LLC","og_description":"Para obtener informaci\u00f3n gratuita, comun\u00edquese con un abogado de defectos de nacimiento en Illinois de Sexner Injury Lawyers LLC.","og_url":"https:\/\/chicagoinjurylawyer.net\/es\/defectos-de-nacimiento\/microtia-y-anotia\/","og_site_name":"Sexner Injury Lawyers LLC","og_image":[{"url":"https:\/\/chicagoinjurylawyer.net\/wp-content\/uploads\/2022\/01\/Abogados-de-Microtia-y-Anotia-en-Chicago.jpg","type":"","width":"","height":""}],"twitter_card":"summary_large_image","twitter_misc":{"Tiempo de lectura":"3 minutos"},"schema":{"@context":"https:\/\/schema.org","@graph":[{"@type":"WebPage","@id":"https:\/\/chicagoinjurylawyer.net\/es\/defectos-de-nacimiento\/microtia-y-anotia\/","url":"https:\/\/chicagoinjurylawyer.net\/es\/defectos-de-nacimiento\/microtia-y-anotia\/","name":"Abogados de Microtia y Anotia en Chicago - Sexner Injury Lawyers LLC","isPartOf":{"@id":"https:\/\/chicagoinjurylawyer.net\/es\/#website"},"datePublished":"2022-01-25T22:26:55+00:00","description":"Para obtener informaci\u00f3n gratuita, comun\u00edquese con un abogado de defectos de nacimiento en Illinois de [firm-name].","breadcrumb":{"@id":"https:\/\/chicagoinjurylawyer.net\/es\/defectos-de-nacimiento\/microtia-y-anotia\/#breadcrumb"},"inLanguage":"es","potentialAction":[{"@type":"ReadAction","target":["https:\/\/chicagoinjurylawyer.net\/es\/defectos-de-nacimiento\/microtia-y-anotia\/"]}]},{"@type":"BreadcrumbList","@id":"https:\/\/chicagoinjurylawyer.net\/es\/defectos-de-nacimiento\/microtia-y-anotia\/#breadcrumb","itemListElement":[{"@type":"ListItem","position":1,"name":"Negligencia M\u00e9dica","item":"https:\/\/chicagoinjurylawyer.net\/es\/negligencia-medica\/"},{"@type":"ListItem","position":2,"name":"Defectos de Nacimiento","item":"https:\/\/chicagoinjurylawyer.net\/es\/negligencia-medica\/defectos-de-nacimiento\/"},{"@type":"ListItem","position":3,"name":"Microtia y Anotia"}]},{"@type":"WebSite","@id":"https:\/\/chicagoinjurylawyer.net\/es\/#website","url":"https:\/\/chicagoinjurylawyer.net\/es\/","name":"Sexner Injury Lawyers LLC","description":"Chicago Personal Injury Attorneys","publisher":{"@id":"https:\/\/chicagoinjurylawyer.net\/es\/#organization"},"potentialAction":[{"@type":"SearchAction","target":{"@type":"EntryPoint","urlTemplate":"https:\/\/chicagoinjurylawyer.net\/es\/?s={search_term_string}"},"query-input":{"@type":"PropertyValueSpecification","valueRequired":true,"valueName":"search_term_string"}}],"inLanguage":"es"},{"@type":"Organization","@id":"https:\/\/chicagoinjurylawyer.net\/es\/#organization","name":"[firm-name]","url":"https:\/\/chicagoinjurylawyer.net\/es\/","logo":{"@type":"ImageObject","inLanguage":"es","@id":"https:\/\/chicagoinjurylawyer.net\/es\/#\/schema\/logo\/image\/","url":"https:\/\/chicagoinjurylawyer.net\/wp-content\/uploads\/2019\/06\/msx-logo-1.png","contentUrl":"https:\/\/chicagoinjurylawyer.net\/wp-content\/uploads\/2019\/06\/msx-logo-1.png","width":180,"height":83,"caption":"[firm-name]"},"image":{"@id":"https:\/\/chicagoinjurylawyer.net\/es\/#\/schema\/logo\/image\/"}}]}},"_links":{"self":[{"href":"https:\/\/chicagoinjurylawyer.net\/es\/wp-json\/wp\/v2\/pages\/33304","targetHints":{"allow":["GET"]}}],"collection":[{"href":"https:\/\/chicagoinjurylawyer.net\/es\/wp-json\/wp\/v2\/pages"}],"about":[{"href":"https:\/\/chicagoinjurylawyer.net\/es\/wp-json\/wp\/v2\/types\/page"}],"author":[{"embeddable":true,"href":"https:\/\/chicagoinjurylawyer.net\/es\/wp-json\/wp\/v2\/users\/1"}],"replies":[{"embeddable":true,"href":"https:\/\/chicagoinjurylawyer.net\/es\/wp-json\/wp\/v2\/comments?post=33304"}],"version-history":[{"count":1,"href":"https:\/\/chicagoinjurylawyer.net\/es\/wp-json\/wp\/v2\/pages\/33304\/revisions"}],"predecessor-version":[{"id":33307,"href":"https:\/\/chicagoinjurylawyer.net\/es\/wp-json\/wp\/v2\/pages\/33304\/revisions\/33307"}],"up":[{"embeddable":true,"href":"https:\/\/chicagoinjurylawyer.net\/es\/wp-json\/wp\/v2\/pages\/33110"}],"wp:attachment":[{"href":"https:\/\/chicagoinjurylawyer.net\/es\/wp-json\/wp\/v2\/media?parent=33304"}],"curies":[{"name":"wp","href":"https:\/\/api.w.org\/{rel}","templated":true}]}}