{"id":33308,"date":"2022-01-25T16:40:51","date_gmt":"2022-01-25T22:40:51","guid":{"rendered":"https:\/\/pi-sexner.tseg.co\/?page_id=33308"},"modified":"2022-01-25T16:43:49","modified_gmt":"2022-01-25T22:43:49","slug":"espina-bifida","status":"publish","type":"page","link":"https:\/\/chicagoinjurylawyer.net\/es\/defectos-de-nacimiento\/espina-bifida\/","title":{"rendered":"Espina B\u00edfida"},"content":{"rendered":"<h1>Abogados de Demanda Contra la Espina B\u00edfida en Chicago<\/h1>\n<p><img decoding=\"async\" class=\"alignright wp-image-33309\" src=\"\/wp-content\/uploads\/2022\/01\/Abogados-de-Demanda-Contra-la-Espina-Bi\u0301fida-en-Chicago.jpg\" alt=\"Abogados de Demanda Contra la Espina B\u00edfida en Chicago\" width=\"400\" height=\"300\" srcset=\"https:\/\/chicagoinjurylawyer.net\/wp-content\/uploads\/2022\/01\/Abogados-de-Demanda-Contra-la-Espina-Bi\u0301fida-en-Chicago.jpg 1000w, https:\/\/chicagoinjurylawyer.net\/wp-content\/uploads\/2022\/01\/Abogados-de-Demanda-Contra-la-Espina-Bi\u0301fida-en-Chicago-300x225.jpg 300w, https:\/\/chicagoinjurylawyer.net\/wp-content\/uploads\/2022\/01\/Abogados-de-Demanda-Contra-la-Espina-Bi\u0301fida-en-Chicago-768x577.jpg 768w\" sizes=\"(max-width: 400px) 100vw, 400px\" \/>La espina b\u00edfida significa \"columna abierta\" y es un defecto del tubo neural (DTN) que se produce cuando el tubo neural no se desarrolla correctamente durante el embarazo. De todos los defectos de nacimiento que involucran el tubo neural, este es el m\u00e1s com\u00fan. Durante el primer mes de embarazo, esta estructura normalmente se desarrolla en el cerebro y la <a href=\"\/es\/lesiones-de-la-medula-espinal\/\">m\u00e9dula espinal<\/a>. La columna vertebral est\u00e1 destinada a proteger el haz de nervios que atraviesa el centro de la espalda para que el cerebro pueda comunicarse correctamente con el resto del cuerpo. Pero a veces, cuando el tubo neural no se forma correctamente, se deja una abertura o espacio en alg\u00fan lugar a lo largo de la columna.<\/p>\n<p>Los medicamentos ISRS (inhibidores selectivos de la recaptaci\u00f3n de serotonina) recetados y tomados durante el embarazo, como Zoloft, Celexa, Prozac o Lexapro, pueden haber sido la causa de estas graves lesiones cong\u00e9nitas. La espina b\u00edfida suele detectarse mediante ecograf\u00edas y otras pruebas prenatales. Como tal, el hecho de no realizar las pruebas de diagn\u00f3stico adecuadas puede ser una base para una demanda. Como padre, si su hijo tuvo esta afecci\u00f3n durante el embarazo, deber\u00eda haber sido informado como tal, para que estuviera en condiciones de tomar decisiones inteligentes en ese momento.<\/p>\n<p>Si su hijo naci\u00f3 con espina b\u00edfida, es posible que tenga opciones legales disponibles. Comun\u00edquese con los abogados de Chicago sobre espina b\u00edfida de <a href=\"\/es\/\">Sexner Injury Lawyers LLC<\/a> al (312) 243-9922 para una consulta legal gratuita.<\/p>\n<h2>Tipos de Espina B\u00edfida<\/h2>\n<p>Hay cuatro tipos b\u00e1sicos de espina b\u00edfida. Dependiendo del tipo, este defecto cong\u00e9nito puede afectar la m\u00e9dula espinal, el cerebro, la columna y las meninges (tejidos que protegen y cubren la m\u00e9dula espinal y el cerebro) de manera diferente. Incluyen:<\/p>\n<ul>\n<li><strong>Defecto del tubo neural cerrado:<\/strong> El hueso, las meninges o la grasa que rodea la m\u00e9dula espinal no se forman correctamente y, como resultado, algunos beb\u00e9s tienen problemas de control de los intestinos o la vejiga.<\/li>\n<li><strong>Espina b\u00edfida oculta<\/strong>: A menudo conocida como \u201cespina b\u00edfida oculta\u201d, esta es la forma m\u00e1s leve y generalmente tiene pocos problemas de salud asociados.<\/li>\n<li><strong>Mielomeningocele<\/strong>: La forma m\u00e1s grave de espina b\u00edfida, a menudo denominada \"espina b\u00edfida abierta\", en la que la m\u00e9dula espinal se expulsa junto con las meninges a trav\u00e9s de un espacio espinal y forma un saco en la espalda. Los nervios y la m\u00e9dula espinal generalmente se da\u00f1an con la par\u00e1lisis resultante y el peligro de infecciones, que pueden poner en peligro la vida.<\/li>\n<li><strong>Meningocele<\/strong>: La forma m\u00e1s rara de espina b\u00edfida, las meninges se expulsan a trav\u00e9s del espacio espinal hacia un saco lleno de l\u00edquido llamado meningocele, pero generalmente no hay mucho da\u00f1o en los nervios.<\/li>\n<\/ul>\n<h2>Reclamaciones por Negligencia M\u00e9dica por Espina B\u00edfida<\/h2>\n<p>Como ocurre con la mayor\u00eda de los defectos de nacimiento, a menudo se considera que la causa es desconocida o se debe a factores gen\u00e9ticos. Pero tambi\u00e9n sabemos que, a veces, un m\u00e9dico puede fallar en su responsabilidad m\u00e9dica de proteger al feto o de ofrecer un diagn\u00f3stico r\u00e1pido y el tratamiento correcto para la afecci\u00f3n. Cuando esto sucede y se producen lesiones, una demanda por negligencia m\u00e9dica puede ser el mejor camino hacia la justicia.<\/p>\n<p>La primera responsabilidad de un m\u00e9dico ante la madre y el feto es \"no hacer da\u00f1o\". En el contexto de la espina b\u00edfida, esto generalmente significa que el m\u00e9dico debe evitar recetar medicamentos que puedan afectar negativamente la formaci\u00f3n del tubo neural. Adem\u00e1s, la madre debe estar debidamente advertida de los posibles efectos secundarios graves. Algunos medicamentos que se han relacionado con defectos del tubo neural como la espina b\u00edfida incluyen:<\/p>\n<ul>\n<li>Accutane recetado para el acn\u00e9 severo<\/li>\n<li>Anticonvulsivos recetados para convulsiones, trastorno bipolar y migra\u00f1as.<\/li>\n<li>Antidepresivos, especialmente tipos de ISRS como Prozac, Zoloft y Celexa<\/li>\n<li>Anticonceptivos y p\u00edldoras anticonceptivas.<\/li>\n<li>Drogas anti metab\u00f3licas<\/li>\n<\/ul>\n<p>A veces, un defecto cong\u00e9nito como la espina b\u00edfida puede haber sido influenciado por la atenci\u00f3n prenatal de un m\u00e9dico y, como resultado, puede haber ocurrido negligencia m\u00e9dica.<\/p>\n<p>En otras ocasiones, la negligencia m\u00e9dica puede deberse a que <a href=\"\/es\/negligencia-medica\/errores-de-radiologia\/\">el radi\u00f3logo<\/a> o el m\u00e9dico no diagnostican oportuna y adecuadamente la anomal\u00eda durante el embarazo. Por lo general, una ecograf\u00eda o una prueba de detecci\u00f3n de AFP pueden revelar la existencia de esta anomal\u00eda. Pero si no se realizan las pruebas adecuadas, los m\u00e9dicos no pueden informar completamente a los padres sobre la afecci\u00f3n ni crear un plan de tratamiento m\u00e9dico adecuado. La cirug\u00eda se realiza a menudo en beb\u00e9s con espina b\u00edfida. En algunas circunstancias, la cirug\u00eda incluso se realiza en el \u00fatero (antes del nacimiento). Si el defecto cong\u00e9nito no se diagnostica con prontitud, se puede perder la oportunidad de dicha cirug\u00eda. Aunque es algo muy personal, los padres pueden verse privados de la oportunidad de reevaluar si desean continuar o interrumpir el embarazo. Este tipo de reclamo se denomina reclamo de \"<a href=\"\/es\/negligencia-medica\/lesiones-de-nacimiento\/nacimiento-injusto\/\">nacimiento il\u00edcito<\/a><strong>\"<\/strong> o \"vida il\u00edcita\".<\/p>\n<img decoding=\"async\" class=\"aligncenter size-full wp-image-33311\" src=\"\/wp-content\/uploads\/2022\/01\/Abogados-de-Demanda-Contra-la-Espina-Bi\u0301fida.jpg\" alt=\"Abogados de Demanda Contra la Espina B\u00edfida\" width=\"1000\" height=\"633\" srcset=\"https:\/\/chicagoinjurylawyer.net\/wp-content\/uploads\/2022\/01\/Abogados-de-Demanda-Contra-la-Espina-Bi\u0301fida.jpg 1000w, https:\/\/chicagoinjurylawyer.net\/wp-content\/uploads\/2022\/01\/Abogados-de-Demanda-Contra-la-Espina-Bi\u0301fida-300x190.jpg 300w, https:\/\/chicagoinjurylawyer.net\/wp-content\/uploads\/2022\/01\/Abogados-de-Demanda-Contra-la-Espina-Bi\u0301fida-768x486.jpg 768w\" sizes=\"(max-width: 1000px) 100vw, 1000px\" \/>\n<h2>Ayuda Legal para Chicago y Todo Illinois<\/h2>\n<p>En cualquier caso, es responsabilidad legal y m\u00e9dica de los m\u00e9dicos, enfermeras y hospitales ofrecer la mejor atenci\u00f3n disponible. Si cree que su familia ha sido perjudicada debido a negligencia m\u00e9dica, comun\u00edquese con un <a href=\"\/es\/negligencia-medica\/\">abogado de negligencia m\u00e9dica<\/a> en Chicago de Sexner Injury Lawyers LLC para obtener informaci\u00f3n gratuita. Se han recaudado millones de d\u00f3lares para nuestras familias que lo merecen para ayudar en el cuidado de sus hijos.<\/p>\n<p>Tenga en cuenta que no es necesario que est\u00e9 seguro de que se produjo un error para llamar. La mayor\u00eda de la gente no tiene los conocimientos t\u00e9cnicos para saberlo realmente. Incluso si solo sospecha que podr\u00eda haber habido un error, llame ahora. No hay ning\u00fan cargo por discutir sus inquietudes con un abogado con experiencia en <a href=\"\/es\/negligencia-medica\/defectos-de-nacimiento\/\">defectos de nacimiento<\/a>. Nuestro n\u00famero de tel\u00e9fono disponible las 24 horas es <a href=\"tel:3122439922\">(312) 243-9922<\/a>.<\/p>\n","protected":false},"excerpt":{"rendered":"<p>Abogados de Demanda Contra la Espina B\u00edfida en Chicago La espina b\u00edfida significa \"columna abierta\" y es un defecto del tubo neural (DTN) que se produce cuando el tubo neural no se desarrolla correctamente durante el embarazo. De todos los defectos de nacimiento que involucran el tubo neural, este es el m\u00e1s com\u00fan. Durante el [&hellip;]<\/p>\n","protected":false},"author":1,"featured_media":0,"parent":33110,"menu_order":0,"comment_status":"closed","ping_status":"closed","template":"","meta":{"_acf_changed":false,"footnotes":""},"class_list":["post-33308","page","type-page","status-publish","hentry"],"acf":[],"yoast_head":"<!-- This site is optimized with the Yoast SEO plugin v27.5 - https:\/\/yoast.com\/product\/yoast-seo-wordpress\/ -->\n<title>Abogados de Demanda Contra la Espina B\u00edfida en Chicago - Sexner Injury Lawyers LLC<\/title>\n<meta name=\"description\" content=\"Si solo sospecha que podr\u00eda haber habido un error, llame ahora. No hay ning\u00fan cargo por discutir sus inquietudes con un abogado con experiencia en defectos de nacimiento.\" \/>\n<meta name=\"robots\" content=\"index, follow, max-snippet:-1, max-image-preview:large, max-video-preview:-1\" \/>\n<link rel=\"canonical\" href=\"https:\/\/chicagoinjurylawyer.net\/es\/defectos-de-nacimiento\/espina-bifida\/\" \/>\n<meta property=\"og:locale\" content=\"es_ES\" \/>\n<meta property=\"og:type\" content=\"article\" \/>\n<meta property=\"og:title\" content=\"Abogados de Demanda Contra la Espina B\u00edfida en Chicago - Sexner Injury Lawyers LLC\" \/>\n<meta property=\"og:description\" content=\"Si solo sospecha que podr\u00eda haber habido un error, llame ahora. No hay ning\u00fan cargo por discutir sus inquietudes con un abogado con experiencia en defectos de nacimiento.\" \/>\n<meta property=\"og:url\" content=\"https:\/\/chicagoinjurylawyer.net\/es\/defectos-de-nacimiento\/espina-bifida\/\" \/>\n<meta property=\"og:site_name\" content=\"Sexner Injury Lawyers LLC\" \/>\n<meta property=\"article:modified_time\" content=\"2022-01-25T22:43:49+00:00\" \/>\n<meta property=\"og:image\" content=\"https:\/\/chicagoinjurylawyer.net\/wp-content\/uploads\/2022\/01\/Abogados-de-Demanda-Contra-la-Espina-Bi\u0301fida-en-Chicago.jpg\" \/>\n<meta name=\"twitter:card\" content=\"summary_large_image\" \/>\n<meta name=\"twitter:label1\" content=\"Tiempo de lectura\" \/>\n\t<meta name=\"twitter:data1\" content=\"5 minutos\" \/>\n<!-- \/ Yoast SEO plugin. -->","yoast_head_json":{"title":"Abogados de Demanda Contra la Espina B\u00edfida en Chicago - Sexner Injury Lawyers LLC","description":"Si solo sospecha que podr\u00eda haber habido un error, llame ahora. No hay ning\u00fan cargo por discutir sus inquietudes con un abogado con experiencia en defectos de nacimiento.","robots":{"index":"index","follow":"follow","max-snippet":"max-snippet:-1","max-image-preview":"max-image-preview:large","max-video-preview":"max-video-preview:-1"},"canonical":"https:\/\/chicagoinjurylawyer.net\/es\/defectos-de-nacimiento\/espina-bifida\/","og_locale":"es_ES","og_type":"article","og_title":"Abogados de Demanda Contra la Espina B\u00edfida en Chicago - Sexner Injury Lawyers LLC","og_description":"Si solo sospecha que podr\u00eda haber habido un error, llame ahora. No hay ning\u00fan cargo por discutir sus inquietudes con un abogado con experiencia en defectos de nacimiento.","og_url":"https:\/\/chicagoinjurylawyer.net\/es\/defectos-de-nacimiento\/espina-bifida\/","og_site_name":"Sexner Injury Lawyers LLC","article_modified_time":"2022-01-25T22:43:49+00:00","og_image":[{"url":"https:\/\/chicagoinjurylawyer.net\/wp-content\/uploads\/2022\/01\/Abogados-de-Demanda-Contra-la-Espina-Bi\u0301fida-en-Chicago.jpg","type":"","width":"","height":""}],"twitter_card":"summary_large_image","twitter_misc":{"Tiempo de lectura":"5 minutos"},"schema":{"@context":"https:\/\/schema.org","@graph":[{"@type":"WebPage","@id":"https:\/\/chicagoinjurylawyer.net\/es\/defectos-de-nacimiento\/espina-bifida\/","url":"https:\/\/chicagoinjurylawyer.net\/es\/defectos-de-nacimiento\/espina-bifida\/","name":"Abogados de Demanda Contra la Espina B\u00edfida en Chicago - Sexner Injury Lawyers LLC","isPartOf":{"@id":"https:\/\/chicagoinjurylawyer.net\/es\/#website"},"datePublished":"2022-01-25T22:40:51+00:00","dateModified":"2022-01-25T22:43:49+00:00","description":"Si solo sospecha que podr\u00eda haber habido un error, llame ahora. No hay ning\u00fan cargo por discutir sus inquietudes con un abogado con experiencia en defectos de nacimiento.","breadcrumb":{"@id":"https:\/\/chicagoinjurylawyer.net\/es\/defectos-de-nacimiento\/espina-bifida\/#breadcrumb"},"inLanguage":"es","potentialAction":[{"@type":"ReadAction","target":["https:\/\/chicagoinjurylawyer.net\/es\/defectos-de-nacimiento\/espina-bifida\/"]}]},{"@type":"BreadcrumbList","@id":"https:\/\/chicagoinjurylawyer.net\/es\/defectos-de-nacimiento\/espina-bifida\/#breadcrumb","itemListElement":[{"@type":"ListItem","position":1,"name":"Negligencia M\u00e9dica","item":"https:\/\/chicagoinjurylawyer.net\/es\/negligencia-medica\/"},{"@type":"ListItem","position":2,"name":"Defectos de Nacimiento","item":"https:\/\/chicagoinjurylawyer.net\/es\/negligencia-medica\/defectos-de-nacimiento\/"},{"@type":"ListItem","position":3,"name":"Espina B\u00edfida"}]},{"@type":"WebSite","@id":"https:\/\/chicagoinjurylawyer.net\/es\/#website","url":"https:\/\/chicagoinjurylawyer.net\/es\/","name":"Sexner Injury Lawyers LLC","description":"Chicago Personal Injury Attorneys","publisher":{"@id":"https:\/\/chicagoinjurylawyer.net\/es\/#organization"},"potentialAction":[{"@type":"SearchAction","target":{"@type":"EntryPoint","urlTemplate":"https:\/\/chicagoinjurylawyer.net\/es\/?s={search_term_string}"},"query-input":{"@type":"PropertyValueSpecification","valueRequired":true,"valueName":"search_term_string"}}],"inLanguage":"es"},{"@type":"Organization","@id":"https:\/\/chicagoinjurylawyer.net\/es\/#organization","name":"[firm-name]","url":"https:\/\/chicagoinjurylawyer.net\/es\/","logo":{"@type":"ImageObject","inLanguage":"es","@id":"https:\/\/chicagoinjurylawyer.net\/es\/#\/schema\/logo\/image\/","url":"https:\/\/chicagoinjurylawyer.net\/wp-content\/uploads\/2019\/06\/msx-logo-1.png","contentUrl":"https:\/\/chicagoinjurylawyer.net\/wp-content\/uploads\/2019\/06\/msx-logo-1.png","width":180,"height":83,"caption":"[firm-name]"},"image":{"@id":"https:\/\/chicagoinjurylawyer.net\/es\/#\/schema\/logo\/image\/"}}]}},"_links":{"self":[{"href":"https:\/\/chicagoinjurylawyer.net\/es\/wp-json\/wp\/v2\/pages\/33308","targetHints":{"allow":["GET"]}}],"collection":[{"href":"https:\/\/chicagoinjurylawyer.net\/es\/wp-json\/wp\/v2\/pages"}],"about":[{"href":"https:\/\/chicagoinjurylawyer.net\/es\/wp-json\/wp\/v2\/types\/page"}],"author":[{"embeddable":true,"href":"https:\/\/chicagoinjurylawyer.net\/es\/wp-json\/wp\/v2\/users\/1"}],"replies":[{"embeddable":true,"href":"https:\/\/chicagoinjurylawyer.net\/es\/wp-json\/wp\/v2\/comments?post=33308"}],"version-history":[{"count":2,"href":"https:\/\/chicagoinjurylawyer.net\/es\/wp-json\/wp\/v2\/pages\/33308\/revisions"}],"predecessor-version":[{"id":33314,"href":"https:\/\/chicagoinjurylawyer.net\/es\/wp-json\/wp\/v2\/pages\/33308\/revisions\/33314"}],"up":[{"embeddable":true,"href":"https:\/\/chicagoinjurylawyer.net\/es\/wp-json\/wp\/v2\/pages\/33110"}],"wp:attachment":[{"href":"https:\/\/chicagoinjurylawyer.net\/es\/wp-json\/wp\/v2\/media?parent=33308"}],"curies":[{"name":"wp","href":"https:\/\/api.w.org\/{rel}","templated":true}]}}