{"id":33317,"date":"2022-01-27T16:02:34","date_gmt":"2022-01-27T22:02:34","guid":{"rendered":"https:\/\/pi-sexner.tseg.co\/?page_id=33317"},"modified":"2022-01-27T16:02:34","modified_gmt":"2022-01-27T22:02:34","slug":"deficiencias-de-las-extremidades","status":"publish","type":"page","link":"https:\/\/chicagoinjurylawyer.net\/es\/defectos-de-nacimiento\/deficiencias-de-las-extremidades\/","title":{"rendered":"Deficiencias Cong\u00e9nitas de las Extremidades"},"content":{"rendered":"<h1>Abogados de Chicago para las Deficiencias Cong\u00e9nitas de las Extremidades Superiores e Inferiores<\/h1>\n<h2>Conozca Sus Derechos con los Defectos en las Extremidades de los Ni\u00f1os<\/h2>\n<p>Cuando el brazo o la pierna de un no se forma completamente, es m\u00e1s peque\u00f1o de lo normal o falta por completo, esto se denomina deficiencia de las extremidades superiores o inferiores. Cada a\u00f1o en los EE. UU., Alrededor de 750 beb\u00e9s nacen con una deficiencia en la extremidad inferior y aproximadamente el doble de esa cantidad con una deficiencia en la extremidad superior. Dichos defectos de reducci\u00f3n de extremidades pueden incluir:<\/p>\n<ul>\n<li>Extremidades faltantes<\/li>\n<li>Dedos de los pies que no est\u00e1n separados (denominados pies o manos palmeados)<\/li>\n<li>Extremidades m\u00e1s cortas de lo normal<\/li>\n<li>Circulaci\u00f3n sangu\u00ednea limitada por una banda de tejido constrictiva.<\/li>\n<li>Dedos de los pies o dedos adicionales<\/li>\n<\/ul>\n<p>Varias deficiencias en las extremidades se han relacionado con el uso del medicamento Zofran, un medicamento que puede haber sido recetado a madres con casos graves de n\u00e1useas matutinas. Otras deficiencias de las extremidades tambi\u00e9n pueden ser el resultado de otros f\u00e1rmacos. Si su hijo naci\u00f3 con una deficiencia en una extremidad, hable con un abogado con experiencia en defectos de nacimiento en Chicago. Se pueden encontrar muchas deficiencias en las extremidades antes de que nazca su hijo gracias a las pruebas prenatales avanzadas.<\/p>\n<p>Si su hijo naci\u00f3 con defectos en las extremidades, comun\u00edquese con los abogados de defectos cong\u00e9nitos de Sexner Injury Lawyers LLC en Chicago para conocer sus opciones legales. Comun\u00edquese con nosotros al <a href=\"tel:3122439922\">(312) 243-9922<\/a> o en l\u00ednea.<\/p>\n<img decoding=\"async\" class=\"aligncenter size-full wp-image-33318\" src=\"\/wp-content\/uploads\/2022\/01\/Deficiencias-Conge\u0301nitas-de-las-Extremidades.jpg\" alt=\"Deficiencias Cong\u00e9nitas de las Extremidades\" width=\"1000\" height=\"563\" srcset=\"https:\/\/chicagoinjurylawyer.net\/wp-content\/uploads\/2022\/01\/Deficiencias-Conge\u0301nitas-de-las-Extremidades.jpg 1000w, https:\/\/chicagoinjurylawyer.net\/wp-content\/uploads\/2022\/01\/Deficiencias-Conge\u0301nitas-de-las-Extremidades-300x169.jpg 300w, https:\/\/chicagoinjurylawyer.net\/wp-content\/uploads\/2022\/01\/Deficiencias-Conge\u0301nitas-de-las-Extremidades-768x432.jpg 768w\" sizes=\"(max-width: 1000px) 100vw, 1000px\" \/>\n<h2>Problemas para los Ni\u00f1os con Defectos en las Extremidades<\/h2>\n<p>Seg\u00fan el grado de reducci\u00f3n de la extremidad y la cantidad de extremidades afectadas, los ni\u00f1os se enfrentan a una serie de problemas potenciales a medida que crecen. Los problemas para los ni\u00f1os con defectos en las extremidades incluyen:<\/p>\n<ul>\n<li>Problemas sociales y emocionales basados en su apariencia f\u00edsica;<\/li>\n<li>Necesidad de ayuda en las tareas diarias b\u00e1sicas como la alimentaci\u00f3n y el cepillado de los dientes;<\/li>\n<li>Problemas de desarrollo con las habilidades motoras b\u00e1sicas;<\/li>\n<li>Dificultades con ciertos deportes, actividades o movimientos.<\/li>\n<\/ul>\n<h2>Demandas por Negligencia M\u00e9dica por Defectos Cong\u00e9nitos de las Extremidades<\/h2>\n<p>Determinar con certeza exacta por qu\u00e9 ha ocurrido un <a href=\"\/es\/negligencia-medica\/defectos-de-nacimiento\/\">defecto cong\u00e9nito<\/a> a menudo es dif\u00edcil, pero existen ciertas exposiciones y comportamientos que parecen estar relacionados con la existencia de deficiencias en las extremidades superiores e inferiores. Aunque algunos de estos comportamientos, como fumar, no est\u00e1n relacionados con el tratamiento m\u00e9dico de un m\u00e9dico, otros podr\u00edan estarlo. Por ejemplo, la exposici\u00f3n a ciertos medicamentos durante el embarazo, incluidos Lexapro, Prozac, Zoloft, Celexa, Paxil, Clomid e ISRS (inhibidores selectivos de la recaptaci\u00f3n de serotonina) se han relacionado en estudios con defectos cong\u00e9nitos de las extremidades.<\/p>\n<p>Una futura madre tiene derecho a que sus m\u00e9dicos le proporcionen informaci\u00f3n completa que le permita tomar decisiones razonadas sobre qu\u00e9 medicamentos tomar y cu\u00e1les no. A esto se le llama \"consentimiento informado\". Cuando un m\u00e9dico, hospital, enfermera o compa\u00f1\u00eda farmac\u00e9utica no proporciona suficiente informaci\u00f3n para que la madre est\u00e9 completamente informada, es posible que se haya producido una <a href=\"\/es\/negligencia-medica\/\">negligencia m\u00e9dica<\/a>.<\/p>\n<p>En otras circunstancias, se puede entablar una demanda por responsabilidad del producto contra una empresa farmac\u00e9utica que fabric\u00f3 un medicamento peligroso o que no proporcion\u00f3 suficientes etiquetas o informaci\u00f3n de advertencia. Otras veces, se puede entablar una demanda contra un proveedor m\u00e9dico u otra parte que expuso a un paciente a ciertos virus o productos qu\u00edmicos que resultaron en <a href=\"\/es\/negligencia-medica\/lesiones-de-nacimiento\/\">lesiones al feto<\/a>.<\/p>\n<p>Estos son solo algunos de los posibles eventos que pueden conducir a una demanda por negligencia m\u00e9dica. Dicho reclamo se presenta para traer un cierre y justicia a la familia afectada, proporcionar da\u00f1os monetarios a la familia para ayudar con el cuidado y tratamiento del beb\u00e9 y enviar un mensaje contundente al proveedor m\u00e9dico de que la atenci\u00f3n m\u00e9dica deficiente no es aceptable.<\/p>\n<h2>Abogados Experimentados y Compasivos en Casos de Defectos de Nacimiento en Chicago<\/h2>\n<p>Desde 1990, nuestros abogados de lesiones de nacimiento en Chicago han ayudado a familias de todo el estado a obtener una compensaci\u00f3n justa por negligencia m\u00e9dica y negligencia m\u00e9dica. Se han recaudado muchos millones en nombre de nuestros clientes para ayudar con el tratamiento y el cuidado de ni\u00f1os que han sido afectados por defectos de nacimiento cong\u00e9nitos. Llame a <a href=\"\/es\/\">Sexner Injury Lawyers LLC<\/a> al <a href=\"tel:3122439922\">(312) 243-9922<\/a>.<\/p>\n","protected":false},"excerpt":{"rendered":"<p>Abogados de Chicago para las Deficiencias Cong\u00e9nitas de las Extremidades Superiores e Inferiores Conozca Sus Derechos con los Defectos en las Extremidades de los Ni\u00f1os Cuando el brazo o la pierna de un no se forma completamente, es m\u00e1s peque\u00f1o de lo normal o falta por completo, esto se denomina deficiencia de las extremidades superiores [&hellip;]<\/p>\n","protected":false},"author":1,"featured_media":0,"parent":33110,"menu_order":0,"comment_status":"closed","ping_status":"closed","template":"","meta":{"_acf_changed":false,"footnotes":""},"class_list":["post-33317","page","type-page","status-publish","hentry"],"acf":[],"yoast_head":"<!-- This site is optimized with the Yoast SEO plugin v27.4 - https:\/\/yoast.com\/product\/yoast-seo-wordpress\/ -->\n<title>Abogados de Deficiencias Cong\u00e9nitas de las Extremidades Superiores e Inferiores<\/title>\n<meta name=\"description\" content=\"Si su hijo naci\u00f3 con defectos en las extremidades, comun\u00edquese con los abogados de defectos cong\u00e9nitos de Sexner Injury Lawyers LLC en Chicago para conocer sus opciones legales.\" \/>\n<meta name=\"robots\" content=\"index, follow, max-snippet:-1, max-image-preview:large, max-video-preview:-1\" \/>\n<link rel=\"canonical\" href=\"https:\/\/chicagoinjurylawyer.net\/es\/defectos-de-nacimiento\/deficiencias-de-las-extremidades\/\" \/>\n<meta property=\"og:locale\" content=\"es_ES\" \/>\n<meta property=\"og:type\" content=\"article\" \/>\n<meta property=\"og:title\" content=\"Abogados de Deficiencias Cong\u00e9nitas de las Extremidades Superiores e Inferiores\" \/>\n<meta property=\"og:description\" content=\"Si su hijo naci\u00f3 con defectos en las extremidades, comun\u00edquese con los abogados de defectos cong\u00e9nitos de Sexner Injury Lawyers LLC en Chicago para conocer sus opciones legales.\" \/>\n<meta property=\"og:url\" content=\"https:\/\/chicagoinjurylawyer.net\/es\/defectos-de-nacimiento\/deficiencias-de-las-extremidades\/\" \/>\n<meta property=\"og:site_name\" content=\"Sexner Injury Lawyers LLC\" \/>\n<meta property=\"og:image\" content=\"https:\/\/chicagoinjurylawyer.net\/wp-content\/uploads\/2022\/01\/Deficiencias-Conge\u0301nitas-de-las-Extremidades.jpg\" \/>\n<meta name=\"twitter:card\" content=\"summary_large_image\" \/>\n<meta name=\"twitter:label1\" content=\"Tiempo de lectura\" \/>\n\t<meta name=\"twitter:data1\" content=\"4 minutos\" \/>\n<!-- \/ Yoast SEO plugin. -->","yoast_head_json":{"title":"Abogados de Deficiencias Cong\u00e9nitas de las Extremidades Superiores e Inferiores","description":"Si su hijo naci\u00f3 con defectos en las extremidades, comun\u00edquese con los abogados de defectos cong\u00e9nitos de Sexner Injury Lawyers LLC en Chicago para conocer sus opciones legales.","robots":{"index":"index","follow":"follow","max-snippet":"max-snippet:-1","max-image-preview":"max-image-preview:large","max-video-preview":"max-video-preview:-1"},"canonical":"https:\/\/chicagoinjurylawyer.net\/es\/defectos-de-nacimiento\/deficiencias-de-las-extremidades\/","og_locale":"es_ES","og_type":"article","og_title":"Abogados de Deficiencias Cong\u00e9nitas de las Extremidades Superiores e Inferiores","og_description":"Si su hijo naci\u00f3 con defectos en las extremidades, comun\u00edquese con los abogados de defectos cong\u00e9nitos de Sexner Injury Lawyers LLC en Chicago para conocer sus opciones legales.","og_url":"https:\/\/chicagoinjurylawyer.net\/es\/defectos-de-nacimiento\/deficiencias-de-las-extremidades\/","og_site_name":"Sexner Injury Lawyers LLC","og_image":[{"url":"https:\/\/chicagoinjurylawyer.net\/wp-content\/uploads\/2022\/01\/Deficiencias-Conge\u0301nitas-de-las-Extremidades.jpg","type":"","width":"","height":""}],"twitter_card":"summary_large_image","twitter_misc":{"Tiempo de lectura":"4 minutos"},"schema":{"@context":"https:\/\/schema.org","@graph":[{"@type":"WebPage","@id":"https:\/\/chicagoinjurylawyer.net\/es\/defectos-de-nacimiento\/deficiencias-de-las-extremidades\/","url":"https:\/\/chicagoinjurylawyer.net\/es\/defectos-de-nacimiento\/deficiencias-de-las-extremidades\/","name":"Abogados de Deficiencias Cong\u00e9nitas de las Extremidades Superiores e Inferiores","isPartOf":{"@id":"https:\/\/chicagoinjurylawyer.net\/es\/#website"},"datePublished":"2022-01-27T22:02:34+00:00","description":"Si su hijo naci\u00f3 con defectos en las extremidades, comun\u00edquese con los abogados de defectos cong\u00e9nitos de [firm-name] en Chicago para conocer sus opciones legales.","breadcrumb":{"@id":"https:\/\/chicagoinjurylawyer.net\/es\/defectos-de-nacimiento\/deficiencias-de-las-extremidades\/#breadcrumb"},"inLanguage":"es","potentialAction":[{"@type":"ReadAction","target":["https:\/\/chicagoinjurylawyer.net\/es\/defectos-de-nacimiento\/deficiencias-de-las-extremidades\/"]}]},{"@type":"BreadcrumbList","@id":"https:\/\/chicagoinjurylawyer.net\/es\/defectos-de-nacimiento\/deficiencias-de-las-extremidades\/#breadcrumb","itemListElement":[{"@type":"ListItem","position":1,"name":"Negligencia M\u00e9dica","item":"https:\/\/chicagoinjurylawyer.net\/es\/negligencia-medica\/"},{"@type":"ListItem","position":2,"name":"Defectos de Nacimiento","item":"https:\/\/chicagoinjurylawyer.net\/es\/negligencia-medica\/defectos-de-nacimiento\/"},{"@type":"ListItem","position":3,"name":"Deficiencias Cong\u00e9nitas de las Extremidades"}]},{"@type":"WebSite","@id":"https:\/\/chicagoinjurylawyer.net\/es\/#website","url":"https:\/\/chicagoinjurylawyer.net\/es\/","name":"Sexner Injury Lawyers LLC","description":"Chicago Personal Injury Attorneys","publisher":{"@id":"https:\/\/chicagoinjurylawyer.net\/es\/#organization"},"potentialAction":[{"@type":"SearchAction","target":{"@type":"EntryPoint","urlTemplate":"https:\/\/chicagoinjurylawyer.net\/es\/?s={search_term_string}"},"query-input":{"@type":"PropertyValueSpecification","valueRequired":true,"valueName":"search_term_string"}}],"inLanguage":"es"},{"@type":"Organization","@id":"https:\/\/chicagoinjurylawyer.net\/es\/#organization","name":"[firm-name]","url":"https:\/\/chicagoinjurylawyer.net\/es\/","logo":{"@type":"ImageObject","inLanguage":"es","@id":"https:\/\/chicagoinjurylawyer.net\/es\/#\/schema\/logo\/image\/","url":"https:\/\/chicagoinjurylawyer.net\/wp-content\/uploads\/2019\/06\/msx-logo-1.png","contentUrl":"https:\/\/chicagoinjurylawyer.net\/wp-content\/uploads\/2019\/06\/msx-logo-1.png","width":180,"height":83,"caption":"[firm-name]"},"image":{"@id":"https:\/\/chicagoinjurylawyer.net\/es\/#\/schema\/logo\/image\/"}}]}},"_links":{"self":[{"href":"https:\/\/chicagoinjurylawyer.net\/es\/wp-json\/wp\/v2\/pages\/33317","targetHints":{"allow":["GET"]}}],"collection":[{"href":"https:\/\/chicagoinjurylawyer.net\/es\/wp-json\/wp\/v2\/pages"}],"about":[{"href":"https:\/\/chicagoinjurylawyer.net\/es\/wp-json\/wp\/v2\/types\/page"}],"author":[{"embeddable":true,"href":"https:\/\/chicagoinjurylawyer.net\/es\/wp-json\/wp\/v2\/users\/1"}],"replies":[{"embeddable":true,"href":"https:\/\/chicagoinjurylawyer.net\/es\/wp-json\/wp\/v2\/comments?post=33317"}],"version-history":[{"count":1,"href":"https:\/\/chicagoinjurylawyer.net\/es\/wp-json\/wp\/v2\/pages\/33317\/revisions"}],"predecessor-version":[{"id":33320,"href":"https:\/\/chicagoinjurylawyer.net\/es\/wp-json\/wp\/v2\/pages\/33317\/revisions\/33320"}],"up":[{"embeddable":true,"href":"https:\/\/chicagoinjurylawyer.net\/es\/wp-json\/wp\/v2\/pages\/33110"}],"wp:attachment":[{"href":"https:\/\/chicagoinjurylawyer.net\/es\/wp-json\/wp\/v2\/media?parent=33317"}],"curies":[{"name":"wp","href":"https:\/\/api.w.org\/{rel}","templated":true}]}}