{"id":33322,"date":"2022-01-27T16:37:50","date_gmt":"2022-01-27T22:37:50","guid":{"rendered":"https:\/\/pi-sexner.tseg.co\/?page_id=33322"},"modified":"2022-01-27T16:37:50","modified_gmt":"2022-01-27T22:37:50","slug":"paladar-hendido-y-labio-leporino","status":"publish","type":"page","link":"https:\/\/chicagoinjurylawyer.net\/es\/defectos-de-nacimiento\/paladar-hendido-y-labio-leporino\/","title":{"rendered":"Paladar Hendido y Labio Leporino"},"content":{"rendered":"<h1>Abogados de Paladar Hendido y Labio Leporino en Chicago<\/h1>\n<p><img decoding=\"async\" class=\"alignright wp-image-33323\" src=\"\/wp-content\/uploads\/2022\/01\/Abogados-de-Paladar-Hendido-y-Labio-Leporino-en-Chicago.jpg\" alt=\"Abogados de Paladar Hendido y Labio Leporino en Chicago\" width=\"400\" height=\"267\" srcset=\"https:\/\/chicagoinjurylawyer.net\/wp-content\/uploads\/2022\/01\/Abogados-de-Paladar-Hendido-y-Labio-Leporino-en-Chicago.jpg 1000w, https:\/\/chicagoinjurylawyer.net\/wp-content\/uploads\/2022\/01\/Abogados-de-Paladar-Hendido-y-Labio-Leporino-en-Chicago-300x200.jpg 300w, https:\/\/chicagoinjurylawyer.net\/wp-content\/uploads\/2022\/01\/Abogados-de-Paladar-Hendido-y-Labio-Leporino-en-Chicago-768x512.jpg 768w\" sizes=\"(max-width: 400px) 100vw, 400px\" \/>El labio leporino y el paladar hendido son defectos de nacimiento que se conocen como \"hendiduras orofaciales\". Durante el embarazo, las c\u00e9lulas especiales y los tejidos corporales convergen desde ambos lados de la cabeza hacia el centro para crear la cara del beb\u00e9 cuando se unen.<\/p>\n<p>Entre la cuarta y la s\u00e9ptima semana de embarazo, se forman los labios. Cuando el tejido no se une correctamente, se puede formar un labio leporino, en el que hay una peque\u00f1a hendidura en el labio o una abertura m\u00e1s grande que atraviesa el labio hasta la nariz. El labio leporino puede estar en un lado del labio, en ambos lados o, en casos raros, en el medio.<\/p>\n<p>Los beb\u00e9s que nacen con labio leporino pueden tener o no tener, paladar hendido. El paladar es el techo de la boca, que se desarrolla durante la sexta y novena semana de embarazo. Al igual que en el labio leporino, si el tejido no se une correctamente, se produce un paladar hendido, que puede afectar tanto la parte delantera como la trasera del paladar o solo una parte.<\/p>\n<p>Un beb\u00e9 que nace con paladar hendido o labio leporino generalmente requerir\u00e1 cirug\u00eda para reparar la afecci\u00f3n. Este es otro tipo de defecto cong\u00e9nito que puede resultar de la insuficiencia de \u00e1cido f\u00f3lico, las madres que tomaron el medicamento para la fertilidad Clomid u otras influencias. Es importante se\u00f1alar que los ni\u00f1os que nacen con labio leporino tienen opciones quir\u00fargicas para ayudar. Si su hijo naci\u00f3 con labio leporino o paladar hendido, los abogados de <a href=\"\/es\/\">Sexner Injury Lawyers LLC<\/a> en Chicago est\u00e1n preparados para ayudarlo. Cont\u00e1ctenos al <a href=\"tel:3122439922\">(312) 243-9922<\/a> para una consulta gratuita.<\/p>\n<h2>Causas de las Hendiduras Orofaciales<\/h2>\n<p>Aunque las causas de estos defectos de nacimiento a menudo son dif\u00edciles de determinar o de naturaleza gen\u00e9tica, algunos factores se han relacionado con ellos, que incluyen:<\/p>\n<ul>\n<li>Las mujeres que fuman tienen una mayor incidencia de ni\u00f1os con hendiduras orofaciales.<\/li>\n<li>Las mujeres con epilepsia que toman ciertos medicamentos durante el primer trimestre, como topiramato (Topomax) o \u00e1cido valproico, tienen una mayor incidencia de beb\u00e9s con hendiduras orofaciales.<\/li>\n<li>Las mujeres con diabetes tambi\u00e9n tienen una mayor incidencia.<\/li>\n<li>Mujeres que han tomado ondansetr\u00f3n (Zofran), un medicamento contra las n\u00e1useas, durante el embarazo.<\/li>\n<li>Mujeres que han tomado los medicamentos antidepresivos Paxil, Zoloft u otros ISRS durante el embarazo.<\/li>\n<li>Mujeres que han tomado valproato (Depakote) para tratar migra\u00f1as, ataques epil\u00e9pticos o trastorno bipolar durante el embarazo.<\/li>\n<\/ul>\n<h2>Demandas por Negligencia M\u00e9dica por Labio Leporino o Paladar Hendido<\/h2>\n<p>Las hendiduras orofaciales pueden causar varios problemas a los beb\u00e9s; incluidos problemas con el habla, la audici\u00f3n, la alimentaci\u00f3n, el crecimiento deficiente, las infecciones repetidas del o\u00eddo y la alineaci\u00f3n de los dientes. Por cuestiones de autoestima, as\u00ed como para corregir el desarrollo de la respiraci\u00f3n, el habla, la audici\u00f3n y el lenguaje, muchas familias optan por realizar una cirug\u00eda correctiva. Por lo general, coordinada por equipos de m\u00e9dicos para la fisura y el labio leporino, la cirug\u00eda para corregir el labio leporino generalmente se realiza en el primer a\u00f1o del beb\u00e9 y la cirug\u00eda para remediar la fisura palatina durante el primer a\u00f1o y medio de vida. Otros tratamientos, cirug\u00edas adicionales, ortodoncia y servicios de terapia del habla tambi\u00e9n pueden ser necesarios a medida que el ni\u00f1o envejece.<\/p>\n<p>Estas cirug\u00edas, sesiones de terapia y tratamientos son costosos; a menudo muy caro. Pero cuando se puede determinar que un m\u00e9dico u otro proveedor m\u00e9dico es realmente culpable o incluso parcialmente responsable del defecto cong\u00e9nito, es el m\u00e9dico quien tambi\u00e9n debe hacerse cargo de los costos monetarios del tratamiento, la cirug\u00eda y la terapia; no la familia del beb\u00e9 herido.<\/p>\n<p>En Sexner Injury Lawyers LLC, hemos estado ayudando a las familias desde 1990 a lidiar con problemas legales y m\u00e9dicos relacionados con defectos de nacimiento y atenci\u00f3n m\u00e9dica negligente. Un m\u00e9dico puede haber cometido <a href=\"\/es\/negligencia-medica\/\">negligencia m\u00e9dica<\/a> de varias formas. El error m\u00e9dico puede haber involucrado:<\/p>\n<ul>\n<li>Recetar un <a href=\"\/es\/negligencia-medica\/errores-de-prescripciones-y-medicamentos\/\">medicamento<\/a> relacionado con defectos de nacimiento<\/li>\n<li><a href=\"\/es\/negligencia-medica\/diagnostico-erroneo\/\">No diagnosticar r\u00e1pidamente<\/a> la anomal\u00eda<\/li>\n<li>No tratarlo adecuadamente<\/li>\n<li><a href=\"\/es\/negligencia-medica\/errores-quirurgicos\/\">No realizar la cirug\u00eda correctamente<\/a><\/li>\n<\/ul>\n<h2>Comun\u00edquese Hoy Mismo con Nuestro Experimentado Equipo Legal<\/h2>\n<p>Varios proveedores m\u00e9dicos pueden ser legalmente responsables, incluido <a href=\"\/es\/negligencia-medica\/ginecologia\/\">el obstetra<\/a>, <a href=\"\/es\/negligencia-medica\/errores-de-radiologia\/\">radi\u00f3logo<\/a>, pediatra, cirujano pl\u00e1stico o especialista en cirug\u00eda craneofacial. Nuestro experimentado equipo legal revisar\u00e1 cuidadosamente todos los registros m\u00e9dicos junto con nuestros propios expertos m\u00e9dicos para ayudar a determinar si ocurri\u00f3 una negligencia m\u00e9dica. Esto se hace sin cargo y no se aplican tarifas a menos que finalmente tengamos \u00e9xito en nombre de su familia. Ya se han recaudado <a href=\"\/es\/nuestro-exito\/\">millones de d\u00f3lares<\/a> para nuestras familias que lo merecen. As\u00ed que llame a nuestros abogados de negligencia m\u00e9dica en Chicago al <a href=\"tel:3122439922\">(312) 243-9922<\/a> para obtener informaci\u00f3n \u00fatil gratuita y para discutir sus circunstancias particulares hoy.<\/p>\n","protected":false},"excerpt":{"rendered":"<p>Abogados de Paladar Hendido y Labio Leporino en Chicago El labio leporino y el paladar hendido son defectos de nacimiento que se conocen como \"hendiduras orofaciales\". Durante el embarazo, las c\u00e9lulas especiales y los tejidos corporales convergen desde ambos lados de la cabeza hacia el centro para crear la cara del beb\u00e9 cuando se unen. [&hellip;]<\/p>\n","protected":false},"author":1,"featured_media":0,"parent":33110,"menu_order":0,"comment_status":"closed","ping_status":"closed","template":"","meta":{"_acf_changed":false,"footnotes":""},"class_list":["post-33322","page","type-page","status-publish","hentry"],"acf":[],"yoast_head":"<!-- This site is optimized with the Yoast SEO plugin v27.4 - https:\/\/yoast.com\/product\/yoast-seo-wordpress\/ -->\n<title>Abogados de Paladar Hendido y Labio Leporino en Chicago - Sexner Injury Lawyers LLC<\/title>\n<meta name=\"description\" content=\"Si su hijo naci\u00f3 con labio leporino o paladar hendido, los abogados de Sexner Injury Lawyers LLC en Chicago est\u00e1n preparados para ayudarlo. Cont\u00e1ctenos al (312) 243-9922 para una consulta gratuita.\" \/>\n<meta name=\"robots\" content=\"index, follow, max-snippet:-1, max-image-preview:large, max-video-preview:-1\" \/>\n<link rel=\"canonical\" href=\"https:\/\/chicagoinjurylawyer.net\/es\/defectos-de-nacimiento\/paladar-hendido-y-labio-leporino\/\" \/>\n<meta property=\"og:locale\" content=\"es_ES\" \/>\n<meta property=\"og:type\" content=\"article\" \/>\n<meta property=\"og:title\" content=\"Abogados de Paladar Hendido y Labio Leporino en Chicago - Sexner Injury Lawyers LLC\" \/>\n<meta property=\"og:description\" content=\"Si su hijo naci\u00f3 con labio leporino o paladar hendido, los abogados de Sexner Injury Lawyers LLC en Chicago est\u00e1n preparados para ayudarlo. Cont\u00e1ctenos al (312) 243-9922 para una consulta gratuita.\" \/>\n<meta property=\"og:url\" content=\"https:\/\/chicagoinjurylawyer.net\/es\/defectos-de-nacimiento\/paladar-hendido-y-labio-leporino\/\" \/>\n<meta property=\"og:site_name\" content=\"Sexner Injury Lawyers LLC\" \/>\n<meta property=\"og:image\" content=\"https:\/\/chicagoinjurylawyer.net\/wp-content\/uploads\/2022\/01\/Abogados-de-Paladar-Hendido-y-Labio-Leporino-en-Chicago.jpg\" \/>\n<meta name=\"twitter:card\" content=\"summary_large_image\" \/>\n<meta name=\"twitter:label1\" content=\"Tiempo de lectura\" \/>\n\t<meta name=\"twitter:data1\" content=\"4 minutos\" \/>\n<!-- \/ Yoast SEO plugin. -->","yoast_head_json":{"title":"Abogados de Paladar Hendido y Labio Leporino en Chicago - Sexner Injury Lawyers LLC","description":"Si su hijo naci\u00f3 con labio leporino o paladar hendido, los abogados de Sexner Injury Lawyers LLC en Chicago est\u00e1n preparados para ayudarlo. Cont\u00e1ctenos al (312) 243-9922 para una consulta gratuita.","robots":{"index":"index","follow":"follow","max-snippet":"max-snippet:-1","max-image-preview":"max-image-preview:large","max-video-preview":"max-video-preview:-1"},"canonical":"https:\/\/chicagoinjurylawyer.net\/es\/defectos-de-nacimiento\/paladar-hendido-y-labio-leporino\/","og_locale":"es_ES","og_type":"article","og_title":"Abogados de Paladar Hendido y Labio Leporino en Chicago - Sexner Injury Lawyers LLC","og_description":"Si su hijo naci\u00f3 con labio leporino o paladar hendido, los abogados de Sexner Injury Lawyers LLC en Chicago est\u00e1n preparados para ayudarlo. Cont\u00e1ctenos al (312) 243-9922 para una consulta gratuita.","og_url":"https:\/\/chicagoinjurylawyer.net\/es\/defectos-de-nacimiento\/paladar-hendido-y-labio-leporino\/","og_site_name":"Sexner Injury Lawyers LLC","og_image":[{"url":"https:\/\/chicagoinjurylawyer.net\/wp-content\/uploads\/2022\/01\/Abogados-de-Paladar-Hendido-y-Labio-Leporino-en-Chicago.jpg","type":"","width":"","height":""}],"twitter_card":"summary_large_image","twitter_misc":{"Tiempo de lectura":"4 minutos"},"schema":{"@context":"https:\/\/schema.org","@graph":[{"@type":"WebPage","@id":"https:\/\/chicagoinjurylawyer.net\/es\/defectos-de-nacimiento\/paladar-hendido-y-labio-leporino\/","url":"https:\/\/chicagoinjurylawyer.net\/es\/defectos-de-nacimiento\/paladar-hendido-y-labio-leporino\/","name":"Abogados de Paladar Hendido y Labio Leporino en Chicago - Sexner Injury Lawyers LLC","isPartOf":{"@id":"https:\/\/chicagoinjurylawyer.net\/es\/#website"},"datePublished":"2022-01-27T22:37:50+00:00","description":"Si su hijo naci\u00f3 con labio leporino o paladar hendido, los abogados de [firm-name] en Chicago est\u00e1n preparados para ayudarlo. Cont\u00e1ctenos al [phone-number] para una consulta gratuita.","breadcrumb":{"@id":"https:\/\/chicagoinjurylawyer.net\/es\/defectos-de-nacimiento\/paladar-hendido-y-labio-leporino\/#breadcrumb"},"inLanguage":"es","potentialAction":[{"@type":"ReadAction","target":["https:\/\/chicagoinjurylawyer.net\/es\/defectos-de-nacimiento\/paladar-hendido-y-labio-leporino\/"]}]},{"@type":"BreadcrumbList","@id":"https:\/\/chicagoinjurylawyer.net\/es\/defectos-de-nacimiento\/paladar-hendido-y-labio-leporino\/#breadcrumb","itemListElement":[{"@type":"ListItem","position":1,"name":"Negligencia M\u00e9dica","item":"https:\/\/chicagoinjurylawyer.net\/es\/negligencia-medica\/"},{"@type":"ListItem","position":2,"name":"Defectos de Nacimiento","item":"https:\/\/chicagoinjurylawyer.net\/es\/negligencia-medica\/defectos-de-nacimiento\/"},{"@type":"ListItem","position":3,"name":"Paladar Hendido y Labio Leporino"}]},{"@type":"WebSite","@id":"https:\/\/chicagoinjurylawyer.net\/es\/#website","url":"https:\/\/chicagoinjurylawyer.net\/es\/","name":"Sexner Injury Lawyers LLC","description":"Chicago Personal Injury Attorneys","publisher":{"@id":"https:\/\/chicagoinjurylawyer.net\/es\/#organization"},"potentialAction":[{"@type":"SearchAction","target":{"@type":"EntryPoint","urlTemplate":"https:\/\/chicagoinjurylawyer.net\/es\/?s={search_term_string}"},"query-input":{"@type":"PropertyValueSpecification","valueRequired":true,"valueName":"search_term_string"}}],"inLanguage":"es"},{"@type":"Organization","@id":"https:\/\/chicagoinjurylawyer.net\/es\/#organization","name":"[firm-name]","url":"https:\/\/chicagoinjurylawyer.net\/es\/","logo":{"@type":"ImageObject","inLanguage":"es","@id":"https:\/\/chicagoinjurylawyer.net\/es\/#\/schema\/logo\/image\/","url":"https:\/\/chicagoinjurylawyer.net\/wp-content\/uploads\/2019\/06\/msx-logo-1.png","contentUrl":"https:\/\/chicagoinjurylawyer.net\/wp-content\/uploads\/2019\/06\/msx-logo-1.png","width":180,"height":83,"caption":"[firm-name]"},"image":{"@id":"https:\/\/chicagoinjurylawyer.net\/es\/#\/schema\/logo\/image\/"}}]}},"_links":{"self":[{"href":"https:\/\/chicagoinjurylawyer.net\/es\/wp-json\/wp\/v2\/pages\/33322","targetHints":{"allow":["GET"]}}],"collection":[{"href":"https:\/\/chicagoinjurylawyer.net\/es\/wp-json\/wp\/v2\/pages"}],"about":[{"href":"https:\/\/chicagoinjurylawyer.net\/es\/wp-json\/wp\/v2\/types\/page"}],"author":[{"embeddable":true,"href":"https:\/\/chicagoinjurylawyer.net\/es\/wp-json\/wp\/v2\/users\/1"}],"replies":[{"embeddable":true,"href":"https:\/\/chicagoinjurylawyer.net\/es\/wp-json\/wp\/v2\/comments?post=33322"}],"version-history":[{"count":1,"href":"https:\/\/chicagoinjurylawyer.net\/es\/wp-json\/wp\/v2\/pages\/33322\/revisions"}],"predecessor-version":[{"id":33325,"href":"https:\/\/chicagoinjurylawyer.net\/es\/wp-json\/wp\/v2\/pages\/33322\/revisions\/33325"}],"up":[{"embeddable":true,"href":"https:\/\/chicagoinjurylawyer.net\/es\/wp-json\/wp\/v2\/pages\/33110"}],"wp:attachment":[{"href":"https:\/\/chicagoinjurylawyer.net\/es\/wp-json\/wp\/v2\/media?parent=33322"}],"curies":[{"name":"wp","href":"https:\/\/api.w.org\/{rel}","templated":true}]}}