{"id":33344,"date":"2022-01-28T16:48:28","date_gmt":"2022-01-28T22:48:28","guid":{"rendered":"https:\/\/pi-sexner.tseg.co\/?page_id=33344"},"modified":"2022-01-28T16:48:28","modified_gmt":"2022-01-28T22:48:28","slug":"cordon-umbilical","status":"publish","type":"page","link":"https:\/\/chicagoinjurylawyer.net\/es\/negligencia-medica\/lesiones-de-nacimiento\/cordon-umbilical\/","title":{"rendered":"Cord\u00f3n Umbilical"},"content":{"rendered":"<h1>Abogados de Lesiones del Cord\u00f3n Umbilical en Chicago<\/h1>\n<p>El cord\u00f3n umbilical es el tubo que conecta a la madre con el feto durante el embarazo. Comienza a formarse alrededor de la cuarta semana de embarazo y finalmente crece hasta aproximadamente 22 pulgadas de largo. Dentro del cord\u00f3n umbilical hay tres vasos sangu\u00edneos principales. Una de estas venas es responsable de la transferencia de ox\u00edgeno y alimentos del torrente sangu\u00edneo de la madre al torrente sangu\u00edneo del feto a trav\u00e9s de la placenta. Las otras dos arterias tienen la tarea de transferir los desechos del feto a la placenta. Dentro del cord\u00f3n umbilical hay un material llamado gelatina de Wharton, que protege y amortigua estos tres vasos sangu\u00edneos principales.<\/p>\n<p>Sin esta l\u00ednea de vida, el feto simplemente no podr\u00eda sobrevivir al embarazo. Despu\u00e9s del parto, este cord\u00f3n se corta y el beb\u00e9 est\u00e1 solo. Pero hasta ese momento, el buen funcionamiento del cord\u00f3n umbilical es de suma importancia. Cuando surgen problemas, pueden producirse problemas de salud graves, pueden producirse lesiones graves y, seg\u00fan la extensi\u00f3n del problema, puede producirse la muerte.<\/p>\n<img decoding=\"async\" class=\"aligncenter size-full wp-image-33351\" src=\"\/wp-content\/uploads\/2022\/01\/Lesiones-del-Cordo\u0301n-Umbilical.jpg\" alt=\"Abogados de Lesiones del Cordo\u0301n Umbilical\" width=\"1000\" height=\"1000\" srcset=\"https:\/\/chicagoinjurylawyer.net\/wp-content\/uploads\/2022\/01\/Lesiones-del-Cordo\u0301n-Umbilical.jpg 1000w, https:\/\/chicagoinjurylawyer.net\/wp-content\/uploads\/2022\/01\/Lesiones-del-Cordo\u0301n-Umbilical-300x300.jpg 300w, https:\/\/chicagoinjurylawyer.net\/wp-content\/uploads\/2022\/01\/Lesiones-del-Cordo\u0301n-Umbilical-150x150.jpg 150w, https:\/\/chicagoinjurylawyer.net\/wp-content\/uploads\/2022\/01\/Lesiones-del-Cordo\u0301n-Umbilical-768x768.jpg 768w\" sizes=\"(max-width: 1000px) 100vw, 1000px\" \/>\n<h2>Tipos de Lesiones del Cord\u00f3n Umbilical<\/h2>\n<p>Es responsabilidad del m\u00e9dico controlar al feto durante el embarazo y el parto para asegurarse de que no existan problemas con el cord\u00f3n umbilical. Cuando alg\u00fan miembro del equipo m\u00e9dico no lo hace, y la negligencia resulta en lesiones al beb\u00e9, se ha producido una <a href=\"\/es\/negligencia-medica\/\">negligencia m\u00e9dica<\/a>.<\/p>\n<p>Algunas complicaciones del cord\u00f3n umbilical incluyen:<\/p>\n<h3>Cord\u00f3n Nucal<\/h3>\n<p>Ocurriendo en m\u00e1s del 10% de todos los nacimientos, un cord\u00f3n nucal se refiere a un cord\u00f3n umbilical que se envuelve alrededor del cuello del beb\u00e9, generalmente solo una vez, pero en algunos casos varias veces. Como era de esperar, cuantas m\u00e1s veces se enrolle el cord\u00f3n, m\u00e1s dif\u00edcil ser\u00e1 sacar al beb\u00e9 de esta situaci\u00f3n peligrosa y potencialmente mortal.<\/p>\n<p>Generalmente, los beb\u00e9s con cord\u00f3n nucal est\u00e1n sanos, ya que esto le puede pasar a cualquier beb\u00e9. Pero ciertos factores de riesgo aumentan la probabilidad de tal condici\u00f3n, que incluyen:<\/p>\n<ul>\n<li>Un bebe de gran tama\u00f1o<\/li>\n<li>Volumen de l\u00edquido amni\u00f3tico superior al normal<\/li>\n<li>Mellizos, trillizos u otros nacimientos m\u00faltiples<\/li>\n<li>Presentaci\u00f3n de nalgas o hombro al nacer<\/li>\n<\/ul>\n<p>La presencia de un cord\u00f3n nucal generalmente se puede detectar en una ecograf\u00eda y el m\u00e9dico generalmente puede quitar el cord\u00f3n del cuello del beb\u00e9 durante el trabajo de parto. Pero en circunstancias en las que el <a href=\"\/es\/negligencia-medica\/diagnostico-erroneo\/\">m\u00e9dico es negligente<\/a> y no detecta la afecci\u00f3n, un cord\u00f3n nucal puede reducir significativamente la frecuencia card\u00edaca del beb\u00e9 y crear una situaci\u00f3n peligrosa o mortal. En circunstancias en las que el m\u00e9dico no act\u00faa correctamente y se produce una negligencia m\u00e9dica, el beb\u00e9 puede estar en riesgo de:<\/p>\n<ul>\n<li>Complicaciones o da\u00f1o cerebral fetal debido a la p\u00e9rdida de ox\u00edgeno.<\/li>\n<li>Anomal\u00edas fetales relacionadas con la frecuencia card\u00edaca.<\/li>\n<li>Restricciones del flujo sangu\u00edneo<\/li>\n<li>Disminuci\u00f3n del desarrollo fetal.<\/li>\n<\/ul>\n<h3>Prolapso del Cord\u00f3n Umbilical<\/h3>\n<p>Afecci\u00f3n en la que el cord\u00f3n umbilical precede al nacimiento del beb\u00e9 y cae a trav\u00e9s del cuello uterino abierto de la madre durante el parto. Como era de esperar, cuando esto ocurre, el cord\u00f3n puede pellizcarse o enredarse alrededor del beb\u00e9, causando una serie de problemas. Los factores de riesgo del prolapso del cord\u00f3n incluyen:<\/p>\n<ul>\n<li>Cord\u00f3n umbilical m\u00e1s largo de lo normal<\/li>\n<li>Beb\u00e9s con bajo peso al nacer<\/li>\n<li>Nacimientos m\u00faltiples<\/li>\n<li>Exceso de l\u00edquido amni\u00f3tico (polihidramnios)<\/li>\n<li>Beb\u00e9s prematuros<\/li>\n<li>Circunstancias en las que el m\u00e9dico rompe las membranas para comenzar el trabajo de parto.<\/li>\n<li>La presentaci\u00f3n de nalgas<\/li>\n<\/ul>\n<p>Aunque el prolapso del cord\u00f3n se puede manejar sin ning\u00fan efecto negativo en el beb\u00e9, a veces un cord\u00f3n pellizcado, atrapado o enrollado puede provocar lesiones graves por falta de ox\u00edgeno. Esto, a su vez, puede conducir a una serie de problemas m\u00e9dicos que incluyen <a href=\"\/es\/negligencia-medica\/lesiones-de-nacimiento\/dano-cerebral\/\">da\u00f1o cerebral<\/a>,\u00a0 <a href=\"\/es\/negligencia-medica\/lesiones-de-nacimiento\/paralisis-cerebral\/\">par\u00e1lisis cerebral<\/a>, problemas cognitivos o incluso muerte infantil \/ muerte fetal. Si cree que un prolapso de cord\u00f3n no se manej\u00f3 correctamente y que pudo haber ocurrido una negligencia m\u00e9dica, comun\u00edquese con un abogado de inmediato.<\/p>\n<h3>Vasa Previa<\/h3>\n<p>Cuando uno o m\u00e1s vasos sangu\u00edneos de la placenta o del cord\u00f3n umbilical cruzan la abertura del \u00fatero (cuello uterino), esto se denomina vasa previa. Existe el peligro de que estos vasos sangu\u00edneos, que est\u00e1n desprotegidos, se rompan durante el trabajo de parto, lo que puede resultar en una hemorragia potencialmente mortal, lo que resulta en la muerte de m\u00e1s de la mitad de los beb\u00e9s que la padecen. Afortunadamente, la vasa previa es una afecci\u00f3n poco com\u00fan que ocurre en menos del 1% de los nacimientos. Puede diagnosticarse durante un examen p\u00e9lvico o una ecograf\u00eda, y los factores de riesgo conocidos incluyen:<\/p>\n<ul>\n<li>Nacimientos m\u00faltiples<\/li>\n<li>Problemas de placenta, como placenta previa (una placenta baja que cubre parte o todo el cuello uterino)<\/li>\n<li>Inserci\u00f3n de cord\u00f3n umbilical (cuando el cord\u00f3n umbilical no se conecta correctamente con la placenta)<\/li>\n<\/ul>\n<p>En algunas circunstancias, cuando se ha diagnosticado vasa previa, se puede considerar negligencia m\u00e9dica no realizar una ces\u00e1rea.<\/p>\n<h3>Arteria Umbilical \u00danica<\/h3>\n<p><img decoding=\"async\" class=\"alignright wp-image-33347\" src=\"\/wp-content\/uploads\/2022\/01\/Abogados-de-Lesiones-del-Cordo\u0301n-Umbilical.jpg\" alt=\"Abogados de Lesiones del Cordo\u0301n Umbilical en Chicago\" width=\"400\" height=\"189\" srcset=\"https:\/\/chicagoinjurylawyer.net\/wp-content\/uploads\/2022\/01\/Abogados-de-Lesiones-del-Cordo\u0301n-Umbilical.jpg 1000w, https:\/\/chicagoinjurylawyer.net\/wp-content\/uploads\/2022\/01\/Abogados-de-Lesiones-del-Cordo\u0301n-Umbilical-300x142.jpg 300w, https:\/\/chicagoinjurylawyer.net\/wp-content\/uploads\/2022\/01\/Abogados-de-Lesiones-del-Cordo\u0301n-Umbilical-768x362.jpg 768w\" sizes=\"(max-width: 400px) 100vw, 400px\" \/>Cuando falta una arteria en el cord\u00f3n umbilical, esta rara condici\u00f3n, que ocurre en aproximadamente el 1% de los embarazos de un solo nacimiento y el 5% de los embarazos de nacimiento m\u00faltiple, se llama arteria umbilical \u00fanica. De los ni\u00f1os que nacen con esta afecci\u00f3n, alrededor del 20% tambi\u00e9n tienen afecciones gen\u00e9ticas, renales, digestivas o card\u00edacas.<\/p>\n<p>Durante el embarazo, una ecograf\u00eda puede revelar la existencia de una sola arteria umbilical. En tal circunstancia, el m\u00e9dico puede sugerir un ecocardiograma, una amniocentesis y \/ o una <a href=\"\/es\/negligencia-medica\/errores-de-radiologia\/\">ecograf\u00eda<\/a> m\u00e1s detallada para controlar adecuadamente la salud del beb\u00e9 durante el embarazo. Al igual que con todos los dem\u00e1s problemas del cord\u00f3n umbilical, cuando un m\u00e9dico no diagnostica adecuadamente dicha afecci\u00f3n y resulta en lesiones, puede ser necesario entablar una demanda por negligencia m\u00e9dica.<\/p>\n<h3>Nudos del Cord\u00f3n Umbilical<\/h3>\n<p><img decoding=\"async\" class=\"alignright wp-image-33345\" src=\"\/wp-content\/uploads\/2022\/01\/Abogados-de-Lesiones-del-Cordo\u0301n-Umbilical-en-Chicago.jpg\" alt=\"Abogados de Lesiones del Cordo\u0301n Umbilical en Chicago\" width=\"400\" height=\"242\" srcset=\"https:\/\/chicagoinjurylawyer.net\/wp-content\/uploads\/2022\/01\/Abogados-de-Lesiones-del-Cordo\u0301n-Umbilical-en-Chicago.jpg 1000w, https:\/\/chicagoinjurylawyer.net\/wp-content\/uploads\/2022\/01\/Abogados-de-Lesiones-del-Cordo\u0301n-Umbilical-en-Chicago-300x182.jpg 300w, https:\/\/chicagoinjurylawyer.net\/wp-content\/uploads\/2022\/01\/Abogados-de-Lesiones-del-Cordo\u0301n-Umbilical-en-Chicago-768x465.jpg 768w\" sizes=\"(max-width: 400px) 100vw, 400px\" \/>Cuando un feto se voltea y se mueve en el saco amni\u00f3tico, se pueden producir nudos en el cord\u00f3n umbilical. Esta probabilidad es a\u00fan mayor con los gemelos, ya que los beb\u00e9s comparten el mismo saco y aumentan las posibilidades de que se enreden los cordones. Aunque los nudos suelen estar sueltos y no suponen un peligro inmediato, en los casos en los que los nudos est\u00e1n apretados, la p\u00e9rdida potencial de ox\u00edgeno es de gran preocupaci\u00f3n.<\/p>\n<p>Esto se debe a que cuando un beb\u00e9 se ve privado de ox\u00edgeno o flujo sangu\u00edneo, incluso por un per\u00edodo corto de tiempo, puede ocurrir un da\u00f1o cerebral traum\u00e1tico, lo que resulta en una disminuci\u00f3n de por vida de las capacidades cognitivas. En otros casos extremos, puede ocurrir <a href=\"\/es\/muerte-injusta\/\">muerte por negligencia<\/a> (muerte fetal o aborto espont\u00e1neo). Los m\u00e9dicos, hospitales y el personal de enfermer\u00eda de guardia deben prestar mucha atenci\u00f3n para evitar complicaciones que afecten negativamente al beb\u00e9. Cuando un profesional m\u00e9dico no lo hace y resulta en <a href=\"\/es\/\">lesiones<\/a>, se ha producido una negligencia m\u00e9dica.<\/p>\n<h2>Presentar una Demanda por Negligencia M\u00e9dica por Negligencia del Cord\u00f3n Umbilical<\/h2>\n<p>Durante el embarazo, un m\u00e9dico debe aprovechar todas las pruebas de diagn\u00f3stico disponibles para buscar posibles problemas. La salud del cord\u00f3n umbilical es vital, ya que es responsable del movimiento de alimentos y ox\u00edgeno entre la madre y el feto. Sin este v\u00ednculo, no puede haber vida.<\/p>\n<p>El estado y la ubicaci\u00f3n del cord\u00f3n deben controlarse no solo durante el embarazo, sino especialmente durante el parto. Si el cord\u00f3n est\u00e1 pellizcado, atrapado, apretado o anudado, el flujo de ox\u00edgeno puede detenerse y r\u00e1pidamente se producir\u00e1n da\u00f1os cerebrales u otras lesiones graves. Los m\u00e9dicos y el personal deben estar constantemente alerta para detectar condiciones anormales que puedan provocar lesiones en el nacimiento o la muerte. Es su responsabilidad tomar medidas apropiadas e inmediatas cuando existan tales condiciones, y no hacerlo puede equivaler a negligencia m\u00e9dica.<\/p>\n<p>Cuando esto sucede, se puede entablar una demanda contra los profesionales m\u00e9dicos responsables para obligarlos a asumir la responsabilidad de sus acciones negligentes. Esto debe hacerse no solo para lograr justicia, sino para proporcionar una compensaci\u00f3n monetaria justa para satisfacer las necesidades del ni\u00f1o y la familia lesionados. Las demandas por lesiones de nacimiento no son asuntos f\u00e1ciles. Las compa\u00f1\u00edas de seguros m\u00e9dicos suelen luchar en\u00e9rgicamente. Pero con abogados experimentados de su lado, no necesita preocuparse.<\/p>\n<h2>Llame a Nuestros Abogados de Lesiones del Cord\u00f3n Umbilical en Chicago Hoy Mismo<\/h2>\n<p>Si cree que un miembro de su familia ha sufrido da\u00f1os debido a las acciones o la inacci\u00f3n de un profesional m\u00e9dico, comun\u00edquese con Sexner Injury Lawyers LLC. Nuestros tel\u00e9fonos est\u00e1n abiertos las 24 horas del d\u00eda y puede hablar directamente con un abogado experimentado en lesiones de nacimiento en Chicago responsable de millones de d\u00f3lares en acuerdos y veredictos. Nunca se cobran tarifas a menos que tengamos \u00e9xito, y siempre es gratis hablar con un miembro de nuestro equipo legal. Llame ahora al <a href=\"tel:3122439922\">(312) 243-9922<\/a>.<\/p>\n","protected":false},"excerpt":{"rendered":"<p>Abogados de Lesiones del Cord\u00f3n Umbilical en Chicago El cord\u00f3n umbilical es el tubo que conecta a la madre con el feto durante el embarazo. Comienza a formarse alrededor de la cuarta semana de embarazo y finalmente crece hasta aproximadamente 22 pulgadas de largo. Dentro del cord\u00f3n umbilical hay tres vasos sangu\u00edneos principales. Una de [&hellip;]<\/p>\n","protected":false},"author":1,"featured_media":0,"parent":7394,"menu_order":0,"comment_status":"closed","ping_status":"closed","template":"","meta":{"_acf_changed":false,"footnotes":""},"class_list":["post-33344","page","type-page","status-publish","hentry"],"acf":[],"yoast_head":"<!-- This site is optimized with the Yoast SEO plugin v27.4 - https:\/\/yoast.com\/product\/yoast-seo-wordpress\/ -->\n<title>Abogados de Lesiones del Cord\u00f3n Umbilical en Chicago - Sexner Injury Lawyers LLC<\/title>\n<meta name=\"description\" content=\"Si cree que un miembro de su familia ha sufrido da\u00f1os debido a las acciones o la inacci\u00f3n de un profesional m\u00e9dico, comun\u00edquese con Sexner Injury Lawyers LLC.\" \/>\n<meta name=\"robots\" content=\"index, follow, max-snippet:-1, max-image-preview:large, max-video-preview:-1\" \/>\n<link rel=\"canonical\" href=\"https:\/\/chicagoinjurylawyer.net\/es\/negligencia-medica\/lesiones-de-nacimiento\/cordon-umbilical\/\" \/>\n<meta property=\"og:locale\" content=\"es_ES\" \/>\n<meta property=\"og:type\" content=\"article\" \/>\n<meta property=\"og:title\" content=\"Abogados de Lesiones del Cord\u00f3n Umbilical en Chicago - Sexner Injury Lawyers LLC\" \/>\n<meta property=\"og:description\" content=\"Si cree que un miembro de su familia ha sufrido da\u00f1os debido a las acciones o la inacci\u00f3n de un profesional m\u00e9dico, comun\u00edquese con Sexner Injury Lawyers LLC.\" \/>\n<meta property=\"og:url\" content=\"https:\/\/chicagoinjurylawyer.net\/es\/negligencia-medica\/lesiones-de-nacimiento\/cordon-umbilical\/\" \/>\n<meta property=\"og:site_name\" content=\"Sexner Injury Lawyers LLC\" \/>\n<meta property=\"og:image\" content=\"https:\/\/chicagoinjurylawyer.net\/wp-content\/uploads\/2022\/01\/Lesiones-del-Cordo\u0301n-Umbilical.jpg\" \/>\n<meta name=\"twitter:card\" content=\"summary_large_image\" \/>\n<meta name=\"twitter:label1\" content=\"Tiempo de lectura\" \/>\n\t<meta name=\"twitter:data1\" content=\"7 minutos\" \/>\n<!-- \/ Yoast SEO plugin. -->","yoast_head_json":{"title":"Abogados de Lesiones del Cord\u00f3n Umbilical en Chicago - Sexner Injury Lawyers LLC","description":"Si cree que un miembro de su familia ha sufrido da\u00f1os debido a las acciones o la inacci\u00f3n de un profesional m\u00e9dico, comun\u00edquese con Sexner Injury Lawyers LLC.","robots":{"index":"index","follow":"follow","max-snippet":"max-snippet:-1","max-image-preview":"max-image-preview:large","max-video-preview":"max-video-preview:-1"},"canonical":"https:\/\/chicagoinjurylawyer.net\/es\/negligencia-medica\/lesiones-de-nacimiento\/cordon-umbilical\/","og_locale":"es_ES","og_type":"article","og_title":"Abogados de Lesiones del Cord\u00f3n Umbilical en Chicago - Sexner Injury Lawyers LLC","og_description":"Si cree que un miembro de su familia ha sufrido da\u00f1os debido a las acciones o la inacci\u00f3n de un profesional m\u00e9dico, comun\u00edquese con Sexner Injury Lawyers LLC.","og_url":"https:\/\/chicagoinjurylawyer.net\/es\/negligencia-medica\/lesiones-de-nacimiento\/cordon-umbilical\/","og_site_name":"Sexner Injury Lawyers LLC","og_image":[{"url":"https:\/\/chicagoinjurylawyer.net\/wp-content\/uploads\/2022\/01\/Lesiones-del-Cordo\u0301n-Umbilical.jpg","type":"","width":"","height":""}],"twitter_card":"summary_large_image","twitter_misc":{"Tiempo de lectura":"7 minutos"},"schema":{"@context":"https:\/\/schema.org","@graph":[{"@type":"WebPage","@id":"https:\/\/chicagoinjurylawyer.net\/es\/negligencia-medica\/lesiones-de-nacimiento\/cordon-umbilical\/","url":"https:\/\/chicagoinjurylawyer.net\/es\/negligencia-medica\/lesiones-de-nacimiento\/cordon-umbilical\/","name":"Abogados de Lesiones del Cord\u00f3n Umbilical en Chicago - Sexner Injury Lawyers LLC","isPartOf":{"@id":"https:\/\/chicagoinjurylawyer.net\/es\/#website"},"datePublished":"2022-01-28T22:48:28+00:00","description":"Si cree que un miembro de su familia ha sufrido da\u00f1os debido a las acciones o la inacci\u00f3n de un profesional m\u00e9dico, comun\u00edquese con [firm-name].","breadcrumb":{"@id":"https:\/\/chicagoinjurylawyer.net\/es\/negligencia-medica\/lesiones-de-nacimiento\/cordon-umbilical\/#breadcrumb"},"inLanguage":"es","potentialAction":[{"@type":"ReadAction","target":["https:\/\/chicagoinjurylawyer.net\/es\/negligencia-medica\/lesiones-de-nacimiento\/cordon-umbilical\/"]}]},{"@type":"BreadcrumbList","@id":"https:\/\/chicagoinjurylawyer.net\/es\/negligencia-medica\/lesiones-de-nacimiento\/cordon-umbilical\/#breadcrumb","itemListElement":[{"@type":"ListItem","position":1,"name":"Negligencia M\u00e9dica","item":"https:\/\/chicagoinjurylawyer.net\/es\/negligencia-medica\/"},{"@type":"ListItem","position":2,"name":"Lesiones De Nacimiento","item":"https:\/\/chicagoinjurylawyer.net\/es\/negligencia-medica\/lesiones-de-nacimiento\/"},{"@type":"ListItem","position":3,"name":"Cord\u00f3n Umbilical"}]},{"@type":"WebSite","@id":"https:\/\/chicagoinjurylawyer.net\/es\/#website","url":"https:\/\/chicagoinjurylawyer.net\/es\/","name":"Sexner Injury Lawyers LLC","description":"Chicago Personal Injury Attorneys","publisher":{"@id":"https:\/\/chicagoinjurylawyer.net\/es\/#organization"},"potentialAction":[{"@type":"SearchAction","target":{"@type":"EntryPoint","urlTemplate":"https:\/\/chicagoinjurylawyer.net\/es\/?s={search_term_string}"},"query-input":{"@type":"PropertyValueSpecification","valueRequired":true,"valueName":"search_term_string"}}],"inLanguage":"es"},{"@type":"Organization","@id":"https:\/\/chicagoinjurylawyer.net\/es\/#organization","name":"[firm-name]","url":"https:\/\/chicagoinjurylawyer.net\/es\/","logo":{"@type":"ImageObject","inLanguage":"es","@id":"https:\/\/chicagoinjurylawyer.net\/es\/#\/schema\/logo\/image\/","url":"https:\/\/chicagoinjurylawyer.net\/wp-content\/uploads\/2019\/06\/msx-logo-1.png","contentUrl":"https:\/\/chicagoinjurylawyer.net\/wp-content\/uploads\/2019\/06\/msx-logo-1.png","width":180,"height":83,"caption":"[firm-name]"},"image":{"@id":"https:\/\/chicagoinjurylawyer.net\/es\/#\/schema\/logo\/image\/"}}]}},"_links":{"self":[{"href":"https:\/\/chicagoinjurylawyer.net\/es\/wp-json\/wp\/v2\/pages\/33344","targetHints":{"allow":["GET"]}}],"collection":[{"href":"https:\/\/chicagoinjurylawyer.net\/es\/wp-json\/wp\/v2\/pages"}],"about":[{"href":"https:\/\/chicagoinjurylawyer.net\/es\/wp-json\/wp\/v2\/types\/page"}],"author":[{"embeddable":true,"href":"https:\/\/chicagoinjurylawyer.net\/es\/wp-json\/wp\/v2\/users\/1"}],"replies":[{"embeddable":true,"href":"https:\/\/chicagoinjurylawyer.net\/es\/wp-json\/wp\/v2\/comments?post=33344"}],"version-history":[{"count":1,"href":"https:\/\/chicagoinjurylawyer.net\/es\/wp-json\/wp\/v2\/pages\/33344\/revisions"}],"predecessor-version":[{"id":33353,"href":"https:\/\/chicagoinjurylawyer.net\/es\/wp-json\/wp\/v2\/pages\/33344\/revisions\/33353"}],"up":[{"embeddable":true,"href":"https:\/\/chicagoinjurylawyer.net\/es\/wp-json\/wp\/v2\/pages\/7394"}],"wp:attachment":[{"href":"https:\/\/chicagoinjurylawyer.net\/es\/wp-json\/wp\/v2\/media?parent=33344"}],"curies":[{"name":"wp","href":"https:\/\/api.w.org\/{rel}","templated":true}]}}