{"id":33355,"date":"2022-01-31T12:00:35","date_gmt":"2022-01-31T18:00:35","guid":{"rendered":"https:\/\/pi-sexner.tseg.co\/?page_id=33355"},"modified":"2022-01-31T12:00:35","modified_gmt":"2022-01-31T18:00:35","slug":"extractores-de-vacio","status":"publish","type":"page","link":"https:\/\/chicagoinjurylawyer.net\/es\/negligencia-medica\/lesiones-de-nacimiento\/extractores-de-vacio\/","title":{"rendered":"Extractores de Vac\u00edo"},"content":{"rendered":"<h1>Abogados de Lesiones de Nacimiento con Extractores de Vac\u00edo en Chicago<\/h1>\n<p><img decoding=\"async\" class=\"alignright wp-image-33360\" src=\"\/wp-content\/uploads\/2022\/01\/Abogados-de-Lesiones-con-Extractores-de-Vaci\u0301o.jpg\" alt=\"Abogados de Lesiones con Extractores de Vaci\u0301o\" width=\"400\" height=\"268\" srcset=\"https:\/\/chicagoinjurylawyer.net\/wp-content\/uploads\/2022\/01\/Abogados-de-Lesiones-con-Extractores-de-Vaci\u0301o.jpg 1000w, https:\/\/chicagoinjurylawyer.net\/wp-content\/uploads\/2022\/01\/Abogados-de-Lesiones-con-Extractores-de-Vaci\u0301o-300x201.jpg 300w, https:\/\/chicagoinjurylawyer.net\/wp-content\/uploads\/2022\/01\/Abogados-de-Lesiones-con-Extractores-de-Vaci\u0301o-768x515.jpg 768w\" sizes=\"(max-width: 400px) 100vw, 400px\" \/>Cuando un m\u00e9dico cree que el uso de una herramienta de parto es \u00fatil durante el parto, es probable que ese m\u00e9dico tome una decisi\u00f3n despu\u00e9s de consultar con la madre. Tanto las pinzas como la extracci\u00f3n con ventosa son comparables para ayudar a extraer al beb\u00e9, pero dependiendo de las circunstancias, el m\u00e9dico puede elegir una sobre la otra.<\/p>\n<p>Existen muchos dise\u00f1os de extractores de vac\u00edo, pero generalmente est\u00e1n construidos con polietileno o acero y pl\u00e1stico. No importa de qu\u00e9 est\u00e9n hechos, todos incluyen los siguientes componentes:<\/p>\n<ul>\n<li>Un asa para sujetar durante la extracci\u00f3n.<\/li>\n<li>Una ventosa generalmente con forma de hongo<\/li>\n<li>Un protector dentro de la ventosa<\/li>\n<li>Una bomba de vac\u00edo o un puerto para conectar una manguera de vac\u00edo.<\/li>\n<\/ul>\n<p>Los extractores de vac\u00edo y las pinzas alguna vez fueron muy comunes, pero se usan cada vez menos en estos d\u00edas. Como resultado, menos m\u00e9dicos tienen las habilidades y la pr\u00e1ctica necesarias para usar estas herramientas de manera competente. Desafortunadamente, a veces ocurren errores en el extractor de vac\u00edo durante el parto, lo que resulta en <a href=\"\/es\/\">lesiones graves<\/a> para el beb\u00e9 reci\u00e9n nacido.<\/p>\n<h2>Requisitos para Evitar Negligencia M\u00e9dica de Extracci\u00f3n por Vac\u00edo<\/h2>\n<p>Debido a que tanto los extractores de vac\u00edo como los f\u00f3rceps se usan esencialmente para el mismo prop\u00f3sito, la elecci\u00f3n de cu\u00e1l usar depende del profesional m\u00e9dico y de las circunstancias particulares a las que se enfrenta. Por lo tanto, antes de usar un extractor de vac\u00edo durante el parto, el m\u00e9dico debe asegurarse de que se cumplan ciertos requisitos para un parto exitoso con f\u00f3rceps antes de continuar:<\/p>\n<ul>\n<li>Membranas rotas<\/li>\n<li>Posici\u00f3n establecida de la cabeza, enganchada al canal del parto.<\/li>\n<li>Analgesia adecuada<\/li>\n<li>Evaluaci\u00f3n de la cabeza frente a la pelvis<\/li>\n<li>Cuello uterino dilatado y retra\u00eddo<\/li>\n<li>Instalaciones adecuadas y personal de apoyo.<\/li>\n<li>M\u00e9dico experto<\/li>\n<\/ul>\n<p>Cuando un m\u00e9dico o un miembro del personal m\u00e9dico no cumple y causa lesiones a la madre o al beb\u00e9, una demanda puede ser el mejor paso que seguir.<\/p>\n<h2>Se Requiere Consentimiento Informado<\/h2>\n<p>Adem\u00e1s, al igual que con cualquier otro procedimiento m\u00e9dico, el m\u00e9dico debe obtener un \"consentimiento informado\" del paciente antes de continuar. Sin embargo, es dif\u00edcil discutir completamente los procedimientos complicados en un corto per\u00edodo de tiempo, especialmente en circunstancias de <a href=\"\/es\/negligencia-medica\/errores-de-sala-emergencia\/\">emergencia<\/a>. Por lo tanto, a menudo es mejor que el <a href=\"\/es\/negligencia-medica\/ginecologia\/\">obstetra \/ ginec\u00f3logo<\/a> discuta el uso potencial de dichos instrumentos m\u00e9dicos con anticipaci\u00f3n. En general, el consentimiento informado para un procedimiento requiere lo siguiente:<\/p>\n<ul>\n<li>Una explicaci\u00f3n de por qu\u00e9 es necesario el procedimiento.<\/li>\n<li>Una discusi\u00f3n sobre los beneficios y los riesgos involucrados.<\/li>\n<li>Una discusi\u00f3n sobre otros m\u00e9todos o tratamientos alternativos.<\/li>\n<li>Una oportunidad para que el paciente haga preguntas.<\/li>\n<\/ul>\n<p>Bajo ninguna circunstancia debe apresurarse o apresurarse la decisi\u00f3n de utilizar una aspiradora. Incluso cuando hay poco tiempo, se debe tomar una decisi\u00f3n muy cuidadosa, ya que pueden producirse lesiones graves. Cuando el m\u00e9dico realiza el procedimiento sin primero obtener el consentimiento informado, es posible que se haya producido una <a href=\"\/es\/negligencia-medica\/\">negligencia m\u00e9dica<\/a>.<\/p>\n<img decoding=\"async\" class=\"aligncenter size-full wp-image-33358\" src=\"\/wp-content\/uploads\/2022\/01\/Abogados-de-Lesiones-de-Nacimiento-con-Extractores-de-Vaci\u0301o.jpg\" alt=\"Abogados de Lesiones de Nacimiento con Extractores de Vac\u00edo\" width=\"1000\" height=\"563\" srcset=\"https:\/\/chicagoinjurylawyer.net\/wp-content\/uploads\/2022\/01\/Abogados-de-Lesiones-de-Nacimiento-con-Extractores-de-Vaci\u0301o.jpg 1000w, https:\/\/chicagoinjurylawyer.net\/wp-content\/uploads\/2022\/01\/Abogados-de-Lesiones-de-Nacimiento-con-Extractores-de-Vaci\u0301o-300x169.jpg 300w, https:\/\/chicagoinjurylawyer.net\/wp-content\/uploads\/2022\/01\/Abogados-de-Lesiones-de-Nacimiento-con-Extractores-de-Vaci\u0301o-768x432.jpg 768w\" sizes=\"(max-width: 1000px) 100vw, 1000px\" \/>\n<h2>Razones para No Utilizar la Extracci\u00f3n por Vac\u00edo<\/h2>\n<p>Una vez que se han cumplido los requisitos y el paciente ha dado su consentimiento informado, a\u00fan es necesario determinar si existen indicadores para no seguir adelante con el uso del extractor de vac\u00edo. Algunos de esos indicadores incluyen:<\/p>\n<ul>\n<li>Presentaciones del feto que complicar\u00edan a\u00fan m\u00e1s la extracci\u00f3n, como cara, frente o nalgas<\/li>\n<li>Susceptibilidad fetal sospechada o conocida a sangrado o enfermedad \u00f3sea desmineralizarte<\/li>\n<li>Incapacidad para aplicar correctamente el dispositivo<\/li>\n<li>Posici\u00f3n fetal desconocida que no puede confirmarse mediante ecograf\u00eda o examen f\u00edsico<\/li>\n<li>Sospecha de relaci\u00f3n desproporcionada entre la cabeza del beb\u00e9 y la pelvis de la madre<\/li>\n<li>Feto de menos de 36 semanas<\/li>\n<li>Uso anterior fallido de f\u00f3rceps<\/li>\n<li>Huesos craneales superpuestos<\/li>\n<li>Beb\u00e9 anormalmente grande<\/li>\n<\/ul>\n<p>La decisi\u00f3n de proceder es importante. El uso inadecuado de la extracci\u00f3n por vac\u00edo puede ser una negligencia m\u00e9dica y resultar en lesiones graves o <a href=\"\/es\/muerte-injusta\/\">la muerte<\/a>.<\/p>\n<h2>T\u00e9cnica Adecuada de Extracci\u00f3n por Vac\u00edo<\/h2>\n<p>Incluso en circunstancias en las que se han cumplido todos los requisitos adecuados y no existen indicadores que sugieran que no se debe utilizar un extractor, la t\u00e9cnica adecuada es esencial e incluye:<\/p>\n<ul>\n<li>Elecci\u00f3n adecuada del dise\u00f1o de la taza<\/li>\n<li>C\u00e1lculo adecuado de la relaci\u00f3n feto p\u00e9lvica entre el beb\u00e9 y la madre.<\/li>\n<li>T\u00e9cnica, \u00e1ngulo y uso de la fuerza adecuados<\/li>\n<li>Posici\u00f3n adecuada del cr\u00e1neo fetal cuando se aplica la succi\u00f3n<\/li>\n<\/ul>\n<p>Cuando un m\u00e9dico no sigue la t\u00e9cnica correcta de extracci\u00f3n por vac\u00edo y resulta en lesiones o muerte, la familia debe comunicarse con un abogado calificado en lesiones de nacimiento en Chicago para analizar sus opciones.<\/p>\n<h2>Lesiones de Nacimiento por Parto Negligente Asistido por Vac\u00edo<\/h2>\n<p><img decoding=\"async\" class=\"alignright wp-image-33356\" src=\"\/wp-content\/uploads\/2022\/01\/Abogados-de-Lesiones-de-Nacimiento-con-Extractores-de-Vaci\u0301o-en-Chicago.jpg\" alt=\"Abogados de Lesiones de Nacimiento con Extractores de Vac\u00edo en Chicago\" width=\"400\" height=\"211\" srcset=\"https:\/\/chicagoinjurylawyer.net\/wp-content\/uploads\/2022\/01\/Abogados-de-Lesiones-de-Nacimiento-con-Extractores-de-Vaci\u0301o-en-Chicago.jpg 1000w, https:\/\/chicagoinjurylawyer.net\/wp-content\/uploads\/2022\/01\/Abogados-de-Lesiones-de-Nacimiento-con-Extractores-de-Vaci\u0301o-en-Chicago-300x158.jpg 300w, https:\/\/chicagoinjurylawyer.net\/wp-content\/uploads\/2022\/01\/Abogados-de-Lesiones-de-Nacimiento-con-Extractores-de-Vaci\u0301o-en-Chicago-768x405.jpg 768w\" sizes=\"(max-width: 400px) 100vw, 400px\" \/>El parto de un ni\u00f1o rara vez es perfecto. Incluso en las circunstancias m\u00e1s normales, un parto vaginal \"est\u00e1ndar\" tiene el potencial de causar grandes da\u00f1os y lesiones a largo plazo tanto para el feto como para la madre. Pero el uso de dispositivos m\u00e9dicos como f\u00f3rceps y extractores de vac\u00edo agrega un nivel adicional a los peligros potenciales inherentes al proceso de parto.<\/p>\n<p>Cuando se aplica succi\u00f3n en el delicado cuero cabelludo de un beb\u00e9, pueden surgir problemas si no se hace con delicadeza y precisi\u00f3n. Algunas de las lesiones de nacimiento que pueden resultar incluyen:<\/p>\n<ul>\n<li><strong>Heridas en el cuero cabelludo<\/strong>: Por la propia naturaleza de la succi\u00f3n aplicada a la cabeza, puede producirse una hinchaz\u00f3n en forma de cono. Esto se conoce como mo\u00f1o. Adem\u00e1s, tambi\u00e9n pueden producirse cortes, hematomas, laceraciones y decoloraci\u00f3n.<\/li>\n<li><strong>Ictericia del reci\u00e9n nacido<\/strong>: Cuando se usa un extractor de vac\u00edo, es probable que se produzcan hematomas en el cuero cabelludo, que son causados \u200b\u200bpor la sangre que sale de los vasos sangu\u00edneos rotos. Cuando esta sangre se descompone, produce bilirrubina adicional. La coloraci\u00f3n amarillenta de la piel es el resultado de esto y, aunque es una condici\u00f3n com\u00fan, debe tratarse adecuadamente para evitar lesiones graves al beb\u00e9.<\/li>\n<li><strong>Hematoma<\/strong>: El uso de succi\u00f3n puede crear un hematoma, que se refiere a la formaci\u00f3n de sangre debajo de la piel. La sangre sale de las arterias o venas y entra en los tejidos que las rodean.\n<ul>\n<li>Un <strong>cefalohematoma<\/strong> se limita a un espacio espec\u00edfico y, por lo general, no necesita m\u00e1s tratamiento.<\/li>\n<li>Un <strong>hematoma subgaleal<\/strong> es m\u00e1s grave y muchos lo consideran la complicaci\u00f3n potencial m\u00e1s grave de la extracci\u00f3n con ventosa. Ocurre cuando el extractor de succi\u00f3n jala el cuero cabelludo del beb\u00e9 y el tejido debajo de \u00e9l lejos del cr\u00e1neo del beb\u00e9. Luego, la sangre se acumula en este gran espacio y crea una situaci\u00f3n potencialmente mortal.<\/li>\n<\/ul>\n<\/li>\n<li><strong>Hemorragia retiniana<\/strong>: Sangrado en la parte posterior de los ojos del beb\u00e9; esto puede deberse a la presi\u00f3n ejercida sobre la cabeza del beb\u00e9.<\/li>\n<li><strong>Hemorragia intracraneal<\/strong>: Sangrado en el cr\u00e1neo del beb\u00e9 que puede ocurrir debido a un exceso de succi\u00f3n y puede provocar una p\u00e9rdida de movimiento, habla y memoria.<\/li>\n<\/ul>\n<h2>Informaci\u00f3n Gratuita Sobre Demandas por Lesiones por Extractor de Vac\u00edo en Chicago<\/h2>\n<p>Todo parto, ya sea vaginal o por ces\u00e1rea, conlleva riesgos. Lo importante es c\u00f3mo el m\u00e9dico, el hospital y el personal m\u00e9dico eval\u00faan esos riesgos y si act\u00faan o no de manera inteligente, r\u00e1pida y adecuada. En circunstancias en las que crea que sus proveedores m\u00e9dicos han fallado y esta falla ha resultado en lesiones, podemos ayudarlo. Se puede entablar una demanda para recuperar los <a href=\"\/es\/nuestro-exito\/\">da\u00f1os monetarios<\/a> de los responsables. Nunca se cobran honorarios de abogados a menos que tengamos \u00e9xito en su nombre.<\/p>\n<p>Durante m\u00e1s de 30 a\u00f1os, nuestro experimentado equipo legal ha ayudado a familias en tiempos dif\u00edciles y ha recuperado millones de d\u00f3lares en el proceso. Para obtener informaci\u00f3n gratuita las 24 horas del d\u00eda, comun\u00edquese con los abogados de <a href=\"\/es\/negligencia-medica\/lesiones-de-nacimiento\/\">lesiones de nacimiento<\/a> en Chicago de Sexner Injury Lawyers LLC al <a href=\"tel:3122439922\">(312) 243-9922<\/a>.<\/p>\n","protected":false},"excerpt":{"rendered":"<p>Abogados de Lesiones de Nacimiento con Extractores de Vac\u00edo en Chicago Cuando un m\u00e9dico cree que el uso de una herramienta de parto es \u00fatil durante el parto, es probable que ese m\u00e9dico tome una decisi\u00f3n despu\u00e9s de consultar con la madre. Tanto las pinzas como la extracci\u00f3n con ventosa son comparables para ayudar a [&hellip;]<\/p>\n","protected":false},"author":1,"featured_media":0,"parent":7394,"menu_order":0,"comment_status":"closed","ping_status":"closed","template":"","meta":{"_acf_changed":false,"footnotes":""},"class_list":["post-33355","page","type-page","status-publish","hentry"],"acf":[],"yoast_head":"<!-- This site is optimized with the Yoast SEO plugin v27.3 - https:\/\/yoast.com\/product\/yoast-seo-wordpress\/ -->\n<title>Abogados de Lesiones de Nacimiento con Extractores de Vac\u00edo en Chicago - Sexner Injury Lawyers LLC<\/title>\n<meta name=\"description\" content=\"Desafortunadamente, a veces ocurren errores en el extractor de vac\u00edo durante el parto, lo que resulta en lesiones graves para el beb\u00e9 reci\u00e9n nacido.\" \/>\n<meta name=\"robots\" content=\"index, follow, max-snippet:-1, max-image-preview:large, max-video-preview:-1\" \/>\n<link rel=\"canonical\" href=\"https:\/\/chicagoinjurylawyer.net\/es\/negligencia-medica\/lesiones-de-nacimiento\/extractores-de-vacio\/\" \/>\n<meta property=\"og:locale\" content=\"es_ES\" \/>\n<meta property=\"og:type\" content=\"article\" \/>\n<meta property=\"og:title\" content=\"Abogados de Lesiones de Nacimiento con Extractores de Vac\u00edo en Chicago - Sexner Injury Lawyers LLC\" \/>\n<meta property=\"og:description\" content=\"Desafortunadamente, a veces ocurren errores en el extractor de vac\u00edo durante el parto, lo que resulta en lesiones graves para el beb\u00e9 reci\u00e9n nacido.\" \/>\n<meta property=\"og:url\" content=\"https:\/\/chicagoinjurylawyer.net\/es\/negligencia-medica\/lesiones-de-nacimiento\/extractores-de-vacio\/\" \/>\n<meta property=\"og:site_name\" content=\"Sexner Injury Lawyers LLC\" \/>\n<meta property=\"og:image\" content=\"https:\/\/chicagoinjurylawyer.net\/wp-content\/uploads\/2022\/01\/Abogados-de-Lesiones-con-Extractores-de-Vaci\u0301o.jpg\" \/>\n<meta name=\"twitter:card\" content=\"summary_large_image\" \/>\n<meta name=\"twitter:label1\" content=\"Tiempo de lectura\" \/>\n\t<meta name=\"twitter:data1\" content=\"7 minutos\" \/>\n<!-- \/ Yoast SEO plugin. -->","yoast_head_json":{"title":"Abogados de Lesiones de Nacimiento con Extractores de Vac\u00edo en Chicago - Sexner Injury Lawyers LLC","description":"Desafortunadamente, a veces ocurren errores en el extractor de vac\u00edo durante el parto, lo que resulta en lesiones graves para el beb\u00e9 reci\u00e9n nacido.","robots":{"index":"index","follow":"follow","max-snippet":"max-snippet:-1","max-image-preview":"max-image-preview:large","max-video-preview":"max-video-preview:-1"},"canonical":"https:\/\/chicagoinjurylawyer.net\/es\/negligencia-medica\/lesiones-de-nacimiento\/extractores-de-vacio\/","og_locale":"es_ES","og_type":"article","og_title":"Abogados de Lesiones de Nacimiento con Extractores de Vac\u00edo en Chicago - Sexner Injury Lawyers LLC","og_description":"Desafortunadamente, a veces ocurren errores en el extractor de vac\u00edo durante el parto, lo que resulta en lesiones graves para el beb\u00e9 reci\u00e9n nacido.","og_url":"https:\/\/chicagoinjurylawyer.net\/es\/negligencia-medica\/lesiones-de-nacimiento\/extractores-de-vacio\/","og_site_name":"Sexner Injury Lawyers LLC","og_image":[{"url":"https:\/\/chicagoinjurylawyer.net\/wp-content\/uploads\/2022\/01\/Abogados-de-Lesiones-con-Extractores-de-Vaci\u0301o.jpg","type":"","width":"","height":""}],"twitter_card":"summary_large_image","twitter_misc":{"Tiempo de lectura":"7 minutos"},"schema":{"@context":"https:\/\/schema.org","@graph":[{"@type":"WebPage","@id":"https:\/\/chicagoinjurylawyer.net\/es\/negligencia-medica\/lesiones-de-nacimiento\/extractores-de-vacio\/","url":"https:\/\/chicagoinjurylawyer.net\/es\/negligencia-medica\/lesiones-de-nacimiento\/extractores-de-vacio\/","name":"Abogados de Lesiones de Nacimiento con Extractores de Vac\u00edo en Chicago - Sexner Injury Lawyers LLC","isPartOf":{"@id":"https:\/\/chicagoinjurylawyer.net\/es\/#website"},"datePublished":"2022-01-31T18:00:35+00:00","description":"Desafortunadamente, a veces ocurren errores en el extractor de vac\u00edo durante el parto, lo que resulta en lesiones graves para el beb\u00e9 reci\u00e9n nacido.","breadcrumb":{"@id":"https:\/\/chicagoinjurylawyer.net\/es\/negligencia-medica\/lesiones-de-nacimiento\/extractores-de-vacio\/#breadcrumb"},"inLanguage":"es","potentialAction":[{"@type":"ReadAction","target":["https:\/\/chicagoinjurylawyer.net\/es\/negligencia-medica\/lesiones-de-nacimiento\/extractores-de-vacio\/"]}]},{"@type":"BreadcrumbList","@id":"https:\/\/chicagoinjurylawyer.net\/es\/negligencia-medica\/lesiones-de-nacimiento\/extractores-de-vacio\/#breadcrumb","itemListElement":[{"@type":"ListItem","position":1,"name":"Negligencia M\u00e9dica","item":"https:\/\/chicagoinjurylawyer.net\/es\/negligencia-medica\/"},{"@type":"ListItem","position":2,"name":"Lesiones De Nacimiento","item":"https:\/\/chicagoinjurylawyer.net\/es\/negligencia-medica\/lesiones-de-nacimiento\/"},{"@type":"ListItem","position":3,"name":"Extractores de Vac\u00edo"}]},{"@type":"WebSite","@id":"https:\/\/chicagoinjurylawyer.net\/es\/#website","url":"https:\/\/chicagoinjurylawyer.net\/es\/","name":"Sexner Injury Lawyers LLC","description":"Chicago Personal Injury Attorneys","publisher":{"@id":"https:\/\/chicagoinjurylawyer.net\/es\/#organization"},"potentialAction":[{"@type":"SearchAction","target":{"@type":"EntryPoint","urlTemplate":"https:\/\/chicagoinjurylawyer.net\/es\/?s={search_term_string}"},"query-input":{"@type":"PropertyValueSpecification","valueRequired":true,"valueName":"search_term_string"}}],"inLanguage":"es"},{"@type":"Organization","@id":"https:\/\/chicagoinjurylawyer.net\/es\/#organization","name":"[firm-name]","url":"https:\/\/chicagoinjurylawyer.net\/es\/","logo":{"@type":"ImageObject","inLanguage":"es","@id":"https:\/\/chicagoinjurylawyer.net\/es\/#\/schema\/logo\/image\/","url":"https:\/\/chicagoinjurylawyer.net\/wp-content\/uploads\/2019\/06\/msx-logo-1.png","contentUrl":"https:\/\/chicagoinjurylawyer.net\/wp-content\/uploads\/2019\/06\/msx-logo-1.png","width":180,"height":83,"caption":"[firm-name]"},"image":{"@id":"https:\/\/chicagoinjurylawyer.net\/es\/#\/schema\/logo\/image\/"}}]}},"_links":{"self":[{"href":"https:\/\/chicagoinjurylawyer.net\/es\/wp-json\/wp\/v2\/pages\/33355","targetHints":{"allow":["GET"]}}],"collection":[{"href":"https:\/\/chicagoinjurylawyer.net\/es\/wp-json\/wp\/v2\/pages"}],"about":[{"href":"https:\/\/chicagoinjurylawyer.net\/es\/wp-json\/wp\/v2\/types\/page"}],"author":[{"embeddable":true,"href":"https:\/\/chicagoinjurylawyer.net\/es\/wp-json\/wp\/v2\/users\/1"}],"replies":[{"embeddable":true,"href":"https:\/\/chicagoinjurylawyer.net\/es\/wp-json\/wp\/v2\/comments?post=33355"}],"version-history":[{"count":1,"href":"https:\/\/chicagoinjurylawyer.net\/es\/wp-json\/wp\/v2\/pages\/33355\/revisions"}],"predecessor-version":[{"id":33362,"href":"https:\/\/chicagoinjurylawyer.net\/es\/wp-json\/wp\/v2\/pages\/33355\/revisions\/33362"}],"up":[{"embeddable":true,"href":"https:\/\/chicagoinjurylawyer.net\/es\/wp-json\/wp\/v2\/pages\/7394"}],"wp:attachment":[{"href":"https:\/\/chicagoinjurylawyer.net\/es\/wp-json\/wp\/v2\/media?parent=33355"}],"curies":[{"name":"wp","href":"https:\/\/api.w.org\/{rel}","templated":true}]}}