{"id":33364,"date":"2022-01-31T12:33:54","date_gmt":"2022-01-31T18:33:54","guid":{"rendered":"https:\/\/pi-sexner.tseg.co\/?page_id=33364"},"modified":"2022-01-31T12:33:54","modified_gmt":"2022-01-31T18:33:54","slug":"errores-de-medicacion","status":"publish","type":"page","link":"https:\/\/chicagoinjurylawyer.net\/es\/abuso-de-asilo-de-ancianos\/errores-de-medicacion\/","title":{"rendered":"Errores de Medicaci\u00f3n"},"content":{"rendered":"<h1>Abogados de Errores de Medicaci\u00f3n en Hogares de Ancianos de Chicago<\/h1>\n<p><img decoding=\"async\" class=\"alignright wp-image-33367\" src=\"\/wp-content\/uploads\/2022\/01\/Abogados-de-Errores-de-Medicacio\u0301n-en-Hogares-de-Ancianos.jpg\" alt=\"Abogados de Errores de Medicacio\u0301n en Hogares de Ancianos\" width=\"400\" height=\"267\" srcset=\"https:\/\/chicagoinjurylawyer.net\/wp-content\/uploads\/2022\/01\/Abogados-de-Errores-de-Medicacio\u0301n-en-Hogares-de-Ancianos.jpg 1000w, https:\/\/chicagoinjurylawyer.net\/wp-content\/uploads\/2022\/01\/Abogados-de-Errores-de-Medicacio\u0301n-en-Hogares-de-Ancianos-300x200.jpg 300w, https:\/\/chicagoinjurylawyer.net\/wp-content\/uploads\/2022\/01\/Abogados-de-Errores-de-Medicacio\u0301n-en-Hogares-de-Ancianos-768x512.jpg 768w\" sizes=\"(max-width: 400px) 100vw, 400px\" \/>El maltrato a personas mayores es uno de los actos m\u00e1s despreciables que se pueden cometer, ya que es perpetrado contra las personas mayores por las mismas personas encargadas de su cuidado. La negligencia con los medicamentos es una forma <a href=\"\/es\/abuso-de-asilo-de-ancianos\/\">de abuso en un hogar de ancianos<\/a>. Puede tomar muchas formas, pero generalmente implica robar o retener medicamentos a quienes los necesitan, o recetar el <a href=\"\/es\/negligencia-medica\/errores-de-prescripciones-y-medicamentos\/\">medicamento incorrecto<\/a>. De cualquier forma, puede tener consecuencias graves y provocar una enfermedad continua o incluso la muerte de los pacientes de edad avanzada.<\/p>\n<p>Confiamos en los asilos de ancianos para cuidar y cuidar a nuestros familiares mayores cuando simplemente no tenemos la experiencia o el conocimiento para hacerlo nosotros mismos. Cuando se viola esa confianza, los responsables deben rendir cuentas por sus acciones (o inacciones). Si sospecha que algo le sucedi\u00f3 a su ser querido en un asilo de ancianos, conf\u00ede en sus instintos y haga algo al respecto. Llame a un abogado especializado en errores de medicaci\u00f3n en hogares de ancianos de Chicago en Sexner Injury Lawyers LLC al <a href=\"tel:3122439922\">(312) 243-9922<\/a> para discutir su caso y hablar sobre las opciones disponibles para usted.<\/p>\n<h2>\u00bfQu\u00e9 es la Negligencia por Medicamentos en un Hogar de Ancianos?<\/h2>\n<p>La negligencia de medicamentos en un hogar de ancianos es una forma de abuso en un hogar de ancianos que involucra espec\u00edficamente la administraci\u00f3n de los medicamentos que necesitan los residentes. \u00bfQu\u00e9 podr\u00eda ser m\u00e1s importante para los pacientes en un hogar de ancianos o en un centro de internaci\u00f3n? Despu\u00e9s de todo, el personal est\u00e1 administrando estos medicamentos a pacientes que a menudo no tienen conocimiento personal o informaci\u00f3n sobre la cantidad o tipo de medicamentos que se administran. La prescripci\u00f3n ha sido determinada por el m\u00e9dico y es de suma importancia que se administren los medicamentos y la dosis correctos. Hacer lo contrario puede resultar en complicaciones graves. Si su ser querido mayor le dice que no est\u00e1 recibiendo medicamentos para una enfermedad o su salud diaria, preg\u00fantele al personal del asilo de ancianos. Pase lo que pase, llega al fondo.<\/p>\n<h2>Formas Comunes de Negligencia M\u00e9dica<\/h2>\n<p>Aunque la negligencia por medicamentos en hogares de ancianos puede ocurrir de diferentes maneras, hay algunas formas m\u00e1s comunes que otras. \u00c9stos incluyen:<\/p>\n<ul>\n<li><strong>Medicaci\u00f3n incorrecta<\/strong>: En algunos casos, los residentes de un hogar de ancianos pueden recibir la medicaci\u00f3n incorrecta por una raz\u00f3n u otra. Esto puede suceder si un m\u00e9dico no prescribe adecuadamente lo que necesita un residente, o si al personal no le importa lo suficiente como para asegurarse de que se administre el medicamento correcto. Cuando esto sucede, la condici\u00f3n del residente puede no recibir tratamiento y empeorar.<\/li>\n<li><strong>Errores del farmac\u00e9utico<\/strong>: A pesar de una receta adecuada, el farmac\u00e9utico puede surtir la receta por negligencia, ya sea eligiendo el medicamento incorrecto o proporcionando las instrucciones de dosificaci\u00f3n incorrectas.<\/li>\n<li><strong>Errores de seguimiento<\/strong>: Al administrar la receta, el personal m\u00e9dico debe prestar mucha atenci\u00f3n a los efectos adversos de los medicamentos o los signos de toxicidad de los mismos. Cuando el personal del asilo de ancianos no lo hace, pueden producirse lesiones o <a href=\"\/es\/muerte-injusta\/\">la muerte<\/a>.<\/li>\n<li><strong>Errores de registro<\/strong>: El personal del asilo de ancianos o del centro para pacientes hospitalizados debe registrar cuidadosamente la administraci\u00f3n de medicamentos y las horas en que se administraron dichos medicamentos. Incluso peque\u00f1os errores administrativos en los gr\u00e1ficos pueden tener consecuencias graves.<\/li>\n<li><strong>Retenci\u00f3n de medicaci\u00f3n<\/strong>: El personal negligente y malintencionado del asilo de ancianos puede retener la medicaci\u00f3n de un residente a prop\u00f3sito. Esto se puede hacer para evitar el costo de brindar tratamiento m\u00e9dico, o un miembro del personal podr\u00eda quedarse con el medicamento para uso personal o venta ilegal.<\/li>\n<li><strong>Errores de dosificaci\u00f3n intencionales<\/strong>: Algunos miembros del personal m\u00e9dico pueden administrar intencionalmente ciertos medicamentos para hacer que el paciente sea m\u00e1s d\u00f3cil y menos agresivo. El uso de tales \"restricciones qu\u00edmicas\" no solo es poco \u00e9tico, sino que puede constituir negligencia m\u00e9dica que ocasiona lesiones.<\/li>\n<li><strong>Dosis incorrecta<\/strong>: No es probable que sea maliciosa y, m\u00e1s com\u00fanmente, es un acto de negligencia irresponsable. Si se administra la dosis incorrecta a un residente, puede tener consecuencias muy graves. Muy poca medicaci\u00f3n puede ser similar a no tratar el problema en absoluto, mientras que demasiada puede resultar en una sobredosis peligrosa.<\/li>\n<li><strong>Interacciones medicamentosas peligrosas<\/strong>: Ciertos medicamentos no se pueden usar juntos, y cuando un m\u00e9dico o una enfermera no lo reconocen, es posible que se haya producido una negligencia. Las consecuencias de las interacciones medicamentosas pueden ser bastante menores, bastante graves o incluso letales, dependiendo de los medicamentos involucrados. Los sistemas inmunol\u00f3gicos debilitados de los ancianos corren m\u00e1s riesgo de este tipo de interacciones.<\/li>\n<\/ul>\n<h2>Consecuencias de los Errores de Medicaci\u00f3n<\/h2>\n<p>Dar la medicaci\u00f3n equivocada, la medicaci\u00f3n insuficiente o la medicaci\u00f3n excesiva pueden provocar afecciones m\u00e9dicas graves. Estas condiciones incluyen:<\/p>\n<ul>\n<li>Agotamiento<\/li>\n<li>Falla de \u00f3rgano<\/li>\n<li>Recuperaci\u00f3n lenta<\/li>\n<li>Condici\u00f3n de deterioro<\/li>\n<li>Nuevas complicaciones m\u00e9dicas<\/li>\n<li>Falta de energ\u00eda<\/li>\n<li>Cambios de comportamiento<\/li>\n<li>Sobredosis de droga<\/li>\n<li>Delirio<\/li>\n<li><a href=\"\/es\/accidentes-de-trafico\/huesos-fracturados\/\">Fracturas<\/a>\u00a0y ca\u00eddas<\/li>\n<li>Incontinencia<\/li>\n<li>Dependencia de la medicaci\u00f3n<\/li>\n<li>Dolor cr\u00f3nico<\/li>\n<li>Problemas del sistema inmunol\u00f3gico<\/li>\n<li>Deshidrataci\u00f3n<\/li>\n<li>Muerte<\/li>\n<\/ul>\n<img decoding=\"async\" src=\"\/wp-content\/uploads\/2022\/01\/Abogados-de-Errores-de-Medicacio\u0301n-en-Hogares-de-Ancianos-de-Chicago.jpg\" alt=\"Abogados de Errores de Medicacio\u0301n en Hogares de Ancianos en Chicago\" width=\"1000\" height=\"667\" class=\"aligncenter size-full wp-image-33365\" srcset=\"https:\/\/chicagoinjurylawyer.net\/wp-content\/uploads\/2022\/01\/Abogados-de-Errores-de-Medicacio\u0301n-en-Hogares-de-Ancianos-de-Chicago.jpg 1000w, https:\/\/chicagoinjurylawyer.net\/wp-content\/uploads\/2022\/01\/Abogados-de-Errores-de-Medicacio\u0301n-en-Hogares-de-Ancianos-de-Chicago-300x200.jpg 300w, https:\/\/chicagoinjurylawyer.net\/wp-content\/uploads\/2022\/01\/Abogados-de-Errores-de-Medicacio\u0301n-en-Hogares-de-Ancianos-de-Chicago-768x512.jpg 768w\" sizes=\"(max-width: 1000px) 100vw, 1000px\" \/>\n<h2>\u00bfQu\u00e9 Debo Hacer Si Sospecho de Abuso?<\/h2>\n<p>Si algo le dice que algo anda mal en un asilo de ancianos, escuche ese instinto y act\u00fae en consecuencia. Lo primero que debe hacer es informar su sospecha a las autoridades correspondientes. En Chicago, comun\u00edquese con el Departamento de Salud P\u00fablica de Illinois para informar una queja o sospecha de abuso, incluida la negligencia y la mala pr\u00e1ctica de medicamentos. Una vez que haga eso, llame a un abogado con experiencia en abuso en hogares de ancianos para discutir sus opciones civiles a fin de proteger a sus seres queridos y castigar a aquellos que se aprovechar\u00edan de su confianza.<\/p>\n<p>No espere un momento m\u00e1s para tomar medidas y proteger a sus seres queridos. Llame a los experimentados y duros abogados de abuso en hogares de ancianos de <a href=\"\/es\/\">Sexner Injury Lawyers LLC<\/a> ahora mismo al <a href=\"tel:3122439922\">(312) 243-9922<\/a>.<\/p>\n","protected":false},"excerpt":{"rendered":"<p>Abogados de Errores de Medicaci\u00f3n en Hogares de Ancianos de Chicago El maltrato a personas mayores es uno de los actos m\u00e1s despreciables que se pueden cometer, ya que es perpetrado contra las personas mayores por las mismas personas encargadas de su cuidado. La negligencia con los medicamentos es una forma de abuso en un [&hellip;]<\/p>\n","protected":false},"author":1,"featured_media":0,"parent":7276,"menu_order":0,"comment_status":"closed","ping_status":"closed","template":"","meta":{"_acf_changed":false,"footnotes":""},"class_list":["post-33364","page","type-page","status-publish","hentry"],"acf":[],"yoast_head":"<!-- This site is optimized with the Yoast SEO plugin v27.3 - https:\/\/yoast.com\/product\/yoast-seo-wordpress\/ -->\n<title>Abogados de Errores de Medicaci\u00f3n en Hogares de Ancianos de Chicago - Sexner Injury Lawyers LLC<\/title>\n<meta name=\"description\" content=\"La negligencia con los medicamentos es una forma de abuso en un hogar de ancianos. Llame a los experimentados y duros abogados de abuso en hogares de ancianos de Sexner Injury Lawyers LLC al (312) 243-9922.\" \/>\n<meta name=\"robots\" content=\"index, follow, max-snippet:-1, max-image-preview:large, max-video-preview:-1\" \/>\n<link rel=\"canonical\" href=\"https:\/\/chicagoinjurylawyer.net\/es\/abuso-de-asilo-de-ancianos\/errores-de-medicacion\/\" \/>\n<meta property=\"og:locale\" content=\"es_ES\" \/>\n<meta property=\"og:type\" content=\"article\" \/>\n<meta property=\"og:title\" content=\"Abogados de Errores de Medicaci\u00f3n en Hogares de Ancianos de Chicago - Sexner Injury Lawyers LLC\" \/>\n<meta property=\"og:description\" content=\"La negligencia con los medicamentos es una forma de abuso en un hogar de ancianos. Llame a los experimentados y duros abogados de abuso en hogares de ancianos de Sexner Injury Lawyers LLC al (312) 243-9922.\" \/>\n<meta property=\"og:url\" content=\"https:\/\/chicagoinjurylawyer.net\/es\/abuso-de-asilo-de-ancianos\/errores-de-medicacion\/\" \/>\n<meta property=\"og:site_name\" content=\"Sexner Injury Lawyers LLC\" \/>\n<meta property=\"og:image\" content=\"https:\/\/chicagoinjurylawyer.net\/wp-content\/uploads\/2022\/01\/Abogados-de-Errores-de-Medicacio\u0301n-en-Hogares-de-Ancianos.jpg\" \/>\n<meta name=\"twitter:card\" content=\"summary_large_image\" \/>\n<meta name=\"twitter:label1\" content=\"Tiempo de lectura\" \/>\n\t<meta name=\"twitter:data1\" content=\"5 minutos\" \/>\n<!-- \/ Yoast SEO plugin. -->","yoast_head_json":{"title":"Abogados de Errores de Medicaci\u00f3n en Hogares de Ancianos de Chicago - Sexner Injury Lawyers LLC","description":"La negligencia con los medicamentos es una forma de abuso en un hogar de ancianos. Llame a los experimentados y duros abogados de abuso en hogares de ancianos de Sexner Injury Lawyers LLC al (312) 243-9922.","robots":{"index":"index","follow":"follow","max-snippet":"max-snippet:-1","max-image-preview":"max-image-preview:large","max-video-preview":"max-video-preview:-1"},"canonical":"https:\/\/chicagoinjurylawyer.net\/es\/abuso-de-asilo-de-ancianos\/errores-de-medicacion\/","og_locale":"es_ES","og_type":"article","og_title":"Abogados de Errores de Medicaci\u00f3n en Hogares de Ancianos de Chicago - Sexner Injury Lawyers LLC","og_description":"La negligencia con los medicamentos es una forma de abuso en un hogar de ancianos. Llame a los experimentados y duros abogados de abuso en hogares de ancianos de Sexner Injury Lawyers LLC al (312) 243-9922.","og_url":"https:\/\/chicagoinjurylawyer.net\/es\/abuso-de-asilo-de-ancianos\/errores-de-medicacion\/","og_site_name":"Sexner Injury Lawyers LLC","og_image":[{"url":"https:\/\/chicagoinjurylawyer.net\/wp-content\/uploads\/2022\/01\/Abogados-de-Errores-de-Medicacio\u0301n-en-Hogares-de-Ancianos.jpg","type":"","width":"","height":""}],"twitter_card":"summary_large_image","twitter_misc":{"Tiempo de lectura":"5 minutos"},"schema":{"@context":"https:\/\/schema.org","@graph":[{"@type":"WebPage","@id":"https:\/\/chicagoinjurylawyer.net\/es\/abuso-de-asilo-de-ancianos\/errores-de-medicacion\/","url":"https:\/\/chicagoinjurylawyer.net\/es\/abuso-de-asilo-de-ancianos\/errores-de-medicacion\/","name":"Abogados de Errores de Medicaci\u00f3n en Hogares de Ancianos de Chicago - Sexner Injury Lawyers LLC","isPartOf":{"@id":"https:\/\/chicagoinjurylawyer.net\/es\/#website"},"datePublished":"2022-01-31T18:33:54+00:00","description":"La negligencia con los medicamentos es una forma de abuso en un hogar de ancianos. Llame a los experimentados y duros abogados de abuso en hogares de ancianos de [firm-name] al [phone-number].","breadcrumb":{"@id":"https:\/\/chicagoinjurylawyer.net\/es\/abuso-de-asilo-de-ancianos\/errores-de-medicacion\/#breadcrumb"},"inLanguage":"es","potentialAction":[{"@type":"ReadAction","target":["https:\/\/chicagoinjurylawyer.net\/es\/abuso-de-asilo-de-ancianos\/errores-de-medicacion\/"]}]},{"@type":"BreadcrumbList","@id":"https:\/\/chicagoinjurylawyer.net\/es\/abuso-de-asilo-de-ancianos\/errores-de-medicacion\/#breadcrumb","itemListElement":[{"@type":"ListItem","position":1,"name":"Abuso De Asilo De Ancianos","item":"https:\/\/chicagoinjurylawyer.net\/es\/abuso-de-asilo-de-ancianos\/"},{"@type":"ListItem","position":2,"name":"Errores de Medicaci\u00f3n"}]},{"@type":"WebSite","@id":"https:\/\/chicagoinjurylawyer.net\/es\/#website","url":"https:\/\/chicagoinjurylawyer.net\/es\/","name":"Sexner Injury Lawyers LLC","description":"Chicago Personal Injury Attorneys","publisher":{"@id":"https:\/\/chicagoinjurylawyer.net\/es\/#organization"},"potentialAction":[{"@type":"SearchAction","target":{"@type":"EntryPoint","urlTemplate":"https:\/\/chicagoinjurylawyer.net\/es\/?s={search_term_string}"},"query-input":{"@type":"PropertyValueSpecification","valueRequired":true,"valueName":"search_term_string"}}],"inLanguage":"es"},{"@type":"Organization","@id":"https:\/\/chicagoinjurylawyer.net\/es\/#organization","name":"[firm-name]","url":"https:\/\/chicagoinjurylawyer.net\/es\/","logo":{"@type":"ImageObject","inLanguage":"es","@id":"https:\/\/chicagoinjurylawyer.net\/es\/#\/schema\/logo\/image\/","url":"https:\/\/chicagoinjurylawyer.net\/wp-content\/uploads\/2019\/06\/msx-logo-1.png","contentUrl":"https:\/\/chicagoinjurylawyer.net\/wp-content\/uploads\/2019\/06\/msx-logo-1.png","width":180,"height":83,"caption":"[firm-name]"},"image":{"@id":"https:\/\/chicagoinjurylawyer.net\/es\/#\/schema\/logo\/image\/"}}]}},"_links":{"self":[{"href":"https:\/\/chicagoinjurylawyer.net\/es\/wp-json\/wp\/v2\/pages\/33364","targetHints":{"allow":["GET"]}}],"collection":[{"href":"https:\/\/chicagoinjurylawyer.net\/es\/wp-json\/wp\/v2\/pages"}],"about":[{"href":"https:\/\/chicagoinjurylawyer.net\/es\/wp-json\/wp\/v2\/types\/page"}],"author":[{"embeddable":true,"href":"https:\/\/chicagoinjurylawyer.net\/es\/wp-json\/wp\/v2\/users\/1"}],"replies":[{"embeddable":true,"href":"https:\/\/chicagoinjurylawyer.net\/es\/wp-json\/wp\/v2\/comments?post=33364"}],"version-history":[{"count":1,"href":"https:\/\/chicagoinjurylawyer.net\/es\/wp-json\/wp\/v2\/pages\/33364\/revisions"}],"predecessor-version":[{"id":33369,"href":"https:\/\/chicagoinjurylawyer.net\/es\/wp-json\/wp\/v2\/pages\/33364\/revisions\/33369"}],"up":[{"embeddable":true,"href":"https:\/\/chicagoinjurylawyer.net\/es\/wp-json\/wp\/v2\/pages\/7276"}],"wp:attachment":[{"href":"https:\/\/chicagoinjurylawyer.net\/es\/wp-json\/wp\/v2\/media?parent=33364"}],"curies":[{"name":"wp","href":"https:\/\/api.w.org\/{rel}","templated":true}]}}