{"id":33561,"date":"2022-02-03T12:52:57","date_gmt":"2022-02-03T18:52:57","guid":{"rendered":"https:\/\/pi-sexner.tseg.co\/?page_id=33561"},"modified":"2024-12-31T21:49:43","modified_gmt":"2025-01-01T03:49:43","slug":"politica-de-privacidad","status":"publish","type":"page","link":"https:\/\/chicagoinjurylawyer.net\/es\/politica-de-privacidad\/","title":{"rendered":"Pol\u00edtica De Privacidad"},"content":{"rendered":"<h1><b>POL\u00cdTICA DE PRIVACIDAD<\/b><\/h1>\n<p><span style=\"font-weight: 400;\">Su privacidad es importante para nosotros. Es pol\u00edtica de Sexner Injury Lawyers LLC respetar su privacidad con respecto a cualquier informaci\u00f3n que podamos recopilar de usted a trav\u00e9s de nuestro sitio web. Esta pol\u00edtica de privacidad se aplica a la informaci\u00f3n recopilada en l\u00ednea de los usuarios de este sitio web. En esta pol\u00edtica, puede saber qu\u00e9 tipo de informaci\u00f3n recopilamos, cu\u00e1ndo y c\u00f3mo podr\u00edamos usar esa informaci\u00f3n, c\u00f3mo protegemos la informaci\u00f3n y las opciones que puede tener con respecto a su informaci\u00f3n personal.<\/span><\/p>\n<h2><b>\u00bfQU\u00c9 INFORMACI\u00d3N PERSONAL SE RECOPILA Y C\u00d3MO SE UTILIZA?<\/b><\/h2>\n<p><span style=\"font-weight: 400;\">Recopilamos informaci\u00f3n sobre nuestros usuarios principalmente de tres maneras: directamente del usuario, de los registros de nuestro servidor web y a trav\u00e9s de cookies. Utilizamos la informaci\u00f3n principalmente para proporcionarle una experiencia de Internet personalizada que brinde la informaci\u00f3n, los recursos y los servicios que sean m\u00e1s relevantes y \u00fatiles para usted. No compartimos ninguna de la informaci\u00f3n que usted proporciona con otros, a menos que lo digamos en esta Pol\u00edtica de Privacidad, o cuando creamos de buena fe que la ley lo requiere.<\/span><\/p>\n<p><b>Informaci\u00f3n proporcionada por el usuario<\/b><span style=\"font-weight: 400;\">: Si completa un formulario de \"contacto\" para este sitio web, le pediremos que proporcione cierta informaci\u00f3n personal (como la direcci\u00f3n de correo electr\u00f3nico, el nombre, el n\u00famero de tel\u00e9fono y el estado). Adem\u00e1s, si el chat est\u00e1 disponible a trav\u00e9s de este sitio, es posible que se le solicite que proporcione informaci\u00f3n si participa en un chat en l\u00ednea. No env\u00ede ninguna informaci\u00f3n confidencial, de propiedad o confidencial de identificaci\u00f3n personal (por ejemplo, n\u00famero de seguro social; fecha de nacimiento; n\u00famero de licencia de conducir; o tarjeta de cr\u00e9dito, cuenta bancaria u otra informaci\u00f3n financiera conocida colectivamente como \"Informaci\u00f3n confidencial\"). Si env\u00eda cualquier Informaci\u00f3n confidencial, lo hace bajo su propio riesgo y no seremos responsables ante usted ni responsables de las consecuencias de su env\u00edo.<\/span><\/p>\n<p><span style=\"font-weight: 400;\">La informaci\u00f3n que nos proporcione a trav\u00e9s del formulario de contacto o un chat en l\u00ednea se utilizar\u00e1 para que podamos responder a su consulta. Tambi\u00e9n podemos utilizar la informaci\u00f3n que nos proporcione para comunicarnos con usted en el futuro. <\/span><b>Registros del servidor web<\/b><span style=\"font-weight: 400;\">: Cuando visita nuestro sitio web, podemos rastrear informaci\u00f3n sobre su visita y almacenar esa informaci\u00f3n en registros del servidor web, que son registros de las actividades en nuestros sitios. Los servidores capturan y guardan autom\u00e1ticamente la informaci\u00f3n electr\u00f3nicamente. Ejemplos de la informaci\u00f3n que podemos recopilar incluyen:<\/span><\/p>\n<ul>\n<li aria-level=\"1\"><b>Su direcci\u00f3n de protocolo de Internet \u00fanica;<\/b><\/li>\n<\/ul>\n<ul>\n<li aria-level=\"1\"><b>El nombre de su proveedor de servicios de Internet \u00fanico;<\/b><\/li>\n<\/ul>\n<ul>\n<li aria-level=\"1\"><b>La ciudad\/ciudad, condado\/estado y pa\u00eds desde el que accede a nuestro sitio web;<\/b><\/li>\n<\/ul>\n<ul>\n<li aria-level=\"1\"><b>El tipo de navegador o computadora que utiliza;<\/b><\/li>\n<\/ul>\n<ul>\n<li aria-level=\"1\"><b>El n\u00famero de enlaces en los que hace clic dentro del sitio;<\/b><\/li>\n<\/ul>\n<ul>\n<li aria-level=\"1\"><b>La fecha y hora de su visita;<\/b><\/li>\n<\/ul>\n<ul>\n<li aria-level=\"1\"><b>La p\u00e1gina web desde la que lleg\u00f3 a nuestro sitio;<\/b><\/li>\n<\/ul>\n<ul>\n<li aria-level=\"1\"><b>Las p\u00e1ginas que vio en el sitio; y<\/b><\/li>\n<\/ul>\n<ul>\n<li aria-level=\"1\"><b>Ciertas b\u00fasquedas\/consultas que realiz\u00f3 a trav\u00e9s de nuestro(s) sitio(s) web.<\/b><\/li>\n<\/ul>\n<p><span style=\"font-weight: 400;\">La informaci\u00f3n que recopilamos en los registros del servidor web nos ayuda a administrar el sitio, analizar su uso, proteger el sitio web y su contenido del uso inapropiado y mejorar la experiencia del usuario. <\/span><b>Galletas<\/b><span style=\"font-weight: 400;\">: Con el fin de ofrecer y proporcionar un servicio personalizado y personal, nuestros sitios web y aplicaciones pueden utilizar cookies y tecnolog\u00edas similares para almacenar y ayudar a rastrear informaci\u00f3n sobre usted. Las cookies son simplemente peque\u00f1as piezas de datos que se env\u00edan a su navegador desde un servidor web y se almacenan en el disco duro de su computadora. Utilizamos cookies para ayudarnos a recordarnos qui\u00e9n es usted y para ayudarlo a navegar por nuestros sitios durante sus visitas. Las cookies tambi\u00e9n pueden decirnos a d\u00f3nde van los visitantes en un sitio web y nos permiten guardar sus preferencias para que no tenga que volver a ingresarlas cada vez que las visite. El uso de cookies es relativamente est\u00e1ndar. La mayor\u00eda de los navegadores de Internet est\u00e1n configurados inicialmente para aceptar cookies, pero puede usar su navegador para notificarle cuando recibe una cookie o para deshabilitar las cookies.<\/span><\/p>\n<p><span style=\"font-weight: 400;\">Si desea desactivar las cookies de este sitio, puede hacerlo utilizando su navegador. Debe comprender que algunas funciones de muchos sitios pueden no funcionar correctamente si no acepta cookies, pero tambi\u00e9n puede negarse a aceptar cookies Flash de este sitio web utilizando las herramientas de administraci\u00f3n de Flash de Adobe, o puede optar por no usar cookies por parte de Google visitando la Configuraci\u00f3n de anuncios de Google. Al visitar este sitio web, usted acepta el uso de cookies y tecnolog\u00edas similares de acuerdo con esta Declaraci\u00f3n de privacidad. <\/span><b>Servicios de terceros<\/b><span style=\"font-weight: 400;\">: Podemos utilizar servicios alojados por terceros para ayudar a proporcionar nuestros servicios y para ayudarnos a comprender el uso de nuestro sitio por parte de nuestros visitantes. Estos servicios pueden recopilar informaci\u00f3n enviada por su navegador como parte de una solicitud de p\u00e1gina web, incluida su direcci\u00f3n IP o cookies. Adem\u00e1s, podemos utilizar los servicios proporcionados por terceros para mostrarle contenido, productos, servicios y publicidad relevantes. Estos terceros pueden utilizar cookies, balizas web y tecnolog\u00edas similares para recopilar o recibir informaci\u00f3n de este sitio web y de otras partes de Internet. Luego pueden usar esa informaci\u00f3n para proporcionar servicios de medici\u00f3n para que podamos comprender sus intereses y reorientar los anuncios en funci\u00f3n de sus visitas anteriores a este sitio web. Es posible que pueda optar por no participar en la recopilaci\u00f3n y el uso de informaci\u00f3n para la orientaci\u00f3n de anuncios por parte de algunos terceros visitando www.aboutads.info\/choices.<\/span><\/p>\n<p><span style=\"font-weight: 400;\">Nuestro sitio web puede enlazar a sitios externos que no son operados por nosotros. Tenga en cuenta que no tenemos control sobre el contenido y las pr\u00e1cticas de estos sitios y no podemos aceptar responsabilidad u obligaci\u00f3n por sus respectivas pol\u00edticas de privacidad.<\/span><\/p>\n<h2><b>\u00bfC\u00d3MO SE PROTEGE LA INFORMACI\u00d3N PERSONAL?<\/b><\/h2>\n<p><span style=\"font-weight: 400;\">Tomamos ciertas medidas de seguridad apropiadas para ayudar a proteger su informaci\u00f3n personal de la p\u00e9rdida accidental y del acceso, uso o divulgaci\u00f3n no autorizados. Sin embargo, no podemos garantizar que personas no autorizadas nunca podr\u00e1n derrotar nuestras medidas de seguridad.<\/span><\/p>\n<h2><b>\u00bfQUI\u00c9N TIENE ACCESO A LA INFORMACI\u00d3N?<\/b><\/h2>\n<p><span style=\"font-weight: 400;\">No venderemos, alquilaremos o arrendaremos listas de correo u otros datos de usuario a otros, y no pondremos su informaci\u00f3n personal a disposici\u00f3n de ninguna parte no afiliada, excepto de la siguiente manera y en la medida en que est\u00e9 de acuerdo con las Reglas de Conducta Profesional de Illinois:<\/span><\/p>\n<ul>\n<li aria-level=\"1\"><b>A agentes, proveedores de sitios web y \/ o contratistas que puedan usarlo en nuestro nombre o en relaci\u00f3n con su relaci\u00f3n con nosotros;<\/b><\/li>\n<\/ul>\n<ul>\n<li aria-level=\"1\"><b>Si no podemos ayudarlo directamente con su asunto, pero conocemos a un abogado o bufete de abogados que pueda ayudarlo, o con el que podamos representarlo conjuntamente, entonces podemos referirlo y compartir informaci\u00f3n con esa parte, y:<\/b><\/li>\n<\/ul>\n<ul>\n<li aria-level=\"1\"><b>Seg\u00fan lo exija la ley, en una cuesti\u00f3n de seguridad o pol\u00edtica p\u00fablica, seg\u00fan sea necesario en relaci\u00f3n con la transferencia de nuestros activos comerciales o si creemos de buena fe que compartir los datos es necesario para proteger nuestros derechos o propiedad.<\/b><\/li>\n<\/ul>\n<h2>CONSENTIMIENTO PARA RECIBIR MENSAJES DE TEXTO<\/h2>\n<p>En ocasiones utilizamos mensajes de texto (SMS) para comunicarnos con nuestros clientes o clientes potenciales. Al comunicarse con nuestra oficina, usted acepta recibir mensajes de texto a los n\u00fameros que proporcion\u00f3. Su privacidad es muy importante para nosotros, por lo cual no compartiremos esta informaci\u00f3n de suscripci\u00f3n con terceros, excepto cuando sea necesario para brindarle los servicios legales que ha solicitado o sobre los que est\u00e1 solicitando informaci\u00f3n. Esto puede incluir compartir informaci\u00f3n con proveedores de servicios como proveedores de plataformas, compa\u00f1\u00edas telef\u00f3nicas y otros proveedores que nos ayudan a enviarle estos mensajes. Est\u00e1 seguro; su consentimiento para enviar mensajes de texto no se utilizar\u00e1 para ning\u00fan prop\u00f3sito que no sea relacionado con los servicios legales que ofrecemos.<\/p>\n<p><span style=\"font-weight: 400;\">Su uso continuado de nuestro sitio web se considerar\u00e1 aceptaci\u00f3n de nuestras pr\u00e1cticas con respecto a la privacidad y la informaci\u00f3n personal como se detalla anteriormente y en otras partes de este sitio. Si tiene alguna pregunta o inquietud sobre esta pol\u00edtica de privacidad, cont\u00e1ctenos a trav\u00e9s del n\u00famero de tel\u00e9fono, formulario de contacto o direcci\u00f3n postal que figura en este sitio web y haremos todo lo posible para atender sus consultas.<\/span><\/p>\n","protected":false},"excerpt":{"rendered":"<p>POL\u00cdTICA DE PRIVACIDAD Su privacidad es importante para nosotros. Es pol\u00edtica de Sexner Injury Lawyers LLC respetar su privacidad con respecto a cualquier informaci\u00f3n que podamos recopilar de usted a trav\u00e9s de nuestro sitio web. Esta pol\u00edtica de privacidad se aplica a la informaci\u00f3n recopilada en l\u00ednea de los usuarios de este sitio web. En [&hellip;]<\/p>\n","protected":false},"author":1,"featured_media":0,"parent":0,"menu_order":0,"comment_status":"closed","ping_status":"closed","template":"","meta":{"_acf_changed":false,"footnotes":""},"class_list":["post-33561","page","type-page","status-publish","hentry"],"acf":[],"yoast_head":"<!-- This site is optimized with the Yoast SEO plugin v27.4 - https:\/\/yoast.com\/product\/yoast-seo-wordpress\/ -->\n<title>Pol\u00edtica De Privacidad - Sexner Injury Lawyers LLC<\/title>\n<meta name=\"robots\" content=\"index, follow, max-snippet:-1, max-image-preview:large, max-video-preview:-1\" \/>\n<link rel=\"canonical\" href=\"https:\/\/chicagoinjurylawyer.net\/es\/politica-de-privacidad\/\" \/>\n<meta property=\"og:locale\" content=\"es_ES\" \/>\n<meta property=\"og:type\" content=\"article\" \/>\n<meta property=\"og:title\" content=\"Pol\u00edtica De Privacidad - Sexner Injury Lawyers LLC\" \/>\n<meta property=\"og:description\" content=\"POL\u00cdTICA DE PRIVACIDAD Su privacidad es importante para nosotros. Es pol\u00edtica de Sexner Injury Lawyers LLC respetar su privacidad con respecto a cualquier informaci\u00f3n que podamos recopilar de usted a trav\u00e9s de nuestro sitio web. Esta pol\u00edtica de privacidad se aplica a la informaci\u00f3n recopilada en l\u00ednea de los usuarios de este sitio web. En [&hellip;]\" \/>\n<meta property=\"og:url\" content=\"https:\/\/chicagoinjurylawyer.net\/es\/politica-de-privacidad\/\" \/>\n<meta property=\"og:site_name\" content=\"Sexner Injury Lawyers LLC\" \/>\n<meta property=\"article:modified_time\" content=\"2025-01-01T03:49:43+00:00\" \/>\n<meta name=\"twitter:card\" content=\"summary_large_image\" \/>\n<meta name=\"twitter:label1\" content=\"Tiempo de lectura\" \/>\n\t<meta name=\"twitter:data1\" content=\"6 minutos\" \/>\n<!-- \/ Yoast SEO plugin. -->","yoast_head_json":{"title":"Pol\u00edtica De Privacidad - Sexner Injury Lawyers LLC","robots":{"index":"index","follow":"follow","max-snippet":"max-snippet:-1","max-image-preview":"max-image-preview:large","max-video-preview":"max-video-preview:-1"},"canonical":"https:\/\/chicagoinjurylawyer.net\/es\/politica-de-privacidad\/","og_locale":"es_ES","og_type":"article","og_title":"Pol\u00edtica De Privacidad - Sexner Injury Lawyers LLC","og_description":"POL\u00cdTICA DE PRIVACIDAD Su privacidad es importante para nosotros. Es pol\u00edtica de Sexner Injury Lawyers LLC respetar su privacidad con respecto a cualquier informaci\u00f3n que podamos recopilar de usted a trav\u00e9s de nuestro sitio web. Esta pol\u00edtica de privacidad se aplica a la informaci\u00f3n recopilada en l\u00ednea de los usuarios de este sitio web. En [&hellip;]","og_url":"https:\/\/chicagoinjurylawyer.net\/es\/politica-de-privacidad\/","og_site_name":"Sexner Injury Lawyers LLC","article_modified_time":"2025-01-01T03:49:43+00:00","twitter_card":"summary_large_image","twitter_misc":{"Tiempo de lectura":"6 minutos"},"schema":{"@context":"https:\/\/schema.org","@graph":[{"@type":"WebPage","@id":"https:\/\/chicagoinjurylawyer.net\/es\/politica-de-privacidad\/","url":"https:\/\/chicagoinjurylawyer.net\/es\/politica-de-privacidad\/","name":"Pol\u00edtica De Privacidad - Sexner Injury Lawyers LLC","isPartOf":{"@id":"https:\/\/chicagoinjurylawyer.net\/es\/#website"},"datePublished":"2022-02-03T18:52:57+00:00","dateModified":"2025-01-01T03:49:43+00:00","inLanguage":"es","potentialAction":[{"@type":"ReadAction","target":["https:\/\/chicagoinjurylawyer.net\/es\/politica-de-privacidad\/"]}]},{"@type":"WebSite","@id":"https:\/\/chicagoinjurylawyer.net\/es\/#website","url":"https:\/\/chicagoinjurylawyer.net\/es\/","name":"Sexner Injury Lawyers LLC","description":"Chicago Personal Injury Attorneys","publisher":{"@id":"https:\/\/chicagoinjurylawyer.net\/es\/#organization"},"potentialAction":[{"@type":"SearchAction","target":{"@type":"EntryPoint","urlTemplate":"https:\/\/chicagoinjurylawyer.net\/es\/?s={search_term_string}"},"query-input":{"@type":"PropertyValueSpecification","valueRequired":true,"valueName":"search_term_string"}}],"inLanguage":"es"},{"@type":"Organization","@id":"https:\/\/chicagoinjurylawyer.net\/es\/#organization","name":"[firm-name]","url":"https:\/\/chicagoinjurylawyer.net\/es\/","logo":{"@type":"ImageObject","inLanguage":"es","@id":"https:\/\/chicagoinjurylawyer.net\/es\/#\/schema\/logo\/image\/","url":"https:\/\/chicagoinjurylawyer.net\/wp-content\/uploads\/2019\/06\/msx-logo-1.png","contentUrl":"https:\/\/chicagoinjurylawyer.net\/wp-content\/uploads\/2019\/06\/msx-logo-1.png","width":180,"height":83,"caption":"[firm-name]"},"image":{"@id":"https:\/\/chicagoinjurylawyer.net\/es\/#\/schema\/logo\/image\/"}}]}},"_links":{"self":[{"href":"https:\/\/chicagoinjurylawyer.net\/es\/wp-json\/wp\/v2\/pages\/33561","targetHints":{"allow":["GET"]}}],"collection":[{"href":"https:\/\/chicagoinjurylawyer.net\/es\/wp-json\/wp\/v2\/pages"}],"about":[{"href":"https:\/\/chicagoinjurylawyer.net\/es\/wp-json\/wp\/v2\/types\/page"}],"author":[{"embeddable":true,"href":"https:\/\/chicagoinjurylawyer.net\/es\/wp-json\/wp\/v2\/users\/1"}],"replies":[{"embeddable":true,"href":"https:\/\/chicagoinjurylawyer.net\/es\/wp-json\/wp\/v2\/comments?post=33561"}],"version-history":[{"count":2,"href":"https:\/\/chicagoinjurylawyer.net\/es\/wp-json\/wp\/v2\/pages\/33561\/revisions"}],"predecessor-version":[{"id":34200,"href":"https:\/\/chicagoinjurylawyer.net\/es\/wp-json\/wp\/v2\/pages\/33561\/revisions\/34200"}],"wp:attachment":[{"href":"https:\/\/chicagoinjurylawyer.net\/es\/wp-json\/wp\/v2\/media?parent=33561"}],"curies":[{"name":"wp","href":"https:\/\/api.w.org\/{rel}","templated":true}]}}