{"id":33999,"date":"2025-09-03T17:08:12","date_gmt":"2025-09-03T22:08:12","guid":{"rendered":"https:\/\/chicagoinjurylawyer.net\/?page_id=33999"},"modified":"2025-09-03T17:08:12","modified_gmt":"2025-09-03T22:08:12","slug":"500000-dolares-en-mediacion-por-negligencia-medica-en-lugar-equivocado","status":"publish","type":"page","link":"https:\/\/chicagoinjurylawyer.net\/es\/nuestro-exito\/500000-dolares-en-mediacion-por-negligencia-medica-en-lugar-equivocado\/","title":{"rendered":"$500,000 d\u00f3lares en mediaci\u00f3n por negligencia m\u00e9dica en lugar equivocado"},"content":{"rendered":"<h1>$500,000 d\u00f3lares en mediaci\u00f3n por negligencia m\u00e9dica en lugar equivocado<\/h1>\n<h3>Un cirujano le extrae por error la gl\u00e1ndula equivocada a un paciente<\/h3>\n<img decoding=\"async\" class=\"alignright wp-image-33994 size-full\" src=\"https:\/\/chicagoinjurylawyer.net\/wp-content\/uploads\/2024\/01\/500000-dolares-en-mediacion-por-negligencia-medica.jpg\" alt=\"500,000 d\u00f3lares en mediaci\u00f3n por negligencia m\u00e9dica\" width=\"400\" height=\"300\" srcset=\"https:\/\/chicagoinjurylawyer.net\/wp-content\/uploads\/2024\/01\/500000-dolares-en-mediacion-por-negligencia-medica.jpg 400w, https:\/\/chicagoinjurylawyer.net\/wp-content\/uploads\/2024\/01\/500000-dolares-en-mediacion-por-negligencia-medica-300x225.jpg 300w\" sizes=\"(max-width: 400px) 100vw, 400px\" \/>\n<p>A nuestra joven paciente se le hab\u00eda diagnosticado un tumor canceroso en el tiroides y se hab\u00eda programado una intervenci\u00f3n quir\u00fargica relativamente sencilla para extirparle la gl\u00e1ndula tiroides. Aunque esta gl\u00e1ndula desempe\u00f1a un papel importante en la regulaci\u00f3n de diversas funciones corporales, la medicaci\u00f3n hormonal sustitutiva es f\u00e1cil de conseguir y a menudo se prescribe para permitir una vida equilibrada despu\u00e9s de una <a href=\"https:\/\/chicagoinjurylawyer.net\/es\/negligencia-medica\/errores-quirurgicos\/\">operaci\u00f3n<\/a> de este tipo.<\/p>\n<p>Pero en este caso, cuando el cirujano oper\u00f3 para extirpar la tiroides, en su lugar se extirp\u00f3 por error la gl\u00e1ndula timo, sin motivo alguno. Esta gl\u00e1ndula, situada entre los pulmones y el estern\u00f3n, no suele extirparse a un paciente porque su funci\u00f3n principal es contribuir a la creaci\u00f3n de linfocitos, que son los gl\u00f3bulos blancos encargados de combatir las enfermedades a trav\u00e9s del sistema inmunitario.<\/p>\n<p>Este error m\u00e9dico podr\u00eda haberse descubierto inmediatamente si se hubiera realizado una biopsia de la gl\u00e1ndula una vez extirpada, pero antes de cerrar la incisi\u00f3n del paciente. Dicha biopsia habr\u00eda revelado r\u00e1pidamente que no hab\u00eda ning\u00fan tumor canceroso en el timo, y se podr\u00edan haber tomado medidas adicionales. Pero en lugar de eso, se cerr\u00f3 la incisi\u00f3n, y m\u00e1s tarde fue necesaria otra intervenci\u00f3n quir\u00fargica para extirpar la gl\u00e1ndula prevista una vez que se revel\u00f3 finalmente el error. Tambi\u00e9n se descubri\u00f3 que las c\u00e9lulas cancerosas se hab\u00edan extendido a la paratiroides y a los ganglios linf\u00e1ticos, por lo que fue necesario realizar pruebas en los n\u00f3dulos y administrar radioterapia.<\/p>\n<p>Se present\u00f3 una demanda sobre este asunto en el sistema judicial del condado de Cook (que abarca Chicago) y, en lugar de esperar muchos a\u00f1os (como es habitual) para un juicio, se remiti\u00f3 a mediaci\u00f3n judicial. Se celebr\u00f3 entonces una mediaci\u00f3n, y nuestros abogados lograron persuadir eficazmente al mediador para que recomendara un <a href=\"https:\/\/chicagoinjurylawyer.net\/es\/nuestro-exito\/\">acuerdo muy elevado en d\u00f3lares para un error m\u00e9dico<\/a> de este tipo, que ascend\u00eda a $500,000 d\u00f3lares.<\/p>\n<h2>Acerca de la cirug\u00eda en el lugar equivocado<\/h2>\n<p>La cirug\u00eda es siempre un evento serio. Siempre que se realiza una incisi\u00f3n o se afecta al cuerpo humano de alguna manera significativa, existe la posibilidad de que se produzcan complicaciones, desde las m\u00e1s leves hasta las m\u00e1s graves, incluida la <a href=\"https:\/\/chicagoinjurylawyer.net\/es\/muerte-injusta\/\">muerte por negligencia<\/a>. Confiamos en que nuestros cirujanos pongan en pr\u00e1ctica las mejores habilidades de las que son capaces a la hora de realizar una intervenci\u00f3n quir\u00fargica y que tengan el m\u00e1ximo cuidado como expertos en su campo, ya que la diferencia entre la vida y la muerte a menudo pende de un hilo.<\/p>\n<p>Pero ni en los sue\u00f1os m\u00e1s salvajes de la mayor\u00eda de los pacientes se les pasa por la cabeza la posibilidad de que un m\u00e9dico opere a un paciente o un \u00f3rgano equivocados. Sin embargo, estas cosas ocurren e incluso tienen un nombre: \"cirug\u00eda en el lugar equivocado\". Se sabe de m\u00e9dicos que han operado a personas totalmente equivocadas, a menudo con nombres id\u00e9nticos o similares. Este peligro explica, al menos en parte, que los pacientes lleven pulseras para identificarse, ya que a veces est\u00e1n inconscientes o son incapaces de hablar o identificarse.<\/p>\n<p>Otras veces, este tipo de cirug\u00eda se realiza con el paciente correcto, pero, por desgracia, se lleva a cabo el procedimiento equivocado o afecta a la zona equivocada. En el caso de una <a href=\"https:\/\/chicagoinjurylawyer.net\/es\/amputacion\/\">amputaci\u00f3n<\/a> o de una operaci\u00f3n de <a href=\"https:\/\/chicagoinjurylawyer.net\/es\/negligencia-medica\/negligencia-por-cancer-de-mama\/\">c\u00e1ncer de mama<\/a>, por citar s\u00f3lo dos posibilidades, suele ser pr\u00e1ctica habitual en los hospitales de Chicago y de todo el pa\u00eds marcar la parte del cuerpo afectada con un rotulador para asegurarse de que no se produzca un error m\u00e9dico (<a href=\"https:\/\/chicagoinjurylawyer.net\/es\/negligencia-medica\/\">medical malpractice<\/a>) de este tipo. Aunque por lo general el personal m\u00e9dico sabe lo que es \"izquierdo\" y lo que es \"derecho\", siempre es mejor extremar las precauciones. Cada vez que se produce un acontecimiento m\u00e9dico que no deber\u00eda producirse en absoluto si se toman las precauciones adecuadas, se habla de un \"<a href=\"https:\/\/chicagoinjurylawyer.net\/es\/negligencia-medica\/cirugias-de-nunca-evento\/\">acontecimiento de nunca<\/a>\".<\/p>\n<h2>Contrate a un abogado experto en negligencias m\u00e9dicas<\/h2>\n<p>En situaciones como \u00e9stas, en las que un paciente ha resultado lesionado debido a una intervenci\u00f3n quir\u00fargica que tuvo lugar en un \u00f3rgano o gl\u00e1ndula equivocados, debe consultarse inmediatamente a un abogado <a href=\"https:\/\/chicagoinjurylawyer.net\/es\/negligencia-medica\/\">experto en negligencias m\u00e9dicas<\/a>. <a href=\"\/es\">Sexner Injury Lawyers LLC<\/a> ofrece informaci\u00f3n y orientaci\u00f3n gratuitas y sin compromiso a trav\u00e9s de un servicio telef\u00f3nico en directo las 24 horas y puede ponerse en contacto ahora mismo en el <a href=\"tel:3122439922\">(312) 243-9922<\/a>.<\/p>\n","protected":false},"excerpt":{"rendered":"<p>$500,000 d\u00f3lares en mediaci\u00f3n por negligencia m\u00e9dica en lugar equivocado Un cirujano le extrae por error la gl\u00e1ndula equivocada a un paciente A nuestra joven paciente se le hab\u00eda diagnosticado un tumor canceroso en el tiroides y se hab\u00eda programado una intervenci\u00f3n quir\u00fargica relativamente sencilla para extirparle la gl\u00e1ndula tiroides. Aunque esta gl\u00e1ndula desempe\u00f1a un [&hellip;]<\/p>\n","protected":false},"author":1,"featured_media":17923,"parent":7785,"menu_order":0,"comment_status":"closed","ping_status":"open","template":"","meta":{"_acf_changed":false,"footnotes":""},"class_list":["post-33999","page","type-page","status-publish","has-post-thumbnail","hentry"],"acf":[],"yoast_head":"<!-- This site is optimized with the Yoast SEO plugin v27.4 - https:\/\/yoast.com\/product\/yoast-seo-wordpress\/ -->\n<title>Premio de mediaci\u00f3n por negligencia m\u00e9dica en el lugar equivocado de $500,000 - Sexner Injury Lawyers LLC<\/title>\n<meta name=\"description\" content=\"Explore los peligros de la &#039;cirug\u00eda en el lugar equivocado&#039;. Proteger sus derechos, consulte a nuestro abogado experto en negligencias m\u00e9dicas hoy.\" \/>\n<meta name=\"robots\" content=\"index, follow, max-snippet:-1, max-image-preview:large, max-video-preview:-1\" \/>\n<link rel=\"canonical\" href=\"https:\/\/chicagoinjurylawyer.net\/es\/nuestro-exito\/500000-dolares-en-mediacion-por-negligencia-medica-en-lugar-equivocado\/\" \/>\n<meta property=\"og:locale\" content=\"es_ES\" \/>\n<meta property=\"og:type\" content=\"article\" \/>\n<meta property=\"og:title\" content=\"Premio de mediaci\u00f3n por negligencia m\u00e9dica en el lugar equivocado de $500,000 - Sexner Injury Lawyers LLC\" \/>\n<meta property=\"og:description\" content=\"Explore los peligros de la &#039;cirug\u00eda en el lugar equivocado&#039;. Proteger sus derechos, consulte a nuestro abogado experto en negligencias m\u00e9dicas hoy.\" \/>\n<meta property=\"og:url\" content=\"https:\/\/chicagoinjurylawyer.net\/es\/nuestro-exito\/500000-dolares-en-mediacion-por-negligencia-medica-en-lugar-equivocado\/\" \/>\n<meta property=\"og:site_name\" content=\"Sexner Injury Lawyers LLC\" \/>\n<meta property=\"og:image\" content=\"https:\/\/chicagoinjurylawyer.net\/wp-content\/uploads\/2019\/06\/500000-Wrong-Site-Medical-Malpractice-Mediation-Award.Featured-Jovel-Johnson-1-1.png\" \/>\n\t<meta property=\"og:image:width\" content=\"1200\" \/>\n\t<meta property=\"og:image:height\" content=\"630\" \/>\n\t<meta property=\"og:image:type\" content=\"image\/png\" \/>\n<meta name=\"twitter:card\" content=\"summary_large_image\" \/>\n<meta name=\"twitter:label1\" content=\"Tiempo de lectura\" \/>\n\t<meta name=\"twitter:data1\" content=\"4 minutos\" \/>\n<!-- \/ Yoast SEO plugin. -->","yoast_head_json":{"title":"Premio de mediaci\u00f3n por negligencia m\u00e9dica en el lugar equivocado de $500,000 - Sexner Injury Lawyers LLC","description":"Explore los peligros de la 'cirug\u00eda en el lugar equivocado'. Proteger sus derechos, consulte a nuestro abogado experto en negligencias m\u00e9dicas hoy.","robots":{"index":"index","follow":"follow","max-snippet":"max-snippet:-1","max-image-preview":"max-image-preview:large","max-video-preview":"max-video-preview:-1"},"canonical":"https:\/\/chicagoinjurylawyer.net\/es\/nuestro-exito\/500000-dolares-en-mediacion-por-negligencia-medica-en-lugar-equivocado\/","og_locale":"es_ES","og_type":"article","og_title":"Premio de mediaci\u00f3n por negligencia m\u00e9dica en el lugar equivocado de $500,000 - Sexner Injury Lawyers LLC","og_description":"Explore los peligros de la 'cirug\u00eda en el lugar equivocado'. Proteger sus derechos, consulte a nuestro abogado experto en negligencias m\u00e9dicas hoy.","og_url":"https:\/\/chicagoinjurylawyer.net\/es\/nuestro-exito\/500000-dolares-en-mediacion-por-negligencia-medica-en-lugar-equivocado\/","og_site_name":"Sexner Injury Lawyers LLC","og_image":[{"width":1200,"height":630,"url":"https:\/\/chicagoinjurylawyer.net\/wp-content\/uploads\/2019\/06\/500000-Wrong-Site-Medical-Malpractice-Mediation-Award.Featured-Jovel-Johnson-1-1.png","type":"image\/png"}],"twitter_card":"summary_large_image","twitter_misc":{"Tiempo de lectura":"4 minutos"},"schema":{"@context":"https:\/\/schema.org","@graph":[{"@type":"WebPage","@id":"https:\/\/chicagoinjurylawyer.net\/es\/nuestro-exito\/500000-dolares-en-mediacion-por-negligencia-medica-en-lugar-equivocado\/","url":"https:\/\/chicagoinjurylawyer.net\/es\/nuestro-exito\/500000-dolares-en-mediacion-por-negligencia-medica-en-lugar-equivocado\/","name":"Premio de mediaci\u00f3n por negligencia m\u00e9dica en el lugar equivocado de $500,000 - Sexner Injury Lawyers LLC","isPartOf":{"@id":"https:\/\/chicagoinjurylawyer.net\/es\/#website"},"primaryImageOfPage":{"@id":"https:\/\/chicagoinjurylawyer.net\/es\/nuestro-exito\/500000-dolares-en-mediacion-por-negligencia-medica-en-lugar-equivocado\/#primaryimage"},"image":{"@id":"https:\/\/chicagoinjurylawyer.net\/es\/nuestro-exito\/500000-dolares-en-mediacion-por-negligencia-medica-en-lugar-equivocado\/#primaryimage"},"thumbnailUrl":"https:\/\/chicagoinjurylawyer.net\/wp-content\/uploads\/2019\/06\/500000-Wrong-Site-Medical-Malpractice-Mediation-Award.Featured-Jovel-Johnson-1-1.png","datePublished":"2025-09-03T22:08:12+00:00","description":"Explore los peligros de la 'cirug\u00eda en el lugar equivocado'. Proteger sus derechos, consulte a nuestro abogado experto en negligencias m\u00e9dicas hoy.","breadcrumb":{"@id":"https:\/\/chicagoinjurylawyer.net\/es\/nuestro-exito\/500000-dolares-en-mediacion-por-negligencia-medica-en-lugar-equivocado\/#breadcrumb"},"inLanguage":"es","potentialAction":[{"@type":"ReadAction","target":["https:\/\/chicagoinjurylawyer.net\/es\/nuestro-exito\/500000-dolares-en-mediacion-por-negligencia-medica-en-lugar-equivocado\/"]}]},{"@type":"ImageObject","inLanguage":"es","@id":"https:\/\/chicagoinjurylawyer.net\/es\/nuestro-exito\/500000-dolares-en-mediacion-por-negligencia-medica-en-lugar-equivocado\/#primaryimage","url":"https:\/\/chicagoinjurylawyer.net\/wp-content\/uploads\/2019\/06\/500000-Wrong-Site-Medical-Malpractice-Mediation-Award.Featured-Jovel-Johnson-1-1.png","contentUrl":"https:\/\/chicagoinjurylawyer.net\/wp-content\/uploads\/2019\/06\/500000-Wrong-Site-Medical-Malpractice-Mediation-Award.Featured-Jovel-Johnson-1-1.png","width":1200,"height":630},{"@type":"BreadcrumbList","@id":"https:\/\/chicagoinjurylawyer.net\/es\/nuestro-exito\/500000-dolares-en-mediacion-por-negligencia-medica-en-lugar-equivocado\/#breadcrumb","itemListElement":[{"@type":"ListItem","position":1,"name":"Nuestro \u00c9xito","item":"https:\/\/chicagoinjurylawyer.net\/es\/nuestro-exito\/"},{"@type":"ListItem","position":2,"name":"$500,000 d\u00f3lares en mediaci\u00f3n por negligencia m\u00e9dica en lugar equivocado"}]},{"@type":"WebSite","@id":"https:\/\/chicagoinjurylawyer.net\/es\/#website","url":"https:\/\/chicagoinjurylawyer.net\/es\/","name":"Sexner Injury Lawyers LLC","description":"Chicago Personal Injury Attorneys","publisher":{"@id":"https:\/\/chicagoinjurylawyer.net\/es\/#organization"},"potentialAction":[{"@type":"SearchAction","target":{"@type":"EntryPoint","urlTemplate":"https:\/\/chicagoinjurylawyer.net\/es\/?s={search_term_string}"},"query-input":{"@type":"PropertyValueSpecification","valueRequired":true,"valueName":"search_term_string"}}],"inLanguage":"es"},{"@type":"Organization","@id":"https:\/\/chicagoinjurylawyer.net\/es\/#organization","name":"[firm-name]","url":"https:\/\/chicagoinjurylawyer.net\/es\/","logo":{"@type":"ImageObject","inLanguage":"es","@id":"https:\/\/chicagoinjurylawyer.net\/es\/#\/schema\/logo\/image\/","url":"https:\/\/chicagoinjurylawyer.net\/wp-content\/uploads\/2019\/06\/msx-logo-1.png","contentUrl":"https:\/\/chicagoinjurylawyer.net\/wp-content\/uploads\/2019\/06\/msx-logo-1.png","width":180,"height":83,"caption":"[firm-name]"},"image":{"@id":"https:\/\/chicagoinjurylawyer.net\/es\/#\/schema\/logo\/image\/"}}]}},"_links":{"self":[{"href":"https:\/\/chicagoinjurylawyer.net\/es\/wp-json\/wp\/v2\/pages\/33999","targetHints":{"allow":["GET"]}}],"collection":[{"href":"https:\/\/chicagoinjurylawyer.net\/es\/wp-json\/wp\/v2\/pages"}],"about":[{"href":"https:\/\/chicagoinjurylawyer.net\/es\/wp-json\/wp\/v2\/types\/page"}],"author":[{"embeddable":true,"href":"https:\/\/chicagoinjurylawyer.net\/es\/wp-json\/wp\/v2\/users\/1"}],"replies":[{"embeddable":true,"href":"https:\/\/chicagoinjurylawyer.net\/es\/wp-json\/wp\/v2\/comments?post=33999"}],"version-history":[{"count":1,"href":"https:\/\/chicagoinjurylawyer.net\/es\/wp-json\/wp\/v2\/pages\/33999\/revisions"}],"predecessor-version":[{"id":34000,"href":"https:\/\/chicagoinjurylawyer.net\/es\/wp-json\/wp\/v2\/pages\/33999\/revisions\/34000"}],"up":[{"embeddable":true,"href":"https:\/\/chicagoinjurylawyer.net\/es\/wp-json\/wp\/v2\/pages\/7785"}],"wp:featuredmedia":[{"embeddable":true,"href":"https:\/\/chicagoinjurylawyer.net\/es\/wp-json\/wp\/v2\/media\/17923"}],"wp:attachment":[{"href":"https:\/\/chicagoinjurylawyer.net\/es\/wp-json\/wp\/v2\/media?parent=33999"}],"curies":[{"name":"wp","href":"https:\/\/api.w.org\/{rel}","templated":true}]}}