{"id":34013,"date":"2024-02-08T11:41:28","date_gmt":"2024-02-08T17:41:28","guid":{"rendered":"https:\/\/chicagoinjurylawyer.net\/?page_id=34013"},"modified":"2024-02-08T11:56:09","modified_gmt":"2024-02-08T17:56:09","slug":"275000-liquidacion-abuso-hogar-de-ancianos","status":"publish","type":"page","link":"https:\/\/chicagoinjurylawyer.net\/es\/nuestro-exito\/275000-liquidacion-abuso-hogar-de-ancianos\/","title":{"rendered":"$275,000 Liquidaci\u00f3n abuso Hogar de Ancianos"},"content":{"rendered":"<h1>$275,000 Liquidaci\u00f3n abuso Hogar de Ancianos<\/h1>\n<p>En nombre de sus cuatro hijos, se present\u00f3 una demanda alegando que la muerte de su padre se debi\u00f3 en parte a una atenci\u00f3n deficiente en su centro de enfermer\u00eda y a un patr\u00f3n de negligencia. Cuando los pacientes en centros de larga estancia se quedan en cama durante demasiado tiempo sin moverlos ni girarlos, puede producirse una ulcera. Aunque se puede tratar si se detecta a tiempo, se permiti\u00f3 que esta ulcera creciera mucho y, sin el tratamiento adecuado fue un factor que contribuyo a la muerte de este hombre. Despu\u00e9s de extensas negociaciones con los abogados y la compa\u00f1\u00eda de seguros del asilo de ancianos, se llego a un acuerdo de mas de $275,000 en beneficio de sus hijos.<\/p>\n<h2>Causas de las ulceras por dec\u00fabito<\/h2>\n<p>Las ulceras por presi\u00f3n, tambi\u00e9n conocidas como ulceras por presi\u00f3n, generalmente no afectan a quienes tienen un rango de movimiento normal y no pasan mucho tiempo en cama. Sin embargo, suelen afectar a personas mayores o a aquellas que, debido a una enfermedad par\u00e1lisis, fragilidad, coma o recuperaci\u00f3n de una cirug\u00eda, no pueden moverse sin la ayuda de otras personas. Los pacientes que tienen lesiones de la medula espinal o otras afecciones que reducen su sensaci\u00f3n tambi\u00e9n corren un mayor riesgo porque es posible que no sientan una ulcera mientras se desarrolla.<\/p>\n<h2>Medidas preventivas<\/h2>\n<p>Cuando un ser querido reside en una residencia de ancianos, un hospital u otro centro de larga estancia es vital que las enfermeras u otro personal medico muevan y ajusten al paciente con regularidad para evitar la aparici\u00f3n de este tipo de ulceras. No hacerlo aumenta considerablemente el riesgo de que aparezca esta afecci\u00f3n. Aunque estas ulceras suelen aparecer debido a la presi\u00f3n ejercida sobre partes \u00f3seas del cuerpo, como el c\u00f3ccix y el tal\u00f3n, la fricci\u00f3n excesiva o el \u201ccizallamiento\u201d (cuando los huesos subyacentes se mueven en direcci\u00f3n opuesta a la piel) tambi\u00e9n pueden provocarlas.<\/p>\n<p>Para aquellos que tienes la capacidad y la fuerza para moverse por si mismos, algunas sugerencias preventivas comunes incluyen:<\/p>\n<ul>\n<li>Si es posible, ajuste la elevaci\u00f3n de la cama a mas de 30 grados<\/li>\n<li>Si puede, levantarse de vez en cuando empujando los brazos de la silla de ruedas y haciendo de vez en cuando \u201cflexiones de silla de ruedas\u201d<\/li>\n<li>Intenta cambiar de posici\u00f3n en la cada 15 minutos aproximadamente<\/li>\n<li>Elige colchones o cojines especiales que puedan aliviar y redistribuir la presi\u00f3n<\/li>\n<li>Pida a alguien que le aplique polvos de talco en la piel para evitar la fricci\u00f3n<\/li>\n<li>Mantenga la piel seca y limpia, utilizando un limpiador suave y secando la zona con palmaditas<\/li>\n<li>Mantener una buena alimentaci\u00f3n y dejar de fumar<\/li>\n<li>Realizar algunos ejercicios si es posible para aumentar el flujo sangu\u00edneo y la circulaci\u00f3n<\/li>\n<\/ul>\n<h2>S\u00edntomas de \u00falceras por presi\u00f3n<\/h2>\n<p>Cuando visite a su ser querido, es una buena idea comprobar peri\u00f3dicamente los signos de advertencia de las ulceras por presi\u00f3n, que suelen incluir:<\/p>\n<ul>\n<li>Drenaje de l\u00edquido o pus<\/li>\n<li>Hinchazon de los tejidos<\/li>\n<li>Cambios en la textura o el color de la piel que no cambian al retirar la presi\u00f3n<\/li>\n<li>Temperatura de la piel que es siente mas caliente o mas fr\u00eda que la piel circundante<\/li>\n<\/ul>\n<p>El maltrato y la negligencia en residencias de ancianos es un grave problema que afecta a todos los segmentos de nuestra sociedad. Seg\u00fan el Centro de Control de Enfermedades, alrededor del 11% de los residentes recientes de residencias de ancianos ten\u00edan ulceras por presi\u00f3n. Si cree que un ser querido ha resultado herido debido a la negligencia de otros llames a <a href=\"\/es\/contactenos\/\">Sexner Injury Lawyers LLC<\/a> a cualquier hora del d\u00eda <a href=\"tel:3122439922\">(312) 243-9922<\/a>.<\/p>\n","protected":false},"excerpt":{"rendered":"<p>$275,000 Liquidaci\u00f3n abuso Hogar de Ancianos En nombre de sus cuatro hijos, se present\u00f3 una demanda alegando que la muerte de su padre se debi\u00f3 en parte a una atenci\u00f3n deficiente en su centro de enfermer\u00eda y a un patr\u00f3n de negligencia. Cuando los pacientes en centros de larga estancia se quedan en cama durante [&hellip;]<\/p>\n","protected":false},"author":1,"featured_media":0,"parent":7785,"menu_order":0,"comment_status":"closed","ping_status":"open","template":"","meta":{"_acf_changed":false,"footnotes":""},"class_list":["post-34013","page","type-page","status-publish","hentry"],"acf":[],"yoast_head":"<!-- This site is optimized with the Yoast SEO plugin v27.4 - https:\/\/yoast.com\/product\/yoast-seo-wordpress\/ -->\n<title>$275,000 Liquidaci\u00f3n abuso Hogar de Ancianos - Sexner Injury Lawyers LLC<\/title>\n<meta name=\"description\" content=\"Las \u00falceras de dec\u00fabito de un anciano acaban provocando su muerte. La familia present\u00f3 una demanda y lleg\u00f3 a un acuerdo exitoso con el asilo de ancianos. La pr\u00f3xima gran victoria podr\u00edas ser t\u00fa.\" \/>\n<meta name=\"robots\" content=\"index, follow, max-snippet:-1, max-image-preview:large, max-video-preview:-1\" \/>\n<link rel=\"canonical\" href=\"https:\/\/chicagoinjurylawyer.net\/es\/nuestro-exito\/275000-liquidacion-abuso-hogar-de-ancianos\/\" \/>\n<meta property=\"og:locale\" content=\"es_ES\" \/>\n<meta property=\"og:type\" content=\"article\" \/>\n<meta property=\"og:title\" content=\"$275,000 Liquidaci\u00f3n abuso Hogar de Ancianos - Sexner Injury Lawyers LLC\" \/>\n<meta property=\"og:description\" content=\"Las \u00falceras de dec\u00fabito de un anciano acaban provocando su muerte. La familia present\u00f3 una demanda y lleg\u00f3 a un acuerdo exitoso con el asilo de ancianos. La pr\u00f3xima gran victoria podr\u00edas ser t\u00fa.\" \/>\n<meta property=\"og:url\" content=\"https:\/\/chicagoinjurylawyer.net\/es\/nuestro-exito\/275000-liquidacion-abuso-hogar-de-ancianos\/\" \/>\n<meta property=\"og:site_name\" content=\"Sexner Injury Lawyers LLC\" \/>\n<meta property=\"article:modified_time\" content=\"2024-02-08T17:56:09+00:00\" \/>\n<meta name=\"twitter:card\" content=\"summary_large_image\" \/>\n<meta name=\"twitter:label1\" content=\"Tiempo de lectura\" \/>\n\t<meta name=\"twitter:data1\" content=\"3 minutos\" \/>\n<!-- \/ Yoast SEO plugin. -->","yoast_head_json":{"title":"$275,000 Liquidaci\u00f3n abuso Hogar de Ancianos - Sexner Injury Lawyers LLC","description":"Las \u00falceras de dec\u00fabito de un anciano acaban provocando su muerte. La familia present\u00f3 una demanda y lleg\u00f3 a un acuerdo exitoso con el asilo de ancianos. La pr\u00f3xima gran victoria podr\u00edas ser t\u00fa.","robots":{"index":"index","follow":"follow","max-snippet":"max-snippet:-1","max-image-preview":"max-image-preview:large","max-video-preview":"max-video-preview:-1"},"canonical":"https:\/\/chicagoinjurylawyer.net\/es\/nuestro-exito\/275000-liquidacion-abuso-hogar-de-ancianos\/","og_locale":"es_ES","og_type":"article","og_title":"$275,000 Liquidaci\u00f3n abuso Hogar de Ancianos - Sexner Injury Lawyers LLC","og_description":"Las \u00falceras de dec\u00fabito de un anciano acaban provocando su muerte. La familia present\u00f3 una demanda y lleg\u00f3 a un acuerdo exitoso con el asilo de ancianos. La pr\u00f3xima gran victoria podr\u00edas ser t\u00fa.","og_url":"https:\/\/chicagoinjurylawyer.net\/es\/nuestro-exito\/275000-liquidacion-abuso-hogar-de-ancianos\/","og_site_name":"Sexner Injury Lawyers LLC","article_modified_time":"2024-02-08T17:56:09+00:00","twitter_card":"summary_large_image","twitter_misc":{"Tiempo de lectura":"3 minutos"},"schema":{"@context":"https:\/\/schema.org","@graph":[{"@type":"WebPage","@id":"https:\/\/chicagoinjurylawyer.net\/es\/nuestro-exito\/275000-liquidacion-abuso-hogar-de-ancianos\/","url":"https:\/\/chicagoinjurylawyer.net\/es\/nuestro-exito\/275000-liquidacion-abuso-hogar-de-ancianos\/","name":"$275,000 Liquidaci\u00f3n abuso Hogar de Ancianos - Sexner Injury Lawyers LLC","isPartOf":{"@id":"https:\/\/chicagoinjurylawyer.net\/es\/#website"},"datePublished":"2024-02-08T17:41:28+00:00","dateModified":"2024-02-08T17:56:09+00:00","description":"Las \u00falceras de dec\u00fabito de un anciano acaban provocando su muerte. La familia present\u00f3 una demanda y lleg\u00f3 a un acuerdo exitoso con el asilo de ancianos. La pr\u00f3xima gran victoria podr\u00edas ser t\u00fa.","breadcrumb":{"@id":"https:\/\/chicagoinjurylawyer.net\/es\/nuestro-exito\/275000-liquidacion-abuso-hogar-de-ancianos\/#breadcrumb"},"inLanguage":"es","potentialAction":[{"@type":"ReadAction","target":["https:\/\/chicagoinjurylawyer.net\/es\/nuestro-exito\/275000-liquidacion-abuso-hogar-de-ancianos\/"]}]},{"@type":"BreadcrumbList","@id":"https:\/\/chicagoinjurylawyer.net\/es\/nuestro-exito\/275000-liquidacion-abuso-hogar-de-ancianos\/#breadcrumb","itemListElement":[{"@type":"ListItem","position":1,"name":"Nuestro \u00c9xito","item":"https:\/\/chicagoinjurylawyer.net\/es\/nuestro-exito\/"},{"@type":"ListItem","position":2,"name":"$275,000 Liquidaci\u00f3n abuso Hogar de Ancianos"}]},{"@type":"WebSite","@id":"https:\/\/chicagoinjurylawyer.net\/es\/#website","url":"https:\/\/chicagoinjurylawyer.net\/es\/","name":"Sexner Injury Lawyers LLC","description":"Chicago Personal Injury Attorneys","publisher":{"@id":"https:\/\/chicagoinjurylawyer.net\/es\/#organization"},"potentialAction":[{"@type":"SearchAction","target":{"@type":"EntryPoint","urlTemplate":"https:\/\/chicagoinjurylawyer.net\/es\/?s={search_term_string}"},"query-input":{"@type":"PropertyValueSpecification","valueRequired":true,"valueName":"search_term_string"}}],"inLanguage":"es"},{"@type":"Organization","@id":"https:\/\/chicagoinjurylawyer.net\/es\/#organization","name":"[firm-name]","url":"https:\/\/chicagoinjurylawyer.net\/es\/","logo":{"@type":"ImageObject","inLanguage":"es","@id":"https:\/\/chicagoinjurylawyer.net\/es\/#\/schema\/logo\/image\/","url":"https:\/\/chicagoinjurylawyer.net\/wp-content\/uploads\/2019\/06\/msx-logo-1.png","contentUrl":"https:\/\/chicagoinjurylawyer.net\/wp-content\/uploads\/2019\/06\/msx-logo-1.png","width":180,"height":83,"caption":"[firm-name]"},"image":{"@id":"https:\/\/chicagoinjurylawyer.net\/es\/#\/schema\/logo\/image\/"}}]}},"_links":{"self":[{"href":"https:\/\/chicagoinjurylawyer.net\/es\/wp-json\/wp\/v2\/pages\/34013","targetHints":{"allow":["GET"]}}],"collection":[{"href":"https:\/\/chicagoinjurylawyer.net\/es\/wp-json\/wp\/v2\/pages"}],"about":[{"href":"https:\/\/chicagoinjurylawyer.net\/es\/wp-json\/wp\/v2\/types\/page"}],"author":[{"embeddable":true,"href":"https:\/\/chicagoinjurylawyer.net\/es\/wp-json\/wp\/v2\/users\/1"}],"replies":[{"embeddable":true,"href":"https:\/\/chicagoinjurylawyer.net\/es\/wp-json\/wp\/v2\/comments?post=34013"}],"version-history":[{"count":1,"href":"https:\/\/chicagoinjurylawyer.net\/es\/wp-json\/wp\/v2\/pages\/34013\/revisions"}],"predecessor-version":[{"id":34014,"href":"https:\/\/chicagoinjurylawyer.net\/es\/wp-json\/wp\/v2\/pages\/34013\/revisions\/34014"}],"up":[{"embeddable":true,"href":"https:\/\/chicagoinjurylawyer.net\/es\/wp-json\/wp\/v2\/pages\/7785"}],"wp:attachment":[{"href":"https:\/\/chicagoinjurylawyer.net\/es\/wp-json\/wp\/v2\/media?parent=34013"}],"curies":[{"name":"wp","href":"https:\/\/api.w.org\/{rel}","templated":true}]}}