{"id":34016,"date":"2024-02-08T12:05:51","date_gmt":"2024-02-08T18:05:51","guid":{"rendered":"https:\/\/chicagoinjurylawyer.net\/?page_id=34016"},"modified":"2024-02-08T12:05:51","modified_gmt":"2024-02-08T18:05:51","slug":"100000-accidente-de-auto-de-liquidacion","status":"publish","type":"page","link":"https:\/\/chicagoinjurylawyer.net\/es\/nuestro-exito\/100000-accidente-de-auto-de-liquidacion\/","title":{"rendered":"$100,000 accidente de auto de liquidacion"},"content":{"rendered":"<h1>$100,000 accidente de auto de liquidacion<\/h1>\n<p>Mientras conduc\u00eda su coche en su suburbio de Chicago, nuestro cliente sufri\u00f3 un grave accidente cuando otro conductor se cruzo en una calle principal sin detenerse ante un sem\u00e1foro. Fue trasladado a urgencias por m\u00faltiples lesiones, incluidas fracturas \u00f3seas que requirieron fijaci\u00f3n interna con placas\/tornillos. Tuvo que someterse a varias intervenciones quir\u00fargicas. Aunque la otra parte tenia limites de p\u00f3liza de seguro bajos, aseguramos el acuerdo m\u00e1ximo absoluto disponible de $100,000 en este caso para nuestro cliente lesionado.<\/p>\n<h2>Fijaci\u00f3n interna o a fijaci\u00f3n externa de fracturas \u00f3seas<\/h2>\n<p>A veces, un hueso se rompe limpiamente y puede sujetarse y estabilizarse desde fuera del cuero hasta que adquiera la fuerza suficiente para soportar el peso del cuerpo y moverse correctamente. En muchos casos, una escayola o una f\u00e9rula ayudaran a curar la fractura. Otras veces, una fractura mas grave puede requerir fijaci\u00f3n externa, que es un m\u00e9todo que puede ayudar a mantener unidos los fragmentos \u00f3seos fracturados mediante el uso de clavos colocados a trav\u00e9s de la piel y un dispositivo de compresi\u00f3n. Una vez que el hueso ha cicatrizado completamente, se retiran los clavos.<\/p>\n<p>Pero en otros casos, el cirujano puede decidir que los mejor es estabilizar el hueso fracturado mediante fijaci\u00f3n interna, como en el caso de nuestro cliente descrito anteriormente. Con este m\u00e9todo. Los fragmentos \u00f3seos fracturados se reducen (recolocan) en su orientaci\u00f3n normal y luego se mantienen en su sitio con implantes especializados (generalmente de titanio o acero inoxidable como alambres, tornillos placas y clavos. En los casos en que una articulaci\u00f3n no puede repararse, sino que debe sustituirse, estos implantes suelen ser de cromo o cobalto y rar vez provocan una reacci\u00f3n al\u00e9rgica del organismo porque est\u00e1n dise\u00f1ados para ser compartibles.<\/p>\n<h2>Tipos de fijaci\u00f3n interna<\/h2>\n<p>Tornillos: aunque en apariencia no difieren mucho de los t\u00edpicos tornillos dom\u00e9sticos, estos implantes de grado medico se fabrican para ser mucho mas resistentes y precisos para sus aplicaciones medicas concretas. Los tornillos son el m\u00e9todo de fijaci\u00f3n interna mas utilizado, vienen en diferentes tama\u00f1os dependiendo del hueso en cuesti\u00f3n y vienen en diferentes dise\u00f1os dependiendo de como est\u00e1n destinados a ser utilizados. Algunos tipos de tornillos \u00f3seos son los corticales, esponjosos, pediculares, canalados y maleolares.<\/p>\n<p>Placas: al igual que una f\u00e9rula externa, una placa act\u00faa como una f\u00e9rula interna para que el hueso mantenga unidas la piezas fracturadas mientras se cura. Se fijan mediante tornillos y pueden retirarse tras la curaci\u00f3n o dejarse colocadas de forma permanente.<\/p>\n<p>Barras y clavos: A veces, los tornillos y las placas no son adecuados para la fractura concreta que se ha producido, En estas otras circunstancias, que suelen afectar a huesos largos el cirujano puede decidir insertar un clavo o una varilla a trav\u00e9s del centro del hueso, que generalmente contiene medula pero es b\u00e1sicamente hueco. Este m\u00e9todo es habitual en las fracturas de f\u00e9mur y tibia, y puede retirarse o no vez curadas.<\/p>\n<p>Clavos y alambres: cuando los trozos de hueso son demasiado peque\u00f1os para utilizar un tornillo o una placa a menudo se utilizan clavos y alambres, a veces junto con alg\u00fan m\u00e9todo de fijaci\u00f3n externa.<\/p>\n<p>Ya sea por un accidente automovil\u00edstico o por cualquier otro tipo de accidente, las lesiones que requieren fijaci\u00f3n interna son siempre invasivas y graves. Hable con un miembro experimentado del equipo legal de <a href=\"\/es\/contactenos\/\">Sexner Injury Lawyers LLC<\/a> las 24 horas del d\u00eda a <a href=\"tel:3122439922\">(312) 243-9922<\/a>.<\/p>\n","protected":false},"excerpt":{"rendered":"<p>$100,000 accidente de auto de liquidacion Mientras conduc\u00eda su coche en su suburbio de Chicago, nuestro cliente sufri\u00f3 un grave accidente cuando otro conductor se cruzo en una calle principal sin detenerse ante un sem\u00e1foro. Fue trasladado a urgencias por m\u00faltiples lesiones, incluidas fracturas \u00f3seas que requirieron fijaci\u00f3n interna con placas\/tornillos. Tuvo que someterse a [&hellip;]<\/p>\n","protected":false},"author":1,"featured_media":0,"parent":7785,"menu_order":0,"comment_status":"closed","ping_status":"open","template":"","meta":{"_acf_changed":false,"footnotes":""},"class_list":["post-34016","page","type-page","status-publish","hentry"],"acf":[],"yoast_head":"<!-- This site is optimized with the Yoast SEO plugin v27.4 - https:\/\/yoast.com\/product\/yoast-seo-wordpress\/ -->\n<title>$100,000 accidente de auto de liquidacion - Sexner Injury Lawyers LLC<\/title>\n<meta name=\"description\" content=\"Mientras conduc\u00eda, un hombre fue atropellado por un coche. El accidente provoc\u00f3 varias fracturas de huesos. Ganamos su caso y le conseguimos un gran acuerdo. Ll\u00e1menos hoy.\" \/>\n<meta name=\"robots\" content=\"index, follow, max-snippet:-1, max-image-preview:large, max-video-preview:-1\" \/>\n<link rel=\"canonical\" href=\"https:\/\/chicagoinjurylawyer.net\/es\/nuestro-exito\/100000-accidente-de-auto-de-liquidacion\/\" \/>\n<meta property=\"og:locale\" content=\"es_ES\" \/>\n<meta property=\"og:type\" content=\"article\" \/>\n<meta property=\"og:title\" content=\"$100,000 accidente de auto de liquidacion - Sexner Injury Lawyers LLC\" \/>\n<meta property=\"og:description\" content=\"Mientras conduc\u00eda, un hombre fue atropellado por un coche. El accidente provoc\u00f3 varias fracturas de huesos. Ganamos su caso y le conseguimos un gran acuerdo. Ll\u00e1menos hoy.\" \/>\n<meta property=\"og:url\" content=\"https:\/\/chicagoinjurylawyer.net\/es\/nuestro-exito\/100000-accidente-de-auto-de-liquidacion\/\" \/>\n<meta property=\"og:site_name\" content=\"Sexner Injury Lawyers LLC\" \/>\n<meta name=\"twitter:card\" content=\"summary_large_image\" \/>\n<meta name=\"twitter:label1\" content=\"Tiempo de lectura\" \/>\n\t<meta name=\"twitter:data1\" content=\"3 minutos\" \/>\n<!-- \/ Yoast SEO plugin. -->","yoast_head_json":{"title":"$100,000 accidente de auto de liquidacion - Sexner Injury Lawyers LLC","description":"Mientras conduc\u00eda, un hombre fue atropellado por un coche. El accidente provoc\u00f3 varias fracturas de huesos. Ganamos su caso y le conseguimos un gran acuerdo. Ll\u00e1menos hoy.","robots":{"index":"index","follow":"follow","max-snippet":"max-snippet:-1","max-image-preview":"max-image-preview:large","max-video-preview":"max-video-preview:-1"},"canonical":"https:\/\/chicagoinjurylawyer.net\/es\/nuestro-exito\/100000-accidente-de-auto-de-liquidacion\/","og_locale":"es_ES","og_type":"article","og_title":"$100,000 accidente de auto de liquidacion - Sexner Injury Lawyers LLC","og_description":"Mientras conduc\u00eda, un hombre fue atropellado por un coche. El accidente provoc\u00f3 varias fracturas de huesos. Ganamos su caso y le conseguimos un gran acuerdo. Ll\u00e1menos hoy.","og_url":"https:\/\/chicagoinjurylawyer.net\/es\/nuestro-exito\/100000-accidente-de-auto-de-liquidacion\/","og_site_name":"Sexner Injury Lawyers LLC","twitter_card":"summary_large_image","twitter_misc":{"Tiempo de lectura":"3 minutos"},"schema":{"@context":"https:\/\/schema.org","@graph":[{"@type":"WebPage","@id":"https:\/\/chicagoinjurylawyer.net\/es\/nuestro-exito\/100000-accidente-de-auto-de-liquidacion\/","url":"https:\/\/chicagoinjurylawyer.net\/es\/nuestro-exito\/100000-accidente-de-auto-de-liquidacion\/","name":"$100,000 accidente de auto de liquidacion - Sexner Injury Lawyers LLC","isPartOf":{"@id":"https:\/\/chicagoinjurylawyer.net\/es\/#website"},"datePublished":"2024-02-08T18:05:51+00:00","description":"Mientras conduc\u00eda, un hombre fue atropellado por un coche. El accidente provoc\u00f3 varias fracturas de huesos. Ganamos su caso y le conseguimos un gran acuerdo. Ll\u00e1menos hoy.","breadcrumb":{"@id":"https:\/\/chicagoinjurylawyer.net\/es\/nuestro-exito\/100000-accidente-de-auto-de-liquidacion\/#breadcrumb"},"inLanguage":"es","potentialAction":[{"@type":"ReadAction","target":["https:\/\/chicagoinjurylawyer.net\/es\/nuestro-exito\/100000-accidente-de-auto-de-liquidacion\/"]}]},{"@type":"BreadcrumbList","@id":"https:\/\/chicagoinjurylawyer.net\/es\/nuestro-exito\/100000-accidente-de-auto-de-liquidacion\/#breadcrumb","itemListElement":[{"@type":"ListItem","position":1,"name":"Nuestro \u00c9xito","item":"https:\/\/chicagoinjurylawyer.net\/es\/nuestro-exito\/"},{"@type":"ListItem","position":2,"name":"$100,000 accidente de auto de liquidacion"}]},{"@type":"WebSite","@id":"https:\/\/chicagoinjurylawyer.net\/es\/#website","url":"https:\/\/chicagoinjurylawyer.net\/es\/","name":"Sexner Injury Lawyers LLC","description":"Chicago Personal Injury Attorneys","publisher":{"@id":"https:\/\/chicagoinjurylawyer.net\/es\/#organization"},"potentialAction":[{"@type":"SearchAction","target":{"@type":"EntryPoint","urlTemplate":"https:\/\/chicagoinjurylawyer.net\/es\/?s={search_term_string}"},"query-input":{"@type":"PropertyValueSpecification","valueRequired":true,"valueName":"search_term_string"}}],"inLanguage":"es"},{"@type":"Organization","@id":"https:\/\/chicagoinjurylawyer.net\/es\/#organization","name":"[firm-name]","url":"https:\/\/chicagoinjurylawyer.net\/es\/","logo":{"@type":"ImageObject","inLanguage":"es","@id":"https:\/\/chicagoinjurylawyer.net\/es\/#\/schema\/logo\/image\/","url":"https:\/\/chicagoinjurylawyer.net\/wp-content\/uploads\/2019\/06\/msx-logo-1.png","contentUrl":"https:\/\/chicagoinjurylawyer.net\/wp-content\/uploads\/2019\/06\/msx-logo-1.png","width":180,"height":83,"caption":"[firm-name]"},"image":{"@id":"https:\/\/chicagoinjurylawyer.net\/es\/#\/schema\/logo\/image\/"}}]}},"_links":{"self":[{"href":"https:\/\/chicagoinjurylawyer.net\/es\/wp-json\/wp\/v2\/pages\/34016","targetHints":{"allow":["GET"]}}],"collection":[{"href":"https:\/\/chicagoinjurylawyer.net\/es\/wp-json\/wp\/v2\/pages"}],"about":[{"href":"https:\/\/chicagoinjurylawyer.net\/es\/wp-json\/wp\/v2\/types\/page"}],"author":[{"embeddable":true,"href":"https:\/\/chicagoinjurylawyer.net\/es\/wp-json\/wp\/v2\/users\/1"}],"replies":[{"embeddable":true,"href":"https:\/\/chicagoinjurylawyer.net\/es\/wp-json\/wp\/v2\/comments?post=34016"}],"version-history":[{"count":1,"href":"https:\/\/chicagoinjurylawyer.net\/es\/wp-json\/wp\/v2\/pages\/34016\/revisions"}],"predecessor-version":[{"id":34017,"href":"https:\/\/chicagoinjurylawyer.net\/es\/wp-json\/wp\/v2\/pages\/34016\/revisions\/34017"}],"up":[{"embeddable":true,"href":"https:\/\/chicagoinjurylawyer.net\/es\/wp-json\/wp\/v2\/pages\/7785"}],"wp:attachment":[{"href":"https:\/\/chicagoinjurylawyer.net\/es\/wp-json\/wp\/v2\/media?parent=34016"}],"curies":[{"name":"wp","href":"https:\/\/api.w.org\/{rel}","templated":true}]}}