{"id":34066,"date":"2024-07-19T15:51:03","date_gmt":"2024-07-19T20:51:03","guid":{"rendered":"https:\/\/chicagoinjurylawyer.net\/?page_id=34066"},"modified":"2024-07-19T15:52:22","modified_gmt":"2024-07-19T20:52:22","slug":"4-millones-de-dolares-en-acuerdo-de-abuso-sexual","status":"publish","type":"page","link":"https:\/\/chicagoinjurylawyer.net\/es\/nuestro-exito\/4-millones-de-dolares-en-acuerdo-de-abuso-sexual\/","title":{"rendered":"$4 millones de d\u00f3lares en acuerdo de abuso sexual"},"content":{"rendered":"<h1>$4 millones de d\u00f3lares en acuerdo de abuso sexual<\/h1>\n<h2>Menor que fue abusado sexualmente en el trabajo<\/h2>\n<p>En conjunto con una de nuestras firmas de abogados afiliadas de gran prestigio, <a href=\"\/es\">Sexner Injury Lawyers LLC<\/a> ha conseguido con \u00e9xito un acuerdo de cuatro millones de d\u00f3lares para nuestro cliente. Originalmente se present\u00f3 una demanda de varios cargos en nombre de nuestra cliente relacionada con acusaciones de <a href=\"\/es\/abuso-sexual\/\">abuso sexual<\/a>, agresi\u00f3n sexual, explotaci\u00f3n sexual de un menor y preparaci\u00f3n de un menor empleado por una entidad municipal. Despu\u00e9s de una prolongada negociaci\u00f3n y mediaci\u00f3n, nos complace anunciar que recientemente se alcanz\u00f3 esta cantidad en su nombre.<\/p>\n<p>Siempre es desafortunado cuando una persona que tiene alg\u00fan grado de poder sobre todos usa ese poder para prop\u00f3sitos impropios. Esto puede pasar con un <a href=\"\/es\/negligencia-medica\/\">sacerdote<\/a>, rabino u otras figuras religiosas y uno de sus feligreses o congregantes. Puede pasar con un profesional medical, <a href=\"\/es\/negligencia-medica\/\">doctor<\/a> o enfermero y uno de sus pacientes en el hospital. Puede pasar en virtualmente cualquier lugar y puede incluir personas como maestros, padres adoptivos, colocaciones de DCFS; la lista de quien comete estas ofensas es desafortunadamente sin fin.<\/p>\n<p>Si usted o un amado a sido <a href=\"\/es\/abuso-de-asilo-de-ancianos\/abuso-sexual\/\">victimo de abuso sexual<\/a>, agresi\u00f3n o abuso, no importa cuanto tiempo a pasado contacte <a href=\"\/es\">Sexner Injury Lawyers LLC<\/a> en <a href=\"tel:3122439922\">(312) 243-9922<\/a> para ayuda gratis. Nuevos cambios en la ley han dr\u00e1sticamente extendido el estatuto de limitaciones (tiempo limitado) para cuando una demande de lesi\u00f3n personal como esto tiene que ser presentado. En muchas circunstancias, no hay tiempo limitado. Ll\u00e1menos para determinar que tiempos limitados puede aplicar a su caso potencial. Todas conversaciones son 100% confidencial y manejado por un abogado con experiencia en estos tipos de materia personal.<\/p>\n","protected":false},"excerpt":{"rendered":"<p>$4 millones de d\u00f3lares en acuerdo de abuso sexual Menor que fue abusado sexualmente en el trabajo En conjunto con una de nuestras firmas de abogados afiliadas de gran prestigio, ha conseguido con \u00e9xito un acuerdo de cuatro millones de d\u00f3lares para nuestro cliente. Originalmente se present\u00f3 una demanda de varios cargos en nombre de [&hellip;]<\/p>\n","protected":false},"author":1,"featured_media":0,"parent":7785,"menu_order":0,"comment_status":"closed","ping_status":"closed","template":"","meta":{"_acf_changed":false,"footnotes":""},"class_list":["post-34066","page","type-page","status-publish","hentry"],"acf":[],"yoast_head":"<!-- This site is optimized with the Yoast SEO plugin v27.4 - https:\/\/yoast.com\/product\/yoast-seo-wordpress\/ -->\n<title>$4 millones de d\u00f3lares en acuerdo de abuso sexual - Sexner Injury Lawyers LLC<\/title>\n<meta name=\"description\" content=\"Ganamos un acuerdo de $4 millones para un menor que sufri\u00f3 abuso en el trabajo. Cont\u00e1ctenos hoy para una revisi\u00f3n de caso gratuita\" \/>\n<meta name=\"robots\" content=\"index, follow, max-snippet:-1, max-image-preview:large, max-video-preview:-1\" \/>\n<link rel=\"canonical\" href=\"https:\/\/chicagoinjurylawyer.net\/es\/nuestro-exito\/4-millones-de-dolares-en-acuerdo-de-abuso-sexual\/\" \/>\n<meta property=\"og:locale\" content=\"es_ES\" \/>\n<meta property=\"og:type\" content=\"article\" \/>\n<meta property=\"og:title\" content=\"$4 millones de d\u00f3lares en acuerdo de abuso sexual - Sexner Injury Lawyers LLC\" \/>\n<meta property=\"og:description\" content=\"Ganamos un acuerdo de $4 millones para un menor que sufri\u00f3 abuso en el trabajo. Cont\u00e1ctenos hoy para una revisi\u00f3n de caso gratuita\" \/>\n<meta property=\"og:url\" content=\"https:\/\/chicagoinjurylawyer.net\/es\/nuestro-exito\/4-millones-de-dolares-en-acuerdo-de-abuso-sexual\/\" \/>\n<meta property=\"og:site_name\" content=\"Sexner Injury Lawyers LLC\" \/>\n<meta property=\"article:modified_time\" content=\"2024-07-19T20:52:22+00:00\" \/>\n<meta name=\"twitter:card\" content=\"summary_large_image\" \/>\n<meta name=\"twitter:label1\" content=\"Tiempo de lectura\" \/>\n\t<meta name=\"twitter:data1\" content=\"2 minutos\" \/>\n<!-- \/ Yoast SEO plugin. -->","yoast_head_json":{"title":"$4 millones de d\u00f3lares en acuerdo de abuso sexual - Sexner Injury Lawyers LLC","description":"Ganamos un acuerdo de $4 millones para un menor que sufri\u00f3 abuso en el trabajo. Cont\u00e1ctenos hoy para una revisi\u00f3n de caso gratuita","robots":{"index":"index","follow":"follow","max-snippet":"max-snippet:-1","max-image-preview":"max-image-preview:large","max-video-preview":"max-video-preview:-1"},"canonical":"https:\/\/chicagoinjurylawyer.net\/es\/nuestro-exito\/4-millones-de-dolares-en-acuerdo-de-abuso-sexual\/","og_locale":"es_ES","og_type":"article","og_title":"$4 millones de d\u00f3lares en acuerdo de abuso sexual - Sexner Injury Lawyers LLC","og_description":"Ganamos un acuerdo de $4 millones para un menor que sufri\u00f3 abuso en el trabajo. Cont\u00e1ctenos hoy para una revisi\u00f3n de caso gratuita","og_url":"https:\/\/chicagoinjurylawyer.net\/es\/nuestro-exito\/4-millones-de-dolares-en-acuerdo-de-abuso-sexual\/","og_site_name":"Sexner Injury Lawyers LLC","article_modified_time":"2024-07-19T20:52:22+00:00","twitter_card":"summary_large_image","twitter_misc":{"Tiempo de lectura":"2 minutos"},"schema":{"@context":"https:\/\/schema.org","@graph":[{"@type":"WebPage","@id":"https:\/\/chicagoinjurylawyer.net\/es\/nuestro-exito\/4-millones-de-dolares-en-acuerdo-de-abuso-sexual\/","url":"https:\/\/chicagoinjurylawyer.net\/es\/nuestro-exito\/4-millones-de-dolares-en-acuerdo-de-abuso-sexual\/","name":"$4 millones de d\u00f3lares en acuerdo de abuso sexual - Sexner Injury Lawyers LLC","isPartOf":{"@id":"https:\/\/chicagoinjurylawyer.net\/es\/#website"},"datePublished":"2024-07-19T20:51:03+00:00","dateModified":"2024-07-19T20:52:22+00:00","description":"Ganamos un acuerdo de $4 millones para un menor que sufri\u00f3 abuso en el trabajo. Cont\u00e1ctenos hoy para una revisi\u00f3n de caso gratuita","breadcrumb":{"@id":"https:\/\/chicagoinjurylawyer.net\/es\/nuestro-exito\/4-millones-de-dolares-en-acuerdo-de-abuso-sexual\/#breadcrumb"},"inLanguage":"es","potentialAction":[{"@type":"ReadAction","target":["https:\/\/chicagoinjurylawyer.net\/es\/nuestro-exito\/4-millones-de-dolares-en-acuerdo-de-abuso-sexual\/"]}]},{"@type":"BreadcrumbList","@id":"https:\/\/chicagoinjurylawyer.net\/es\/nuestro-exito\/4-millones-de-dolares-en-acuerdo-de-abuso-sexual\/#breadcrumb","itemListElement":[{"@type":"ListItem","position":1,"name":"Nuestro \u00c9xito","item":"https:\/\/chicagoinjurylawyer.net\/es\/nuestro-exito\/"},{"@type":"ListItem","position":2,"name":"$4 millones de d\u00f3lares en acuerdo de abuso sexual"}]},{"@type":"WebSite","@id":"https:\/\/chicagoinjurylawyer.net\/es\/#website","url":"https:\/\/chicagoinjurylawyer.net\/es\/","name":"Sexner Injury Lawyers LLC","description":"Chicago Personal Injury Attorneys","publisher":{"@id":"https:\/\/chicagoinjurylawyer.net\/es\/#organization"},"potentialAction":[{"@type":"SearchAction","target":{"@type":"EntryPoint","urlTemplate":"https:\/\/chicagoinjurylawyer.net\/es\/?s={search_term_string}"},"query-input":{"@type":"PropertyValueSpecification","valueRequired":true,"valueName":"search_term_string"}}],"inLanguage":"es"},{"@type":"Organization","@id":"https:\/\/chicagoinjurylawyer.net\/es\/#organization","name":"[firm-name]","url":"https:\/\/chicagoinjurylawyer.net\/es\/","logo":{"@type":"ImageObject","inLanguage":"es","@id":"https:\/\/chicagoinjurylawyer.net\/es\/#\/schema\/logo\/image\/","url":"https:\/\/chicagoinjurylawyer.net\/wp-content\/uploads\/2019\/06\/msx-logo-1.png","contentUrl":"https:\/\/chicagoinjurylawyer.net\/wp-content\/uploads\/2019\/06\/msx-logo-1.png","width":180,"height":83,"caption":"[firm-name]"},"image":{"@id":"https:\/\/chicagoinjurylawyer.net\/es\/#\/schema\/logo\/image\/"}}]}},"_links":{"self":[{"href":"https:\/\/chicagoinjurylawyer.net\/es\/wp-json\/wp\/v2\/pages\/34066","targetHints":{"allow":["GET"]}}],"collection":[{"href":"https:\/\/chicagoinjurylawyer.net\/es\/wp-json\/wp\/v2\/pages"}],"about":[{"href":"https:\/\/chicagoinjurylawyer.net\/es\/wp-json\/wp\/v2\/types\/page"}],"author":[{"embeddable":true,"href":"https:\/\/chicagoinjurylawyer.net\/es\/wp-json\/wp\/v2\/users\/1"}],"replies":[{"embeddable":true,"href":"https:\/\/chicagoinjurylawyer.net\/es\/wp-json\/wp\/v2\/comments?post=34066"}],"version-history":[{"count":4,"href":"https:\/\/chicagoinjurylawyer.net\/es\/wp-json\/wp\/v2\/pages\/34066\/revisions"}],"predecessor-version":[{"id":34396,"href":"https:\/\/chicagoinjurylawyer.net\/es\/wp-json\/wp\/v2\/pages\/34066\/revisions\/34396"}],"up":[{"embeddable":true,"href":"https:\/\/chicagoinjurylawyer.net\/es\/wp-json\/wp\/v2\/pages\/7785"}],"wp:attachment":[{"href":"https:\/\/chicagoinjurylawyer.net\/es\/wp-json\/wp\/v2\/media?parent=34066"}],"curies":[{"name":"wp","href":"https:\/\/api.w.org\/{rel}","templated":true}]}}