{"id":34149,"date":"2024-09-12T10:52:47","date_gmt":"2024-09-12T15:52:47","guid":{"rendered":"https:\/\/chicagoinjurylawyer.net\/?page_id=34149"},"modified":"2024-09-12T13:21:03","modified_gmt":"2024-09-12T18:21:03","slug":"perdida-de-los-musculos-de-las-piernas","status":"publish","type":"page","link":"https:\/\/chicagoinjurylawyer.net\/es\/nuestro-exito\/perdida-de-los-musculos-de-las-piernas\/","title":{"rendered":"Soluci\u00f3n de negligencia m\u00e9dica de $1.6 millones"},"content":{"rendered":"<h1>Soluci\u00f3n de negligencia m\u00e9dica de $1.6 millones<\/h1>\n<h2>Mala pr\u00e1ctica m\u00e9dica que resulta en la p\u00e9rdida de los m\u00fasculos de las piernas.<\/h2>\n<p>Este caso se refiere a un joven que perdi\u00f3 el uso permanente de su pierna debido al s\u00edndrome compartimental. Este s\u00edndrome es una afecci\u00f3n potencialmente mortal en la que los m\u00fasculos y nervios no reciben suficiente sangre, lo que limita la cantidad de ox\u00edgeno y nutrientes necesarios. En consecuencia, los m\u00fasculos de la pierna de este joven se atrofiaron, murieron y tuvieron que ser extirpados.<\/p>\n<p>Se interpuso una demanda a favor de este joven alegando que, inicialmente, tras sufrir una fractura en la pierna, el m\u00e9dico y el hospital no tomaron las medidas preventivas necesarias que podr\u00edan haber evitado una lesi\u00f3n tan grave. La demanda fue presentada, y justo antes de que comenzara el juicio, el m\u00e9dico y el hospital acordaron pagar la suma de $1,600,000 y as\u00ed evitar la incertidumbre de un veredicto del jurado potencialmente mayor.<\/p>\n<h2>Sobre el s\u00edndrome compartimental<\/h2>\n<p>Los m\u00fasculos residen dentro de compartimentos cubiertos por bandas fibrosas de tejido o fascias. Cuando se produce una lesi\u00f3n, la presi\u00f3n dentro de estos compartimentos puede aumentar debido al sangrado o la hinchaz\u00f3n asociada con la acumulaci\u00f3n de l\u00edquido (edema). Cuando la presi\u00f3n dentro del compartimento aumenta hasta cierto nivel, en la mayor\u00eda de las personas se produce el s\u00edndrome compartimental, lo que a su vez restringe la capacidad de la sangre para llegar adecuadamente a los nervios y m\u00fasculos. Esto se debe a que las paredes duras del compartimento no pueden expandirse y esto ocurre com\u00fanmente en los brazos, las piernas o el abdomen.<\/p>\n<p>Cuando los m\u00fasculos pierden el suministro de ox\u00edgeno requerido a trav\u00e9s de la sangre, pueden contraerse, sanar o morir, como en el caso que ejemplifica nuestra demanda por <a href=\"\/es\/negligencia-medica\/\" target=\"_blank\" rel=\"noopener\">negligencia m\u00e9dica<\/a> detallada anteriormente. Cuando se produce necrosis (<a href=\"\/es\/muerte-injusta\/\" target=\"_blank\" rel=\"noopener\">muerte<\/a> del tejido), es necesario extirpar el m\u00fasculo o, en algunos casos, <a href=\"\/es\/amputacion\/\" target=\"_blank\" rel=\"noopener\">amputar la extremidad<\/a> afectada para evitar da\u00f1os a\u00fan mayores.<\/p>\n<h2>Causas de las lesiones que desarrollan el s\u00edndrome compartimental.<\/h2>\n<p>El s\u00edndrome compartimental llamado estr\u00e9s, tiende a desarrollarse durante un periodo de d\u00edas o incluso semanas y, a menudo, es causado por el ejercicio extenuante y regular. Suele desarrollarse en el gl\u00fateo, las piernas o los muslos. Sin embargo, el s\u00edndrome agudo es mucho m\u00e1s com\u00fan y se desarrolla m\u00e1s r\u00e1pidamente, a menudo en el transcurso de unas pocas horas. La versi\u00f3n aguda casi siempre es el resultado de una lesi\u00f3n grave en si misma o, a veces, de una cirug\u00eda o el uso de yeso. Las lesiones por aplastamiento o las fracturas \u00f3seas en las que se produce una cantidad significativa de sangrado, como la rotura del c\u00fabito, el radio, el peron\u00e9 o la tibia, a menudo se asocian con el s\u00edndrome agudo.<\/p>\n<h2>Error en el diagn\u00f3stico de la lesi\u00f3n.<\/h2>\n<p>En circunstancias en las que el m\u00e9dico sabe que se ha producido una fractura \u00f3sea grave o una lesi\u00f3n por aplastamiento y el paciente se queja de que siente alta tensi\u00f3n en el miembro afectado y que tiene entumecimiento y dolor excesivos, es de suma importancia que el m\u00e9dico tome medidas inmediatas y medidas adecuadas para medir la presi\u00f3n en el interior de los compartimentos afectados. Generalmente, esto se hace revisando ciertos marcadores qu\u00edmicos, as\u00ed como midiendo la presi\u00f3n usando un dispositivo de control de presi\u00f3n conectado a una aguja que se inserta en el compartimento afectado.<\/p>\n<p><a href=\"\/es\/negligencia-medica\/diagnostico-erroneo\/\" target=\"_blank\" rel=\"noopener\">Cuando un m\u00e9dico no hace un diagn\u00f3stico<\/a> inmediato de este s\u00edndrome, el da\u00f1o a los m\u00fasculos puede ocurrir r\u00e1pidamente ya que la circulaci\u00f3n de ox\u00edgeno a trav\u00e9s de la sangre es limitada. Puede ser necesario realizar una fasciotom\u00eda de emergencia en la que el <a href=\"\/es\/negligencia-medica\/errores-quirurgicos\/\" target=\"_blank\" rel=\"noopener\">cirujano ortop\u00e9dico<\/a> abre las bandas fibrosas que rodean el m\u00fasculo, liberando as\u00ed la presi\u00f3n y permitiendo que el m\u00fasculo se hinche.<\/p>\n<p>Si cree que su m\u00e9dico no actu\u00f3 con la suficiente rapidez o no hizo nada en absoluto, lo que podr\u00eda haber causado lesiones musculares permanentes, comun\u00edquese con <a href=\"\/es\" target=\"_blank\" rel=\"noopener\">Sexner Injury Lawyers LLC<\/a> al (312) 243-9922 las veinticuatro horas del d\u00eda para obtener ayuda.<\/p>\n","protected":false},"excerpt":{"rendered":"<p>Soluci\u00f3n de negligencia m\u00e9dica de $1.6 millones Mala pr\u00e1ctica m\u00e9dica que resulta en la p\u00e9rdida de los m\u00fasculos de las piernas. Este caso se refiere a un joven que perdi\u00f3 el uso permanente de su pierna debido al s\u00edndrome compartimental. Este s\u00edndrome es una afecci\u00f3n potencialmente mortal en la que los m\u00fasculos y nervios no [&hellip;]<\/p>\n","protected":false},"author":1,"featured_media":0,"parent":7785,"menu_order":0,"comment_status":"closed","ping_status":"open","template":"","meta":{"_acf_changed":false,"footnotes":""},"class_list":["post-34149","page","type-page","status-publish","hentry"],"acf":[],"yoast_head":"<!-- This site is optimized with the Yoast SEO plugin v27.5 - https:\/\/yoast.com\/product\/yoast-seo-wordpress\/ -->\n<title>Soluci\u00f3n de negligencia m\u00e9dica de $1.6 millones - Sexner Injury Lawyers LLC<\/title>\n<meta name=\"description\" content=\"Si cree que su m\u00e9dico no actu\u00f3 con la suficiente rapidez o no hizo nada en absoluto, lo que podr\u00eda haber causado lesiones musculares permanentes, comun\u00edquese con Sexner Injury Lawyers LLC\" \/>\n<meta name=\"robots\" content=\"index, follow, max-snippet:-1, max-image-preview:large, max-video-preview:-1\" \/>\n<link rel=\"canonical\" href=\"https:\/\/chicagoinjurylawyer.net\/es\/nuestro-exito\/perdida-de-los-musculos-de-las-piernas\/\" \/>\n<meta property=\"og:locale\" content=\"es_ES\" \/>\n<meta property=\"og:type\" content=\"article\" \/>\n<meta property=\"og:title\" content=\"Soluci\u00f3n de negligencia m\u00e9dica de $1.6 millones - Sexner Injury Lawyers LLC\" \/>\n<meta property=\"og:description\" content=\"Si cree que su m\u00e9dico no actu\u00f3 con la suficiente rapidez o no hizo nada en absoluto, lo que podr\u00eda haber causado lesiones musculares permanentes, comun\u00edquese con Sexner Injury Lawyers LLC\" \/>\n<meta property=\"og:url\" content=\"https:\/\/chicagoinjurylawyer.net\/es\/nuestro-exito\/perdida-de-los-musculos-de-las-piernas\/\" \/>\n<meta property=\"og:site_name\" content=\"Sexner Injury Lawyers LLC\" \/>\n<meta property=\"article:modified_time\" content=\"2024-09-12T18:21:03+00:00\" \/>\n<meta name=\"twitter:card\" content=\"summary_large_image\" \/>\n<meta name=\"twitter:label1\" content=\"Tiempo de lectura\" \/>\n\t<meta name=\"twitter:data1\" content=\"3 minutos\" \/>\n<!-- \/ Yoast SEO plugin. -->","yoast_head_json":{"title":"Soluci\u00f3n de negligencia m\u00e9dica de $1.6 millones - Sexner Injury Lawyers LLC","description":"Si cree que su m\u00e9dico no actu\u00f3 con la suficiente rapidez o no hizo nada en absoluto, lo que podr\u00eda haber causado lesiones musculares permanentes, comun\u00edquese con Sexner Injury Lawyers LLC","robots":{"index":"index","follow":"follow","max-snippet":"max-snippet:-1","max-image-preview":"max-image-preview:large","max-video-preview":"max-video-preview:-1"},"canonical":"https:\/\/chicagoinjurylawyer.net\/es\/nuestro-exito\/perdida-de-los-musculos-de-las-piernas\/","og_locale":"es_ES","og_type":"article","og_title":"Soluci\u00f3n de negligencia m\u00e9dica de $1.6 millones - Sexner Injury Lawyers LLC","og_description":"Si cree que su m\u00e9dico no actu\u00f3 con la suficiente rapidez o no hizo nada en absoluto, lo que podr\u00eda haber causado lesiones musculares permanentes, comun\u00edquese con Sexner Injury Lawyers LLC","og_url":"https:\/\/chicagoinjurylawyer.net\/es\/nuestro-exito\/perdida-de-los-musculos-de-las-piernas\/","og_site_name":"Sexner Injury Lawyers LLC","article_modified_time":"2024-09-12T18:21:03+00:00","twitter_card":"summary_large_image","twitter_misc":{"Tiempo de lectura":"3 minutos"},"schema":{"@context":"https:\/\/schema.org","@graph":[{"@type":"WebPage","@id":"https:\/\/chicagoinjurylawyer.net\/es\/nuestro-exito\/perdida-de-los-musculos-de-las-piernas\/","url":"https:\/\/chicagoinjurylawyer.net\/es\/nuestro-exito\/perdida-de-los-musculos-de-las-piernas\/","name":"Soluci\u00f3n de negligencia m\u00e9dica de $1.6 millones - Sexner Injury Lawyers LLC","isPartOf":{"@id":"https:\/\/chicagoinjurylawyer.net\/es\/#website"},"datePublished":"2024-09-12T15:52:47+00:00","dateModified":"2024-09-12T18:21:03+00:00","description":"Si cree que su m\u00e9dico no actu\u00f3 con la suficiente rapidez o no hizo nada en absoluto, lo que podr\u00eda haber causado lesiones musculares permanentes, comun\u00edquese con [firm-name]","breadcrumb":{"@id":"https:\/\/chicagoinjurylawyer.net\/es\/nuestro-exito\/perdida-de-los-musculos-de-las-piernas\/#breadcrumb"},"inLanguage":"es","potentialAction":[{"@type":"ReadAction","target":["https:\/\/chicagoinjurylawyer.net\/es\/nuestro-exito\/perdida-de-los-musculos-de-las-piernas\/"]}]},{"@type":"BreadcrumbList","@id":"https:\/\/chicagoinjurylawyer.net\/es\/nuestro-exito\/perdida-de-los-musculos-de-las-piernas\/#breadcrumb","itemListElement":[{"@type":"ListItem","position":1,"name":"Nuestro \u00c9xito","item":"https:\/\/chicagoinjurylawyer.net\/es\/nuestro-exito\/"},{"@type":"ListItem","position":2,"name":"Soluci\u00f3n de negligencia m\u00e9dica de $1.6 millones"}]},{"@type":"WebSite","@id":"https:\/\/chicagoinjurylawyer.net\/es\/#website","url":"https:\/\/chicagoinjurylawyer.net\/es\/","name":"Sexner Injury Lawyers LLC","description":"Chicago Personal Injury Attorneys","publisher":{"@id":"https:\/\/chicagoinjurylawyer.net\/es\/#organization"},"potentialAction":[{"@type":"SearchAction","target":{"@type":"EntryPoint","urlTemplate":"https:\/\/chicagoinjurylawyer.net\/es\/?s={search_term_string}"},"query-input":{"@type":"PropertyValueSpecification","valueRequired":true,"valueName":"search_term_string"}}],"inLanguage":"es"},{"@type":"Organization","@id":"https:\/\/chicagoinjurylawyer.net\/es\/#organization","name":"[firm-name]","url":"https:\/\/chicagoinjurylawyer.net\/es\/","logo":{"@type":"ImageObject","inLanguage":"es","@id":"https:\/\/chicagoinjurylawyer.net\/es\/#\/schema\/logo\/image\/","url":"https:\/\/chicagoinjurylawyer.net\/wp-content\/uploads\/2019\/06\/msx-logo-1.png","contentUrl":"https:\/\/chicagoinjurylawyer.net\/wp-content\/uploads\/2019\/06\/msx-logo-1.png","width":180,"height":83,"caption":"[firm-name]"},"image":{"@id":"https:\/\/chicagoinjurylawyer.net\/es\/#\/schema\/logo\/image\/"}}]}},"_links":{"self":[{"href":"https:\/\/chicagoinjurylawyer.net\/es\/wp-json\/wp\/v2\/pages\/34149","targetHints":{"allow":["GET"]}}],"collection":[{"href":"https:\/\/chicagoinjurylawyer.net\/es\/wp-json\/wp\/v2\/pages"}],"about":[{"href":"https:\/\/chicagoinjurylawyer.net\/es\/wp-json\/wp\/v2\/types\/page"}],"author":[{"embeddable":true,"href":"https:\/\/chicagoinjurylawyer.net\/es\/wp-json\/wp\/v2\/users\/1"}],"replies":[{"embeddable":true,"href":"https:\/\/chicagoinjurylawyer.net\/es\/wp-json\/wp\/v2\/comments?post=34149"}],"version-history":[{"count":2,"href":"https:\/\/chicagoinjurylawyer.net\/es\/wp-json\/wp\/v2\/pages\/34149\/revisions"}],"predecessor-version":[{"id":34394,"href":"https:\/\/chicagoinjurylawyer.net\/es\/wp-json\/wp\/v2\/pages\/34149\/revisions\/34394"}],"up":[{"embeddable":true,"href":"https:\/\/chicagoinjurylawyer.net\/es\/wp-json\/wp\/v2\/pages\/7785"}],"wp:attachment":[{"href":"https:\/\/chicagoinjurylawyer.net\/es\/wp-json\/wp\/v2\/media?parent=34149"}],"curies":[{"name":"wp","href":"https:\/\/api.w.org\/{rel}","templated":true}]}}